{"id":629,"date":"2024-08-12T22:19:42","date_gmt":"2024-08-13T01:19:42","guid":{"rendered":"https:\/\/www.alfaterm.com.br\/?page_id=629"},"modified":"2024-08-23T15:27:21","modified_gmt":"2024-08-23T18:27:21","slug":"enchimento-de-contato-recheio","status":"publish","type":"page","link":"https:\/\/www.alfaterm.com.br\/es\/llenados-de-contacto\/","title":{"rendered":"El relleno de contacto y \/ o relleno de la empanada"},"content":{"rendered":"<div data-elementor-type=\"wp-page\" data-elementor-id=\"629\" class=\"elementor elementor-629\" data-elementor-post-type=\"page\">\n\t\t\t\t<div class=\"elementor-element elementor-element-e870170 e-flex e-con-boxed e-con e-parent\" data-id=\"e870170\" data-element_type=\"container\" data-settings=\"{&quot;background_background&quot;:&quot;classic&quot;}\">\n\t\t\t\t\t<div class=\"e-con-inner\">\n\t\t\t\t\t<\/div>\n\t\t\t\t<\/div>\n\t\t<div class=\"elementor-element elementor-element-8a6151e e-flex e-con-boxed e-con e-parent\" data-id=\"8a6151e\" data-element_type=\"container\">\n\t\t\t\t\t<div class=\"e-con-inner\">\n\t\t<div class=\"elementor-element elementor-element-a4d6ab7 e-con-full e-flex e-con e-child\" data-id=\"a4d6ab7\" data-element_type=\"container\">\n\t\t<div class=\"elementor-element elementor-element-f36bf3b e-con-full e-flex e-con e-child\" data-id=\"f36bf3b\" data-element_type=\"container\" data-settings=\"{&quot;background_background&quot;:&quot;classic&quot;}\">\n\t\t\t\t<div class=\"elementor-element elementor-element-6eaa827 elementor-widget elementor-widget-text-editor\" data-id=\"6eaa827\" data-element_type=\"widget\" data-widget_type=\"text-editor.default\">\n\t\t\t\t<div class=\"elementor-widget-container\">\n\t\t\t<style>\/*! elementor - v3.23.0 - 05-08-2024 *\/\n.elementor-widget-text-editor.elementor-drop-cap-view-stacked .elementor-drop-cap{background-color:#69727d;color:#fff}.elementor-widget-text-editor.elementor-drop-cap-view-framed .elementor-drop-cap{color:#69727d;border:3px solid;background-color:transparent}.elementor-widget-text-editor:not(.elementor-drop-cap-view-default) .elementor-drop-cap{margin-top:8px}.elementor-widget-text-editor:not(.elementor-drop-cap-view-default) .elementor-drop-cap-letter{width:1em;height:1em}.elementor-widget-text-editor .elementor-drop-cap{float:left;text-align:center;line-height:1;font-size:50px}.elementor-widget-text-editor .elementor-drop-cap-letter{display:inline-block}<\/style>\t\t\t\t<p>La ALFATERM emplea la m\u00e1s alta tecnolog\u00eda para la fabricaci\u00f3n de partes y piezas de las torres de enfriamiento de agua mediante el uso de componentes de alta tecnolog\u00eda con un mayor rendimiento y una materia prima excelente para el fin de garantizar la m\u00e1xima resistencia y durabilidad.<\/p><p>Las almohadillas de contacto con el relleno que reciben de las boquillas de riego, la distribuci\u00f3n de la agua caliente del proceso, y el papel de aumentar la superficie de contacto con el aire, el fr\u00edo, la eliminaci\u00f3n del calor del agua, que se fabrican de acuerdo a la temperatura ambiente y de la caracter\u00edstica del agua.<\/p><p>Los tipos disponibles son los siguientes:<br \/>* BG (Bloques de Gradas en forma de ondas cruzadas en el PP, el PP antiflama V-0, PP antiflama, la V-2, que utiliza el agua, con un m\u00e1ximo de 120 ppm;<br \/>* BRT (las Barras de Energ\u00eda de Tubos en el PP, el PP antiflama V-0, PP antiflama;<br \/>* El V-2, a prueba de agua con altos niveles de s\u00f3lidos en suspensi\u00f3n en los r\u00edos;<br \/>* PARTE (los Bloques de la Pel\u00edcula en forma de panal de abeja) de PVC, que se aplica s\u00f3lo en las aguas de limpieza y<br \/>* RT (Barras de Energ\u00eda con un perfil de Curva en el PP o PVC<br \/>* BRR (Bandeja de alimentaci\u00f3n de Energ\u00eda rectangular en el PP.<\/p>\t\t\t\t\t\t<\/div>\n\t\t\t\t<\/div>\n\t\t\t\t<\/div>\n\t\t\t\t<div class=\"elementor-element elementor-element-f2caccd elementor-arrows-position-outside elementor-widget__width-initial elementor-widget elementor-widget-image-carousel\" data-id=\"f2caccd\" data-element_type=\"widget\" data-settings=\"{&quot;slides_to_show&quot;:&quot;1&quot;,&quot;navigation&quot;:&quot;arrows&quot;,&quot;autoplay&quot;:&quot;yes&quot;,&quot;pause_on_hover&quot;:&quot;yes&quot;,&quot;pause_on_interaction&quot;:&quot;yes&quot;,&quot;autoplay_speed&quot;:5000,&quot;infinite&quot;:&quot;yes&quot;,&quot;effect&quot;:&quot;slide&quot;,&quot;speed&quot;:500}\" data-widget_type=\"image-carousel.default\">\n\t\t\t\t<div class=\"elementor-widget-container\">\n\t\t\t<style>\/*! elementor - v3.23.0 - 05-08-2024 *\/\n.elementor-widget-image-carousel .swiper,.elementor-widget-image-carousel .swiper-container{position:static}.elementor-widget-image-carousel .swiper-container .swiper-slide figure,.elementor-widget-image-carousel .swiper .swiper-slide figure{line-height:inherit}.elementor-widget-image-carousel .swiper-slide{text-align:center}.elementor-image-carousel-wrapper:not(.swiper-container-initialized):not(.swiper-initialized) .swiper-slide{max-width:calc(100% \/ var(--e-image-carousel-slides-to-show, 3))}<\/style>\t\t<div class=\"elementor-image-carousel-wrapper swiper\" dir=\"ltr\">\n\t\t\t<div class=\"elementor-image-carousel swiper-wrapper\" aria-live=\"off\">\n\t\t\t\t\t\t\t\t<div class=\"swiper-slide\" role=\"group\" aria-roledescription=\"slide\" aria-label=\"1 de 5\"><figure class=\"swiper-slide-inner\"><img decoding=\"async\" class=\"swiper-slide-image\" src=\"https:\/\/www.alfaterm.com.br\/wp-content\/uploads\/2024\/08\/enchimentos-de-contato-recheio-para-torres-de-resfriamento-de-agua-4.webp\" alt=\"almohadillas de contacto con el relleno de las torres de enfriamiento de agua-4\" \/><\/figure><\/div><div class=\"swiper-slide\" role=\"group\" aria-roledescription=\"slide\" aria-label=\"2 de 5\"><figure class=\"swiper-slide-inner\"><img decoding=\"async\" class=\"swiper-slide-image\" src=\"https:\/\/www.alfaterm.com.br\/wp-content\/uploads\/2024\/08\/enchimentos-de-contato-recheio-para-torres-de-resfriamento-de-agua-0.webp\" alt=\"almohadillas de contacto con el relleno de las torres de enfriamiento de agua a 0\" \/><\/figure><\/div><div class=\"swiper-slide\" role=\"group\" aria-roledescription=\"slide\" aria-label=\"3 de 5\"><figure class=\"swiper-slide-inner\"><img decoding=\"async\" class=\"swiper-slide-image\" src=\"https:\/\/www.alfaterm.com.br\/wp-content\/uploads\/2024\/08\/enchimentos-de-contato-recheio-para-torres-de-resfriamento-de-agua-1.webp\" alt=\"almohadillas de contacto con el relleno de las torres de enfriamiento de agua-1\" \/><\/figure><\/div><div class=\"swiper-slide\" role=\"group\" aria-roledescription=\"slide\" aria-label=\"4 de 5\"><figure class=\"swiper-slide-inner\"><img decoding=\"async\" class=\"swiper-slide-image\" src=\"https:\/\/www.alfaterm.com.br\/wp-content\/uploads\/2024\/08\/enchimentos-de-contato-recheio-para-torres-de-resfriamento-de-agua-2.webp\" alt=\"almohadillas de contacto con el relleno de las torres de enfriamiento de agua-2\" \/><\/figure><\/div><div class=\"swiper-slide\" role=\"group\" aria-roledescription=\"slide\" aria-label=\"5 de 5\"><figure class=\"swiper-slide-inner\"><img decoding=\"async\" class=\"swiper-slide-image\" src=\"https:\/\/www.alfaterm.com.br\/wp-content\/uploads\/2024\/08\/enchimentos-de-contato-recheio-para-torres-de-resfriamento-de-agua-3.webp\" alt=\"almohadillas de contacto con el relleno de las torres de enfriamiento de agua-3\" \/><\/figure><\/div>\t\t\t<\/div>\n\t\t\t\t\t\t\t\t\t\t\t\t<div class=\"elementor-swiper-button elementor-swiper-button-prev\" role=\"button\" tabindex=\"0\">\n\t\t\t\t\t\t<svg aria-hidden=\"true\" class=\"e-font-icon-svg e-eicon-chevron-left\" viewbox=\"0 0 1000 1000\" xmlns=\"http:\/\/www.w3.org\/2000\/svg\"><path d=\"M646 125C629 125 613 133 604 142L308 442C296 454 292 471 292 487 292 504 296 521 308 533L604 854C617 867 629 875 646 875 663 875 679 871 692 858 704 846 713 829 713 812 713 796 708 779 692 767L438 487 692 225C700 217 708 204 708 187 708 171 704 154 692 142 675 129 663 125 646 125Z\"><\/path><\/svg>\t\t\t\t\t<\/div>\n\t\t\t\t\t<div class=\"elementor-swiper-button elementor-swiper-button-next\" role=\"button\" tabindex=\"0\">\n\t\t\t\t\t\t<svg aria-hidden=\"true\" class=\"e-font-icon-svg e-eicon-chevron-right\" viewbox=\"0 0 1000 1000\" xmlns=\"http:\/\/www.w3.org\/2000\/svg\"><path d=\"M696 533C708 521 713 504 713 487 713 471 708 454 696 446L400 146C388 133 375 125 354 125 338 125 325 129 313 142 300 154 292 171 292 187 292 204 296 221 308 233L563 492 304 771C292 783 288 800 288 817 288 833 296 850 308 863 321 871 338 875 354 875 371 875 388 867 400 854L696 533Z\"><\/path><\/svg>\t\t\t\t\t<\/div>\n\t\t\t\t\n\t\t\t\t\t\t\t\t\t<\/div>\n\t\t\t\t<\/div>\n\t\t\t\t<\/div>\n\t\t\t\t<\/div>\n\t\t\t\t\t<\/div>\n\t\t\t\t<\/div>\n\t\t<div class=\"elementor-element elementor-element-45bf97f e-grid e-con-boxed e-con e-parent\" data-id=\"45bf97f\" data-element_type=\"container\">\n\t\t\t\t\t<div class=\"e-con-inner\">\n\t\t<div class=\"elementor-element elementor-element-db161ba e-con-full e-flex e-con e-child\" data-id=\"db161ba\" data-element_type=\"container\">\n\t\t\t\t<div class=\"elementor-element elementor-element-eb1fc0e elementor-widget elementor-widget-heading\" data-id=\"eb1fc0e\" data-element_type=\"widget\" data-widget_type=\"heading.default\">\n\t\t\t\t<div class=\"elementor-widget-container\">\n\t\t\t<style>\/*! elementor - v3.23.0 - 05-08-2024 *\/\n.elementor-heading-title{padding:0;margin:0;line-height:1}.elementor-widget-heading .elementor-heading-title[class*=elementor-size-]>a{color:inherit;font-size:inherit;line-height:inherit}.elementor-widget-heading .elementor-heading-title.elementor-size-small{font-size:15px}.elementor-widget-heading .elementor-heading-title.elementor-size-medium{font-size:19px}.elementor-widget-heading .elementor-heading-title.elementor-size-large{font-size:29px}.elementor-widget-heading .elementor-heading-title.elementor-size-xl{font-size:39px}.elementor-widget-heading .elementor-heading-title.elementor-size-xxl{font-size:59px}<\/style><h2 class=\"elementor-heading-title elementor-size-default\">El Tipo de BG<\/h2>\t\t<\/div>\n\t\t\t\t<\/div>\n\t\t\t\t<div class=\"elementor-element elementor-element-f60fdf8 elementor-widget elementor-widget-text-editor\" data-id=\"f60fdf8\" data-element_type=\"widget\" data-widget_type=\"text-editor.default\">\n\t\t\t\t<div class=\"elementor-widget-container\">\n\t\t\t\t\t\t\t<p>El Tipo de BG (Bloques de Gradas en forma de ondas cruzadas en el PP hasta en un 85\u00b0C (de PVC de hasta 55\u00b0C), que utiliza el agua, con un m\u00e1ximo de 120 ppm (partes por mill\u00f3n).<\/p>\t\t\t\t\t\t<\/div>\n\t\t\t\t<\/div>\n\t\t\t\t<\/div>\n\t\t<div class=\"elementor-element elementor-element-c7eb81b e-con-full e-flex e-con e-child\" data-id=\"c7eb81b\" data-element_type=\"container\">\n\t\t\t\t<div class=\"elementor-element elementor-element-5b2684d elementor-widget elementor-widget-heading\" data-id=\"5b2684d\" data-element_type=\"widget\" data-widget_type=\"heading.default\">\n\t\t\t\t<div class=\"elementor-widget-container\">\n\t\t\t<h2 class=\"elementor-heading-title elementor-size-default\">El Tipo BRT<\/h2>\t\t<\/div>\n\t\t\t\t<\/div>\n\t\t\t\t<div class=\"elementor-element elementor-element-7e164dc elementor-widget elementor-widget-text-editor\" data-id=\"7e164dc\" data-element_type=\"widget\" data-widget_type=\"text-editor.default\">\n\t\t\t\t<div class=\"elementor-widget-container\">\n\t\t\t\t\t\t\t<p>El Tipo BRT (las Barras de Energ\u00eda de Tubos en el PP hasta en un 85\u00b0C (de PVC de hasta 55\u00b0C, resistente al agua, con alta concentraci\u00f3n de ppm (partes por mill\u00f3n).<\/p>\t\t\t\t\t\t<\/div>\n\t\t\t\t<\/div>\n\t\t\t\t<\/div>\n\t\t<div class=\"elementor-element elementor-element-b4fbb32 e-con-full e-flex e-con e-child\" data-id=\"b4fbb32\" data-element_type=\"container\">\n\t\t\t\t<div class=\"elementor-element elementor-element-acb22cc elementor-widget elementor-widget-heading\" data-id=\"acb22cc\" data-element_type=\"widget\" data-widget_type=\"heading.default\">\n\t\t\t\t<div class=\"elementor-widget-container\">\n\t\t\t<h2 class=\"elementor-heading-title elementor-size-default\">Tipo BF<\/h2>\t\t<\/div>\n\t\t\t\t<\/div>\n\t\t\t\t<div class=\"elementor-element elementor-element-dfec718 elementor-widget elementor-widget-text-editor\" data-id=\"dfec718\" data-element_type=\"widget\" data-widget_type=\"text-editor.default\">\n\t\t\t\t<div class=\"elementor-widget-container\">\n\t\t\t\t\t\t\t<p>Tipo BF (los Bloques de la Pel\u00edcula en forma de panal de abeja) de PVC de hasta 55\u00b0C, se puede aplicar s\u00f3lo en las aguas de lavado.<\/p>\t\t\t\t\t\t<\/div>\n\t\t\t\t<\/div>\n\t\t\t\t<\/div>\n\t\t<div class=\"elementor-element elementor-element-4714f13 e-con-full e-flex e-con e-child\" data-id=\"4714f13\" data-element_type=\"container\">\n\t\t\t\t<div class=\"elementor-element elementor-element-936859e elementor-widget elementor-widget-heading\" data-id=\"936859e\" data-element_type=\"widget\" data-widget_type=\"heading.default\">\n\t\t\t\t<div class=\"elementor-widget-container\">\n\t\t\t<h2 class=\"elementor-heading-title elementor-size-default\">El Tipo RT<\/h2>\t\t<\/div>\n\t\t\t\t<\/div>\n\t\t\t\t<div class=\"elementor-element elementor-element-8222d4a elementor-widget elementor-widget-text-editor\" data-id=\"8222d4a\" data-element_type=\"widget\" data-widget_type=\"text-editor.default\">\n\t\t\t\t<div class=\"elementor-widget-container\">\n\t\t\t\t\t\t\t<p>Tipo de RT (Barras de Energ\u00eda en forma de L\u00e1minas Triangulares en el PP hasta en un 85\u00b0C (de PVC de hasta 55\u00b0C.<\/p>\t\t\t\t\t\t<\/div>\n\t\t\t\t<\/div>\n\t\t\t\t<\/div>\n\t\t<div class=\"elementor-element elementor-element-68d8256 e-con-full e-flex e-con e-child\" data-id=\"68d8256\" data-element_type=\"container\">\n\t\t\t\t<div class=\"elementor-element elementor-element-aace273 elementor-widget elementor-widget-heading\" data-id=\"aace273\" data-element_type=\"widget\" data-widget_type=\"heading.default\">\n\t\t\t\t<div class=\"elementor-widget-container\">\n\t\t\t<h2 class=\"elementor-heading-title elementor-size-default\">Tipo de BRR<\/h2>\t\t<\/div>\n\t\t\t\t<\/div>\n\t\t\t\t<div class=\"elementor-element elementor-element-74c6bd6 elementor-widget elementor-widget-text-editor\" data-id=\"74c6bd6\" data-element_type=\"widget\" data-widget_type=\"text-editor.default\">\n\t\t\t\t<div class=\"elementor-widget-container\">\n\t\t\t\t\t\t\t<p>El Tipo BRR (Barras de Energ\u00eda Rectangulares en forma de bandeja en el PP hasta los 85\u00b0C.<\/p>\t\t\t\t\t\t<\/div>\n\t\t\t\t<\/div>\n\t\t\t\t<\/div>\n\t\t\t\t\t<\/div>\n\t\t\t\t<\/div>\n\t\t<div class=\"elementor-element elementor-element-aef5bc1 e-flex e-con-boxed e-con e-parent\" data-id=\"aef5bc1\" data-element_type=\"container\" data-settings=\"{&quot;background_background&quot;:&quot;gradient&quot;}\">\n\t\t\t\t\t<div class=\"e-con-inner\">\n\t\t<div class=\"elementor-element elementor-element-fb82f64 e-con-full e-flex e-con e-child\" data-id=\"fb82f64\" data-element_type=\"container\">\n\t\t\t\t<div class=\"elementor-element elementor-element-fd18d35 elementor-widget elementor-widget-heading\" data-id=\"fd18d35\" data-element_type=\"widget\" data-widget_type=\"heading.default\">\n\t\t\t\t<div class=\"elementor-widget-container\">\n\t\t\t<h2 class=\"elementor-heading-title elementor-size-default\">Contacte nos<\/h2>\t\t<\/div>\n\t\t\t\t<\/div>\n\t\t\t\t<div class=\"elementor-element elementor-element-2379ec4 elementor-widget elementor-widget-text-editor\" data-id=\"2379ec4\" data-element_type=\"widget\" data-widget_type=\"text-editor.default\">\n\t\t\t\t<div class=\"elementor-widget-container\">\n\t\t\t\t\t\t\t<p>Hable con nosotros sobre sus necesidades.<\/p>\t\t\t\t\t\t<\/div>\n\t\t\t\t<\/div>\n\t\t\t\t<\/div>\n\t\t<div class=\"elementor-element elementor-element-b4469cd e-con-full e-flex e-con e-child\" data-id=\"b4469cd\" data-element_type=\"container\">\n\t\t\t\t<div class=\"elementor-element elementor-element-c091b0c elementor-align-justify elementor-widget elementor-widget-button\" data-id=\"c091b0c\" data-element_type=\"widget\" data-widget_type=\"button.default\">\n\t\t\t\t<div class=\"elementor-widget-container\">\n\t\t\t\t\t<div class=\"elementor-button-wrapper\">\n\t\t\t<a class=\"elementor-button elementor-button-link elementor-size-sm\" href=\"https:\/\/www.alfaterm.com.br\/es\/contacto\/\">\n\t\t\t\t\t\t<span class=\"elementor-button-content-wrapper\">\n\t\t\t\t\t\t\t\t\t<span class=\"elementor-button-text\">Contacte nos<\/span>\n\t\t\t\t\t<\/span>\n\t\t\t\t\t<\/a>\n\t\t<\/div>\n\t\t\t\t<\/div>\n\t\t\t\t<\/div>\n\t\t\t\t<\/div>\n\t\t\t\t\t<\/div>\n\t\t\t\t<\/div>\n\t\t\t\t<\/div>","protected":false},"excerpt":{"rendered":"<p>A ALFATERM emprega alta tecnologia na fabrica\u00e7\u00e3o de partes e pe\u00e7as de suas torres de resfriamento de \u00e1gua,\u00a0utilizando componentes de ponta com maior desempenho e mat\u00e9rias-primas excelentes para garantir a m\u00e1xima resist\u00eancia e durabilidade. Os enchimentos de contato recheio recebem dos bicos aspersores a distribui\u00e7\u00e3o da \u00e1gua quente do processo,\u00a0e t\u00eam o papel de aumentar [&hellip;]<\/p>","protected":false},"author":1,"featured_media":0,"parent":0,"menu_order":0,"comment_status":"closed","ping_status":"closed","template":"","meta":{"_acf_changed":false,"_joinchat":[],"footnotes":""},"class_list":["post-629","page","type-page","status-publish","hentry"],"acf":[],"yoast_head":"<!-- This site is optimized with the Yoast SEO Premium plugin v23.4 (Yoast SEO v27.1.1) - https:\/\/yoast.com\/product\/yoast-seo-premium-wordpress\/ -->\n<title>Enchimento de contato \/ recheio - Bem-vindo \u00e0 ALFATERM<\/title>\n<meta name=\"robots\" content=\"index, follow, max-snippet:-1, max-image-preview:large, max-video-preview:-1\" \/>\n<link rel=\"canonical\" href=\"https:\/\/www.alfaterm.com.br\/es\/llenados-de-contacto\/\" \/>\n<meta property=\"og:locale\" content=\"es_ES\" \/>\n<meta property=\"og:type\" content=\"article\" \/>\n<meta property=\"og:title\" content=\"Enchimento de contato \/ recheio\" \/>\n<meta property=\"og:description\" content=\"A ALFATERM emprega alta tecnologia na fabrica\u00e7\u00e3o de partes e pe\u00e7as de suas torres de resfriamento de \u00e1gua,\u00a0utilizando componentes de ponta com maior desempenho e mat\u00e9rias-primas excelentes para garantir a m\u00e1xima resist\u00eancia e durabilidade. Os enchimentos de contato recheio recebem dos bicos aspersores a distribui\u00e7\u00e3o da \u00e1gua quente do processo,\u00a0e t\u00eam o papel de aumentar [&hellip;]\" \/>\n<meta property=\"og:url\" content=\"https:\/\/www.alfaterm.com.br\/es\/llenados-de-contacto\/\" \/>\n<meta property=\"og:site_name\" content=\"Bem-vindo \u00e0 ALFATERM\" \/>\n<meta property=\"article:modified_time\" content=\"2024-08-23T18:27:21+00:00\" \/>\n<meta property=\"og:image\" content=\"https:\/\/www.alfaterm.com.br\/wp-content\/uploads\/2024\/08\/enchimentos-de-contato-recheio-para-torres-de-resfriamento-de-agua-4.webp\" \/>\n<meta name=\"twitter:card\" content=\"summary_large_image\" \/>\n<meta name=\"twitter:label1\" content=\"Tiempo de lectura\" \/>\n\t<meta name=\"twitter:data1\" content=\"2 minutos\" \/>\n<script type=\"application\/ld+json\" class=\"yoast-schema-graph\">{\"@context\":\"https:\/\/schema.org\",\"@graph\":[{\"@type\":\"WebPage\",\"@id\":\"https:\/\/www.alfaterm.com.br\/enchimento-de-contato-recheio\/\",\"url\":\"https:\/\/www.alfaterm.com.br\/enchimento-de-contato-recheio\/\",\"name\":\"Enchimento de contato \/ recheio - Bem-vindo \u00e0 ALFATERM\",\"isPartOf\":{\"@id\":\"https:\/\/www.alfaterm.com.br\/#website\"},\"primaryImageOfPage\":{\"@id\":\"https:\/\/www.alfaterm.com.br\/enchimento-de-contato-recheio\/#primaryimage\"},\"image\":{\"@id\":\"https:\/\/www.alfaterm.com.br\/enchimento-de-contato-recheio\/#primaryimage\"},\"thumbnailUrl\":\"https:\/\/www.alfaterm.com.br\/wp-content\/uploads\/2024\/08\/enchimentos-de-contato-recheio-para-torres-de-resfriamento-de-agua-4.webp\",\"datePublished\":\"2024-08-13T01:19:42+00:00\",\"dateModified\":\"2024-08-23T18:27:21+00:00\",\"breadcrumb\":{\"@id\":\"https:\/\/www.alfaterm.com.br\/enchimento-de-contato-recheio\/#breadcrumb\"},\"inLanguage\":\"es\",\"potentialAction\":[{\"@type\":\"ReadAction\",\"target\":[\"https:\/\/www.alfaterm.com.br\/enchimento-de-contato-recheio\/\"]}]},{\"@type\":\"ImageObject\",\"inLanguage\":\"es\",\"@id\":\"https:\/\/www.alfaterm.com.br\/enchimento-de-contato-recheio\/#primaryimage\",\"url\":\"https:\/\/www.alfaterm.com.br\/wp-content\/uploads\/2024\/08\/enchimentos-de-contato-recheio-para-torres-de-resfriamento-de-agua-4.webp\",\"contentUrl\":\"https:\/\/www.alfaterm.com.br\/wp-content\/uploads\/2024\/08\/enchimentos-de-contato-recheio-para-torres-de-resfriamento-de-agua-4.webp\"},{\"@type\":\"BreadcrumbList\",\"@id\":\"https:\/\/www.alfaterm.com.br\/enchimento-de-contato-recheio\/#breadcrumb\",\"itemListElement\":[{\"@type\":\"ListItem\",\"position\":1,\"name\":\"Home\",\"item\":\"https:\/\/www.alfaterm.com.br\/\"},{\"@type\":\"ListItem\",\"position\":2,\"name\":\"Enchimento de contato \/ recheio\"}]},{\"@type\":\"WebSite\",\"@id\":\"https:\/\/www.alfaterm.com.br\/#website\",\"url\":\"https:\/\/www.alfaterm.com.br\/\",\"name\":\"Bem-vindo \u00e0 ALFATERM\",\"description\":\"\",\"publisher\":{\"@id\":\"https:\/\/www.alfaterm.com.br\/#organization\"},\"potentialAction\":[{\"@type\":\"SearchAction\",\"target\":{\"@type\":\"EntryPoint\",\"urlTemplate\":\"https:\/\/www.alfaterm.com.br\/?s={search_term_string}\"},\"query-input\":{\"@type\":\"PropertyValueSpecification\",\"valueRequired\":true,\"valueName\":\"search_term_string\"}}],\"inLanguage\":\"es\"},{\"@type\":\"Organization\",\"@id\":\"https:\/\/www.alfaterm.com.br\/#organization\",\"name\":\"Bem-vindo \u00e0 ALFATERM\",\"url\":\"https:\/\/www.alfaterm.com.br\/\",\"logo\":{\"@type\":\"ImageObject\",\"inLanguage\":\"es\",\"@id\":\"https:\/\/www.alfaterm.com.br\/#\/schema\/logo\/image\/\",\"url\":\"https:\/\/www.alfaterm.com.br\/wp-content\/uploads\/2024\/07\/logo-alfaterm.png\",\"contentUrl\":\"https:\/\/www.alfaterm.com.br\/wp-content\/uploads\/2024\/07\/logo-alfaterm.png\",\"width\":393,\"height\":45,\"caption\":\"Bem-vindo \u00e0 ALFATERM\"},\"image\":{\"@id\":\"https:\/\/www.alfaterm.com.br\/#\/schema\/logo\/image\/\"}}]}<\/script>\n<!-- \/ Yoast SEO Premium plugin. -->","yoast_head_json":{"title":"Enchimento de contato \/ recheio - Bem-vindo \u00e0 ALFATERM","robots":{"index":"index","follow":"follow","max-snippet":"max-snippet:-1","max-image-preview":"max-image-preview:large","max-video-preview":"max-video-preview:-1"},"canonical":"https:\/\/www.alfaterm.com.br\/es\/llenados-de-contacto\/","og_locale":"es_ES","og_type":"article","og_title":"Enchimento de contato \/ recheio","og_description":"A ALFATERM emprega alta tecnologia na fabrica\u00e7\u00e3o de partes e pe\u00e7as de suas torres de resfriamento de \u00e1gua,\u00a0utilizando componentes de ponta com maior desempenho e mat\u00e9rias-primas excelentes para garantir a m\u00e1xima resist\u00eancia e durabilidade. Os enchimentos de contato recheio recebem dos bicos aspersores a distribui\u00e7\u00e3o da \u00e1gua quente do processo,\u00a0e t\u00eam o papel de aumentar [&hellip;]","og_url":"https:\/\/www.alfaterm.com.br\/es\/llenados-de-contacto\/","og_site_name":"Bem-vindo \u00e0 ALFATERM","article_modified_time":"2024-08-23T18:27:21+00:00","og_image":[{"url":"https:\/\/www.alfaterm.com.br\/wp-content\/uploads\/2024\/08\/enchimentos-de-contato-recheio-para-torres-de-resfriamento-de-agua-4.webp","type":"","width":"","height":""}],"twitter_card":"summary_large_image","twitter_misc":{"Tiempo de lectura":"2 minutos"},"schema":{"@context":"https:\/\/schema.org","@graph":[{"@type":"WebPage","@id":"https:\/\/www.alfaterm.com.br\/enchimento-de-contato-recheio\/","url":"https:\/\/www.alfaterm.com.br\/enchimento-de-contato-recheio\/","name":"Enchimento de contato \/ recheio - Bem-vindo \u00e0 ALFATERM","isPartOf":{"@id":"https:\/\/www.alfaterm.com.br\/#website"},"primaryImageOfPage":{"@id":"https:\/\/www.alfaterm.com.br\/enchimento-de-contato-recheio\/#primaryimage"},"image":{"@id":"https:\/\/www.alfaterm.com.br\/enchimento-de-contato-recheio\/#primaryimage"},"thumbnailUrl":"https:\/\/www.alfaterm.com.br\/wp-content\/uploads\/2024\/08\/enchimentos-de-contato-recheio-para-torres-de-resfriamento-de-agua-4.webp","datePublished":"2024-08-13T01:19:42+00:00","dateModified":"2024-08-23T18:27:21+00:00","breadcrumb":{"@id":"https:\/\/www.alfaterm.com.br\/enchimento-de-contato-recheio\/#breadcrumb"},"inLanguage":"es","potentialAction":[{"@type":"ReadAction","target":["https:\/\/www.alfaterm.com.br\/enchimento-de-contato-recheio\/"]}]},{"@type":"ImageObject","inLanguage":"es","@id":"https:\/\/www.alfaterm.com.br\/enchimento-de-contato-recheio\/#primaryimage","url":"https:\/\/www.alfaterm.com.br\/wp-content\/uploads\/2024\/08\/enchimentos-de-contato-recheio-para-torres-de-resfriamento-de-agua-4.webp","contentUrl":"https:\/\/www.alfaterm.com.br\/wp-content\/uploads\/2024\/08\/enchimentos-de-contato-recheio-para-torres-de-resfriamento-de-agua-4.webp"},{"@type":"BreadcrumbList","@id":"https:\/\/www.alfaterm.com.br\/enchimento-de-contato-recheio\/#breadcrumb","itemListElement":[{"@type":"ListItem","position":1,"name":"Home","item":"https:\/\/www.alfaterm.com.br\/"},{"@type":"ListItem","position":2,"name":"Enchimento de contato \/ recheio"}]},{"@type":"WebSite","@id":"https:\/\/www.alfaterm.com.br\/#website","url":"https:\/\/www.alfaterm.com.br\/","name":"Bem-vindo \u00e0 ALFATERM","description":"","publisher":{"@id":"https:\/\/www.alfaterm.com.br\/#organization"},"potentialAction":[{"@type":"SearchAction","target":{"@type":"EntryPoint","urlTemplate":"https:\/\/www.alfaterm.com.br\/?s={search_term_string}"},"query-input":{"@type":"PropertyValueSpecification","valueRequired":true,"valueName":"search_term_string"}}],"inLanguage":"es"},{"@type":"Organization","@id":"https:\/\/www.alfaterm.com.br\/#organization","name":"Bem-vindo \u00e0 ALFATERM","url":"https:\/\/www.alfaterm.com.br\/","logo":{"@type":"ImageObject","inLanguage":"es","@id":"https:\/\/www.alfaterm.com.br\/#\/schema\/logo\/image\/","url":"https:\/\/www.alfaterm.com.br\/wp-content\/uploads\/2024\/07\/logo-alfaterm.png","contentUrl":"https:\/\/www.alfaterm.com.br\/wp-content\/uploads\/2024\/07\/logo-alfaterm.png","width":393,"height":45,"caption":"Bem-vindo \u00e0 ALFATERM"},"image":{"@id":"https:\/\/www.alfaterm.com.br\/#\/schema\/logo\/image\/"}}]}},"_links":{"self":[{"href":"https:\/\/www.alfaterm.com.br\/es\/wp-json\/wp\/v2\/pages\/629","targetHints":{"allow":["GET"]}}],"collection":[{"href":"https:\/\/www.alfaterm.com.br\/es\/wp-json\/wp\/v2\/pages"}],"about":[{"href":"https:\/\/www.alfaterm.com.br\/es\/wp-json\/wp\/v2\/types\/page"}],"author":[{"embeddable":true,"href":"https:\/\/www.alfaterm.com.br\/es\/wp-json\/wp\/v2\/users\/1"}],"replies":[{"embeddable":true,"href":"https:\/\/www.alfaterm.com.br\/es\/wp-json\/wp\/v2\/comments?post=629"}],"version-history":[{"count":0,"href":"https:\/\/www.alfaterm.com.br\/es\/wp-json\/wp\/v2\/pages\/629\/revisions"}],"wp:attachment":[{"href":"https:\/\/www.alfaterm.com.br\/es\/wp-json\/wp\/v2\/media?parent=629"}],"curies":[{"name":"wp","href":"https:\/\/api.w.org\/{rel}","templated":true}]}}