{"id":628,"date":"2024-08-12T22:19:38","date_gmt":"2024-08-13T01:19:38","guid":{"rendered":"https:\/\/www.alfaterm.com.br\/?page_id=628"},"modified":"2024-08-23T15:27:23","modified_gmt":"2024-08-23T18:27:23","slug":"sistemas-de-distribuicao-de-agua","status":"publish","type":"page","link":"https:\/\/www.alfaterm.com.br\/es\/sistemas-de-distribucion-de-agua\/","title":{"rendered":"Los Sistemas de distribuci\u00f3n de agua potable"},"content":{"rendered":"<div data-elementor-type=\"wp-page\" data-elementor-id=\"628\" class=\"elementor elementor-628\" data-elementor-post-type=\"page\">\n\t\t\t\t<div class=\"elementor-element elementor-element-b0089f7 e-flex e-con-boxed e-con e-parent\" data-id=\"b0089f7\" data-element_type=\"container\" data-settings=\"{&quot;background_background&quot;:&quot;classic&quot;}\">\n\t\t\t\t\t<div class=\"e-con-inner\">\n\t\t\t\t\t<\/div>\n\t\t\t\t<\/div>\n\t\t<div class=\"elementor-element elementor-element-0387315 e-flex e-con-boxed e-con e-parent\" data-id=\"0387315\" data-element_type=\"container\">\n\t\t\t\t\t<div class=\"e-con-inner\">\n\t\t<div class=\"elementor-element elementor-element-65168f3 e-con-full e-flex e-con e-child\" data-id=\"65168f3\" data-element_type=\"container\">\n\t\t<div class=\"elementor-element elementor-element-a3ac058 e-con-full e-flex e-con e-child\" data-id=\"a3ac058\" data-element_type=\"container\" data-settings=\"{&quot;background_background&quot;:&quot;classic&quot;}\">\n\t\t\t\t<div class=\"elementor-element elementor-element-e35e3c4 elementor-widget elementor-widget-text-editor\" data-id=\"e35e3c4\" data-element_type=\"widget\" data-widget_type=\"text-editor.default\">\n\t\t\t\t<div class=\"elementor-widget-container\">\n\t\t\t<style>\/*! elementor - v3.23.0 - 05-08-2024 *\/\n.elementor-widget-text-editor.elementor-drop-cap-view-stacked .elementor-drop-cap{background-color:#69727d;color:#fff}.elementor-widget-text-editor.elementor-drop-cap-view-framed .elementor-drop-cap{color:#69727d;border:3px solid;background-color:transparent}.elementor-widget-text-editor:not(.elementor-drop-cap-view-default) .elementor-drop-cap{margin-top:8px}.elementor-widget-text-editor:not(.elementor-drop-cap-view-default) .elementor-drop-cap-letter{width:1em;height:1em}.elementor-widget-text-editor .elementor-drop-cap{float:left;text-align:center;line-height:1;font-size:50px}.elementor-widget-text-editor .elementor-drop-cap-letter{display:inline-block}<\/style>\t\t\t\t<p>La ALFATERM emplea la m\u00e1s alta tecnolog\u00eda para la fabricaci\u00f3n de partes y piezas de las torres de enfriamiento de agua mediante el uso de componentes de alta tecnolog\u00eda con un mayor rendimiento y una materia prima excelente para el fin de garantizar la m\u00e1xima resistencia y durabilidad.<\/p><p>Los sistemas de distribuci\u00f3n de agua pueden ser por gravedad en torres de flujo cruzado, cuya regulaci\u00f3n del caudal de agua por celda se realiza mediante una simple inspecci\u00f3n visual de la variaci\u00f3n del nivel del agua en los platos abiertos, pudiendo realizarse incluso con la torre en funcionamiento, funcionando. mediante canales abiertos, con un canal principal y otros ramales en PRFV o Acero, aptos para aguas con mayor concentraci\u00f3n de s\u00f3lidos por su facilidad de limpieza.\u00a0\u00a0<\/p><p>Los sistemas de distribuci\u00f3n de agua pueden ser presurizados en torres con flujo a contracorriente, cuya distribuci\u00f3n del agua se produce por presi\u00f3n, a trav\u00e9s de boquillas aspersoras orientadas hacia abajo, requiriendo un mantenimiento peri\u00f3dico para regular el flujo de agua e igualar el flujo en las diferentes celdas, trabajando a trav\u00e9s de tuber\u00edas cerradas, las principales. uno de mayor di\u00e1metro y otros ramales en PVC, PRFV o Acero, aptos para aguas m\u00e1s limpias y con menor concentraci\u00f3n de s\u00f3lidos, evitando obstrucciones.<\/p><p>PRESI\u00d3N: Tuber\u00eda principal y ramales cerrados y fabricados en PVC, Polipropileno o fibra de vidrio. La distribuci\u00f3n del agua se realiza a trav\u00e9s de boquillas aspersoras fabricadas en polipropileno y la presi\u00f3n requerida en la entrada del agua var\u00eda entre 3 y 6 mCA.<\/p><p>GRAVEDAD: Canal principal y ramales abiertos y construidos en fibra de vidrio. La distribuci\u00f3n del agua se realiza a trav\u00e9s de boquillas aspersoras fabricadas en polipropileno y la presi\u00f3n requerida en la entrada del agua var\u00eda entre 0,5 y 1,0 mCA.<\/p><p>MISTO: Canaleta principal aberta e tubos ramis fechados. Nesse caso a canaleta principal\u00a0normalmente constru\u00edda em fibra de vidro e os ramais em PVC. A distribui\u00e7\u00e3o de \u00e1gua \u00e9 feita\u00a0atrav\u00e9s de bicos aspersores constru\u00eddos em polipropileno e a press\u00e3o requerida na entrada de\u00a0\u00e1gua varia entre 0,5 e 1,0 mCA.<\/p><p>Nota: Bajo pedido el sistema de distribuci\u00f3n de agua puede ser completamente met\u00e1lico y las boquillas de polipropileno.<\/p>\t\t\t\t\t\t<\/div>\n\t\t\t\t<\/div>\n\t\t\t\t<\/div>\n\t\t\t\t<div class=\"elementor-element elementor-element-d12a232 elementor-arrows-position-outside elementor-widget__width-initial elementor-widget elementor-widget-image-carousel\" data-id=\"d12a232\" data-element_type=\"widget\" data-settings=\"{&quot;slides_to_show&quot;:&quot;1&quot;,&quot;navigation&quot;:&quot;arrows&quot;,&quot;autoplay&quot;:&quot;yes&quot;,&quot;pause_on_hover&quot;:&quot;yes&quot;,&quot;pause_on_interaction&quot;:&quot;yes&quot;,&quot;autoplay_speed&quot;:5000,&quot;infinite&quot;:&quot;yes&quot;,&quot;effect&quot;:&quot;slide&quot;,&quot;speed&quot;:500}\" data-widget_type=\"image-carousel.default\">\n\t\t\t\t<div class=\"elementor-widget-container\">\n\t\t\t<style>\/*! elementor - v3.23.0 - 05-08-2024 *\/\n.elementor-widget-image-carousel .swiper,.elementor-widget-image-carousel .swiper-container{position:static}.elementor-widget-image-carousel .swiper-container .swiper-slide figure,.elementor-widget-image-carousel .swiper .swiper-slide figure{line-height:inherit}.elementor-widget-image-carousel .swiper-slide{text-align:center}.elementor-image-carousel-wrapper:not(.swiper-container-initialized):not(.swiper-initialized) .swiper-slide{max-width:calc(100% \/ var(--e-image-carousel-slides-to-show, 3))}<\/style>\t\t<div class=\"elementor-image-carousel-wrapper swiper\" dir=\"ltr\">\n\t\t\t<div class=\"elementor-image-carousel swiper-wrapper\" aria-live=\"off\">\n\t\t\t\t\t\t\t\t<div class=\"swiper-slide\" role=\"group\" aria-roledescription=\"slide\" aria-label=\"1 of 4\" data-no-translation-aria-label=\"\"><figure class=\"swiper-slide-inner\"><img decoding=\"async\" class=\"swiper-slide-image\" src=\"https:\/\/www.alfaterm.com.br\/wp-content\/uploads\/2024\/08\/sistemas-de-distribuicao-de-agua-para-torres-de-resfriamento-de-agua-3.webp\" alt=\"sistemas-de-distribuicao-de-agua-para-torres-de-resfriamento-de-agua-3\" \/><\/figure><\/div><div class=\"swiper-slide\" role=\"group\" aria-roledescription=\"slide\" aria-label=\"2 of 4\" data-no-translation-aria-label=\"\"><figure class=\"swiper-slide-inner\"><img decoding=\"async\" class=\"swiper-slide-image\" src=\"https:\/\/www.alfaterm.com.br\/wp-content\/uploads\/2024\/08\/sistemas-de-distribuicao-de-agua-para-torres-de-resfriamento-de-agua-0.webp\" alt=\"sistemas-de-distribuicao-de-agua-para-torres-de-resfriamento-de-agua-0\" \/><\/figure><\/div><div class=\"swiper-slide\" role=\"group\" aria-roledescription=\"slide\" aria-label=\"3 of 4\" data-no-translation-aria-label=\"\"><figure class=\"swiper-slide-inner\"><img decoding=\"async\" class=\"swiper-slide-image\" src=\"https:\/\/www.alfaterm.com.br\/wp-content\/uploads\/2024\/08\/sistemas-de-distribuicao-de-agua-para-torres-de-resfriamento-de-agua-1.webp\" alt=\"sistemas-de-distribuicao-de-agua-para-torres-de-resfriamento-de-agua-1\" \/><\/figure><\/div><div class=\"swiper-slide\" role=\"group\" aria-roledescription=\"slide\" aria-label=\"4 of 4\" data-no-translation-aria-label=\"\"><figure class=\"swiper-slide-inner\"><img decoding=\"async\" class=\"swiper-slide-image\" src=\"https:\/\/www.alfaterm.com.br\/wp-content\/uploads\/2024\/08\/sistemas-de-distribuicao-de-agua-para-torres-de-resfriamento-de-agua-2.webp\" alt=\"sistemas-de-distribuicao-de-agua-para-torres-de-resfriamento-de-agua-2\" \/><\/figure><\/div>\t\t\t<\/div>\n\t\t\t\t\t\t\t\t\t\t\t\t<div class=\"elementor-swiper-button elementor-swiper-button-prev\" role=\"button\" tabindex=\"0\">\n\t\t\t\t\t\t<svg aria-hidden=\"true\" class=\"e-font-icon-svg e-eicon-chevron-left\" viewbox=\"0 0 1000 1000\" xmlns=\"http:\/\/www.w3.org\/2000\/svg\"><path d=\"M646 125C629 125 613 133 604 142L308 442C296 454 292 471 292 487 292 504 296 521 308 533L604 854C617 867 629 875 646 875 663 875 679 871 692 858 704 846 713 829 713 812 713 796 708 779 692 767L438 487 692 225C700 217 708 204 708 187 708 171 704 154 692 142 675 129 663 125 646 125Z\"><\/path><\/svg>\t\t\t\t\t<\/div>\n\t\t\t\t\t<div class=\"elementor-swiper-button elementor-swiper-button-next\" role=\"button\" tabindex=\"0\">\n\t\t\t\t\t\t<svg aria-hidden=\"true\" class=\"e-font-icon-svg e-eicon-chevron-right\" viewbox=\"0 0 1000 1000\" xmlns=\"http:\/\/www.w3.org\/2000\/svg\"><path d=\"M696 533C708 521 713 504 713 487 713 471 708 454 696 446L400 146C388 133 375 125 354 125 338 125 325 129 313 142 300 154 292 171 292 187 292 204 296 221 308 233L563 492 304 771C292 783 288 800 288 817 288 833 296 850 308 863 321 871 338 875 354 875 371 875 388 867 400 854L696 533Z\"><\/path><\/svg>\t\t\t\t\t<\/div>\n\t\t\t\t\n\t\t\t\t\t\t\t\t\t<\/div>\n\t\t\t\t<\/div>\n\t\t\t\t<\/div>\n\t\t\t\t<\/div>\n\t\t\t\t\t<\/div>\n\t\t\t\t<\/div>\n\t\t<div class=\"elementor-element elementor-element-f93b749 e-grid e-con-boxed e-con e-parent\" data-id=\"f93b749\" data-element_type=\"container\">\n\t\t\t\t\t<div class=\"e-con-inner\">\n\t\t<div class=\"elementor-element elementor-element-33b5b15 e-con-full e-flex e-con e-child\" data-id=\"33b5b15\" data-element_type=\"container\">\n\t\t\t\t<div class=\"elementor-element elementor-element-6705f35 elementor-widget elementor-widget-heading\" data-id=\"6705f35\" data-element_type=\"widget\" data-widget_type=\"heading.default\">\n\t\t\t\t<div class=\"elementor-widget-container\">\n\t\t\t<style>\/*! elementor - v3.23.0 - 05-08-2024 *\/\n.elementor-heading-title{padding:0;margin:0;line-height:1}.elementor-widget-heading .elementor-heading-title[class*=elementor-size-]>a{color:inherit;font-size:inherit;line-height:inherit}.elementor-widget-heading .elementor-heading-title.elementor-size-small{font-size:15px}.elementor-widget-heading .elementor-heading-title.elementor-size-medium{font-size:19px}.elementor-widget-heading .elementor-heading-title.elementor-size-large{font-size:29px}.elementor-widget-heading .elementor-heading-title.elementor-size-xl{font-size:39px}.elementor-widget-heading .elementor-heading-title.elementor-size-xxl{font-size:59px}<\/style><h2 class=\"elementor-heading-title elementor-size-default\">Por gravedad<\/h2>\t\t<\/div>\n\t\t\t\t<\/div>\n\t\t\t\t<div class=\"elementor-element elementor-element-b2eb6bc elementor-widget elementor-widget-text-editor\" data-id=\"b2eb6bc\" data-element_type=\"widget\" data-widget_type=\"text-editor.default\">\n\t\t\t\t<div class=\"elementor-widget-container\">\n\t\t\t\t\t\t\t<p>Por gravedad, mediante canales abiertos, fabricados en PRFV, acero al carbono o acero inoxidable.<\/p>\t\t\t\t\t\t<\/div>\n\t\t\t\t<\/div>\n\t\t\t\t<\/div>\n\t\t<div class=\"elementor-element elementor-element-ebefdc7 e-con-full e-flex e-con e-child\" data-id=\"ebefdc7\" data-element_type=\"container\">\n\t\t\t\t<div class=\"elementor-element elementor-element-c0ea0f3 elementor-widget elementor-widget-heading\" data-id=\"c0ea0f3\" data-element_type=\"widget\" data-widget_type=\"heading.default\">\n\t\t\t\t<div class=\"elementor-widget-container\">\n\t\t\t<h2 class=\"elementor-heading-title elementor-size-default\">Por presurizaci\u00f3n<\/h2>\t\t<\/div>\n\t\t\t\t<\/div>\n\t\t\t\t<div class=\"elementor-element elementor-element-03b5425 elementor-widget elementor-widget-text-editor\" data-id=\"03b5425\" data-element_type=\"widget\" data-widget_type=\"text-editor.default\">\n\t\t\t\t<div class=\"elementor-widget-container\">\n\t\t\t\t\t\t\t<p>Por presurizaci\u00f3n, a trav\u00e9s de tuber\u00edas cerradas, fabricadas en PVC, FRP, acero al carbono o acero inoxidable.<\/p>\t\t\t\t\t\t<\/div>\n\t\t\t\t<\/div>\n\t\t\t\t<\/div>\n\t\t\t\t\t<\/div>\n\t\t\t\t<\/div>\n\t\t\t\t<\/div>","protected":false},"excerpt":{"rendered":"<p>A ALFATERM emprega alta tecnologia na fabrica\u00e7\u00e3o de partes e pe\u00e7as de suas torres de resfriamento de \u00e1gua,\u00a0utilizando componentes de ponta com maior desempenho e mat\u00e9rias-primas excelentes para garantir a m\u00e1xima resist\u00eancia e durabilidade. Os sistemas de distribui\u00e7\u00e3o de \u00e1gua podem ser por gravidade em torres com fluxo cruzado, cuja regulagem de vaz\u00e3o da \u00e1gua [&hellip;]<\/p>","protected":false},"author":1,"featured_media":0,"parent":0,"menu_order":0,"comment_status":"closed","ping_status":"closed","template":"","meta":{"_acf_changed":false,"_joinchat":[],"footnotes":""},"class_list":["post-628","page","type-page","status-publish","hentry"],"acf":[],"yoast_head":"<!-- This site is optimized with the Yoast SEO Premium plugin v23.4 (Yoast SEO v27.1.1) - https:\/\/yoast.com\/product\/yoast-seo-premium-wordpress\/ -->\n<title>Sistemas de distribui\u00e7\u00e3o de \u00e1gua - Bem-vindo \u00e0 ALFATERM<\/title>\n<meta name=\"robots\" content=\"index, follow, max-snippet:-1, max-image-preview:large, max-video-preview:-1\" \/>\n<link rel=\"canonical\" href=\"https:\/\/www.alfaterm.com.br\/es\/sistemas-de-distribucion-de-agua\/\" \/>\n<meta property=\"og:locale\" content=\"es_ES\" \/>\n<meta property=\"og:type\" content=\"article\" \/>\n<meta property=\"og:title\" content=\"Sistemas de distribui\u00e7\u00e3o de \u00e1gua\" \/>\n<meta property=\"og:description\" content=\"A ALFATERM emprega alta tecnologia na fabrica\u00e7\u00e3o de partes e pe\u00e7as de suas torres de resfriamento de \u00e1gua,\u00a0utilizando componentes de ponta com maior desempenho e mat\u00e9rias-primas excelentes para garantir a m\u00e1xima resist\u00eancia e durabilidade. Os sistemas de distribui\u00e7\u00e3o de \u00e1gua podem ser por gravidade em torres com fluxo cruzado, cuja regulagem de vaz\u00e3o da \u00e1gua [&hellip;]\" \/>\n<meta property=\"og:url\" content=\"https:\/\/www.alfaterm.com.br\/es\/sistemas-de-distribucion-de-agua\/\" \/>\n<meta property=\"og:site_name\" content=\"Bem-vindo \u00e0 ALFATERM\" \/>\n<meta property=\"article:modified_time\" content=\"2024-08-23T18:27:23+00:00\" \/>\n<meta property=\"og:image\" content=\"https:\/\/www.alfaterm.com.br\/wp-content\/uploads\/2024\/08\/sistemas-de-distribuicao-de-agua-para-torres-de-resfriamento-de-agua-3.webp\" \/>\n<meta name=\"twitter:card\" content=\"summary_large_image\" \/>\n<meta name=\"twitter:label1\" content=\"Tiempo de lectura\" \/>\n\t<meta name=\"twitter:data1\" content=\"2 minutos\" \/>\n<script type=\"application\/ld+json\" class=\"yoast-schema-graph\">{\"@context\":\"https:\/\/schema.org\",\"@graph\":[{\"@type\":\"WebPage\",\"@id\":\"https:\/\/www.alfaterm.com.br\/sistemas-de-distribuicao-de-agua\/\",\"url\":\"https:\/\/www.alfaterm.com.br\/sistemas-de-distribuicao-de-agua\/\",\"name\":\"Sistemas de distribui\u00e7\u00e3o de \u00e1gua - Bem-vindo \u00e0 ALFATERM\",\"isPartOf\":{\"@id\":\"https:\/\/www.alfaterm.com.br\/#website\"},\"primaryImageOfPage\":{\"@id\":\"https:\/\/www.alfaterm.com.br\/sistemas-de-distribuicao-de-agua\/#primaryimage\"},\"image\":{\"@id\":\"https:\/\/www.alfaterm.com.br\/sistemas-de-distribuicao-de-agua\/#primaryimage\"},\"thumbnailUrl\":\"https:\/\/www.alfaterm.com.br\/wp-content\/uploads\/2024\/08\/sistemas-de-distribuicao-de-agua-para-torres-de-resfriamento-de-agua-3.webp\",\"datePublished\":\"2024-08-13T01:19:38+00:00\",\"dateModified\":\"2024-08-23T18:27:23+00:00\",\"breadcrumb\":{\"@id\":\"https:\/\/www.alfaterm.com.br\/sistemas-de-distribuicao-de-agua\/#breadcrumb\"},\"inLanguage\":\"es\",\"potentialAction\":[{\"@type\":\"ReadAction\",\"target\":[\"https:\/\/www.alfaterm.com.br\/sistemas-de-distribuicao-de-agua\/\"]}]},{\"@type\":\"ImageObject\",\"inLanguage\":\"es\",\"@id\":\"https:\/\/www.alfaterm.com.br\/sistemas-de-distribuicao-de-agua\/#primaryimage\",\"url\":\"https:\/\/www.alfaterm.com.br\/wp-content\/uploads\/2024\/08\/sistemas-de-distribuicao-de-agua-para-torres-de-resfriamento-de-agua-3.webp\",\"contentUrl\":\"https:\/\/www.alfaterm.com.br\/wp-content\/uploads\/2024\/08\/sistemas-de-distribuicao-de-agua-para-torres-de-resfriamento-de-agua-3.webp\"},{\"@type\":\"BreadcrumbList\",\"@id\":\"https:\/\/www.alfaterm.com.br\/sistemas-de-distribuicao-de-agua\/#breadcrumb\",\"itemListElement\":[{\"@type\":\"ListItem\",\"position\":1,\"name\":\"Home\",\"item\":\"https:\/\/www.alfaterm.com.br\/\"},{\"@type\":\"ListItem\",\"position\":2,\"name\":\"Sistemas de distribui\u00e7\u00e3o de \u00e1gua\"}]},{\"@type\":\"WebSite\",\"@id\":\"https:\/\/www.alfaterm.com.br\/#website\",\"url\":\"https:\/\/www.alfaterm.com.br\/\",\"name\":\"Bem-vindo \u00e0 ALFATERM\",\"description\":\"\",\"publisher\":{\"@id\":\"https:\/\/www.alfaterm.com.br\/#organization\"},\"potentialAction\":[{\"@type\":\"SearchAction\",\"target\":{\"@type\":\"EntryPoint\",\"urlTemplate\":\"https:\/\/www.alfaterm.com.br\/?s={search_term_string}\"},\"query-input\":{\"@type\":\"PropertyValueSpecification\",\"valueRequired\":true,\"valueName\":\"search_term_string\"}}],\"inLanguage\":\"es\"},{\"@type\":\"Organization\",\"@id\":\"https:\/\/www.alfaterm.com.br\/#organization\",\"name\":\"Bem-vindo \u00e0 ALFATERM\",\"url\":\"https:\/\/www.alfaterm.com.br\/\",\"logo\":{\"@type\":\"ImageObject\",\"inLanguage\":\"es\",\"@id\":\"https:\/\/www.alfaterm.com.br\/#\/schema\/logo\/image\/\",\"url\":\"https:\/\/www.alfaterm.com.br\/wp-content\/uploads\/2024\/07\/logo-alfaterm.png\",\"contentUrl\":\"https:\/\/www.alfaterm.com.br\/wp-content\/uploads\/2024\/07\/logo-alfaterm.png\",\"width\":393,\"height\":45,\"caption\":\"Bem-vindo \u00e0 ALFATERM\"},\"image\":{\"@id\":\"https:\/\/www.alfaterm.com.br\/#\/schema\/logo\/image\/\"}}]}<\/script>\n<!-- \/ Yoast SEO Premium plugin. -->","yoast_head_json":{"title":"Sistemas de distribui\u00e7\u00e3o de \u00e1gua - Bem-vindo \u00e0 ALFATERM","robots":{"index":"index","follow":"follow","max-snippet":"max-snippet:-1","max-image-preview":"max-image-preview:large","max-video-preview":"max-video-preview:-1"},"canonical":"https:\/\/www.alfaterm.com.br\/es\/sistemas-de-distribucion-de-agua\/","og_locale":"es_ES","og_type":"article","og_title":"Sistemas de distribui\u00e7\u00e3o de \u00e1gua","og_description":"A ALFATERM emprega alta tecnologia na fabrica\u00e7\u00e3o de partes e pe\u00e7as de suas torres de resfriamento de \u00e1gua,\u00a0utilizando componentes de ponta com maior desempenho e mat\u00e9rias-primas excelentes para garantir a m\u00e1xima resist\u00eancia e durabilidade. Os sistemas de distribui\u00e7\u00e3o de \u00e1gua podem ser por gravidade em torres com fluxo cruzado, cuja regulagem de vaz\u00e3o da \u00e1gua [&hellip;]","og_url":"https:\/\/www.alfaterm.com.br\/es\/sistemas-de-distribucion-de-agua\/","og_site_name":"Bem-vindo \u00e0 ALFATERM","article_modified_time":"2024-08-23T18:27:23+00:00","og_image":[{"url":"https:\/\/www.alfaterm.com.br\/wp-content\/uploads\/2024\/08\/sistemas-de-distribuicao-de-agua-para-torres-de-resfriamento-de-agua-3.webp","type":"","width":"","height":""}],"twitter_card":"summary_large_image","twitter_misc":{"Tiempo de lectura":"2 minutos"},"schema":{"@context":"https:\/\/schema.org","@graph":[{"@type":"WebPage","@id":"https:\/\/www.alfaterm.com.br\/sistemas-de-distribuicao-de-agua\/","url":"https:\/\/www.alfaterm.com.br\/sistemas-de-distribuicao-de-agua\/","name":"Sistemas de distribui\u00e7\u00e3o de \u00e1gua - Bem-vindo \u00e0 ALFATERM","isPartOf":{"@id":"https:\/\/www.alfaterm.com.br\/#website"},"primaryImageOfPage":{"@id":"https:\/\/www.alfaterm.com.br\/sistemas-de-distribuicao-de-agua\/#primaryimage"},"image":{"@id":"https:\/\/www.alfaterm.com.br\/sistemas-de-distribuicao-de-agua\/#primaryimage"},"thumbnailUrl":"https:\/\/www.alfaterm.com.br\/wp-content\/uploads\/2024\/08\/sistemas-de-distribuicao-de-agua-para-torres-de-resfriamento-de-agua-3.webp","datePublished":"2024-08-13T01:19:38+00:00","dateModified":"2024-08-23T18:27:23+00:00","breadcrumb":{"@id":"https:\/\/www.alfaterm.com.br\/sistemas-de-distribuicao-de-agua\/#breadcrumb"},"inLanguage":"es","potentialAction":[{"@type":"ReadAction","target":["https:\/\/www.alfaterm.com.br\/sistemas-de-distribuicao-de-agua\/"]}]},{"@type":"ImageObject","inLanguage":"es","@id":"https:\/\/www.alfaterm.com.br\/sistemas-de-distribuicao-de-agua\/#primaryimage","url":"https:\/\/www.alfaterm.com.br\/wp-content\/uploads\/2024\/08\/sistemas-de-distribuicao-de-agua-para-torres-de-resfriamento-de-agua-3.webp","contentUrl":"https:\/\/www.alfaterm.com.br\/wp-content\/uploads\/2024\/08\/sistemas-de-distribuicao-de-agua-para-torres-de-resfriamento-de-agua-3.webp"},{"@type":"BreadcrumbList","@id":"https:\/\/www.alfaterm.com.br\/sistemas-de-distribuicao-de-agua\/#breadcrumb","itemListElement":[{"@type":"ListItem","position":1,"name":"Home","item":"https:\/\/www.alfaterm.com.br\/"},{"@type":"ListItem","position":2,"name":"Sistemas de distribui\u00e7\u00e3o de \u00e1gua"}]},{"@type":"WebSite","@id":"https:\/\/www.alfaterm.com.br\/#website","url":"https:\/\/www.alfaterm.com.br\/","name":"Bem-vindo \u00e0 ALFATERM","description":"","publisher":{"@id":"https:\/\/www.alfaterm.com.br\/#organization"},"potentialAction":[{"@type":"SearchAction","target":{"@type":"EntryPoint","urlTemplate":"https:\/\/www.alfaterm.com.br\/?s={search_term_string}"},"query-input":{"@type":"PropertyValueSpecification","valueRequired":true,"valueName":"search_term_string"}}],"inLanguage":"es"},{"@type":"Organization","@id":"https:\/\/www.alfaterm.com.br\/#organization","name":"Bem-vindo \u00e0 ALFATERM","url":"https:\/\/www.alfaterm.com.br\/","logo":{"@type":"ImageObject","inLanguage":"es","@id":"https:\/\/www.alfaterm.com.br\/#\/schema\/logo\/image\/","url":"https:\/\/www.alfaterm.com.br\/wp-content\/uploads\/2024\/07\/logo-alfaterm.png","contentUrl":"https:\/\/www.alfaterm.com.br\/wp-content\/uploads\/2024\/07\/logo-alfaterm.png","width":393,"height":45,"caption":"Bem-vindo \u00e0 ALFATERM"},"image":{"@id":"https:\/\/www.alfaterm.com.br\/#\/schema\/logo\/image\/"}}]}},"_links":{"self":[{"href":"https:\/\/www.alfaterm.com.br\/es\/wp-json\/wp\/v2\/pages\/628","targetHints":{"allow":["GET"]}}],"collection":[{"href":"https:\/\/www.alfaterm.com.br\/es\/wp-json\/wp\/v2\/pages"}],"about":[{"href":"https:\/\/www.alfaterm.com.br\/es\/wp-json\/wp\/v2\/types\/page"}],"author":[{"embeddable":true,"href":"https:\/\/www.alfaterm.com.br\/es\/wp-json\/wp\/v2\/users\/1"}],"replies":[{"embeddable":true,"href":"https:\/\/www.alfaterm.com.br\/es\/wp-json\/wp\/v2\/comments?post=628"}],"version-history":[{"count":0,"href":"https:\/\/www.alfaterm.com.br\/es\/wp-json\/wp\/v2\/pages\/628\/revisions"}],"wp:attachment":[{"href":"https:\/\/www.alfaterm.com.br\/es\/wp-json\/wp\/v2\/media?parent=628"}],"curies":[{"name":"wp","href":"https:\/\/api.w.org\/{rel}","templated":true}]}}