{"id":359,"date":"2024-08-12T20:04:06","date_gmt":"2024-08-12T23:04:06","guid":{"rendered":"https:\/\/www.alfaterm.com.br\/?page_id=359"},"modified":"2025-08-01T07:11:46","modified_gmt":"2025-08-01T10:11:46","slug":"qualidade-sig","status":"publish","type":"page","link":"https:\/\/www.alfaterm.com.br\/es\/documentacion-legal\/","title":{"rendered":"Qualidade &#8211; SIG"},"content":{"rendered":"<div data-elementor-type=\"wp-page\" data-elementor-id=\"359\" class=\"elementor elementor-359\" data-elementor-post-type=\"page\">\n\t\t\t\t<div class=\"elementor-element elementor-element-1a58aa7 e-flex e-con-boxed e-con e-parent\" data-id=\"1a58aa7\" data-element_type=\"container\" data-settings=\"{&quot;background_background&quot;:&quot;classic&quot;}\">\n\t\t\t\t\t<div class=\"e-con-inner\">\n\t\t\t\t\t<\/div>\n\t\t\t\t<\/div>\n\t\t<div class=\"elementor-element elementor-element-6b741b8 e-grid e-con-boxed e-con e-parent\" data-id=\"6b741b8\" data-element_type=\"container\">\n\t\t\t\t\t<div class=\"e-con-inner\">\n\t\t<a class=\"elementor-element elementor-element-6ace0df e-con-full e-flex e-con e-child\" data-id=\"6ace0df\" data-element_type=\"container\" data-settings=\"{&quot;background_background&quot;:&quot;classic&quot;}\" href=\"https:\/\/www.alfaterm.com.br\/docs\/politica-do-sistema-integrado-de-gestao-sig-para-torres-de-resfriamento-de-agua.pdf\" target=\"_blank\">\n\t\t<div class=\"elementor-element elementor-element-210ef08 e-con-full e-flex e-con e-child\" data-id=\"210ef08\" data-element_type=\"container\">\n\t\t\t\t<div class=\"elementor-element elementor-element-0e7fd68 elementor-widget elementor-widget-heading\" data-id=\"0e7fd68\" data-element_type=\"widget\" data-widget_type=\"heading.default\">\n\t\t\t\t<div class=\"elementor-widget-container\">\n\t\t\t<style>\/*! elementor - v3.23.0 - 05-08-2024 *\/\n.elementor-heading-title{padding:0;margin:0;line-height:1}.elementor-widget-heading .elementor-heading-title[class*=elementor-size-]>a{color:inherit;font-size:inherit;line-height:inherit}.elementor-widget-heading .elementor-heading-title.elementor-size-small{font-size:15px}.elementor-widget-heading .elementor-heading-title.elementor-size-medium{font-size:19px}.elementor-widget-heading .elementor-heading-title.elementor-size-large{font-size:29px}.elementor-widget-heading .elementor-heading-title.elementor-size-xl{font-size:39px}.elementor-widget-heading .elementor-heading-title.elementor-size-xxl{font-size:59px}<\/style><h2 class=\"elementor-heading-title elementor-size-default\">LA POL\u00cdTICA DEL SISTEMA INTEGRADO DE GESTI\u00d3N - SIG.<\/h2>\t\t<\/div>\n\t\t\t\t<\/div>\n\t\t\t\t<div class=\"elementor-element elementor-element-8078fd5 elementor-widget elementor-widget-text-editor\" data-id=\"8078fd5\" data-element_type=\"widget\" data-widget_type=\"text-editor.default\">\n\t\t\t\t<div class=\"elementor-widget-container\">\n\t\t\t<style>\/*! elementor - v3.23.0 - 05-08-2024 *\/\n.elementor-widget-text-editor.elementor-drop-cap-view-stacked .elementor-drop-cap{background-color:#69727d;color:#fff}.elementor-widget-text-editor.elementor-drop-cap-view-framed .elementor-drop-cap{color:#69727d;border:3px solid;background-color:transparent}.elementor-widget-text-editor:not(.elementor-drop-cap-view-default) .elementor-drop-cap{margin-top:8px}.elementor-widget-text-editor:not(.elementor-drop-cap-view-default) .elementor-drop-cap-letter{width:1em;height:1em}.elementor-widget-text-editor .elementor-drop-cap{float:left;text-align:center;line-height:1;font-size:50px}.elementor-widget-text-editor .elementor-drop-cap-letter{display:inline-block}<\/style>\t\t\t\t<div class=\"card-body\"><div class=\"card-body\"><div class=\"card-body\"><div><p>APROVADA PELA DIRE\u00c7\u00c3O EM 09\/06\/2025<\/p><\/div><\/div><\/div><\/div>\t\t\t\t\t\t<\/div>\n\t\t\t\t<\/div>\n\t\t\t\t<\/div>\n\t\t\t\t<div class=\"elementor-element elementor-element-87068c1 elementor-view-default elementor-widget elementor-widget-icon\" data-id=\"87068c1\" data-element_type=\"widget\" data-widget_type=\"icon.default\">\n\t\t\t\t<div class=\"elementor-widget-container\">\n\t\t\t\t\t<div class=\"elementor-icon-wrapper\">\n\t\t\t<div class=\"elementor-icon\">\n\t\t\t<svg xmlns=\"http:\/\/www.w3.org\/2000\/svg\" id=\"Layer_1\" data-name=\"Layer 1\" viewbox=\"0 0 24 24\" width=\"512\" height=\"512\"><path d=\"M6.97,13h-1.97v6h1v-2h.97c1.11,0,2.01-.92,2.01-2.02s-.9-1.98-2.01-1.98Zm0,3h-.97v-2h.97c.56,0,1.01,.44,1.01,.98s-.46,1.02-1.01,1.02Zm5.03-3h0c-.06,0-2,0-2,0v6s1.94,0,2,0h0c1.11,0,2-.89,2-1.98v-2.03c0-1.09-.89-1.98-2-1.98Zm1,4.02c0,.53-.43,.96-.96,.98h-1.04v-4h1.04c.53,.02,.96,.46,.96,.98v2.03Zm2-4.02h4v1h-3v2s2,0,2,0v1h-2v2h-1v-6Zm-.29-13H4.5c-1.38,0-2.5,1.12-2.5,2.5V24H22V7.29L14.71,0Zm.29,1.71l5.29,5.29h-5.29V1.71ZM3,23V2.5c0-.83,.67-1.5,1.5-1.5H14v7h7v15H3Z\"><\/path><\/svg>\t\t\t<\/div>\n\t\t<\/div>\n\t\t\t\t<\/div>\n\t\t\t\t<\/div>\n\t\t\t\t<\/a>\n\t\t<a class=\"elementor-element elementor-element-657ab7b e-con-full e-flex e-con e-child\" data-id=\"657ab7b\" data-element_type=\"container\" data-settings=\"{&quot;background_background&quot;:&quot;classic&quot;}\" href=\"https:\/\/www.alfaterm.com.br\/docs\/objetivos-do-sistema-integrado-de-gestao-sig-para-torres-de-resfriamento-de-agua.pdf\" target=\"_blank\">\n\t\t<div class=\"elementor-element elementor-element-2f641a0 e-con-full e-flex e-con e-child\" data-id=\"2f641a0\" data-element_type=\"container\">\n\t\t\t\t<div class=\"elementor-element elementor-element-f684737 elementor-widget elementor-widget-heading\" data-id=\"f684737\" data-element_type=\"widget\" data-widget_type=\"heading.default\">\n\t\t\t\t<div class=\"elementor-widget-container\">\n\t\t\t<h2 class=\"elementor-heading-title elementor-size-default\">LOS OBJETIVOS DEL SISTEMA INTEGRADO DE GESTI\u00d3N - SIG.<\/h2>\t\t<\/div>\n\t\t\t\t<\/div>\n\t\t\t\t<div class=\"elementor-element elementor-element-7a988ca elementor-widget elementor-widget-text-editor\" data-id=\"7a988ca\" data-element_type=\"widget\" data-widget_type=\"text-editor.default\">\n\t\t\t\t<div class=\"elementor-widget-container\">\n\t\t\t\t\t\t\t<div class=\"card-body\"><div class=\"card-body\"><div class=\"card-body\"><div><p>APROBADO POR LA DIRECCI\u00d3N DE 22\/12\/2017<\/p><\/div><\/div><\/div><\/div>\t\t\t\t\t\t<\/div>\n\t\t\t\t<\/div>\n\t\t\t\t<\/div>\n\t\t\t\t<div class=\"elementor-element elementor-element-9eb17f7 elementor-view-default elementor-widget elementor-widget-icon\" data-id=\"9eb17f7\" data-element_type=\"widget\" data-widget_type=\"icon.default\">\n\t\t\t\t<div class=\"elementor-widget-container\">\n\t\t\t\t\t<div class=\"elementor-icon-wrapper\">\n\t\t\t<div class=\"elementor-icon\">\n\t\t\t<svg xmlns=\"http:\/\/www.w3.org\/2000\/svg\" id=\"Layer_1\" data-name=\"Layer 1\" viewbox=\"0 0 24 24\" width=\"512\" height=\"512\"><path d=\"M6.97,13h-1.97v6h1v-2h.97c1.11,0,2.01-.92,2.01-2.02s-.9-1.98-2.01-1.98Zm0,3h-.97v-2h.97c.56,0,1.01,.44,1.01,.98s-.46,1.02-1.01,1.02Zm5.03-3h0c-.06,0-2,0-2,0v6s1.94,0,2,0h0c1.11,0,2-.89,2-1.98v-2.03c0-1.09-.89-1.98-2-1.98Zm1,4.02c0,.53-.43,.96-.96,.98h-1.04v-4h1.04c.53,.02,.96,.46,.96,.98v2.03Zm2-4.02h4v1h-3v2s2,0,2,0v1h-2v2h-1v-6Zm-.29-13H4.5c-1.38,0-2.5,1.12-2.5,2.5V24H22V7.29L14.71,0Zm.29,1.71l5.29,5.29h-5.29V1.71ZM3,23V2.5c0-.83,.67-1.5,1.5-1.5H14v7h7v15H3Z\"><\/path><\/svg>\t\t\t<\/div>\n\t\t<\/div>\n\t\t\t\t<\/div>\n\t\t\t\t<\/div>\n\t\t\t\t<\/a>\n\t\t\t\t\t<\/div>\n\t\t\t\t<\/div>\n\t\t\t\t<\/div>","protected":false},"excerpt":{"rendered":"<p>POL\u00cdTICA DO SISTEMA INTEGRADO DE GEST\u00c3O &#8211; SIG APROVADA PELA DIRE\u00c7\u00c3O EM 09\/06\/2025 OBJETIVOS DO SISTEMA INTEGRADO DE GEST\u00c3O &#8211; SIG APROVADA\u00a0PELA DIRE\u00c7\u00c3O EM 22\/12\/2017<\/p>","protected":false},"author":1,"featured_media":0,"parent":0,"menu_order":0,"comment_status":"closed","ping_status":"closed","template":"","meta":{"_acf_changed":false,"_joinchat":[],"footnotes":""},"class_list":["post-359","page","type-page","status-publish","hentry"],"acf":[],"yoast_head":"<!-- This site is optimized with the Yoast SEO Premium plugin v23.4 (Yoast SEO v27.1.1) - https:\/\/yoast.com\/product\/yoast-seo-premium-wordpress\/ -->\n<title>Qualidade - SIG - Bem-vindo \u00e0 ALFATERM<\/title>\n<meta name=\"robots\" content=\"index, follow, max-snippet:-1, max-image-preview:large, max-video-preview:-1\" \/>\n<link rel=\"canonical\" href=\"https:\/\/www.alfaterm.com.br\/es\/documentacion-legal\/\" \/>\n<meta property=\"og:locale\" content=\"es_ES\" \/>\n<meta property=\"og:type\" content=\"article\" \/>\n<meta property=\"og:title\" content=\"Qualidade - SIG\" \/>\n<meta property=\"og:description\" content=\"POL\u00cdTICA DO SISTEMA INTEGRADO DE GEST\u00c3O &#8211; SIG APROVADA PELA DIRE\u00c7\u00c3O EM 09\/06\/2025 OBJETIVOS DO SISTEMA INTEGRADO DE GEST\u00c3O &#8211; SIG APROVADA\u00a0PELA DIRE\u00c7\u00c3O EM 22\/12\/2017\" \/>\n<meta property=\"og:url\" content=\"https:\/\/www.alfaterm.com.br\/es\/documentacion-legal\/\" \/>\n<meta property=\"og:site_name\" content=\"Bem-vindo \u00e0 ALFATERM\" \/>\n<meta property=\"article:modified_time\" content=\"2025-08-01T10:11:46+00:00\" \/>\n<meta name=\"twitter:card\" content=\"summary_large_image\" \/>\n<meta name=\"twitter:label1\" content=\"Tiempo de lectura\" \/>\n\t<meta name=\"twitter:data1\" content=\"1 minuto\" \/>\n<script type=\"application\/ld+json\" class=\"yoast-schema-graph\">{\"@context\":\"https:\/\/schema.org\",\"@graph\":[{\"@type\":\"WebPage\",\"@id\":\"https:\/\/www.alfaterm.com.br\/qualidade-sig\/\",\"url\":\"https:\/\/www.alfaterm.com.br\/qualidade-sig\/\",\"name\":\"Qualidade - SIG - Bem-vindo \u00e0 ALFATERM\",\"isPartOf\":{\"@id\":\"https:\/\/www.alfaterm.com.br\/#website\"},\"datePublished\":\"2024-08-12T23:04:06+00:00\",\"dateModified\":\"2025-08-01T10:11:46+00:00\",\"breadcrumb\":{\"@id\":\"https:\/\/www.alfaterm.com.br\/qualidade-sig\/#breadcrumb\"},\"inLanguage\":\"es\",\"potentialAction\":[{\"@type\":\"ReadAction\",\"target\":[\"https:\/\/www.alfaterm.com.br\/qualidade-sig\/\"]}]},{\"@type\":\"BreadcrumbList\",\"@id\":\"https:\/\/www.alfaterm.com.br\/qualidade-sig\/#breadcrumb\",\"itemListElement\":[{\"@type\":\"ListItem\",\"position\":1,\"name\":\"Home\",\"item\":\"https:\/\/www.alfaterm.com.br\/\"},{\"@type\":\"ListItem\",\"position\":2,\"name\":\"Qualidade &#8211; SIG\"}]},{\"@type\":\"WebSite\",\"@id\":\"https:\/\/www.alfaterm.com.br\/#website\",\"url\":\"https:\/\/www.alfaterm.com.br\/\",\"name\":\"Bem-vindo \u00e0 ALFATERM\",\"description\":\"\",\"publisher\":{\"@id\":\"https:\/\/www.alfaterm.com.br\/#organization\"},\"potentialAction\":[{\"@type\":\"SearchAction\",\"target\":{\"@type\":\"EntryPoint\",\"urlTemplate\":\"https:\/\/www.alfaterm.com.br\/?s={search_term_string}\"},\"query-input\":{\"@type\":\"PropertyValueSpecification\",\"valueRequired\":true,\"valueName\":\"search_term_string\"}}],\"inLanguage\":\"es\"},{\"@type\":\"Organization\",\"@id\":\"https:\/\/www.alfaterm.com.br\/#organization\",\"name\":\"Bem-vindo \u00e0 ALFATERM\",\"url\":\"https:\/\/www.alfaterm.com.br\/\",\"logo\":{\"@type\":\"ImageObject\",\"inLanguage\":\"es\",\"@id\":\"https:\/\/www.alfaterm.com.br\/#\/schema\/logo\/image\/\",\"url\":\"https:\/\/www.alfaterm.com.br\/wp-content\/uploads\/2024\/07\/logo-alfaterm.png\",\"contentUrl\":\"https:\/\/www.alfaterm.com.br\/wp-content\/uploads\/2024\/07\/logo-alfaterm.png\",\"width\":393,\"height\":45,\"caption\":\"Bem-vindo \u00e0 ALFATERM\"},\"image\":{\"@id\":\"https:\/\/www.alfaterm.com.br\/#\/schema\/logo\/image\/\"}}]}<\/script>\n<!-- \/ Yoast SEO Premium plugin. -->","yoast_head_json":{"title":"Qualidade - SIG - Bem-vindo \u00e0 ALFATERM","robots":{"index":"index","follow":"follow","max-snippet":"max-snippet:-1","max-image-preview":"max-image-preview:large","max-video-preview":"max-video-preview:-1"},"canonical":"https:\/\/www.alfaterm.com.br\/es\/documentacion-legal\/","og_locale":"es_ES","og_type":"article","og_title":"Qualidade - SIG","og_description":"POL\u00cdTICA DO SISTEMA INTEGRADO DE GEST\u00c3O &#8211; SIG APROVADA PELA DIRE\u00c7\u00c3O EM 09\/06\/2025 OBJETIVOS DO SISTEMA INTEGRADO DE GEST\u00c3O &#8211; SIG APROVADA\u00a0PELA DIRE\u00c7\u00c3O EM 22\/12\/2017","og_url":"https:\/\/www.alfaterm.com.br\/es\/documentacion-legal\/","og_site_name":"Bem-vindo \u00e0 ALFATERM","article_modified_time":"2025-08-01T10:11:46+00:00","twitter_card":"summary_large_image","twitter_misc":{"Tiempo de lectura":"1 minuto"},"schema":{"@context":"https:\/\/schema.org","@graph":[{"@type":"WebPage","@id":"https:\/\/www.alfaterm.com.br\/qualidade-sig\/","url":"https:\/\/www.alfaterm.com.br\/qualidade-sig\/","name":"Qualidade - SIG - Bem-vindo \u00e0 ALFATERM","isPartOf":{"@id":"https:\/\/www.alfaterm.com.br\/#website"},"datePublished":"2024-08-12T23:04:06+00:00","dateModified":"2025-08-01T10:11:46+00:00","breadcrumb":{"@id":"https:\/\/www.alfaterm.com.br\/qualidade-sig\/#breadcrumb"},"inLanguage":"es","potentialAction":[{"@type":"ReadAction","target":["https:\/\/www.alfaterm.com.br\/qualidade-sig\/"]}]},{"@type":"BreadcrumbList","@id":"https:\/\/www.alfaterm.com.br\/qualidade-sig\/#breadcrumb","itemListElement":[{"@type":"ListItem","position":1,"name":"Home","item":"https:\/\/www.alfaterm.com.br\/"},{"@type":"ListItem","position":2,"name":"Qualidade &#8211; SIG"}]},{"@type":"WebSite","@id":"https:\/\/www.alfaterm.com.br\/#website","url":"https:\/\/www.alfaterm.com.br\/","name":"Bem-vindo \u00e0 ALFATERM","description":"","publisher":{"@id":"https:\/\/www.alfaterm.com.br\/#organization"},"potentialAction":[{"@type":"SearchAction","target":{"@type":"EntryPoint","urlTemplate":"https:\/\/www.alfaterm.com.br\/?s={search_term_string}"},"query-input":{"@type":"PropertyValueSpecification","valueRequired":true,"valueName":"search_term_string"}}],"inLanguage":"es"},{"@type":"Organization","@id":"https:\/\/www.alfaterm.com.br\/#organization","name":"Bem-vindo \u00e0 ALFATERM","url":"https:\/\/www.alfaterm.com.br\/","logo":{"@type":"ImageObject","inLanguage":"es","@id":"https:\/\/www.alfaterm.com.br\/#\/schema\/logo\/image\/","url":"https:\/\/www.alfaterm.com.br\/wp-content\/uploads\/2024\/07\/logo-alfaterm.png","contentUrl":"https:\/\/www.alfaterm.com.br\/wp-content\/uploads\/2024\/07\/logo-alfaterm.png","width":393,"height":45,"caption":"Bem-vindo \u00e0 ALFATERM"},"image":{"@id":"https:\/\/www.alfaterm.com.br\/#\/schema\/logo\/image\/"}}]}},"_links":{"self":[{"href":"https:\/\/www.alfaterm.com.br\/es\/wp-json\/wp\/v2\/pages\/359","targetHints":{"allow":["GET"]}}],"collection":[{"href":"https:\/\/www.alfaterm.com.br\/es\/wp-json\/wp\/v2\/pages"}],"about":[{"href":"https:\/\/www.alfaterm.com.br\/es\/wp-json\/wp\/v2\/types\/page"}],"author":[{"embeddable":true,"href":"https:\/\/www.alfaterm.com.br\/es\/wp-json\/wp\/v2\/users\/1"}],"replies":[{"embeddable":true,"href":"https:\/\/www.alfaterm.com.br\/es\/wp-json\/wp\/v2\/comments?post=359"}],"version-history":[{"count":40,"href":"https:\/\/www.alfaterm.com.br\/es\/wp-json\/wp\/v2\/pages\/359\/revisions"}],"predecessor-version":[{"id":2655,"href":"https:\/\/www.alfaterm.com.br\/es\/wp-json\/wp\/v2\/pages\/359\/revisions\/2655"}],"wp:attachment":[{"href":"https:\/\/www.alfaterm.com.br\/es\/wp-json\/wp\/v2\/media?parent=359"}],"curies":[{"name":"wp","href":"https:\/\/api.w.org\/{rel}","templated":true}]}}