{"id":355,"date":"2024-08-12T20:03:18","date_gmt":"2024-08-12T23:03:18","guid":{"rendered":"https:\/\/www.alfaterm.com.br\/?page_id=355"},"modified":"2024-08-23T15:16:57","modified_gmt":"2024-08-23T18:16:57","slug":"diferenciais","status":"publish","type":"page","link":"https:\/\/www.alfaterm.com.br\/es\/diferenciales\/","title":{"rendered":"Diferenciales"},"content":{"rendered":"<div data-elementor-type=\"wp-page\" data-elementor-id=\"355\" class=\"elementor elementor-355\" data-elementor-post-type=\"page\">\n\t\t\t\t<div class=\"elementor-element elementor-element-7d3cdaf e-flex e-con-boxed e-con e-parent\" data-id=\"7d3cdaf\" data-element_type=\"container\" data-settings=\"{&quot;background_background&quot;:&quot;classic&quot;}\">\n\t\t\t\t\t<div class=\"e-con-inner\">\n\t\t\t\t\t<\/div>\n\t\t\t\t<\/div>\n\t\t<div class=\"elementor-element elementor-element-bb4739d e-flex e-con-boxed e-con e-parent\" data-id=\"bb4739d\" data-element_type=\"container\" data-settings=\"{&quot;background_background&quot;:&quot;classic&quot;}\">\n\t\t\t\t\t<div class=\"e-con-inner\">\n\t\t\t\t<div class=\"elementor-element elementor-element-300b609 elementor-icon-list--layout-traditional elementor-list-item-link-full_width elementor-widget elementor-widget-icon-list\" data-id=\"300b609\" data-element_type=\"widget\" data-widget_type=\"icon-list.default\">\n\t\t\t\t<div class=\"elementor-widget-container\">\n\t\t\t<link rel=\"stylesheet\" href=\"https:\/\/www.alfaterm.com.br\/wp-content\/plugins\/elementor\/assets\/css\/widget-icon-list.min.css\">\t\t<ul class=\"elementor-icon-list-items\">\n\t\t\t\t\t\t\t<li class=\"elementor-icon-list-item\">\n\t\t\t\t\t\t\t\t\t\t\t<span class=\"elementor-icon-list-icon\">\n\t\t\t\t\t\t\t<svg xmlns=\"http:\/\/www.w3.org\/2000\/svg\" id=\"Isolation_Mode\" data-name=\"Isolation Mode\" viewbox=\"0 0 24 24\" width=\"512\" height=\"512\"><path d=\"M7.8,21.425A2.542,2.542,0,0,1,6,20.679L.439,15.121,2.561,13,7.8,18.239,21.439,4.6l2.122,2.121L9.6,20.679A2.542,2.542,0,0,1,7.8,21.425Z\"><\/path><\/svg>\t\t\t\t\t\t<\/span>\n\t\t\t\t\t\t\t\t\t\t<span class=\"elementor-icon-list-text\">01 - INGENIEROS CUALIFICADOS Y CON EXPERIENCIA<\/span>\n\t\t\t\t\t\t\t\t\t<\/li>\n\t\t\t\t\t\t\t\t<li class=\"elementor-icon-list-item\">\n\t\t\t\t\t\t\t\t\t\t\t<span class=\"elementor-icon-list-icon\">\n\t\t\t\t\t\t\t<svg xmlns=\"http:\/\/www.w3.org\/2000\/svg\" id=\"Isolation_Mode\" data-name=\"Isolation Mode\" viewbox=\"0 0 24 24\" width=\"512\" height=\"512\"><path d=\"M7.8,21.425A2.542,2.542,0,0,1,6,20.679L.439,15.121,2.561,13,7.8,18.239,21.439,4.6l2.122,2.121L9.6,20.679A2.542,2.542,0,0,1,7.8,21.425Z\"><\/path><\/svg>\t\t\t\t\t\t<\/span>\n\t\t\t\t\t\t\t\t\t\t<span class=\"elementor-icon-list-text\">02 - M\u00c1S DE 30 MILLONES DE D\u00d3LARES EN EQUIPOS EN FUNCIONAMIENTO<\/span>\n\t\t\t\t\t\t\t\t\t<\/li>\n\t\t\t\t\t\t\t\t<li class=\"elementor-icon-list-item\">\n\t\t\t\t\t\t\t\t\t\t\t<span class=\"elementor-icon-list-icon\">\n\t\t\t\t\t\t\t<svg xmlns=\"http:\/\/www.w3.org\/2000\/svg\" id=\"Isolation_Mode\" data-name=\"Isolation Mode\" viewbox=\"0 0 24 24\" width=\"512\" height=\"512\"><path d=\"M7.8,21.425A2.542,2.542,0,0,1,6,20.679L.439,15.121,2.561,13,7.8,18.239,21.439,4.6l2.122,2.121L9.6,20.679A2.542,2.542,0,0,1,7.8,21.425Z\"><\/path><\/svg>\t\t\t\t\t\t<\/span>\n\t\t\t\t\t\t\t\t\t\t<span class=\"elementor-icon-list-text\">03 - LA COLECCI\u00d3N DE LOS CLIENTES, EN ESPA\u00d1A Y EN TODO EL MUNDO<\/span>\n\t\t\t\t\t\t\t\t\t<\/li>\n\t\t\t\t\t\t\t\t<li class=\"elementor-icon-list-item\">\n\t\t\t\t\t\t\t\t\t\t\t<span class=\"elementor-icon-list-icon\">\n\t\t\t\t\t\t\t<svg xmlns=\"http:\/\/www.w3.org\/2000\/svg\" id=\"Isolation_Mode\" data-name=\"Isolation Mode\" viewbox=\"0 0 24 24\" width=\"512\" height=\"512\"><path d=\"M7.8,21.425A2.542,2.542,0,0,1,6,20.679L.439,15.121,2.561,13,7.8,18.239,21.439,4.6l2.122,2.121L9.6,20.679A2.542,2.542,0,0,1,7.8,21.425Z\"><\/path><\/svg>\t\t\t\t\t\t<\/span>\n\t\t\t\t\t\t\t\t\t\t<span class=\"elementor-icon-list-text\">04 - Y POST-VENTA ESPECIALIZADO EN LA PREPARACI\u00d3N DE<\/span>\n\t\t\t\t\t\t\t\t\t<\/li>\n\t\t\t\t\t\t\t\t<li class=\"elementor-icon-list-item\">\n\t\t\t\t\t\t\t\t\t\t\t<span class=\"elementor-icon-list-icon\">\n\t\t\t\t\t\t\t<svg xmlns=\"http:\/\/www.w3.org\/2000\/svg\" id=\"Isolation_Mode\" data-name=\"Isolation Mode\" viewbox=\"0 0 24 24\" width=\"512\" height=\"512\"><path d=\"M7.8,21.425A2.542,2.542,0,0,1,6,20.679L.439,15.121,2.561,13,7.8,18.239,21.439,4.6l2.122,2.121L9.6,20.679A2.542,2.542,0,0,1,7.8,21.425Z\"><\/path><\/svg>\t\t\t\t\t\t<\/span>\n\t\t\t\t\t\t\t\t\t\t<span class=\"elementor-icon-list-text\">05 - LA TRADICI\u00d3N EN EL MERCADO DESDE EL A\u00d1O 1986<\/span>\n\t\t\t\t\t\t\t\t\t<\/li>\n\t\t\t\t\t\t<\/ul>\n\t\t\t\t<\/div>\n\t\t\t\t<\/div>\n\t\t\t\t<div class=\"elementor-element elementor-element-e273018 elementor-icon-list--layout-traditional elementor-list-item-link-full_width elementor-widget elementor-widget-icon-list\" data-id=\"e273018\" data-element_type=\"widget\" data-widget_type=\"icon-list.default\">\n\t\t\t\t<div class=\"elementor-widget-container\">\n\t\t\t\t\t<ul class=\"elementor-icon-list-items\">\n\t\t\t\t\t\t\t<li class=\"elementor-icon-list-item\">\n\t\t\t\t\t\t\t\t\t\t\t<span class=\"elementor-icon-list-icon\">\n\t\t\t\t\t\t\t<svg xmlns=\"http:\/\/www.w3.org\/2000\/svg\" id=\"Isolation_Mode\" data-name=\"Isolation Mode\" viewbox=\"0 0 24 24\" width=\"512\" height=\"512\"><path d=\"M7.8,21.425A2.542,2.542,0,0,1,6,20.679L.439,15.121,2.561,13,7.8,18.239,21.439,4.6l2.122,2.121L9.6,20.679A2.542,2.542,0,0,1,7.8,21.425Z\"><\/path><\/svg>\t\t\t\t\t\t<\/span>\n\t\t\t\t\t\t\t\t\t\t<span class=\"elementor-icon-list-text\">06 - CON M\u00c1S DE 100 EMPLEADOS A SU DISPOSICI\u00d3N<\/span>\n\t\t\t\t\t\t\t\t\t<\/li>\n\t\t\t\t\t\t\t\t<li class=\"elementor-icon-list-item\">\n\t\t\t\t\t\t\t\t\t\t\t<span class=\"elementor-icon-list-icon\">\n\t\t\t\t\t\t\t<svg xmlns=\"http:\/\/www.w3.org\/2000\/svg\" id=\"Isolation_Mode\" data-name=\"Isolation Mode\" viewbox=\"0 0 24 24\" width=\"512\" height=\"512\"><path d=\"M7.8,21.425A2.542,2.542,0,0,1,6,20.679L.439,15.121,2.561,13,7.8,18.239,21.439,4.6l2.122,2.121L9.6,20.679A2.542,2.542,0,0,1,7.8,21.425Z\"><\/path><\/svg>\t\t\t\t\t\t<\/span>\n\t\t\t\t\t\t\t\t\t\t<span class=\"elementor-icon-list-text\">07 - LA AGILIDAD EN LA RESPUESTA A LAS DEMANDAS DE<\/span>\n\t\t\t\t\t\t\t\t\t<\/li>\n\t\t\t\t\t\t\t\t<li class=\"elementor-icon-list-item\">\n\t\t\t\t\t\t\t\t\t\t\t<span class=\"elementor-icon-list-icon\">\n\t\t\t\t\t\t\t<svg xmlns=\"http:\/\/www.w3.org\/2000\/svg\" id=\"Isolation_Mode\" data-name=\"Isolation Mode\" viewbox=\"0 0 24 24\" width=\"512\" height=\"512\"><path d=\"M7.8,21.425A2.542,2.542,0,0,1,6,20.679L.439,15.121,2.561,13,7.8,18.239,21.439,4.6l2.122,2.121L9.6,20.679A2.542,2.542,0,0,1,7.8,21.425Z\"><\/path><\/svg>\t\t\t\t\t\t<\/span>\n\t\t\t\t\t\t\t\t\t\t<span class=\"elementor-icon-list-text\">08 - SEDE PROPIA, CON M\u00c1S DE 10.000 M2<\/span>\n\t\t\t\t\t\t\t\t\t<\/li>\n\t\t\t\t\t\t\t\t<li class=\"elementor-icon-list-item\">\n\t\t\t\t\t\t\t\t\t\t\t<span class=\"elementor-icon-list-icon\">\n\t\t\t\t\t\t\t<svg xmlns=\"http:\/\/www.w3.org\/2000\/svg\" id=\"Isolation_Mode\" data-name=\"Isolation Mode\" viewbox=\"0 0 24 24\" width=\"512\" height=\"512\"><path d=\"M7.8,21.425A2.542,2.542,0,0,1,6,20.679L.439,15.121,2.561,13,7.8,18.239,21.439,4.6l2.122,2.121L9.6,20.679A2.542,2.542,0,0,1,7.8,21.425Z\"><\/path><\/svg>\t\t\t\t\t\t<\/span>\n\t\t\t\t\t\t\t\t\t\t<span class=\"elementor-icon-list-text\">09 - LAS CERTIFICACIONES DE LAS NORMAS ISO 9001, ISO 14001 Y 45001<\/span>\n\t\t\t\t\t\t\t\t\t<\/li>\n\t\t\t\t\t\t\t\t<li class=\"elementor-icon-list-item\">\n\t\t\t\t\t\t\t\t\t\t\t<span class=\"elementor-icon-list-icon\">\n\t\t\t\t\t\t\t<svg xmlns=\"http:\/\/www.w3.org\/2000\/svg\" id=\"Isolation_Mode\" data-name=\"Isolation Mode\" viewbox=\"0 0 24 24\" width=\"512\" height=\"512\"><path d=\"M7.8,21.425A2.542,2.542,0,0,1,6,20.679L.439,15.121,2.561,13,7.8,18.239,21.439,4.6l2.122,2.121L9.6,20.679A2.542,2.542,0,0,1,7.8,21.425Z\"><\/path><\/svg>\t\t\t\t\t\t<\/span>\n\t\t\t\t\t\t\t\t\t\t<span class=\"elementor-icon-list-text\">10 - LA GESTI\u00d3N RESPONSABLE Y TRANSPARENTE.<\/span>\n\t\t\t\t\t\t\t\t\t<\/li>\n\t\t\t\t\t\t<\/ul>\n\t\t\t\t<\/div>\n\t\t\t\t<\/div>\n\t\t\t\t\t<\/div>\n\t\t\t\t<\/div>\n\t\t\t\t<\/div>","protected":false},"excerpt":{"rendered":"<p>01 &#8211; ENGENHEIROS QUALIFICADOS E EXPERIENTES 02 &#8211; MAIS DE 30 MIL EQUIPAMENTOS EM OPERA\u00c7\u00c3O 03 &#8211; COLE\u00c7\u00c3O DE CLIENTES NO BRASIL E NO MUNDO 04 &#8211; P\u00d3S-VENDAS ESPECIALIZADO \u00c0 PRONTID\u00c3O 05 &#8211; TRADI\u00c7\u00c3O NO MERCADO DESDE 1986 06 &#8211; MAIS DE 100 COLABORADORES \u00c0 DISPOSI\u00c7\u00c3O 07 &#8211; AGILIDADE NA RESPOSTA \u00c0S DEMANDAS 08 &#8211; [&hellip;]<\/p>","protected":false},"author":1,"featured_media":0,"parent":0,"menu_order":0,"comment_status":"closed","ping_status":"closed","template":"","meta":{"_acf_changed":false,"_joinchat":[],"footnotes":""},"class_list":["post-355","page","type-page","status-publish","hentry"],"acf":[],"yoast_head":"<!-- This site is optimized with the Yoast SEO Premium plugin v23.4 (Yoast SEO v27.1.1) - https:\/\/yoast.com\/product\/yoast-seo-premium-wordpress\/ -->\n<title>Diferenciais - Bem-vindo \u00e0 ALFATERM<\/title>\n<meta name=\"robots\" content=\"index, follow, max-snippet:-1, max-image-preview:large, max-video-preview:-1\" \/>\n<link rel=\"canonical\" href=\"https:\/\/www.alfaterm.com.br\/es\/diferenciales\/\" \/>\n<meta property=\"og:locale\" content=\"es_ES\" \/>\n<meta property=\"og:type\" content=\"article\" \/>\n<meta property=\"og:title\" content=\"Diferenciais\" \/>\n<meta property=\"og:description\" content=\"01 &#8211; ENGENHEIROS QUALIFICADOS E EXPERIENTES 02 &#8211; MAIS DE 30 MIL EQUIPAMENTOS EM OPERA\u00c7\u00c3O 03 &#8211; COLE\u00c7\u00c3O DE CLIENTES NO BRASIL E NO MUNDO 04 &#8211; P\u00d3S-VENDAS ESPECIALIZADO \u00c0 PRONTID\u00c3O 05 &#8211; TRADI\u00c7\u00c3O NO MERCADO DESDE 1986 06 &#8211; MAIS DE 100 COLABORADORES \u00c0 DISPOSI\u00c7\u00c3O 07 &#8211; AGILIDADE NA RESPOSTA \u00c0S DEMANDAS 08 &#8211; [&hellip;]\" \/>\n<meta property=\"og:url\" content=\"https:\/\/www.alfaterm.com.br\/es\/diferenciales\/\" \/>\n<meta property=\"og:site_name\" content=\"Bem-vindo \u00e0 ALFATERM\" \/>\n<meta property=\"article:modified_time\" content=\"2024-08-23T18:16:57+00:00\" \/>\n<meta name=\"twitter:card\" content=\"summary_large_image\" \/>\n<script type=\"application\/ld+json\" class=\"yoast-schema-graph\">{\"@context\":\"https:\/\/schema.org\",\"@graph\":[{\"@type\":\"WebPage\",\"@id\":\"https:\/\/www.alfaterm.com.br\/diferenciais\/\",\"url\":\"https:\/\/www.alfaterm.com.br\/diferenciais\/\",\"name\":\"Diferenciais - Bem-vindo \u00e0 ALFATERM\",\"isPartOf\":{\"@id\":\"https:\/\/www.alfaterm.com.br\/#website\"},\"datePublished\":\"2024-08-12T23:03:18+00:00\",\"dateModified\":\"2024-08-23T18:16:57+00:00\",\"breadcrumb\":{\"@id\":\"https:\/\/www.alfaterm.com.br\/diferenciais\/#breadcrumb\"},\"inLanguage\":\"es\",\"potentialAction\":[{\"@type\":\"ReadAction\",\"target\":[\"https:\/\/www.alfaterm.com.br\/diferenciais\/\"]}]},{\"@type\":\"BreadcrumbList\",\"@id\":\"https:\/\/www.alfaterm.com.br\/diferenciais\/#breadcrumb\",\"itemListElement\":[{\"@type\":\"ListItem\",\"position\":1,\"name\":\"Home\",\"item\":\"https:\/\/www.alfaterm.com.br\/\"},{\"@type\":\"ListItem\",\"position\":2,\"name\":\"Diferenciais\"}]},{\"@type\":\"WebSite\",\"@id\":\"https:\/\/www.alfaterm.com.br\/#website\",\"url\":\"https:\/\/www.alfaterm.com.br\/\",\"name\":\"Bem-vindo \u00e0 ALFATERM\",\"description\":\"\",\"publisher\":{\"@id\":\"https:\/\/www.alfaterm.com.br\/#organization\"},\"potentialAction\":[{\"@type\":\"SearchAction\",\"target\":{\"@type\":\"EntryPoint\",\"urlTemplate\":\"https:\/\/www.alfaterm.com.br\/?s={search_term_string}\"},\"query-input\":{\"@type\":\"PropertyValueSpecification\",\"valueRequired\":true,\"valueName\":\"search_term_string\"}}],\"inLanguage\":\"es\"},{\"@type\":\"Organization\",\"@id\":\"https:\/\/www.alfaterm.com.br\/#organization\",\"name\":\"Bem-vindo \u00e0 ALFATERM\",\"url\":\"https:\/\/www.alfaterm.com.br\/\",\"logo\":{\"@type\":\"ImageObject\",\"inLanguage\":\"es\",\"@id\":\"https:\/\/www.alfaterm.com.br\/#\/schema\/logo\/image\/\",\"url\":\"https:\/\/www.alfaterm.com.br\/wp-content\/uploads\/2024\/07\/logo-alfaterm.png\",\"contentUrl\":\"https:\/\/www.alfaterm.com.br\/wp-content\/uploads\/2024\/07\/logo-alfaterm.png\",\"width\":393,\"height\":45,\"caption\":\"Bem-vindo \u00e0 ALFATERM\"},\"image\":{\"@id\":\"https:\/\/www.alfaterm.com.br\/#\/schema\/logo\/image\/\"}}]}<\/script>\n<!-- \/ Yoast SEO Premium plugin. -->","yoast_head_json":{"title":"Diferenciais - Bem-vindo \u00e0 ALFATERM","robots":{"index":"index","follow":"follow","max-snippet":"max-snippet:-1","max-image-preview":"max-image-preview:large","max-video-preview":"max-video-preview:-1"},"canonical":"https:\/\/www.alfaterm.com.br\/es\/diferenciales\/","og_locale":"es_ES","og_type":"article","og_title":"Diferenciais","og_description":"01 &#8211; ENGENHEIROS QUALIFICADOS E EXPERIENTES 02 &#8211; MAIS DE 30 MIL EQUIPAMENTOS EM OPERA\u00c7\u00c3O 03 &#8211; COLE\u00c7\u00c3O DE CLIENTES NO BRASIL E NO MUNDO 04 &#8211; P\u00d3S-VENDAS ESPECIALIZADO \u00c0 PRONTID\u00c3O 05 &#8211; TRADI\u00c7\u00c3O NO MERCADO DESDE 1986 06 &#8211; MAIS DE 100 COLABORADORES \u00c0 DISPOSI\u00c7\u00c3O 07 &#8211; AGILIDADE NA RESPOSTA \u00c0S DEMANDAS 08 &#8211; [&hellip;]","og_url":"https:\/\/www.alfaterm.com.br\/es\/diferenciales\/","og_site_name":"Bem-vindo \u00e0 ALFATERM","article_modified_time":"2024-08-23T18:16:57+00:00","twitter_card":"summary_large_image","schema":{"@context":"https:\/\/schema.org","@graph":[{"@type":"WebPage","@id":"https:\/\/www.alfaterm.com.br\/diferenciais\/","url":"https:\/\/www.alfaterm.com.br\/diferenciais\/","name":"Diferenciais - Bem-vindo \u00e0 ALFATERM","isPartOf":{"@id":"https:\/\/www.alfaterm.com.br\/#website"},"datePublished":"2024-08-12T23:03:18+00:00","dateModified":"2024-08-23T18:16:57+00:00","breadcrumb":{"@id":"https:\/\/www.alfaterm.com.br\/diferenciais\/#breadcrumb"},"inLanguage":"es","potentialAction":[{"@type":"ReadAction","target":["https:\/\/www.alfaterm.com.br\/diferenciais\/"]}]},{"@type":"BreadcrumbList","@id":"https:\/\/www.alfaterm.com.br\/diferenciais\/#breadcrumb","itemListElement":[{"@type":"ListItem","position":1,"name":"Home","item":"https:\/\/www.alfaterm.com.br\/"},{"@type":"ListItem","position":2,"name":"Diferenciais"}]},{"@type":"WebSite","@id":"https:\/\/www.alfaterm.com.br\/#website","url":"https:\/\/www.alfaterm.com.br\/","name":"Bem-vindo \u00e0 ALFATERM","description":"","publisher":{"@id":"https:\/\/www.alfaterm.com.br\/#organization"},"potentialAction":[{"@type":"SearchAction","target":{"@type":"EntryPoint","urlTemplate":"https:\/\/www.alfaterm.com.br\/?s={search_term_string}"},"query-input":{"@type":"PropertyValueSpecification","valueRequired":true,"valueName":"search_term_string"}}],"inLanguage":"es"},{"@type":"Organization","@id":"https:\/\/www.alfaterm.com.br\/#organization","name":"Bem-vindo \u00e0 ALFATERM","url":"https:\/\/www.alfaterm.com.br\/","logo":{"@type":"ImageObject","inLanguage":"es","@id":"https:\/\/www.alfaterm.com.br\/#\/schema\/logo\/image\/","url":"https:\/\/www.alfaterm.com.br\/wp-content\/uploads\/2024\/07\/logo-alfaterm.png","contentUrl":"https:\/\/www.alfaterm.com.br\/wp-content\/uploads\/2024\/07\/logo-alfaterm.png","width":393,"height":45,"caption":"Bem-vindo \u00e0 ALFATERM"},"image":{"@id":"https:\/\/www.alfaterm.com.br\/#\/schema\/logo\/image\/"}}]}},"_links":{"self":[{"href":"https:\/\/www.alfaterm.com.br\/es\/wp-json\/wp\/v2\/pages\/355","targetHints":{"allow":["GET"]}}],"collection":[{"href":"https:\/\/www.alfaterm.com.br\/es\/wp-json\/wp\/v2\/pages"}],"about":[{"href":"https:\/\/www.alfaterm.com.br\/es\/wp-json\/wp\/v2\/types\/page"}],"author":[{"embeddable":true,"href":"https:\/\/www.alfaterm.com.br\/es\/wp-json\/wp\/v2\/users\/1"}],"replies":[{"embeddable":true,"href":"https:\/\/www.alfaterm.com.br\/es\/wp-json\/wp\/v2\/comments?post=355"}],"version-history":[{"count":0,"href":"https:\/\/www.alfaterm.com.br\/es\/wp-json\/wp\/v2\/pages\/355\/revisions"}],"wp:attachment":[{"href":"https:\/\/www.alfaterm.com.br\/es\/wp-json\/wp\/v2\/media?parent=355"}],"curies":[{"name":"wp","href":"https:\/\/api.w.org\/{rel}","templated":true}]}}