{"id":2351,"date":"2024-09-02T09:10:52","date_gmt":"2024-09-02T12:10:52","guid":{"rendered":"https:\/\/www.alfaterm.com.br\/?page_id=2351"},"modified":"2024-09-09T05:30:03","modified_gmt":"2024-09-09T08:30:03","slug":"unidade-resfriadora-liquido","status":"publish","type":"page","link":"https:\/\/www.alfaterm.com.br\/es\/informacoes\/unidade-resfriadora-liquido\/","title":{"rendered":"Unidade resfriadora de l\u00edquido"},"content":{"rendered":"<p>Uma&nbsp;unidade resfriadora de l\u00edquido, como o pr\u00f3prio nome j\u00e1 sugere, \u00e9 um equipamento que tem como fun\u00e7\u00e3o resfriar diversos tipos de l\u00edquidos para que possam ser utilizados em diversas aplica\u00e7\u00f5es e pelos mais variados segmentos industriais.<\/p>\n\n\n\n<p>Para garantir uma&nbsp;unidade resfriadora de l\u00edquido&nbsp;de qualidade que desempenhe suas fun\u00e7\u00f5es com excel\u00eancia \u00e9 preciso buscar uma empresa de qualidade e certificada capaz de fornecer uma&nbsp;unidade resfriadora de l\u00edquido&nbsp;com o mais alto grau de efici\u00eancia que se pode esperar, dentro os mais variados tipos de&nbsp;unidade resfriadora de l\u00edquido&nbsp;existentes no mercado, oferecendo a melhor op\u00e7\u00e3o para cada aplica\u00e7\u00e3o tanto em funcionalidade quanto na quest\u00e3o financeira, al\u00e9m de oferecer um auxilio em todas as maneiras poss\u00edveis para que o cliente possa sair satisfeito com o investimento feito.<\/p>\n\n\n\n<h2 class=\"wp-block-heading\">MAIORES INFORMA\u00c7\u00d5ES ACERCA DA UNIDADE RESFRIADORA DE L\u00cdQUIDO<\/h2>\n\n\n\n<p>Existem diversas marcas fornecedoras de&nbsp;unidade resfriadora de l\u00edquido&nbsp;e que podem variar entre capacidade e modelos, podendo trabalhar com o processo de condensa\u00e7\u00e3o a ar ou a \u00e1gua. A&nbsp;unidade resfriadora de l\u00edquido&nbsp;conta com diversos componentes que garantem sua efici\u00eancia e alta performance, contando com componentes robustos e que s\u00e3o dur\u00e1veis, al\u00e9m de n\u00e3o descart\u00e1veis, o que garante uma maior seguran\u00e7a \u00e0&nbsp;unidade resfriadora de l\u00edquido, al\u00e9m de uma maior confiabilidade e economia de energia.<\/p>\n\n\n\n<p>Al\u00e9m disso, a&nbsp;unidade resfriadora de l\u00edquido&nbsp;tamb\u00e9m pode contar com um controlador l\u00f3gico que \u00e9 programado, podendo ser utilizado para que seja conferida uma grande capacidade de processamento, al\u00e9m de facilitar a amplia\u00e7\u00e3o para controles perif\u00e9ricos, oferecendo r\u00e1pida manuten\u00e7\u00e3o e obten\u00e7\u00e3o de pe\u00e7as. Com tal controlador de f\u00e1cil navega\u00e7\u00e3o, \u00e9 poss\u00edvel que a&nbsp;unidade resfriadora de l\u00edquido&nbsp;seja monitorada com mais facilidade e efici\u00eancia at\u00e9 pela rede ou pela internet, permitindo at\u00e9 que o equipamento trabalhe com uma configura\u00e7\u00e3o pr\u00e9-estabelecida.<\/p>\n\n\n\n<h2 class=\"wp-block-heading\">ALFATERM IND\u00daSTRIA E COM\u00c9RCIO LTDA \u2013 COMPROMETIMENTO COM A OBTEN\u00c7\u00c3O DE RESULTADOS<\/h2>\n\n\n\n<p>A ALFATERM Ind\u00fastria e Com\u00e9rcio LTDA \u00e9 uma empresa que busca o compromisso com seus servi\u00e7os atrav\u00e9s da qualidade obtida nos mais de 20 anos de exist\u00eancia da empresa, al\u00e9m de realizar um gerenciamento que \u00e9 totalmente comprometida em entregar os resultados esperados da empresa.<\/p>\n\n\n\n<h2 class=\"wp-block-heading\">Para saber mais sobre Assist\u00eancia t\u00e9cnica em torres de resfriar<\/h2>\n\n\n\n<p>Ligue para&nbsp;<strong>11 4156-8930<\/strong>&nbsp;ou&nbsp;<a href=\"https:\/\/www.alfaterm.com.br\/es\/contacto\/\">clique aqui<\/a>&nbsp;e entre em contato por email.<\/p>","protected":false},"excerpt":{"rendered":"<p>Uma&nbsp;unidade resfriadora de l\u00edquido, como o pr\u00f3prio nome j\u00e1 sugere, \u00e9 um equipamento que tem como fun\u00e7\u00e3o resfriar diversos tipos de l\u00edquidos para que possam ser utilizados em diversas aplica\u00e7\u00f5es e pelos mais variados segmentos industriais. Para garantir uma&nbsp;unidade resfriadora de l\u00edquido&nbsp;de qualidade que desempenhe suas fun\u00e7\u00f5es com excel\u00eancia \u00e9 preciso buscar uma empresa de [&hellip;]<\/p>","protected":false},"author":1,"featured_media":2256,"parent":2144,"menu_order":0,"comment_status":"closed","ping_status":"closed","template":"","meta":{"_acf_changed":false,"_joinchat":[],"footnotes":""},"class_list":["post-2351","page","type-page","status-publish","has-post-thumbnail","hentry"],"acf":[],"yoast_head":"<!-- This site is optimized with the Yoast SEO Premium plugin v23.4 (Yoast SEO v27.1.1) - https:\/\/yoast.com\/product\/yoast-seo-premium-wordpress\/ -->\n<title>Unidade resfriadora de l\u00edquido - Bem-vindo \u00e0 ALFATERM<\/title>\n<meta name=\"robots\" content=\"index, follow, max-snippet:-1, max-image-preview:large, max-video-preview:-1\" \/>\n<link rel=\"canonical\" href=\"https:\/\/www.alfaterm.com.br\/es\/informacoes\/unidade-resfriadora-liquido\/\" \/>\n<meta property=\"og:locale\" content=\"es_ES\" \/>\n<meta property=\"og:type\" content=\"article\" \/>\n<meta property=\"og:title\" content=\"Unidade resfriadora de l\u00edquido\" \/>\n<meta property=\"og:description\" content=\"Uma&nbsp;unidade resfriadora de l\u00edquido, como o pr\u00f3prio nome j\u00e1 sugere, \u00e9 um equipamento que tem como fun\u00e7\u00e3o resfriar diversos tipos de l\u00edquidos para que possam ser utilizados em diversas aplica\u00e7\u00f5es e pelos mais variados segmentos industriais. Para garantir uma&nbsp;unidade resfriadora de l\u00edquido&nbsp;de qualidade que desempenhe suas fun\u00e7\u00f5es com excel\u00eancia \u00e9 preciso buscar uma empresa de [&hellip;]\" \/>\n<meta property=\"og:url\" content=\"https:\/\/www.alfaterm.com.br\/es\/informacoes\/unidade-resfriadora-liquido\/\" \/>\n<meta property=\"og:site_name\" content=\"Bem-vindo \u00e0 ALFATERM\" \/>\n<meta property=\"article:modified_time\" content=\"2024-09-09T08:30:03+00:00\" \/>\n<meta property=\"og:image\" content=\"https:\/\/www.alfaterm.com.br\/wp-content\/uploads\/2024\/09\/instalacao-torres-resfriamento.webp\" \/>\n\t<meta property=\"og:image:width\" content=\"800\" \/>\n\t<meta property=\"og:image:height\" content=\"524\" \/>\n\t<meta property=\"og:image:type\" content=\"image\/webp\" \/>\n<meta name=\"twitter:card\" content=\"summary_large_image\" \/>\n<meta name=\"twitter:label1\" content=\"Tiempo de lectura\" \/>\n\t<meta name=\"twitter:data1\" content=\"2 minutos\" \/>\n<script type=\"application\/ld+json\" class=\"yoast-schema-graph\">{\"@context\":\"https:\/\/schema.org\",\"@graph\":[{\"@type\":\"WebPage\",\"@id\":\"https:\/\/www.alfaterm.com.br\/informacoes\/unidade-resfriadora-liquido\/\",\"url\":\"https:\/\/www.alfaterm.com.br\/informacoes\/unidade-resfriadora-liquido\/\",\"name\":\"Unidade resfriadora de l\u00edquido - Bem-vindo \u00e0 ALFATERM\",\"isPartOf\":{\"@id\":\"https:\/\/www.alfaterm.com.br\/#website\"},\"primaryImageOfPage\":{\"@id\":\"https:\/\/www.alfaterm.com.br\/informacoes\/unidade-resfriadora-liquido\/#primaryimage\"},\"image\":{\"@id\":\"https:\/\/www.alfaterm.com.br\/informacoes\/unidade-resfriadora-liquido\/#primaryimage\"},\"thumbnailUrl\":\"https:\/\/www.alfaterm.com.br\/wp-content\/uploads\/2024\/09\/instalacao-torres-resfriamento.webp\",\"datePublished\":\"2024-09-02T12:10:52+00:00\",\"dateModified\":\"2024-09-09T08:30:03+00:00\",\"breadcrumb\":{\"@id\":\"https:\/\/www.alfaterm.com.br\/informacoes\/unidade-resfriadora-liquido\/#breadcrumb\"},\"inLanguage\":\"es\",\"potentialAction\":[{\"@type\":\"ReadAction\",\"target\":[\"https:\/\/www.alfaterm.com.br\/informacoes\/unidade-resfriadora-liquido\/\"]}]},{\"@type\":\"ImageObject\",\"inLanguage\":\"es\",\"@id\":\"https:\/\/www.alfaterm.com.br\/informacoes\/unidade-resfriadora-liquido\/#primaryimage\",\"url\":\"https:\/\/www.alfaterm.com.br\/wp-content\/uploads\/2024\/09\/instalacao-torres-resfriamento.webp\",\"contentUrl\":\"https:\/\/www.alfaterm.com.br\/wp-content\/uploads\/2024\/09\/instalacao-torres-resfriamento.webp\",\"width\":800,\"height\":524},{\"@type\":\"BreadcrumbList\",\"@id\":\"https:\/\/www.alfaterm.com.br\/informacoes\/unidade-resfriadora-liquido\/#breadcrumb\",\"itemListElement\":[{\"@type\":\"ListItem\",\"position\":1,\"name\":\"Home\",\"item\":\"https:\/\/www.alfaterm.com.br\/\"},{\"@type\":\"ListItem\",\"position\":2,\"name\":\"Informa\u00e7\u00f5es\",\"item\":\"https:\/\/www.alfaterm.com.br\/informacoes\/\"},{\"@type\":\"ListItem\",\"position\":3,\"name\":\"Unidade resfriadora de l\u00edquido\"}]},{\"@type\":\"WebSite\",\"@id\":\"https:\/\/www.alfaterm.com.br\/#website\",\"url\":\"https:\/\/www.alfaterm.com.br\/\",\"name\":\"Bem-vindo \u00e0 ALFATERM\",\"description\":\"\",\"publisher\":{\"@id\":\"https:\/\/www.alfaterm.com.br\/#organization\"},\"potentialAction\":[{\"@type\":\"SearchAction\",\"target\":{\"@type\":\"EntryPoint\",\"urlTemplate\":\"https:\/\/www.alfaterm.com.br\/?s={search_term_string}\"},\"query-input\":{\"@type\":\"PropertyValueSpecification\",\"valueRequired\":true,\"valueName\":\"search_term_string\"}}],\"inLanguage\":\"es\"},{\"@type\":\"Organization\",\"@id\":\"https:\/\/www.alfaterm.com.br\/#organization\",\"name\":\"Bem-vindo \u00e0 ALFATERM\",\"url\":\"https:\/\/www.alfaterm.com.br\/\",\"logo\":{\"@type\":\"ImageObject\",\"inLanguage\":\"es\",\"@id\":\"https:\/\/www.alfaterm.com.br\/#\/schema\/logo\/image\/\",\"url\":\"https:\/\/www.alfaterm.com.br\/wp-content\/uploads\/2024\/07\/logo-alfaterm.png\",\"contentUrl\":\"https:\/\/www.alfaterm.com.br\/wp-content\/uploads\/2024\/07\/logo-alfaterm.png\",\"width\":393,\"height\":45,\"caption\":\"Bem-vindo \u00e0 ALFATERM\"},\"image\":{\"@id\":\"https:\/\/www.alfaterm.com.br\/#\/schema\/logo\/image\/\"}}]}<\/script>\n<!-- \/ Yoast SEO Premium plugin. -->","yoast_head_json":{"title":"Unidade resfriadora de l\u00edquido - Bem-vindo \u00e0 ALFATERM","robots":{"index":"index","follow":"follow","max-snippet":"max-snippet:-1","max-image-preview":"max-image-preview:large","max-video-preview":"max-video-preview:-1"},"canonical":"https:\/\/www.alfaterm.com.br\/es\/informacoes\/unidade-resfriadora-liquido\/","og_locale":"es_ES","og_type":"article","og_title":"Unidade resfriadora de l\u00edquido","og_description":"Uma&nbsp;unidade resfriadora de l\u00edquido, como o pr\u00f3prio nome j\u00e1 sugere, \u00e9 um equipamento que tem como fun\u00e7\u00e3o resfriar diversos tipos de l\u00edquidos para que possam ser utilizados em diversas aplica\u00e7\u00f5es e pelos mais variados segmentos industriais. Para garantir uma&nbsp;unidade resfriadora de l\u00edquido&nbsp;de qualidade que desempenhe suas fun\u00e7\u00f5es com excel\u00eancia \u00e9 preciso buscar uma empresa de [&hellip;]","og_url":"https:\/\/www.alfaterm.com.br\/es\/informacoes\/unidade-resfriadora-liquido\/","og_site_name":"Bem-vindo \u00e0 ALFATERM","article_modified_time":"2024-09-09T08:30:03+00:00","og_image":[{"width":800,"height":524,"url":"https:\/\/www.alfaterm.com.br\/wp-content\/uploads\/2024\/09\/instalacao-torres-resfriamento.webp","type":"image\/webp"}],"twitter_card":"summary_large_image","twitter_misc":{"Tiempo de lectura":"2 minutos"},"schema":{"@context":"https:\/\/schema.org","@graph":[{"@type":"WebPage","@id":"https:\/\/www.alfaterm.com.br\/informacoes\/unidade-resfriadora-liquido\/","url":"https:\/\/www.alfaterm.com.br\/informacoes\/unidade-resfriadora-liquido\/","name":"Unidade resfriadora de l\u00edquido - Bem-vindo \u00e0 ALFATERM","isPartOf":{"@id":"https:\/\/www.alfaterm.com.br\/#website"},"primaryImageOfPage":{"@id":"https:\/\/www.alfaterm.com.br\/informacoes\/unidade-resfriadora-liquido\/#primaryimage"},"image":{"@id":"https:\/\/www.alfaterm.com.br\/informacoes\/unidade-resfriadora-liquido\/#primaryimage"},"thumbnailUrl":"https:\/\/www.alfaterm.com.br\/wp-content\/uploads\/2024\/09\/instalacao-torres-resfriamento.webp","datePublished":"2024-09-02T12:10:52+00:00","dateModified":"2024-09-09T08:30:03+00:00","breadcrumb":{"@id":"https:\/\/www.alfaterm.com.br\/informacoes\/unidade-resfriadora-liquido\/#breadcrumb"},"inLanguage":"es","potentialAction":[{"@type":"ReadAction","target":["https:\/\/www.alfaterm.com.br\/informacoes\/unidade-resfriadora-liquido\/"]}]},{"@type":"ImageObject","inLanguage":"es","@id":"https:\/\/www.alfaterm.com.br\/informacoes\/unidade-resfriadora-liquido\/#primaryimage","url":"https:\/\/www.alfaterm.com.br\/wp-content\/uploads\/2024\/09\/instalacao-torres-resfriamento.webp","contentUrl":"https:\/\/www.alfaterm.com.br\/wp-content\/uploads\/2024\/09\/instalacao-torres-resfriamento.webp","width":800,"height":524},{"@type":"BreadcrumbList","@id":"https:\/\/www.alfaterm.com.br\/informacoes\/unidade-resfriadora-liquido\/#breadcrumb","itemListElement":[{"@type":"ListItem","position":1,"name":"Home","item":"https:\/\/www.alfaterm.com.br\/"},{"@type":"ListItem","position":2,"name":"Informa\u00e7\u00f5es","item":"https:\/\/www.alfaterm.com.br\/informacoes\/"},{"@type":"ListItem","position":3,"name":"Unidade resfriadora de l\u00edquido"}]},{"@type":"WebSite","@id":"https:\/\/www.alfaterm.com.br\/#website","url":"https:\/\/www.alfaterm.com.br\/","name":"Bem-vindo \u00e0 ALFATERM","description":"","publisher":{"@id":"https:\/\/www.alfaterm.com.br\/#organization"},"potentialAction":[{"@type":"SearchAction","target":{"@type":"EntryPoint","urlTemplate":"https:\/\/www.alfaterm.com.br\/?s={search_term_string}"},"query-input":{"@type":"PropertyValueSpecification","valueRequired":true,"valueName":"search_term_string"}}],"inLanguage":"es"},{"@type":"Organization","@id":"https:\/\/www.alfaterm.com.br\/#organization","name":"Bem-vindo \u00e0 ALFATERM","url":"https:\/\/www.alfaterm.com.br\/","logo":{"@type":"ImageObject","inLanguage":"es","@id":"https:\/\/www.alfaterm.com.br\/#\/schema\/logo\/image\/","url":"https:\/\/www.alfaterm.com.br\/wp-content\/uploads\/2024\/07\/logo-alfaterm.png","contentUrl":"https:\/\/www.alfaterm.com.br\/wp-content\/uploads\/2024\/07\/logo-alfaterm.png","width":393,"height":45,"caption":"Bem-vindo \u00e0 ALFATERM"},"image":{"@id":"https:\/\/www.alfaterm.com.br\/#\/schema\/logo\/image\/"}}]}},"_links":{"self":[{"href":"https:\/\/www.alfaterm.com.br\/es\/wp-json\/wp\/v2\/pages\/2351","targetHints":{"allow":["GET"]}}],"collection":[{"href":"https:\/\/www.alfaterm.com.br\/es\/wp-json\/wp\/v2\/pages"}],"about":[{"href":"https:\/\/www.alfaterm.com.br\/es\/wp-json\/wp\/v2\/types\/page"}],"author":[{"embeddable":true,"href":"https:\/\/www.alfaterm.com.br\/es\/wp-json\/wp\/v2\/users\/1"}],"replies":[{"embeddable":true,"href":"https:\/\/www.alfaterm.com.br\/es\/wp-json\/wp\/v2\/comments?post=2351"}],"version-history":[{"count":0,"href":"https:\/\/www.alfaterm.com.br\/es\/wp-json\/wp\/v2\/pages\/2351\/revisions"}],"up":[{"embeddable":true,"href":"https:\/\/www.alfaterm.com.br\/es\/wp-json\/wp\/v2\/pages\/2144"}],"wp:featuredmedia":[{"embeddable":true,"href":"https:\/\/www.alfaterm.com.br\/es\/wp-json\/wp\/v2\/media\/2256"}],"wp:attachment":[{"href":"https:\/\/www.alfaterm.com.br\/es\/wp-json\/wp\/v2\/media?parent=2351"}],"curies":[{"name":"wp","href":"https:\/\/api.w.org\/{rel}","templated":true}]}}