{"id":2350,"date":"2024-09-02T09:09:42","date_gmt":"2024-09-02T12:09:42","guid":{"rendered":"https:\/\/www.alfaterm.com.br\/?page_id=2350"},"modified":"2024-09-09T05:29:49","modified_gmt":"2024-09-09T08:29:49","slug":"tratamento-agua-resfriamento","status":"publish","type":"page","link":"https:\/\/www.alfaterm.com.br\/es\/informacoes\/tratamento-agua-resfriamento\/","title":{"rendered":"Tratamento de \u00e1gua de resfriamento"},"content":{"rendered":"<p>A \u00e1gua \u00e9 muito usada em diversos processos por v\u00e1rias ind\u00fastrias como agente de resfriamento por ter um calor especifico elevado, o que a torna pr\u00f3pria para esses processos. Para evitar o desperd\u00edcio da \u00e1gua, \u00e9 necess\u00e1rio que a mesma passe por um&nbsp;tratamento de \u00e1gua de resfriamentoIsso ameniza eventuais problemas que podem levar a esse desperd\u00edcio e otimizar o funcionamento dos equipamentos envolvidos, al\u00e9m da import\u00e2ncia ecol\u00f3gica que esse tipo de tratamento apresenta.<\/p>\n\n\n\n<p>Tendo isso em vista, \u00e9 necess\u00e1ria uma avalia\u00e7\u00e3o das condi\u00e7\u00f5es vigentes no sistema para que haja uma forma de&nbsp;tratamento de \u00e1gua de resfriamento&nbsp;que combata o tipo especifico do problema enfrentado.<\/p>\n\n\n\n<h2 class=\"wp-block-heading\">OBJETIVOS DO TRATAMENTO DE \u00c1GUA DE RESFRIAMENTO<\/h2>\n\n\n\n<p>Para evitar tratamentos que agridam o meio ambiente ou reduzam a produ\u00e7\u00e3o de empresas, \u00e9 necess\u00e1rio que se fa\u00e7a o correto&nbsp;tratamento de \u00e1gua de resfriamento.<\/p>\n\n\n\n<p>A \u00e1gua de resfriamento enfrenta tr\u00eas principais problemas que s\u00e3o a corros\u00e3o, a incrusta\u00e7\u00e3o e o chamado slime e identificando qual desses afeta o sistema \u00e9 que se far\u00e1 o&nbsp;tratamento de \u00e1gua de resfriamento&nbsp;mais apropriado.<\/p>\n\n\n\n<p>O problema da corros\u00e3o \u00e9 a tend\u00eancia natural dos metais que comp\u00f5e a torre em retornar ao seu estado est\u00e1vel, por isso, \u00e9 necess\u00e1rio que se aplique inibidores de corros\u00e3o ou dispersantes no&nbsp;tratamento de \u00e1gua de resfriamento, minimizando esses processos corrosivos.<\/p>\n\n\n\n<p>A incrusta\u00e7\u00e3o consiste no aparecimento de dep\u00f3sitos nos circuitos e para evitar a forma\u00e7\u00e3o de incrusta\u00e7\u00f5es \u00e9 necess\u00e1rio que se fa\u00e7a o&nbsp;tratamento de \u00e1gua de resfriamento&nbsp;com processos qu\u00edmicos inibidores de incrusta\u00e7\u00f5es ou dispersantes.<\/p>\n\n\n\n<p>O slime se trata do desenvolvimento de microrganismos e dep\u00f3sitos de origem org\u00e2nica e seu tratamento se d\u00e1 com o pr\u00e9-tratamento de \u00e1gua de resfriamento&nbsp;ou com o uso de biocidas.<\/p>\n\n\n\n<h2 class=\"wp-block-heading\">TRADICIONALISMO NA FABRICA\u00c7\u00c3O DE TORRES DE RESFRIAMENTO<\/h2>\n\n\n\n<p>Atuando com o compromisso \u00e9tico de preven\u00e7\u00e3o da polui\u00e7\u00e3o, de preserva\u00e7\u00e3o do meio ambiente e da diminui\u00e7\u00e3o de res\u00edduos, a ALFATERM Ind\u00fastria e Com\u00e9rcio LTDA se tornou refer\u00eancia no ramo das torres de resfriamento.<\/p>\n\n\n\n<p>Com certifica\u00e7\u00f5es ISO 9001:2008, ISO 14001:2004 e OHSAS: 18001:2007 a empresa busca sempre manter a qualidade de servi\u00e7os, al\u00e9m de se preocupar com a seguran\u00e7a de seus colaboradores, oferecendo um ambiente de trabalho seguro e saud\u00e1vel.<\/p>\n\n\n\n<h2 class=\"wp-block-heading\">Para saber mais sobre Assist\u00eancia t\u00e9cnica em torres de resfriar<\/h2>\n\n\n\n<p>Ligue para&nbsp;<strong>11 4156-8930<\/strong>&nbsp;ou&nbsp;<a href=\"https:\/\/www.alfaterm.com.br\/es\/contacto\/\">clique aqui<\/a>&nbsp;e entre em contato por email.<\/p>","protected":false},"excerpt":{"rendered":"<p>A \u00e1gua \u00e9 muito usada em diversos processos por v\u00e1rias ind\u00fastrias como agente de resfriamento por ter um calor especifico elevado, o que a torna pr\u00f3pria para esses processos. Para evitar o desperd\u00edcio da \u00e1gua, \u00e9 necess\u00e1rio que a mesma passe por um&nbsp;tratamento de \u00e1gua de resfriamentoIsso ameniza eventuais problemas que podem levar a esse [&hellip;]<\/p>","protected":false},"author":1,"featured_media":2256,"parent":2144,"menu_order":0,"comment_status":"closed","ping_status":"closed","template":"","meta":{"_acf_changed":false,"_joinchat":[],"footnotes":""},"class_list":["post-2350","page","type-page","status-publish","has-post-thumbnail","hentry"],"acf":[],"yoast_head":"<!-- This site is optimized with the Yoast SEO Premium plugin v23.4 (Yoast SEO v27.1.1) - https:\/\/yoast.com\/product\/yoast-seo-premium-wordpress\/ -->\n<title>Tratamento de \u00e1gua de resfriamento - Bem-vindo \u00e0 ALFATERM<\/title>\n<meta name=\"robots\" content=\"index, follow, max-snippet:-1, max-image-preview:large, max-video-preview:-1\" \/>\n<link rel=\"canonical\" href=\"https:\/\/www.alfaterm.com.br\/es\/informacoes\/tratamento-agua-resfriamento\/\" \/>\n<meta property=\"og:locale\" content=\"es_ES\" \/>\n<meta property=\"og:type\" content=\"article\" \/>\n<meta property=\"og:title\" content=\"Tratamento de \u00e1gua de resfriamento\" \/>\n<meta property=\"og:description\" content=\"A \u00e1gua \u00e9 muito usada em diversos processos por v\u00e1rias ind\u00fastrias como agente de resfriamento por ter um calor especifico elevado, o que a torna pr\u00f3pria para esses processos. Para evitar o desperd\u00edcio da \u00e1gua, \u00e9 necess\u00e1rio que a mesma passe por um&nbsp;tratamento de \u00e1gua de resfriamentoIsso ameniza eventuais problemas que podem levar a esse [&hellip;]\" \/>\n<meta property=\"og:url\" content=\"https:\/\/www.alfaterm.com.br\/es\/informacoes\/tratamento-agua-resfriamento\/\" \/>\n<meta property=\"og:site_name\" content=\"Bem-vindo \u00e0 ALFATERM\" \/>\n<meta property=\"article:modified_time\" content=\"2024-09-09T08:29:49+00:00\" \/>\n<meta property=\"og:image\" content=\"https:\/\/www.alfaterm.com.br\/wp-content\/uploads\/2024\/09\/instalacao-torres-resfriamento.webp\" \/>\n\t<meta property=\"og:image:width\" content=\"800\" \/>\n\t<meta property=\"og:image:height\" content=\"524\" \/>\n\t<meta property=\"og:image:type\" content=\"image\/webp\" \/>\n<meta name=\"twitter:card\" content=\"summary_large_image\" \/>\n<meta name=\"twitter:label1\" content=\"Tiempo de lectura\" \/>\n\t<meta name=\"twitter:data1\" content=\"2 minutos\" \/>\n<script type=\"application\/ld+json\" class=\"yoast-schema-graph\">{\"@context\":\"https:\/\/schema.org\",\"@graph\":[{\"@type\":\"WebPage\",\"@id\":\"https:\/\/www.alfaterm.com.br\/informacoes\/tratamento-agua-resfriamento\/\",\"url\":\"https:\/\/www.alfaterm.com.br\/informacoes\/tratamento-agua-resfriamento\/\",\"name\":\"Tratamento de \u00e1gua de resfriamento - Bem-vindo \u00e0 ALFATERM\",\"isPartOf\":{\"@id\":\"https:\/\/www.alfaterm.com.br\/#website\"},\"primaryImageOfPage\":{\"@id\":\"https:\/\/www.alfaterm.com.br\/informacoes\/tratamento-agua-resfriamento\/#primaryimage\"},\"image\":{\"@id\":\"https:\/\/www.alfaterm.com.br\/informacoes\/tratamento-agua-resfriamento\/#primaryimage\"},\"thumbnailUrl\":\"https:\/\/www.alfaterm.com.br\/wp-content\/uploads\/2024\/09\/instalacao-torres-resfriamento.webp\",\"datePublished\":\"2024-09-02T12:09:42+00:00\",\"dateModified\":\"2024-09-09T08:29:49+00:00\",\"breadcrumb\":{\"@id\":\"https:\/\/www.alfaterm.com.br\/informacoes\/tratamento-agua-resfriamento\/#breadcrumb\"},\"inLanguage\":\"es\",\"potentialAction\":[{\"@type\":\"ReadAction\",\"target\":[\"https:\/\/www.alfaterm.com.br\/informacoes\/tratamento-agua-resfriamento\/\"]}]},{\"@type\":\"ImageObject\",\"inLanguage\":\"es\",\"@id\":\"https:\/\/www.alfaterm.com.br\/informacoes\/tratamento-agua-resfriamento\/#primaryimage\",\"url\":\"https:\/\/www.alfaterm.com.br\/wp-content\/uploads\/2024\/09\/instalacao-torres-resfriamento.webp\",\"contentUrl\":\"https:\/\/www.alfaterm.com.br\/wp-content\/uploads\/2024\/09\/instalacao-torres-resfriamento.webp\",\"width\":800,\"height\":524},{\"@type\":\"BreadcrumbList\",\"@id\":\"https:\/\/www.alfaterm.com.br\/informacoes\/tratamento-agua-resfriamento\/#breadcrumb\",\"itemListElement\":[{\"@type\":\"ListItem\",\"position\":1,\"name\":\"Home\",\"item\":\"https:\/\/www.alfaterm.com.br\/\"},{\"@type\":\"ListItem\",\"position\":2,\"name\":\"Informa\u00e7\u00f5es\",\"item\":\"https:\/\/www.alfaterm.com.br\/informacoes\/\"},{\"@type\":\"ListItem\",\"position\":3,\"name\":\"Tratamento de \u00e1gua de resfriamento\"}]},{\"@type\":\"WebSite\",\"@id\":\"https:\/\/www.alfaterm.com.br\/#website\",\"url\":\"https:\/\/www.alfaterm.com.br\/\",\"name\":\"Bem-vindo \u00e0 ALFATERM\",\"description\":\"\",\"publisher\":{\"@id\":\"https:\/\/www.alfaterm.com.br\/#organization\"},\"potentialAction\":[{\"@type\":\"SearchAction\",\"target\":{\"@type\":\"EntryPoint\",\"urlTemplate\":\"https:\/\/www.alfaterm.com.br\/?s={search_term_string}\"},\"query-input\":{\"@type\":\"PropertyValueSpecification\",\"valueRequired\":true,\"valueName\":\"search_term_string\"}}],\"inLanguage\":\"es\"},{\"@type\":\"Organization\",\"@id\":\"https:\/\/www.alfaterm.com.br\/#organization\",\"name\":\"Bem-vindo \u00e0 ALFATERM\",\"url\":\"https:\/\/www.alfaterm.com.br\/\",\"logo\":{\"@type\":\"ImageObject\",\"inLanguage\":\"es\",\"@id\":\"https:\/\/www.alfaterm.com.br\/#\/schema\/logo\/image\/\",\"url\":\"https:\/\/www.alfaterm.com.br\/wp-content\/uploads\/2024\/07\/logo-alfaterm.png\",\"contentUrl\":\"https:\/\/www.alfaterm.com.br\/wp-content\/uploads\/2024\/07\/logo-alfaterm.png\",\"width\":393,\"height\":45,\"caption\":\"Bem-vindo \u00e0 ALFATERM\"},\"image\":{\"@id\":\"https:\/\/www.alfaterm.com.br\/#\/schema\/logo\/image\/\"}}]}<\/script>\n<!-- \/ Yoast SEO Premium plugin. -->","yoast_head_json":{"title":"Tratamento de \u00e1gua de resfriamento - Bem-vindo \u00e0 ALFATERM","robots":{"index":"index","follow":"follow","max-snippet":"max-snippet:-1","max-image-preview":"max-image-preview:large","max-video-preview":"max-video-preview:-1"},"canonical":"https:\/\/www.alfaterm.com.br\/es\/informacoes\/tratamento-agua-resfriamento\/","og_locale":"es_ES","og_type":"article","og_title":"Tratamento de \u00e1gua de resfriamento","og_description":"A \u00e1gua \u00e9 muito usada em diversos processos por v\u00e1rias ind\u00fastrias como agente de resfriamento por ter um calor especifico elevado, o que a torna pr\u00f3pria para esses processos. Para evitar o desperd\u00edcio da \u00e1gua, \u00e9 necess\u00e1rio que a mesma passe por um&nbsp;tratamento de \u00e1gua de resfriamentoIsso ameniza eventuais problemas que podem levar a esse [&hellip;]","og_url":"https:\/\/www.alfaterm.com.br\/es\/informacoes\/tratamento-agua-resfriamento\/","og_site_name":"Bem-vindo \u00e0 ALFATERM","article_modified_time":"2024-09-09T08:29:49+00:00","og_image":[{"width":800,"height":524,"url":"https:\/\/www.alfaterm.com.br\/wp-content\/uploads\/2024\/09\/instalacao-torres-resfriamento.webp","type":"image\/webp"}],"twitter_card":"summary_large_image","twitter_misc":{"Tiempo de lectura":"2 minutos"},"schema":{"@context":"https:\/\/schema.org","@graph":[{"@type":"WebPage","@id":"https:\/\/www.alfaterm.com.br\/informacoes\/tratamento-agua-resfriamento\/","url":"https:\/\/www.alfaterm.com.br\/informacoes\/tratamento-agua-resfriamento\/","name":"Tratamento de \u00e1gua de resfriamento - Bem-vindo \u00e0 ALFATERM","isPartOf":{"@id":"https:\/\/www.alfaterm.com.br\/#website"},"primaryImageOfPage":{"@id":"https:\/\/www.alfaterm.com.br\/informacoes\/tratamento-agua-resfriamento\/#primaryimage"},"image":{"@id":"https:\/\/www.alfaterm.com.br\/informacoes\/tratamento-agua-resfriamento\/#primaryimage"},"thumbnailUrl":"https:\/\/www.alfaterm.com.br\/wp-content\/uploads\/2024\/09\/instalacao-torres-resfriamento.webp","datePublished":"2024-09-02T12:09:42+00:00","dateModified":"2024-09-09T08:29:49+00:00","breadcrumb":{"@id":"https:\/\/www.alfaterm.com.br\/informacoes\/tratamento-agua-resfriamento\/#breadcrumb"},"inLanguage":"es","potentialAction":[{"@type":"ReadAction","target":["https:\/\/www.alfaterm.com.br\/informacoes\/tratamento-agua-resfriamento\/"]}]},{"@type":"ImageObject","inLanguage":"es","@id":"https:\/\/www.alfaterm.com.br\/informacoes\/tratamento-agua-resfriamento\/#primaryimage","url":"https:\/\/www.alfaterm.com.br\/wp-content\/uploads\/2024\/09\/instalacao-torres-resfriamento.webp","contentUrl":"https:\/\/www.alfaterm.com.br\/wp-content\/uploads\/2024\/09\/instalacao-torres-resfriamento.webp","width":800,"height":524},{"@type":"BreadcrumbList","@id":"https:\/\/www.alfaterm.com.br\/informacoes\/tratamento-agua-resfriamento\/#breadcrumb","itemListElement":[{"@type":"ListItem","position":1,"name":"Home","item":"https:\/\/www.alfaterm.com.br\/"},{"@type":"ListItem","position":2,"name":"Informa\u00e7\u00f5es","item":"https:\/\/www.alfaterm.com.br\/informacoes\/"},{"@type":"ListItem","position":3,"name":"Tratamento de \u00e1gua de resfriamento"}]},{"@type":"WebSite","@id":"https:\/\/www.alfaterm.com.br\/#website","url":"https:\/\/www.alfaterm.com.br\/","name":"Bem-vindo \u00e0 ALFATERM","description":"","publisher":{"@id":"https:\/\/www.alfaterm.com.br\/#organization"},"potentialAction":[{"@type":"SearchAction","target":{"@type":"EntryPoint","urlTemplate":"https:\/\/www.alfaterm.com.br\/?s={search_term_string}"},"query-input":{"@type":"PropertyValueSpecification","valueRequired":true,"valueName":"search_term_string"}}],"inLanguage":"es"},{"@type":"Organization","@id":"https:\/\/www.alfaterm.com.br\/#organization","name":"Bem-vindo \u00e0 ALFATERM","url":"https:\/\/www.alfaterm.com.br\/","logo":{"@type":"ImageObject","inLanguage":"es","@id":"https:\/\/www.alfaterm.com.br\/#\/schema\/logo\/image\/","url":"https:\/\/www.alfaterm.com.br\/wp-content\/uploads\/2024\/07\/logo-alfaterm.png","contentUrl":"https:\/\/www.alfaterm.com.br\/wp-content\/uploads\/2024\/07\/logo-alfaterm.png","width":393,"height":45,"caption":"Bem-vindo \u00e0 ALFATERM"},"image":{"@id":"https:\/\/www.alfaterm.com.br\/#\/schema\/logo\/image\/"}}]}},"_links":{"self":[{"href":"https:\/\/www.alfaterm.com.br\/es\/wp-json\/wp\/v2\/pages\/2350","targetHints":{"allow":["GET"]}}],"collection":[{"href":"https:\/\/www.alfaterm.com.br\/es\/wp-json\/wp\/v2\/pages"}],"about":[{"href":"https:\/\/www.alfaterm.com.br\/es\/wp-json\/wp\/v2\/types\/page"}],"author":[{"embeddable":true,"href":"https:\/\/www.alfaterm.com.br\/es\/wp-json\/wp\/v2\/users\/1"}],"replies":[{"embeddable":true,"href":"https:\/\/www.alfaterm.com.br\/es\/wp-json\/wp\/v2\/comments?post=2350"}],"version-history":[{"count":0,"href":"https:\/\/www.alfaterm.com.br\/es\/wp-json\/wp\/v2\/pages\/2350\/revisions"}],"up":[{"embeddable":true,"href":"https:\/\/www.alfaterm.com.br\/es\/wp-json\/wp\/v2\/pages\/2144"}],"wp:featuredmedia":[{"embeddable":true,"href":"https:\/\/www.alfaterm.com.br\/es\/wp-json\/wp\/v2\/media\/2256"}],"wp:attachment":[{"href":"https:\/\/www.alfaterm.com.br\/es\/wp-json\/wp\/v2\/media?parent=2350"}],"curies":[{"name":"wp","href":"https:\/\/api.w.org\/{rel}","templated":true}]}}