{"id":2349,"date":"2024-09-02T09:10:23","date_gmt":"2024-09-02T12:10:23","guid":{"rendered":"https:\/\/www.alfaterm.com.br\/?page_id=2349"},"modified":"2024-09-09T05:29:52","modified_gmt":"2024-09-09T08:29:52","slug":"tubulacao-torre-resfriamento","status":"publish","type":"page","link":"https:\/\/www.alfaterm.com.br\/es\/informacoes\/tubulacao-torre-resfriamento\/","title":{"rendered":"Tubula\u00e7\u00e3o para torre de resfriamento"},"content":{"rendered":"<p>Fazendo parte do condensador do sistema da torre, a&nbsp;tubula\u00e7\u00e3o para torre de resfriamento&nbsp;auxilia a garantir que a temperatura, em condi\u00e7\u00f5es normais, do refrigerante dentro do condensador se mantenha a 40\u00b0 C da mesma forma que a temperatura de entrada da \u00e1gua na&nbsp;tubula\u00e7\u00e3o para torre de resfriamento&nbsp;se mantenha em 11\u00b0 C.<\/p>\n\n\n\n<p>A press\u00e3o na&nbsp;tubula\u00e7\u00e3o para torre de resfriamento&nbsp;\u00e9 de extrema import\u00e2ncia quando se tem o intuito de garantir que todos os consumidores da&nbsp;tubula\u00e7\u00e3o para torre de resfriamento&nbsp;recebam a vaz\u00e3o de \u00e1gua necess\u00e1ria para um bom funcionamento, visando tamb\u00e9m a seguran\u00e7a do ambiente no ponto de vista operacional.<\/p>\n\n\n\n<h2 class=\"wp-block-heading\">MAIORES INFORMA\u00c7\u00d5ES ACERCA DA TUBULA\u00c7\u00c3O PARA TORRE DE RESFRIAMENTO<\/h2>\n\n\n\n<p>A&nbsp;tubula\u00e7\u00e3o para torre de resfriamento&nbsp;pode variar de acordo com o condensador, que tem tr\u00eas tipos. Come\u00e7ando pelo tubo a tubo, que consiste em um tubo que \u00e9 colocado dentro de outro tubo maior na&nbsp;tubula\u00e7\u00e3o para torre de resfriamento, tendo os lados do tubo maior fechados, tendo a \u00e1gua circulando em um tubo e o refrigerante em outro.<\/p>\n\n\n\n<p>J\u00e1 o tipo carca\u00e7a e serpentina consiste em uma&nbsp;tubula\u00e7\u00e3o para torre de resfriamento&nbsp;que possui uma carca\u00e7a externa que cont\u00e9m uma serpentina cont\u00ednua feita a partir de tubos de \u00e1gua que s\u00e3o aletados, onde a \u00e1gua circula nos tubos presentes na serpentina e o refrigerante mant\u00e9m contato com a aletas, s\u00e3o utilizados em equipamentos que possuam capacidade entre 20 a 60 TRs e costuma ser encontrado em conjunto com um compressor. Por fim, o tipo carca\u00e7a e tubos \u00e9 o tipo que possui maior capacidade em rela\u00e7\u00e3o aos outros condensadores e&nbsp;tubula\u00e7\u00e3o para torre de resfriamento&nbsp;e \u00e9 operado de acordo com o princ\u00edpio do tipo carca\u00e7a e serpentina, com a \u00e1gua dentro dos tubos e o refrigerante na carca\u00e7a.<\/p>\n\n\n\n<h2 class=\"wp-block-heading\">ALFATERM IND\u00daSTRIA E COM\u00c9RCIO LTDA \u2013 SATISFA\u00c7\u00c3O E BEM ESTAR<\/h2>\n\n\n\n<p>A ALFATERM Ind\u00fastria e Com\u00e9rcio LTDA \u00e9 uma empresa com mais de 20 anos de experi\u00eancia no fornecimento de torres de resfriamento e demais servi\u00e7os relacionados e atrav\u00e9s de toda essa experi\u00eancia \u00e9 poss\u00edvel entregar um alto grau de qualidade que garante a satisfa\u00e7\u00e3o de seus clientes, assim como o bem-estar de seus colaboradores e do meio ambiente.<\/p>\n\n\n\n<h2 class=\"wp-block-heading\">Para saber mais sobre Assist\u00eancia t\u00e9cnica em torres de resfriar<\/h2>\n\n\n\n<p>Ligue para&nbsp;<strong>11 4156-8930<\/strong>&nbsp;ou&nbsp;<a href=\"https:\/\/www.alfaterm.com.br\/es\/contacto\/\">clique aqui<\/a>&nbsp;e entre em contato por email.<\/p>","protected":false},"excerpt":{"rendered":"<p>Fazendo parte do condensador do sistema da torre, a&nbsp;tubula\u00e7\u00e3o para torre de resfriamento&nbsp;auxilia a garantir que a temperatura, em condi\u00e7\u00f5es normais, do refrigerante dentro do condensador se mantenha a 40\u00b0 C da mesma forma que a temperatura de entrada da \u00e1gua na&nbsp;tubula\u00e7\u00e3o para torre de resfriamento&nbsp;se mantenha em 11\u00b0 C. A press\u00e3o na&nbsp;tubula\u00e7\u00e3o para torre [&hellip;]<\/p>","protected":false},"author":1,"featured_media":2321,"parent":2144,"menu_order":0,"comment_status":"closed","ping_status":"closed","template":"","meta":{"_acf_changed":false,"_joinchat":[],"footnotes":""},"class_list":["post-2349","page","type-page","status-publish","has-post-thumbnail","hentry"],"acf":[],"yoast_head":"<!-- This site is optimized with the Yoast SEO Premium plugin v23.4 (Yoast SEO v27.1.1) - https:\/\/yoast.com\/product\/yoast-seo-premium-wordpress\/ -->\n<title>Tubula\u00e7\u00e3o para torre de resfriamento - Bem-vindo \u00e0 ALFATERM<\/title>\n<meta name=\"robots\" content=\"index, follow, max-snippet:-1, max-image-preview:large, max-video-preview:-1\" \/>\n<link rel=\"canonical\" href=\"https:\/\/www.alfaterm.com.br\/es\/informacoes\/tubulacao-torre-resfriamento\/\" \/>\n<meta property=\"og:locale\" content=\"es_ES\" \/>\n<meta property=\"og:type\" content=\"article\" \/>\n<meta property=\"og:title\" content=\"Tubula\u00e7\u00e3o para torre de resfriamento\" \/>\n<meta property=\"og:description\" content=\"Fazendo parte do condensador do sistema da torre, a&nbsp;tubula\u00e7\u00e3o para torre de resfriamento&nbsp;auxilia a garantir que a temperatura, em condi\u00e7\u00f5es normais, do refrigerante dentro do condensador se mantenha a 40\u00b0 C da mesma forma que a temperatura de entrada da \u00e1gua na&nbsp;tubula\u00e7\u00e3o para torre de resfriamento&nbsp;se mantenha em 11\u00b0 C. A press\u00e3o na&nbsp;tubula\u00e7\u00e3o para torre [&hellip;]\" \/>\n<meta property=\"og:url\" content=\"https:\/\/www.alfaterm.com.br\/es\/informacoes\/tubulacao-torre-resfriamento\/\" \/>\n<meta property=\"og:site_name\" content=\"Bem-vindo \u00e0 ALFATERM\" \/>\n<meta property=\"article:modified_time\" content=\"2024-09-09T08:29:52+00:00\" \/>\n<meta property=\"og:image\" content=\"https:\/\/www.alfaterm.com.br\/wp-content\/uploads\/2024\/09\/torre-resfriamento-industrial.webp\" \/>\n\t<meta property=\"og:image:width\" content=\"800\" \/>\n\t<meta property=\"og:image:height\" content=\"524\" \/>\n\t<meta property=\"og:image:type\" content=\"image\/webp\" \/>\n<meta name=\"twitter:card\" content=\"summary_large_image\" \/>\n<meta name=\"twitter:label1\" content=\"Tiempo de lectura\" \/>\n\t<meta name=\"twitter:data1\" content=\"2 minutos\" \/>\n<script type=\"application\/ld+json\" class=\"yoast-schema-graph\">{\"@context\":\"https:\/\/schema.org\",\"@graph\":[{\"@type\":\"WebPage\",\"@id\":\"https:\/\/www.alfaterm.com.br\/informacoes\/tubulacao-torre-resfriamento\/\",\"url\":\"https:\/\/www.alfaterm.com.br\/informacoes\/tubulacao-torre-resfriamento\/\",\"name\":\"Tubula\u00e7\u00e3o para torre de resfriamento - Bem-vindo \u00e0 ALFATERM\",\"isPartOf\":{\"@id\":\"https:\/\/www.alfaterm.com.br\/#website\"},\"primaryImageOfPage\":{\"@id\":\"https:\/\/www.alfaterm.com.br\/informacoes\/tubulacao-torre-resfriamento\/#primaryimage\"},\"image\":{\"@id\":\"https:\/\/www.alfaterm.com.br\/informacoes\/tubulacao-torre-resfriamento\/#primaryimage\"},\"thumbnailUrl\":\"https:\/\/www.alfaterm.com.br\/wp-content\/uploads\/2024\/09\/torre-resfriamento-industrial.webp\",\"datePublished\":\"2024-09-02T12:10:23+00:00\",\"dateModified\":\"2024-09-09T08:29:52+00:00\",\"breadcrumb\":{\"@id\":\"https:\/\/www.alfaterm.com.br\/informacoes\/tubulacao-torre-resfriamento\/#breadcrumb\"},\"inLanguage\":\"es\",\"potentialAction\":[{\"@type\":\"ReadAction\",\"target\":[\"https:\/\/www.alfaterm.com.br\/informacoes\/tubulacao-torre-resfriamento\/\"]}]},{\"@type\":\"ImageObject\",\"inLanguage\":\"es\",\"@id\":\"https:\/\/www.alfaterm.com.br\/informacoes\/tubulacao-torre-resfriamento\/#primaryimage\",\"url\":\"https:\/\/www.alfaterm.com.br\/wp-content\/uploads\/2024\/09\/torre-resfriamento-industrial.webp\",\"contentUrl\":\"https:\/\/www.alfaterm.com.br\/wp-content\/uploads\/2024\/09\/torre-resfriamento-industrial.webp\",\"width\":800,\"height\":524},{\"@type\":\"BreadcrumbList\",\"@id\":\"https:\/\/www.alfaterm.com.br\/informacoes\/tubulacao-torre-resfriamento\/#breadcrumb\",\"itemListElement\":[{\"@type\":\"ListItem\",\"position\":1,\"name\":\"Home\",\"item\":\"https:\/\/www.alfaterm.com.br\/\"},{\"@type\":\"ListItem\",\"position\":2,\"name\":\"Informa\u00e7\u00f5es\",\"item\":\"https:\/\/www.alfaterm.com.br\/informacoes\/\"},{\"@type\":\"ListItem\",\"position\":3,\"name\":\"Tubula\u00e7\u00e3o para torre de resfriamento\"}]},{\"@type\":\"WebSite\",\"@id\":\"https:\/\/www.alfaterm.com.br\/#website\",\"url\":\"https:\/\/www.alfaterm.com.br\/\",\"name\":\"Bem-vindo \u00e0 ALFATERM\",\"description\":\"\",\"publisher\":{\"@id\":\"https:\/\/www.alfaterm.com.br\/#organization\"},\"potentialAction\":[{\"@type\":\"SearchAction\",\"target\":{\"@type\":\"EntryPoint\",\"urlTemplate\":\"https:\/\/www.alfaterm.com.br\/?s={search_term_string}\"},\"query-input\":{\"@type\":\"PropertyValueSpecification\",\"valueRequired\":true,\"valueName\":\"search_term_string\"}}],\"inLanguage\":\"es\"},{\"@type\":\"Organization\",\"@id\":\"https:\/\/www.alfaterm.com.br\/#organization\",\"name\":\"Bem-vindo \u00e0 ALFATERM\",\"url\":\"https:\/\/www.alfaterm.com.br\/\",\"logo\":{\"@type\":\"ImageObject\",\"inLanguage\":\"es\",\"@id\":\"https:\/\/www.alfaterm.com.br\/#\/schema\/logo\/image\/\",\"url\":\"https:\/\/www.alfaterm.com.br\/wp-content\/uploads\/2024\/07\/logo-alfaterm.png\",\"contentUrl\":\"https:\/\/www.alfaterm.com.br\/wp-content\/uploads\/2024\/07\/logo-alfaterm.png\",\"width\":393,\"height\":45,\"caption\":\"Bem-vindo \u00e0 ALFATERM\"},\"image\":{\"@id\":\"https:\/\/www.alfaterm.com.br\/#\/schema\/logo\/image\/\"}}]}<\/script>\n<!-- \/ Yoast SEO Premium plugin. -->","yoast_head_json":{"title":"Tubula\u00e7\u00e3o para torre de resfriamento - Bem-vindo \u00e0 ALFATERM","robots":{"index":"index","follow":"follow","max-snippet":"max-snippet:-1","max-image-preview":"max-image-preview:large","max-video-preview":"max-video-preview:-1"},"canonical":"https:\/\/www.alfaterm.com.br\/es\/informacoes\/tubulacao-torre-resfriamento\/","og_locale":"es_ES","og_type":"article","og_title":"Tubula\u00e7\u00e3o para torre de resfriamento","og_description":"Fazendo parte do condensador do sistema da torre, a&nbsp;tubula\u00e7\u00e3o para torre de resfriamento&nbsp;auxilia a garantir que a temperatura, em condi\u00e7\u00f5es normais, do refrigerante dentro do condensador se mantenha a 40\u00b0 C da mesma forma que a temperatura de entrada da \u00e1gua na&nbsp;tubula\u00e7\u00e3o para torre de resfriamento&nbsp;se mantenha em 11\u00b0 C. A press\u00e3o na&nbsp;tubula\u00e7\u00e3o para torre [&hellip;]","og_url":"https:\/\/www.alfaterm.com.br\/es\/informacoes\/tubulacao-torre-resfriamento\/","og_site_name":"Bem-vindo \u00e0 ALFATERM","article_modified_time":"2024-09-09T08:29:52+00:00","og_image":[{"width":800,"height":524,"url":"https:\/\/www.alfaterm.com.br\/wp-content\/uploads\/2024\/09\/torre-resfriamento-industrial.webp","type":"image\/webp"}],"twitter_card":"summary_large_image","twitter_misc":{"Tiempo de lectura":"2 minutos"},"schema":{"@context":"https:\/\/schema.org","@graph":[{"@type":"WebPage","@id":"https:\/\/www.alfaterm.com.br\/informacoes\/tubulacao-torre-resfriamento\/","url":"https:\/\/www.alfaterm.com.br\/informacoes\/tubulacao-torre-resfriamento\/","name":"Tubula\u00e7\u00e3o para torre de resfriamento - Bem-vindo \u00e0 ALFATERM","isPartOf":{"@id":"https:\/\/www.alfaterm.com.br\/#website"},"primaryImageOfPage":{"@id":"https:\/\/www.alfaterm.com.br\/informacoes\/tubulacao-torre-resfriamento\/#primaryimage"},"image":{"@id":"https:\/\/www.alfaterm.com.br\/informacoes\/tubulacao-torre-resfriamento\/#primaryimage"},"thumbnailUrl":"https:\/\/www.alfaterm.com.br\/wp-content\/uploads\/2024\/09\/torre-resfriamento-industrial.webp","datePublished":"2024-09-02T12:10:23+00:00","dateModified":"2024-09-09T08:29:52+00:00","breadcrumb":{"@id":"https:\/\/www.alfaterm.com.br\/informacoes\/tubulacao-torre-resfriamento\/#breadcrumb"},"inLanguage":"es","potentialAction":[{"@type":"ReadAction","target":["https:\/\/www.alfaterm.com.br\/informacoes\/tubulacao-torre-resfriamento\/"]}]},{"@type":"ImageObject","inLanguage":"es","@id":"https:\/\/www.alfaterm.com.br\/informacoes\/tubulacao-torre-resfriamento\/#primaryimage","url":"https:\/\/www.alfaterm.com.br\/wp-content\/uploads\/2024\/09\/torre-resfriamento-industrial.webp","contentUrl":"https:\/\/www.alfaterm.com.br\/wp-content\/uploads\/2024\/09\/torre-resfriamento-industrial.webp","width":800,"height":524},{"@type":"BreadcrumbList","@id":"https:\/\/www.alfaterm.com.br\/informacoes\/tubulacao-torre-resfriamento\/#breadcrumb","itemListElement":[{"@type":"ListItem","position":1,"name":"Home","item":"https:\/\/www.alfaterm.com.br\/"},{"@type":"ListItem","position":2,"name":"Informa\u00e7\u00f5es","item":"https:\/\/www.alfaterm.com.br\/informacoes\/"},{"@type":"ListItem","position":3,"name":"Tubula\u00e7\u00e3o para torre de resfriamento"}]},{"@type":"WebSite","@id":"https:\/\/www.alfaterm.com.br\/#website","url":"https:\/\/www.alfaterm.com.br\/","name":"Bem-vindo \u00e0 ALFATERM","description":"","publisher":{"@id":"https:\/\/www.alfaterm.com.br\/#organization"},"potentialAction":[{"@type":"SearchAction","target":{"@type":"EntryPoint","urlTemplate":"https:\/\/www.alfaterm.com.br\/?s={search_term_string}"},"query-input":{"@type":"PropertyValueSpecification","valueRequired":true,"valueName":"search_term_string"}}],"inLanguage":"es"},{"@type":"Organization","@id":"https:\/\/www.alfaterm.com.br\/#organization","name":"Bem-vindo \u00e0 ALFATERM","url":"https:\/\/www.alfaterm.com.br\/","logo":{"@type":"ImageObject","inLanguage":"es","@id":"https:\/\/www.alfaterm.com.br\/#\/schema\/logo\/image\/","url":"https:\/\/www.alfaterm.com.br\/wp-content\/uploads\/2024\/07\/logo-alfaterm.png","contentUrl":"https:\/\/www.alfaterm.com.br\/wp-content\/uploads\/2024\/07\/logo-alfaterm.png","width":393,"height":45,"caption":"Bem-vindo \u00e0 ALFATERM"},"image":{"@id":"https:\/\/www.alfaterm.com.br\/#\/schema\/logo\/image\/"}}]}},"_links":{"self":[{"href":"https:\/\/www.alfaterm.com.br\/es\/wp-json\/wp\/v2\/pages\/2349","targetHints":{"allow":["GET"]}}],"collection":[{"href":"https:\/\/www.alfaterm.com.br\/es\/wp-json\/wp\/v2\/pages"}],"about":[{"href":"https:\/\/www.alfaterm.com.br\/es\/wp-json\/wp\/v2\/types\/page"}],"author":[{"embeddable":true,"href":"https:\/\/www.alfaterm.com.br\/es\/wp-json\/wp\/v2\/users\/1"}],"replies":[{"embeddable":true,"href":"https:\/\/www.alfaterm.com.br\/es\/wp-json\/wp\/v2\/comments?post=2349"}],"version-history":[{"count":0,"href":"https:\/\/www.alfaterm.com.br\/es\/wp-json\/wp\/v2\/pages\/2349\/revisions"}],"up":[{"embeddable":true,"href":"https:\/\/www.alfaterm.com.br\/es\/wp-json\/wp\/v2\/pages\/2144"}],"wp:featuredmedia":[{"embeddable":true,"href":"https:\/\/www.alfaterm.com.br\/es\/wp-json\/wp\/v2\/media\/2321"}],"wp:attachment":[{"href":"https:\/\/www.alfaterm.com.br\/es\/wp-json\/wp\/v2\/media?parent=2349"}],"curies":[{"name":"wp","href":"https:\/\/api.w.org\/{rel}","templated":true}]}}