{"id":2348,"date":"2024-09-02T09:15:44","date_gmt":"2024-09-02T12:15:44","guid":{"rendered":"https:\/\/www.alfaterm.com.br\/?page_id=2348"},"modified":"2024-09-02T09:15:44","modified_gmt":"2024-09-02T12:15:44","slug":"vantagens","status":"publish","type":"page","link":"https:\/\/www.alfaterm.com.br\/es\/informacoes\/vantagens\/","title":{"rendered":"Vantagens"},"content":{"rendered":"<p>Um ponto fundamental para a ALFATERM \u00e9 a possibilidade de adaptar o produto ao perfil de cada cliente, atendendo a novos segmentos de mercado.<\/p>\n\n\n\n<h3 class=\"wp-block-heading\">DESTACAMOS<\/h3>\n\n\n\n<ul class=\"wp-block-list\">\n<li>\u00bb Experi\u00eancia mais de vinte e cinco anos na \u00e1rea de dissipa\u00e7\u00e3o t\u00e9rmica pelo processo evaporativo<\/li>\n\n\n\n<li>\u00bb Fortes investimentos em pesquisa e desenvolvimento<\/li>\n\n\n\n<li>\u00bb Flexibilidade e agilidade em sua linha de produ\u00e7\u00e3o, melhorando o atendimento \u00e0s necessidades dos clientes<\/li>\n<\/ul>\n\n\n\n<h3 class=\"wp-block-heading\">PONTOS CHAVES<\/h3>\n\n\n\n<ul class=\"wp-block-list\">\n<li>\u00bb Experi\u00eancia mais de 32 anos no ramo de torres de resfriamento de \u00e1gua<\/li>\n\n\n\n<li>\u00bb Qualidade, Mat\u00e9ria-Prima, Tecnologia, Pesquisa e Desenvolvimento<\/li>\n\n\n\n<li>\u00bb Solu\u00e7\u00f5es sob medida: foco no cliente, produtos e servi\u00e7os Inovadores, simplicidade e efici\u00eancia<\/li>\n\n\n\n<li>\u00bb Contato perssonalizado: disponibilidade, discri\u00e7\u00e3o e efici\u00eancia<\/li>\n<\/ul>\n\n\n\n<h3 class=\"wp-block-heading\">INVESTIMENTOS E CUSTOS<\/h3>\n\n\n\n<ul class=\"wp-block-list\">\n<li>\u00bb Investimento em inform\u00e1tica para aproximar-nos do cliente<\/li>\n\n\n\n<li>\u00bb Modernos recursos tecnol\u00f3gicos, software de apoio<\/li>\n\n\n\n<li>\u00bb Custos: pol\u00edtica de pre\u00e7os flex\u00edvel e possibilidade de pagamentos parcelados<\/li>\n<\/ul>\n\n\n\n<h3 class=\"wp-block-heading\">CONTATO COM CLIENTE<\/h3>\n\n\n\n<ul class=\"wp-block-list\">\n<li>\u00bb Contato personalizado com cliente baseado em: Disponibilidade, Discri\u00e7\u00e3o e Efici\u00eancia<\/li>\n\n\n\n<li>\u00bb A equipe respons\u00e1vel pelo atendimento ao consumidor fica integralmente \u00e0 disposi\u00e7\u00e3o para execu\u00e7\u00e3o e acompanhamento das opera\u00e7\u00f5es de produ\u00e7\u00e3o, assim como para a transmiss\u00e3o de informa\u00e7\u00f5es t\u00e9cnicas ao cliente. A ALFATERM procura realizar reuni\u00f5es freq\u00fcentes, com o objetivo de avaliar seus produtos, definir tend\u00eancias de mercado e estabelecer novas metas para maximizar sua performance. Com profissionalismo, criatividade e excelente gest\u00e3o de resultados, a ALFATERM est\u00e1 preparada para assessorar seus clientes quanto \u00e0s melhores op\u00e7\u00f5es no mercado nacional. Isso tudo faz da ALFATERM uma empresa especializada no segmento de torres de resfriamento de \u00e1gua, com uma filosofia de atendimento altamente personalizado para atender todas as necessidades de seus clientes<\/li>\n<\/ul>\n\n\n\n<h3 class=\"wp-block-heading\">PARCERIAS<\/h3>\n\n\n\n<ul class=\"wp-block-list\">\n<li>\u00bb Tomada de decis\u00f5es em conjunto com o cliente, Departamento de vendas experiente, Desenvolvimento de solu\u00e7\u00f5es sob medida, Alta performace, Produtos e Servi\u00e7os inovadores, Tecnologia de ponta e Simplicidade e efici\u00eancia<\/li>\n\n\n\n<li>\u00bb O cliente define quais produtos tem interesse em desenvolver conosco, os modelos e a quantidade. \u00c0 ALFATERM cabe orient\u00e1-lo quanto \u00e0s melhores alternativas em termos de qualidade de mat\u00e9ria-prima, solu\u00e7\u00f5es modernas e criativas, custos, prazos de entrega e pagamento, etc. Procuramos oferecer produtos de qualidade que solucionem os problemas de nossos cliente<\/li>\n\n\n\n<li><\/li>\n<\/ul>\n\n\n\n<h2 class=\"wp-block-heading\">Para saber mais sobre Assist\u00eancia t\u00e9cnica em torres de resfriar<\/h2>\n\n\n\n<p>Ligue para&nbsp;<strong>11 4156-8930<\/strong>&nbsp;ou&nbsp;<a href=\"https:\/\/www.alfaterm.com.br\/es\/contacto\/\">clique aqui<\/a>&nbsp;e entre em contato por email.<\/p>","protected":false},"excerpt":{"rendered":"<p>Um ponto fundamental para a ALFATERM \u00e9 a possibilidade de adaptar o produto ao perfil de cada cliente, atendendo a novos segmentos de mercado. DESTACAMOS PONTOS CHAVES INVESTIMENTOS E CUSTOS CONTATO COM CLIENTE PARCERIAS Para saber mais sobre Assist\u00eancia t\u00e9cnica em torres de resfriar Ligue para&nbsp;11 4156-8930&nbsp;ou&nbsp;clique aqui&nbsp;e entre em contato por email.<\/p>","protected":false},"author":1,"featured_media":2256,"parent":2144,"menu_order":0,"comment_status":"closed","ping_status":"closed","template":"","meta":{"_acf_changed":false,"_joinchat":[],"footnotes":""},"class_list":["post-2348","page","type-page","status-publish","has-post-thumbnail","hentry"],"acf":[],"yoast_head":"<!-- This site is optimized with the Yoast SEO Premium plugin v23.4 (Yoast SEO v27.1.1) - https:\/\/yoast.com\/product\/yoast-seo-premium-wordpress\/ -->\n<title>Vantagens - Bem-vindo \u00e0 ALFATERM<\/title>\n<meta name=\"robots\" content=\"index, follow, max-snippet:-1, max-image-preview:large, max-video-preview:-1\" \/>\n<link rel=\"canonical\" href=\"https:\/\/www.alfaterm.com.br\/es\/informacoes\/vantagens\/\" \/>\n<meta property=\"og:locale\" content=\"es_ES\" \/>\n<meta property=\"og:type\" content=\"article\" \/>\n<meta property=\"og:title\" content=\"Vantagens\" \/>\n<meta property=\"og:description\" content=\"Um ponto fundamental para a ALFATERM \u00e9 a possibilidade de adaptar o produto ao perfil de cada cliente, atendendo a novos segmentos de mercado. DESTACAMOS PONTOS CHAVES INVESTIMENTOS E CUSTOS CONTATO COM CLIENTE PARCERIAS Para saber mais sobre Assist\u00eancia t\u00e9cnica em torres de resfriar Ligue para&nbsp;11 4156-8930&nbsp;ou&nbsp;clique aqui&nbsp;e entre em contato por email.\" \/>\n<meta property=\"og:url\" content=\"https:\/\/www.alfaterm.com.br\/es\/informacoes\/vantagens\/\" \/>\n<meta property=\"og:site_name\" content=\"Bem-vindo \u00e0 ALFATERM\" \/>\n<meta property=\"og:image\" content=\"https:\/\/www.alfaterm.com.br\/wp-content\/uploads\/2024\/09\/instalacao-torres-resfriamento.webp\" \/>\n\t<meta property=\"og:image:width\" content=\"800\" \/>\n\t<meta property=\"og:image:height\" content=\"524\" \/>\n\t<meta property=\"og:image:type\" content=\"image\/webp\" \/>\n<meta name=\"twitter:card\" content=\"summary_large_image\" \/>\n<meta name=\"twitter:label1\" content=\"Tiempo de lectura\" \/>\n\t<meta name=\"twitter:data1\" content=\"2 minutos\" \/>\n<script type=\"application\/ld+json\" class=\"yoast-schema-graph\">{\"@context\":\"https:\/\/schema.org\",\"@graph\":[{\"@type\":\"WebPage\",\"@id\":\"https:\/\/www.alfaterm.com.br\/informacoes\/vantagens\/\",\"url\":\"https:\/\/www.alfaterm.com.br\/informacoes\/vantagens\/\",\"name\":\"Vantagens - Bem-vindo \u00e0 ALFATERM\",\"isPartOf\":{\"@id\":\"https:\/\/www.alfaterm.com.br\/#website\"},\"primaryImageOfPage\":{\"@id\":\"https:\/\/www.alfaterm.com.br\/informacoes\/vantagens\/#primaryimage\"},\"image\":{\"@id\":\"https:\/\/www.alfaterm.com.br\/informacoes\/vantagens\/#primaryimage\"},\"thumbnailUrl\":\"https:\/\/www.alfaterm.com.br\/wp-content\/uploads\/2024\/09\/instalacao-torres-resfriamento.webp\",\"datePublished\":\"2024-09-02T12:15:44+00:00\",\"breadcrumb\":{\"@id\":\"https:\/\/www.alfaterm.com.br\/informacoes\/vantagens\/#breadcrumb\"},\"inLanguage\":\"es\",\"potentialAction\":[{\"@type\":\"ReadAction\",\"target\":[\"https:\/\/www.alfaterm.com.br\/informacoes\/vantagens\/\"]}]},{\"@type\":\"ImageObject\",\"inLanguage\":\"es\",\"@id\":\"https:\/\/www.alfaterm.com.br\/informacoes\/vantagens\/#primaryimage\",\"url\":\"https:\/\/www.alfaterm.com.br\/wp-content\/uploads\/2024\/09\/instalacao-torres-resfriamento.webp\",\"contentUrl\":\"https:\/\/www.alfaterm.com.br\/wp-content\/uploads\/2024\/09\/instalacao-torres-resfriamento.webp\",\"width\":800,\"height\":524},{\"@type\":\"BreadcrumbList\",\"@id\":\"https:\/\/www.alfaterm.com.br\/informacoes\/vantagens\/#breadcrumb\",\"itemListElement\":[{\"@type\":\"ListItem\",\"position\":1,\"name\":\"Home\",\"item\":\"https:\/\/www.alfaterm.com.br\/\"},{\"@type\":\"ListItem\",\"position\":2,\"name\":\"Informa\u00e7\u00f5es\",\"item\":\"https:\/\/www.alfaterm.com.br\/informacoes\/\"},{\"@type\":\"ListItem\",\"position\":3,\"name\":\"Vantagens\"}]},{\"@type\":\"WebSite\",\"@id\":\"https:\/\/www.alfaterm.com.br\/#website\",\"url\":\"https:\/\/www.alfaterm.com.br\/\",\"name\":\"Bem-vindo \u00e0 ALFATERM\",\"description\":\"\",\"publisher\":{\"@id\":\"https:\/\/www.alfaterm.com.br\/#organization\"},\"potentialAction\":[{\"@type\":\"SearchAction\",\"target\":{\"@type\":\"EntryPoint\",\"urlTemplate\":\"https:\/\/www.alfaterm.com.br\/?s={search_term_string}\"},\"query-input\":{\"@type\":\"PropertyValueSpecification\",\"valueRequired\":true,\"valueName\":\"search_term_string\"}}],\"inLanguage\":\"es\"},{\"@type\":\"Organization\",\"@id\":\"https:\/\/www.alfaterm.com.br\/#organization\",\"name\":\"Bem-vindo \u00e0 ALFATERM\",\"url\":\"https:\/\/www.alfaterm.com.br\/\",\"logo\":{\"@type\":\"ImageObject\",\"inLanguage\":\"es\",\"@id\":\"https:\/\/www.alfaterm.com.br\/#\/schema\/logo\/image\/\",\"url\":\"https:\/\/www.alfaterm.com.br\/wp-content\/uploads\/2024\/07\/logo-alfaterm.png\",\"contentUrl\":\"https:\/\/www.alfaterm.com.br\/wp-content\/uploads\/2024\/07\/logo-alfaterm.png\",\"width\":393,\"height\":45,\"caption\":\"Bem-vindo \u00e0 ALFATERM\"},\"image\":{\"@id\":\"https:\/\/www.alfaterm.com.br\/#\/schema\/logo\/image\/\"}}]}<\/script>\n<!-- \/ Yoast SEO Premium plugin. -->","yoast_head_json":{"title":"Vantagens - Bem-vindo \u00e0 ALFATERM","robots":{"index":"index","follow":"follow","max-snippet":"max-snippet:-1","max-image-preview":"max-image-preview:large","max-video-preview":"max-video-preview:-1"},"canonical":"https:\/\/www.alfaterm.com.br\/es\/informacoes\/vantagens\/","og_locale":"es_ES","og_type":"article","og_title":"Vantagens","og_description":"Um ponto fundamental para a ALFATERM \u00e9 a possibilidade de adaptar o produto ao perfil de cada cliente, atendendo a novos segmentos de mercado. DESTACAMOS PONTOS CHAVES INVESTIMENTOS E CUSTOS CONTATO COM CLIENTE PARCERIAS Para saber mais sobre Assist\u00eancia t\u00e9cnica em torres de resfriar Ligue para&nbsp;11 4156-8930&nbsp;ou&nbsp;clique aqui&nbsp;e entre em contato por email.","og_url":"https:\/\/www.alfaterm.com.br\/es\/informacoes\/vantagens\/","og_site_name":"Bem-vindo \u00e0 ALFATERM","og_image":[{"width":800,"height":524,"url":"https:\/\/www.alfaterm.com.br\/wp-content\/uploads\/2024\/09\/instalacao-torres-resfriamento.webp","type":"image\/webp"}],"twitter_card":"summary_large_image","twitter_misc":{"Tiempo de lectura":"2 minutos"},"schema":{"@context":"https:\/\/schema.org","@graph":[{"@type":"WebPage","@id":"https:\/\/www.alfaterm.com.br\/informacoes\/vantagens\/","url":"https:\/\/www.alfaterm.com.br\/informacoes\/vantagens\/","name":"Vantagens - Bem-vindo \u00e0 ALFATERM","isPartOf":{"@id":"https:\/\/www.alfaterm.com.br\/#website"},"primaryImageOfPage":{"@id":"https:\/\/www.alfaterm.com.br\/informacoes\/vantagens\/#primaryimage"},"image":{"@id":"https:\/\/www.alfaterm.com.br\/informacoes\/vantagens\/#primaryimage"},"thumbnailUrl":"https:\/\/www.alfaterm.com.br\/wp-content\/uploads\/2024\/09\/instalacao-torres-resfriamento.webp","datePublished":"2024-09-02T12:15:44+00:00","breadcrumb":{"@id":"https:\/\/www.alfaterm.com.br\/informacoes\/vantagens\/#breadcrumb"},"inLanguage":"es","potentialAction":[{"@type":"ReadAction","target":["https:\/\/www.alfaterm.com.br\/informacoes\/vantagens\/"]}]},{"@type":"ImageObject","inLanguage":"es","@id":"https:\/\/www.alfaterm.com.br\/informacoes\/vantagens\/#primaryimage","url":"https:\/\/www.alfaterm.com.br\/wp-content\/uploads\/2024\/09\/instalacao-torres-resfriamento.webp","contentUrl":"https:\/\/www.alfaterm.com.br\/wp-content\/uploads\/2024\/09\/instalacao-torres-resfriamento.webp","width":800,"height":524},{"@type":"BreadcrumbList","@id":"https:\/\/www.alfaterm.com.br\/informacoes\/vantagens\/#breadcrumb","itemListElement":[{"@type":"ListItem","position":1,"name":"Home","item":"https:\/\/www.alfaterm.com.br\/"},{"@type":"ListItem","position":2,"name":"Informa\u00e7\u00f5es","item":"https:\/\/www.alfaterm.com.br\/informacoes\/"},{"@type":"ListItem","position":3,"name":"Vantagens"}]},{"@type":"WebSite","@id":"https:\/\/www.alfaterm.com.br\/#website","url":"https:\/\/www.alfaterm.com.br\/","name":"Bem-vindo \u00e0 ALFATERM","description":"","publisher":{"@id":"https:\/\/www.alfaterm.com.br\/#organization"},"potentialAction":[{"@type":"SearchAction","target":{"@type":"EntryPoint","urlTemplate":"https:\/\/www.alfaterm.com.br\/?s={search_term_string}"},"query-input":{"@type":"PropertyValueSpecification","valueRequired":true,"valueName":"search_term_string"}}],"inLanguage":"es"},{"@type":"Organization","@id":"https:\/\/www.alfaterm.com.br\/#organization","name":"Bem-vindo \u00e0 ALFATERM","url":"https:\/\/www.alfaterm.com.br\/","logo":{"@type":"ImageObject","inLanguage":"es","@id":"https:\/\/www.alfaterm.com.br\/#\/schema\/logo\/image\/","url":"https:\/\/www.alfaterm.com.br\/wp-content\/uploads\/2024\/07\/logo-alfaterm.png","contentUrl":"https:\/\/www.alfaterm.com.br\/wp-content\/uploads\/2024\/07\/logo-alfaterm.png","width":393,"height":45,"caption":"Bem-vindo \u00e0 ALFATERM"},"image":{"@id":"https:\/\/www.alfaterm.com.br\/#\/schema\/logo\/image\/"}}]}},"_links":{"self":[{"href":"https:\/\/www.alfaterm.com.br\/es\/wp-json\/wp\/v2\/pages\/2348","targetHints":{"allow":["GET"]}}],"collection":[{"href":"https:\/\/www.alfaterm.com.br\/es\/wp-json\/wp\/v2\/pages"}],"about":[{"href":"https:\/\/www.alfaterm.com.br\/es\/wp-json\/wp\/v2\/types\/page"}],"author":[{"embeddable":true,"href":"https:\/\/www.alfaterm.com.br\/es\/wp-json\/wp\/v2\/users\/1"}],"replies":[{"embeddable":true,"href":"https:\/\/www.alfaterm.com.br\/es\/wp-json\/wp\/v2\/comments?post=2348"}],"version-history":[{"count":0,"href":"https:\/\/www.alfaterm.com.br\/es\/wp-json\/wp\/v2\/pages\/2348\/revisions"}],"up":[{"embeddable":true,"href":"https:\/\/www.alfaterm.com.br\/es\/wp-json\/wp\/v2\/pages\/2144"}],"wp:featuredmedia":[{"embeddable":true,"href":"https:\/\/www.alfaterm.com.br\/es\/wp-json\/wp\/v2\/media\/2256"}],"wp:attachment":[{"href":"https:\/\/www.alfaterm.com.br\/es\/wp-json\/wp\/v2\/media?parent=2348"}],"curies":[{"name":"wp","href":"https:\/\/api.w.org\/{rel}","templated":true}]}}