{"id":2332,"date":"2024-09-02T08:58:51","date_gmt":"2024-09-02T11:58:51","guid":{"rendered":"https:\/\/www.alfaterm.com.br\/?page_id=2332"},"modified":"2024-09-09T05:27:52","modified_gmt":"2024-09-09T08:27:52","slug":"torre-resfriamento-tratamento-agua","status":"publish","type":"page","link":"https:\/\/www.alfaterm.com.br\/es\/informacoes\/torre-resfriamento-tratamento-agua\/","title":{"rendered":"Torre de resfriamento tratamento de \u00e1gua"},"content":{"rendered":"<p>A&nbsp;torre de resfriamento&nbsp;tratamento de \u00e1gua&nbsp;cumpre com uma importante tarefa que oferece muitas vantagens aos clientes, garantindo n\u00e3o s\u00f3 que a estrutura continue capaz de atender \u00e0 demanda, como tamb\u00e9m aumento da produ\u00e7\u00e3o e uma consider\u00e1vel economia.<\/p>\n\n\n\n<p>Isso em decorr\u00eancia dos problemas que a&nbsp;torre de resfriamento tratamento de \u00e1gua&nbsp;evita, diminuindo a parada de produ\u00e7\u00e3o, redu\u00e7\u00e3o de carga, al\u00e9m de riscos operacionais e a recorrente reposi\u00e7\u00e3o de equipamentos.<\/p>\n\n\n\n<h2 class=\"wp-block-heading\">A IMPORT\u00c2NCIA DA TORRE DE RESFRIAMENTO TRATAMENTO DE \u00c1GUA<\/h2>\n\n\n\n<p>Por lidarem geralmente com \u00e1guas superficiais e subterr\u00e2neas, estas que s\u00e3o usadas nos processos industriais, a&nbsp;torre de resfriamento tratamento de \u00e1gua&nbsp;\u00e9 uma quest\u00e3o necess\u00e1ria, pois a estrutura fica exposta a subst\u00e2ncias dissolvidas como \u00f3xidos met\u00e1licos, s\u00edlica sol\u00favel, al\u00e9m de materiais em suspens\u00e3o, como lodo, areia, argila, todos estes que podem apresentar riscos e serem prejudiciais para a torre.<\/p>\n\n\n\n<p>Portanto para que o cliente n\u00e3o tenha problema com a&nbsp;torre de resfriamento tratamento de \u00e1gua&nbsp;\u00e9 uma medida pr\u00e1tica e necess\u00e1ria, que certamente ir\u00e1 garantir que essas impurezas e subst\u00e2ncias n\u00e3o se infiltrem no sistema gerador de vapor, este que \u00e9 respons\u00e1vel pelo pleno funcionamento da estrutura.<\/p>\n\n\n\n<p>Por essa raz\u00e3o, a&nbsp;torre de resfriamento tratamento de \u00e1gua&nbsp;\u00e9 um procedimento que tamb\u00e9m evitar\u00e1 a corros\u00e3o, forma\u00e7\u00e3o de incrusta\u00e7\u00f5es, al\u00e9m de ocorr\u00eancias de arrastes de \u00e1gua, garantindo dessa maneira que o equipamento fique livre de problemas e continue operando da maneira ideal.<\/p>\n\n\n\n<h2 class=\"wp-block-heading\">PRINCIPAIS VANTAGENS OBTIDAS<\/h2>\n\n\n\n<p>A&nbsp;torre de resfriamento tratamento de \u00e1gua&nbsp;n\u00e3o s\u00f3 garantir\u00e1 que o cliente tenha sua demanda atendida e seu equipamento continue funcional, como o procedimento tamb\u00e9m assegura uma s\u00e9rie de benef\u00edcios para o cliente e para o meio ambiente.<\/p>\n\n\n\n<p>Pois com a&nbsp;torre de resfriamento tratamento de \u00e1gua, o cliente evita gastos adicionais com reposi\u00e7\u00e3o, manuten\u00e7\u00e3o e aquisi\u00e7\u00e3o de novos equipamentos, al\u00e9m de evitar a parada de produ\u00e7\u00e3o, o que por si s\u00f3 j\u00e1 o livra de enormes preju\u00edzos, e o processo tamb\u00e9m diminui consideravelmente o impacto ambiental que essas subst\u00e2ncias causariam ao solo e ao meio ambiente.<\/p>\n\n\n\n<h2 class=\"wp-block-heading\">PROPORCIONANDO MAIOR QUALIDADE E CONFIABILIDADE<\/h2>\n\n\n\n<p>Atuando h\u00e1 mais de 30 anos no mercado, a ALFATERM Ind\u00fastria e Com\u00e9rcio Ltda. \u00e9 uma competente e respons\u00e1vel empresa que tem destacado pela excelente servi\u00e7o que t\u00eam realizado durante todos esses anos.<\/p>\n\n\n\n<p>A ALFATERM Ind\u00fastria e Com\u00e9rcio Ltda. \u00e9 uma empresa que investe em tecnologias e na constante melhoria de seus processos, para que dessa forma possam oferecer n\u00e3o s\u00f3 um bom atendimento, como tamb\u00e9m o melhor produto aos clientes.<\/p>\n\n\n\n<h2 class=\"wp-block-heading\">Para saber mais sobre Assist\u00eancia t\u00e9cnica em torres de resfriar<\/h2>\n\n\n\n<p>Ligue para&nbsp;<strong>11 4156-8930<\/strong>&nbsp;ou&nbsp;<a href=\"https:\/\/www.alfaterm.com.br\/es\/contacto\/\">clique aqui<\/a>&nbsp;e entre em contato por email.<\/p>","protected":false},"excerpt":{"rendered":"<p>A&nbsp;torre de resfriamento&nbsp;tratamento de \u00e1gua&nbsp;cumpre com uma importante tarefa que oferece muitas vantagens aos clientes, garantindo n\u00e3o s\u00f3 que a estrutura continue capaz de atender \u00e0 demanda, como tamb\u00e9m aumento da produ\u00e7\u00e3o e uma consider\u00e1vel economia. Isso em decorr\u00eancia dos problemas que a&nbsp;torre de resfriamento tratamento de \u00e1gua&nbsp;evita, diminuindo a parada de produ\u00e7\u00e3o, redu\u00e7\u00e3o de [&hellip;]<\/p>","protected":false},"author":1,"featured_media":2226,"parent":2144,"menu_order":0,"comment_status":"closed","ping_status":"closed","template":"","meta":{"_acf_changed":false,"_joinchat":[],"footnotes":""},"class_list":["post-2332","page","type-page","status-publish","has-post-thumbnail","hentry"],"acf":[],"yoast_head":"<!-- This site is optimized with the Yoast SEO Premium plugin v23.4 (Yoast SEO v27.1.1) - https:\/\/yoast.com\/product\/yoast-seo-premium-wordpress\/ -->\n<title>Torre de resfriamento tratamento de \u00e1gua - Bem-vindo \u00e0 ALFATERM<\/title>\n<meta name=\"robots\" content=\"index, follow, max-snippet:-1, max-image-preview:large, max-video-preview:-1\" \/>\n<link rel=\"canonical\" href=\"https:\/\/www.alfaterm.com.br\/es\/informacoes\/torre-resfriamento-tratamento-agua\/\" \/>\n<meta property=\"og:locale\" content=\"es_ES\" \/>\n<meta property=\"og:type\" content=\"article\" \/>\n<meta property=\"og:title\" content=\"Torre de resfriamento tratamento de \u00e1gua\" \/>\n<meta property=\"og:description\" content=\"A&nbsp;torre de resfriamento&nbsp;tratamento de \u00e1gua&nbsp;cumpre com uma importante tarefa que oferece muitas vantagens aos clientes, garantindo n\u00e3o s\u00f3 que a estrutura continue capaz de atender \u00e0 demanda, como tamb\u00e9m aumento da produ\u00e7\u00e3o e uma consider\u00e1vel economia. Isso em decorr\u00eancia dos problemas que a&nbsp;torre de resfriamento tratamento de \u00e1gua&nbsp;evita, diminuindo a parada de produ\u00e7\u00e3o, redu\u00e7\u00e3o de [&hellip;]\" \/>\n<meta property=\"og:url\" content=\"https:\/\/www.alfaterm.com.br\/es\/informacoes\/torre-resfriamento-tratamento-agua\/\" \/>\n<meta property=\"og:site_name\" content=\"Bem-vindo \u00e0 ALFATERM\" \/>\n<meta property=\"article:modified_time\" content=\"2024-09-09T08:27:52+00:00\" \/>\n<meta property=\"og:image\" content=\"https:\/\/www.alfaterm.com.br\/wp-content\/uploads\/2024\/09\/equipamento-torre-resfriamento.webp\" \/>\n\t<meta property=\"og:image:width\" content=\"269\" \/>\n\t<meta property=\"og:image:height\" content=\"232\" \/>\n\t<meta property=\"og:image:type\" content=\"image\/webp\" \/>\n<meta name=\"twitter:card\" content=\"summary_large_image\" \/>\n<meta name=\"twitter:label1\" content=\"Tiempo de lectura\" \/>\n\t<meta name=\"twitter:data1\" content=\"2 minutos\" \/>\n<script type=\"application\/ld+json\" class=\"yoast-schema-graph\">{\"@context\":\"https:\/\/schema.org\",\"@graph\":[{\"@type\":\"WebPage\",\"@id\":\"https:\/\/www.alfaterm.com.br\/informacoes\/torre-resfriamento-tratamento-agua\/\",\"url\":\"https:\/\/www.alfaterm.com.br\/informacoes\/torre-resfriamento-tratamento-agua\/\",\"name\":\"Torre de resfriamento tratamento de \u00e1gua - Bem-vindo \u00e0 ALFATERM\",\"isPartOf\":{\"@id\":\"https:\/\/www.alfaterm.com.br\/#website\"},\"primaryImageOfPage\":{\"@id\":\"https:\/\/www.alfaterm.com.br\/informacoes\/torre-resfriamento-tratamento-agua\/#primaryimage\"},\"image\":{\"@id\":\"https:\/\/www.alfaterm.com.br\/informacoes\/torre-resfriamento-tratamento-agua\/#primaryimage\"},\"thumbnailUrl\":\"https:\/\/www.alfaterm.com.br\/wp-content\/uploads\/2024\/09\/equipamento-torre-resfriamento.webp\",\"datePublished\":\"2024-09-02T11:58:51+00:00\",\"dateModified\":\"2024-09-09T08:27:52+00:00\",\"breadcrumb\":{\"@id\":\"https:\/\/www.alfaterm.com.br\/informacoes\/torre-resfriamento-tratamento-agua\/#breadcrumb\"},\"inLanguage\":\"es\",\"potentialAction\":[{\"@type\":\"ReadAction\",\"target\":[\"https:\/\/www.alfaterm.com.br\/informacoes\/torre-resfriamento-tratamento-agua\/\"]}]},{\"@type\":\"ImageObject\",\"inLanguage\":\"es\",\"@id\":\"https:\/\/www.alfaterm.com.br\/informacoes\/torre-resfriamento-tratamento-agua\/#primaryimage\",\"url\":\"https:\/\/www.alfaterm.com.br\/wp-content\/uploads\/2024\/09\/equipamento-torre-resfriamento.webp\",\"contentUrl\":\"https:\/\/www.alfaterm.com.br\/wp-content\/uploads\/2024\/09\/equipamento-torre-resfriamento.webp\",\"width\":269,\"height\":232},{\"@type\":\"BreadcrumbList\",\"@id\":\"https:\/\/www.alfaterm.com.br\/informacoes\/torre-resfriamento-tratamento-agua\/#breadcrumb\",\"itemListElement\":[{\"@type\":\"ListItem\",\"position\":1,\"name\":\"Home\",\"item\":\"https:\/\/www.alfaterm.com.br\/\"},{\"@type\":\"ListItem\",\"position\":2,\"name\":\"Informa\u00e7\u00f5es\",\"item\":\"https:\/\/www.alfaterm.com.br\/informacoes\/\"},{\"@type\":\"ListItem\",\"position\":3,\"name\":\"Torre de resfriamento tratamento de \u00e1gua\"}]},{\"@type\":\"WebSite\",\"@id\":\"https:\/\/www.alfaterm.com.br\/#website\",\"url\":\"https:\/\/www.alfaterm.com.br\/\",\"name\":\"Bem-vindo \u00e0 ALFATERM\",\"description\":\"\",\"publisher\":{\"@id\":\"https:\/\/www.alfaterm.com.br\/#organization\"},\"potentialAction\":[{\"@type\":\"SearchAction\",\"target\":{\"@type\":\"EntryPoint\",\"urlTemplate\":\"https:\/\/www.alfaterm.com.br\/?s={search_term_string}\"},\"query-input\":{\"@type\":\"PropertyValueSpecification\",\"valueRequired\":true,\"valueName\":\"search_term_string\"}}],\"inLanguage\":\"es\"},{\"@type\":\"Organization\",\"@id\":\"https:\/\/www.alfaterm.com.br\/#organization\",\"name\":\"Bem-vindo \u00e0 ALFATERM\",\"url\":\"https:\/\/www.alfaterm.com.br\/\",\"logo\":{\"@type\":\"ImageObject\",\"inLanguage\":\"es\",\"@id\":\"https:\/\/www.alfaterm.com.br\/#\/schema\/logo\/image\/\",\"url\":\"https:\/\/www.alfaterm.com.br\/wp-content\/uploads\/2024\/07\/logo-alfaterm.png\",\"contentUrl\":\"https:\/\/www.alfaterm.com.br\/wp-content\/uploads\/2024\/07\/logo-alfaterm.png\",\"width\":393,\"height\":45,\"caption\":\"Bem-vindo \u00e0 ALFATERM\"},\"image\":{\"@id\":\"https:\/\/www.alfaterm.com.br\/#\/schema\/logo\/image\/\"}}]}<\/script>\n<!-- \/ Yoast SEO Premium plugin. -->","yoast_head_json":{"title":"Torre de resfriamento tratamento de \u00e1gua - Bem-vindo \u00e0 ALFATERM","robots":{"index":"index","follow":"follow","max-snippet":"max-snippet:-1","max-image-preview":"max-image-preview:large","max-video-preview":"max-video-preview:-1"},"canonical":"https:\/\/www.alfaterm.com.br\/es\/informacoes\/torre-resfriamento-tratamento-agua\/","og_locale":"es_ES","og_type":"article","og_title":"Torre de resfriamento tratamento de \u00e1gua","og_description":"A&nbsp;torre de resfriamento&nbsp;tratamento de \u00e1gua&nbsp;cumpre com uma importante tarefa que oferece muitas vantagens aos clientes, garantindo n\u00e3o s\u00f3 que a estrutura continue capaz de atender \u00e0 demanda, como tamb\u00e9m aumento da produ\u00e7\u00e3o e uma consider\u00e1vel economia. Isso em decorr\u00eancia dos problemas que a&nbsp;torre de resfriamento tratamento de \u00e1gua&nbsp;evita, diminuindo a parada de produ\u00e7\u00e3o, redu\u00e7\u00e3o de [&hellip;]","og_url":"https:\/\/www.alfaterm.com.br\/es\/informacoes\/torre-resfriamento-tratamento-agua\/","og_site_name":"Bem-vindo \u00e0 ALFATERM","article_modified_time":"2024-09-09T08:27:52+00:00","og_image":[{"width":269,"height":232,"url":"https:\/\/www.alfaterm.com.br\/wp-content\/uploads\/2024\/09\/equipamento-torre-resfriamento.webp","type":"image\/webp"}],"twitter_card":"summary_large_image","twitter_misc":{"Tiempo de lectura":"2 minutos"},"schema":{"@context":"https:\/\/schema.org","@graph":[{"@type":"WebPage","@id":"https:\/\/www.alfaterm.com.br\/informacoes\/torre-resfriamento-tratamento-agua\/","url":"https:\/\/www.alfaterm.com.br\/informacoes\/torre-resfriamento-tratamento-agua\/","name":"Torre de resfriamento tratamento de \u00e1gua - Bem-vindo \u00e0 ALFATERM","isPartOf":{"@id":"https:\/\/www.alfaterm.com.br\/#website"},"primaryImageOfPage":{"@id":"https:\/\/www.alfaterm.com.br\/informacoes\/torre-resfriamento-tratamento-agua\/#primaryimage"},"image":{"@id":"https:\/\/www.alfaterm.com.br\/informacoes\/torre-resfriamento-tratamento-agua\/#primaryimage"},"thumbnailUrl":"https:\/\/www.alfaterm.com.br\/wp-content\/uploads\/2024\/09\/equipamento-torre-resfriamento.webp","datePublished":"2024-09-02T11:58:51+00:00","dateModified":"2024-09-09T08:27:52+00:00","breadcrumb":{"@id":"https:\/\/www.alfaterm.com.br\/informacoes\/torre-resfriamento-tratamento-agua\/#breadcrumb"},"inLanguage":"es","potentialAction":[{"@type":"ReadAction","target":["https:\/\/www.alfaterm.com.br\/informacoes\/torre-resfriamento-tratamento-agua\/"]}]},{"@type":"ImageObject","inLanguage":"es","@id":"https:\/\/www.alfaterm.com.br\/informacoes\/torre-resfriamento-tratamento-agua\/#primaryimage","url":"https:\/\/www.alfaterm.com.br\/wp-content\/uploads\/2024\/09\/equipamento-torre-resfriamento.webp","contentUrl":"https:\/\/www.alfaterm.com.br\/wp-content\/uploads\/2024\/09\/equipamento-torre-resfriamento.webp","width":269,"height":232},{"@type":"BreadcrumbList","@id":"https:\/\/www.alfaterm.com.br\/informacoes\/torre-resfriamento-tratamento-agua\/#breadcrumb","itemListElement":[{"@type":"ListItem","position":1,"name":"Home","item":"https:\/\/www.alfaterm.com.br\/"},{"@type":"ListItem","position":2,"name":"Informa\u00e7\u00f5es","item":"https:\/\/www.alfaterm.com.br\/informacoes\/"},{"@type":"ListItem","position":3,"name":"Torre de resfriamento tratamento de \u00e1gua"}]},{"@type":"WebSite","@id":"https:\/\/www.alfaterm.com.br\/#website","url":"https:\/\/www.alfaterm.com.br\/","name":"Bem-vindo \u00e0 ALFATERM","description":"","publisher":{"@id":"https:\/\/www.alfaterm.com.br\/#organization"},"potentialAction":[{"@type":"SearchAction","target":{"@type":"EntryPoint","urlTemplate":"https:\/\/www.alfaterm.com.br\/?s={search_term_string}"},"query-input":{"@type":"PropertyValueSpecification","valueRequired":true,"valueName":"search_term_string"}}],"inLanguage":"es"},{"@type":"Organization","@id":"https:\/\/www.alfaterm.com.br\/#organization","name":"Bem-vindo \u00e0 ALFATERM","url":"https:\/\/www.alfaterm.com.br\/","logo":{"@type":"ImageObject","inLanguage":"es","@id":"https:\/\/www.alfaterm.com.br\/#\/schema\/logo\/image\/","url":"https:\/\/www.alfaterm.com.br\/wp-content\/uploads\/2024\/07\/logo-alfaterm.png","contentUrl":"https:\/\/www.alfaterm.com.br\/wp-content\/uploads\/2024\/07\/logo-alfaterm.png","width":393,"height":45,"caption":"Bem-vindo \u00e0 ALFATERM"},"image":{"@id":"https:\/\/www.alfaterm.com.br\/#\/schema\/logo\/image\/"}}]}},"_links":{"self":[{"href":"https:\/\/www.alfaterm.com.br\/es\/wp-json\/wp\/v2\/pages\/2332","targetHints":{"allow":["GET"]}}],"collection":[{"href":"https:\/\/www.alfaterm.com.br\/es\/wp-json\/wp\/v2\/pages"}],"about":[{"href":"https:\/\/www.alfaterm.com.br\/es\/wp-json\/wp\/v2\/types\/page"}],"author":[{"embeddable":true,"href":"https:\/\/www.alfaterm.com.br\/es\/wp-json\/wp\/v2\/users\/1"}],"replies":[{"embeddable":true,"href":"https:\/\/www.alfaterm.com.br\/es\/wp-json\/wp\/v2\/comments?post=2332"}],"version-history":[{"count":0,"href":"https:\/\/www.alfaterm.com.br\/es\/wp-json\/wp\/v2\/pages\/2332\/revisions"}],"up":[{"embeddable":true,"href":"https:\/\/www.alfaterm.com.br\/es\/wp-json\/wp\/v2\/pages\/2144"}],"wp:featuredmedia":[{"embeddable":true,"href":"https:\/\/www.alfaterm.com.br\/es\/wp-json\/wp\/v2\/media\/2226"}],"wp:attachment":[{"href":"https:\/\/www.alfaterm.com.br\/es\/wp-json\/wp\/v2\/media?parent=2332"}],"curies":[{"name":"wp","href":"https:\/\/api.w.org\/{rel}","templated":true}]}}