{"id":2330,"date":"2024-09-02T08:59:37","date_gmt":"2024-09-02T11:59:37","guid":{"rendered":"https:\/\/www.alfaterm.com.br\/?page_id=2330"},"modified":"2024-09-09T05:28:15","modified_gmt":"2024-09-09T08:28:15","slug":"torres-arrefecimento-agua","status":"publish","type":"page","link":"https:\/\/www.alfaterm.com.br\/es\/informacoes\/torres-arrefecimento-agua\/","title":{"rendered":"Torres de arrefecimento de \u00e1gua"},"content":{"rendered":"<p>As&nbsp;torres de arrefecimento de \u00e1gua&nbsp;s\u00e3o equipamentos que tem como objetivo realizar o arrefecimento de \u00e1guas industriais, que podem ser provenientes de condensadores ou de instala\u00e7\u00f5es de refrigera\u00e7\u00e3o, dentre outros. A \u00e1gua aquecida que entra nas&nbsp;torres de arrefecimento de \u00e1gua&nbsp;\u00e9 gotejada na parte superior das&nbsp;torres de arrefecimento de \u00e1gua&nbsp;de maneira a descer lentamente em contracorrente a uma corrente de ar frio, que costuma estar ajustada \u00e0 temperatura ambiente.<\/p>\n\n\n\n<p>Ao final do processo, a troca de calor da \u00e1gua inserida nas&nbsp;torres de arrefecimento de \u00e1gua&nbsp;faz com que a mesma retorne ao condensador, local de origem da \u00e1gua quente. O trabalho desenvolvido com todos os componentes, sejam ar frio, \u00e1gua fria ou \u00e1gua quente, faz com que as&nbsp;torres de arrefecimento de \u00e1gua&nbsp;sejam essenciais para a realiza\u00e7\u00e3o de diversos processos industriais.<\/p>\n\n\n\n<h2 class=\"wp-block-heading\">MAIORES INFORMA\u00c7\u00d5ES ACERCA DA TORRES DE ARREFECIMENTO DE \u00c1GUA<\/h2>\n\n\n\n<p>No mercado existem diversos modelos de&nbsp;torres de arrefecimento de \u00e1gua, sendo definidos pelas ind\u00fastrias e seus fabricantes a partir da quantidade necess\u00e1ria de \u00e1gua para realizar os processos necess\u00e1rios e pelos valores de vaz\u00e3o do equipamento.<\/p>\n\n\n\n<p>A decis\u00e3o da escolha das&nbsp;torres de arrefecimento de \u00e1gua&nbsp;\u00e9 tomada por profissionais que garantem um bom funcionamento de todos os processos industriais onde a presen\u00e7a das&nbsp;torres de arrefecimento de \u00e1gua&nbsp;se faz necess\u00e1ria. As&nbsp;torres de arrefecimento de \u00e1gua&nbsp;devem ser adquiridas a partir de uma empresa com qualidade certificada, que se mostre mais do que capaz de oferecer ferramentas que auxiliem no trabalho da torre ou realizem trabalhos similares, como condensadores e resfriadores, outros tipos de torres, dentre outros produtos necess\u00e1rios dentro de diversos processos industriais. Outro fator de extrema import\u00e2ncia \u00e9 o treinamento e conhecimento dos funcion\u00e1rios da equipe de vendas, que deve conhecer o produto.<\/p>\n\n\n\n<h2 class=\"wp-block-heading\">ALFATERM IND\u00daSTRIA E COM\u00c9RCIO LTDA \u2013 SUCESSO EM ATIVIDADES INDUSTRIAIS<\/h2>\n\n\n\n<p>A ALFATERM Ind\u00fastria e Com\u00e9rcio LTDA \u00e9 uma empresa que atua h\u00e1 mais de 20 anos com sucesso no mercado realizando servi\u00e7os de fabrica\u00e7\u00e3o e manuten\u00e7\u00e3o de diversos tipos de torres de resfriamento de \u00e1gua de maneira eficiente e lucrativa, atendendo todas as obriga\u00e7\u00f5es com seus clientes de maneira f\u00e1cil e respons\u00e1vel.<\/p>\n\n\n\n<h2 class=\"wp-block-heading\">Para saber mais sobre Assist\u00eancia t\u00e9cnica em torres de resfriar<\/h2>\n\n\n\n<p>Ligue para&nbsp;<strong>11 4156-8930<\/strong>&nbsp;ou&nbsp;<a href=\"https:\/\/www.alfaterm.com.br\/es\/contacto\/\">clique aqui<\/a>&nbsp;e entre em contato por email.<\/p>","protected":false},"excerpt":{"rendered":"<p>As&nbsp;torres de arrefecimento de \u00e1gua&nbsp;s\u00e3o equipamentos que tem como objetivo realizar o arrefecimento de \u00e1guas industriais, que podem ser provenientes de condensadores ou de instala\u00e7\u00f5es de refrigera\u00e7\u00e3o, dentre outros. A \u00e1gua aquecida que entra nas&nbsp;torres de arrefecimento de \u00e1gua&nbsp;\u00e9 gotejada na parte superior das&nbsp;torres de arrefecimento de \u00e1gua&nbsp;de maneira a descer lentamente em contracorrente a [&hellip;]<\/p>","protected":false},"author":1,"featured_media":2226,"parent":2144,"menu_order":0,"comment_status":"closed","ping_status":"closed","template":"","meta":{"_acf_changed":false,"_joinchat":[],"footnotes":""},"class_list":["post-2330","page","type-page","status-publish","has-post-thumbnail","hentry"],"acf":[],"yoast_head":"<!-- This site is optimized with the Yoast SEO Premium plugin v23.4 (Yoast SEO v27.1.1) - https:\/\/yoast.com\/product\/yoast-seo-premium-wordpress\/ -->\n<title>Torres de arrefecimento de \u00e1gua - Bem-vindo \u00e0 ALFATERM<\/title>\n<meta name=\"robots\" content=\"index, follow, max-snippet:-1, max-image-preview:large, max-video-preview:-1\" \/>\n<link rel=\"canonical\" href=\"https:\/\/www.alfaterm.com.br\/es\/informacoes\/torres-arrefecimento-agua\/\" \/>\n<meta property=\"og:locale\" content=\"es_ES\" \/>\n<meta property=\"og:type\" content=\"article\" \/>\n<meta property=\"og:title\" content=\"Torres de arrefecimento de \u00e1gua\" \/>\n<meta property=\"og:description\" content=\"As&nbsp;torres de arrefecimento de \u00e1gua&nbsp;s\u00e3o equipamentos que tem como objetivo realizar o arrefecimento de \u00e1guas industriais, que podem ser provenientes de condensadores ou de instala\u00e7\u00f5es de refrigera\u00e7\u00e3o, dentre outros. A \u00e1gua aquecida que entra nas&nbsp;torres de arrefecimento de \u00e1gua&nbsp;\u00e9 gotejada na parte superior das&nbsp;torres de arrefecimento de \u00e1gua&nbsp;de maneira a descer lentamente em contracorrente a [&hellip;]\" \/>\n<meta property=\"og:url\" content=\"https:\/\/www.alfaterm.com.br\/es\/informacoes\/torres-arrefecimento-agua\/\" \/>\n<meta property=\"og:site_name\" content=\"Bem-vindo \u00e0 ALFATERM\" \/>\n<meta property=\"article:modified_time\" content=\"2024-09-09T08:28:15+00:00\" \/>\n<meta property=\"og:image\" content=\"https:\/\/www.alfaterm.com.br\/wp-content\/uploads\/2024\/09\/equipamento-torre-resfriamento.webp\" \/>\n\t<meta property=\"og:image:width\" content=\"269\" \/>\n\t<meta property=\"og:image:height\" content=\"232\" \/>\n\t<meta property=\"og:image:type\" content=\"image\/webp\" \/>\n<meta name=\"twitter:card\" content=\"summary_large_image\" \/>\n<meta name=\"twitter:label1\" content=\"Tiempo de lectura\" \/>\n\t<meta name=\"twitter:data1\" content=\"2 minutos\" \/>\n<script type=\"application\/ld+json\" class=\"yoast-schema-graph\">{\"@context\":\"https:\/\/schema.org\",\"@graph\":[{\"@type\":\"WebPage\",\"@id\":\"https:\/\/www.alfaterm.com.br\/informacoes\/torres-arrefecimento-agua\/\",\"url\":\"https:\/\/www.alfaterm.com.br\/informacoes\/torres-arrefecimento-agua\/\",\"name\":\"Torres de arrefecimento de \u00e1gua - Bem-vindo \u00e0 ALFATERM\",\"isPartOf\":{\"@id\":\"https:\/\/www.alfaterm.com.br\/#website\"},\"primaryImageOfPage\":{\"@id\":\"https:\/\/www.alfaterm.com.br\/informacoes\/torres-arrefecimento-agua\/#primaryimage\"},\"image\":{\"@id\":\"https:\/\/www.alfaterm.com.br\/informacoes\/torres-arrefecimento-agua\/#primaryimage\"},\"thumbnailUrl\":\"https:\/\/www.alfaterm.com.br\/wp-content\/uploads\/2024\/09\/equipamento-torre-resfriamento.webp\",\"datePublished\":\"2024-09-02T11:59:37+00:00\",\"dateModified\":\"2024-09-09T08:28:15+00:00\",\"breadcrumb\":{\"@id\":\"https:\/\/www.alfaterm.com.br\/informacoes\/torres-arrefecimento-agua\/#breadcrumb\"},\"inLanguage\":\"es\",\"potentialAction\":[{\"@type\":\"ReadAction\",\"target\":[\"https:\/\/www.alfaterm.com.br\/informacoes\/torres-arrefecimento-agua\/\"]}]},{\"@type\":\"ImageObject\",\"inLanguage\":\"es\",\"@id\":\"https:\/\/www.alfaterm.com.br\/informacoes\/torres-arrefecimento-agua\/#primaryimage\",\"url\":\"https:\/\/www.alfaterm.com.br\/wp-content\/uploads\/2024\/09\/equipamento-torre-resfriamento.webp\",\"contentUrl\":\"https:\/\/www.alfaterm.com.br\/wp-content\/uploads\/2024\/09\/equipamento-torre-resfriamento.webp\",\"width\":269,\"height\":232},{\"@type\":\"BreadcrumbList\",\"@id\":\"https:\/\/www.alfaterm.com.br\/informacoes\/torres-arrefecimento-agua\/#breadcrumb\",\"itemListElement\":[{\"@type\":\"ListItem\",\"position\":1,\"name\":\"Home\",\"item\":\"https:\/\/www.alfaterm.com.br\/\"},{\"@type\":\"ListItem\",\"position\":2,\"name\":\"Informa\u00e7\u00f5es\",\"item\":\"https:\/\/www.alfaterm.com.br\/informacoes\/\"},{\"@type\":\"ListItem\",\"position\":3,\"name\":\"Torres de arrefecimento de \u00e1gua\"}]},{\"@type\":\"WebSite\",\"@id\":\"https:\/\/www.alfaterm.com.br\/#website\",\"url\":\"https:\/\/www.alfaterm.com.br\/\",\"name\":\"Bem-vindo \u00e0 ALFATERM\",\"description\":\"\",\"publisher\":{\"@id\":\"https:\/\/www.alfaterm.com.br\/#organization\"},\"potentialAction\":[{\"@type\":\"SearchAction\",\"target\":{\"@type\":\"EntryPoint\",\"urlTemplate\":\"https:\/\/www.alfaterm.com.br\/?s={search_term_string}\"},\"query-input\":{\"@type\":\"PropertyValueSpecification\",\"valueRequired\":true,\"valueName\":\"search_term_string\"}}],\"inLanguage\":\"es\"},{\"@type\":\"Organization\",\"@id\":\"https:\/\/www.alfaterm.com.br\/#organization\",\"name\":\"Bem-vindo \u00e0 ALFATERM\",\"url\":\"https:\/\/www.alfaterm.com.br\/\",\"logo\":{\"@type\":\"ImageObject\",\"inLanguage\":\"es\",\"@id\":\"https:\/\/www.alfaterm.com.br\/#\/schema\/logo\/image\/\",\"url\":\"https:\/\/www.alfaterm.com.br\/wp-content\/uploads\/2024\/07\/logo-alfaterm.png\",\"contentUrl\":\"https:\/\/www.alfaterm.com.br\/wp-content\/uploads\/2024\/07\/logo-alfaterm.png\",\"width\":393,\"height\":45,\"caption\":\"Bem-vindo \u00e0 ALFATERM\"},\"image\":{\"@id\":\"https:\/\/www.alfaterm.com.br\/#\/schema\/logo\/image\/\"}}]}<\/script>\n<!-- \/ Yoast SEO Premium plugin. -->","yoast_head_json":{"title":"Torres de arrefecimento de \u00e1gua - Bem-vindo \u00e0 ALFATERM","robots":{"index":"index","follow":"follow","max-snippet":"max-snippet:-1","max-image-preview":"max-image-preview:large","max-video-preview":"max-video-preview:-1"},"canonical":"https:\/\/www.alfaterm.com.br\/es\/informacoes\/torres-arrefecimento-agua\/","og_locale":"es_ES","og_type":"article","og_title":"Torres de arrefecimento de \u00e1gua","og_description":"As&nbsp;torres de arrefecimento de \u00e1gua&nbsp;s\u00e3o equipamentos que tem como objetivo realizar o arrefecimento de \u00e1guas industriais, que podem ser provenientes de condensadores ou de instala\u00e7\u00f5es de refrigera\u00e7\u00e3o, dentre outros. A \u00e1gua aquecida que entra nas&nbsp;torres de arrefecimento de \u00e1gua&nbsp;\u00e9 gotejada na parte superior das&nbsp;torres de arrefecimento de \u00e1gua&nbsp;de maneira a descer lentamente em contracorrente a [&hellip;]","og_url":"https:\/\/www.alfaterm.com.br\/es\/informacoes\/torres-arrefecimento-agua\/","og_site_name":"Bem-vindo \u00e0 ALFATERM","article_modified_time":"2024-09-09T08:28:15+00:00","og_image":[{"width":269,"height":232,"url":"https:\/\/www.alfaterm.com.br\/wp-content\/uploads\/2024\/09\/equipamento-torre-resfriamento.webp","type":"image\/webp"}],"twitter_card":"summary_large_image","twitter_misc":{"Tiempo de lectura":"2 minutos"},"schema":{"@context":"https:\/\/schema.org","@graph":[{"@type":"WebPage","@id":"https:\/\/www.alfaterm.com.br\/informacoes\/torres-arrefecimento-agua\/","url":"https:\/\/www.alfaterm.com.br\/informacoes\/torres-arrefecimento-agua\/","name":"Torres de arrefecimento de \u00e1gua - Bem-vindo \u00e0 ALFATERM","isPartOf":{"@id":"https:\/\/www.alfaterm.com.br\/#website"},"primaryImageOfPage":{"@id":"https:\/\/www.alfaterm.com.br\/informacoes\/torres-arrefecimento-agua\/#primaryimage"},"image":{"@id":"https:\/\/www.alfaterm.com.br\/informacoes\/torres-arrefecimento-agua\/#primaryimage"},"thumbnailUrl":"https:\/\/www.alfaterm.com.br\/wp-content\/uploads\/2024\/09\/equipamento-torre-resfriamento.webp","datePublished":"2024-09-02T11:59:37+00:00","dateModified":"2024-09-09T08:28:15+00:00","breadcrumb":{"@id":"https:\/\/www.alfaterm.com.br\/informacoes\/torres-arrefecimento-agua\/#breadcrumb"},"inLanguage":"es","potentialAction":[{"@type":"ReadAction","target":["https:\/\/www.alfaterm.com.br\/informacoes\/torres-arrefecimento-agua\/"]}]},{"@type":"ImageObject","inLanguage":"es","@id":"https:\/\/www.alfaterm.com.br\/informacoes\/torres-arrefecimento-agua\/#primaryimage","url":"https:\/\/www.alfaterm.com.br\/wp-content\/uploads\/2024\/09\/equipamento-torre-resfriamento.webp","contentUrl":"https:\/\/www.alfaterm.com.br\/wp-content\/uploads\/2024\/09\/equipamento-torre-resfriamento.webp","width":269,"height":232},{"@type":"BreadcrumbList","@id":"https:\/\/www.alfaterm.com.br\/informacoes\/torres-arrefecimento-agua\/#breadcrumb","itemListElement":[{"@type":"ListItem","position":1,"name":"Home","item":"https:\/\/www.alfaterm.com.br\/"},{"@type":"ListItem","position":2,"name":"Informa\u00e7\u00f5es","item":"https:\/\/www.alfaterm.com.br\/informacoes\/"},{"@type":"ListItem","position":3,"name":"Torres de arrefecimento de \u00e1gua"}]},{"@type":"WebSite","@id":"https:\/\/www.alfaterm.com.br\/#website","url":"https:\/\/www.alfaterm.com.br\/","name":"Bem-vindo \u00e0 ALFATERM","description":"","publisher":{"@id":"https:\/\/www.alfaterm.com.br\/#organization"},"potentialAction":[{"@type":"SearchAction","target":{"@type":"EntryPoint","urlTemplate":"https:\/\/www.alfaterm.com.br\/?s={search_term_string}"},"query-input":{"@type":"PropertyValueSpecification","valueRequired":true,"valueName":"search_term_string"}}],"inLanguage":"es"},{"@type":"Organization","@id":"https:\/\/www.alfaterm.com.br\/#organization","name":"Bem-vindo \u00e0 ALFATERM","url":"https:\/\/www.alfaterm.com.br\/","logo":{"@type":"ImageObject","inLanguage":"es","@id":"https:\/\/www.alfaterm.com.br\/#\/schema\/logo\/image\/","url":"https:\/\/www.alfaterm.com.br\/wp-content\/uploads\/2024\/07\/logo-alfaterm.png","contentUrl":"https:\/\/www.alfaterm.com.br\/wp-content\/uploads\/2024\/07\/logo-alfaterm.png","width":393,"height":45,"caption":"Bem-vindo \u00e0 ALFATERM"},"image":{"@id":"https:\/\/www.alfaterm.com.br\/#\/schema\/logo\/image\/"}}]}},"_links":{"self":[{"href":"https:\/\/www.alfaterm.com.br\/es\/wp-json\/wp\/v2\/pages\/2330","targetHints":{"allow":["GET"]}}],"collection":[{"href":"https:\/\/www.alfaterm.com.br\/es\/wp-json\/wp\/v2\/pages"}],"about":[{"href":"https:\/\/www.alfaterm.com.br\/es\/wp-json\/wp\/v2\/types\/page"}],"author":[{"embeddable":true,"href":"https:\/\/www.alfaterm.com.br\/es\/wp-json\/wp\/v2\/users\/1"}],"replies":[{"embeddable":true,"href":"https:\/\/www.alfaterm.com.br\/es\/wp-json\/wp\/v2\/comments?post=2330"}],"version-history":[{"count":0,"href":"https:\/\/www.alfaterm.com.br\/es\/wp-json\/wp\/v2\/pages\/2330\/revisions"}],"up":[{"embeddable":true,"href":"https:\/\/www.alfaterm.com.br\/es\/wp-json\/wp\/v2\/pages\/2144"}],"wp:featuredmedia":[{"embeddable":true,"href":"https:\/\/www.alfaterm.com.br\/es\/wp-json\/wp\/v2\/media\/2226"}],"wp:attachment":[{"href":"https:\/\/www.alfaterm.com.br\/es\/wp-json\/wp\/v2\/media?parent=2330"}],"curies":[{"name":"wp","href":"https:\/\/api.w.org\/{rel}","templated":true}]}}