{"id":2328,"date":"2024-09-02T09:01:16","date_gmt":"2024-09-02T12:01:16","guid":{"rendered":"https:\/\/www.alfaterm.com.br\/?page_id=2328"},"modified":"2024-09-09T05:28:42","modified_gmt":"2024-09-09T08:28:42","slug":"torres-resfriamento-agua-processos-industriais","status":"publish","type":"page","link":"https:\/\/www.alfaterm.com.br\/es\/informacoes\/torres-resfriamento-agua-processos-industriais\/","title":{"rendered":"Torres de resfriamento de \u00e1gua em processos industriais"},"content":{"rendered":"<p>As&nbsp;torres de resfriamento de \u00e1gua em processos industriais&nbsp;s\u00e3o indispens\u00e1veis, pois realizam essa fun\u00e7\u00e3o que \u00e9 crucial para a preserva\u00e7\u00e3o e o devido funcionamento dos equipamentos e maquin\u00e1rios que geram calor enquanto operam. Mas, para que possam atuar de maneira eficiente, as&nbsp;torres de resfriamento de \u00e1gua em processos industriais&nbsp;devem ser projetadas e constru\u00eddas da maneira ideal, utilizando materiais de boa proced\u00eancia, al\u00e9m de contarem com um bom planejamento, pois dessa forma ser\u00e1 muito mais garantido que ir\u00e3o atender \u00e0s demandas da ind\u00fastria perfeitamente.<\/p>\n\n\n\n<h2 class=\"wp-block-heading\">CONTANDO COM AS TORRES DE RESFRIAMENTO DE \u00c1GUA EM PROCESSOS INDUSTRIAIS<\/h2>\n\n\n\n<p>A efici\u00eancia das&nbsp;torres de resfriamento de \u00e1gua em processos industriais&nbsp;tamb\u00e9m se d\u00e1 pelo devido desenvolvimento do equipamento, que \u00e9 projetado para receber a entrada de \u00e1gua em sua parte superior, isso atrav\u00e9s de um bocal de entrada, em seguida a \u00e1gua \u00e9 distribu\u00edda para o enchimento dos contatos por interm\u00e9dio de bicos ou bocais.<\/p>\n\n\n\n<p>Enquanto isso, um ventilador, o qual se encontra instalado na parte superior das&nbsp;torres de resfriamento de \u00e1gua em processos industriais, realiza a fun\u00e7\u00e3o de aspirar ou insuflar o ar para o interior, ar este que passa pelo enchimento onde ocorre o contato com a \u00e1gua, realizando assim a transfer\u00eancia de calor.<\/p>\n\n\n\n<p>O ar quente, ent\u00e3o, sai atrav\u00e9s da parte superior das&nbsp;torres de resfriamento de \u00e1gua em processos industriais, e a \u00e1gua fria \u00e9 disponibilizada pelo bocal de sa\u00edda que fica localizado na bacia de \u00e1gua fria na parte inferior dos equipamentos.<\/p>\n\n\n\n<h2 class=\"wp-block-heading\">A IMPORT\u00c2NCIA DA QUALIDADE PARA O ATENDIMENTO DAS DEMANDAS<\/h2>\n\n\n\n<p>Por conta desse processo ser muito complexo e crucial para as aplica\u00e7\u00f5es, \u00e9 necess\u00e1rio que os clientes contem sempre com&nbsp;torres de resfriamento de \u00e1gua em processos industriais&nbsp;de qualidade e disponibilizadas por uma empresa especializada, pois ela certamente ir\u00e1 oferecer um produto bem desenvolvido e que cumpra perfeitamente com sua fun\u00e7\u00e3o.<\/p>\n\n\n\n<p>Dessa maneira, as aplica\u00e7\u00f5es que utilizarem&nbsp;torres de resfriamento de \u00e1gua em processos industriais&nbsp;de qualidade ir\u00e3o obter mais do que sua demanda atendida, sendo que o equipamento de boa proced\u00eancia ir\u00e1 garantir vantagens em produ\u00e7\u00e3o e at\u00e9 mesmo economia.<\/p>\n\n\n\n<h2 class=\"wp-block-heading\">QUALIDADE E MUITA EXPERI\u00caNCIA NA \u00c1REA<\/h2>\n\n\n\n<p>Atuando h\u00e1 mais de 30 anos no mercado, a ALFATERM Ind\u00fastria e Com\u00e9rcio Ltda. \u00e9 uma competente e especializada empresa que se consolidou na \u00e1rea pelo excelente trabalho que tem executado.<\/p>\n\n\n\n<p>Contando com uma \u00f3tima estrutura e profissionais capacitados, a ALFATERM Ind\u00fastria e Com\u00e9rcio Ltda. segue investindo em melhorias constantes para que possam continuar oferecendo as melhores solu\u00e7\u00f5es para seus clientes.<\/p>\n\n\n\n<h2 class=\"wp-block-heading\">Para saber mais sobre Assist\u00eancia t\u00e9cnica em torres de resfriar<\/h2>\n\n\n\n<p>Ligue para&nbsp;<strong>11 4156-8930<\/strong>&nbsp;ou&nbsp;<a href=\"https:\/\/www.alfaterm.com.br\/es\/contacto\/\">clique aqui<\/a>&nbsp;e entre em contato por email.<\/p>","protected":false},"excerpt":{"rendered":"<p>As&nbsp;torres de resfriamento de \u00e1gua em processos industriais&nbsp;s\u00e3o indispens\u00e1veis, pois realizam essa fun\u00e7\u00e3o que \u00e9 crucial para a preserva\u00e7\u00e3o e o devido funcionamento dos equipamentos e maquin\u00e1rios que geram calor enquanto operam. Mas, para que possam atuar de maneira eficiente, as&nbsp;torres de resfriamento de \u00e1gua em processos industriais&nbsp;devem ser projetadas e constru\u00eddas da maneira ideal, [&hellip;]<\/p>","protected":false},"author":1,"featured_media":2321,"parent":2144,"menu_order":0,"comment_status":"closed","ping_status":"closed","template":"","meta":{"_acf_changed":false,"_joinchat":[],"footnotes":""},"class_list":["post-2328","page","type-page","status-publish","has-post-thumbnail","hentry"],"acf":[],"yoast_head":"<!-- This site is optimized with the Yoast SEO Premium plugin v23.4 (Yoast SEO v27.1.1) - https:\/\/yoast.com\/product\/yoast-seo-premium-wordpress\/ -->\n<title>Torres de resfriamento de \u00e1gua em processos industriais - Bem-vindo \u00e0 ALFATERM<\/title>\n<meta name=\"robots\" content=\"index, follow, max-snippet:-1, max-image-preview:large, max-video-preview:-1\" \/>\n<link rel=\"canonical\" href=\"https:\/\/www.alfaterm.com.br\/es\/informacoes\/torres-resfriamento-agua-processos-industriais\/\" \/>\n<meta property=\"og:locale\" content=\"es_ES\" \/>\n<meta property=\"og:type\" content=\"article\" \/>\n<meta property=\"og:title\" content=\"Torres de resfriamento de \u00e1gua em processos industriais\" \/>\n<meta property=\"og:description\" content=\"As&nbsp;torres de resfriamento de \u00e1gua em processos industriais&nbsp;s\u00e3o indispens\u00e1veis, pois realizam essa fun\u00e7\u00e3o que \u00e9 crucial para a preserva\u00e7\u00e3o e o devido funcionamento dos equipamentos e maquin\u00e1rios que geram calor enquanto operam. Mas, para que possam atuar de maneira eficiente, as&nbsp;torres de resfriamento de \u00e1gua em processos industriais&nbsp;devem ser projetadas e constru\u00eddas da maneira ideal, [&hellip;]\" \/>\n<meta property=\"og:url\" content=\"https:\/\/www.alfaterm.com.br\/es\/informacoes\/torres-resfriamento-agua-processos-industriais\/\" \/>\n<meta property=\"og:site_name\" content=\"Bem-vindo \u00e0 ALFATERM\" \/>\n<meta property=\"article:modified_time\" content=\"2024-09-09T08:28:42+00:00\" \/>\n<meta property=\"og:image\" content=\"https:\/\/www.alfaterm.com.br\/wp-content\/uploads\/2024\/09\/torre-resfriamento-industrial.webp\" \/>\n\t<meta property=\"og:image:width\" content=\"800\" \/>\n\t<meta property=\"og:image:height\" content=\"524\" \/>\n\t<meta property=\"og:image:type\" content=\"image\/webp\" \/>\n<meta name=\"twitter:card\" content=\"summary_large_image\" \/>\n<meta name=\"twitter:label1\" content=\"Tiempo de lectura\" \/>\n\t<meta name=\"twitter:data1\" content=\"2 minutos\" \/>\n<script type=\"application\/ld+json\" class=\"yoast-schema-graph\">{\"@context\":\"https:\/\/schema.org\",\"@graph\":[{\"@type\":\"WebPage\",\"@id\":\"https:\/\/www.alfaterm.com.br\/informacoes\/torres-resfriamento-agua-processos-industriais\/\",\"url\":\"https:\/\/www.alfaterm.com.br\/informacoes\/torres-resfriamento-agua-processos-industriais\/\",\"name\":\"Torres de resfriamento de \u00e1gua em processos industriais - Bem-vindo \u00e0 ALFATERM\",\"isPartOf\":{\"@id\":\"https:\/\/www.alfaterm.com.br\/#website\"},\"primaryImageOfPage\":{\"@id\":\"https:\/\/www.alfaterm.com.br\/informacoes\/torres-resfriamento-agua-processos-industriais\/#primaryimage\"},\"image\":{\"@id\":\"https:\/\/www.alfaterm.com.br\/informacoes\/torres-resfriamento-agua-processos-industriais\/#primaryimage\"},\"thumbnailUrl\":\"https:\/\/www.alfaterm.com.br\/wp-content\/uploads\/2024\/09\/torre-resfriamento-industrial.webp\",\"datePublished\":\"2024-09-02T12:01:16+00:00\",\"dateModified\":\"2024-09-09T08:28:42+00:00\",\"breadcrumb\":{\"@id\":\"https:\/\/www.alfaterm.com.br\/informacoes\/torres-resfriamento-agua-processos-industriais\/#breadcrumb\"},\"inLanguage\":\"es\",\"potentialAction\":[{\"@type\":\"ReadAction\",\"target\":[\"https:\/\/www.alfaterm.com.br\/informacoes\/torres-resfriamento-agua-processos-industriais\/\"]}]},{\"@type\":\"ImageObject\",\"inLanguage\":\"es\",\"@id\":\"https:\/\/www.alfaterm.com.br\/informacoes\/torres-resfriamento-agua-processos-industriais\/#primaryimage\",\"url\":\"https:\/\/www.alfaterm.com.br\/wp-content\/uploads\/2024\/09\/torre-resfriamento-industrial.webp\",\"contentUrl\":\"https:\/\/www.alfaterm.com.br\/wp-content\/uploads\/2024\/09\/torre-resfriamento-industrial.webp\",\"width\":800,\"height\":524},{\"@type\":\"BreadcrumbList\",\"@id\":\"https:\/\/www.alfaterm.com.br\/informacoes\/torres-resfriamento-agua-processos-industriais\/#breadcrumb\",\"itemListElement\":[{\"@type\":\"ListItem\",\"position\":1,\"name\":\"Home\",\"item\":\"https:\/\/www.alfaterm.com.br\/\"},{\"@type\":\"ListItem\",\"position\":2,\"name\":\"Informa\u00e7\u00f5es\",\"item\":\"https:\/\/www.alfaterm.com.br\/informacoes\/\"},{\"@type\":\"ListItem\",\"position\":3,\"name\":\"Torres de resfriamento de \u00e1gua em processos industriais\"}]},{\"@type\":\"WebSite\",\"@id\":\"https:\/\/www.alfaterm.com.br\/#website\",\"url\":\"https:\/\/www.alfaterm.com.br\/\",\"name\":\"Bem-vindo \u00e0 ALFATERM\",\"description\":\"\",\"publisher\":{\"@id\":\"https:\/\/www.alfaterm.com.br\/#organization\"},\"potentialAction\":[{\"@type\":\"SearchAction\",\"target\":{\"@type\":\"EntryPoint\",\"urlTemplate\":\"https:\/\/www.alfaterm.com.br\/?s={search_term_string}\"},\"query-input\":{\"@type\":\"PropertyValueSpecification\",\"valueRequired\":true,\"valueName\":\"search_term_string\"}}],\"inLanguage\":\"es\"},{\"@type\":\"Organization\",\"@id\":\"https:\/\/www.alfaterm.com.br\/#organization\",\"name\":\"Bem-vindo \u00e0 ALFATERM\",\"url\":\"https:\/\/www.alfaterm.com.br\/\",\"logo\":{\"@type\":\"ImageObject\",\"inLanguage\":\"es\",\"@id\":\"https:\/\/www.alfaterm.com.br\/#\/schema\/logo\/image\/\",\"url\":\"https:\/\/www.alfaterm.com.br\/wp-content\/uploads\/2024\/07\/logo-alfaterm.png\",\"contentUrl\":\"https:\/\/www.alfaterm.com.br\/wp-content\/uploads\/2024\/07\/logo-alfaterm.png\",\"width\":393,\"height\":45,\"caption\":\"Bem-vindo \u00e0 ALFATERM\"},\"image\":{\"@id\":\"https:\/\/www.alfaterm.com.br\/#\/schema\/logo\/image\/\"}}]}<\/script>\n<!-- \/ Yoast SEO Premium plugin. -->","yoast_head_json":{"title":"Torres de resfriamento de \u00e1gua em processos industriais - Bem-vindo \u00e0 ALFATERM","robots":{"index":"index","follow":"follow","max-snippet":"max-snippet:-1","max-image-preview":"max-image-preview:large","max-video-preview":"max-video-preview:-1"},"canonical":"https:\/\/www.alfaterm.com.br\/es\/informacoes\/torres-resfriamento-agua-processos-industriais\/","og_locale":"es_ES","og_type":"article","og_title":"Torres de resfriamento de \u00e1gua em processos industriais","og_description":"As&nbsp;torres de resfriamento de \u00e1gua em processos industriais&nbsp;s\u00e3o indispens\u00e1veis, pois realizam essa fun\u00e7\u00e3o que \u00e9 crucial para a preserva\u00e7\u00e3o e o devido funcionamento dos equipamentos e maquin\u00e1rios que geram calor enquanto operam. Mas, para que possam atuar de maneira eficiente, as&nbsp;torres de resfriamento de \u00e1gua em processos industriais&nbsp;devem ser projetadas e constru\u00eddas da maneira ideal, [&hellip;]","og_url":"https:\/\/www.alfaterm.com.br\/es\/informacoes\/torres-resfriamento-agua-processos-industriais\/","og_site_name":"Bem-vindo \u00e0 ALFATERM","article_modified_time":"2024-09-09T08:28:42+00:00","og_image":[{"width":800,"height":524,"url":"https:\/\/www.alfaterm.com.br\/wp-content\/uploads\/2024\/09\/torre-resfriamento-industrial.webp","type":"image\/webp"}],"twitter_card":"summary_large_image","twitter_misc":{"Tiempo de lectura":"2 minutos"},"schema":{"@context":"https:\/\/schema.org","@graph":[{"@type":"WebPage","@id":"https:\/\/www.alfaterm.com.br\/informacoes\/torres-resfriamento-agua-processos-industriais\/","url":"https:\/\/www.alfaterm.com.br\/informacoes\/torres-resfriamento-agua-processos-industriais\/","name":"Torres de resfriamento de \u00e1gua em processos industriais - Bem-vindo \u00e0 ALFATERM","isPartOf":{"@id":"https:\/\/www.alfaterm.com.br\/#website"},"primaryImageOfPage":{"@id":"https:\/\/www.alfaterm.com.br\/informacoes\/torres-resfriamento-agua-processos-industriais\/#primaryimage"},"image":{"@id":"https:\/\/www.alfaterm.com.br\/informacoes\/torres-resfriamento-agua-processos-industriais\/#primaryimage"},"thumbnailUrl":"https:\/\/www.alfaterm.com.br\/wp-content\/uploads\/2024\/09\/torre-resfriamento-industrial.webp","datePublished":"2024-09-02T12:01:16+00:00","dateModified":"2024-09-09T08:28:42+00:00","breadcrumb":{"@id":"https:\/\/www.alfaterm.com.br\/informacoes\/torres-resfriamento-agua-processos-industriais\/#breadcrumb"},"inLanguage":"es","potentialAction":[{"@type":"ReadAction","target":["https:\/\/www.alfaterm.com.br\/informacoes\/torres-resfriamento-agua-processos-industriais\/"]}]},{"@type":"ImageObject","inLanguage":"es","@id":"https:\/\/www.alfaterm.com.br\/informacoes\/torres-resfriamento-agua-processos-industriais\/#primaryimage","url":"https:\/\/www.alfaterm.com.br\/wp-content\/uploads\/2024\/09\/torre-resfriamento-industrial.webp","contentUrl":"https:\/\/www.alfaterm.com.br\/wp-content\/uploads\/2024\/09\/torre-resfriamento-industrial.webp","width":800,"height":524},{"@type":"BreadcrumbList","@id":"https:\/\/www.alfaterm.com.br\/informacoes\/torres-resfriamento-agua-processos-industriais\/#breadcrumb","itemListElement":[{"@type":"ListItem","position":1,"name":"Home","item":"https:\/\/www.alfaterm.com.br\/"},{"@type":"ListItem","position":2,"name":"Informa\u00e7\u00f5es","item":"https:\/\/www.alfaterm.com.br\/informacoes\/"},{"@type":"ListItem","position":3,"name":"Torres de resfriamento de \u00e1gua em processos industriais"}]},{"@type":"WebSite","@id":"https:\/\/www.alfaterm.com.br\/#website","url":"https:\/\/www.alfaterm.com.br\/","name":"Bem-vindo \u00e0 ALFATERM","description":"","publisher":{"@id":"https:\/\/www.alfaterm.com.br\/#organization"},"potentialAction":[{"@type":"SearchAction","target":{"@type":"EntryPoint","urlTemplate":"https:\/\/www.alfaterm.com.br\/?s={search_term_string}"},"query-input":{"@type":"PropertyValueSpecification","valueRequired":true,"valueName":"search_term_string"}}],"inLanguage":"es"},{"@type":"Organization","@id":"https:\/\/www.alfaterm.com.br\/#organization","name":"Bem-vindo \u00e0 ALFATERM","url":"https:\/\/www.alfaterm.com.br\/","logo":{"@type":"ImageObject","inLanguage":"es","@id":"https:\/\/www.alfaterm.com.br\/#\/schema\/logo\/image\/","url":"https:\/\/www.alfaterm.com.br\/wp-content\/uploads\/2024\/07\/logo-alfaterm.png","contentUrl":"https:\/\/www.alfaterm.com.br\/wp-content\/uploads\/2024\/07\/logo-alfaterm.png","width":393,"height":45,"caption":"Bem-vindo \u00e0 ALFATERM"},"image":{"@id":"https:\/\/www.alfaterm.com.br\/#\/schema\/logo\/image\/"}}]}},"_links":{"self":[{"href":"https:\/\/www.alfaterm.com.br\/es\/wp-json\/wp\/v2\/pages\/2328","targetHints":{"allow":["GET"]}}],"collection":[{"href":"https:\/\/www.alfaterm.com.br\/es\/wp-json\/wp\/v2\/pages"}],"about":[{"href":"https:\/\/www.alfaterm.com.br\/es\/wp-json\/wp\/v2\/types\/page"}],"author":[{"embeddable":true,"href":"https:\/\/www.alfaterm.com.br\/es\/wp-json\/wp\/v2\/users\/1"}],"replies":[{"embeddable":true,"href":"https:\/\/www.alfaterm.com.br\/es\/wp-json\/wp\/v2\/comments?post=2328"}],"version-history":[{"count":0,"href":"https:\/\/www.alfaterm.com.br\/es\/wp-json\/wp\/v2\/pages\/2328\/revisions"}],"up":[{"embeddable":true,"href":"https:\/\/www.alfaterm.com.br\/es\/wp-json\/wp\/v2\/pages\/2144"}],"wp:featuredmedia":[{"embeddable":true,"href":"https:\/\/www.alfaterm.com.br\/es\/wp-json\/wp\/v2\/media\/2321"}],"wp:attachment":[{"href":"https:\/\/www.alfaterm.com.br\/es\/wp-json\/wp\/v2\/media?parent=2328"}],"curies":[{"name":"wp","href":"https:\/\/api.w.org\/{rel}","templated":true}]}}