{"id":2272,"date":"2024-09-02T08:20:58","date_gmt":"2024-09-02T11:20:58","guid":{"rendered":"https:\/\/www.alfaterm.com.br\/?page_id=2272"},"modified":"2024-09-09T05:08:52","modified_gmt":"2024-09-09T08:08:52","slug":"retentor-gotas","status":"publish","type":"page","link":"https:\/\/www.alfaterm.com.br\/es\/informacoes\/retentor-gotas\/","title":{"rendered":"Retentor de gotas"},"content":{"rendered":"<p>O&nbsp;retentor de gotas&nbsp;\u00e9 um componente de not\u00e1vel import\u00e2ncia no funcionamento de um sistema de resfriamento por meio de evapora\u00e7\u00e3o. A torre de resfriamento, ou resfriador, como tamb\u00e9m \u00e9 conhecido tal sistema, funciona basicamente a partir da troca de calor como m\u00e9todo de redu\u00e7\u00e3o da temperatura como um todo. Especificamente, o&nbsp;retentor de gotas&nbsp;exerce a fun\u00e7\u00e3o de delimitar a quantidade de perdas decorrentes de arraste, de modo que a performance do resfriador n\u00e3o saia prejudicada.<\/p>\n\n\n\n<p>O&nbsp;retentor de gotas&nbsp;conta com perfil aerodin\u00e2mico constitu\u00eddo em polipropileno, em formato de onda, e para atuar com as demandas necess\u00e1rias apresenta resist\u00eancia a varia\u00e7\u00f5es t\u00e9rmica, qu\u00edmica e mec\u00e2nica.<\/p>\n\n\n\n<h2 class=\"wp-block-heading\">MATERIAIS E COMPONENTES EMPREGADOS NA ESTRUTURA DE RETENTOR DE GOTAS E TORRES DE RESFRIAMENTO<\/h2>\n\n\n\n<p>Seja o concreto, a fibra de vidro ou o polipropileno, o material escolhido para servir como base para a fabrica\u00e7\u00e3o dos resfriadores deve ser resultante de uma metodologia avan\u00e7ada tecnologicamente. Nesse sentido, os fabricantes de&nbsp;retentor de gotas&nbsp;que demonstram preocupa\u00e7\u00e3o com os resultados de seus contratantes investem massivamente em boa qualidade, assim como em capacita\u00e7\u00e3o e conhecimento t\u00e9cnico dos profissionais sob sua supervis\u00e3o.<\/p>\n\n\n\n<p>Os componentes do maquin\u00e1rio em quest\u00e3o tamb\u00e9m podem influenciar diretamente no desempenho do produto, haja visto que cada pe\u00e7a \u00e9 desenvolvida separadamente e depois montada por empresa especializada em&nbsp;retentor de gotas&nbsp;e projetos afins. A tecnologia empregada em cada componente pode, portanto, fazer toda a diferen\u00e7a no resultado, e ventiladores\/h\u00e9lices, enchimentos de contato (BRT, grade ou filme), bem como o sistema de redistribui\u00e7\u00e3o de \u00e1gua como um todo s\u00e3o grandezas inclu\u00eddas neste rol de diferenciais em qualidade.<\/p>\n\n\n\n<h2 class=\"wp-block-heading\">CUIDADOS COM O PRODUTO E SUA DURABILIDADE<\/h2>\n\n\n\n<p>Os fabricantes de&nbsp;retentor de gotas&nbsp;de refer\u00eancia tamb\u00e9m est\u00e3o cientes da necessidade do contratante de agendar manuten\u00e7\u00e3o preventiva em car\u00e1ter peri\u00f3dico, e em alguns casos tamb\u00e9m prestam assist\u00eancia t\u00e9cnica de consertos e reparos maiores. Uma vez em bom funcionamento, o desempenho dessas partes pode ser garantido por meio de vistoria peri\u00f3dica, que, se realizada da maneira correta, consegue evitar a necessidade de acionamento de manuten\u00e7\u00e3o corretiva de&nbsp;retentor de gotas.<\/p>\n\n\n\n<h2 class=\"wp-block-heading\">ONDE COMPRAR O RETENTOR DE GOTAS<\/h2>\n\n\n\n<p>A melhor indica\u00e7\u00e3o para adquirir retentores de gotas \u00e9 investir na contrata\u00e7\u00e3o de uma f\u00e1brica de renome, capaz de atuar muito al\u00e9m do conserto, mas em prol de todas as medidas poss\u00edveis que asseguram o funcionamento correto de torres de resfriamento. A empresa em quest\u00e3o deve ser certificada e atuar em conformidade com os padr\u00f5es determinados pela ISO 9001, ISO 14001 e OHSAS 18001, bem como difundir princ\u00edpios de preserva\u00e7\u00e3o ambiental.<\/p>\n\n\n\n<p>Uma caracter\u00edstica muito importante que se refere \u00e0 ALFATERM Ind\u00fastria e Com\u00e9rcio Ltda. \u00e9 a preocupa\u00e7\u00e3o com os impactos com o meio ambiente e com as pessoas envolvidas nas atividades da empresa, como funcion\u00e1rios e clientes, que tamb\u00e9m fazem parte dessa equa\u00e7\u00e3o. A empresa prima por efici\u00eancia energ\u00e9tica, para que n\u00e3o haja desperd\u00edcio de recursos, e respeita normatiza\u00e7\u00f5es com ISO 9001, ISO 14001 e OHSAS 18001. A ALFATERM Ind\u00fastria e Com\u00e9rcio Ltda.&nbsp; \u00e9 sin\u00f4nimo de excel\u00eancia em&nbsp;retentor de gotas&nbsp;e outros produtos afins e atua n\u00e3o somente no Brasil, como tamb\u00e9m na Am\u00e9rica do Sul e na Am\u00e9rica Central.<\/p>\n\n\n\n<h2 class=\"wp-block-heading\">Para saber mais sobre Assist\u00eancia t\u00e9cnica em torres de resfriar<\/h2>\n\n\n\n<p>Ligue para&nbsp;<strong>11 4156-8930<\/strong>&nbsp;ou&nbsp;<a href=\"https:\/\/www.alfaterm.com.br\/es\/contacto\/\">clique aqui<\/a>&nbsp;e entre em contato por email.<\/p>","protected":false},"excerpt":{"rendered":"<p>O&nbsp;retentor de gotas&nbsp;\u00e9 um componente de not\u00e1vel import\u00e2ncia no funcionamento de um sistema de resfriamento por meio de evapora\u00e7\u00e3o. A torre de resfriamento, ou resfriador, como tamb\u00e9m \u00e9 conhecido tal sistema, funciona basicamente a partir da troca de calor como m\u00e9todo de redu\u00e7\u00e3o da temperatura como um todo. Especificamente, o&nbsp;retentor de gotas&nbsp;exerce a fun\u00e7\u00e3o de [&hellip;]<\/p>","protected":false},"author":1,"featured_media":2287,"parent":2144,"menu_order":0,"comment_status":"closed","ping_status":"closed","template":"","meta":{"_acf_changed":false,"_joinchat":[],"footnotes":""},"class_list":["post-2272","page","type-page","status-publish","has-post-thumbnail","hentry"],"acf":[],"yoast_head":"<!-- This site is optimized with the Yoast SEO Premium plugin v23.4 (Yoast SEO v27.1.1) - https:\/\/yoast.com\/product\/yoast-seo-premium-wordpress\/ -->\n<title>Retentor de gotas - Bem-vindo \u00e0 ALFATERM<\/title>\n<meta name=\"robots\" content=\"index, follow, max-snippet:-1, max-image-preview:large, max-video-preview:-1\" \/>\n<link rel=\"canonical\" href=\"https:\/\/www.alfaterm.com.br\/es\/informacoes\/retentor-gotas\/\" \/>\n<meta property=\"og:locale\" content=\"es_ES\" \/>\n<meta property=\"og:type\" content=\"article\" \/>\n<meta property=\"og:title\" content=\"Retentor de gotas\" \/>\n<meta property=\"og:description\" content=\"O&nbsp;retentor de gotas&nbsp;\u00e9 um componente de not\u00e1vel import\u00e2ncia no funcionamento de um sistema de resfriamento por meio de evapora\u00e7\u00e3o. A torre de resfriamento, ou resfriador, como tamb\u00e9m \u00e9 conhecido tal sistema, funciona basicamente a partir da troca de calor como m\u00e9todo de redu\u00e7\u00e3o da temperatura como um todo. Especificamente, o&nbsp;retentor de gotas&nbsp;exerce a fun\u00e7\u00e3o de [&hellip;]\" \/>\n<meta property=\"og:url\" content=\"https:\/\/www.alfaterm.com.br\/es\/informacoes\/retentor-gotas\/\" \/>\n<meta property=\"og:site_name\" content=\"Bem-vindo \u00e0 ALFATERM\" \/>\n<meta property=\"article:modified_time\" content=\"2024-09-09T08:08:52+00:00\" \/>\n<meta property=\"og:image\" content=\"https:\/\/www.alfaterm.com.br\/wp-content\/uploads\/2024\/09\/retentor-gotas.webp\" \/>\n\t<meta property=\"og:image:width\" content=\"800\" \/>\n\t<meta property=\"og:image:height\" content=\"1395\" \/>\n\t<meta property=\"og:image:type\" content=\"image\/webp\" \/>\n<meta name=\"twitter:card\" content=\"summary_large_image\" \/>\n<meta name=\"twitter:label1\" content=\"Tiempo de lectura\" \/>\n\t<meta name=\"twitter:data1\" content=\"3 minutos\" \/>\n<script type=\"application\/ld+json\" class=\"yoast-schema-graph\">{\"@context\":\"https:\/\/schema.org\",\"@graph\":[{\"@type\":\"WebPage\",\"@id\":\"https:\/\/www.alfaterm.com.br\/informacoes\/retentor-gotas\/\",\"url\":\"https:\/\/www.alfaterm.com.br\/informacoes\/retentor-gotas\/\",\"name\":\"Retentor de gotas - Bem-vindo \u00e0 ALFATERM\",\"isPartOf\":{\"@id\":\"https:\/\/www.alfaterm.com.br\/#website\"},\"primaryImageOfPage\":{\"@id\":\"https:\/\/www.alfaterm.com.br\/informacoes\/retentor-gotas\/#primaryimage\"},\"image\":{\"@id\":\"https:\/\/www.alfaterm.com.br\/informacoes\/retentor-gotas\/#primaryimage\"},\"thumbnailUrl\":\"https:\/\/www.alfaterm.com.br\/wp-content\/uploads\/2024\/09\/retentor-gotas.webp\",\"datePublished\":\"2024-09-02T11:20:58+00:00\",\"dateModified\":\"2024-09-09T08:08:52+00:00\",\"breadcrumb\":{\"@id\":\"https:\/\/www.alfaterm.com.br\/informacoes\/retentor-gotas\/#breadcrumb\"},\"inLanguage\":\"es\",\"potentialAction\":[{\"@type\":\"ReadAction\",\"target\":[\"https:\/\/www.alfaterm.com.br\/informacoes\/retentor-gotas\/\"]}]},{\"@type\":\"ImageObject\",\"inLanguage\":\"es\",\"@id\":\"https:\/\/www.alfaterm.com.br\/informacoes\/retentor-gotas\/#primaryimage\",\"url\":\"https:\/\/www.alfaterm.com.br\/wp-content\/uploads\/2024\/09\/retentor-gotas.webp\",\"contentUrl\":\"https:\/\/www.alfaterm.com.br\/wp-content\/uploads\/2024\/09\/retentor-gotas.webp\",\"width\":800,\"height\":1395},{\"@type\":\"BreadcrumbList\",\"@id\":\"https:\/\/www.alfaterm.com.br\/informacoes\/retentor-gotas\/#breadcrumb\",\"itemListElement\":[{\"@type\":\"ListItem\",\"position\":1,\"name\":\"Home\",\"item\":\"https:\/\/www.alfaterm.com.br\/\"},{\"@type\":\"ListItem\",\"position\":2,\"name\":\"Informa\u00e7\u00f5es\",\"item\":\"https:\/\/www.alfaterm.com.br\/informacoes\/\"},{\"@type\":\"ListItem\",\"position\":3,\"name\":\"Retentor de gotas\"}]},{\"@type\":\"WebSite\",\"@id\":\"https:\/\/www.alfaterm.com.br\/#website\",\"url\":\"https:\/\/www.alfaterm.com.br\/\",\"name\":\"Bem-vindo \u00e0 ALFATERM\",\"description\":\"\",\"publisher\":{\"@id\":\"https:\/\/www.alfaterm.com.br\/#organization\"},\"potentialAction\":[{\"@type\":\"SearchAction\",\"target\":{\"@type\":\"EntryPoint\",\"urlTemplate\":\"https:\/\/www.alfaterm.com.br\/?s={search_term_string}\"},\"query-input\":{\"@type\":\"PropertyValueSpecification\",\"valueRequired\":true,\"valueName\":\"search_term_string\"}}],\"inLanguage\":\"es\"},{\"@type\":\"Organization\",\"@id\":\"https:\/\/www.alfaterm.com.br\/#organization\",\"name\":\"Bem-vindo \u00e0 ALFATERM\",\"url\":\"https:\/\/www.alfaterm.com.br\/\",\"logo\":{\"@type\":\"ImageObject\",\"inLanguage\":\"es\",\"@id\":\"https:\/\/www.alfaterm.com.br\/#\/schema\/logo\/image\/\",\"url\":\"https:\/\/www.alfaterm.com.br\/wp-content\/uploads\/2024\/07\/logo-alfaterm.png\",\"contentUrl\":\"https:\/\/www.alfaterm.com.br\/wp-content\/uploads\/2024\/07\/logo-alfaterm.png\",\"width\":393,\"height\":45,\"caption\":\"Bem-vindo \u00e0 ALFATERM\"},\"image\":{\"@id\":\"https:\/\/www.alfaterm.com.br\/#\/schema\/logo\/image\/\"}}]}<\/script>\n<!-- \/ Yoast SEO Premium plugin. -->","yoast_head_json":{"title":"Retentor de gotas - Bem-vindo \u00e0 ALFATERM","robots":{"index":"index","follow":"follow","max-snippet":"max-snippet:-1","max-image-preview":"max-image-preview:large","max-video-preview":"max-video-preview:-1"},"canonical":"https:\/\/www.alfaterm.com.br\/es\/informacoes\/retentor-gotas\/","og_locale":"es_ES","og_type":"article","og_title":"Retentor de gotas","og_description":"O&nbsp;retentor de gotas&nbsp;\u00e9 um componente de not\u00e1vel import\u00e2ncia no funcionamento de um sistema de resfriamento por meio de evapora\u00e7\u00e3o. A torre de resfriamento, ou resfriador, como tamb\u00e9m \u00e9 conhecido tal sistema, funciona basicamente a partir da troca de calor como m\u00e9todo de redu\u00e7\u00e3o da temperatura como um todo. Especificamente, o&nbsp;retentor de gotas&nbsp;exerce a fun\u00e7\u00e3o de [&hellip;]","og_url":"https:\/\/www.alfaterm.com.br\/es\/informacoes\/retentor-gotas\/","og_site_name":"Bem-vindo \u00e0 ALFATERM","article_modified_time":"2024-09-09T08:08:52+00:00","og_image":[{"width":800,"height":1395,"url":"https:\/\/www.alfaterm.com.br\/wp-content\/uploads\/2024\/09\/retentor-gotas.webp","type":"image\/webp"}],"twitter_card":"summary_large_image","twitter_misc":{"Tiempo de lectura":"3 minutos"},"schema":{"@context":"https:\/\/schema.org","@graph":[{"@type":"WebPage","@id":"https:\/\/www.alfaterm.com.br\/informacoes\/retentor-gotas\/","url":"https:\/\/www.alfaterm.com.br\/informacoes\/retentor-gotas\/","name":"Retentor de gotas - Bem-vindo \u00e0 ALFATERM","isPartOf":{"@id":"https:\/\/www.alfaterm.com.br\/#website"},"primaryImageOfPage":{"@id":"https:\/\/www.alfaterm.com.br\/informacoes\/retentor-gotas\/#primaryimage"},"image":{"@id":"https:\/\/www.alfaterm.com.br\/informacoes\/retentor-gotas\/#primaryimage"},"thumbnailUrl":"https:\/\/www.alfaterm.com.br\/wp-content\/uploads\/2024\/09\/retentor-gotas.webp","datePublished":"2024-09-02T11:20:58+00:00","dateModified":"2024-09-09T08:08:52+00:00","breadcrumb":{"@id":"https:\/\/www.alfaterm.com.br\/informacoes\/retentor-gotas\/#breadcrumb"},"inLanguage":"es","potentialAction":[{"@type":"ReadAction","target":["https:\/\/www.alfaterm.com.br\/informacoes\/retentor-gotas\/"]}]},{"@type":"ImageObject","inLanguage":"es","@id":"https:\/\/www.alfaterm.com.br\/informacoes\/retentor-gotas\/#primaryimage","url":"https:\/\/www.alfaterm.com.br\/wp-content\/uploads\/2024\/09\/retentor-gotas.webp","contentUrl":"https:\/\/www.alfaterm.com.br\/wp-content\/uploads\/2024\/09\/retentor-gotas.webp","width":800,"height":1395},{"@type":"BreadcrumbList","@id":"https:\/\/www.alfaterm.com.br\/informacoes\/retentor-gotas\/#breadcrumb","itemListElement":[{"@type":"ListItem","position":1,"name":"Home","item":"https:\/\/www.alfaterm.com.br\/"},{"@type":"ListItem","position":2,"name":"Informa\u00e7\u00f5es","item":"https:\/\/www.alfaterm.com.br\/informacoes\/"},{"@type":"ListItem","position":3,"name":"Retentor de gotas"}]},{"@type":"WebSite","@id":"https:\/\/www.alfaterm.com.br\/#website","url":"https:\/\/www.alfaterm.com.br\/","name":"Bem-vindo \u00e0 ALFATERM","description":"","publisher":{"@id":"https:\/\/www.alfaterm.com.br\/#organization"},"potentialAction":[{"@type":"SearchAction","target":{"@type":"EntryPoint","urlTemplate":"https:\/\/www.alfaterm.com.br\/?s={search_term_string}"},"query-input":{"@type":"PropertyValueSpecification","valueRequired":true,"valueName":"search_term_string"}}],"inLanguage":"es"},{"@type":"Organization","@id":"https:\/\/www.alfaterm.com.br\/#organization","name":"Bem-vindo \u00e0 ALFATERM","url":"https:\/\/www.alfaterm.com.br\/","logo":{"@type":"ImageObject","inLanguage":"es","@id":"https:\/\/www.alfaterm.com.br\/#\/schema\/logo\/image\/","url":"https:\/\/www.alfaterm.com.br\/wp-content\/uploads\/2024\/07\/logo-alfaterm.png","contentUrl":"https:\/\/www.alfaterm.com.br\/wp-content\/uploads\/2024\/07\/logo-alfaterm.png","width":393,"height":45,"caption":"Bem-vindo \u00e0 ALFATERM"},"image":{"@id":"https:\/\/www.alfaterm.com.br\/#\/schema\/logo\/image\/"}}]}},"_links":{"self":[{"href":"https:\/\/www.alfaterm.com.br\/es\/wp-json\/wp\/v2\/pages\/2272","targetHints":{"allow":["GET"]}}],"collection":[{"href":"https:\/\/www.alfaterm.com.br\/es\/wp-json\/wp\/v2\/pages"}],"about":[{"href":"https:\/\/www.alfaterm.com.br\/es\/wp-json\/wp\/v2\/types\/page"}],"author":[{"embeddable":true,"href":"https:\/\/www.alfaterm.com.br\/es\/wp-json\/wp\/v2\/users\/1"}],"replies":[{"embeddable":true,"href":"https:\/\/www.alfaterm.com.br\/es\/wp-json\/wp\/v2\/comments?post=2272"}],"version-history":[{"count":0,"href":"https:\/\/www.alfaterm.com.br\/es\/wp-json\/wp\/v2\/pages\/2272\/revisions"}],"up":[{"embeddable":true,"href":"https:\/\/www.alfaterm.com.br\/es\/wp-json\/wp\/v2\/pages\/2144"}],"wp:featuredmedia":[{"embeddable":true,"href":"https:\/\/www.alfaterm.com.br\/es\/wp-json\/wp\/v2\/media\/2287"}],"wp:attachment":[{"href":"https:\/\/www.alfaterm.com.br\/es\/wp-json\/wp\/v2\/media?parent=2272"}],"curies":[{"name":"wp","href":"https:\/\/api.w.org\/{rel}","templated":true}]}}