{"id":2271,"date":"2024-09-02T08:21:32","date_gmt":"2024-09-02T11:21:32","guid":{"rendered":"https:\/\/www.alfaterm.com.br\/?page_id=2271"},"modified":"2024-09-09T05:20:43","modified_gmt":"2024-09-09T08:20:43","slug":"sistema-resfriamento-agua","status":"publish","type":"page","link":"https:\/\/www.alfaterm.com.br\/es\/informacoes\/sistema-resfriamento-agua\/","title":{"rendered":"Sistema de resfriamento de \u00e1gua"},"content":{"rendered":"<p>O controle da temperatura atrav\u00e9s de um&nbsp;sistema de resfriamento de \u00e1gua&nbsp;\u00e9 um procedimento de suma import\u00e2ncia para a ind\u00fastria, porque a maior parte dos m\u00e9todos de produ\u00e7\u00e3o da ind\u00fastria, seja qual for o seu segmento de mercado, necessita do&nbsp;sistema de resfriamento de \u00e1gua&nbsp;em decorr\u00eancia da gera\u00e7\u00e3o de calor em sua linha produtiva e, portanto, \u00e9 necess\u00e1ria uma gest\u00e3o da temperatura para que se evite preju\u00edzos aos processos, como para uma maior redu\u00e7\u00e3o de custos.<\/p>\n\n\n\n<p>O calor gerado pelo m\u00e9todo de trabalho deve ser retirado, por isso a necessidade de um&nbsp;sistema de resfriamento de \u00e1gua. Esse&nbsp;sistema de resfriamento de \u00e1gua&nbsp;\u00e9 mais uma etapa do processo industrial, pois sempre em determinada parte de um processo existe a necessidade do controle de temperatura. Um&nbsp;sistema de resfriamento de \u00e1gua&nbsp;com uma boa gest\u00e3o pode aproveitar ao m\u00e1ximo a transforma\u00e7\u00e3o da energia t\u00e9rmica, geralmente para acontecer esse controle de temperatura, a ind\u00fastria recorre a um sistema de troca t\u00e9rmica como as torres de resfriamento e os chillers.<\/p>\n\n\n\n<h2 class=\"wp-block-heading\">EQUIPAMENTOS COM UM SISTEMA DE RESFRIAMENTO DE \u00c1GUA<\/h2>\n\n\n\n<p>Os resfriadores de circuito fechado ou torres de circuito fechado s\u00e3o usados em um&nbsp;sistema de resfriamento de \u00e1gua&nbsp;no qual n\u00e3o acontece a contamina\u00e7\u00e3o do fluido resfriado, utiliza-se uma serpentina de a\u00e7o internamente para a circula\u00e7\u00e3o somente da \u00e1gua, isolando-a de contamina\u00e7\u00f5es que poderiam estragar os equipamentos.<\/p>\n\n\n\n<p>Existem tamb\u00e9m os drycoolers ou resfriadores secos, que funcionam com circuito fechado de \u00e1gua que pode gerar uma economia de at\u00e9 97% de \u00e1gua, comparado ao sistema aberto.<\/p>\n\n\n\n<p>Outra op\u00e7\u00e3o s\u00e3o as unidades de \u00e1gua gelada e os chillers, normalmente indicados para processos onde a \u00e1gua tem a necessidade de alcan\u00e7ar temperaturas inferiores a 25\u00b0C ou at\u00e9 temperaturas negativas.<\/p>\n\n\n\n<h2 class=\"wp-block-heading\">ALFATERM IND\u00daSTRIA E COM\u00c9RCIO LTDA. COM CERTIFICA\u00c7\u00c3O INTEGRADA<\/h2>\n\n\n\n<p>A ALFATERM Ind\u00fastria e Com\u00e9rcio Ltda. \u00e9 uma empresa com mais de quarenta anos no seu segmento de mercado, trabalhando com torres de resfriamento de \u00e1gua, projetos, servi\u00e7os e pe\u00e7as, ela est\u00e1 localizada em Santana do Parna\u00edba, S\u00e3o Paulo.<\/p>\n\n\n\n<p>Atuando em todo Brasil, Am\u00e9rica Latina e Central, a ALFATERM Ind\u00fastria e Com\u00e9rcio Ltda. \u00e9 a primeira empresa a ter certifica\u00e7\u00e3o de um Sistema Integrado de Gest\u00e3o ou SIG.<\/p>\n\n\n\n<h2 class=\"wp-block-heading\">Para saber mais sobre Assist\u00eancia t\u00e9cnica em torres de resfriar<\/h2>\n\n\n\n<p>Ligue para&nbsp;<strong>11 4156-8930<\/strong>&nbsp;ou&nbsp;<a href=\"https:\/\/www.alfaterm.com.br\/es\/contacto\/\">clique aqui<\/a>&nbsp;e entre em contato por email.<\/p>","protected":false},"excerpt":{"rendered":"<p>O controle da temperatura atrav\u00e9s de um&nbsp;sistema de resfriamento de \u00e1gua&nbsp;\u00e9 um procedimento de suma import\u00e2ncia para a ind\u00fastria, porque a maior parte dos m\u00e9todos de produ\u00e7\u00e3o da ind\u00fastria, seja qual for o seu segmento de mercado, necessita do&nbsp;sistema de resfriamento de \u00e1gua&nbsp;em decorr\u00eancia da gera\u00e7\u00e3o de calor em sua linha produtiva e, portanto, \u00e9 [&hellip;]<\/p>","protected":false},"author":1,"featured_media":2225,"parent":2144,"menu_order":0,"comment_status":"closed","ping_status":"closed","template":"","meta":{"_acf_changed":false,"_joinchat":[],"footnotes":""},"class_list":["post-2271","page","type-page","status-publish","has-post-thumbnail","hentry"],"acf":[],"yoast_head":"<!-- This site is optimized with the Yoast SEO Premium plugin v23.4 (Yoast SEO v27.1.1) - https:\/\/yoast.com\/product\/yoast-seo-premium-wordpress\/ -->\n<title>Sistema de resfriamento de \u00e1gua - Bem-vindo \u00e0 ALFATERM<\/title>\n<meta name=\"robots\" content=\"index, follow, max-snippet:-1, max-image-preview:large, max-video-preview:-1\" \/>\n<link rel=\"canonical\" href=\"https:\/\/www.alfaterm.com.br\/es\/informacoes\/sistema-resfriamento-agua\/\" \/>\n<meta property=\"og:locale\" content=\"es_ES\" \/>\n<meta property=\"og:type\" content=\"article\" \/>\n<meta property=\"og:title\" content=\"Sistema de resfriamento de \u00e1gua\" \/>\n<meta property=\"og:description\" content=\"O controle da temperatura atrav\u00e9s de um&nbsp;sistema de resfriamento de \u00e1gua&nbsp;\u00e9 um procedimento de suma import\u00e2ncia para a ind\u00fastria, porque a maior parte dos m\u00e9todos de produ\u00e7\u00e3o da ind\u00fastria, seja qual for o seu segmento de mercado, necessita do&nbsp;sistema de resfriamento de \u00e1gua&nbsp;em decorr\u00eancia da gera\u00e7\u00e3o de calor em sua linha produtiva e, portanto, \u00e9 [&hellip;]\" \/>\n<meta property=\"og:url\" content=\"https:\/\/www.alfaterm.com.br\/es\/informacoes\/sistema-resfriamento-agua\/\" \/>\n<meta property=\"og:site_name\" content=\"Bem-vindo \u00e0 ALFATERM\" \/>\n<meta property=\"article:modified_time\" content=\"2024-09-09T08:20:43+00:00\" \/>\n<meta property=\"og:image\" content=\"https:\/\/www.alfaterm.com.br\/wp-content\/uploads\/2024\/09\/fabrica-torre-resfriamento.webp\" \/>\n\t<meta property=\"og:image:width\" content=\"699\" \/>\n\t<meta property=\"og:image:height\" content=\"625\" \/>\n\t<meta property=\"og:image:type\" content=\"image\/webp\" \/>\n<meta name=\"twitter:card\" content=\"summary_large_image\" \/>\n<meta name=\"twitter:label1\" content=\"Tiempo de lectura\" \/>\n\t<meta name=\"twitter:data1\" content=\"2 minutos\" \/>\n<script type=\"application\/ld+json\" class=\"yoast-schema-graph\">{\"@context\":\"https:\/\/schema.org\",\"@graph\":[{\"@type\":\"WebPage\",\"@id\":\"https:\/\/www.alfaterm.com.br\/informacoes\/sistema-resfriamento-agua\/\",\"url\":\"https:\/\/www.alfaterm.com.br\/informacoes\/sistema-resfriamento-agua\/\",\"name\":\"Sistema de resfriamento de \u00e1gua - Bem-vindo \u00e0 ALFATERM\",\"isPartOf\":{\"@id\":\"https:\/\/www.alfaterm.com.br\/#website\"},\"primaryImageOfPage\":{\"@id\":\"https:\/\/www.alfaterm.com.br\/informacoes\/sistema-resfriamento-agua\/#primaryimage\"},\"image\":{\"@id\":\"https:\/\/www.alfaterm.com.br\/informacoes\/sistema-resfriamento-agua\/#primaryimage\"},\"thumbnailUrl\":\"https:\/\/www.alfaterm.com.br\/wp-content\/uploads\/2024\/09\/fabrica-torre-resfriamento.webp\",\"datePublished\":\"2024-09-02T11:21:32+00:00\",\"dateModified\":\"2024-09-09T08:20:43+00:00\",\"breadcrumb\":{\"@id\":\"https:\/\/www.alfaterm.com.br\/informacoes\/sistema-resfriamento-agua\/#breadcrumb\"},\"inLanguage\":\"es\",\"potentialAction\":[{\"@type\":\"ReadAction\",\"target\":[\"https:\/\/www.alfaterm.com.br\/informacoes\/sistema-resfriamento-agua\/\"]}]},{\"@type\":\"ImageObject\",\"inLanguage\":\"es\",\"@id\":\"https:\/\/www.alfaterm.com.br\/informacoes\/sistema-resfriamento-agua\/#primaryimage\",\"url\":\"https:\/\/www.alfaterm.com.br\/wp-content\/uploads\/2024\/09\/fabrica-torre-resfriamento.webp\",\"contentUrl\":\"https:\/\/www.alfaterm.com.br\/wp-content\/uploads\/2024\/09\/fabrica-torre-resfriamento.webp\",\"width\":699,\"height\":625},{\"@type\":\"BreadcrumbList\",\"@id\":\"https:\/\/www.alfaterm.com.br\/informacoes\/sistema-resfriamento-agua\/#breadcrumb\",\"itemListElement\":[{\"@type\":\"ListItem\",\"position\":1,\"name\":\"Home\",\"item\":\"https:\/\/www.alfaterm.com.br\/\"},{\"@type\":\"ListItem\",\"position\":2,\"name\":\"Informa\u00e7\u00f5es\",\"item\":\"https:\/\/www.alfaterm.com.br\/informacoes\/\"},{\"@type\":\"ListItem\",\"position\":3,\"name\":\"Sistema de resfriamento de \u00e1gua\"}]},{\"@type\":\"WebSite\",\"@id\":\"https:\/\/www.alfaterm.com.br\/#website\",\"url\":\"https:\/\/www.alfaterm.com.br\/\",\"name\":\"Bem-vindo \u00e0 ALFATERM\",\"description\":\"\",\"publisher\":{\"@id\":\"https:\/\/www.alfaterm.com.br\/#organization\"},\"potentialAction\":[{\"@type\":\"SearchAction\",\"target\":{\"@type\":\"EntryPoint\",\"urlTemplate\":\"https:\/\/www.alfaterm.com.br\/?s={search_term_string}\"},\"query-input\":{\"@type\":\"PropertyValueSpecification\",\"valueRequired\":true,\"valueName\":\"search_term_string\"}}],\"inLanguage\":\"es\"},{\"@type\":\"Organization\",\"@id\":\"https:\/\/www.alfaterm.com.br\/#organization\",\"name\":\"Bem-vindo \u00e0 ALFATERM\",\"url\":\"https:\/\/www.alfaterm.com.br\/\",\"logo\":{\"@type\":\"ImageObject\",\"inLanguage\":\"es\",\"@id\":\"https:\/\/www.alfaterm.com.br\/#\/schema\/logo\/image\/\",\"url\":\"https:\/\/www.alfaterm.com.br\/wp-content\/uploads\/2024\/07\/logo-alfaterm.png\",\"contentUrl\":\"https:\/\/www.alfaterm.com.br\/wp-content\/uploads\/2024\/07\/logo-alfaterm.png\",\"width\":393,\"height\":45,\"caption\":\"Bem-vindo \u00e0 ALFATERM\"},\"image\":{\"@id\":\"https:\/\/www.alfaterm.com.br\/#\/schema\/logo\/image\/\"}}]}<\/script>\n<!-- \/ Yoast SEO Premium plugin. -->","yoast_head_json":{"title":"Sistema de resfriamento de \u00e1gua - Bem-vindo \u00e0 ALFATERM","robots":{"index":"index","follow":"follow","max-snippet":"max-snippet:-1","max-image-preview":"max-image-preview:large","max-video-preview":"max-video-preview:-1"},"canonical":"https:\/\/www.alfaterm.com.br\/es\/informacoes\/sistema-resfriamento-agua\/","og_locale":"es_ES","og_type":"article","og_title":"Sistema de resfriamento de \u00e1gua","og_description":"O controle da temperatura atrav\u00e9s de um&nbsp;sistema de resfriamento de \u00e1gua&nbsp;\u00e9 um procedimento de suma import\u00e2ncia para a ind\u00fastria, porque a maior parte dos m\u00e9todos de produ\u00e7\u00e3o da ind\u00fastria, seja qual for o seu segmento de mercado, necessita do&nbsp;sistema de resfriamento de \u00e1gua&nbsp;em decorr\u00eancia da gera\u00e7\u00e3o de calor em sua linha produtiva e, portanto, \u00e9 [&hellip;]","og_url":"https:\/\/www.alfaterm.com.br\/es\/informacoes\/sistema-resfriamento-agua\/","og_site_name":"Bem-vindo \u00e0 ALFATERM","article_modified_time":"2024-09-09T08:20:43+00:00","og_image":[{"width":699,"height":625,"url":"https:\/\/www.alfaterm.com.br\/wp-content\/uploads\/2024\/09\/fabrica-torre-resfriamento.webp","type":"image\/webp"}],"twitter_card":"summary_large_image","twitter_misc":{"Tiempo de lectura":"2 minutos"},"schema":{"@context":"https:\/\/schema.org","@graph":[{"@type":"WebPage","@id":"https:\/\/www.alfaterm.com.br\/informacoes\/sistema-resfriamento-agua\/","url":"https:\/\/www.alfaterm.com.br\/informacoes\/sistema-resfriamento-agua\/","name":"Sistema de resfriamento de \u00e1gua - Bem-vindo \u00e0 ALFATERM","isPartOf":{"@id":"https:\/\/www.alfaterm.com.br\/#website"},"primaryImageOfPage":{"@id":"https:\/\/www.alfaterm.com.br\/informacoes\/sistema-resfriamento-agua\/#primaryimage"},"image":{"@id":"https:\/\/www.alfaterm.com.br\/informacoes\/sistema-resfriamento-agua\/#primaryimage"},"thumbnailUrl":"https:\/\/www.alfaterm.com.br\/wp-content\/uploads\/2024\/09\/fabrica-torre-resfriamento.webp","datePublished":"2024-09-02T11:21:32+00:00","dateModified":"2024-09-09T08:20:43+00:00","breadcrumb":{"@id":"https:\/\/www.alfaterm.com.br\/informacoes\/sistema-resfriamento-agua\/#breadcrumb"},"inLanguage":"es","potentialAction":[{"@type":"ReadAction","target":["https:\/\/www.alfaterm.com.br\/informacoes\/sistema-resfriamento-agua\/"]}]},{"@type":"ImageObject","inLanguage":"es","@id":"https:\/\/www.alfaterm.com.br\/informacoes\/sistema-resfriamento-agua\/#primaryimage","url":"https:\/\/www.alfaterm.com.br\/wp-content\/uploads\/2024\/09\/fabrica-torre-resfriamento.webp","contentUrl":"https:\/\/www.alfaterm.com.br\/wp-content\/uploads\/2024\/09\/fabrica-torre-resfriamento.webp","width":699,"height":625},{"@type":"BreadcrumbList","@id":"https:\/\/www.alfaterm.com.br\/informacoes\/sistema-resfriamento-agua\/#breadcrumb","itemListElement":[{"@type":"ListItem","position":1,"name":"Home","item":"https:\/\/www.alfaterm.com.br\/"},{"@type":"ListItem","position":2,"name":"Informa\u00e7\u00f5es","item":"https:\/\/www.alfaterm.com.br\/informacoes\/"},{"@type":"ListItem","position":3,"name":"Sistema de resfriamento de \u00e1gua"}]},{"@type":"WebSite","@id":"https:\/\/www.alfaterm.com.br\/#website","url":"https:\/\/www.alfaterm.com.br\/","name":"Bem-vindo \u00e0 ALFATERM","description":"","publisher":{"@id":"https:\/\/www.alfaterm.com.br\/#organization"},"potentialAction":[{"@type":"SearchAction","target":{"@type":"EntryPoint","urlTemplate":"https:\/\/www.alfaterm.com.br\/?s={search_term_string}"},"query-input":{"@type":"PropertyValueSpecification","valueRequired":true,"valueName":"search_term_string"}}],"inLanguage":"es"},{"@type":"Organization","@id":"https:\/\/www.alfaterm.com.br\/#organization","name":"Bem-vindo \u00e0 ALFATERM","url":"https:\/\/www.alfaterm.com.br\/","logo":{"@type":"ImageObject","inLanguage":"es","@id":"https:\/\/www.alfaterm.com.br\/#\/schema\/logo\/image\/","url":"https:\/\/www.alfaterm.com.br\/wp-content\/uploads\/2024\/07\/logo-alfaterm.png","contentUrl":"https:\/\/www.alfaterm.com.br\/wp-content\/uploads\/2024\/07\/logo-alfaterm.png","width":393,"height":45,"caption":"Bem-vindo \u00e0 ALFATERM"},"image":{"@id":"https:\/\/www.alfaterm.com.br\/#\/schema\/logo\/image\/"}}]}},"_links":{"self":[{"href":"https:\/\/www.alfaterm.com.br\/es\/wp-json\/wp\/v2\/pages\/2271","targetHints":{"allow":["GET"]}}],"collection":[{"href":"https:\/\/www.alfaterm.com.br\/es\/wp-json\/wp\/v2\/pages"}],"about":[{"href":"https:\/\/www.alfaterm.com.br\/es\/wp-json\/wp\/v2\/types\/page"}],"author":[{"embeddable":true,"href":"https:\/\/www.alfaterm.com.br\/es\/wp-json\/wp\/v2\/users\/1"}],"replies":[{"embeddable":true,"href":"https:\/\/www.alfaterm.com.br\/es\/wp-json\/wp\/v2\/comments?post=2271"}],"version-history":[{"count":0,"href":"https:\/\/www.alfaterm.com.br\/es\/wp-json\/wp\/v2\/pages\/2271\/revisions"}],"up":[{"embeddable":true,"href":"https:\/\/www.alfaterm.com.br\/es\/wp-json\/wp\/v2\/pages\/2144"}],"wp:featuredmedia":[{"embeddable":true,"href":"https:\/\/www.alfaterm.com.br\/es\/wp-json\/wp\/v2\/media\/2225"}],"wp:attachment":[{"href":"https:\/\/www.alfaterm.com.br\/es\/wp-json\/wp\/v2\/media?parent=2271"}],"curies":[{"name":"wp","href":"https:\/\/api.w.org\/{rel}","templated":true}]}}