{"id":2264,"date":"2024-09-02T08:25:29","date_gmt":"2024-09-02T11:25:29","guid":{"rendered":"https:\/\/www.alfaterm.com.br\/?page_id=2264"},"modified":"2024-09-09T05:13:47","modified_gmt":"2024-09-09T08:13:47","slug":"torre-resfriamento-agua-reposicao","status":"publish","type":"page","link":"https:\/\/www.alfaterm.com.br\/es\/informacoes\/torre-resfriamento-agua-reposicao\/","title":{"rendered":"Torre de resfriamento \u00e1gua de reposi\u00e7\u00e3o"},"content":{"rendered":"<p>A torre de resfriamento \u00e9, basicamente, um reservat\u00f3rio onde se realiza a diminui\u00e7\u00e3o da temperatura de fluidos, \u00e1gua ou qualquer outro tipo de subst\u00e2ncia. Assim, a&nbsp;torre de resfriamento \u00e1gua de reposi\u00e7\u00e3o&nbsp;consiste em um processo de reposi\u00e7\u00e3o de \u00e1gua fundamental para a evapora\u00e7\u00e3o que acontece de forma natural nessas torres.<\/p>\n\n\n\n<h2 class=\"wp-block-heading\">TIPOS DE SERVI\u00c7OS E APLICA\u00c7\u00d5ES<\/h2>\n\n\n\n<p>O servi\u00e7o dispon\u00edvel da&nbsp;torre de resfriamento \u00e1gua de reposi\u00e7\u00e3o&nbsp;\u00e9 feito, normalmente, por meio de uma empresa especializada em assist\u00eancia t\u00e9cnica. Dessa forma, esse processo \u00e9 indispens\u00e1vel para as torres de resfriamento utilizadas nas ind\u00fastrias aliment\u00edcias, farmac\u00eauticas, qu\u00edmicas, de latic\u00ednios, refinarias de petr\u00f3leo, esta\u00e7\u00f5es de energia e outras.<\/p>\n\n\n\n<h2 class=\"wp-block-heading\">TORRE DE RESFRIAMENTO \u00c1GUA DE REPOSI\u00c7\u00c3O: BENEF\u00cdCIOS<\/h2>\n\n\n\n<p>Por meio de uma assist\u00eancia t\u00e9cnica completa, a&nbsp;torre de resfriamento \u00e1gua de reposi\u00e7\u00e3o&nbsp;\u00e9 uma etapa que garante o funcionamento correto dos equipamentos, al\u00e9m disso, ela tamb\u00e9m oferece um aumento na efici\u00eancia operacional das torres e a diminui\u00e7\u00e3o de riscos operacionais.<\/p>\n\n\n\n<p>Outras vantagens do processo da&nbsp;torre de resfriamento \u00e1gua de reposi\u00e7\u00e3o&nbsp;s\u00e3o: evitar problemas como a corros\u00e3o, a deposi\u00e7\u00e3o, o crescimento biol\u00f3gico e a incrusta\u00e7\u00e3o de subst\u00e2ncias, o que ajuda a aumentar a vida \u00fatil dos trocadores de calor e evitar a deforma\u00e7\u00e3o ou perda de efici\u00eancia da torre de resfriamento.<\/p>\n\n\n\n<p>Assim, a&nbsp;torre de resfriamento \u00e1gua de reposi\u00e7\u00e3o, ao combinar produtos qu\u00edmicos adequados e per\u00edcia industrial atenta, auxilia em um uso completamente otimizado da \u00e1gua de reposi\u00e7\u00e3o, contribuindo para uma solu\u00e7\u00e3o ecologicamente correta, j\u00e1 que os custos com o tratamento e os descartes de res\u00edduos s\u00e3o sensivelmente reduzidos.<\/p>\n\n\n\n<p>Al\u00e9m dos benef\u00edcios para o meio ambiente, a&nbsp;torre de resfriamento \u00e1gua de reposi\u00e7\u00e3o&nbsp;tamb\u00e9m oferece vantagens mediante os custos operacionais dos equipamentos, como: a redu\u00e7\u00e3o do consumo de energia e a otimiza\u00e7\u00e3o dos meios de produ\u00e7\u00e3o.<\/p>\n\n\n\n<h2 class=\"wp-block-heading\">ALFATERM IND\u00daSTRIA E COM\u00c9RCIO LTDA: ESPECIALISTA EM TORRES DE RESFRIAMENTO<\/h2>\n\n\n\n<p>A ALFATERM Ind\u00fastria e Com\u00e9rcio Ltda. \u00e9 uma empresa que est\u00e1 no mercado h\u00e1 mais de 30 anos oferecendo produtos e servi\u00e7os no ramo de torres de resfriamento, projetos industriais e servi\u00e7os correlatos. Dessa forma, a ALFATERM Ind\u00fastria e Com\u00e9rcio Ltda. garante solu\u00e7\u00f5es inteligentes e ecologicamente corretas para seus clientes e parceiros, com uma equipe altamente preparada e mat\u00e9rias-primas de qualidade, a ALFATERM Ind\u00fastria e Com\u00e9rcio Ltda. \u00e9 resultado de investimentos constantes no setor de tecnologia e processos de manufatura.<\/p>\n\n\n\n<h2 class=\"wp-block-heading\">Para saber mais sobre Assist\u00eancia t\u00e9cnica em torres de resfriar<\/h2>\n\n\n\n<p>Ligue para&nbsp;<strong>11 4156-8930<\/strong>&nbsp;ou&nbsp;<a href=\"https:\/\/www.alfaterm.com.br\/es\/contacto\/\">clique aqui<\/a>&nbsp;e entre em contato por email.<\/p>","protected":false},"excerpt":{"rendered":"<p>A torre de resfriamento \u00e9, basicamente, um reservat\u00f3rio onde se realiza a diminui\u00e7\u00e3o da temperatura de fluidos, \u00e1gua ou qualquer outro tipo de subst\u00e2ncia. Assim, a&nbsp;torre de resfriamento \u00e1gua de reposi\u00e7\u00e3o&nbsp;consiste em um processo de reposi\u00e7\u00e3o de \u00e1gua fundamental para a evapora\u00e7\u00e3o que acontece de forma natural nessas torres. TIPOS DE SERVI\u00c7OS E APLICA\u00c7\u00d5ES O [&hellip;]<\/p>","protected":false},"author":1,"featured_media":2226,"parent":2144,"menu_order":0,"comment_status":"closed","ping_status":"closed","template":"","meta":{"_acf_changed":false,"_joinchat":[],"footnotes":""},"class_list":["post-2264","page","type-page","status-publish","has-post-thumbnail","hentry"],"acf":[],"yoast_head":"<!-- This site is optimized with the Yoast SEO Premium plugin v23.4 (Yoast SEO v27.1.1) - https:\/\/yoast.com\/product\/yoast-seo-premium-wordpress\/ -->\n<title>Torre de resfriamento \u00e1gua de reposi\u00e7\u00e3o - Bem-vindo \u00e0 ALFATERM<\/title>\n<meta name=\"robots\" content=\"index, follow, max-snippet:-1, max-image-preview:large, max-video-preview:-1\" \/>\n<link rel=\"canonical\" href=\"https:\/\/www.alfaterm.com.br\/es\/informacoes\/torre-resfriamento-agua-reposicao\/\" \/>\n<meta property=\"og:locale\" content=\"es_ES\" \/>\n<meta property=\"og:type\" content=\"article\" \/>\n<meta property=\"og:title\" content=\"Torre de resfriamento \u00e1gua de reposi\u00e7\u00e3o\" \/>\n<meta property=\"og:description\" content=\"A torre de resfriamento \u00e9, basicamente, um reservat\u00f3rio onde se realiza a diminui\u00e7\u00e3o da temperatura de fluidos, \u00e1gua ou qualquer outro tipo de subst\u00e2ncia. Assim, a&nbsp;torre de resfriamento \u00e1gua de reposi\u00e7\u00e3o&nbsp;consiste em um processo de reposi\u00e7\u00e3o de \u00e1gua fundamental para a evapora\u00e7\u00e3o que acontece de forma natural nessas torres. TIPOS DE SERVI\u00c7OS E APLICA\u00c7\u00d5ES O [&hellip;]\" \/>\n<meta property=\"og:url\" content=\"https:\/\/www.alfaterm.com.br\/es\/informacoes\/torre-resfriamento-agua-reposicao\/\" \/>\n<meta property=\"og:site_name\" content=\"Bem-vindo \u00e0 ALFATERM\" \/>\n<meta property=\"article:modified_time\" content=\"2024-09-09T08:13:47+00:00\" \/>\n<meta property=\"og:image\" content=\"https:\/\/www.alfaterm.com.br\/wp-content\/uploads\/2024\/09\/equipamento-torre-resfriamento.webp\" \/>\n\t<meta property=\"og:image:width\" content=\"269\" \/>\n\t<meta property=\"og:image:height\" content=\"232\" \/>\n\t<meta property=\"og:image:type\" content=\"image\/webp\" \/>\n<meta name=\"twitter:card\" content=\"summary_large_image\" \/>\n<meta name=\"twitter:label1\" content=\"Tiempo de lectura\" \/>\n\t<meta name=\"twitter:data1\" content=\"2 minutos\" \/>\n<script type=\"application\/ld+json\" class=\"yoast-schema-graph\">{\"@context\":\"https:\/\/schema.org\",\"@graph\":[{\"@type\":\"WebPage\",\"@id\":\"https:\/\/www.alfaterm.com.br\/informacoes\/torre-resfriamento-agua-reposicao\/\",\"url\":\"https:\/\/www.alfaterm.com.br\/informacoes\/torre-resfriamento-agua-reposicao\/\",\"name\":\"Torre de resfriamento \u00e1gua de reposi\u00e7\u00e3o - Bem-vindo \u00e0 ALFATERM\",\"isPartOf\":{\"@id\":\"https:\/\/www.alfaterm.com.br\/#website\"},\"primaryImageOfPage\":{\"@id\":\"https:\/\/www.alfaterm.com.br\/informacoes\/torre-resfriamento-agua-reposicao\/#primaryimage\"},\"image\":{\"@id\":\"https:\/\/www.alfaterm.com.br\/informacoes\/torre-resfriamento-agua-reposicao\/#primaryimage\"},\"thumbnailUrl\":\"https:\/\/www.alfaterm.com.br\/wp-content\/uploads\/2024\/09\/equipamento-torre-resfriamento.webp\",\"datePublished\":\"2024-09-02T11:25:29+00:00\",\"dateModified\":\"2024-09-09T08:13:47+00:00\",\"breadcrumb\":{\"@id\":\"https:\/\/www.alfaterm.com.br\/informacoes\/torre-resfriamento-agua-reposicao\/#breadcrumb\"},\"inLanguage\":\"es\",\"potentialAction\":[{\"@type\":\"ReadAction\",\"target\":[\"https:\/\/www.alfaterm.com.br\/informacoes\/torre-resfriamento-agua-reposicao\/\"]}]},{\"@type\":\"ImageObject\",\"inLanguage\":\"es\",\"@id\":\"https:\/\/www.alfaterm.com.br\/informacoes\/torre-resfriamento-agua-reposicao\/#primaryimage\",\"url\":\"https:\/\/www.alfaterm.com.br\/wp-content\/uploads\/2024\/09\/equipamento-torre-resfriamento.webp\",\"contentUrl\":\"https:\/\/www.alfaterm.com.br\/wp-content\/uploads\/2024\/09\/equipamento-torre-resfriamento.webp\",\"width\":269,\"height\":232},{\"@type\":\"BreadcrumbList\",\"@id\":\"https:\/\/www.alfaterm.com.br\/informacoes\/torre-resfriamento-agua-reposicao\/#breadcrumb\",\"itemListElement\":[{\"@type\":\"ListItem\",\"position\":1,\"name\":\"Home\",\"item\":\"https:\/\/www.alfaterm.com.br\/\"},{\"@type\":\"ListItem\",\"position\":2,\"name\":\"Informa\u00e7\u00f5es\",\"item\":\"https:\/\/www.alfaterm.com.br\/informacoes\/\"},{\"@type\":\"ListItem\",\"position\":3,\"name\":\"Torre de resfriamento \u00e1gua de reposi\u00e7\u00e3o\"}]},{\"@type\":\"WebSite\",\"@id\":\"https:\/\/www.alfaterm.com.br\/#website\",\"url\":\"https:\/\/www.alfaterm.com.br\/\",\"name\":\"Bem-vindo \u00e0 ALFATERM\",\"description\":\"\",\"publisher\":{\"@id\":\"https:\/\/www.alfaterm.com.br\/#organization\"},\"potentialAction\":[{\"@type\":\"SearchAction\",\"target\":{\"@type\":\"EntryPoint\",\"urlTemplate\":\"https:\/\/www.alfaterm.com.br\/?s={search_term_string}\"},\"query-input\":{\"@type\":\"PropertyValueSpecification\",\"valueRequired\":true,\"valueName\":\"search_term_string\"}}],\"inLanguage\":\"es\"},{\"@type\":\"Organization\",\"@id\":\"https:\/\/www.alfaterm.com.br\/#organization\",\"name\":\"Bem-vindo \u00e0 ALFATERM\",\"url\":\"https:\/\/www.alfaterm.com.br\/\",\"logo\":{\"@type\":\"ImageObject\",\"inLanguage\":\"es\",\"@id\":\"https:\/\/www.alfaterm.com.br\/#\/schema\/logo\/image\/\",\"url\":\"https:\/\/www.alfaterm.com.br\/wp-content\/uploads\/2024\/07\/logo-alfaterm.png\",\"contentUrl\":\"https:\/\/www.alfaterm.com.br\/wp-content\/uploads\/2024\/07\/logo-alfaterm.png\",\"width\":393,\"height\":45,\"caption\":\"Bem-vindo \u00e0 ALFATERM\"},\"image\":{\"@id\":\"https:\/\/www.alfaterm.com.br\/#\/schema\/logo\/image\/\"}}]}<\/script>\n<!-- \/ Yoast SEO Premium plugin. -->","yoast_head_json":{"title":"Torre de resfriamento \u00e1gua de reposi\u00e7\u00e3o - Bem-vindo \u00e0 ALFATERM","robots":{"index":"index","follow":"follow","max-snippet":"max-snippet:-1","max-image-preview":"max-image-preview:large","max-video-preview":"max-video-preview:-1"},"canonical":"https:\/\/www.alfaterm.com.br\/es\/informacoes\/torre-resfriamento-agua-reposicao\/","og_locale":"es_ES","og_type":"article","og_title":"Torre de resfriamento \u00e1gua de reposi\u00e7\u00e3o","og_description":"A torre de resfriamento \u00e9, basicamente, um reservat\u00f3rio onde se realiza a diminui\u00e7\u00e3o da temperatura de fluidos, \u00e1gua ou qualquer outro tipo de subst\u00e2ncia. Assim, a&nbsp;torre de resfriamento \u00e1gua de reposi\u00e7\u00e3o&nbsp;consiste em um processo de reposi\u00e7\u00e3o de \u00e1gua fundamental para a evapora\u00e7\u00e3o que acontece de forma natural nessas torres. TIPOS DE SERVI\u00c7OS E APLICA\u00c7\u00d5ES O [&hellip;]","og_url":"https:\/\/www.alfaterm.com.br\/es\/informacoes\/torre-resfriamento-agua-reposicao\/","og_site_name":"Bem-vindo \u00e0 ALFATERM","article_modified_time":"2024-09-09T08:13:47+00:00","og_image":[{"width":269,"height":232,"url":"https:\/\/www.alfaterm.com.br\/wp-content\/uploads\/2024\/09\/equipamento-torre-resfriamento.webp","type":"image\/webp"}],"twitter_card":"summary_large_image","twitter_misc":{"Tiempo de lectura":"2 minutos"},"schema":{"@context":"https:\/\/schema.org","@graph":[{"@type":"WebPage","@id":"https:\/\/www.alfaterm.com.br\/informacoes\/torre-resfriamento-agua-reposicao\/","url":"https:\/\/www.alfaterm.com.br\/informacoes\/torre-resfriamento-agua-reposicao\/","name":"Torre de resfriamento \u00e1gua de reposi\u00e7\u00e3o - Bem-vindo \u00e0 ALFATERM","isPartOf":{"@id":"https:\/\/www.alfaterm.com.br\/#website"},"primaryImageOfPage":{"@id":"https:\/\/www.alfaterm.com.br\/informacoes\/torre-resfriamento-agua-reposicao\/#primaryimage"},"image":{"@id":"https:\/\/www.alfaterm.com.br\/informacoes\/torre-resfriamento-agua-reposicao\/#primaryimage"},"thumbnailUrl":"https:\/\/www.alfaterm.com.br\/wp-content\/uploads\/2024\/09\/equipamento-torre-resfriamento.webp","datePublished":"2024-09-02T11:25:29+00:00","dateModified":"2024-09-09T08:13:47+00:00","breadcrumb":{"@id":"https:\/\/www.alfaterm.com.br\/informacoes\/torre-resfriamento-agua-reposicao\/#breadcrumb"},"inLanguage":"es","potentialAction":[{"@type":"ReadAction","target":["https:\/\/www.alfaterm.com.br\/informacoes\/torre-resfriamento-agua-reposicao\/"]}]},{"@type":"ImageObject","inLanguage":"es","@id":"https:\/\/www.alfaterm.com.br\/informacoes\/torre-resfriamento-agua-reposicao\/#primaryimage","url":"https:\/\/www.alfaterm.com.br\/wp-content\/uploads\/2024\/09\/equipamento-torre-resfriamento.webp","contentUrl":"https:\/\/www.alfaterm.com.br\/wp-content\/uploads\/2024\/09\/equipamento-torre-resfriamento.webp","width":269,"height":232},{"@type":"BreadcrumbList","@id":"https:\/\/www.alfaterm.com.br\/informacoes\/torre-resfriamento-agua-reposicao\/#breadcrumb","itemListElement":[{"@type":"ListItem","position":1,"name":"Home","item":"https:\/\/www.alfaterm.com.br\/"},{"@type":"ListItem","position":2,"name":"Informa\u00e7\u00f5es","item":"https:\/\/www.alfaterm.com.br\/informacoes\/"},{"@type":"ListItem","position":3,"name":"Torre de resfriamento \u00e1gua de reposi\u00e7\u00e3o"}]},{"@type":"WebSite","@id":"https:\/\/www.alfaterm.com.br\/#website","url":"https:\/\/www.alfaterm.com.br\/","name":"Bem-vindo \u00e0 ALFATERM","description":"","publisher":{"@id":"https:\/\/www.alfaterm.com.br\/#organization"},"potentialAction":[{"@type":"SearchAction","target":{"@type":"EntryPoint","urlTemplate":"https:\/\/www.alfaterm.com.br\/?s={search_term_string}"},"query-input":{"@type":"PropertyValueSpecification","valueRequired":true,"valueName":"search_term_string"}}],"inLanguage":"es"},{"@type":"Organization","@id":"https:\/\/www.alfaterm.com.br\/#organization","name":"Bem-vindo \u00e0 ALFATERM","url":"https:\/\/www.alfaterm.com.br\/","logo":{"@type":"ImageObject","inLanguage":"es","@id":"https:\/\/www.alfaterm.com.br\/#\/schema\/logo\/image\/","url":"https:\/\/www.alfaterm.com.br\/wp-content\/uploads\/2024\/07\/logo-alfaterm.png","contentUrl":"https:\/\/www.alfaterm.com.br\/wp-content\/uploads\/2024\/07\/logo-alfaterm.png","width":393,"height":45,"caption":"Bem-vindo \u00e0 ALFATERM"},"image":{"@id":"https:\/\/www.alfaterm.com.br\/#\/schema\/logo\/image\/"}}]}},"_links":{"self":[{"href":"https:\/\/www.alfaterm.com.br\/es\/wp-json\/wp\/v2\/pages\/2264","targetHints":{"allow":["GET"]}}],"collection":[{"href":"https:\/\/www.alfaterm.com.br\/es\/wp-json\/wp\/v2\/pages"}],"about":[{"href":"https:\/\/www.alfaterm.com.br\/es\/wp-json\/wp\/v2\/types\/page"}],"author":[{"embeddable":true,"href":"https:\/\/www.alfaterm.com.br\/es\/wp-json\/wp\/v2\/users\/1"}],"replies":[{"embeddable":true,"href":"https:\/\/www.alfaterm.com.br\/es\/wp-json\/wp\/v2\/comments?post=2264"}],"version-history":[{"count":0,"href":"https:\/\/www.alfaterm.com.br\/es\/wp-json\/wp\/v2\/pages\/2264\/revisions"}],"up":[{"embeddable":true,"href":"https:\/\/www.alfaterm.com.br\/es\/wp-json\/wp\/v2\/pages\/2144"}],"wp:featuredmedia":[{"embeddable":true,"href":"https:\/\/www.alfaterm.com.br\/es\/wp-json\/wp\/v2\/media\/2226"}],"wp:attachment":[{"href":"https:\/\/www.alfaterm.com.br\/es\/wp-json\/wp\/v2\/media?parent=2264"}],"curies":[{"name":"wp","href":"https:\/\/api.w.org\/{rel}","templated":true}]}}