{"id":2261,"date":"2024-09-02T08:26:39","date_gmt":"2024-09-02T11:26:39","guid":{"rendered":"https:\/\/www.alfaterm.com.br\/?page_id=2261"},"modified":"2024-09-09T05:15:45","modified_gmt":"2024-09-09T08:15:45","slug":"torre-resfriamento-circuito-aberto","status":"publish","type":"page","link":"https:\/\/www.alfaterm.com.br\/es\/informacoes\/torre-resfriamento-circuito-aberto\/","title":{"rendered":"Torre de resfriamento circuito aberto"},"content":{"rendered":"<p>O reaproveitamento de \u00e1gua nos processos produtivos das ind\u00fastrias e seu resfriamento acontece por meio de torres de arrefecimento, ou resfriamento. Processos industriais que operam com altas temperaturas podem fazer uso da&nbsp;torre de resfriamento circuito aberto&nbsp;para obter o resfriamento necess\u00e1rio para sua opera\u00e7\u00e3o.<\/p>\n\n\n\n<p>A&nbsp;torre de resfriamento circuito aberto&nbsp;trabalha com um sistema que foi um dos pioneiros para resfriar e reaproveitar a \u00e1gua dos processos industriais. O sistema de resfriamento da&nbsp;torre de resfriamento circuito aberto&nbsp;\u00e9 considerado muito eficiente, sendo um dos mais utilizados pelas ind\u00fastrias.<\/p>\n\n\n\n<h2 class=\"wp-block-heading\">A TORRE DE RESFRIAMENTO CIRCUITO ABERTO \u00c9 UM EQUIPAMENTO EFICAZ PARA A IND\u00daSTRIA<\/h2>\n\n\n\n<p>Os processos de produ\u00e7\u00e3o das ind\u00fastrias muitas vezes implicam altas temperaturas, dependendo do que se produz e do tipo de material que \u00e9 utilizado. Para que a produ\u00e7\u00e3o seja realizada, nesses casos, \u00e9 preciso fazer uso de uma torre de resfriamento. Uma das op\u00e7\u00f5es mais presentes quando n\u00e3o h\u00e1 necessidade de um cuidado preciso com a \u00e1gua e se requer um custo inicial menor \u00e9 a&nbsp;torre de resfriamento circuito aberto.<\/p>\n\n\n\n<p>O processo de resfriar da&nbsp;torre de resfriamento circuito aberto&nbsp;acontece por meio do bombeamento da \u00e1gua quente para o alto da torre, para que seja distribu\u00edda por meio de bicos aspersores, formando gotas de \u00e1gua. Essas gotas caem sobre enchimentos de contato, que geralmente possuem a forma de colmeia, e possibilitam maior contato com o ar frio, no contra fluxo. Assim a&nbsp;torre de resfriamento circuito aberto&nbsp;realiza a dissipa\u00e7\u00e3o do calor pelo ar e, em sua maior parte, pela evapora\u00e7\u00e3o da \u00e1gua.<\/p>\n\n\n\n<p>Empresas que comercializam a&nbsp;torre de resfriamento circuito aberto&nbsp;devem ser renomadas e garantir a qualidade de seus produtos, al\u00e9m de prestar consultoria e manuten\u00e7\u00e3o eficientes.<\/p>\n\n\n\n<h2 class=\"wp-block-heading\">EMPRESA DISTRIBUIDORA DE TORRE DE RESFRIAMENTO CIRCUITO ABERTO<\/h2>\n\n\n\n<p>Fabricar, instalar e realizar servi\u00e7os de manuten\u00e7\u00e3o em torres de resfriamento de \u00e1gua \u00e9 a especialidade da ALFATERM Ind\u00fastria e Com\u00e9rcio Ltda. Ela tem sede na cidade de Santana do Parna\u00edba, interior de S\u00e3o Paulo e tem mais de 30 anos no mercado, atendendo a toda a Am\u00e9rica Latina. Detentora dos certificados ISO 9001:2008 e ISO 14001:2004, sua qualidade est\u00e1 presente na excel\u00eancia de seus servi\u00e7os e no atendimento personalizado de seus clientes.<\/p>\n\n\n\n<h2 class=\"wp-block-heading\">Para saber mais sobre Assist\u00eancia t\u00e9cnica em torres de resfriar<\/h2>\n\n\n\n<p>Ligue para&nbsp;<strong>11 4156-8930<\/strong>&nbsp;ou&nbsp;<a href=\"https:\/\/www.alfaterm.com.br\/es\/contacto\/\">clique aqui<\/a>&nbsp;e entre em contato por email.<\/p>","protected":false},"excerpt":{"rendered":"<p>O reaproveitamento de \u00e1gua nos processos produtivos das ind\u00fastrias e seu resfriamento acontece por meio de torres de arrefecimento, ou resfriamento. Processos industriais que operam com altas temperaturas podem fazer uso da&nbsp;torre de resfriamento circuito aberto&nbsp;para obter o resfriamento necess\u00e1rio para sua opera\u00e7\u00e3o. A&nbsp;torre de resfriamento circuito aberto&nbsp;trabalha com um sistema que foi um dos [&hellip;]<\/p>","protected":false},"author":1,"featured_media":2256,"parent":2144,"menu_order":0,"comment_status":"closed","ping_status":"closed","template":"","meta":{"_acf_changed":false,"_joinchat":[],"footnotes":""},"class_list":["post-2261","page","type-page","status-publish","has-post-thumbnail","hentry"],"acf":[],"yoast_head":"<!-- This site is optimized with the Yoast SEO Premium plugin v23.4 (Yoast SEO v27.1.1) - https:\/\/yoast.com\/product\/yoast-seo-premium-wordpress\/ -->\n<title>Torre de resfriamento circuito aberto - Bem-vindo \u00e0 ALFATERM<\/title>\n<meta name=\"robots\" content=\"index, follow, max-snippet:-1, max-image-preview:large, max-video-preview:-1\" \/>\n<link rel=\"canonical\" href=\"https:\/\/www.alfaterm.com.br\/es\/informacoes\/torre-resfriamento-circuito-aberto\/\" \/>\n<meta property=\"og:locale\" content=\"es_ES\" \/>\n<meta property=\"og:type\" content=\"article\" \/>\n<meta property=\"og:title\" content=\"Torre de resfriamento circuito aberto\" \/>\n<meta property=\"og:description\" content=\"O reaproveitamento de \u00e1gua nos processos produtivos das ind\u00fastrias e seu resfriamento acontece por meio de torres de arrefecimento, ou resfriamento. Processos industriais que operam com altas temperaturas podem fazer uso da&nbsp;torre de resfriamento circuito aberto&nbsp;para obter o resfriamento necess\u00e1rio para sua opera\u00e7\u00e3o. A&nbsp;torre de resfriamento circuito aberto&nbsp;trabalha com um sistema que foi um dos [&hellip;]\" \/>\n<meta property=\"og:url\" content=\"https:\/\/www.alfaterm.com.br\/es\/informacoes\/torre-resfriamento-circuito-aberto\/\" \/>\n<meta property=\"og:site_name\" content=\"Bem-vindo \u00e0 ALFATERM\" \/>\n<meta property=\"article:modified_time\" content=\"2024-09-09T08:15:45+00:00\" \/>\n<meta property=\"og:image\" content=\"https:\/\/www.alfaterm.com.br\/wp-content\/uploads\/2024\/09\/instalacao-torres-resfriamento.webp\" \/>\n\t<meta property=\"og:image:width\" content=\"800\" \/>\n\t<meta property=\"og:image:height\" content=\"524\" \/>\n\t<meta property=\"og:image:type\" content=\"image\/webp\" \/>\n<meta name=\"twitter:card\" content=\"summary_large_image\" \/>\n<meta name=\"twitter:label1\" content=\"Tiempo de lectura\" \/>\n\t<meta name=\"twitter:data1\" content=\"2 minutos\" \/>\n<script type=\"application\/ld+json\" class=\"yoast-schema-graph\">{\"@context\":\"https:\/\/schema.org\",\"@graph\":[{\"@type\":\"WebPage\",\"@id\":\"https:\/\/www.alfaterm.com.br\/informacoes\/torre-resfriamento-circuito-aberto\/\",\"url\":\"https:\/\/www.alfaterm.com.br\/informacoes\/torre-resfriamento-circuito-aberto\/\",\"name\":\"Torre de resfriamento circuito aberto - Bem-vindo \u00e0 ALFATERM\",\"isPartOf\":{\"@id\":\"https:\/\/www.alfaterm.com.br\/#website\"},\"primaryImageOfPage\":{\"@id\":\"https:\/\/www.alfaterm.com.br\/informacoes\/torre-resfriamento-circuito-aberto\/#primaryimage\"},\"image\":{\"@id\":\"https:\/\/www.alfaterm.com.br\/informacoes\/torre-resfriamento-circuito-aberto\/#primaryimage\"},\"thumbnailUrl\":\"https:\/\/www.alfaterm.com.br\/wp-content\/uploads\/2024\/09\/instalacao-torres-resfriamento.webp\",\"datePublished\":\"2024-09-02T11:26:39+00:00\",\"dateModified\":\"2024-09-09T08:15:45+00:00\",\"breadcrumb\":{\"@id\":\"https:\/\/www.alfaterm.com.br\/informacoes\/torre-resfriamento-circuito-aberto\/#breadcrumb\"},\"inLanguage\":\"es\",\"potentialAction\":[{\"@type\":\"ReadAction\",\"target\":[\"https:\/\/www.alfaterm.com.br\/informacoes\/torre-resfriamento-circuito-aberto\/\"]}]},{\"@type\":\"ImageObject\",\"inLanguage\":\"es\",\"@id\":\"https:\/\/www.alfaterm.com.br\/informacoes\/torre-resfriamento-circuito-aberto\/#primaryimage\",\"url\":\"https:\/\/www.alfaterm.com.br\/wp-content\/uploads\/2024\/09\/instalacao-torres-resfriamento.webp\",\"contentUrl\":\"https:\/\/www.alfaterm.com.br\/wp-content\/uploads\/2024\/09\/instalacao-torres-resfriamento.webp\",\"width\":800,\"height\":524},{\"@type\":\"BreadcrumbList\",\"@id\":\"https:\/\/www.alfaterm.com.br\/informacoes\/torre-resfriamento-circuito-aberto\/#breadcrumb\",\"itemListElement\":[{\"@type\":\"ListItem\",\"position\":1,\"name\":\"Home\",\"item\":\"https:\/\/www.alfaterm.com.br\/\"},{\"@type\":\"ListItem\",\"position\":2,\"name\":\"Informa\u00e7\u00f5es\",\"item\":\"https:\/\/www.alfaterm.com.br\/informacoes\/\"},{\"@type\":\"ListItem\",\"position\":3,\"name\":\"Torre de resfriamento circuito aberto\"}]},{\"@type\":\"WebSite\",\"@id\":\"https:\/\/www.alfaterm.com.br\/#website\",\"url\":\"https:\/\/www.alfaterm.com.br\/\",\"name\":\"Bem-vindo \u00e0 ALFATERM\",\"description\":\"\",\"publisher\":{\"@id\":\"https:\/\/www.alfaterm.com.br\/#organization\"},\"potentialAction\":[{\"@type\":\"SearchAction\",\"target\":{\"@type\":\"EntryPoint\",\"urlTemplate\":\"https:\/\/www.alfaterm.com.br\/?s={search_term_string}\"},\"query-input\":{\"@type\":\"PropertyValueSpecification\",\"valueRequired\":true,\"valueName\":\"search_term_string\"}}],\"inLanguage\":\"es\"},{\"@type\":\"Organization\",\"@id\":\"https:\/\/www.alfaterm.com.br\/#organization\",\"name\":\"Bem-vindo \u00e0 ALFATERM\",\"url\":\"https:\/\/www.alfaterm.com.br\/\",\"logo\":{\"@type\":\"ImageObject\",\"inLanguage\":\"es\",\"@id\":\"https:\/\/www.alfaterm.com.br\/#\/schema\/logo\/image\/\",\"url\":\"https:\/\/www.alfaterm.com.br\/wp-content\/uploads\/2024\/07\/logo-alfaterm.png\",\"contentUrl\":\"https:\/\/www.alfaterm.com.br\/wp-content\/uploads\/2024\/07\/logo-alfaterm.png\",\"width\":393,\"height\":45,\"caption\":\"Bem-vindo \u00e0 ALFATERM\"},\"image\":{\"@id\":\"https:\/\/www.alfaterm.com.br\/#\/schema\/logo\/image\/\"}}]}<\/script>\n<!-- \/ Yoast SEO Premium plugin. -->","yoast_head_json":{"title":"Torre de resfriamento circuito aberto - Bem-vindo \u00e0 ALFATERM","robots":{"index":"index","follow":"follow","max-snippet":"max-snippet:-1","max-image-preview":"max-image-preview:large","max-video-preview":"max-video-preview:-1"},"canonical":"https:\/\/www.alfaterm.com.br\/es\/informacoes\/torre-resfriamento-circuito-aberto\/","og_locale":"es_ES","og_type":"article","og_title":"Torre de resfriamento circuito aberto","og_description":"O reaproveitamento de \u00e1gua nos processos produtivos das ind\u00fastrias e seu resfriamento acontece por meio de torres de arrefecimento, ou resfriamento. Processos industriais que operam com altas temperaturas podem fazer uso da&nbsp;torre de resfriamento circuito aberto&nbsp;para obter o resfriamento necess\u00e1rio para sua opera\u00e7\u00e3o. A&nbsp;torre de resfriamento circuito aberto&nbsp;trabalha com um sistema que foi um dos [&hellip;]","og_url":"https:\/\/www.alfaterm.com.br\/es\/informacoes\/torre-resfriamento-circuito-aberto\/","og_site_name":"Bem-vindo \u00e0 ALFATERM","article_modified_time":"2024-09-09T08:15:45+00:00","og_image":[{"width":800,"height":524,"url":"https:\/\/www.alfaterm.com.br\/wp-content\/uploads\/2024\/09\/instalacao-torres-resfriamento.webp","type":"image\/webp"}],"twitter_card":"summary_large_image","twitter_misc":{"Tiempo de lectura":"2 minutos"},"schema":{"@context":"https:\/\/schema.org","@graph":[{"@type":"WebPage","@id":"https:\/\/www.alfaterm.com.br\/informacoes\/torre-resfriamento-circuito-aberto\/","url":"https:\/\/www.alfaterm.com.br\/informacoes\/torre-resfriamento-circuito-aberto\/","name":"Torre de resfriamento circuito aberto - Bem-vindo \u00e0 ALFATERM","isPartOf":{"@id":"https:\/\/www.alfaterm.com.br\/#website"},"primaryImageOfPage":{"@id":"https:\/\/www.alfaterm.com.br\/informacoes\/torre-resfriamento-circuito-aberto\/#primaryimage"},"image":{"@id":"https:\/\/www.alfaterm.com.br\/informacoes\/torre-resfriamento-circuito-aberto\/#primaryimage"},"thumbnailUrl":"https:\/\/www.alfaterm.com.br\/wp-content\/uploads\/2024\/09\/instalacao-torres-resfriamento.webp","datePublished":"2024-09-02T11:26:39+00:00","dateModified":"2024-09-09T08:15:45+00:00","breadcrumb":{"@id":"https:\/\/www.alfaterm.com.br\/informacoes\/torre-resfriamento-circuito-aberto\/#breadcrumb"},"inLanguage":"es","potentialAction":[{"@type":"ReadAction","target":["https:\/\/www.alfaterm.com.br\/informacoes\/torre-resfriamento-circuito-aberto\/"]}]},{"@type":"ImageObject","inLanguage":"es","@id":"https:\/\/www.alfaterm.com.br\/informacoes\/torre-resfriamento-circuito-aberto\/#primaryimage","url":"https:\/\/www.alfaterm.com.br\/wp-content\/uploads\/2024\/09\/instalacao-torres-resfriamento.webp","contentUrl":"https:\/\/www.alfaterm.com.br\/wp-content\/uploads\/2024\/09\/instalacao-torres-resfriamento.webp","width":800,"height":524},{"@type":"BreadcrumbList","@id":"https:\/\/www.alfaterm.com.br\/informacoes\/torre-resfriamento-circuito-aberto\/#breadcrumb","itemListElement":[{"@type":"ListItem","position":1,"name":"Home","item":"https:\/\/www.alfaterm.com.br\/"},{"@type":"ListItem","position":2,"name":"Informa\u00e7\u00f5es","item":"https:\/\/www.alfaterm.com.br\/informacoes\/"},{"@type":"ListItem","position":3,"name":"Torre de resfriamento circuito aberto"}]},{"@type":"WebSite","@id":"https:\/\/www.alfaterm.com.br\/#website","url":"https:\/\/www.alfaterm.com.br\/","name":"Bem-vindo \u00e0 ALFATERM","description":"","publisher":{"@id":"https:\/\/www.alfaterm.com.br\/#organization"},"potentialAction":[{"@type":"SearchAction","target":{"@type":"EntryPoint","urlTemplate":"https:\/\/www.alfaterm.com.br\/?s={search_term_string}"},"query-input":{"@type":"PropertyValueSpecification","valueRequired":true,"valueName":"search_term_string"}}],"inLanguage":"es"},{"@type":"Organization","@id":"https:\/\/www.alfaterm.com.br\/#organization","name":"Bem-vindo \u00e0 ALFATERM","url":"https:\/\/www.alfaterm.com.br\/","logo":{"@type":"ImageObject","inLanguage":"es","@id":"https:\/\/www.alfaterm.com.br\/#\/schema\/logo\/image\/","url":"https:\/\/www.alfaterm.com.br\/wp-content\/uploads\/2024\/07\/logo-alfaterm.png","contentUrl":"https:\/\/www.alfaterm.com.br\/wp-content\/uploads\/2024\/07\/logo-alfaterm.png","width":393,"height":45,"caption":"Bem-vindo \u00e0 ALFATERM"},"image":{"@id":"https:\/\/www.alfaterm.com.br\/#\/schema\/logo\/image\/"}}]}},"_links":{"self":[{"href":"https:\/\/www.alfaterm.com.br\/es\/wp-json\/wp\/v2\/pages\/2261","targetHints":{"allow":["GET"]}}],"collection":[{"href":"https:\/\/www.alfaterm.com.br\/es\/wp-json\/wp\/v2\/pages"}],"about":[{"href":"https:\/\/www.alfaterm.com.br\/es\/wp-json\/wp\/v2\/types\/page"}],"author":[{"embeddable":true,"href":"https:\/\/www.alfaterm.com.br\/es\/wp-json\/wp\/v2\/users\/1"}],"replies":[{"embeddable":true,"href":"https:\/\/www.alfaterm.com.br\/es\/wp-json\/wp\/v2\/comments?post=2261"}],"version-history":[{"count":0,"href":"https:\/\/www.alfaterm.com.br\/es\/wp-json\/wp\/v2\/pages\/2261\/revisions"}],"up":[{"embeddable":true,"href":"https:\/\/www.alfaterm.com.br\/es\/wp-json\/wp\/v2\/pages\/2144"}],"wp:featuredmedia":[{"embeddable":true,"href":"https:\/\/www.alfaterm.com.br\/es\/wp-json\/wp\/v2\/media\/2256"}],"wp:attachment":[{"href":"https:\/\/www.alfaterm.com.br\/es\/wp-json\/wp\/v2\/media?parent=2261"}],"curies":[{"name":"wp","href":"https:\/\/api.w.org\/{rel}","templated":true}]}}