{"id":2245,"date":"2024-09-02T08:12:56","date_gmt":"2024-09-02T11:12:56","guid":{"rendered":"https:\/\/www.alfaterm.com.br\/?page_id=2245"},"modified":"2024-09-09T05:08:11","modified_gmt":"2024-09-09T08:08:11","slug":"pecas-torre-resfriamento","status":"publish","type":"page","link":"https:\/\/www.alfaterm.com.br\/es\/informacoes\/pecas-torre-resfriamento\/","title":{"rendered":"Pe\u00e7as para torre de resfriamento"},"content":{"rendered":"<p>Um grande n\u00famero de processos industriais atinge altas temperaturas, requerendo que haja resfriamento para um processo produtivo adequado. Isso geralmente se d\u00e1 por meio de torres de resfriamento. Essas torres devem passar por manuten\u00e7\u00e3o com certa periodicidade, e \u00e0s vezes se faz necess\u00e1rio substituir&nbsp;pe\u00e7as para torre de resfriamento.<\/p>\n\n\n\n<p>As principais&nbsp;pe\u00e7as para torre de resfriamento, que s\u00e3o essenciais para seu funcionamento correto, s\u00e3o ventiladores, eliminadores e retentores de gotas, um sistema de distribui\u00e7\u00e3o de \u00e1gua, composto por bicos aspersores, e enchimentos de contato. Al\u00e9m dessas, h\u00e1&nbsp;pe\u00e7as para torre de resfriamento&nbsp;de valor secund\u00e1rio, mas que s\u00e3o importantes para o conjunto.<\/p>\n\n\n\n<h2 class=\"wp-block-heading\">AS PE\u00c7AS PARA TORRE DE RESFRIAMENTO PROPICIAM UM FUNCIONAMENTO EFICIENTE<\/h2>\n\n\n\n<p>Cada pe\u00e7a de uma torre de resfriamento tem uma fun\u00e7\u00e3o espec\u00edfica e, caso esteja comprometida, pode prejudicar a funcionalidade do equipamento. As&nbsp;pe\u00e7as para torre de resfriamento&nbsp;devem ser observadas pelo servi\u00e7o de manuten\u00e7\u00e3o, de modo a assegurar que est\u00e3o em condi\u00e7\u00f5es adequadas para realizar o processo de troca de calor e causar um resfriamento efetivo.<\/p>\n\n\n\n<p>As&nbsp;pe\u00e7as para torre de resfriamento&nbsp;devem ser higienizadas com certa periodicidade, tamb\u00e9m para garantir que a torre de resfriamento funcione perfeitamente. Um bico aspersor entupido, por exemplo, diminui a vaz\u00e3o de \u00e1gua e acaba diminuindo a efic\u00e1cia do resfriamento.<\/p>\n\n\n\n<p>De tempos em tempos as&nbsp;pe\u00e7as para torre de resfriamento&nbsp;precisam ser substitu\u00eddas pois chegaram ao limite de sua vida \u00fatil. Nesses casos \u00e9 necess\u00e1rio fazer a sua substitui\u00e7\u00e3o junto a empresas que forne\u00e7am&nbsp;pe\u00e7as para torre de resfriamento&nbsp;com qualidade garantida, e que disponham de pessoal especializado para apresentar as melhores op\u00e7\u00f5es de custo-benef\u00edcio para os clientes.<\/p>\n\n\n\n<h2 class=\"wp-block-heading\">EMPRESA DISTRIBUIDORA DE PE\u00c7AS PARA TORRE DE RESFRIAMENTO<\/h2>\n\n\n\n<p>A ALFATERM Ind\u00fastria e Com\u00e9rcio Ltda. \u00e9 uma empresa voltada para a fabrica\u00e7\u00e3o, instala\u00e7\u00e3o e manuten\u00e7\u00e3o de torres de resfriamento de \u00e1gua. A partir de sua sede na cidade de Santana do Parna\u00edba (SP), ela oferece seus produtos e servi\u00e7os para toda a Am\u00e9rica Latina. O atendimento prestado pela ALFATERM Ind\u00fastria e Com\u00e9rcio Ltda. acontece de modo personalizado, valorizando a disponibilidade, discri\u00e7\u00e3o e efici\u00eancia. A empresa tem a vis\u00e3o de gerar satisfa\u00e7\u00e3o em seus clientes e bem-estar em seus colaboradores.<\/p>\n\n\n\n<h2 class=\"wp-block-heading\">Para saber mais sobre Assist\u00eancia t\u00e9cnica em torres de resfriar<\/h2>\n\n\n\n<p>Ligue para&nbsp;<strong>11 4156-8930<\/strong>&nbsp;ou&nbsp;<a href=\"https:\/\/www.alfaterm.com.br\/es\/contacto\/\">clique aqui<\/a>&nbsp;e entre em contato por email.<\/p>","protected":false},"excerpt":{"rendered":"<p>Um grande n\u00famero de processos industriais atinge altas temperaturas, requerendo que haja resfriamento para um processo produtivo adequado. Isso geralmente se d\u00e1 por meio de torres de resfriamento. Essas torres devem passar por manuten\u00e7\u00e3o com certa periodicidade, e \u00e0s vezes se faz necess\u00e1rio substituir&nbsp;pe\u00e7as para torre de resfriamento. As principais&nbsp;pe\u00e7as para torre de resfriamento, que [&hellip;]<\/p>","protected":false},"author":1,"featured_media":2181,"parent":2144,"menu_order":0,"comment_status":"closed","ping_status":"closed","template":"","meta":{"_acf_changed":false,"_joinchat":[],"footnotes":""},"class_list":["post-2245","page","type-page","status-publish","has-post-thumbnail","hentry"],"acf":[],"yoast_head":"<!-- This site is optimized with the Yoast SEO Premium plugin v23.4 (Yoast SEO v27.1.1) - https:\/\/yoast.com\/product\/yoast-seo-premium-wordpress\/ -->\n<title>Pe\u00e7as para torre de resfriamento - Bem-vindo \u00e0 ALFATERM<\/title>\n<meta name=\"robots\" content=\"index, follow, max-snippet:-1, max-image-preview:large, max-video-preview:-1\" \/>\n<link rel=\"canonical\" href=\"https:\/\/www.alfaterm.com.br\/es\/informacoes\/pecas-torre-resfriamento\/\" \/>\n<meta property=\"og:locale\" content=\"es_ES\" \/>\n<meta property=\"og:type\" content=\"article\" \/>\n<meta property=\"og:title\" content=\"Pe\u00e7as para torre de resfriamento\" \/>\n<meta property=\"og:description\" content=\"Um grande n\u00famero de processos industriais atinge altas temperaturas, requerendo que haja resfriamento para um processo produtivo adequado. Isso geralmente se d\u00e1 por meio de torres de resfriamento. Essas torres devem passar por manuten\u00e7\u00e3o com certa periodicidade, e \u00e0s vezes se faz necess\u00e1rio substituir&nbsp;pe\u00e7as para torre de resfriamento. As principais&nbsp;pe\u00e7as para torre de resfriamento, que [&hellip;]\" \/>\n<meta property=\"og:url\" content=\"https:\/\/www.alfaterm.com.br\/es\/informacoes\/pecas-torre-resfriamento\/\" \/>\n<meta property=\"og:site_name\" content=\"Bem-vindo \u00e0 ALFATERM\" \/>\n<meta property=\"article:modified_time\" content=\"2024-09-09T08:08:11+00:00\" \/>\n<meta property=\"og:image\" content=\"https:\/\/www.alfaterm.com.br\/wp-content\/uploads\/2024\/09\/assistencia-tecnica-torres-resfriar.webp\" \/>\n\t<meta property=\"og:image:width\" content=\"1500\" \/>\n\t<meta property=\"og:image:height\" content=\"1294\" \/>\n\t<meta property=\"og:image:type\" content=\"image\/webp\" \/>\n<meta name=\"twitter:card\" content=\"summary_large_image\" \/>\n<meta name=\"twitter:label1\" content=\"Tiempo de lectura\" \/>\n\t<meta name=\"twitter:data1\" content=\"2 minutos\" \/>\n<script type=\"application\/ld+json\" class=\"yoast-schema-graph\">{\"@context\":\"https:\/\/schema.org\",\"@graph\":[{\"@type\":\"WebPage\",\"@id\":\"https:\/\/www.alfaterm.com.br\/informacoes\/pecas-torre-resfriamento\/\",\"url\":\"https:\/\/www.alfaterm.com.br\/informacoes\/pecas-torre-resfriamento\/\",\"name\":\"Pe\u00e7as para torre de resfriamento - Bem-vindo \u00e0 ALFATERM\",\"isPartOf\":{\"@id\":\"https:\/\/www.alfaterm.com.br\/#website\"},\"primaryImageOfPage\":{\"@id\":\"https:\/\/www.alfaterm.com.br\/informacoes\/pecas-torre-resfriamento\/#primaryimage\"},\"image\":{\"@id\":\"https:\/\/www.alfaterm.com.br\/informacoes\/pecas-torre-resfriamento\/#primaryimage\"},\"thumbnailUrl\":\"https:\/\/www.alfaterm.com.br\/wp-content\/uploads\/2024\/09\/assistencia-tecnica-torres-resfriar.webp\",\"datePublished\":\"2024-09-02T11:12:56+00:00\",\"dateModified\":\"2024-09-09T08:08:11+00:00\",\"breadcrumb\":{\"@id\":\"https:\/\/www.alfaterm.com.br\/informacoes\/pecas-torre-resfriamento\/#breadcrumb\"},\"inLanguage\":\"es\",\"potentialAction\":[{\"@type\":\"ReadAction\",\"target\":[\"https:\/\/www.alfaterm.com.br\/informacoes\/pecas-torre-resfriamento\/\"]}]},{\"@type\":\"ImageObject\",\"inLanguage\":\"es\",\"@id\":\"https:\/\/www.alfaterm.com.br\/informacoes\/pecas-torre-resfriamento\/#primaryimage\",\"url\":\"https:\/\/www.alfaterm.com.br\/wp-content\/uploads\/2024\/09\/assistencia-tecnica-torres-resfriar.webp\",\"contentUrl\":\"https:\/\/www.alfaterm.com.br\/wp-content\/uploads\/2024\/09\/assistencia-tecnica-torres-resfriar.webp\",\"width\":1500,\"height\":1294},{\"@type\":\"BreadcrumbList\",\"@id\":\"https:\/\/www.alfaterm.com.br\/informacoes\/pecas-torre-resfriamento\/#breadcrumb\",\"itemListElement\":[{\"@type\":\"ListItem\",\"position\":1,\"name\":\"Home\",\"item\":\"https:\/\/www.alfaterm.com.br\/\"},{\"@type\":\"ListItem\",\"position\":2,\"name\":\"Informa\u00e7\u00f5es\",\"item\":\"https:\/\/www.alfaterm.com.br\/informacoes\/\"},{\"@type\":\"ListItem\",\"position\":3,\"name\":\"Pe\u00e7as para torre de resfriamento\"}]},{\"@type\":\"WebSite\",\"@id\":\"https:\/\/www.alfaterm.com.br\/#website\",\"url\":\"https:\/\/www.alfaterm.com.br\/\",\"name\":\"Bem-vindo \u00e0 ALFATERM\",\"description\":\"\",\"publisher\":{\"@id\":\"https:\/\/www.alfaterm.com.br\/#organization\"},\"potentialAction\":[{\"@type\":\"SearchAction\",\"target\":{\"@type\":\"EntryPoint\",\"urlTemplate\":\"https:\/\/www.alfaterm.com.br\/?s={search_term_string}\"},\"query-input\":{\"@type\":\"PropertyValueSpecification\",\"valueRequired\":true,\"valueName\":\"search_term_string\"}}],\"inLanguage\":\"es\"},{\"@type\":\"Organization\",\"@id\":\"https:\/\/www.alfaterm.com.br\/#organization\",\"name\":\"Bem-vindo \u00e0 ALFATERM\",\"url\":\"https:\/\/www.alfaterm.com.br\/\",\"logo\":{\"@type\":\"ImageObject\",\"inLanguage\":\"es\",\"@id\":\"https:\/\/www.alfaterm.com.br\/#\/schema\/logo\/image\/\",\"url\":\"https:\/\/www.alfaterm.com.br\/wp-content\/uploads\/2024\/07\/logo-alfaterm.png\",\"contentUrl\":\"https:\/\/www.alfaterm.com.br\/wp-content\/uploads\/2024\/07\/logo-alfaterm.png\",\"width\":393,\"height\":45,\"caption\":\"Bem-vindo \u00e0 ALFATERM\"},\"image\":{\"@id\":\"https:\/\/www.alfaterm.com.br\/#\/schema\/logo\/image\/\"}}]}<\/script>\n<!-- \/ Yoast SEO Premium plugin. -->","yoast_head_json":{"title":"Pe\u00e7as para torre de resfriamento - Bem-vindo \u00e0 ALFATERM","robots":{"index":"index","follow":"follow","max-snippet":"max-snippet:-1","max-image-preview":"max-image-preview:large","max-video-preview":"max-video-preview:-1"},"canonical":"https:\/\/www.alfaterm.com.br\/es\/informacoes\/pecas-torre-resfriamento\/","og_locale":"es_ES","og_type":"article","og_title":"Pe\u00e7as para torre de resfriamento","og_description":"Um grande n\u00famero de processos industriais atinge altas temperaturas, requerendo que haja resfriamento para um processo produtivo adequado. Isso geralmente se d\u00e1 por meio de torres de resfriamento. Essas torres devem passar por manuten\u00e7\u00e3o com certa periodicidade, e \u00e0s vezes se faz necess\u00e1rio substituir&nbsp;pe\u00e7as para torre de resfriamento. As principais&nbsp;pe\u00e7as para torre de resfriamento, que [&hellip;]","og_url":"https:\/\/www.alfaterm.com.br\/es\/informacoes\/pecas-torre-resfriamento\/","og_site_name":"Bem-vindo \u00e0 ALFATERM","article_modified_time":"2024-09-09T08:08:11+00:00","og_image":[{"width":1500,"height":1294,"url":"https:\/\/www.alfaterm.com.br\/wp-content\/uploads\/2024\/09\/assistencia-tecnica-torres-resfriar.webp","type":"image\/webp"}],"twitter_card":"summary_large_image","twitter_misc":{"Tiempo de lectura":"2 minutos"},"schema":{"@context":"https:\/\/schema.org","@graph":[{"@type":"WebPage","@id":"https:\/\/www.alfaterm.com.br\/informacoes\/pecas-torre-resfriamento\/","url":"https:\/\/www.alfaterm.com.br\/informacoes\/pecas-torre-resfriamento\/","name":"Pe\u00e7as para torre de resfriamento - Bem-vindo \u00e0 ALFATERM","isPartOf":{"@id":"https:\/\/www.alfaterm.com.br\/#website"},"primaryImageOfPage":{"@id":"https:\/\/www.alfaterm.com.br\/informacoes\/pecas-torre-resfriamento\/#primaryimage"},"image":{"@id":"https:\/\/www.alfaterm.com.br\/informacoes\/pecas-torre-resfriamento\/#primaryimage"},"thumbnailUrl":"https:\/\/www.alfaterm.com.br\/wp-content\/uploads\/2024\/09\/assistencia-tecnica-torres-resfriar.webp","datePublished":"2024-09-02T11:12:56+00:00","dateModified":"2024-09-09T08:08:11+00:00","breadcrumb":{"@id":"https:\/\/www.alfaterm.com.br\/informacoes\/pecas-torre-resfriamento\/#breadcrumb"},"inLanguage":"es","potentialAction":[{"@type":"ReadAction","target":["https:\/\/www.alfaterm.com.br\/informacoes\/pecas-torre-resfriamento\/"]}]},{"@type":"ImageObject","inLanguage":"es","@id":"https:\/\/www.alfaterm.com.br\/informacoes\/pecas-torre-resfriamento\/#primaryimage","url":"https:\/\/www.alfaterm.com.br\/wp-content\/uploads\/2024\/09\/assistencia-tecnica-torres-resfriar.webp","contentUrl":"https:\/\/www.alfaterm.com.br\/wp-content\/uploads\/2024\/09\/assistencia-tecnica-torres-resfriar.webp","width":1500,"height":1294},{"@type":"BreadcrumbList","@id":"https:\/\/www.alfaterm.com.br\/informacoes\/pecas-torre-resfriamento\/#breadcrumb","itemListElement":[{"@type":"ListItem","position":1,"name":"Home","item":"https:\/\/www.alfaterm.com.br\/"},{"@type":"ListItem","position":2,"name":"Informa\u00e7\u00f5es","item":"https:\/\/www.alfaterm.com.br\/informacoes\/"},{"@type":"ListItem","position":3,"name":"Pe\u00e7as para torre de resfriamento"}]},{"@type":"WebSite","@id":"https:\/\/www.alfaterm.com.br\/#website","url":"https:\/\/www.alfaterm.com.br\/","name":"Bem-vindo \u00e0 ALFATERM","description":"","publisher":{"@id":"https:\/\/www.alfaterm.com.br\/#organization"},"potentialAction":[{"@type":"SearchAction","target":{"@type":"EntryPoint","urlTemplate":"https:\/\/www.alfaterm.com.br\/?s={search_term_string}"},"query-input":{"@type":"PropertyValueSpecification","valueRequired":true,"valueName":"search_term_string"}}],"inLanguage":"es"},{"@type":"Organization","@id":"https:\/\/www.alfaterm.com.br\/#organization","name":"Bem-vindo \u00e0 ALFATERM","url":"https:\/\/www.alfaterm.com.br\/","logo":{"@type":"ImageObject","inLanguage":"es","@id":"https:\/\/www.alfaterm.com.br\/#\/schema\/logo\/image\/","url":"https:\/\/www.alfaterm.com.br\/wp-content\/uploads\/2024\/07\/logo-alfaterm.png","contentUrl":"https:\/\/www.alfaterm.com.br\/wp-content\/uploads\/2024\/07\/logo-alfaterm.png","width":393,"height":45,"caption":"Bem-vindo \u00e0 ALFATERM"},"image":{"@id":"https:\/\/www.alfaterm.com.br\/#\/schema\/logo\/image\/"}}]}},"_links":{"self":[{"href":"https:\/\/www.alfaterm.com.br\/es\/wp-json\/wp\/v2\/pages\/2245","targetHints":{"allow":["GET"]}}],"collection":[{"href":"https:\/\/www.alfaterm.com.br\/es\/wp-json\/wp\/v2\/pages"}],"about":[{"href":"https:\/\/www.alfaterm.com.br\/es\/wp-json\/wp\/v2\/types\/page"}],"author":[{"embeddable":true,"href":"https:\/\/www.alfaterm.com.br\/es\/wp-json\/wp\/v2\/users\/1"}],"replies":[{"embeddable":true,"href":"https:\/\/www.alfaterm.com.br\/es\/wp-json\/wp\/v2\/comments?post=2245"}],"version-history":[{"count":0,"href":"https:\/\/www.alfaterm.com.br\/es\/wp-json\/wp\/v2\/pages\/2245\/revisions"}],"up":[{"embeddable":true,"href":"https:\/\/www.alfaterm.com.br\/es\/wp-json\/wp\/v2\/pages\/2144"}],"wp:featuredmedia":[{"embeddable":true,"href":"https:\/\/www.alfaterm.com.br\/es\/wp-json\/wp\/v2\/media\/2181"}],"wp:attachment":[{"href":"https:\/\/www.alfaterm.com.br\/es\/wp-json\/wp\/v2\/media?parent=2245"}],"curies":[{"name":"wp","href":"https:\/\/api.w.org\/{rel}","templated":true}]}}