{"id":2244,"date":"2024-09-02T08:12:04","date_gmt":"2024-09-02T11:12:04","guid":{"rendered":"https:\/\/www.alfaterm.com.br\/?page_id=2244"},"modified":"2024-09-09T05:06:39","modified_gmt":"2024-09-09T08:06:39","slug":"manutencao-preventiva-resfriadores","status":"publish","type":"page","link":"https:\/\/www.alfaterm.com.br\/es\/informacoes\/manutencao-preventiva-resfriadores\/","title":{"rendered":"Manuten\u00e7\u00e3o preventiva em resfriadores"},"content":{"rendered":"<p>A&nbsp;manuten\u00e7\u00e3o preventiva em resfriadores&nbsp;\u00e9 deveras importante no sentido de garantir a longevidade do produto, porque emprega o agendamento de suas revis\u00f5es peri\u00f3dicas, de seu desempenho e dos componentes que marcam presen\u00e7a nele. Dentre os itens principais da estrutura de uma torre de refrigera\u00e7\u00e3o constam: h\u00e9lices axiais com p\u00e1, bicos pulverizadores, eixos de transmiss\u00e3o, retentor de gotas, enchimento em PVC ou PP, barra BRT, acionamentos, torre de insuflamento e difusor.<\/p>\n\n\n\n<h2 class=\"wp-block-heading\">PRESSUPOSTOS DA MANUTEN\u00c7\u00c3O PREVENTIVA EM RESFRIADORES<\/h2>\n\n\n\n<p>Um resfriador de refer\u00eancia no mercado \u00e9 desenvolvido por meio de tecnologia de \u00faltima gera\u00e7\u00e3o, e pode abarcar os mais diversos materiais em sua constitui\u00e7\u00e3o.&nbsp; Por isso, \u00e9 substancial que a empresa prestadora de&nbsp;manuten\u00e7\u00e3o preventiva em resfriadores&nbsp;detenha know-how para manipular e aprimorar a performance do produto em quest\u00e3o.<\/p>\n\n\n\n<p>Em meio \u00e0 lista de mat\u00e9rias-primas empregadas na fabrica\u00e7\u00e3o de torre de resfriamento, podem ser mencionados a fiberglass (fibra com refor\u00e7o de vidro) e o concreto. Al\u00e9m disso, fazem parte da rede de&nbsp;manuten\u00e7\u00e3o preventiva em resfriadores, medidas que evitem aos componentes do resfriador apresentar mau funcionamento.<\/p>\n\n\n\n<p>Nos casos em que n\u00e3o \u00e9 poss\u00edvel prevenir o conserto, entretanto, faz-se necess\u00e1rio acionar a manuten\u00e7\u00e3o corretiva \u2013 de maneira geral tamb\u00e9m desempenhada pela empresa de&nbsp;manuten\u00e7\u00e3o preventiva em resfriadores.<\/p>\n\n\n\n<p>Uma boa&nbsp;manuten\u00e7\u00e3o preventiva em resfriadores&nbsp;conta com lista de procedimentos completa, a fim de assegurar ao seu cliente que cada pe\u00e7a, seja qual for, est\u00e1 em condi\u00e7\u00f5es ideais de opera\u00e7\u00e3o. As pe\u00e7as que exercem fun\u00e7\u00e3o primordial no funcionamento do resfriador e precisam ser avaliadas frequentemente na&nbsp;manuten\u00e7\u00e3o preventiva em resfriadores&nbsp;s\u00e3o as seguintes: eixos de transmiss\u00e3o; retentor de ondas; enchimento de contato, em policloreto de polivinila (PVC) ou polipropileno (PP); bicos pulverizadores; torres de insuflamento e de aspira\u00e7\u00e3o (contra corrente ou cruzada), difusor e acionamentos pneum\u00e1ticos.<\/p>\n\n\n\n<h2 class=\"wp-block-heading\">ALFATERM IND\u00daSTRIA E COM\u00c9RCIO LTDA. \u2013 ASSIST\u00caNCIA T\u00c9CNICA DE QUALIDADE<\/h2>\n\n\n\n<p>Fundada h\u00e1 mais de 30 anos, a ALFATERM Ind\u00fastria e Com\u00e9rcio Ltda. \u00e9 uma empresa fabricante, assist\u00eancia t\u00e9cnica e vendedora de solu\u00e7\u00f5es inovadoras em resfriamento. A empresa atua em toda a Am\u00e9rica Latina e tamb\u00e9m na Am\u00e9rica Central, sempre em conformidade com as normas OHSAS 18001, ISO 9001 e 14001, investindo em projetos especiais e personalizados e em quaisquer pe\u00e7as relacionadas aos processos de resfriamento por meio de evapora\u00e7\u00e3o. Dentre seus principais p\u00fablicos, constam engenheiros e empresas do ramo petrol\u00edfero, al\u00e9m de produ\u00e7\u00e3o de a\u00e7\u00facar e \u00e1lcool e o consumidor final. Contratar&nbsp;manuten\u00e7\u00e3o preventiva em resfriadores&nbsp;com a ALFATERM Ind\u00fastria e Com\u00e9rcio Ltda. \u00e9 sempre um excelente neg\u00f3cio!<\/p>\n\n\n\n<h2 class=\"wp-block-heading\">Para saber mais sobre Assist\u00eancia t\u00e9cnica em torres de resfriar<\/h2>\n\n\n\n<p>Ligue para&nbsp;<strong>11 4156-8930<\/strong>&nbsp;ou&nbsp;<a href=\"https:\/\/www.alfaterm.com.br\/es\/contacto\/\">clique aqui<\/a>&nbsp;e entre em contato por email.<\/p>","protected":false},"excerpt":{"rendered":"<p>A&nbsp;manuten\u00e7\u00e3o preventiva em resfriadores&nbsp;\u00e9 deveras importante no sentido de garantir a longevidade do produto, porque emprega o agendamento de suas revis\u00f5es peri\u00f3dicas, de seu desempenho e dos componentes que marcam presen\u00e7a nele. Dentre os itens principais da estrutura de uma torre de refrigera\u00e7\u00e3o constam: h\u00e9lices axiais com p\u00e1, bicos pulverizadores, eixos de transmiss\u00e3o, retentor de [&hellip;]<\/p>","protected":false},"author":1,"featured_media":2181,"parent":2144,"menu_order":0,"comment_status":"closed","ping_status":"closed","template":"","meta":{"_acf_changed":false,"_joinchat":[],"footnotes":""},"class_list":["post-2244","page","type-page","status-publish","has-post-thumbnail","hentry"],"acf":[],"yoast_head":"<!-- This site is optimized with the Yoast SEO Premium plugin v23.4 (Yoast SEO v27.1.1) - https:\/\/yoast.com\/product\/yoast-seo-premium-wordpress\/ -->\n<title>Manuten\u00e7\u00e3o preventiva em resfriadores - Bem-vindo \u00e0 ALFATERM<\/title>\n<meta name=\"robots\" content=\"index, follow, max-snippet:-1, max-image-preview:large, max-video-preview:-1\" \/>\n<link rel=\"canonical\" href=\"https:\/\/www.alfaterm.com.br\/es\/informacoes\/manutencao-preventiva-resfriadores\/\" \/>\n<meta property=\"og:locale\" content=\"es_ES\" \/>\n<meta property=\"og:type\" content=\"article\" \/>\n<meta property=\"og:title\" content=\"Manuten\u00e7\u00e3o preventiva em resfriadores\" \/>\n<meta property=\"og:description\" content=\"A&nbsp;manuten\u00e7\u00e3o preventiva em resfriadores&nbsp;\u00e9 deveras importante no sentido de garantir a longevidade do produto, porque emprega o agendamento de suas revis\u00f5es peri\u00f3dicas, de seu desempenho e dos componentes que marcam presen\u00e7a nele. Dentre os itens principais da estrutura de uma torre de refrigera\u00e7\u00e3o constam: h\u00e9lices axiais com p\u00e1, bicos pulverizadores, eixos de transmiss\u00e3o, retentor de [&hellip;]\" \/>\n<meta property=\"og:url\" content=\"https:\/\/www.alfaterm.com.br\/es\/informacoes\/manutencao-preventiva-resfriadores\/\" \/>\n<meta property=\"og:site_name\" content=\"Bem-vindo \u00e0 ALFATERM\" \/>\n<meta property=\"article:modified_time\" content=\"2024-09-09T08:06:39+00:00\" \/>\n<meta property=\"og:image\" content=\"https:\/\/www.alfaterm.com.br\/wp-content\/uploads\/2024\/09\/assistencia-tecnica-torres-resfriar.webp\" \/>\n\t<meta property=\"og:image:width\" content=\"1500\" \/>\n\t<meta property=\"og:image:height\" content=\"1294\" \/>\n\t<meta property=\"og:image:type\" content=\"image\/webp\" \/>\n<meta name=\"twitter:card\" content=\"summary_large_image\" \/>\n<meta name=\"twitter:label1\" content=\"Tiempo de lectura\" \/>\n\t<meta name=\"twitter:data1\" content=\"2 minutos\" \/>\n<script type=\"application\/ld+json\" class=\"yoast-schema-graph\">{\"@context\":\"https:\/\/schema.org\",\"@graph\":[{\"@type\":\"WebPage\",\"@id\":\"https:\/\/www.alfaterm.com.br\/informacoes\/manutencao-preventiva-resfriadores\/\",\"url\":\"https:\/\/www.alfaterm.com.br\/informacoes\/manutencao-preventiva-resfriadores\/\",\"name\":\"Manuten\u00e7\u00e3o preventiva em resfriadores - Bem-vindo \u00e0 ALFATERM\",\"isPartOf\":{\"@id\":\"https:\/\/www.alfaterm.com.br\/#website\"},\"primaryImageOfPage\":{\"@id\":\"https:\/\/www.alfaterm.com.br\/informacoes\/manutencao-preventiva-resfriadores\/#primaryimage\"},\"image\":{\"@id\":\"https:\/\/www.alfaterm.com.br\/informacoes\/manutencao-preventiva-resfriadores\/#primaryimage\"},\"thumbnailUrl\":\"https:\/\/www.alfaterm.com.br\/wp-content\/uploads\/2024\/09\/assistencia-tecnica-torres-resfriar.webp\",\"datePublished\":\"2024-09-02T11:12:04+00:00\",\"dateModified\":\"2024-09-09T08:06:39+00:00\",\"breadcrumb\":{\"@id\":\"https:\/\/www.alfaterm.com.br\/informacoes\/manutencao-preventiva-resfriadores\/#breadcrumb\"},\"inLanguage\":\"es\",\"potentialAction\":[{\"@type\":\"ReadAction\",\"target\":[\"https:\/\/www.alfaterm.com.br\/informacoes\/manutencao-preventiva-resfriadores\/\"]}]},{\"@type\":\"ImageObject\",\"inLanguage\":\"es\",\"@id\":\"https:\/\/www.alfaterm.com.br\/informacoes\/manutencao-preventiva-resfriadores\/#primaryimage\",\"url\":\"https:\/\/www.alfaterm.com.br\/wp-content\/uploads\/2024\/09\/assistencia-tecnica-torres-resfriar.webp\",\"contentUrl\":\"https:\/\/www.alfaterm.com.br\/wp-content\/uploads\/2024\/09\/assistencia-tecnica-torres-resfriar.webp\",\"width\":1500,\"height\":1294},{\"@type\":\"BreadcrumbList\",\"@id\":\"https:\/\/www.alfaterm.com.br\/informacoes\/manutencao-preventiva-resfriadores\/#breadcrumb\",\"itemListElement\":[{\"@type\":\"ListItem\",\"position\":1,\"name\":\"Home\",\"item\":\"https:\/\/www.alfaterm.com.br\/\"},{\"@type\":\"ListItem\",\"position\":2,\"name\":\"Informa\u00e7\u00f5es\",\"item\":\"https:\/\/www.alfaterm.com.br\/informacoes\/\"},{\"@type\":\"ListItem\",\"position\":3,\"name\":\"Manuten\u00e7\u00e3o preventiva em resfriadores\"}]},{\"@type\":\"WebSite\",\"@id\":\"https:\/\/www.alfaterm.com.br\/#website\",\"url\":\"https:\/\/www.alfaterm.com.br\/\",\"name\":\"Bem-vindo \u00e0 ALFATERM\",\"description\":\"\",\"publisher\":{\"@id\":\"https:\/\/www.alfaterm.com.br\/#organization\"},\"potentialAction\":[{\"@type\":\"SearchAction\",\"target\":{\"@type\":\"EntryPoint\",\"urlTemplate\":\"https:\/\/www.alfaterm.com.br\/?s={search_term_string}\"},\"query-input\":{\"@type\":\"PropertyValueSpecification\",\"valueRequired\":true,\"valueName\":\"search_term_string\"}}],\"inLanguage\":\"es\"},{\"@type\":\"Organization\",\"@id\":\"https:\/\/www.alfaterm.com.br\/#organization\",\"name\":\"Bem-vindo \u00e0 ALFATERM\",\"url\":\"https:\/\/www.alfaterm.com.br\/\",\"logo\":{\"@type\":\"ImageObject\",\"inLanguage\":\"es\",\"@id\":\"https:\/\/www.alfaterm.com.br\/#\/schema\/logo\/image\/\",\"url\":\"https:\/\/www.alfaterm.com.br\/wp-content\/uploads\/2024\/07\/logo-alfaterm.png\",\"contentUrl\":\"https:\/\/www.alfaterm.com.br\/wp-content\/uploads\/2024\/07\/logo-alfaterm.png\",\"width\":393,\"height\":45,\"caption\":\"Bem-vindo \u00e0 ALFATERM\"},\"image\":{\"@id\":\"https:\/\/www.alfaterm.com.br\/#\/schema\/logo\/image\/\"}}]}<\/script>\n<!-- \/ Yoast SEO Premium plugin. -->","yoast_head_json":{"title":"Manuten\u00e7\u00e3o preventiva em resfriadores - Bem-vindo \u00e0 ALFATERM","robots":{"index":"index","follow":"follow","max-snippet":"max-snippet:-1","max-image-preview":"max-image-preview:large","max-video-preview":"max-video-preview:-1"},"canonical":"https:\/\/www.alfaterm.com.br\/es\/informacoes\/manutencao-preventiva-resfriadores\/","og_locale":"es_ES","og_type":"article","og_title":"Manuten\u00e7\u00e3o preventiva em resfriadores","og_description":"A&nbsp;manuten\u00e7\u00e3o preventiva em resfriadores&nbsp;\u00e9 deveras importante no sentido de garantir a longevidade do produto, porque emprega o agendamento de suas revis\u00f5es peri\u00f3dicas, de seu desempenho e dos componentes que marcam presen\u00e7a nele. Dentre os itens principais da estrutura de uma torre de refrigera\u00e7\u00e3o constam: h\u00e9lices axiais com p\u00e1, bicos pulverizadores, eixos de transmiss\u00e3o, retentor de [&hellip;]","og_url":"https:\/\/www.alfaterm.com.br\/es\/informacoes\/manutencao-preventiva-resfriadores\/","og_site_name":"Bem-vindo \u00e0 ALFATERM","article_modified_time":"2024-09-09T08:06:39+00:00","og_image":[{"width":1500,"height":1294,"url":"https:\/\/www.alfaterm.com.br\/wp-content\/uploads\/2024\/09\/assistencia-tecnica-torres-resfriar.webp","type":"image\/webp"}],"twitter_card":"summary_large_image","twitter_misc":{"Tiempo de lectura":"2 minutos"},"schema":{"@context":"https:\/\/schema.org","@graph":[{"@type":"WebPage","@id":"https:\/\/www.alfaterm.com.br\/informacoes\/manutencao-preventiva-resfriadores\/","url":"https:\/\/www.alfaterm.com.br\/informacoes\/manutencao-preventiva-resfriadores\/","name":"Manuten\u00e7\u00e3o preventiva em resfriadores - Bem-vindo \u00e0 ALFATERM","isPartOf":{"@id":"https:\/\/www.alfaterm.com.br\/#website"},"primaryImageOfPage":{"@id":"https:\/\/www.alfaterm.com.br\/informacoes\/manutencao-preventiva-resfriadores\/#primaryimage"},"image":{"@id":"https:\/\/www.alfaterm.com.br\/informacoes\/manutencao-preventiva-resfriadores\/#primaryimage"},"thumbnailUrl":"https:\/\/www.alfaterm.com.br\/wp-content\/uploads\/2024\/09\/assistencia-tecnica-torres-resfriar.webp","datePublished":"2024-09-02T11:12:04+00:00","dateModified":"2024-09-09T08:06:39+00:00","breadcrumb":{"@id":"https:\/\/www.alfaterm.com.br\/informacoes\/manutencao-preventiva-resfriadores\/#breadcrumb"},"inLanguage":"es","potentialAction":[{"@type":"ReadAction","target":["https:\/\/www.alfaterm.com.br\/informacoes\/manutencao-preventiva-resfriadores\/"]}]},{"@type":"ImageObject","inLanguage":"es","@id":"https:\/\/www.alfaterm.com.br\/informacoes\/manutencao-preventiva-resfriadores\/#primaryimage","url":"https:\/\/www.alfaterm.com.br\/wp-content\/uploads\/2024\/09\/assistencia-tecnica-torres-resfriar.webp","contentUrl":"https:\/\/www.alfaterm.com.br\/wp-content\/uploads\/2024\/09\/assistencia-tecnica-torres-resfriar.webp","width":1500,"height":1294},{"@type":"BreadcrumbList","@id":"https:\/\/www.alfaterm.com.br\/informacoes\/manutencao-preventiva-resfriadores\/#breadcrumb","itemListElement":[{"@type":"ListItem","position":1,"name":"Home","item":"https:\/\/www.alfaterm.com.br\/"},{"@type":"ListItem","position":2,"name":"Informa\u00e7\u00f5es","item":"https:\/\/www.alfaterm.com.br\/informacoes\/"},{"@type":"ListItem","position":3,"name":"Manuten\u00e7\u00e3o preventiva em resfriadores"}]},{"@type":"WebSite","@id":"https:\/\/www.alfaterm.com.br\/#website","url":"https:\/\/www.alfaterm.com.br\/","name":"Bem-vindo \u00e0 ALFATERM","description":"","publisher":{"@id":"https:\/\/www.alfaterm.com.br\/#organization"},"potentialAction":[{"@type":"SearchAction","target":{"@type":"EntryPoint","urlTemplate":"https:\/\/www.alfaterm.com.br\/?s={search_term_string}"},"query-input":{"@type":"PropertyValueSpecification","valueRequired":true,"valueName":"search_term_string"}}],"inLanguage":"es"},{"@type":"Organization","@id":"https:\/\/www.alfaterm.com.br\/#organization","name":"Bem-vindo \u00e0 ALFATERM","url":"https:\/\/www.alfaterm.com.br\/","logo":{"@type":"ImageObject","inLanguage":"es","@id":"https:\/\/www.alfaterm.com.br\/#\/schema\/logo\/image\/","url":"https:\/\/www.alfaterm.com.br\/wp-content\/uploads\/2024\/07\/logo-alfaterm.png","contentUrl":"https:\/\/www.alfaterm.com.br\/wp-content\/uploads\/2024\/07\/logo-alfaterm.png","width":393,"height":45,"caption":"Bem-vindo \u00e0 ALFATERM"},"image":{"@id":"https:\/\/www.alfaterm.com.br\/#\/schema\/logo\/image\/"}}]}},"_links":{"self":[{"href":"https:\/\/www.alfaterm.com.br\/es\/wp-json\/wp\/v2\/pages\/2244","targetHints":{"allow":["GET"]}}],"collection":[{"href":"https:\/\/www.alfaterm.com.br\/es\/wp-json\/wp\/v2\/pages"}],"about":[{"href":"https:\/\/www.alfaterm.com.br\/es\/wp-json\/wp\/v2\/types\/page"}],"author":[{"embeddable":true,"href":"https:\/\/www.alfaterm.com.br\/es\/wp-json\/wp\/v2\/users\/1"}],"replies":[{"embeddable":true,"href":"https:\/\/www.alfaterm.com.br\/es\/wp-json\/wp\/v2\/comments?post=2244"}],"version-history":[{"count":0,"href":"https:\/\/www.alfaterm.com.br\/es\/wp-json\/wp\/v2\/pages\/2244\/revisions"}],"up":[{"embeddable":true,"href":"https:\/\/www.alfaterm.com.br\/es\/wp-json\/wp\/v2\/pages\/2144"}],"wp:featuredmedia":[{"embeddable":true,"href":"https:\/\/www.alfaterm.com.br\/es\/wp-json\/wp\/v2\/media\/2181"}],"wp:attachment":[{"href":"https:\/\/www.alfaterm.com.br\/es\/wp-json\/wp\/v2\/media?parent=2244"}],"curies":[{"name":"wp","href":"https:\/\/api.w.org\/{rel}","templated":true}]}}