{"id":2240,"date":"2024-09-02T08:09:22","date_gmt":"2024-09-02T11:09:22","guid":{"rendered":"https:\/\/www.alfaterm.com.br\/?page_id=2240"},"modified":"2024-09-09T05:05:28","modified_gmt":"2024-09-09T08:05:28","slug":"limpeza-torre-resfriamento","status":"publish","type":"page","link":"https:\/\/www.alfaterm.com.br\/es\/informacoes\/limpeza-torre-resfriamento\/","title":{"rendered":"Limpeza de torre de resfriamento"},"content":{"rendered":"<p>As ind\u00fastrias utilizam torres de resfriamento para resfriar \u00e1gua industrial. No processo a \u00e1gua aquecida goteja da parte superior da torre, passando por diferentes enchimentos, em contracorrente com o ar e \u00e1gua frios. Com o tempo, sujeiras se acumulam na torre, ent\u00e3o ela precisa passar pela&nbsp;limpeza de torre de resfriamento.<\/p>\n\n\n\n<p>As torres de resfriamento possuem grande n\u00famero de componentes que est\u00e3o em contato constante com a \u00e1gua e o ar, isso faz com que as pe\u00e7as acumulem sujeiras que est\u00e3o nesses elementos. O servi\u00e7o de&nbsp;limpeza de torre de resfriamento&nbsp;realiza a higieniza\u00e7\u00e3o de todos os componentes, garantindo a efici\u00eancia do equipamento.<\/p>\n\n\n\n<h2 class=\"wp-block-heading\">A LIMPEZA DE TORRE DE RESFRIAMENTO GARANTE A EFICI\u00caNCIA DO PROCESSO DE TROCA DE CALOR<\/h2>\n\n\n\n<p>As torres de resfriamento precisam passar por higieniza\u00e7\u00e3o com certa periodicidade para que sua efici\u00eancia seja garantida. O ac\u00famulo de sujeira em suas pe\u00e7as faz com que ela perca parte de sua funcionalidade. O servi\u00e7o de&nbsp;limpeza de torre de resfriamento&nbsp;cuida para que todas as partes da torre de resfriamento estejam limpas e em perfeito funcionamento.<\/p>\n\n\n\n<p>Al\u00e9m da efici\u00eancia do processo de troca de calor, a&nbsp;limpeza de torre de resfriamento&nbsp;evita corros\u00e3o, que pode deteriorar o equipamento, e poss\u00edvel contamina\u00e7\u00e3o microbiol\u00f3gica, que pode causar problemas de sa\u00fade aos colaboradores que operam a torre de resfriamento.<\/p>\n\n\n\n<p>Quando n\u00e3o se realiza a&nbsp;limpeza de torre de resfriamento&nbsp;com o tempo tamb\u00e9m pode acontecer perda de vaz\u00e3o na torre, o que prejudica sua funcionalidade. Os gastos com energia el\u00e9trica s\u00e3o reduzidos com a realiza\u00e7\u00e3o do servi\u00e7o de&nbsp;limpeza de torre de resfriamento. Assim a ind\u00fastria ganha de v\u00e1rias maneiras: obt\u00e9m redu\u00e7\u00e3o de custos, uma operacionalidade eficiente e seguran\u00e7a para seus colaboradores.<\/p>\n\n\n\n<h2 class=\"wp-block-heading\">EMPRESA DE MANUTEN\u00c7\u00c3O DE TORRES DE RESFRIAMENTO<\/h2>\n\n\n\n<p>Especializada em torres de resfriamento de \u00e1gua, a ALFATERM Ind\u00fastria e Com\u00e9rcio Ltda. tem mais de 30 anos de atividade. Ela fabrica, instala e faz manuten\u00e7\u00e3o de torres de resfriamento de \u00e1gua em toda a Am\u00e9rica Latina. Localizada em Santana do Parna\u00edba (SP), a ALFATERM Ind\u00fastria e Com\u00e9rcio Ltda. tem como miss\u00e3o atender \u00e0s expectativas de seus clientes, sempre buscando sua satisfa\u00e7\u00e3o, com aten\u00e7\u00e3o ao bem-estar de seus colaboradores e do meio ambiente.<\/p>\n\n\n\n<h2 class=\"wp-block-heading\">Para saber mais sobre Assist\u00eancia t\u00e9cnica em torres de resfriar<\/h2>\n\n\n\n<p>Ligue para&nbsp;<strong>11 4156-8930<\/strong>&nbsp;ou&nbsp;<a href=\"https:\/\/www.alfaterm.com.br\/es\/contacto\/\">clique aqui<\/a>&nbsp;e entre em contato por email.<\/p>","protected":false},"excerpt":{"rendered":"<p>As ind\u00fastrias utilizam torres de resfriamento para resfriar \u00e1gua industrial. No processo a \u00e1gua aquecida goteja da parte superior da torre, passando por diferentes enchimentos, em contracorrente com o ar e \u00e1gua frios. Com o tempo, sujeiras se acumulam na torre, ent\u00e3o ela precisa passar pela&nbsp;limpeza de torre de resfriamento. As torres de resfriamento possuem [&hellip;]<\/p>","protected":false},"author":1,"featured_media":2181,"parent":2144,"menu_order":0,"comment_status":"closed","ping_status":"closed","template":"","meta":{"_acf_changed":false,"_joinchat":[],"footnotes":""},"class_list":["post-2240","page","type-page","status-publish","has-post-thumbnail","hentry"],"acf":[],"yoast_head":"<!-- This site is optimized with the Yoast SEO Premium plugin v23.4 (Yoast SEO v27.1.1) - https:\/\/yoast.com\/product\/yoast-seo-premium-wordpress\/ -->\n<title>Limpeza de torre de resfriamento - Bem-vindo \u00e0 ALFATERM<\/title>\n<meta name=\"robots\" content=\"index, follow, max-snippet:-1, max-image-preview:large, max-video-preview:-1\" \/>\n<link rel=\"canonical\" href=\"https:\/\/www.alfaterm.com.br\/es\/informacoes\/limpeza-torre-resfriamento\/\" \/>\n<meta property=\"og:locale\" content=\"es_ES\" \/>\n<meta property=\"og:type\" content=\"article\" \/>\n<meta property=\"og:title\" content=\"Limpeza de torre de resfriamento\" \/>\n<meta property=\"og:description\" content=\"As ind\u00fastrias utilizam torres de resfriamento para resfriar \u00e1gua industrial. No processo a \u00e1gua aquecida goteja da parte superior da torre, passando por diferentes enchimentos, em contracorrente com o ar e \u00e1gua frios. Com o tempo, sujeiras se acumulam na torre, ent\u00e3o ela precisa passar pela&nbsp;limpeza de torre de resfriamento. As torres de resfriamento possuem [&hellip;]\" \/>\n<meta property=\"og:url\" content=\"https:\/\/www.alfaterm.com.br\/es\/informacoes\/limpeza-torre-resfriamento\/\" \/>\n<meta property=\"og:site_name\" content=\"Bem-vindo \u00e0 ALFATERM\" \/>\n<meta property=\"article:modified_time\" content=\"2024-09-09T08:05:28+00:00\" \/>\n<meta property=\"og:image\" content=\"https:\/\/www.alfaterm.com.br\/wp-content\/uploads\/2024\/09\/assistencia-tecnica-torres-resfriar.webp\" \/>\n\t<meta property=\"og:image:width\" content=\"1500\" \/>\n\t<meta property=\"og:image:height\" content=\"1294\" \/>\n\t<meta property=\"og:image:type\" content=\"image\/webp\" \/>\n<meta name=\"twitter:card\" content=\"summary_large_image\" \/>\n<meta name=\"twitter:label1\" content=\"Tiempo de lectura\" \/>\n\t<meta name=\"twitter:data1\" content=\"2 minutos\" \/>\n<script type=\"application\/ld+json\" class=\"yoast-schema-graph\">{\"@context\":\"https:\/\/schema.org\",\"@graph\":[{\"@type\":\"WebPage\",\"@id\":\"https:\/\/www.alfaterm.com.br\/informacoes\/limpeza-torre-resfriamento\/\",\"url\":\"https:\/\/www.alfaterm.com.br\/informacoes\/limpeza-torre-resfriamento\/\",\"name\":\"Limpeza de torre de resfriamento - Bem-vindo \u00e0 ALFATERM\",\"isPartOf\":{\"@id\":\"https:\/\/www.alfaterm.com.br\/#website\"},\"primaryImageOfPage\":{\"@id\":\"https:\/\/www.alfaterm.com.br\/informacoes\/limpeza-torre-resfriamento\/#primaryimage\"},\"image\":{\"@id\":\"https:\/\/www.alfaterm.com.br\/informacoes\/limpeza-torre-resfriamento\/#primaryimage\"},\"thumbnailUrl\":\"https:\/\/www.alfaterm.com.br\/wp-content\/uploads\/2024\/09\/assistencia-tecnica-torres-resfriar.webp\",\"datePublished\":\"2024-09-02T11:09:22+00:00\",\"dateModified\":\"2024-09-09T08:05:28+00:00\",\"breadcrumb\":{\"@id\":\"https:\/\/www.alfaterm.com.br\/informacoes\/limpeza-torre-resfriamento\/#breadcrumb\"},\"inLanguage\":\"es\",\"potentialAction\":[{\"@type\":\"ReadAction\",\"target\":[\"https:\/\/www.alfaterm.com.br\/informacoes\/limpeza-torre-resfriamento\/\"]}]},{\"@type\":\"ImageObject\",\"inLanguage\":\"es\",\"@id\":\"https:\/\/www.alfaterm.com.br\/informacoes\/limpeza-torre-resfriamento\/#primaryimage\",\"url\":\"https:\/\/www.alfaterm.com.br\/wp-content\/uploads\/2024\/09\/assistencia-tecnica-torres-resfriar.webp\",\"contentUrl\":\"https:\/\/www.alfaterm.com.br\/wp-content\/uploads\/2024\/09\/assistencia-tecnica-torres-resfriar.webp\",\"width\":1500,\"height\":1294},{\"@type\":\"BreadcrumbList\",\"@id\":\"https:\/\/www.alfaterm.com.br\/informacoes\/limpeza-torre-resfriamento\/#breadcrumb\",\"itemListElement\":[{\"@type\":\"ListItem\",\"position\":1,\"name\":\"Home\",\"item\":\"https:\/\/www.alfaterm.com.br\/\"},{\"@type\":\"ListItem\",\"position\":2,\"name\":\"Informa\u00e7\u00f5es\",\"item\":\"https:\/\/www.alfaterm.com.br\/informacoes\/\"},{\"@type\":\"ListItem\",\"position\":3,\"name\":\"Limpeza de torre de resfriamento\"}]},{\"@type\":\"WebSite\",\"@id\":\"https:\/\/www.alfaterm.com.br\/#website\",\"url\":\"https:\/\/www.alfaterm.com.br\/\",\"name\":\"Bem-vindo \u00e0 ALFATERM\",\"description\":\"\",\"publisher\":{\"@id\":\"https:\/\/www.alfaterm.com.br\/#organization\"},\"potentialAction\":[{\"@type\":\"SearchAction\",\"target\":{\"@type\":\"EntryPoint\",\"urlTemplate\":\"https:\/\/www.alfaterm.com.br\/?s={search_term_string}\"},\"query-input\":{\"@type\":\"PropertyValueSpecification\",\"valueRequired\":true,\"valueName\":\"search_term_string\"}}],\"inLanguage\":\"es\"},{\"@type\":\"Organization\",\"@id\":\"https:\/\/www.alfaterm.com.br\/#organization\",\"name\":\"Bem-vindo \u00e0 ALFATERM\",\"url\":\"https:\/\/www.alfaterm.com.br\/\",\"logo\":{\"@type\":\"ImageObject\",\"inLanguage\":\"es\",\"@id\":\"https:\/\/www.alfaterm.com.br\/#\/schema\/logo\/image\/\",\"url\":\"https:\/\/www.alfaterm.com.br\/wp-content\/uploads\/2024\/07\/logo-alfaterm.png\",\"contentUrl\":\"https:\/\/www.alfaterm.com.br\/wp-content\/uploads\/2024\/07\/logo-alfaterm.png\",\"width\":393,\"height\":45,\"caption\":\"Bem-vindo \u00e0 ALFATERM\"},\"image\":{\"@id\":\"https:\/\/www.alfaterm.com.br\/#\/schema\/logo\/image\/\"}}]}<\/script>\n<!-- \/ Yoast SEO Premium plugin. -->","yoast_head_json":{"title":"Limpeza de torre de resfriamento - Bem-vindo \u00e0 ALFATERM","robots":{"index":"index","follow":"follow","max-snippet":"max-snippet:-1","max-image-preview":"max-image-preview:large","max-video-preview":"max-video-preview:-1"},"canonical":"https:\/\/www.alfaterm.com.br\/es\/informacoes\/limpeza-torre-resfriamento\/","og_locale":"es_ES","og_type":"article","og_title":"Limpeza de torre de resfriamento","og_description":"As ind\u00fastrias utilizam torres de resfriamento para resfriar \u00e1gua industrial. No processo a \u00e1gua aquecida goteja da parte superior da torre, passando por diferentes enchimentos, em contracorrente com o ar e \u00e1gua frios. Com o tempo, sujeiras se acumulam na torre, ent\u00e3o ela precisa passar pela&nbsp;limpeza de torre de resfriamento. As torres de resfriamento possuem [&hellip;]","og_url":"https:\/\/www.alfaterm.com.br\/es\/informacoes\/limpeza-torre-resfriamento\/","og_site_name":"Bem-vindo \u00e0 ALFATERM","article_modified_time":"2024-09-09T08:05:28+00:00","og_image":[{"width":1500,"height":1294,"url":"https:\/\/www.alfaterm.com.br\/wp-content\/uploads\/2024\/09\/assistencia-tecnica-torres-resfriar.webp","type":"image\/webp"}],"twitter_card":"summary_large_image","twitter_misc":{"Tiempo de lectura":"2 minutos"},"schema":{"@context":"https:\/\/schema.org","@graph":[{"@type":"WebPage","@id":"https:\/\/www.alfaterm.com.br\/informacoes\/limpeza-torre-resfriamento\/","url":"https:\/\/www.alfaterm.com.br\/informacoes\/limpeza-torre-resfriamento\/","name":"Limpeza de torre de resfriamento - Bem-vindo \u00e0 ALFATERM","isPartOf":{"@id":"https:\/\/www.alfaterm.com.br\/#website"},"primaryImageOfPage":{"@id":"https:\/\/www.alfaterm.com.br\/informacoes\/limpeza-torre-resfriamento\/#primaryimage"},"image":{"@id":"https:\/\/www.alfaterm.com.br\/informacoes\/limpeza-torre-resfriamento\/#primaryimage"},"thumbnailUrl":"https:\/\/www.alfaterm.com.br\/wp-content\/uploads\/2024\/09\/assistencia-tecnica-torres-resfriar.webp","datePublished":"2024-09-02T11:09:22+00:00","dateModified":"2024-09-09T08:05:28+00:00","breadcrumb":{"@id":"https:\/\/www.alfaterm.com.br\/informacoes\/limpeza-torre-resfriamento\/#breadcrumb"},"inLanguage":"es","potentialAction":[{"@type":"ReadAction","target":["https:\/\/www.alfaterm.com.br\/informacoes\/limpeza-torre-resfriamento\/"]}]},{"@type":"ImageObject","inLanguage":"es","@id":"https:\/\/www.alfaterm.com.br\/informacoes\/limpeza-torre-resfriamento\/#primaryimage","url":"https:\/\/www.alfaterm.com.br\/wp-content\/uploads\/2024\/09\/assistencia-tecnica-torres-resfriar.webp","contentUrl":"https:\/\/www.alfaterm.com.br\/wp-content\/uploads\/2024\/09\/assistencia-tecnica-torres-resfriar.webp","width":1500,"height":1294},{"@type":"BreadcrumbList","@id":"https:\/\/www.alfaterm.com.br\/informacoes\/limpeza-torre-resfriamento\/#breadcrumb","itemListElement":[{"@type":"ListItem","position":1,"name":"Home","item":"https:\/\/www.alfaterm.com.br\/"},{"@type":"ListItem","position":2,"name":"Informa\u00e7\u00f5es","item":"https:\/\/www.alfaterm.com.br\/informacoes\/"},{"@type":"ListItem","position":3,"name":"Limpeza de torre de resfriamento"}]},{"@type":"WebSite","@id":"https:\/\/www.alfaterm.com.br\/#website","url":"https:\/\/www.alfaterm.com.br\/","name":"Bem-vindo \u00e0 ALFATERM","description":"","publisher":{"@id":"https:\/\/www.alfaterm.com.br\/#organization"},"potentialAction":[{"@type":"SearchAction","target":{"@type":"EntryPoint","urlTemplate":"https:\/\/www.alfaterm.com.br\/?s={search_term_string}"},"query-input":{"@type":"PropertyValueSpecification","valueRequired":true,"valueName":"search_term_string"}}],"inLanguage":"es"},{"@type":"Organization","@id":"https:\/\/www.alfaterm.com.br\/#organization","name":"Bem-vindo \u00e0 ALFATERM","url":"https:\/\/www.alfaterm.com.br\/","logo":{"@type":"ImageObject","inLanguage":"es","@id":"https:\/\/www.alfaterm.com.br\/#\/schema\/logo\/image\/","url":"https:\/\/www.alfaterm.com.br\/wp-content\/uploads\/2024\/07\/logo-alfaterm.png","contentUrl":"https:\/\/www.alfaterm.com.br\/wp-content\/uploads\/2024\/07\/logo-alfaterm.png","width":393,"height":45,"caption":"Bem-vindo \u00e0 ALFATERM"},"image":{"@id":"https:\/\/www.alfaterm.com.br\/#\/schema\/logo\/image\/"}}]}},"_links":{"self":[{"href":"https:\/\/www.alfaterm.com.br\/es\/wp-json\/wp\/v2\/pages\/2240","targetHints":{"allow":["GET"]}}],"collection":[{"href":"https:\/\/www.alfaterm.com.br\/es\/wp-json\/wp\/v2\/pages"}],"about":[{"href":"https:\/\/www.alfaterm.com.br\/es\/wp-json\/wp\/v2\/types\/page"}],"author":[{"embeddable":true,"href":"https:\/\/www.alfaterm.com.br\/es\/wp-json\/wp\/v2\/users\/1"}],"replies":[{"embeddable":true,"href":"https:\/\/www.alfaterm.com.br\/es\/wp-json\/wp\/v2\/comments?post=2240"}],"version-history":[{"count":0,"href":"https:\/\/www.alfaterm.com.br\/es\/wp-json\/wp\/v2\/pages\/2240\/revisions"}],"up":[{"embeddable":true,"href":"https:\/\/www.alfaterm.com.br\/es\/wp-json\/wp\/v2\/pages\/2144"}],"wp:featuredmedia":[{"embeddable":true,"href":"https:\/\/www.alfaterm.com.br\/es\/wp-json\/wp\/v2\/media\/2181"}],"wp:attachment":[{"href":"https:\/\/www.alfaterm.com.br\/es\/wp-json\/wp\/v2\/media?parent=2240"}],"curies":[{"name":"wp","href":"https:\/\/api.w.org\/{rel}","templated":true}]}}