{"id":2216,"date":"2024-09-02T07:57:38","date_gmt":"2024-09-02T10:57:38","guid":{"rendered":"https:\/\/www.alfaterm.com.br\/?page_id=2216"},"modified":"2024-09-08T11:21:23","modified_gmt":"2024-09-08T14:21:23","slug":"fabricantes-torres-resfriamento","status":"publish","type":"page","link":"https:\/\/www.alfaterm.com.br\/es\/informacoes\/fabricantes-torres-resfriamento\/","title":{"rendered":"Fabricantes de torres de resfriamento"},"content":{"rendered":"<p>A torre de resfriamento tamb\u00e9m \u00e9 conhecida como&nbsp;torre de arrefecimento&nbsp;ou refrigera\u00e7\u00e3o. Para determinar a constitui\u00e7\u00e3o do produto, os&nbsp;fabricantes de torres de resfriamento&nbsp;investem em pesquisas acerca das melhores mat\u00e9rias-primas para empregar no planejamento e posterior confec\u00e7\u00e3o do produto. Assim, a estrutura desenvolvida pelos melhores&nbsp;fabricantes de torres de resfriamento&nbsp;englobam op\u00e7\u00f5es em materiais.<\/p>\n\n\n\n<p>Considerando que cada cliente precisa do produto para uma aplica\u00e7\u00e3o, \u00e9 um diferencial inovar e adaptar o resfriador conforme os des\u00edgnios do solicitante, gerando a sua plena satisfa\u00e7\u00e3o.<\/p>\n\n\n\n<h2 class=\"wp-block-heading\">FUN\u00c7\u00d5ES DESEMPENHADAS PELOS FABRICANTES DE TORRES DE RESFRIAMENTO<\/h2>\n\n\n\n<p>Al\u00e9m da cria\u00e7\u00e3o em solu\u00e7\u00f5es e confec\u00e7\u00e3o tanto de resfriadores como dos componentes da torre de resfriamento, a empresa a ser contratada deve prezar pelo oferecimento de servi\u00e7os adicionais, como o de assist\u00eancia t\u00e9cnica.<\/p>\n\n\n\n<p>Tendo em vista que os&nbsp;fabricantes de torres de resfriamento&nbsp;re\u00fanem amplo know-how, na teoria e na pr\u00e1tica, \u00e9 seu dever conhecer bem os componentes do maquin\u00e1rio, assim como manter registro sobre as principais queixas acerca da performance do produto.<\/p>\n\n\n\n<p>Por meio do cuidado em ouvir o cliente e pela execu\u00e7\u00e3o de manuten\u00e7\u00e3o corretiva e preventiva por parte dos&nbsp;fabricantes de torres de resfriamento, o cliente consegue obter performance com precis\u00e3o, e a corpora\u00e7\u00e3o atuante no segmento consegue desenvolver sua imagem ante o restante do mercado.<\/p>\n\n\n\n<p>Alguns dos componentes que precisam ser constantemente verificados pela empresa de assist\u00eancia t\u00e9cnica e&nbsp;fabricantes de torres de resfriamento&nbsp;s\u00e3o as h\u00e9lices axiais e outros meios de ventila\u00e7\u00e3o, que podem atuar, inclusive, em prol do silenciamento do produto durante desempenho das atividades.<\/p>\n\n\n\n<h2 class=\"wp-block-heading\">ALFATERM IND\u00daSTRIA E COM\u00c9RCIO LTDA. &#8211; A MELHOR OP\u00c7\u00c3O EM FABRICANTES DE TORRES DE RESFRIAMENTO<\/h2>\n\n\n\n<p>Pertencente ao ramo de troca t\u00e9rmica via vaporiza\u00e7\u00e3o, a ALFATERM Ind\u00fastria e Com\u00e9rcio Ltda. \u00e9 uma das&nbsp;fabricantes de torres de resfriamento&nbsp;mais proeminentes do mercado atual. A empresa \u00e9 detentora do atestado SIG (Sistema Integrado de Gest\u00e3o) e cumpre todas as normas pertinentes \u00e0 sua atua\u00e7\u00e3o, tais como OHSAS 18001, ISO 9001 e ISO 14001. A ALFATERM Ind\u00fastria e Com\u00e9rcio Ltda. cumpre demandas em toda a Am\u00e9rica Latina e tamb\u00e9m em todos os pa\u00edses da Am\u00e9rica Central, sempre com qualidade, efici\u00eancia e preocupa\u00e7\u00e3o com os impactos desempenhados pela empresa, em particular, no meio ambiente.<\/p>\n\n\n\n<h2 class=\"wp-block-heading\">Para saber mais sobre Assist\u00eancia t\u00e9cnica em torres de resfriar<\/h2>\n\n\n\n<p>Ligue para&nbsp;<strong>11 4156-8930<\/strong>&nbsp;ou&nbsp;<a href=\"https:\/\/www.alfaterm.com.br\/es\/contacto\/\">clique aqui<\/a>&nbsp;e entre em contato por email.<\/p>","protected":false},"excerpt":{"rendered":"<p>A torre de resfriamento tamb\u00e9m \u00e9 conhecida como&nbsp;torre de arrefecimento&nbsp;ou refrigera\u00e7\u00e3o. Para determinar a constitui\u00e7\u00e3o do produto, os&nbsp;fabricantes de torres de resfriamento&nbsp;investem em pesquisas acerca das melhores mat\u00e9rias-primas para empregar no planejamento e posterior confec\u00e7\u00e3o do produto. Assim, a estrutura desenvolvida pelos melhores&nbsp;fabricantes de torres de resfriamento&nbsp;englobam op\u00e7\u00f5es em materiais. Considerando que cada cliente precisa [&hellip;]<\/p>","protected":false},"author":1,"featured_media":2225,"parent":2144,"menu_order":0,"comment_status":"closed","ping_status":"closed","template":"","meta":{"_acf_changed":false,"_joinchat":[],"footnotes":""},"class_list":["post-2216","page","type-page","status-publish","has-post-thumbnail","hentry"],"acf":[],"yoast_head":"<!-- This site is optimized with the Yoast SEO Premium plugin v23.4 (Yoast SEO v27.1.1) - https:\/\/yoast.com\/product\/yoast-seo-premium-wordpress\/ -->\n<title>Fabricantes de torres de resfriamento - Bem-vindo \u00e0 ALFATERM<\/title>\n<meta name=\"robots\" content=\"index, follow, max-snippet:-1, max-image-preview:large, max-video-preview:-1\" \/>\n<link rel=\"canonical\" href=\"https:\/\/www.alfaterm.com.br\/es\/informacoes\/fabricantes-torres-resfriamento\/\" \/>\n<meta property=\"og:locale\" content=\"es_ES\" \/>\n<meta property=\"og:type\" content=\"article\" \/>\n<meta property=\"og:title\" content=\"Fabricantes de torres de resfriamento\" \/>\n<meta property=\"og:description\" content=\"A torre de resfriamento tamb\u00e9m \u00e9 conhecida como&nbsp;torre de arrefecimento&nbsp;ou refrigera\u00e7\u00e3o. Para determinar a constitui\u00e7\u00e3o do produto, os&nbsp;fabricantes de torres de resfriamento&nbsp;investem em pesquisas acerca das melhores mat\u00e9rias-primas para empregar no planejamento e posterior confec\u00e7\u00e3o do produto. Assim, a estrutura desenvolvida pelos melhores&nbsp;fabricantes de torres de resfriamento&nbsp;englobam op\u00e7\u00f5es em materiais. Considerando que cada cliente precisa [&hellip;]\" \/>\n<meta property=\"og:url\" content=\"https:\/\/www.alfaterm.com.br\/es\/informacoes\/fabricantes-torres-resfriamento\/\" \/>\n<meta property=\"og:site_name\" content=\"Bem-vindo \u00e0 ALFATERM\" \/>\n<meta property=\"article:modified_time\" content=\"2024-09-08T14:21:23+00:00\" \/>\n<meta property=\"og:image\" content=\"https:\/\/www.alfaterm.com.br\/wp-content\/uploads\/2024\/09\/fabrica-torre-resfriamento.webp\" \/>\n\t<meta property=\"og:image:width\" content=\"699\" \/>\n\t<meta property=\"og:image:height\" content=\"625\" \/>\n\t<meta property=\"og:image:type\" content=\"image\/webp\" \/>\n<meta name=\"twitter:card\" content=\"summary_large_image\" \/>\n<meta name=\"twitter:label1\" content=\"Tiempo de lectura\" \/>\n\t<meta name=\"twitter:data1\" content=\"2 minutos\" \/>\n<script type=\"application\/ld+json\" class=\"yoast-schema-graph\">{\"@context\":\"https:\/\/schema.org\",\"@graph\":[{\"@type\":\"WebPage\",\"@id\":\"https:\/\/www.alfaterm.com.br\/informacoes\/fabricantes-torres-resfriamento\/\",\"url\":\"https:\/\/www.alfaterm.com.br\/informacoes\/fabricantes-torres-resfriamento\/\",\"name\":\"Fabricantes de torres de resfriamento - Bem-vindo \u00e0 ALFATERM\",\"isPartOf\":{\"@id\":\"https:\/\/www.alfaterm.com.br\/#website\"},\"primaryImageOfPage\":{\"@id\":\"https:\/\/www.alfaterm.com.br\/informacoes\/fabricantes-torres-resfriamento\/#primaryimage\"},\"image\":{\"@id\":\"https:\/\/www.alfaterm.com.br\/informacoes\/fabricantes-torres-resfriamento\/#primaryimage\"},\"thumbnailUrl\":\"https:\/\/www.alfaterm.com.br\/wp-content\/uploads\/2024\/09\/fabrica-torre-resfriamento.webp\",\"datePublished\":\"2024-09-02T10:57:38+00:00\",\"dateModified\":\"2024-09-08T14:21:23+00:00\",\"breadcrumb\":{\"@id\":\"https:\/\/www.alfaterm.com.br\/informacoes\/fabricantes-torres-resfriamento\/#breadcrumb\"},\"inLanguage\":\"es\",\"potentialAction\":[{\"@type\":\"ReadAction\",\"target\":[\"https:\/\/www.alfaterm.com.br\/informacoes\/fabricantes-torres-resfriamento\/\"]}]},{\"@type\":\"ImageObject\",\"inLanguage\":\"es\",\"@id\":\"https:\/\/www.alfaterm.com.br\/informacoes\/fabricantes-torres-resfriamento\/#primaryimage\",\"url\":\"https:\/\/www.alfaterm.com.br\/wp-content\/uploads\/2024\/09\/fabrica-torre-resfriamento.webp\",\"contentUrl\":\"https:\/\/www.alfaterm.com.br\/wp-content\/uploads\/2024\/09\/fabrica-torre-resfriamento.webp\",\"width\":699,\"height\":625},{\"@type\":\"BreadcrumbList\",\"@id\":\"https:\/\/www.alfaterm.com.br\/informacoes\/fabricantes-torres-resfriamento\/#breadcrumb\",\"itemListElement\":[{\"@type\":\"ListItem\",\"position\":1,\"name\":\"Home\",\"item\":\"https:\/\/www.alfaterm.com.br\/\"},{\"@type\":\"ListItem\",\"position\":2,\"name\":\"Informa\u00e7\u00f5es\",\"item\":\"https:\/\/www.alfaterm.com.br\/informacoes\/\"},{\"@type\":\"ListItem\",\"position\":3,\"name\":\"Fabricantes de torres de resfriamento\"}]},{\"@type\":\"WebSite\",\"@id\":\"https:\/\/www.alfaterm.com.br\/#website\",\"url\":\"https:\/\/www.alfaterm.com.br\/\",\"name\":\"Bem-vindo \u00e0 ALFATERM\",\"description\":\"\",\"publisher\":{\"@id\":\"https:\/\/www.alfaterm.com.br\/#organization\"},\"potentialAction\":[{\"@type\":\"SearchAction\",\"target\":{\"@type\":\"EntryPoint\",\"urlTemplate\":\"https:\/\/www.alfaterm.com.br\/?s={search_term_string}\"},\"query-input\":{\"@type\":\"PropertyValueSpecification\",\"valueRequired\":true,\"valueName\":\"search_term_string\"}}],\"inLanguage\":\"es\"},{\"@type\":\"Organization\",\"@id\":\"https:\/\/www.alfaterm.com.br\/#organization\",\"name\":\"Bem-vindo \u00e0 ALFATERM\",\"url\":\"https:\/\/www.alfaterm.com.br\/\",\"logo\":{\"@type\":\"ImageObject\",\"inLanguage\":\"es\",\"@id\":\"https:\/\/www.alfaterm.com.br\/#\/schema\/logo\/image\/\",\"url\":\"https:\/\/www.alfaterm.com.br\/wp-content\/uploads\/2024\/07\/logo-alfaterm.png\",\"contentUrl\":\"https:\/\/www.alfaterm.com.br\/wp-content\/uploads\/2024\/07\/logo-alfaterm.png\",\"width\":393,\"height\":45,\"caption\":\"Bem-vindo \u00e0 ALFATERM\"},\"image\":{\"@id\":\"https:\/\/www.alfaterm.com.br\/#\/schema\/logo\/image\/\"}}]}<\/script>\n<!-- \/ Yoast SEO Premium plugin. -->","yoast_head_json":{"title":"Fabricantes de torres de resfriamento - Bem-vindo \u00e0 ALFATERM","robots":{"index":"index","follow":"follow","max-snippet":"max-snippet:-1","max-image-preview":"max-image-preview:large","max-video-preview":"max-video-preview:-1"},"canonical":"https:\/\/www.alfaterm.com.br\/es\/informacoes\/fabricantes-torres-resfriamento\/","og_locale":"es_ES","og_type":"article","og_title":"Fabricantes de torres de resfriamento","og_description":"A torre de resfriamento tamb\u00e9m \u00e9 conhecida como&nbsp;torre de arrefecimento&nbsp;ou refrigera\u00e7\u00e3o. Para determinar a constitui\u00e7\u00e3o do produto, os&nbsp;fabricantes de torres de resfriamento&nbsp;investem em pesquisas acerca das melhores mat\u00e9rias-primas para empregar no planejamento e posterior confec\u00e7\u00e3o do produto. Assim, a estrutura desenvolvida pelos melhores&nbsp;fabricantes de torres de resfriamento&nbsp;englobam op\u00e7\u00f5es em materiais. Considerando que cada cliente precisa [&hellip;]","og_url":"https:\/\/www.alfaterm.com.br\/es\/informacoes\/fabricantes-torres-resfriamento\/","og_site_name":"Bem-vindo \u00e0 ALFATERM","article_modified_time":"2024-09-08T14:21:23+00:00","og_image":[{"width":699,"height":625,"url":"https:\/\/www.alfaterm.com.br\/wp-content\/uploads\/2024\/09\/fabrica-torre-resfriamento.webp","type":"image\/webp"}],"twitter_card":"summary_large_image","twitter_misc":{"Tiempo de lectura":"2 minutos"},"schema":{"@context":"https:\/\/schema.org","@graph":[{"@type":"WebPage","@id":"https:\/\/www.alfaterm.com.br\/informacoes\/fabricantes-torres-resfriamento\/","url":"https:\/\/www.alfaterm.com.br\/informacoes\/fabricantes-torres-resfriamento\/","name":"Fabricantes de torres de resfriamento - Bem-vindo \u00e0 ALFATERM","isPartOf":{"@id":"https:\/\/www.alfaterm.com.br\/#website"},"primaryImageOfPage":{"@id":"https:\/\/www.alfaterm.com.br\/informacoes\/fabricantes-torres-resfriamento\/#primaryimage"},"image":{"@id":"https:\/\/www.alfaterm.com.br\/informacoes\/fabricantes-torres-resfriamento\/#primaryimage"},"thumbnailUrl":"https:\/\/www.alfaterm.com.br\/wp-content\/uploads\/2024\/09\/fabrica-torre-resfriamento.webp","datePublished":"2024-09-02T10:57:38+00:00","dateModified":"2024-09-08T14:21:23+00:00","breadcrumb":{"@id":"https:\/\/www.alfaterm.com.br\/informacoes\/fabricantes-torres-resfriamento\/#breadcrumb"},"inLanguage":"es","potentialAction":[{"@type":"ReadAction","target":["https:\/\/www.alfaterm.com.br\/informacoes\/fabricantes-torres-resfriamento\/"]}]},{"@type":"ImageObject","inLanguage":"es","@id":"https:\/\/www.alfaterm.com.br\/informacoes\/fabricantes-torres-resfriamento\/#primaryimage","url":"https:\/\/www.alfaterm.com.br\/wp-content\/uploads\/2024\/09\/fabrica-torre-resfriamento.webp","contentUrl":"https:\/\/www.alfaterm.com.br\/wp-content\/uploads\/2024\/09\/fabrica-torre-resfriamento.webp","width":699,"height":625},{"@type":"BreadcrumbList","@id":"https:\/\/www.alfaterm.com.br\/informacoes\/fabricantes-torres-resfriamento\/#breadcrumb","itemListElement":[{"@type":"ListItem","position":1,"name":"Home","item":"https:\/\/www.alfaterm.com.br\/"},{"@type":"ListItem","position":2,"name":"Informa\u00e7\u00f5es","item":"https:\/\/www.alfaterm.com.br\/informacoes\/"},{"@type":"ListItem","position":3,"name":"Fabricantes de torres de resfriamento"}]},{"@type":"WebSite","@id":"https:\/\/www.alfaterm.com.br\/#website","url":"https:\/\/www.alfaterm.com.br\/","name":"Bem-vindo \u00e0 ALFATERM","description":"","publisher":{"@id":"https:\/\/www.alfaterm.com.br\/#organization"},"potentialAction":[{"@type":"SearchAction","target":{"@type":"EntryPoint","urlTemplate":"https:\/\/www.alfaterm.com.br\/?s={search_term_string}"},"query-input":{"@type":"PropertyValueSpecification","valueRequired":true,"valueName":"search_term_string"}}],"inLanguage":"es"},{"@type":"Organization","@id":"https:\/\/www.alfaterm.com.br\/#organization","name":"Bem-vindo \u00e0 ALFATERM","url":"https:\/\/www.alfaterm.com.br\/","logo":{"@type":"ImageObject","inLanguage":"es","@id":"https:\/\/www.alfaterm.com.br\/#\/schema\/logo\/image\/","url":"https:\/\/www.alfaterm.com.br\/wp-content\/uploads\/2024\/07\/logo-alfaterm.png","contentUrl":"https:\/\/www.alfaterm.com.br\/wp-content\/uploads\/2024\/07\/logo-alfaterm.png","width":393,"height":45,"caption":"Bem-vindo \u00e0 ALFATERM"},"image":{"@id":"https:\/\/www.alfaterm.com.br\/#\/schema\/logo\/image\/"}}]}},"_links":{"self":[{"href":"https:\/\/www.alfaterm.com.br\/es\/wp-json\/wp\/v2\/pages\/2216","targetHints":{"allow":["GET"]}}],"collection":[{"href":"https:\/\/www.alfaterm.com.br\/es\/wp-json\/wp\/v2\/pages"}],"about":[{"href":"https:\/\/www.alfaterm.com.br\/es\/wp-json\/wp\/v2\/types\/page"}],"author":[{"embeddable":true,"href":"https:\/\/www.alfaterm.com.br\/es\/wp-json\/wp\/v2\/users\/1"}],"replies":[{"embeddable":true,"href":"https:\/\/www.alfaterm.com.br\/es\/wp-json\/wp\/v2\/comments?post=2216"}],"version-history":[{"count":0,"href":"https:\/\/www.alfaterm.com.br\/es\/wp-json\/wp\/v2\/pages\/2216\/revisions"}],"up":[{"embeddable":true,"href":"https:\/\/www.alfaterm.com.br\/es\/wp-json\/wp\/v2\/pages\/2144"}],"wp:featuredmedia":[{"embeddable":true,"href":"https:\/\/www.alfaterm.com.br\/es\/wp-json\/wp\/v2\/media\/2225"}],"wp:attachment":[{"href":"https:\/\/www.alfaterm.com.br\/es\/wp-json\/wp\/v2\/media?parent=2216"}],"curies":[{"name":"wp","href":"https:\/\/api.w.org\/{rel}","templated":true}]}}