{"id":2213,"date":"2024-09-02T07:56:18","date_gmt":"2024-09-02T10:56:18","guid":{"rendered":"https:\/\/www.alfaterm.com.br\/?page_id=2213"},"modified":"2024-09-08T11:20:46","modified_gmt":"2024-09-08T14:20:46","slug":"conserto-torre-resfriamento","status":"publish","type":"page","link":"https:\/\/www.alfaterm.com.br\/es\/informacoes\/conserto-torre-resfriamento\/","title":{"rendered":"Conserto de torre de resfriamento"},"content":{"rendered":"<p>O&nbsp;conserto de torre de resfriamento&nbsp;\u00e9 um servi\u00e7o especializado oferecido por empresas do setor. Fabricantes e prestadores de servi\u00e7os com foco na \u00e1rea de dissipa\u00e7\u00e3o t\u00e9rmica por evapora\u00e7\u00e3o oferecem solu\u00e7\u00f5es completas em manuten\u00e7\u00e3o e assist\u00eancia t\u00e9cnica de torres de resfriamento de v\u00e1rios tipos.<\/p>\n\n\n\n<p>No mercado, h\u00e1 torres do tipo contra corrente, com ventila\u00e7\u00e3o induzida ou for\u00e7ada, corrente cruzada, entre outras varia\u00e7\u00f5es que exigem m\u00e3o de obra qualificada para a realiza\u00e7\u00e3o de reparos. Uma torre de resfriamento em perfeito funcionamento deve remover o calor residual de fluidos industriais com efici\u00eancia, de acordo com as necessidades da empresa.<\/p>\n\n\n\n<h2 class=\"wp-block-heading\">COMO FUNCIONA O SERVI\u00c7O DE CONSERTO DE TORRE DE RESFRIAMENTO<\/h2>\n\n\n\n<p>O servi\u00e7o de&nbsp;conserto de torre de resfriamento&nbsp;\u00e9 oferecido por empresas com ampla experi\u00eancia no setor. Esses fabricantes e prestadores de servi\u00e7os possuem infraestrutura robusta, profissionais competentes e equipamentos de alta tecnologia para realizar manuten\u00e7\u00f5es preventivas e corretivas.<\/p>\n\n\n\n<p>A manuten\u00e7\u00e3o preventivas \u00e9 sempre a melhor op\u00e7\u00e3o, pois antecipa poss\u00edveis falhas e monitora o funcionamento do equipamento para garantir seu desempenho m\u00e1ximo. Em caso de danos e anormalidades, a manuten\u00e7\u00e3o corretiva deve ser executada para recuperar a torre.<\/p>\n\n\n\n<h2 class=\"wp-block-heading\">BENEF\u00cdCIOS EM REALIZAR O CONSERTO DE TORRE DE RESFRIAMENTO<\/h2>\n\n\n\n<p>S\u00e3o muitos os benef\u00edcios em realizar o&nbsp;conserto de torre de resfriamento&nbsp;com empresas especializadas. As torres de resfriamento de \u00e1gua s\u00e3o estruturas com custo inicial bastante significativo, por isso a melhor forma de proteger o investimento no equipamento \u00e9 realizar a manuten\u00e7\u00e3o peri\u00f3dica de acordo com as instru\u00e7\u00f5es do fabricante.<\/p>\n\n\n\n<p>Por meio da manuten\u00e7\u00e3o corretiva \u00e9 poss\u00edvel substituir componentes desgastados, antecipar poss\u00edveis falhas e manter a torre em pleno funcionamento. Em caso de falhas, a manuten\u00e7\u00e3o corretiva deve ser acionada o mais r\u00e1pido poss\u00edvel para n\u00e3o comprometer a produ\u00e7\u00e3o com a paralisa\u00e7\u00e3o do equipamento.<\/p>\n\n\n\n<h2 class=\"wp-block-heading\">ALFATERM IND\u00daSTRIA E COM\u00c9RCIO LTDA.: CONSERTO DE TORRE DE RESFRIAMENTO DE CONFIAN\u00c7A<\/h2>\n\n\n\n<p>A ALFATERM Ind\u00fastria e Com\u00e9rcio Ltda. \u00e9 uma tradicional empresa especializada em dissipa\u00e7\u00e3o t\u00e9rmica que oferece&nbsp;conserto de torre de resfriamento&nbsp;de confian\u00e7a. A empresa se destaca pela excel\u00eancia em fabrica\u00e7\u00e3o, instala\u00e7\u00e3o e manuten\u00e7\u00e3o preventiva e corretiva de torres de resfriamento de \u00e1gua.<\/p>\n\n\n\n<p>Alguns de seus pontos fortes s\u00e3o a vasta experi\u00eancia, investimento cont\u00ednuo em pesquisa e desenvolvimento e flexibilidade na linha de produ\u00e7\u00e3o. Al\u00e9m disso, a empresa utiliza mat\u00e9ria-prima de alt\u00edssima qualidade, desenvolve solu\u00e7\u00f5es sob medida e oferece contato personalizado para todos os clientes.<\/p>\n\n\n\n<h2 class=\"wp-block-heading\">Para saber mais sobre Assist\u00eancia t\u00e9cnica em torres de resfriar<\/h2>\n\n\n\n<p>Ligue para&nbsp;<strong>11 4156-8930<\/strong>&nbsp;ou&nbsp;<a href=\"https:\/\/www.alfaterm.com.br\/es\/contacto\/\">clique aqui<\/a>&nbsp;e entre em contato por email.<\/p>","protected":false},"excerpt":{"rendered":"<p>O&nbsp;conserto de torre de resfriamento&nbsp;\u00e9 um servi\u00e7o especializado oferecido por empresas do setor. Fabricantes e prestadores de servi\u00e7os com foco na \u00e1rea de dissipa\u00e7\u00e3o t\u00e9rmica por evapora\u00e7\u00e3o oferecem solu\u00e7\u00f5es completas em manuten\u00e7\u00e3o e assist\u00eancia t\u00e9cnica de torres de resfriamento de v\u00e1rios tipos. No mercado, h\u00e1 torres do tipo contra corrente, com ventila\u00e7\u00e3o induzida ou for\u00e7ada, [&hellip;]<\/p>","protected":false},"author":1,"featured_media":2228,"parent":2144,"menu_order":0,"comment_status":"closed","ping_status":"closed","template":"","meta":{"_acf_changed":false,"_joinchat":[],"footnotes":""},"class_list":["post-2213","page","type-page","status-publish","has-post-thumbnail","hentry"],"acf":[],"yoast_head":"<!-- This site is optimized with the Yoast SEO Premium plugin v23.4 (Yoast SEO v27.1.1) - https:\/\/yoast.com\/product\/yoast-seo-premium-wordpress\/ -->\n<title>Conserto de torre de resfriamento - Bem-vindo \u00e0 ALFATERM<\/title>\n<meta name=\"robots\" content=\"index, follow, max-snippet:-1, max-image-preview:large, max-video-preview:-1\" \/>\n<link rel=\"canonical\" href=\"https:\/\/www.alfaterm.com.br\/es\/informacoes\/conserto-torre-resfriamento\/\" \/>\n<meta property=\"og:locale\" content=\"es_ES\" \/>\n<meta property=\"og:type\" content=\"article\" \/>\n<meta property=\"og:title\" content=\"Conserto de torre de resfriamento\" \/>\n<meta property=\"og:description\" content=\"O&nbsp;conserto de torre de resfriamento&nbsp;\u00e9 um servi\u00e7o especializado oferecido por empresas do setor. Fabricantes e prestadores de servi\u00e7os com foco na \u00e1rea de dissipa\u00e7\u00e3o t\u00e9rmica por evapora\u00e7\u00e3o oferecem solu\u00e7\u00f5es completas em manuten\u00e7\u00e3o e assist\u00eancia t\u00e9cnica de torres de resfriamento de v\u00e1rios tipos. No mercado, h\u00e1 torres do tipo contra corrente, com ventila\u00e7\u00e3o induzida ou for\u00e7ada, [&hellip;]\" \/>\n<meta property=\"og:url\" content=\"https:\/\/www.alfaterm.com.br\/es\/informacoes\/conserto-torre-resfriamento\/\" \/>\n<meta property=\"og:site_name\" content=\"Bem-vindo \u00e0 ALFATERM\" \/>\n<meta property=\"article:modified_time\" content=\"2024-09-08T14:20:46+00:00\" \/>\n<meta property=\"og:image\" content=\"https:\/\/www.alfaterm.com.br\/wp-content\/uploads\/2024\/09\/conserto-torre-resfriamento.webp\" \/>\n\t<meta property=\"og:image:width\" content=\"800\" \/>\n\t<meta property=\"og:image:height\" content=\"1200\" \/>\n\t<meta property=\"og:image:type\" content=\"image\/webp\" \/>\n<meta name=\"twitter:card\" content=\"summary_large_image\" \/>\n<meta name=\"twitter:label1\" content=\"Tiempo de lectura\" \/>\n\t<meta name=\"twitter:data1\" content=\"2 minutos\" \/>\n<script type=\"application\/ld+json\" class=\"yoast-schema-graph\">{\"@context\":\"https:\/\/schema.org\",\"@graph\":[{\"@type\":\"WebPage\",\"@id\":\"https:\/\/www.alfaterm.com.br\/informacoes\/conserto-torre-resfriamento\/\",\"url\":\"https:\/\/www.alfaterm.com.br\/informacoes\/conserto-torre-resfriamento\/\",\"name\":\"Conserto de torre de resfriamento - Bem-vindo \u00e0 ALFATERM\",\"isPartOf\":{\"@id\":\"https:\/\/www.alfaterm.com.br\/#website\"},\"primaryImageOfPage\":{\"@id\":\"https:\/\/www.alfaterm.com.br\/informacoes\/conserto-torre-resfriamento\/#primaryimage\"},\"image\":{\"@id\":\"https:\/\/www.alfaterm.com.br\/informacoes\/conserto-torre-resfriamento\/#primaryimage\"},\"thumbnailUrl\":\"https:\/\/www.alfaterm.com.br\/wp-content\/uploads\/2024\/09\/conserto-torre-resfriamento.webp\",\"datePublished\":\"2024-09-02T10:56:18+00:00\",\"dateModified\":\"2024-09-08T14:20:46+00:00\",\"breadcrumb\":{\"@id\":\"https:\/\/www.alfaterm.com.br\/informacoes\/conserto-torre-resfriamento\/#breadcrumb\"},\"inLanguage\":\"es\",\"potentialAction\":[{\"@type\":\"ReadAction\",\"target\":[\"https:\/\/www.alfaterm.com.br\/informacoes\/conserto-torre-resfriamento\/\"]}]},{\"@type\":\"ImageObject\",\"inLanguage\":\"es\",\"@id\":\"https:\/\/www.alfaterm.com.br\/informacoes\/conserto-torre-resfriamento\/#primaryimage\",\"url\":\"https:\/\/www.alfaterm.com.br\/wp-content\/uploads\/2024\/09\/conserto-torre-resfriamento.webp\",\"contentUrl\":\"https:\/\/www.alfaterm.com.br\/wp-content\/uploads\/2024\/09\/conserto-torre-resfriamento.webp\",\"width\":800,\"height\":1200},{\"@type\":\"BreadcrumbList\",\"@id\":\"https:\/\/www.alfaterm.com.br\/informacoes\/conserto-torre-resfriamento\/#breadcrumb\",\"itemListElement\":[{\"@type\":\"ListItem\",\"position\":1,\"name\":\"Home\",\"item\":\"https:\/\/www.alfaterm.com.br\/\"},{\"@type\":\"ListItem\",\"position\":2,\"name\":\"Informa\u00e7\u00f5es\",\"item\":\"https:\/\/www.alfaterm.com.br\/informacoes\/\"},{\"@type\":\"ListItem\",\"position\":3,\"name\":\"Conserto de torre de resfriamento\"}]},{\"@type\":\"WebSite\",\"@id\":\"https:\/\/www.alfaterm.com.br\/#website\",\"url\":\"https:\/\/www.alfaterm.com.br\/\",\"name\":\"Bem-vindo \u00e0 ALFATERM\",\"description\":\"\",\"publisher\":{\"@id\":\"https:\/\/www.alfaterm.com.br\/#organization\"},\"potentialAction\":[{\"@type\":\"SearchAction\",\"target\":{\"@type\":\"EntryPoint\",\"urlTemplate\":\"https:\/\/www.alfaterm.com.br\/?s={search_term_string}\"},\"query-input\":{\"@type\":\"PropertyValueSpecification\",\"valueRequired\":true,\"valueName\":\"search_term_string\"}}],\"inLanguage\":\"es\"},{\"@type\":\"Organization\",\"@id\":\"https:\/\/www.alfaterm.com.br\/#organization\",\"name\":\"Bem-vindo \u00e0 ALFATERM\",\"url\":\"https:\/\/www.alfaterm.com.br\/\",\"logo\":{\"@type\":\"ImageObject\",\"inLanguage\":\"es\",\"@id\":\"https:\/\/www.alfaterm.com.br\/#\/schema\/logo\/image\/\",\"url\":\"https:\/\/www.alfaterm.com.br\/wp-content\/uploads\/2024\/07\/logo-alfaterm.png\",\"contentUrl\":\"https:\/\/www.alfaterm.com.br\/wp-content\/uploads\/2024\/07\/logo-alfaterm.png\",\"width\":393,\"height\":45,\"caption\":\"Bem-vindo \u00e0 ALFATERM\"},\"image\":{\"@id\":\"https:\/\/www.alfaterm.com.br\/#\/schema\/logo\/image\/\"}}]}<\/script>\n<!-- \/ Yoast SEO Premium plugin. -->","yoast_head_json":{"title":"Conserto de torre de resfriamento - Bem-vindo \u00e0 ALFATERM","robots":{"index":"index","follow":"follow","max-snippet":"max-snippet:-1","max-image-preview":"max-image-preview:large","max-video-preview":"max-video-preview:-1"},"canonical":"https:\/\/www.alfaterm.com.br\/es\/informacoes\/conserto-torre-resfriamento\/","og_locale":"es_ES","og_type":"article","og_title":"Conserto de torre de resfriamento","og_description":"O&nbsp;conserto de torre de resfriamento&nbsp;\u00e9 um servi\u00e7o especializado oferecido por empresas do setor. Fabricantes e prestadores de servi\u00e7os com foco na \u00e1rea de dissipa\u00e7\u00e3o t\u00e9rmica por evapora\u00e7\u00e3o oferecem solu\u00e7\u00f5es completas em manuten\u00e7\u00e3o e assist\u00eancia t\u00e9cnica de torres de resfriamento de v\u00e1rios tipos. No mercado, h\u00e1 torres do tipo contra corrente, com ventila\u00e7\u00e3o induzida ou for\u00e7ada, [&hellip;]","og_url":"https:\/\/www.alfaterm.com.br\/es\/informacoes\/conserto-torre-resfriamento\/","og_site_name":"Bem-vindo \u00e0 ALFATERM","article_modified_time":"2024-09-08T14:20:46+00:00","og_image":[{"width":800,"height":1200,"url":"https:\/\/www.alfaterm.com.br\/wp-content\/uploads\/2024\/09\/conserto-torre-resfriamento.webp","type":"image\/webp"}],"twitter_card":"summary_large_image","twitter_misc":{"Tiempo de lectura":"2 minutos"},"schema":{"@context":"https:\/\/schema.org","@graph":[{"@type":"WebPage","@id":"https:\/\/www.alfaterm.com.br\/informacoes\/conserto-torre-resfriamento\/","url":"https:\/\/www.alfaterm.com.br\/informacoes\/conserto-torre-resfriamento\/","name":"Conserto de torre de resfriamento - Bem-vindo \u00e0 ALFATERM","isPartOf":{"@id":"https:\/\/www.alfaterm.com.br\/#website"},"primaryImageOfPage":{"@id":"https:\/\/www.alfaterm.com.br\/informacoes\/conserto-torre-resfriamento\/#primaryimage"},"image":{"@id":"https:\/\/www.alfaterm.com.br\/informacoes\/conserto-torre-resfriamento\/#primaryimage"},"thumbnailUrl":"https:\/\/www.alfaterm.com.br\/wp-content\/uploads\/2024\/09\/conserto-torre-resfriamento.webp","datePublished":"2024-09-02T10:56:18+00:00","dateModified":"2024-09-08T14:20:46+00:00","breadcrumb":{"@id":"https:\/\/www.alfaterm.com.br\/informacoes\/conserto-torre-resfriamento\/#breadcrumb"},"inLanguage":"es","potentialAction":[{"@type":"ReadAction","target":["https:\/\/www.alfaterm.com.br\/informacoes\/conserto-torre-resfriamento\/"]}]},{"@type":"ImageObject","inLanguage":"es","@id":"https:\/\/www.alfaterm.com.br\/informacoes\/conserto-torre-resfriamento\/#primaryimage","url":"https:\/\/www.alfaterm.com.br\/wp-content\/uploads\/2024\/09\/conserto-torre-resfriamento.webp","contentUrl":"https:\/\/www.alfaterm.com.br\/wp-content\/uploads\/2024\/09\/conserto-torre-resfriamento.webp","width":800,"height":1200},{"@type":"BreadcrumbList","@id":"https:\/\/www.alfaterm.com.br\/informacoes\/conserto-torre-resfriamento\/#breadcrumb","itemListElement":[{"@type":"ListItem","position":1,"name":"Home","item":"https:\/\/www.alfaterm.com.br\/"},{"@type":"ListItem","position":2,"name":"Informa\u00e7\u00f5es","item":"https:\/\/www.alfaterm.com.br\/informacoes\/"},{"@type":"ListItem","position":3,"name":"Conserto de torre de resfriamento"}]},{"@type":"WebSite","@id":"https:\/\/www.alfaterm.com.br\/#website","url":"https:\/\/www.alfaterm.com.br\/","name":"Bem-vindo \u00e0 ALFATERM","description":"","publisher":{"@id":"https:\/\/www.alfaterm.com.br\/#organization"},"potentialAction":[{"@type":"SearchAction","target":{"@type":"EntryPoint","urlTemplate":"https:\/\/www.alfaterm.com.br\/?s={search_term_string}"},"query-input":{"@type":"PropertyValueSpecification","valueRequired":true,"valueName":"search_term_string"}}],"inLanguage":"es"},{"@type":"Organization","@id":"https:\/\/www.alfaterm.com.br\/#organization","name":"Bem-vindo \u00e0 ALFATERM","url":"https:\/\/www.alfaterm.com.br\/","logo":{"@type":"ImageObject","inLanguage":"es","@id":"https:\/\/www.alfaterm.com.br\/#\/schema\/logo\/image\/","url":"https:\/\/www.alfaterm.com.br\/wp-content\/uploads\/2024\/07\/logo-alfaterm.png","contentUrl":"https:\/\/www.alfaterm.com.br\/wp-content\/uploads\/2024\/07\/logo-alfaterm.png","width":393,"height":45,"caption":"Bem-vindo \u00e0 ALFATERM"},"image":{"@id":"https:\/\/www.alfaterm.com.br\/#\/schema\/logo\/image\/"}}]}},"_links":{"self":[{"href":"https:\/\/www.alfaterm.com.br\/es\/wp-json\/wp\/v2\/pages\/2213","targetHints":{"allow":["GET"]}}],"collection":[{"href":"https:\/\/www.alfaterm.com.br\/es\/wp-json\/wp\/v2\/pages"}],"about":[{"href":"https:\/\/www.alfaterm.com.br\/es\/wp-json\/wp\/v2\/types\/page"}],"author":[{"embeddable":true,"href":"https:\/\/www.alfaterm.com.br\/es\/wp-json\/wp\/v2\/users\/1"}],"replies":[{"embeddable":true,"href":"https:\/\/www.alfaterm.com.br\/es\/wp-json\/wp\/v2\/comments?post=2213"}],"version-history":[{"count":0,"href":"https:\/\/www.alfaterm.com.br\/es\/wp-json\/wp\/v2\/pages\/2213\/revisions"}],"up":[{"embeddable":true,"href":"https:\/\/www.alfaterm.com.br\/es\/wp-json\/wp\/v2\/pages\/2144"}],"wp:featuredmedia":[{"embeddable":true,"href":"https:\/\/www.alfaterm.com.br\/es\/wp-json\/wp\/v2\/media\/2228"}],"wp:attachment":[{"href":"https:\/\/www.alfaterm.com.br\/es\/wp-json\/wp\/v2\/media?parent=2213"}],"curies":[{"name":"wp","href":"https:\/\/api.w.org\/{rel}","templated":true}]}}