{"id":2197,"date":"2024-09-02T07:45:54","date_gmt":"2024-09-02T10:45:54","guid":{"rendered":"https:\/\/www.alfaterm.com.br\/?page_id=2197"},"modified":"2024-09-02T07:51:43","modified_gmt":"2024-09-02T10:51:43","slug":"bico-aspersor-preco","status":"publish","type":"page","link":"https:\/\/www.alfaterm.com.br\/es\/informacoes\/bico-aspersor-preco\/","title":{"rendered":"Bico aspersor pre\u00e7o"},"content":{"rendered":"<p>As torres de resfriamento s\u00e3o desenvolvidas com in\u00fameros componentes que auxiliam no seu melhor desempenho. O bico aspersor, que \u00e9 um recurso de pulveriza\u00e7\u00e3o de \u00e1gua, \u00e9 uma das mais fundamentais pe\u00e7as da torre de resfriamento. O&nbsp;bico aspersor pre\u00e7o&nbsp;condizente com a sua import\u00e2ncia na dissipa\u00e7\u00e3o t\u00e9rmica pelo processo evaporativo.<\/p>\n\n\n\n<h2 class=\"wp-block-heading\">FUN\u00c7\u00c3O DO BICO ASPERSOR PRE\u00c7O JUSTO PARA TORRE DE RESFRIAMENTO<\/h2>\n\n\n\n<p>A fun\u00e7\u00e3o da torre de resfriamento \u00e9 refrigerar, de forma econ\u00f4mica e ecol\u00f3gica, a \u00e1gua que circula em processos industriais, esteja limpa ou carregada de outras subst\u00e2ncias. Muitos componentes s\u00e3o utilizados para a montagem de uma torre eficiente, tais como: ventiladores, eliminadores ou retentores de gota, enchimento de contato e o sistema de distribui\u00e7\u00e3o de \u00e1gua.<\/p>\n\n\n\n<p>O bico aspersor pertence ao sistema de distribui\u00e7\u00e3o e \u00e9 a pe\u00e7a respons\u00e1vel por pulverizar a \u00e1gua na torre. De acordo com o seu modelo, o bico aspersor atua de duas formas: por meio da gravidade ou da pressuriza\u00e7\u00e3o.<\/p>\n\n\n\n<p>Independentemente de sua atua\u00e7\u00e3o, o&nbsp;bico aspersor pre\u00e7o&nbsp;justo em rela\u00e7\u00e3o \u00e0 sua import\u00e2ncia no controle da vaz\u00e3o e da distribui\u00e7\u00e3o da \u00e1gua na torre de resfriamento, sendo uma pe\u00e7a que deve estar em \u00f3tima condi\u00e7\u00e3o para a plena refrigera\u00e7\u00e3o da \u00e1gua.<\/p>\n\n\n\n<h2 class=\"wp-block-heading\">COMPRAR BICO ASPERSOR PRE\u00c7O ACESS\u00cdVEL E BAIXA MANUTEN\u00c7\u00c3O<\/h2>\n\n\n\n<p>O&nbsp;bico aspersor pre\u00e7o&nbsp;justo diante do que representa para a torre de resfriamento. Por essa raz\u00e3o, \u00e9 indispens\u00e1vel adquirir um produto fabricado com mat\u00e9ria-prima de m\u00e1xima qualidade e com aplica\u00e7\u00e3o das mais modernas tecnologias.<\/p>\n\n\n\n<p>Outra grande vantagem do&nbsp;bico aspersor pre\u00e7o&nbsp;baixo \u00e9 sua reduzida demanda por manuten\u00e7\u00e3o. Usando o equipamento de forma adequada, sem sobrecargas ou com aplica\u00e7\u00e3o diferente da indicada e considerando a qualidade do produto, a pe\u00e7a tem longa vida \u00fatil.<\/p>\n\n\n\n<p>Entretanto, \u00e9 fundamental programar manuten\u00e7\u00f5es tanto do bico aspersor quanto dos outros componentes da torre de refrigera\u00e7\u00e3o, pois essa \u00e9 a forma mais barata e eficiente de prolongar a vida \u00fatil do produto, sem gerar paradas desnecess\u00e1rias durante o uso.<\/p>\n\n\n\n<h2 class=\"wp-block-heading\">ONDE ADQUIRIR BICO ASPERSOR PRE\u00c7O BOM E QUALIDADE SUPERIOR<\/h2>\n\n\n\n<p>Com mais de tr\u00eas d\u00e9cadas de atua\u00e7\u00e3o, a ALFATERM Ind\u00fastria e Com\u00e9rcio Ltda. \u00e9 especialista na fabrica\u00e7\u00e3o de torres de resfriamento de \u00e1gua, tamb\u00e9m prestando servi\u00e7os de manuten\u00e7\u00e3o e montagem destes produtos, com atendimento para Am\u00e9rica Latina e Am\u00e9rica Central.<\/p>\n\n\n\n<p>A ALFATERM Ind\u00fastria e Com\u00e9rcio Ltda. possui um surpreendente parque fabril e investe em tecnologia e m\u00e3o de obra capacitada para oferecer aos seus clientes as melhores e mais seguras solu\u00e7\u00f5es.<\/p>\n\n\n\n<h2 class=\"wp-block-heading\">Para saber mais sobre Assist\u00eancia t\u00e9cnica em torres de resfriar<\/h2>\n\n\n\n<p>Ligue para&nbsp;<strong>11 4156-8930<\/strong>&nbsp;ou&nbsp;<a href=\"https:\/\/www.alfaterm.com.br\/es\/contacto\/\">clique aqui<\/a>&nbsp;e entre em contato por email.<\/p>","protected":false},"excerpt":{"rendered":"<p>As torres de resfriamento s\u00e3o desenvolvidas com in\u00fameros componentes que auxiliam no seu melhor desempenho. O bico aspersor, que \u00e9 um recurso de pulveriza\u00e7\u00e3o de \u00e1gua, \u00e9 uma das mais fundamentais pe\u00e7as da torre de resfriamento. O&nbsp;bico aspersor pre\u00e7o&nbsp;condizente com a sua import\u00e2ncia na dissipa\u00e7\u00e3o t\u00e9rmica pelo processo evaporativo. FUN\u00c7\u00c3O DO BICO ASPERSOR PRE\u00c7O JUSTO [&hellip;]<\/p>","protected":false},"author":1,"featured_media":2202,"parent":2144,"menu_order":0,"comment_status":"closed","ping_status":"closed","template":"","meta":{"_acf_changed":false,"_joinchat":[],"footnotes":""},"class_list":["post-2197","page","type-page","status-publish","has-post-thumbnail","hentry"],"acf":[],"yoast_head":"<!-- This site is optimized with the Yoast SEO Premium plugin v23.4 (Yoast SEO v27.1.1) - https:\/\/yoast.com\/product\/yoast-seo-premium-wordpress\/ -->\n<title>Bico aspersor pre\u00e7o - Bem-vindo \u00e0 ALFATERM<\/title>\n<meta name=\"robots\" content=\"index, follow, max-snippet:-1, max-image-preview:large, max-video-preview:-1\" \/>\n<link rel=\"canonical\" href=\"https:\/\/www.alfaterm.com.br\/es\/informacoes\/bico-aspersor-preco\/\" \/>\n<meta property=\"og:locale\" content=\"es_ES\" \/>\n<meta property=\"og:type\" content=\"article\" \/>\n<meta property=\"og:title\" content=\"Bico aspersor pre\u00e7o\" \/>\n<meta property=\"og:description\" content=\"As torres de resfriamento s\u00e3o desenvolvidas com in\u00fameros componentes que auxiliam no seu melhor desempenho. O bico aspersor, que \u00e9 um recurso de pulveriza\u00e7\u00e3o de \u00e1gua, \u00e9 uma das mais fundamentais pe\u00e7as da torre de resfriamento. O&nbsp;bico aspersor pre\u00e7o&nbsp;condizente com a sua import\u00e2ncia na dissipa\u00e7\u00e3o t\u00e9rmica pelo processo evaporativo. FUN\u00c7\u00c3O DO BICO ASPERSOR PRE\u00c7O JUSTO [&hellip;]\" \/>\n<meta property=\"og:url\" content=\"https:\/\/www.alfaterm.com.br\/es\/informacoes\/bico-aspersor-preco\/\" \/>\n<meta property=\"og:site_name\" content=\"Bem-vindo \u00e0 ALFATERM\" \/>\n<meta property=\"article:modified_time\" content=\"2024-09-02T10:51:43+00:00\" \/>\n<meta property=\"og:image\" content=\"https:\/\/www.alfaterm.com.br\/wp-content\/uploads\/2024\/09\/bico-aspersor-torre-resfriamento.webp\" \/>\n\t<meta property=\"og:image:width\" content=\"1106\" \/>\n\t<meta property=\"og:image:height\" content=\"1500\" \/>\n\t<meta property=\"og:image:type\" content=\"image\/webp\" \/>\n<meta name=\"twitter:card\" content=\"summary_large_image\" \/>\n<meta name=\"twitter:label1\" content=\"Tiempo de lectura\" \/>\n\t<meta name=\"twitter:data1\" content=\"2 minutos\" \/>\n<script type=\"application\/ld+json\" class=\"yoast-schema-graph\">{\"@context\":\"https:\/\/schema.org\",\"@graph\":[{\"@type\":\"WebPage\",\"@id\":\"https:\/\/www.alfaterm.com.br\/informacoes\/bico-aspersor-preco\/\",\"url\":\"https:\/\/www.alfaterm.com.br\/informacoes\/bico-aspersor-preco\/\",\"name\":\"Bico aspersor pre\u00e7o - Bem-vindo \u00e0 ALFATERM\",\"isPartOf\":{\"@id\":\"https:\/\/www.alfaterm.com.br\/#website\"},\"primaryImageOfPage\":{\"@id\":\"https:\/\/www.alfaterm.com.br\/informacoes\/bico-aspersor-preco\/#primaryimage\"},\"image\":{\"@id\":\"https:\/\/www.alfaterm.com.br\/informacoes\/bico-aspersor-preco\/#primaryimage\"},\"thumbnailUrl\":\"https:\/\/www.alfaterm.com.br\/wp-content\/uploads\/2024\/09\/bico-aspersor-torre-resfriamento.webp\",\"datePublished\":\"2024-09-02T10:45:54+00:00\",\"dateModified\":\"2024-09-02T10:51:43+00:00\",\"breadcrumb\":{\"@id\":\"https:\/\/www.alfaterm.com.br\/informacoes\/bico-aspersor-preco\/#breadcrumb\"},\"inLanguage\":\"es\",\"potentialAction\":[{\"@type\":\"ReadAction\",\"target\":[\"https:\/\/www.alfaterm.com.br\/informacoes\/bico-aspersor-preco\/\"]}]},{\"@type\":\"ImageObject\",\"inLanguage\":\"es\",\"@id\":\"https:\/\/www.alfaterm.com.br\/informacoes\/bico-aspersor-preco\/#primaryimage\",\"url\":\"https:\/\/www.alfaterm.com.br\/wp-content\/uploads\/2024\/09\/bico-aspersor-torre-resfriamento.webp\",\"contentUrl\":\"https:\/\/www.alfaterm.com.br\/wp-content\/uploads\/2024\/09\/bico-aspersor-torre-resfriamento.webp\",\"width\":1106,\"height\":1500},{\"@type\":\"BreadcrumbList\",\"@id\":\"https:\/\/www.alfaterm.com.br\/informacoes\/bico-aspersor-preco\/#breadcrumb\",\"itemListElement\":[{\"@type\":\"ListItem\",\"position\":1,\"name\":\"Home\",\"item\":\"https:\/\/www.alfaterm.com.br\/\"},{\"@type\":\"ListItem\",\"position\":2,\"name\":\"Informa\u00e7\u00f5es\",\"item\":\"https:\/\/www.alfaterm.com.br\/informacoes\/\"},{\"@type\":\"ListItem\",\"position\":3,\"name\":\"Bico aspersor pre\u00e7o\"}]},{\"@type\":\"WebSite\",\"@id\":\"https:\/\/www.alfaterm.com.br\/#website\",\"url\":\"https:\/\/www.alfaterm.com.br\/\",\"name\":\"Bem-vindo \u00e0 ALFATERM\",\"description\":\"\",\"publisher\":{\"@id\":\"https:\/\/www.alfaterm.com.br\/#organization\"},\"potentialAction\":[{\"@type\":\"SearchAction\",\"target\":{\"@type\":\"EntryPoint\",\"urlTemplate\":\"https:\/\/www.alfaterm.com.br\/?s={search_term_string}\"},\"query-input\":{\"@type\":\"PropertyValueSpecification\",\"valueRequired\":true,\"valueName\":\"search_term_string\"}}],\"inLanguage\":\"es\"},{\"@type\":\"Organization\",\"@id\":\"https:\/\/www.alfaterm.com.br\/#organization\",\"name\":\"Bem-vindo \u00e0 ALFATERM\",\"url\":\"https:\/\/www.alfaterm.com.br\/\",\"logo\":{\"@type\":\"ImageObject\",\"inLanguage\":\"es\",\"@id\":\"https:\/\/www.alfaterm.com.br\/#\/schema\/logo\/image\/\",\"url\":\"https:\/\/www.alfaterm.com.br\/wp-content\/uploads\/2024\/07\/logo-alfaterm.png\",\"contentUrl\":\"https:\/\/www.alfaterm.com.br\/wp-content\/uploads\/2024\/07\/logo-alfaterm.png\",\"width\":393,\"height\":45,\"caption\":\"Bem-vindo \u00e0 ALFATERM\"},\"image\":{\"@id\":\"https:\/\/www.alfaterm.com.br\/#\/schema\/logo\/image\/\"}}]}<\/script>\n<!-- \/ Yoast SEO Premium plugin. -->","yoast_head_json":{"title":"Bico aspersor pre\u00e7o - Bem-vindo \u00e0 ALFATERM","robots":{"index":"index","follow":"follow","max-snippet":"max-snippet:-1","max-image-preview":"max-image-preview:large","max-video-preview":"max-video-preview:-1"},"canonical":"https:\/\/www.alfaterm.com.br\/es\/informacoes\/bico-aspersor-preco\/","og_locale":"es_ES","og_type":"article","og_title":"Bico aspersor pre\u00e7o","og_description":"As torres de resfriamento s\u00e3o desenvolvidas com in\u00fameros componentes que auxiliam no seu melhor desempenho. O bico aspersor, que \u00e9 um recurso de pulveriza\u00e7\u00e3o de \u00e1gua, \u00e9 uma das mais fundamentais pe\u00e7as da torre de resfriamento. O&nbsp;bico aspersor pre\u00e7o&nbsp;condizente com a sua import\u00e2ncia na dissipa\u00e7\u00e3o t\u00e9rmica pelo processo evaporativo. FUN\u00c7\u00c3O DO BICO ASPERSOR PRE\u00c7O JUSTO [&hellip;]","og_url":"https:\/\/www.alfaterm.com.br\/es\/informacoes\/bico-aspersor-preco\/","og_site_name":"Bem-vindo \u00e0 ALFATERM","article_modified_time":"2024-09-02T10:51:43+00:00","og_image":[{"width":1106,"height":1500,"url":"https:\/\/www.alfaterm.com.br\/wp-content\/uploads\/2024\/09\/bico-aspersor-torre-resfriamento.webp","type":"image\/webp"}],"twitter_card":"summary_large_image","twitter_misc":{"Tiempo de lectura":"2 minutos"},"schema":{"@context":"https:\/\/schema.org","@graph":[{"@type":"WebPage","@id":"https:\/\/www.alfaterm.com.br\/informacoes\/bico-aspersor-preco\/","url":"https:\/\/www.alfaterm.com.br\/informacoes\/bico-aspersor-preco\/","name":"Bico aspersor pre\u00e7o - Bem-vindo \u00e0 ALFATERM","isPartOf":{"@id":"https:\/\/www.alfaterm.com.br\/#website"},"primaryImageOfPage":{"@id":"https:\/\/www.alfaterm.com.br\/informacoes\/bico-aspersor-preco\/#primaryimage"},"image":{"@id":"https:\/\/www.alfaterm.com.br\/informacoes\/bico-aspersor-preco\/#primaryimage"},"thumbnailUrl":"https:\/\/www.alfaterm.com.br\/wp-content\/uploads\/2024\/09\/bico-aspersor-torre-resfriamento.webp","datePublished":"2024-09-02T10:45:54+00:00","dateModified":"2024-09-02T10:51:43+00:00","breadcrumb":{"@id":"https:\/\/www.alfaterm.com.br\/informacoes\/bico-aspersor-preco\/#breadcrumb"},"inLanguage":"es","potentialAction":[{"@type":"ReadAction","target":["https:\/\/www.alfaterm.com.br\/informacoes\/bico-aspersor-preco\/"]}]},{"@type":"ImageObject","inLanguage":"es","@id":"https:\/\/www.alfaterm.com.br\/informacoes\/bico-aspersor-preco\/#primaryimage","url":"https:\/\/www.alfaterm.com.br\/wp-content\/uploads\/2024\/09\/bico-aspersor-torre-resfriamento.webp","contentUrl":"https:\/\/www.alfaterm.com.br\/wp-content\/uploads\/2024\/09\/bico-aspersor-torre-resfriamento.webp","width":1106,"height":1500},{"@type":"BreadcrumbList","@id":"https:\/\/www.alfaterm.com.br\/informacoes\/bico-aspersor-preco\/#breadcrumb","itemListElement":[{"@type":"ListItem","position":1,"name":"Home","item":"https:\/\/www.alfaterm.com.br\/"},{"@type":"ListItem","position":2,"name":"Informa\u00e7\u00f5es","item":"https:\/\/www.alfaterm.com.br\/informacoes\/"},{"@type":"ListItem","position":3,"name":"Bico aspersor pre\u00e7o"}]},{"@type":"WebSite","@id":"https:\/\/www.alfaterm.com.br\/#website","url":"https:\/\/www.alfaterm.com.br\/","name":"Bem-vindo \u00e0 ALFATERM","description":"","publisher":{"@id":"https:\/\/www.alfaterm.com.br\/#organization"},"potentialAction":[{"@type":"SearchAction","target":{"@type":"EntryPoint","urlTemplate":"https:\/\/www.alfaterm.com.br\/?s={search_term_string}"},"query-input":{"@type":"PropertyValueSpecification","valueRequired":true,"valueName":"search_term_string"}}],"inLanguage":"es"},{"@type":"Organization","@id":"https:\/\/www.alfaterm.com.br\/#organization","name":"Bem-vindo \u00e0 ALFATERM","url":"https:\/\/www.alfaterm.com.br\/","logo":{"@type":"ImageObject","inLanguage":"es","@id":"https:\/\/www.alfaterm.com.br\/#\/schema\/logo\/image\/","url":"https:\/\/www.alfaterm.com.br\/wp-content\/uploads\/2024\/07\/logo-alfaterm.png","contentUrl":"https:\/\/www.alfaterm.com.br\/wp-content\/uploads\/2024\/07\/logo-alfaterm.png","width":393,"height":45,"caption":"Bem-vindo \u00e0 ALFATERM"},"image":{"@id":"https:\/\/www.alfaterm.com.br\/#\/schema\/logo\/image\/"}}]}},"_links":{"self":[{"href":"https:\/\/www.alfaterm.com.br\/es\/wp-json\/wp\/v2\/pages\/2197","targetHints":{"allow":["GET"]}}],"collection":[{"href":"https:\/\/www.alfaterm.com.br\/es\/wp-json\/wp\/v2\/pages"}],"about":[{"href":"https:\/\/www.alfaterm.com.br\/es\/wp-json\/wp\/v2\/types\/page"}],"author":[{"embeddable":true,"href":"https:\/\/www.alfaterm.com.br\/es\/wp-json\/wp\/v2\/users\/1"}],"replies":[{"embeddable":true,"href":"https:\/\/www.alfaterm.com.br\/es\/wp-json\/wp\/v2\/comments?post=2197"}],"version-history":[{"count":0,"href":"https:\/\/www.alfaterm.com.br\/es\/wp-json\/wp\/v2\/pages\/2197\/revisions"}],"up":[{"embeddable":true,"href":"https:\/\/www.alfaterm.com.br\/es\/wp-json\/wp\/v2\/pages\/2144"}],"wp:featuredmedia":[{"embeddable":true,"href":"https:\/\/www.alfaterm.com.br\/es\/wp-json\/wp\/v2\/media\/2202"}],"wp:attachment":[{"href":"https:\/\/www.alfaterm.com.br\/es\/wp-json\/wp\/v2\/media?parent=2197"}],"curies":[{"name":"wp","href":"https:\/\/api.w.org\/{rel}","templated":true}]}}