{"id":2196,"date":"2024-09-02T07:45:37","date_gmt":"2024-09-02T10:45:37","guid":{"rendered":"https:\/\/www.alfaterm.com.br\/?page_id=2196"},"modified":"2024-09-08T11:19:28","modified_gmt":"2024-09-08T14:19:28","slug":"bico-aspersor-torre-resfriamento","status":"publish","type":"page","link":"https:\/\/www.alfaterm.com.br\/es\/informacoes\/bico-aspersor-torre-resfriamento\/","title":{"rendered":"Bico aspersor para torre de resfriamento"},"content":{"rendered":"<h2 class=\"wp-block-heading\">As torres de resfriamento s\u00e3o utilizadas na ind\u00fastria para resfriar equipamentos e maquin\u00e1rios que operam em altas temperaturas. Um dos componentes dessas torres \u00e9 o&nbsp;bico aspersor para torre de resfriamento.<\/h2>\n\n\n\n<p>O&nbsp;bico aspersor para torre de resfriamento&nbsp;realiza o trabalho de espalhar, ou pulverizar, a \u00e1gua quente sobre o enchimento da torre. O&nbsp;bico aspersor para torre de resfriamento&nbsp;faz com que o contato da \u00e1gua quente com o ar seja ampliado, gerando mais efici\u00eancia no processo de resfriamento.<\/p>\n\n\n\n<h2 class=\"wp-block-heading\">O BICO ASPERSOR PARA TORRE DE RESFRIAMENTO AUMENTA A EFICI\u00caNCIA DA TORRE<\/h2>\n\n\n\n<p>O correto escoamento da \u00e1gua quente para que o processo de troca de calor com o ar seja realizado depende do bom funcionamento do&nbsp;bico aspersor para torre de resfriamento. Essa pe\u00e7a da torre de resfriamento tem grande import\u00e2ncia, pois caso apresente problemas pode comprometer todo o processo e prejudicar a produ\u00e7\u00e3o da ind\u00fastria e talvez at\u00e9 danificar m\u00e1quinas e equipamentos.<\/p>\n\n\n\n<p>O&nbsp;bico aspersor para torre de resfriamento&nbsp;\u00e9 encontrado em variados modelos, para que possam se adequar \u00e0s necessidades de cada tipo de torre de resfriamento. O material com o qual \u00e9 fabricado um&nbsp;bico aspersor para torre de resfriamento&nbsp;tem relev\u00e2ncia em sua funcionalidade, pois pode facilitar ou tornar mais dif\u00edcil a distribui\u00e7\u00e3o de \u00e1gua. Alguns materiais podem reduzir a incrusta\u00e7\u00e3o de res\u00edduos, aumentando o per\u00edodo de tempo em que se torna necess\u00e1rio fazer sua limpeza, e evitando poss\u00edveis entupimentos.<\/p>\n\n\n\n<p>A empresa que comercializa o&nbsp;bico aspersor para torre de resfriamento&nbsp;tem de ter tradi\u00e7\u00e3o e tecnologia de ponta para produzir pe\u00e7as de qualidade, que atender\u00e3o \u00e0s necessidades das ind\u00fastrias com efic\u00e1cia.<\/p>\n\n\n\n<h2 class=\"wp-block-heading\">EMPRESA FORNECEDORA DE BICO ASPERSOR PARA TORRE DE RESFRIAMENTO<\/h2>\n\n\n\n<p>A ALFATERM Ind\u00fastria e Com\u00e9rcio Ltda. fabrica, instala e faz manuten\u00e7\u00e3o de torres de resfriamento de \u00e1gua em toda a Am\u00e9rica Latina. Trata-se de uma empresa com a experi\u00eancia de 30 anos de atividade. A ALFATERM Ind\u00fastria e Com\u00e9rcio Ltda. est\u00e1 situada em Santana do Parna\u00edba (SP), e atua com tecnologias inovadoras e eficientes, de modo a garantir a satisfa\u00e7\u00e3o de seus clientes. Seu compromisso com a qualidade em seus processos, produtos e servi\u00e7os visa a seguran\u00e7a de seus profissionais.<\/p>\n\n\n\n<h2 class=\"wp-block-heading\">Para saber mais sobre Assist\u00eancia t\u00e9cnica em torres de resfriar<\/h2>\n\n\n\n<p>Ligue para&nbsp;<strong>11 4156-8930<\/strong>&nbsp;ou&nbsp;<a href=\"https:\/\/www.alfaterm.com.br\/es\/contacto\/\">clique aqui<\/a>&nbsp;e entre em contato por email.<\/p>","protected":false},"excerpt":{"rendered":"<p>As torres de resfriamento s\u00e3o utilizadas na ind\u00fastria para resfriar equipamentos e maquin\u00e1rios que operam em altas temperaturas. Um dos componentes dessas torres \u00e9 o&nbsp;bico aspersor para torre de resfriamento. O&nbsp;bico aspersor para torre de resfriamento&nbsp;realiza o trabalho de espalhar, ou pulverizar, a \u00e1gua quente sobre o enchimento da torre. O&nbsp;bico aspersor para torre de [&hellip;]<\/p>","protected":false},"author":1,"featured_media":2202,"parent":2144,"menu_order":0,"comment_status":"closed","ping_status":"closed","template":"","meta":{"_acf_changed":false,"_joinchat":[],"footnotes":""},"class_list":["post-2196","page","type-page","status-publish","has-post-thumbnail","hentry"],"acf":[],"yoast_head":"<!-- This site is optimized with the Yoast SEO Premium plugin v23.4 (Yoast SEO v27.1.1) - https:\/\/yoast.com\/product\/yoast-seo-premium-wordpress\/ -->\n<title>Bico aspersor para torre de resfriamento - Bem-vindo \u00e0 ALFATERM<\/title>\n<meta name=\"robots\" content=\"index, follow, max-snippet:-1, max-image-preview:large, max-video-preview:-1\" \/>\n<link rel=\"canonical\" href=\"https:\/\/www.alfaterm.com.br\/es\/informacoes\/bico-aspersor-torre-resfriamento\/\" \/>\n<meta property=\"og:locale\" content=\"es_ES\" \/>\n<meta property=\"og:type\" content=\"article\" \/>\n<meta property=\"og:title\" content=\"Bico aspersor para torre de resfriamento\" \/>\n<meta property=\"og:description\" content=\"As torres de resfriamento s\u00e3o utilizadas na ind\u00fastria para resfriar equipamentos e maquin\u00e1rios que operam em altas temperaturas. Um dos componentes dessas torres \u00e9 o&nbsp;bico aspersor para torre de resfriamento. O&nbsp;bico aspersor para torre de resfriamento&nbsp;realiza o trabalho de espalhar, ou pulverizar, a \u00e1gua quente sobre o enchimento da torre. O&nbsp;bico aspersor para torre de [&hellip;]\" \/>\n<meta property=\"og:url\" content=\"https:\/\/www.alfaterm.com.br\/es\/informacoes\/bico-aspersor-torre-resfriamento\/\" \/>\n<meta property=\"og:site_name\" content=\"Bem-vindo \u00e0 ALFATERM\" \/>\n<meta property=\"article:modified_time\" content=\"2024-09-08T14:19:28+00:00\" \/>\n<meta property=\"og:image\" content=\"https:\/\/www.alfaterm.com.br\/wp-content\/uploads\/2024\/09\/bico-aspersor-torre-resfriamento.webp\" \/>\n\t<meta property=\"og:image:width\" content=\"1106\" \/>\n\t<meta property=\"og:image:height\" content=\"1500\" \/>\n\t<meta property=\"og:image:type\" content=\"image\/webp\" \/>\n<meta name=\"twitter:card\" content=\"summary_large_image\" \/>\n<meta name=\"twitter:label1\" content=\"Tiempo de lectura\" \/>\n\t<meta name=\"twitter:data1\" content=\"2 minutos\" \/>\n<script type=\"application\/ld+json\" class=\"yoast-schema-graph\">{\"@context\":\"https:\/\/schema.org\",\"@graph\":[{\"@type\":\"WebPage\",\"@id\":\"https:\/\/www.alfaterm.com.br\/informacoes\/bico-aspersor-torre-resfriamento\/\",\"url\":\"https:\/\/www.alfaterm.com.br\/informacoes\/bico-aspersor-torre-resfriamento\/\",\"name\":\"Bico aspersor para torre de resfriamento - Bem-vindo \u00e0 ALFATERM\",\"isPartOf\":{\"@id\":\"https:\/\/www.alfaterm.com.br\/#website\"},\"primaryImageOfPage\":{\"@id\":\"https:\/\/www.alfaterm.com.br\/informacoes\/bico-aspersor-torre-resfriamento\/#primaryimage\"},\"image\":{\"@id\":\"https:\/\/www.alfaterm.com.br\/informacoes\/bico-aspersor-torre-resfriamento\/#primaryimage\"},\"thumbnailUrl\":\"https:\/\/www.alfaterm.com.br\/wp-content\/uploads\/2024\/09\/bico-aspersor-torre-resfriamento.webp\",\"datePublished\":\"2024-09-02T10:45:37+00:00\",\"dateModified\":\"2024-09-08T14:19:28+00:00\",\"breadcrumb\":{\"@id\":\"https:\/\/www.alfaterm.com.br\/informacoes\/bico-aspersor-torre-resfriamento\/#breadcrumb\"},\"inLanguage\":\"es\",\"potentialAction\":[{\"@type\":\"ReadAction\",\"target\":[\"https:\/\/www.alfaterm.com.br\/informacoes\/bico-aspersor-torre-resfriamento\/\"]}]},{\"@type\":\"ImageObject\",\"inLanguage\":\"es\",\"@id\":\"https:\/\/www.alfaterm.com.br\/informacoes\/bico-aspersor-torre-resfriamento\/#primaryimage\",\"url\":\"https:\/\/www.alfaterm.com.br\/wp-content\/uploads\/2024\/09\/bico-aspersor-torre-resfriamento.webp\",\"contentUrl\":\"https:\/\/www.alfaterm.com.br\/wp-content\/uploads\/2024\/09\/bico-aspersor-torre-resfriamento.webp\",\"width\":1106,\"height\":1500},{\"@type\":\"BreadcrumbList\",\"@id\":\"https:\/\/www.alfaterm.com.br\/informacoes\/bico-aspersor-torre-resfriamento\/#breadcrumb\",\"itemListElement\":[{\"@type\":\"ListItem\",\"position\":1,\"name\":\"Home\",\"item\":\"https:\/\/www.alfaterm.com.br\/\"},{\"@type\":\"ListItem\",\"position\":2,\"name\":\"Informa\u00e7\u00f5es\",\"item\":\"https:\/\/www.alfaterm.com.br\/informacoes\/\"},{\"@type\":\"ListItem\",\"position\":3,\"name\":\"Bico aspersor para torre de resfriamento\"}]},{\"@type\":\"WebSite\",\"@id\":\"https:\/\/www.alfaterm.com.br\/#website\",\"url\":\"https:\/\/www.alfaterm.com.br\/\",\"name\":\"Bem-vindo \u00e0 ALFATERM\",\"description\":\"\",\"publisher\":{\"@id\":\"https:\/\/www.alfaterm.com.br\/#organization\"},\"potentialAction\":[{\"@type\":\"SearchAction\",\"target\":{\"@type\":\"EntryPoint\",\"urlTemplate\":\"https:\/\/www.alfaterm.com.br\/?s={search_term_string}\"},\"query-input\":{\"@type\":\"PropertyValueSpecification\",\"valueRequired\":true,\"valueName\":\"search_term_string\"}}],\"inLanguage\":\"es\"},{\"@type\":\"Organization\",\"@id\":\"https:\/\/www.alfaterm.com.br\/#organization\",\"name\":\"Bem-vindo \u00e0 ALFATERM\",\"url\":\"https:\/\/www.alfaterm.com.br\/\",\"logo\":{\"@type\":\"ImageObject\",\"inLanguage\":\"es\",\"@id\":\"https:\/\/www.alfaterm.com.br\/#\/schema\/logo\/image\/\",\"url\":\"https:\/\/www.alfaterm.com.br\/wp-content\/uploads\/2024\/07\/logo-alfaterm.png\",\"contentUrl\":\"https:\/\/www.alfaterm.com.br\/wp-content\/uploads\/2024\/07\/logo-alfaterm.png\",\"width\":393,\"height\":45,\"caption\":\"Bem-vindo \u00e0 ALFATERM\"},\"image\":{\"@id\":\"https:\/\/www.alfaterm.com.br\/#\/schema\/logo\/image\/\"}}]}<\/script>\n<!-- \/ Yoast SEO Premium plugin. -->","yoast_head_json":{"title":"Bico aspersor para torre de resfriamento - Bem-vindo \u00e0 ALFATERM","robots":{"index":"index","follow":"follow","max-snippet":"max-snippet:-1","max-image-preview":"max-image-preview:large","max-video-preview":"max-video-preview:-1"},"canonical":"https:\/\/www.alfaterm.com.br\/es\/informacoes\/bico-aspersor-torre-resfriamento\/","og_locale":"es_ES","og_type":"article","og_title":"Bico aspersor para torre de resfriamento","og_description":"As torres de resfriamento s\u00e3o utilizadas na ind\u00fastria para resfriar equipamentos e maquin\u00e1rios que operam em altas temperaturas. Um dos componentes dessas torres \u00e9 o&nbsp;bico aspersor para torre de resfriamento. O&nbsp;bico aspersor para torre de resfriamento&nbsp;realiza o trabalho de espalhar, ou pulverizar, a \u00e1gua quente sobre o enchimento da torre. O&nbsp;bico aspersor para torre de [&hellip;]","og_url":"https:\/\/www.alfaterm.com.br\/es\/informacoes\/bico-aspersor-torre-resfriamento\/","og_site_name":"Bem-vindo \u00e0 ALFATERM","article_modified_time":"2024-09-08T14:19:28+00:00","og_image":[{"width":1106,"height":1500,"url":"https:\/\/www.alfaterm.com.br\/wp-content\/uploads\/2024\/09\/bico-aspersor-torre-resfriamento.webp","type":"image\/webp"}],"twitter_card":"summary_large_image","twitter_misc":{"Tiempo de lectura":"2 minutos"},"schema":{"@context":"https:\/\/schema.org","@graph":[{"@type":"WebPage","@id":"https:\/\/www.alfaterm.com.br\/informacoes\/bico-aspersor-torre-resfriamento\/","url":"https:\/\/www.alfaterm.com.br\/informacoes\/bico-aspersor-torre-resfriamento\/","name":"Bico aspersor para torre de resfriamento - Bem-vindo \u00e0 ALFATERM","isPartOf":{"@id":"https:\/\/www.alfaterm.com.br\/#website"},"primaryImageOfPage":{"@id":"https:\/\/www.alfaterm.com.br\/informacoes\/bico-aspersor-torre-resfriamento\/#primaryimage"},"image":{"@id":"https:\/\/www.alfaterm.com.br\/informacoes\/bico-aspersor-torre-resfriamento\/#primaryimage"},"thumbnailUrl":"https:\/\/www.alfaterm.com.br\/wp-content\/uploads\/2024\/09\/bico-aspersor-torre-resfriamento.webp","datePublished":"2024-09-02T10:45:37+00:00","dateModified":"2024-09-08T14:19:28+00:00","breadcrumb":{"@id":"https:\/\/www.alfaterm.com.br\/informacoes\/bico-aspersor-torre-resfriamento\/#breadcrumb"},"inLanguage":"es","potentialAction":[{"@type":"ReadAction","target":["https:\/\/www.alfaterm.com.br\/informacoes\/bico-aspersor-torre-resfriamento\/"]}]},{"@type":"ImageObject","inLanguage":"es","@id":"https:\/\/www.alfaterm.com.br\/informacoes\/bico-aspersor-torre-resfriamento\/#primaryimage","url":"https:\/\/www.alfaterm.com.br\/wp-content\/uploads\/2024\/09\/bico-aspersor-torre-resfriamento.webp","contentUrl":"https:\/\/www.alfaterm.com.br\/wp-content\/uploads\/2024\/09\/bico-aspersor-torre-resfriamento.webp","width":1106,"height":1500},{"@type":"BreadcrumbList","@id":"https:\/\/www.alfaterm.com.br\/informacoes\/bico-aspersor-torre-resfriamento\/#breadcrumb","itemListElement":[{"@type":"ListItem","position":1,"name":"Home","item":"https:\/\/www.alfaterm.com.br\/"},{"@type":"ListItem","position":2,"name":"Informa\u00e7\u00f5es","item":"https:\/\/www.alfaterm.com.br\/informacoes\/"},{"@type":"ListItem","position":3,"name":"Bico aspersor para torre de resfriamento"}]},{"@type":"WebSite","@id":"https:\/\/www.alfaterm.com.br\/#website","url":"https:\/\/www.alfaterm.com.br\/","name":"Bem-vindo \u00e0 ALFATERM","description":"","publisher":{"@id":"https:\/\/www.alfaterm.com.br\/#organization"},"potentialAction":[{"@type":"SearchAction","target":{"@type":"EntryPoint","urlTemplate":"https:\/\/www.alfaterm.com.br\/?s={search_term_string}"},"query-input":{"@type":"PropertyValueSpecification","valueRequired":true,"valueName":"search_term_string"}}],"inLanguage":"es"},{"@type":"Organization","@id":"https:\/\/www.alfaterm.com.br\/#organization","name":"Bem-vindo \u00e0 ALFATERM","url":"https:\/\/www.alfaterm.com.br\/","logo":{"@type":"ImageObject","inLanguage":"es","@id":"https:\/\/www.alfaterm.com.br\/#\/schema\/logo\/image\/","url":"https:\/\/www.alfaterm.com.br\/wp-content\/uploads\/2024\/07\/logo-alfaterm.png","contentUrl":"https:\/\/www.alfaterm.com.br\/wp-content\/uploads\/2024\/07\/logo-alfaterm.png","width":393,"height":45,"caption":"Bem-vindo \u00e0 ALFATERM"},"image":{"@id":"https:\/\/www.alfaterm.com.br\/#\/schema\/logo\/image\/"}}]}},"_links":{"self":[{"href":"https:\/\/www.alfaterm.com.br\/es\/wp-json\/wp\/v2\/pages\/2196","targetHints":{"allow":["GET"]}}],"collection":[{"href":"https:\/\/www.alfaterm.com.br\/es\/wp-json\/wp\/v2\/pages"}],"about":[{"href":"https:\/\/www.alfaterm.com.br\/es\/wp-json\/wp\/v2\/types\/page"}],"author":[{"embeddable":true,"href":"https:\/\/www.alfaterm.com.br\/es\/wp-json\/wp\/v2\/users\/1"}],"replies":[{"embeddable":true,"href":"https:\/\/www.alfaterm.com.br\/es\/wp-json\/wp\/v2\/comments?post=2196"}],"version-history":[{"count":0,"href":"https:\/\/www.alfaterm.com.br\/es\/wp-json\/wp\/v2\/pages\/2196\/revisions"}],"up":[{"embeddable":true,"href":"https:\/\/www.alfaterm.com.br\/es\/wp-json\/wp\/v2\/pages\/2144"}],"wp:featuredmedia":[{"embeddable":true,"href":"https:\/\/www.alfaterm.com.br\/es\/wp-json\/wp\/v2\/media\/2202"}],"wp:attachment":[{"href":"https:\/\/www.alfaterm.com.br\/es\/wp-json\/wp\/v2\/media?parent=2196"}],"curies":[{"name":"wp","href":"https:\/\/api.w.org\/{rel}","templated":true}]}}