{"id":2190,"date":"2024-09-02T07:43:38","date_gmt":"2024-09-02T10:43:38","guid":{"rendered":"https:\/\/www.alfaterm.com.br\/?page_id=2190"},"modified":"2024-09-08T11:18:53","modified_gmt":"2024-09-08T14:18:53","slug":"bico-aspersor-climatizacao","status":"publish","type":"page","link":"https:\/\/www.alfaterm.com.br\/es\/informacoes\/bico-aspersor-climatizacao\/","title":{"rendered":"Bico aspersor para climatiza\u00e7\u00e3o"},"content":{"rendered":"<p>O&nbsp;bico aspersor para climatiza\u00e7\u00e3o&nbsp;\u00e9 um componente desenvolvido para auxiliar nos processos de refrigera\u00e7\u00e3o e ventila\u00e7\u00e3o de ambientes, para evitar que o ambiente fique abafado e quente. Ele \u00e9 desenvolvido com uma tecnologia de ponta e com materiais de \u00f3tima proced\u00eancia, que garantem a durabilidade e a resist\u00eancia do acess\u00f3rio, mesmo em locais com grandes varia\u00e7\u00f5es de temperatura. Al\u00e9m disso, o&nbsp;bico aspersor para climatiza\u00e7\u00e3o&nbsp;pode ser aplicado nos mais diversos equipamentos de refrigera\u00e7\u00e3o, incluindo ares condicionados, climatizadores e ventiladores.<\/p>\n\n\n\n<p>O&nbsp;bico aspersor para climatiza\u00e7\u00e3o&nbsp;tamb\u00e9m pode ser encontrado em torres de resfriamento e m\u00e1quinas de refrigera\u00e7\u00e3o industriais. Dessa forma, \u00e9 poss\u00edvel realizar os procedimentos de rejei\u00e7\u00e3o de calor de modo mais eficiente e pr\u00e1tico, o que resulta em uma significativa redu\u00e7\u00e3o do consumo de energia el\u00e9trica, bem como o resfriamento de grandes quantidades de \u00e1gua.<\/p>\n\n\n\n<h2 class=\"wp-block-heading\">ONDE ENCONTRAR O BICO ASPERSOR PARA CLIMATIZA\u00c7\u00c3O<\/h2>\n\n\n\n<p>A qualidade do&nbsp;bico aspersor para climatiza\u00e7\u00e3o&nbsp;est\u00e1 diretamente relacionada com a garantia da fabricante do componente. Por esse motivo, \u00e9 recomend\u00e1vel adquirir o produto em uma empresa especializada e que tenha compromisso com a excel\u00eancia de seus itens. Al\u00e9m disso, para encontrar o melhor&nbsp;bico aspersor para climatiza\u00e7\u00e3o, a fabricante tamb\u00e9m precisa oferecer aos seus clientes:<\/p>\n\n\n\n<p>Boas condi\u00e7\u00f5es de pagamento, com pre\u00e7os acess\u00edveis e que sejam compat\u00edveis com o mercado; Uma equipe de profissionais t\u00e9cnicos capacitados e habilitados, prontos para dar suporte e assist\u00eancia, em casos de necessidade; Um portf\u00f3lio atualizado de componentes para climatiza\u00e7\u00e3o, bem como acess\u00f3rios para torres de resfriamento; Uma rede integrada de distribui\u00e7\u00e3o log\u00edstica, para uma entrega r\u00e1pida e dentro do prazo.<\/p>\n\n\n\n<h2 class=\"wp-block-heading\">BICOS ASPERSORES DE QUALIDADE COM A ALFATERM IND\u00daSTRIA E COM\u00c9RCIO LTDA.<\/h2>\n\n\n\n<p>A ALFATERM Ind\u00fastria e Com\u00e9rcio Ltda. tem uma linha completa do&nbsp;<strong>bico aspersor para climatiza\u00e7\u00e3o<\/strong>&nbsp;para uso em ar condicionado e equipamentos de refrigera\u00e7\u00e3o. A empresa tamb\u00e9m trabalha com acess\u00f3rios completos para torres de resfriamento, com distribui\u00e7\u00e3o para todo o territ\u00f3rio nacional, Am\u00e9rica Latina e Am\u00e9rica Central. A ALFATERM Ind\u00fastria e Com\u00e9rcio Ltda. \u00e9 reconhecida pela excel\u00eancia de seus produtos e pelas \u00f3timas condi\u00e7\u00f5es de pagamento, al\u00e9m de contar com um sistema integrado de gest\u00e3o, com qualidade ISO 14001. Dessa forma, a empresa se mant\u00e9m como refer\u00eancia no mercado e tem como miss\u00e3o garantir o melhor atendimento para cada um de seus clientes.<\/p>\n\n\n\n<h2 class=\"wp-block-heading\">Para saber mais sobre Assist\u00eancia t\u00e9cnica em torres de resfriar<\/h2>\n\n\n\n<p>Ligue para&nbsp;<strong>11 4156-8930<\/strong>&nbsp;ou&nbsp;<a href=\"https:\/\/www.alfaterm.com.br\/es\/contacto\/\">clique aqui<\/a>&nbsp;e entre em contato por email.<\/p>","protected":false},"excerpt":{"rendered":"<p>O&nbsp;bico aspersor para climatiza\u00e7\u00e3o&nbsp;\u00e9 um componente desenvolvido para auxiliar nos processos de refrigera\u00e7\u00e3o e ventila\u00e7\u00e3o de ambientes, para evitar que o ambiente fique abafado e quente. Ele \u00e9 desenvolvido com uma tecnologia de ponta e com materiais de \u00f3tima proced\u00eancia, que garantem a durabilidade e a resist\u00eancia do acess\u00f3rio, mesmo em locais com grandes varia\u00e7\u00f5es [&hellip;]<\/p>","protected":false},"author":1,"featured_media":2191,"parent":2144,"menu_order":0,"comment_status":"closed","ping_status":"closed","template":"","meta":{"_acf_changed":false,"_joinchat":[],"footnotes":""},"class_list":["post-2190","page","type-page","status-publish","has-post-thumbnail","hentry"],"acf":[],"yoast_head":"<!-- This site is optimized with the Yoast SEO Premium plugin v23.4 (Yoast SEO v27.1.1) - https:\/\/yoast.com\/product\/yoast-seo-premium-wordpress\/ -->\n<title>Bico aspersor para climatiza\u00e7\u00e3o - Bem-vindo \u00e0 ALFATERM<\/title>\n<meta name=\"robots\" content=\"index, follow, max-snippet:-1, max-image-preview:large, max-video-preview:-1\" \/>\n<link rel=\"canonical\" href=\"https:\/\/www.alfaterm.com.br\/es\/informacoes\/bico-aspersor-climatizacao\/\" \/>\n<meta property=\"og:locale\" content=\"es_ES\" \/>\n<meta property=\"og:type\" content=\"article\" \/>\n<meta property=\"og:title\" content=\"Bico aspersor para climatiza\u00e7\u00e3o\" \/>\n<meta property=\"og:description\" content=\"O&nbsp;bico aspersor para climatiza\u00e7\u00e3o&nbsp;\u00e9 um componente desenvolvido para auxiliar nos processos de refrigera\u00e7\u00e3o e ventila\u00e7\u00e3o de ambientes, para evitar que o ambiente fique abafado e quente. Ele \u00e9 desenvolvido com uma tecnologia de ponta e com materiais de \u00f3tima proced\u00eancia, que garantem a durabilidade e a resist\u00eancia do acess\u00f3rio, mesmo em locais com grandes varia\u00e7\u00f5es [&hellip;]\" \/>\n<meta property=\"og:url\" content=\"https:\/\/www.alfaterm.com.br\/es\/informacoes\/bico-aspersor-climatizacao\/\" \/>\n<meta property=\"og:site_name\" content=\"Bem-vindo \u00e0 ALFATERM\" \/>\n<meta property=\"article:modified_time\" content=\"2024-09-08T14:18:53+00:00\" \/>\n<meta property=\"og:image\" content=\"https:\/\/www.alfaterm.com.br\/wp-content\/uploads\/2024\/09\/bico-aspersor-para-climatizacao.webp\" \/>\n\t<meta property=\"og:image:width\" content=\"1419\" \/>\n\t<meta property=\"og:image:height\" content=\"1500\" \/>\n\t<meta property=\"og:image:type\" content=\"image\/webp\" \/>\n<meta name=\"twitter:card\" content=\"summary_large_image\" \/>\n<meta name=\"twitter:label1\" content=\"Tiempo de lectura\" \/>\n\t<meta name=\"twitter:data1\" content=\"2 minutos\" \/>\n<script type=\"application\/ld+json\" class=\"yoast-schema-graph\">{\"@context\":\"https:\/\/schema.org\",\"@graph\":[{\"@type\":\"WebPage\",\"@id\":\"https:\/\/www.alfaterm.com.br\/informacoes\/bico-aspersor-climatizacao\/\",\"url\":\"https:\/\/www.alfaterm.com.br\/informacoes\/bico-aspersor-climatizacao\/\",\"name\":\"Bico aspersor para climatiza\u00e7\u00e3o - Bem-vindo \u00e0 ALFATERM\",\"isPartOf\":{\"@id\":\"https:\/\/www.alfaterm.com.br\/#website\"},\"primaryImageOfPage\":{\"@id\":\"https:\/\/www.alfaterm.com.br\/informacoes\/bico-aspersor-climatizacao\/#primaryimage\"},\"image\":{\"@id\":\"https:\/\/www.alfaterm.com.br\/informacoes\/bico-aspersor-climatizacao\/#primaryimage\"},\"thumbnailUrl\":\"https:\/\/www.alfaterm.com.br\/wp-content\/uploads\/2024\/09\/bico-aspersor-para-climatizacao.webp\",\"datePublished\":\"2024-09-02T10:43:38+00:00\",\"dateModified\":\"2024-09-08T14:18:53+00:00\",\"breadcrumb\":{\"@id\":\"https:\/\/www.alfaterm.com.br\/informacoes\/bico-aspersor-climatizacao\/#breadcrumb\"},\"inLanguage\":\"es\",\"potentialAction\":[{\"@type\":\"ReadAction\",\"target\":[\"https:\/\/www.alfaterm.com.br\/informacoes\/bico-aspersor-climatizacao\/\"]}]},{\"@type\":\"ImageObject\",\"inLanguage\":\"es\",\"@id\":\"https:\/\/www.alfaterm.com.br\/informacoes\/bico-aspersor-climatizacao\/#primaryimage\",\"url\":\"https:\/\/www.alfaterm.com.br\/wp-content\/uploads\/2024\/09\/bico-aspersor-para-climatizacao.webp\",\"contentUrl\":\"https:\/\/www.alfaterm.com.br\/wp-content\/uploads\/2024\/09\/bico-aspersor-para-climatizacao.webp\",\"width\":1419,\"height\":1500},{\"@type\":\"BreadcrumbList\",\"@id\":\"https:\/\/www.alfaterm.com.br\/informacoes\/bico-aspersor-climatizacao\/#breadcrumb\",\"itemListElement\":[{\"@type\":\"ListItem\",\"position\":1,\"name\":\"Home\",\"item\":\"https:\/\/www.alfaterm.com.br\/\"},{\"@type\":\"ListItem\",\"position\":2,\"name\":\"Informa\u00e7\u00f5es\",\"item\":\"https:\/\/www.alfaterm.com.br\/informacoes\/\"},{\"@type\":\"ListItem\",\"position\":3,\"name\":\"Bico aspersor para climatiza\u00e7\u00e3o\"}]},{\"@type\":\"WebSite\",\"@id\":\"https:\/\/www.alfaterm.com.br\/#website\",\"url\":\"https:\/\/www.alfaterm.com.br\/\",\"name\":\"Bem-vindo \u00e0 ALFATERM\",\"description\":\"\",\"publisher\":{\"@id\":\"https:\/\/www.alfaterm.com.br\/#organization\"},\"potentialAction\":[{\"@type\":\"SearchAction\",\"target\":{\"@type\":\"EntryPoint\",\"urlTemplate\":\"https:\/\/www.alfaterm.com.br\/?s={search_term_string}\"},\"query-input\":{\"@type\":\"PropertyValueSpecification\",\"valueRequired\":true,\"valueName\":\"search_term_string\"}}],\"inLanguage\":\"es\"},{\"@type\":\"Organization\",\"@id\":\"https:\/\/www.alfaterm.com.br\/#organization\",\"name\":\"Bem-vindo \u00e0 ALFATERM\",\"url\":\"https:\/\/www.alfaterm.com.br\/\",\"logo\":{\"@type\":\"ImageObject\",\"inLanguage\":\"es\",\"@id\":\"https:\/\/www.alfaterm.com.br\/#\/schema\/logo\/image\/\",\"url\":\"https:\/\/www.alfaterm.com.br\/wp-content\/uploads\/2024\/07\/logo-alfaterm.png\",\"contentUrl\":\"https:\/\/www.alfaterm.com.br\/wp-content\/uploads\/2024\/07\/logo-alfaterm.png\",\"width\":393,\"height\":45,\"caption\":\"Bem-vindo \u00e0 ALFATERM\"},\"image\":{\"@id\":\"https:\/\/www.alfaterm.com.br\/#\/schema\/logo\/image\/\"}}]}<\/script>\n<!-- \/ Yoast SEO Premium plugin. -->","yoast_head_json":{"title":"Bico aspersor para climatiza\u00e7\u00e3o - Bem-vindo \u00e0 ALFATERM","robots":{"index":"index","follow":"follow","max-snippet":"max-snippet:-1","max-image-preview":"max-image-preview:large","max-video-preview":"max-video-preview:-1"},"canonical":"https:\/\/www.alfaterm.com.br\/es\/informacoes\/bico-aspersor-climatizacao\/","og_locale":"es_ES","og_type":"article","og_title":"Bico aspersor para climatiza\u00e7\u00e3o","og_description":"O&nbsp;bico aspersor para climatiza\u00e7\u00e3o&nbsp;\u00e9 um componente desenvolvido para auxiliar nos processos de refrigera\u00e7\u00e3o e ventila\u00e7\u00e3o de ambientes, para evitar que o ambiente fique abafado e quente. Ele \u00e9 desenvolvido com uma tecnologia de ponta e com materiais de \u00f3tima proced\u00eancia, que garantem a durabilidade e a resist\u00eancia do acess\u00f3rio, mesmo em locais com grandes varia\u00e7\u00f5es [&hellip;]","og_url":"https:\/\/www.alfaterm.com.br\/es\/informacoes\/bico-aspersor-climatizacao\/","og_site_name":"Bem-vindo \u00e0 ALFATERM","article_modified_time":"2024-09-08T14:18:53+00:00","og_image":[{"width":1419,"height":1500,"url":"https:\/\/www.alfaterm.com.br\/wp-content\/uploads\/2024\/09\/bico-aspersor-para-climatizacao.webp","type":"image\/webp"}],"twitter_card":"summary_large_image","twitter_misc":{"Tiempo de lectura":"2 minutos"},"schema":{"@context":"https:\/\/schema.org","@graph":[{"@type":"WebPage","@id":"https:\/\/www.alfaterm.com.br\/informacoes\/bico-aspersor-climatizacao\/","url":"https:\/\/www.alfaterm.com.br\/informacoes\/bico-aspersor-climatizacao\/","name":"Bico aspersor para climatiza\u00e7\u00e3o - Bem-vindo \u00e0 ALFATERM","isPartOf":{"@id":"https:\/\/www.alfaterm.com.br\/#website"},"primaryImageOfPage":{"@id":"https:\/\/www.alfaterm.com.br\/informacoes\/bico-aspersor-climatizacao\/#primaryimage"},"image":{"@id":"https:\/\/www.alfaterm.com.br\/informacoes\/bico-aspersor-climatizacao\/#primaryimage"},"thumbnailUrl":"https:\/\/www.alfaterm.com.br\/wp-content\/uploads\/2024\/09\/bico-aspersor-para-climatizacao.webp","datePublished":"2024-09-02T10:43:38+00:00","dateModified":"2024-09-08T14:18:53+00:00","breadcrumb":{"@id":"https:\/\/www.alfaterm.com.br\/informacoes\/bico-aspersor-climatizacao\/#breadcrumb"},"inLanguage":"es","potentialAction":[{"@type":"ReadAction","target":["https:\/\/www.alfaterm.com.br\/informacoes\/bico-aspersor-climatizacao\/"]}]},{"@type":"ImageObject","inLanguage":"es","@id":"https:\/\/www.alfaterm.com.br\/informacoes\/bico-aspersor-climatizacao\/#primaryimage","url":"https:\/\/www.alfaterm.com.br\/wp-content\/uploads\/2024\/09\/bico-aspersor-para-climatizacao.webp","contentUrl":"https:\/\/www.alfaterm.com.br\/wp-content\/uploads\/2024\/09\/bico-aspersor-para-climatizacao.webp","width":1419,"height":1500},{"@type":"BreadcrumbList","@id":"https:\/\/www.alfaterm.com.br\/informacoes\/bico-aspersor-climatizacao\/#breadcrumb","itemListElement":[{"@type":"ListItem","position":1,"name":"Home","item":"https:\/\/www.alfaterm.com.br\/"},{"@type":"ListItem","position":2,"name":"Informa\u00e7\u00f5es","item":"https:\/\/www.alfaterm.com.br\/informacoes\/"},{"@type":"ListItem","position":3,"name":"Bico aspersor para climatiza\u00e7\u00e3o"}]},{"@type":"WebSite","@id":"https:\/\/www.alfaterm.com.br\/#website","url":"https:\/\/www.alfaterm.com.br\/","name":"Bem-vindo \u00e0 ALFATERM","description":"","publisher":{"@id":"https:\/\/www.alfaterm.com.br\/#organization"},"potentialAction":[{"@type":"SearchAction","target":{"@type":"EntryPoint","urlTemplate":"https:\/\/www.alfaterm.com.br\/?s={search_term_string}"},"query-input":{"@type":"PropertyValueSpecification","valueRequired":true,"valueName":"search_term_string"}}],"inLanguage":"es"},{"@type":"Organization","@id":"https:\/\/www.alfaterm.com.br\/#organization","name":"Bem-vindo \u00e0 ALFATERM","url":"https:\/\/www.alfaterm.com.br\/","logo":{"@type":"ImageObject","inLanguage":"es","@id":"https:\/\/www.alfaterm.com.br\/#\/schema\/logo\/image\/","url":"https:\/\/www.alfaterm.com.br\/wp-content\/uploads\/2024\/07\/logo-alfaterm.png","contentUrl":"https:\/\/www.alfaterm.com.br\/wp-content\/uploads\/2024\/07\/logo-alfaterm.png","width":393,"height":45,"caption":"Bem-vindo \u00e0 ALFATERM"},"image":{"@id":"https:\/\/www.alfaterm.com.br\/#\/schema\/logo\/image\/"}}]}},"_links":{"self":[{"href":"https:\/\/www.alfaterm.com.br\/es\/wp-json\/wp\/v2\/pages\/2190","targetHints":{"allow":["GET"]}}],"collection":[{"href":"https:\/\/www.alfaterm.com.br\/es\/wp-json\/wp\/v2\/pages"}],"about":[{"href":"https:\/\/www.alfaterm.com.br\/es\/wp-json\/wp\/v2\/types\/page"}],"author":[{"embeddable":true,"href":"https:\/\/www.alfaterm.com.br\/es\/wp-json\/wp\/v2\/users\/1"}],"replies":[{"embeddable":true,"href":"https:\/\/www.alfaterm.com.br\/es\/wp-json\/wp\/v2\/comments?post=2190"}],"version-history":[{"count":0,"href":"https:\/\/www.alfaterm.com.br\/es\/wp-json\/wp\/v2\/pages\/2190\/revisions"}],"up":[{"embeddable":true,"href":"https:\/\/www.alfaterm.com.br\/es\/wp-json\/wp\/v2\/pages\/2144"}],"wp:featuredmedia":[{"embeddable":true,"href":"https:\/\/www.alfaterm.com.br\/es\/wp-json\/wp\/v2\/media\/2191"}],"wp:attachment":[{"href":"https:\/\/www.alfaterm.com.br\/es\/wp-json\/wp\/v2\/media?parent=2190"}],"curies":[{"name":"wp","href":"https:\/\/api.w.org\/{rel}","templated":true}]}}