{"id":2146,"date":"2024-09-02T06:36:23","date_gmt":"2024-09-02T09:36:23","guid":{"rendered":"https:\/\/www.alfaterm.com.br\/?page_id=2146"},"modified":"2024-09-08T11:15:45","modified_gmt":"2024-09-08T14:15:45","slug":"assistencia-tecnica-torres-resfriar","status":"publish","type":"page","link":"https:\/\/www.alfaterm.com.br\/es\/informacoes\/assistencia-tecnica-torres-resfriar\/","title":{"rendered":"Assist\u00eancia t\u00e9cnica em torres de resfriar"},"content":{"rendered":"<p>A&nbsp;assist\u00eancia t\u00e9cnica em torres de resfriar&nbsp;\u00e9 um servi\u00e7o imprescinv\u00eddel para a manuten\u00e7\u00e3o de torres de resfriamento de \u00e1gua. O servi\u00e7o \u00e9 oferecido por fabricantes especializados em projetar e instalar torres de resfriamento de v\u00e1rios tipos.<\/p>\n\n\n\n<p>A principal fun\u00e7\u00e3o desses equipamentos \u00e9 remover o calor dos fluidos industriais e transferi-lo para a atmosfera de forma eficiente, \u00e1gil e econ\u00f4mica. Para manter as torres de resfriamento em opera\u00e7\u00e3o cont\u00ednua e no seu m\u00e1ximo desempenho, \u00e9 preciso realizar a manuten\u00e7\u00e3o preventiva e corretiva conforme a necessidade.<\/p>\n\n\n\n<h2 class=\"wp-block-heading\">COMO FUNCIONA O SERVI\u00c7O DE ASSIST\u00caNCIA T\u00c9CNICA EM TORRES DE RESFRIAR<\/h2>\n\n\n\n<p>O servi\u00e7o de&nbsp;assist\u00eancia t\u00e9cnica em torres de resfriar&nbsp;\u00e9 oferecido por empresas com experi\u00eancia no setor de dissipa\u00e7\u00e3o t\u00e9rmica por evapora\u00e7\u00e3o. Esses prestadores de servi\u00e7os e fabricantes possuem m\u00e3o de obra qualificada e equipamentos de alta tecnologia para oferecer as melhores solu\u00e7\u00f5es em manuten\u00e7\u00e3o preventiva e corretiva. A melhor op\u00e7\u00e3o \u00e9 sempre priorizar a manuten\u00e7\u00e3o preventiva, pois o servi\u00e7o permite a antecipa\u00e7\u00e3o de falhas e a troca de componentes conforme a necessidade, sem paralisa\u00e7\u00e3o do equipamento.<\/p>\n\n\n\n<h2 class=\"wp-block-heading\">POR QUE CONTRATAR A ASSIST\u00caNCIA T\u00c9CNICA EM TORRES DE RESFRIAR<\/h2>\n\n\n\n<p>S\u00e3o muitas as raz\u00f5es para contratar a&nbsp;assist\u00eancia t\u00e9cnica em torres de resfriar&nbsp;de empresas especializadas. Somente fabricantes com experi\u00eancia no setor podem oferecer servi\u00e7os confi\u00e1veis e precisos de manuten\u00e7\u00e3o preventiva e corretiva de torres de resfriamento de \u00e1gua.<\/p>\n\n\n\n<p>A manuten\u00e7\u00e3o preventiva permite a detec\u00e7\u00e3o de poss\u00edveis falhas, substitui\u00e7\u00e3o de componentes desgastados e monitoramento do desempenho das torres. Em caso de danos ou anormalidade, \u00e9 preciso recorrer \u00e0 manuten\u00e7\u00e3o corretiva para realizar os devidos reparos com seguran\u00e7a e confiabilidade.<\/p>\n\n\n\n<h2 class=\"wp-block-heading\">ALFATERM IND\u00daSTRIA E COM\u00c9RCIO LTDA.: ASSIST\u00caNCIA T\u00c9CNICA EM TORRES DE RESFRIAR DE CONFIAN\u00c7A<\/h2>\n\n\n\n<p>A ALFATERM Ind\u00fastria e Com\u00e9rcio Ltda. \u00e9 uma \u00f3tima empresa especializada em dissipa\u00e7\u00e3o t\u00e9rmica que oferece&nbsp;assist\u00eancia t\u00e9cnica em torres de resfriar&nbsp;de confian\u00e7a. A empresa oferece os servi\u00e7os de manuten\u00e7\u00e3o preventiva e corretiva de torres de resfriamento de \u00e1gua, al\u00e9m da fabrica\u00e7\u00e3o sob medida das estruturas e componentes variados.<\/p>\n\n\n\n<p>Como diferencial, a empresa \u00e9 a primeira do setor a ser certificada em um Sistema Integrado de Gest\u00e3o (SIG), em conformidade legal com as normas ISO 9001:2008, ISO 14001:2004 e OHSAS 18001:2007.&nbsp; Al\u00e9m disso, a empresa se destaca pelo atendimento personalizado e excelente custo-benef\u00edcio.<\/p>\n\n\n\n<h2 class=\"wp-block-heading\">Para saber mais sobre Assist\u00eancia t\u00e9cnica em torres de resfriar<\/h2>\n\n\n\n<p>Ligue para&nbsp;<strong>11 4156-8930<\/strong>&nbsp;ou&nbsp;<a href=\"https:\/\/www.alfaterm.com.br\/es\/contacto\/\">clique aqui<\/a>&nbsp;e entre em contato por email.<\/p>\n\n\n\n<p><\/p>","protected":false},"excerpt":{"rendered":"<p>A&nbsp;assist\u00eancia t\u00e9cnica em torres de resfriar&nbsp;\u00e9 um servi\u00e7o imprescinv\u00eddel para a manuten\u00e7\u00e3o de torres de resfriamento de \u00e1gua. O servi\u00e7o \u00e9 oferecido por fabricantes especializados em projetar e instalar torres de resfriamento de v\u00e1rios tipos. A principal fun\u00e7\u00e3o desses equipamentos \u00e9 remover o calor dos fluidos industriais e transferi-lo para a atmosfera de forma eficiente, [&hellip;]<\/p>","protected":false},"author":1,"featured_media":2181,"parent":2144,"menu_order":0,"comment_status":"closed","ping_status":"closed","template":"","meta":{"_acf_changed":false,"_joinchat":[],"footnotes":""},"class_list":["post-2146","page","type-page","status-publish","has-post-thumbnail","hentry"],"acf":[],"yoast_head":"<!-- This site is optimized with the Yoast SEO Premium plugin v23.4 (Yoast SEO v27.1.1) - https:\/\/yoast.com\/product\/yoast-seo-premium-wordpress\/ -->\n<title>Assist\u00eancia t\u00e9cnica em torres de resfriar - Bem-vindo \u00e0 ALFATERM<\/title>\n<meta name=\"robots\" content=\"index, follow, max-snippet:-1, max-image-preview:large, max-video-preview:-1\" \/>\n<link rel=\"canonical\" href=\"https:\/\/www.alfaterm.com.br\/es\/informacoes\/assistencia-tecnica-torres-resfriar\/\" \/>\n<meta property=\"og:locale\" content=\"es_ES\" \/>\n<meta property=\"og:type\" content=\"article\" \/>\n<meta property=\"og:title\" content=\"Assist\u00eancia t\u00e9cnica em torres de resfriar\" \/>\n<meta property=\"og:description\" content=\"A&nbsp;assist\u00eancia t\u00e9cnica em torres de resfriar&nbsp;\u00e9 um servi\u00e7o imprescinv\u00eddel para a manuten\u00e7\u00e3o de torres de resfriamento de \u00e1gua. O servi\u00e7o \u00e9 oferecido por fabricantes especializados em projetar e instalar torres de resfriamento de v\u00e1rios tipos. A principal fun\u00e7\u00e3o desses equipamentos \u00e9 remover o calor dos fluidos industriais e transferi-lo para a atmosfera de forma eficiente, [&hellip;]\" \/>\n<meta property=\"og:url\" content=\"https:\/\/www.alfaterm.com.br\/es\/informacoes\/assistencia-tecnica-torres-resfriar\/\" \/>\n<meta property=\"og:site_name\" content=\"Bem-vindo \u00e0 ALFATERM\" \/>\n<meta property=\"article:modified_time\" content=\"2024-09-08T14:15:45+00:00\" \/>\n<meta property=\"og:image\" content=\"https:\/\/www.alfaterm.com.br\/wp-content\/uploads\/2024\/09\/assistencia-tecnica-torres-resfriar.webp\" \/>\n\t<meta property=\"og:image:width\" content=\"1500\" \/>\n\t<meta property=\"og:image:height\" content=\"1294\" \/>\n\t<meta property=\"og:image:type\" content=\"image\/webp\" \/>\n<meta name=\"twitter:card\" content=\"summary_large_image\" \/>\n<meta name=\"twitter:label1\" content=\"Tiempo de lectura\" \/>\n\t<meta name=\"twitter:data1\" content=\"2 minutos\" \/>\n<script type=\"application\/ld+json\" class=\"yoast-schema-graph\">{\"@context\":\"https:\/\/schema.org\",\"@graph\":[{\"@type\":\"WebPage\",\"@id\":\"https:\/\/www.alfaterm.com.br\/informacoes\/assistencia-tecnica-torres-resfriar\/\",\"url\":\"https:\/\/www.alfaterm.com.br\/informacoes\/assistencia-tecnica-torres-resfriar\/\",\"name\":\"Assist\u00eancia t\u00e9cnica em torres de resfriar - Bem-vindo \u00e0 ALFATERM\",\"isPartOf\":{\"@id\":\"https:\/\/www.alfaterm.com.br\/#website\"},\"primaryImageOfPage\":{\"@id\":\"https:\/\/www.alfaterm.com.br\/informacoes\/assistencia-tecnica-torres-resfriar\/#primaryimage\"},\"image\":{\"@id\":\"https:\/\/www.alfaterm.com.br\/informacoes\/assistencia-tecnica-torres-resfriar\/#primaryimage\"},\"thumbnailUrl\":\"https:\/\/www.alfaterm.com.br\/wp-content\/uploads\/2024\/09\/assistencia-tecnica-torres-resfriar.webp\",\"datePublished\":\"2024-09-02T09:36:23+00:00\",\"dateModified\":\"2024-09-08T14:15:45+00:00\",\"breadcrumb\":{\"@id\":\"https:\/\/www.alfaterm.com.br\/informacoes\/assistencia-tecnica-torres-resfriar\/#breadcrumb\"},\"inLanguage\":\"es\",\"potentialAction\":[{\"@type\":\"ReadAction\",\"target\":[\"https:\/\/www.alfaterm.com.br\/informacoes\/assistencia-tecnica-torres-resfriar\/\"]}]},{\"@type\":\"ImageObject\",\"inLanguage\":\"es\",\"@id\":\"https:\/\/www.alfaterm.com.br\/informacoes\/assistencia-tecnica-torres-resfriar\/#primaryimage\",\"url\":\"https:\/\/www.alfaterm.com.br\/wp-content\/uploads\/2024\/09\/assistencia-tecnica-torres-resfriar.webp\",\"contentUrl\":\"https:\/\/www.alfaterm.com.br\/wp-content\/uploads\/2024\/09\/assistencia-tecnica-torres-resfriar.webp\",\"width\":1500,\"height\":1294},{\"@type\":\"BreadcrumbList\",\"@id\":\"https:\/\/www.alfaterm.com.br\/informacoes\/assistencia-tecnica-torres-resfriar\/#breadcrumb\",\"itemListElement\":[{\"@type\":\"ListItem\",\"position\":1,\"name\":\"Home\",\"item\":\"https:\/\/www.alfaterm.com.br\/\"},{\"@type\":\"ListItem\",\"position\":2,\"name\":\"Informa\u00e7\u00f5es\",\"item\":\"https:\/\/www.alfaterm.com.br\/informacoes\/\"},{\"@type\":\"ListItem\",\"position\":3,\"name\":\"Assist\u00eancia t\u00e9cnica em torres de resfriar\"}]},{\"@type\":\"WebSite\",\"@id\":\"https:\/\/www.alfaterm.com.br\/#website\",\"url\":\"https:\/\/www.alfaterm.com.br\/\",\"name\":\"Bem-vindo \u00e0 ALFATERM\",\"description\":\"\",\"publisher\":{\"@id\":\"https:\/\/www.alfaterm.com.br\/#organization\"},\"potentialAction\":[{\"@type\":\"SearchAction\",\"target\":{\"@type\":\"EntryPoint\",\"urlTemplate\":\"https:\/\/www.alfaterm.com.br\/?s={search_term_string}\"},\"query-input\":{\"@type\":\"PropertyValueSpecification\",\"valueRequired\":true,\"valueName\":\"search_term_string\"}}],\"inLanguage\":\"es\"},{\"@type\":\"Organization\",\"@id\":\"https:\/\/www.alfaterm.com.br\/#organization\",\"name\":\"Bem-vindo \u00e0 ALFATERM\",\"url\":\"https:\/\/www.alfaterm.com.br\/\",\"logo\":{\"@type\":\"ImageObject\",\"inLanguage\":\"es\",\"@id\":\"https:\/\/www.alfaterm.com.br\/#\/schema\/logo\/image\/\",\"url\":\"https:\/\/www.alfaterm.com.br\/wp-content\/uploads\/2024\/07\/logo-alfaterm.png\",\"contentUrl\":\"https:\/\/www.alfaterm.com.br\/wp-content\/uploads\/2024\/07\/logo-alfaterm.png\",\"width\":393,\"height\":45,\"caption\":\"Bem-vindo \u00e0 ALFATERM\"},\"image\":{\"@id\":\"https:\/\/www.alfaterm.com.br\/#\/schema\/logo\/image\/\"}}]}<\/script>\n<!-- \/ Yoast SEO Premium plugin. -->","yoast_head_json":{"title":"Assist\u00eancia t\u00e9cnica em torres de resfriar - Bem-vindo \u00e0 ALFATERM","robots":{"index":"index","follow":"follow","max-snippet":"max-snippet:-1","max-image-preview":"max-image-preview:large","max-video-preview":"max-video-preview:-1"},"canonical":"https:\/\/www.alfaterm.com.br\/es\/informacoes\/assistencia-tecnica-torres-resfriar\/","og_locale":"es_ES","og_type":"article","og_title":"Assist\u00eancia t\u00e9cnica em torres de resfriar","og_description":"A&nbsp;assist\u00eancia t\u00e9cnica em torres de resfriar&nbsp;\u00e9 um servi\u00e7o imprescinv\u00eddel para a manuten\u00e7\u00e3o de torres de resfriamento de \u00e1gua. O servi\u00e7o \u00e9 oferecido por fabricantes especializados em projetar e instalar torres de resfriamento de v\u00e1rios tipos. A principal fun\u00e7\u00e3o desses equipamentos \u00e9 remover o calor dos fluidos industriais e transferi-lo para a atmosfera de forma eficiente, [&hellip;]","og_url":"https:\/\/www.alfaterm.com.br\/es\/informacoes\/assistencia-tecnica-torres-resfriar\/","og_site_name":"Bem-vindo \u00e0 ALFATERM","article_modified_time":"2024-09-08T14:15:45+00:00","og_image":[{"width":1500,"height":1294,"url":"https:\/\/www.alfaterm.com.br\/wp-content\/uploads\/2024\/09\/assistencia-tecnica-torres-resfriar.webp","type":"image\/webp"}],"twitter_card":"summary_large_image","twitter_misc":{"Tiempo de lectura":"2 minutos"},"schema":{"@context":"https:\/\/schema.org","@graph":[{"@type":"WebPage","@id":"https:\/\/www.alfaterm.com.br\/informacoes\/assistencia-tecnica-torres-resfriar\/","url":"https:\/\/www.alfaterm.com.br\/informacoes\/assistencia-tecnica-torres-resfriar\/","name":"Assist\u00eancia t\u00e9cnica em torres de resfriar - Bem-vindo \u00e0 ALFATERM","isPartOf":{"@id":"https:\/\/www.alfaterm.com.br\/#website"},"primaryImageOfPage":{"@id":"https:\/\/www.alfaterm.com.br\/informacoes\/assistencia-tecnica-torres-resfriar\/#primaryimage"},"image":{"@id":"https:\/\/www.alfaterm.com.br\/informacoes\/assistencia-tecnica-torres-resfriar\/#primaryimage"},"thumbnailUrl":"https:\/\/www.alfaterm.com.br\/wp-content\/uploads\/2024\/09\/assistencia-tecnica-torres-resfriar.webp","datePublished":"2024-09-02T09:36:23+00:00","dateModified":"2024-09-08T14:15:45+00:00","breadcrumb":{"@id":"https:\/\/www.alfaterm.com.br\/informacoes\/assistencia-tecnica-torres-resfriar\/#breadcrumb"},"inLanguage":"es","potentialAction":[{"@type":"ReadAction","target":["https:\/\/www.alfaterm.com.br\/informacoes\/assistencia-tecnica-torres-resfriar\/"]}]},{"@type":"ImageObject","inLanguage":"es","@id":"https:\/\/www.alfaterm.com.br\/informacoes\/assistencia-tecnica-torres-resfriar\/#primaryimage","url":"https:\/\/www.alfaterm.com.br\/wp-content\/uploads\/2024\/09\/assistencia-tecnica-torres-resfriar.webp","contentUrl":"https:\/\/www.alfaterm.com.br\/wp-content\/uploads\/2024\/09\/assistencia-tecnica-torres-resfriar.webp","width":1500,"height":1294},{"@type":"BreadcrumbList","@id":"https:\/\/www.alfaterm.com.br\/informacoes\/assistencia-tecnica-torres-resfriar\/#breadcrumb","itemListElement":[{"@type":"ListItem","position":1,"name":"Home","item":"https:\/\/www.alfaterm.com.br\/"},{"@type":"ListItem","position":2,"name":"Informa\u00e7\u00f5es","item":"https:\/\/www.alfaterm.com.br\/informacoes\/"},{"@type":"ListItem","position":3,"name":"Assist\u00eancia t\u00e9cnica em torres de resfriar"}]},{"@type":"WebSite","@id":"https:\/\/www.alfaterm.com.br\/#website","url":"https:\/\/www.alfaterm.com.br\/","name":"Bem-vindo \u00e0 ALFATERM","description":"","publisher":{"@id":"https:\/\/www.alfaterm.com.br\/#organization"},"potentialAction":[{"@type":"SearchAction","target":{"@type":"EntryPoint","urlTemplate":"https:\/\/www.alfaterm.com.br\/?s={search_term_string}"},"query-input":{"@type":"PropertyValueSpecification","valueRequired":true,"valueName":"search_term_string"}}],"inLanguage":"es"},{"@type":"Organization","@id":"https:\/\/www.alfaterm.com.br\/#organization","name":"Bem-vindo \u00e0 ALFATERM","url":"https:\/\/www.alfaterm.com.br\/","logo":{"@type":"ImageObject","inLanguage":"es","@id":"https:\/\/www.alfaterm.com.br\/#\/schema\/logo\/image\/","url":"https:\/\/www.alfaterm.com.br\/wp-content\/uploads\/2024\/07\/logo-alfaterm.png","contentUrl":"https:\/\/www.alfaterm.com.br\/wp-content\/uploads\/2024\/07\/logo-alfaterm.png","width":393,"height":45,"caption":"Bem-vindo \u00e0 ALFATERM"},"image":{"@id":"https:\/\/www.alfaterm.com.br\/#\/schema\/logo\/image\/"}}]}},"_links":{"self":[{"href":"https:\/\/www.alfaterm.com.br\/es\/wp-json\/wp\/v2\/pages\/2146","targetHints":{"allow":["GET"]}}],"collection":[{"href":"https:\/\/www.alfaterm.com.br\/es\/wp-json\/wp\/v2\/pages"}],"about":[{"href":"https:\/\/www.alfaterm.com.br\/es\/wp-json\/wp\/v2\/types\/page"}],"author":[{"embeddable":true,"href":"https:\/\/www.alfaterm.com.br\/es\/wp-json\/wp\/v2\/users\/1"}],"replies":[{"embeddable":true,"href":"https:\/\/www.alfaterm.com.br\/es\/wp-json\/wp\/v2\/comments?post=2146"}],"version-history":[{"count":0,"href":"https:\/\/www.alfaterm.com.br\/es\/wp-json\/wp\/v2\/pages\/2146\/revisions"}],"up":[{"embeddable":true,"href":"https:\/\/www.alfaterm.com.br\/es\/wp-json\/wp\/v2\/pages\/2144"}],"wp:featuredmedia":[{"embeddable":true,"href":"https:\/\/www.alfaterm.com.br\/es\/wp-json\/wp\/v2\/media\/2181"}],"wp:attachment":[{"href":"https:\/\/www.alfaterm.com.br\/es\/wp-json\/wp\/v2\/media?parent=2146"}],"curies":[{"name":"wp","href":"https:\/\/api.w.org\/{rel}","templated":true}]}}