{"id":627,"date":"2024-08-12T22:19:35","date_gmt":"2024-08-13T01:19:35","guid":{"rendered":"https:\/\/www.alfaterm.com.br\/?page_id=627"},"modified":"2024-08-23T15:27:25","modified_gmt":"2024-08-23T18:27:25","slug":"bocais-e-bicos-aspersores","status":"publish","type":"page","link":"https:\/\/www.alfaterm.com.br\/en\/sprinkler-nozzles\/","title":{"rendered":"Nozzle and nozzle spray"},"content":{"rendered":"<div data-elementor-type=\"wp-page\" data-elementor-id=\"627\" class=\"elementor elementor-627\" data-elementor-post-type=\"page\">\n\t\t\t\t<div class=\"elementor-element elementor-element-1181c82 e-flex e-con-boxed e-con e-parent\" data-id=\"1181c82\" data-element_type=\"container\" data-settings=\"{&quot;background_background&quot;:&quot;classic&quot;}\">\n\t\t\t\t\t<div class=\"e-con-inner\">\n\t\t\t\t\t<\/div>\n\t\t\t\t<\/div>\n\t\t<div class=\"elementor-element elementor-element-12aa9a6 e-flex e-con-boxed e-con e-parent\" data-id=\"12aa9a6\" data-element_type=\"container\">\n\t\t\t\t\t<div class=\"e-con-inner\">\n\t\t<div class=\"elementor-element elementor-element-ec84324 e-con-full e-flex e-con e-child\" data-id=\"ec84324\" data-element_type=\"container\">\n\t\t<div class=\"elementor-element elementor-element-61b29f3 e-con-full e-flex e-con e-child\" data-id=\"61b29f3\" data-element_type=\"container\" data-settings=\"{&quot;background_background&quot;:&quot;classic&quot;}\">\n\t\t\t\t<div class=\"elementor-element elementor-element-0d0f969 elementor-widget elementor-widget-text-editor\" data-id=\"0d0f969\" data-element_type=\"widget\" data-widget_type=\"text-editor.default\">\n\t\t\t\t<div class=\"elementor-widget-container\">\n\t\t\t<style>\/*! elementor - v3.23.0 - 05-08-2024 *\/\n.elementor-widget-text-editor.elementor-drop-cap-view-stacked .elementor-drop-cap{background-color:#69727d;color:#fff}.elementor-widget-text-editor.elementor-drop-cap-view-framed .elementor-drop-cap{color:#69727d;border:3px solid;background-color:transparent}.elementor-widget-text-editor:not(.elementor-drop-cap-view-default) .elementor-drop-cap{margin-top:8px}.elementor-widget-text-editor:not(.elementor-drop-cap-view-default) .elementor-drop-cap-letter{width:1em;height:1em}.elementor-widget-text-editor .elementor-drop-cap{float:left;text-align:center;line-height:1;font-size:50px}.elementor-widget-text-editor .elementor-drop-cap-letter{display:inline-block}<\/style>\t\t\t\t<p>The ALFATERM employs a high-technology and in the manufacture of parts and accessories for your cooling tower and water, using components from cutting-edge high-performance materials are great for ensuring maximum strength and durability.<\/p><p>The nozzles in the spray powder with the hot water in the process, it goes from the top of the tower, and is distributed by gravity or pressurization for the filling of the contact, the filling, making the hot water to the heat exchange with the air that to happen to you.<\/p><p>The choice of the raw materials used in the manufacture of water distribution helps in the reduction of the scale of waste and by reducing the need for constant cleaning and to avoid the risk of clogging, and the end of the day, nozzle, spray head clogged decreases, the flow rate of the water, and it reduces the efficiency of cooling systems.<\/p><p>All kinds of nozzles, spray heads are available: g for gravity-feed-through channels that are open, or SEARCHED for the distribution of the pressure building across the tubes are closed.<\/p>\t\t\t\t\t\t<\/div>\n\t\t\t\t<\/div>\n\t\t\t\t<\/div>\n\t\t\t\t<div class=\"elementor-element elementor-element-a586074 elementor-arrows-position-outside elementor-widget__width-initial elementor-widget elementor-widget-image-carousel\" data-id=\"a586074\" data-element_type=\"widget\" data-settings=\"{&quot;slides_to_show&quot;:&quot;1&quot;,&quot;navigation&quot;:&quot;arrows&quot;,&quot;autoplay&quot;:&quot;yes&quot;,&quot;pause_on_hover&quot;:&quot;yes&quot;,&quot;pause_on_interaction&quot;:&quot;yes&quot;,&quot;autoplay_speed&quot;:5000,&quot;infinite&quot;:&quot;yes&quot;,&quot;effect&quot;:&quot;slide&quot;,&quot;speed&quot;:500}\" data-widget_type=\"image-carousel.default\">\n\t\t\t\t<div class=\"elementor-widget-container\">\n\t\t\t<style>\/*! elementor - v3.23.0 - 05-08-2024 *\/\n.elementor-widget-image-carousel .swiper,.elementor-widget-image-carousel .swiper-container{position:static}.elementor-widget-image-carousel .swiper-container .swiper-slide figure,.elementor-widget-image-carousel .swiper .swiper-slide figure{line-height:inherit}.elementor-widget-image-carousel .swiper-slide{text-align:center}.elementor-image-carousel-wrapper:not(.swiper-container-initialized):not(.swiper-initialized) .swiper-slide{max-width:calc(100% \/ var(--e-image-carousel-slides-to-show, 3))}<\/style>\t\t<div class=\"elementor-image-carousel-wrapper swiper\" dir=\"ltr\">\n\t\t\t<div class=\"elementor-image-carousel swiper-wrapper\" aria-live=\"off\">\n\t\t\t\t\t\t\t\t<div class=\"swiper-slide\" role=\"group\" aria-roledescription=\"slide\" aria-label=\"1 of 6\"><figure class=\"swiper-slide-inner\"><img decoding=\"async\" class=\"swiper-slide-image\" src=\"https:\/\/www.alfaterm.com.br\/wp-content\/uploads\/2024\/08\/bocais-e-bicos-aspersores-para-torres-de-resfriamento-de-agua-0.webp\" alt=\"nozzle and nozzle-spray-with-towers-of-the-cooling-water-0\" \/><\/figure><\/div><div class=\"swiper-slide\" role=\"group\" aria-roledescription=\"slide\" aria-label=\"Page 2 of 6\"><figure class=\"swiper-slide-inner\"><img decoding=\"async\" class=\"swiper-slide-image\" src=\"https:\/\/www.alfaterm.com.br\/wp-content\/uploads\/2024\/08\/bocais-e-bicos-aspersores-para-torres-de-resfriamento-de-agua-1.webp\" alt=\"nozzle and nozzle-spray-with-towers-of-the-cooling-water-1\" \/><\/figure><\/div><div class=\"swiper-slide\" role=\"group\" aria-roledescription=\"slide\" aria-label=\"3 of 6\"><figure class=\"swiper-slide-inner\"><img decoding=\"async\" class=\"swiper-slide-image\" src=\"https:\/\/www.alfaterm.com.br\/wp-content\/uploads\/2024\/08\/bocais-e-bicos-aspersores-para-torres-de-resfriamento-de-agua-2.webp\" alt=\"nozzle and nozzle-spray-with-towers-of-the-cooling-water-2\" \/><\/figure><\/div><div class=\"swiper-slide\" role=\"group\" aria-roledescription=\"slide\" aria-label=\"4-6\"><figure class=\"swiper-slide-inner\"><img decoding=\"async\" class=\"swiper-slide-image\" src=\"https:\/\/www.alfaterm.com.br\/wp-content\/uploads\/2024\/08\/bocais-e-bicos-aspersores-para-torres-de-resfriamento-de-agua-3.webp\" alt=\"nozzle and nozzle-spray-with-towers-of-the-cooling-of-the-water-in 3\" \/><\/figure><\/div><div class=\"swiper-slide\" role=\"group\" aria-roledescription=\"slide\" aria-label=\"Page 5 of 6\"><figure class=\"swiper-slide-inner\"><img decoding=\"async\" class=\"swiper-slide-image\" src=\"https:\/\/www.alfaterm.com.br\/wp-content\/uploads\/2024\/08\/bocais-e-bicos-aspersores-para-torres-de-resfriamento-de-agua-4.webp\" alt=\"nozzle and nozzle-spray-with-towers-of-the-cooling-of-water-4\" \/><\/figure><\/div><div class=\"swiper-slide\" role=\"group\" aria-roledescription=\"slide\" aria-label=\"6 of 6\"><figure class=\"swiper-slide-inner\"><img decoding=\"async\" class=\"swiper-slide-image\" src=\"https:\/\/www.alfaterm.com.br\/wp-content\/uploads\/2024\/08\/bocais-e-bicos-aspersores-para-torres-de-resfriamento-de-agua-5.webp\" alt=\"nozzle and nozzle-spray-with-towers-of-the-cooling-water-5\" \/><\/figure><\/div>\t\t\t<\/div>\n\t\t\t\t\t\t\t\t\t\t\t\t<div class=\"elementor-swiper-button elementor-swiper-button-prev\" role=\"button\" tabindex=\"0\">\n\t\t\t\t\t\t<svg aria-hidden=\"true\" class=\"e-font-icon-svg e-eicon-chevron-left\" viewbox=\"0 0 1000 1000\" xmlns=\"http:\/\/www.w3.org\/2000\/svg\"><path d=\"M646 125C629 125 613 133 604 142L308 442C296 454 292 471 292 487 292 504 296 521 308 533L604 854C617 867 629 875 646 875 663 875 679 871 692 858 704 846 713 829 713 812 713 796 708 779 692 767L438 487 692 225C700 217 708 204 708 187 708 171 704 154 692 142 675 129 663 125 646 125Z\"><\/path><\/svg>\t\t\t\t\t<\/div>\n\t\t\t\t\t<div class=\"elementor-swiper-button elementor-swiper-button-next\" role=\"button\" tabindex=\"0\">\n\t\t\t\t\t\t<svg aria-hidden=\"true\" class=\"e-font-icon-svg e-eicon-chevron-right\" viewbox=\"0 0 1000 1000\" xmlns=\"http:\/\/www.w3.org\/2000\/svg\"><path d=\"M696 533C708 521 713 504 713 487 713 471 708 454 696 446L400 146C388 133 375 125 354 125 338 125 325 129 313 142 300 154 292 171 292 187 292 204 296 221 308 233L563 492 304 771C292 783 288 800 288 817 288 833 296 850 308 863 321 871 338 875 354 875 371 875 388 867 400 854L696 533Z\"><\/path><\/svg>\t\t\t\t\t<\/div>\n\t\t\t\t\n\t\t\t\t\t\t\t\t\t<\/div>\n\t\t\t\t<\/div>\n\t\t\t\t<\/div>\n\t\t\t\t<\/div>\n\t\t\t\t\t<\/div>\n\t\t\t\t<\/div>\n\t\t<div class=\"elementor-element elementor-element-351a09b e-grid e-con-boxed e-con e-parent\" data-id=\"351a09b\" data-element_type=\"container\">\n\t\t\t\t\t<div class=\"e-con-inner\">\n\t\t<div class=\"elementor-element elementor-element-65c2433 e-con-full e-flex e-con e-child\" data-id=\"65c2433\" data-element_type=\"container\">\n\t\t\t\t<div class=\"elementor-element elementor-element-d42347b elementor-widget elementor-widget-heading\" data-id=\"d42347b\" data-element_type=\"widget\" data-widget_type=\"heading.default\">\n\t\t\t\t<div class=\"elementor-widget-container\">\n\t\t\t<style>\/*! elementor - v3.23.0 - 05-08-2024 *\/\n.elementor-heading-title{padding:0;margin:0;line-height:1}.elementor-widget-heading .elementor-heading-title[class*=elementor-size-]>a{color:inherit;font-size:inherit;line-height:inherit}.elementor-widget-heading .elementor-heading-title.elementor-size-small{font-size:15px}.elementor-widget-heading .elementor-heading-title.elementor-size-medium{font-size:19px}.elementor-widget-heading .elementor-heading-title.elementor-size-large{font-size:29px}.elementor-widget-heading .elementor-heading-title.elementor-size-xl{font-size:39px}.elementor-widget-heading .elementor-heading-title.elementor-size-xxl{font-size:59px}<\/style><h2 class=\"elementor-heading-title elementor-size-default\">A type of GR<\/h2>\t\t<\/div>\n\t\t\t\t<\/div>\n\t\t\t\t<div class=\"elementor-element elementor-element-753e0e3 elementor-widget elementor-widget-text-editor\" data-id=\"753e0e3\" data-element_type=\"widget\" data-widget_type=\"text-editor.default\">\n\t\t\t\t<div class=\"elementor-widget-container\">\n\t\t\t\t\t\t\t<p>Type-GR. made of ABS, PP, or PVC, distribution, severity, and by the channel are open.<\/p>\t\t\t\t\t\t<\/div>\n\t\t\t\t<\/div>\n\t\t\t\t<\/div>\n\t\t<div class=\"elementor-element elementor-element-92c57b7 e-con-full e-flex e-con e-child\" data-id=\"92c57b7\" data-element_type=\"container\">\n\t\t\t\t<div class=\"elementor-element elementor-element-f6a3680 elementor-widget elementor-widget-heading\" data-id=\"f6a3680\" data-element_type=\"widget\" data-widget_type=\"heading.default\">\n\t\t\t\t<div class=\"elementor-widget-container\">\n\t\t\t<h2 class=\"elementor-heading-title elementor-size-default\">Type QP<\/h2>\t\t<\/div>\n\t\t\t\t<\/div>\n\t\t\t\t<div class=\"elementor-element elementor-element-9b961e1 elementor-widget elementor-widget-text-editor\" data-id=\"9b961e1\" data-element_type=\"widget\" data-widget_type=\"text-editor.default\">\n\t\t\t\t<div class=\"elementor-widget-container\">\n\t\t\t\t\t\t\t<p>Type QP made of ABS, PP, or PVC, in the distribution for a leader through the pipe is closed.<\/p>\t\t\t\t\t\t<\/div>\n\t\t\t\t<\/div>\n\t\t\t\t<\/div>\n\t\t\t\t\t<\/div>\n\t\t\t\t<\/div>\n\t\t<div class=\"elementor-element elementor-element-f26bc23 e-flex e-con-boxed e-con e-parent\" data-id=\"f26bc23\" data-element_type=\"container\" data-settings=\"{&quot;background_background&quot;:&quot;gradient&quot;}\">\n\t\t\t\t\t<div class=\"e-con-inner\">\n\t\t<div class=\"elementor-element elementor-element-d58c6f1 e-con-full e-flex e-con e-child\" data-id=\"d58c6f1\" data-element_type=\"container\">\n\t\t\t\t<div class=\"elementor-element elementor-element-eb36219 elementor-widget elementor-widget-heading\" data-id=\"eb36219\" data-element_type=\"widget\" data-widget_type=\"heading.default\">\n\t\t\t\t<div class=\"elementor-widget-container\">\n\t\t\t<h2 class=\"elementor-heading-title elementor-size-default\">Contact us<\/h2>\t\t<\/div>\n\t\t\t\t<\/div>\n\t\t\t\t<div class=\"elementor-element elementor-element-670dcab elementor-widget elementor-widget-text-editor\" data-id=\"670dcab\" data-element_type=\"widget\" data-widget_type=\"text-editor.default\">\n\t\t\t\t<div class=\"elementor-widget-container\">\n\t\t\t\t\t\t\t<p>Talk to us about your needs.<\/p>\t\t\t\t\t\t<\/div>\n\t\t\t\t<\/div>\n\t\t\t\t<\/div>\n\t\t<div class=\"elementor-element elementor-element-7a55dbe e-con-full e-flex e-con e-child\" data-id=\"7a55dbe\" data-element_type=\"container\">\n\t\t\t\t<div class=\"elementor-element elementor-element-3ee5b24 elementor-align-justify elementor-widget elementor-widget-button\" data-id=\"3ee5b24\" data-element_type=\"widget\" data-widget_type=\"button.default\">\n\t\t\t\t<div class=\"elementor-widget-container\">\n\t\t\t\t\t<div class=\"elementor-button-wrapper\">\n\t\t\t<a class=\"elementor-button elementor-button-link elementor-size-sm\" href=\"https:\/\/www.alfaterm.com.br\/en\/contact\/\">\n\t\t\t\t\t\t<span class=\"elementor-button-content-wrapper\">\n\t\t\t\t\t\t\t\t\t<span class=\"elementor-button-text\">Contact us<\/span>\n\t\t\t\t\t<\/span>\n\t\t\t\t\t<\/a>\n\t\t<\/div>\n\t\t\t\t<\/div>\n\t\t\t\t<\/div>\n\t\t\t\t<\/div>\n\t\t\t\t\t<\/div>\n\t\t\t\t<\/div>\n\t\t\t\t<\/div>","protected":false},"excerpt":{"rendered":"<p>A ALFATERM emprega alta tecnologia na fabrica\u00e7\u00e3o de partes e pe\u00e7as de suas torres de resfriamento de \u00e1gua,\u00a0utilizando componentes de ponta com maior desempenho e mat\u00e9rias-primas excelentes para garantir a m\u00e1xima resist\u00eancia e durabilidade. Os bicos aspersores pulverizam a \u00e1gua quente do processo que entra pela parte superior da torre, e distribuem por gravidade ou [&hellip;]<\/p>","protected":false},"author":1,"featured_media":0,"parent":0,"menu_order":0,"comment_status":"closed","ping_status":"closed","template":"","meta":{"_acf_changed":false,"_joinchat":[],"footnotes":""},"class_list":["post-627","page","type-page","status-publish","hentry"],"acf":[],"yoast_head":"<!-- This site is optimized with the Yoast SEO Premium plugin v23.4 (Yoast SEO v27.1.1) - https:\/\/yoast.com\/product\/yoast-seo-premium-wordpress\/ -->\n<title>Bocais e bicos aspersores - Bem-vindo \u00e0 ALFATERM<\/title>\n<meta name=\"robots\" content=\"index, follow, max-snippet:-1, max-image-preview:large, max-video-preview:-1\" \/>\n<link rel=\"canonical\" href=\"https:\/\/www.alfaterm.com.br\/en\/sprinkler-nozzles\/\" \/>\n<meta property=\"og:locale\" content=\"en_US\" \/>\n<meta property=\"og:type\" content=\"article\" \/>\n<meta property=\"og:title\" content=\"Bocais e bicos aspersores\" \/>\n<meta property=\"og:description\" content=\"A ALFATERM emprega alta tecnologia na fabrica\u00e7\u00e3o de partes e pe\u00e7as de suas torres de resfriamento de \u00e1gua,\u00a0utilizando componentes de ponta com maior desempenho e mat\u00e9rias-primas excelentes para garantir a m\u00e1xima resist\u00eancia e durabilidade. Os bicos aspersores pulverizam a \u00e1gua quente do processo que entra pela parte superior da torre, e distribuem por gravidade ou [&hellip;]\" \/>\n<meta property=\"og:url\" content=\"https:\/\/www.alfaterm.com.br\/en\/sprinkler-nozzles\/\" \/>\n<meta property=\"og:site_name\" content=\"Bem-vindo \u00e0 ALFATERM\" \/>\n<meta property=\"article:modified_time\" content=\"2024-08-23T18:27:25+00:00\" \/>\n<meta property=\"og:image\" content=\"https:\/\/www.alfaterm.com.br\/wp-content\/uploads\/2024\/08\/bocais-e-bicos-aspersores-para-torres-de-resfriamento-de-agua-0.webp\" \/>\n<meta name=\"twitter:card\" content=\"summary_large_image\" \/>\n<meta name=\"twitter:label1\" content=\"Est. reading time\" \/>\n\t<meta name=\"twitter:data1\" content=\"1 minute\" \/>\n<script type=\"application\/ld+json\" class=\"yoast-schema-graph\">{\"@context\":\"https:\/\/schema.org\",\"@graph\":[{\"@type\":\"WebPage\",\"@id\":\"https:\/\/www.alfaterm.com.br\/bocais-e-bicos-aspersores\/\",\"url\":\"https:\/\/www.alfaterm.com.br\/bocais-e-bicos-aspersores\/\",\"name\":\"Bocais e bicos aspersores - Bem-vindo \u00e0 ALFATERM\",\"isPartOf\":{\"@id\":\"https:\/\/www.alfaterm.com.br\/#website\"},\"primaryImageOfPage\":{\"@id\":\"https:\/\/www.alfaterm.com.br\/bocais-e-bicos-aspersores\/#primaryimage\"},\"image\":{\"@id\":\"https:\/\/www.alfaterm.com.br\/bocais-e-bicos-aspersores\/#primaryimage\"},\"thumbnailUrl\":\"https:\/\/www.alfaterm.com.br\/wp-content\/uploads\/2024\/08\/bocais-e-bicos-aspersores-para-torres-de-resfriamento-de-agua-0.webp\",\"datePublished\":\"2024-08-13T01:19:35+00:00\",\"dateModified\":\"2024-08-23T18:27:25+00:00\",\"breadcrumb\":{\"@id\":\"https:\/\/www.alfaterm.com.br\/bocais-e-bicos-aspersores\/#breadcrumb\"},\"inLanguage\":\"en-US\",\"potentialAction\":[{\"@type\":\"ReadAction\",\"target\":[\"https:\/\/www.alfaterm.com.br\/bocais-e-bicos-aspersores\/\"]}]},{\"@type\":\"ImageObject\",\"inLanguage\":\"en-US\",\"@id\":\"https:\/\/www.alfaterm.com.br\/bocais-e-bicos-aspersores\/#primaryimage\",\"url\":\"https:\/\/www.alfaterm.com.br\/wp-content\/uploads\/2024\/08\/bocais-e-bicos-aspersores-para-torres-de-resfriamento-de-agua-0.webp\",\"contentUrl\":\"https:\/\/www.alfaterm.com.br\/wp-content\/uploads\/2024\/08\/bocais-e-bicos-aspersores-para-torres-de-resfriamento-de-agua-0.webp\"},{\"@type\":\"BreadcrumbList\",\"@id\":\"https:\/\/www.alfaterm.com.br\/bocais-e-bicos-aspersores\/#breadcrumb\",\"itemListElement\":[{\"@type\":\"ListItem\",\"position\":1,\"name\":\"Home\",\"item\":\"https:\/\/www.alfaterm.com.br\/\"},{\"@type\":\"ListItem\",\"position\":2,\"name\":\"Bocais e bicos aspersores\"}]},{\"@type\":\"WebSite\",\"@id\":\"https:\/\/www.alfaterm.com.br\/#website\",\"url\":\"https:\/\/www.alfaterm.com.br\/\",\"name\":\"Bem-vindo \u00e0 ALFATERM\",\"description\":\"\",\"publisher\":{\"@id\":\"https:\/\/www.alfaterm.com.br\/#organization\"},\"potentialAction\":[{\"@type\":\"SearchAction\",\"target\":{\"@type\":\"EntryPoint\",\"urlTemplate\":\"https:\/\/www.alfaterm.com.br\/?s={search_term_string}\"},\"query-input\":{\"@type\":\"PropertyValueSpecification\",\"valueRequired\":true,\"valueName\":\"search_term_string\"}}],\"inLanguage\":\"en-US\"},{\"@type\":\"Organization\",\"@id\":\"https:\/\/www.alfaterm.com.br\/#organization\",\"name\":\"Bem-vindo \u00e0 ALFATERM\",\"url\":\"https:\/\/www.alfaterm.com.br\/\",\"logo\":{\"@type\":\"ImageObject\",\"inLanguage\":\"en-US\",\"@id\":\"https:\/\/www.alfaterm.com.br\/#\/schema\/logo\/image\/\",\"url\":\"https:\/\/www.alfaterm.com.br\/wp-content\/uploads\/2024\/07\/logo-alfaterm.png\",\"contentUrl\":\"https:\/\/www.alfaterm.com.br\/wp-content\/uploads\/2024\/07\/logo-alfaterm.png\",\"width\":393,\"height\":45,\"caption\":\"Bem-vindo \u00e0 ALFATERM\"},\"image\":{\"@id\":\"https:\/\/www.alfaterm.com.br\/#\/schema\/logo\/image\/\"}}]}<\/script>\n<!-- \/ Yoast SEO Premium plugin. -->","yoast_head_json":{"title":"Bocais e bicos aspersores - Bem-vindo \u00e0 ALFATERM","robots":{"index":"index","follow":"follow","max-snippet":"max-snippet:-1","max-image-preview":"max-image-preview:large","max-video-preview":"max-video-preview:-1"},"canonical":"https:\/\/www.alfaterm.com.br\/en\/sprinkler-nozzles\/","og_locale":"en_US","og_type":"article","og_title":"Bocais e bicos aspersores","og_description":"A ALFATERM emprega alta tecnologia na fabrica\u00e7\u00e3o de partes e pe\u00e7as de suas torres de resfriamento de \u00e1gua,\u00a0utilizando componentes de ponta com maior desempenho e mat\u00e9rias-primas excelentes para garantir a m\u00e1xima resist\u00eancia e durabilidade. Os bicos aspersores pulverizam a \u00e1gua quente do processo que entra pela parte superior da torre, e distribuem por gravidade ou [&hellip;]","og_url":"https:\/\/www.alfaterm.com.br\/en\/sprinkler-nozzles\/","og_site_name":"Bem-vindo \u00e0 ALFATERM","article_modified_time":"2024-08-23T18:27:25+00:00","og_image":[{"url":"https:\/\/www.alfaterm.com.br\/wp-content\/uploads\/2024\/08\/bocais-e-bicos-aspersores-para-torres-de-resfriamento-de-agua-0.webp","type":"","width":"","height":""}],"twitter_card":"summary_large_image","twitter_misc":{"Est. reading time":"1 minute"},"schema":{"@context":"https:\/\/schema.org","@graph":[{"@type":"WebPage","@id":"https:\/\/www.alfaterm.com.br\/bocais-e-bicos-aspersores\/","url":"https:\/\/www.alfaterm.com.br\/bocais-e-bicos-aspersores\/","name":"Bocais e bicos aspersores - Bem-vindo \u00e0 ALFATERM","isPartOf":{"@id":"https:\/\/www.alfaterm.com.br\/#website"},"primaryImageOfPage":{"@id":"https:\/\/www.alfaterm.com.br\/bocais-e-bicos-aspersores\/#primaryimage"},"image":{"@id":"https:\/\/www.alfaterm.com.br\/bocais-e-bicos-aspersores\/#primaryimage"},"thumbnailUrl":"https:\/\/www.alfaterm.com.br\/wp-content\/uploads\/2024\/08\/bocais-e-bicos-aspersores-para-torres-de-resfriamento-de-agua-0.webp","datePublished":"2024-08-13T01:19:35+00:00","dateModified":"2024-08-23T18:27:25+00:00","breadcrumb":{"@id":"https:\/\/www.alfaterm.com.br\/bocais-e-bicos-aspersores\/#breadcrumb"},"inLanguage":"en-US","potentialAction":[{"@type":"ReadAction","target":["https:\/\/www.alfaterm.com.br\/bocais-e-bicos-aspersores\/"]}]},{"@type":"ImageObject","inLanguage":"en-US","@id":"https:\/\/www.alfaterm.com.br\/bocais-e-bicos-aspersores\/#primaryimage","url":"https:\/\/www.alfaterm.com.br\/wp-content\/uploads\/2024\/08\/bocais-e-bicos-aspersores-para-torres-de-resfriamento-de-agua-0.webp","contentUrl":"https:\/\/www.alfaterm.com.br\/wp-content\/uploads\/2024\/08\/bocais-e-bicos-aspersores-para-torres-de-resfriamento-de-agua-0.webp"},{"@type":"BreadcrumbList","@id":"https:\/\/www.alfaterm.com.br\/bocais-e-bicos-aspersores\/#breadcrumb","itemListElement":[{"@type":"ListItem","position":1,"name":"Home","item":"https:\/\/www.alfaterm.com.br\/"},{"@type":"ListItem","position":2,"name":"Bocais e bicos aspersores"}]},{"@type":"WebSite","@id":"https:\/\/www.alfaterm.com.br\/#website","url":"https:\/\/www.alfaterm.com.br\/","name":"Bem-vindo \u00e0 ALFATERM","description":"","publisher":{"@id":"https:\/\/www.alfaterm.com.br\/#organization"},"potentialAction":[{"@type":"SearchAction","target":{"@type":"EntryPoint","urlTemplate":"https:\/\/www.alfaterm.com.br\/?s={search_term_string}"},"query-input":{"@type":"PropertyValueSpecification","valueRequired":true,"valueName":"search_term_string"}}],"inLanguage":"en-US"},{"@type":"Organization","@id":"https:\/\/www.alfaterm.com.br\/#organization","name":"Bem-vindo \u00e0 ALFATERM","url":"https:\/\/www.alfaterm.com.br\/","logo":{"@type":"ImageObject","inLanguage":"en-US","@id":"https:\/\/www.alfaterm.com.br\/#\/schema\/logo\/image\/","url":"https:\/\/www.alfaterm.com.br\/wp-content\/uploads\/2024\/07\/logo-alfaterm.png","contentUrl":"https:\/\/www.alfaterm.com.br\/wp-content\/uploads\/2024\/07\/logo-alfaterm.png","width":393,"height":45,"caption":"Bem-vindo \u00e0 ALFATERM"},"image":{"@id":"https:\/\/www.alfaterm.com.br\/#\/schema\/logo\/image\/"}}]}},"_links":{"self":[{"href":"https:\/\/www.alfaterm.com.br\/en\/wp-json\/wp\/v2\/pages\/627","targetHints":{"allow":["GET"]}}],"collection":[{"href":"https:\/\/www.alfaterm.com.br\/en\/wp-json\/wp\/v2\/pages"}],"about":[{"href":"https:\/\/www.alfaterm.com.br\/en\/wp-json\/wp\/v2\/types\/page"}],"author":[{"embeddable":true,"href":"https:\/\/www.alfaterm.com.br\/en\/wp-json\/wp\/v2\/users\/1"}],"replies":[{"embeddable":true,"href":"https:\/\/www.alfaterm.com.br\/en\/wp-json\/wp\/v2\/comments?post=627"}],"version-history":[{"count":0,"href":"https:\/\/www.alfaterm.com.br\/en\/wp-json\/wp\/v2\/pages\/627\/revisions"}],"wp:attachment":[{"href":"https:\/\/www.alfaterm.com.br\/en\/wp-json\/wp\/v2\/media?parent=627"}],"curies":[{"name":"wp","href":"https:\/\/api.w.org\/{rel}","templated":true}]}}