{"id":358,"date":"2024-08-12T20:03:56","date_gmt":"2024-08-12T23:03:56","guid":{"rendered":"https:\/\/www.alfaterm.com.br\/?page_id=358"},"modified":"2026-01-09T11:57:40","modified_gmt":"2026-01-09T14:57:40","slug":"certificacoes","status":"publish","type":"page","link":"https:\/\/www.alfaterm.com.br\/en\/certifications\/","title":{"rendered":"Certifications"},"content":{"rendered":"<div data-elementor-type=\"wp-page\" data-elementor-id=\"358\" class=\"elementor elementor-358\" data-elementor-post-type=\"page\">\n\t\t\t\t<div class=\"elementor-element elementor-element-06f2438 e-flex e-con-boxed e-con e-parent\" data-id=\"06f2438\" data-element_type=\"container\" data-settings=\"{&quot;background_background&quot;:&quot;classic&quot;}\">\n\t\t\t\t\t<div class=\"e-con-inner\">\n\t\t\t\t\t<\/div>\n\t\t\t\t<\/div>\n\t\t<div class=\"elementor-element elementor-element-c41960e e-grid e-con-boxed e-con e-parent\" data-id=\"c41960e\" data-element_type=\"container\">\n\t\t\t\t\t<div class=\"e-con-inner\">\n\t\t<a class=\"elementor-element elementor-element-ab4a604 e-con-full e-flex e-con e-child\" data-id=\"ab4a604\" data-element_type=\"container\" href=\"https:\/\/www.alfaterm.com.br\/docs\/certificado-alfaterm-iso-9001.pdf\" target=\"_blank\">\n\t\t\t\t<div class=\"elementor-element elementor-element-ef439b2 elementor-widget elementor-widget-image\" data-id=\"ef439b2\" data-element_type=\"widget\" data-widget_type=\"image.default\">\n\t\t\t\t<div class=\"elementor-widget-container\">\n\t\t\t\t\t\t\t\t\t\t\t\t\t<img fetchpriority=\"high\" decoding=\"async\" width=\"500\" height=\"183\" src=\"https:\/\/www.alfaterm.com.br\/wp-content\/uploads\/2025\/01\/certificados-iso.png\" class=\"attachment-large size-large wp-image-2593\" alt=\"\" srcset=\"https:\/\/www.alfaterm.com.br\/wp-content\/uploads\/2025\/01\/certificados-iso.png 500w, https:\/\/www.alfaterm.com.br\/wp-content\/uploads\/2025\/01\/certificados-iso-300x110.png 300w, https:\/\/www.alfaterm.com.br\/wp-content\/uploads\/2025\/01\/certificados-iso-18x7.png 18w\" sizes=\"(max-width: 500px) 100vw, 500px\" \/>\t\t\t\t\t\t\t\t\t\t\t\t\t<\/div>\n\t\t\t\t<\/div>\n\t\t\t\t<div class=\"elementor-element elementor-element-5f44b41 elementor-widget elementor-widget-heading\" data-id=\"5f44b41\" data-element_type=\"widget\" data-widget_type=\"heading.default\">\n\t\t\t\t<div class=\"elementor-widget-container\">\n\t\t\t<style>\/*! elementor - v3.23.0 - 05-08-2024 *\/\n.elementor-heading-title{padding:0;margin:0;line-height:1}.elementor-widget-heading .elementor-heading-title[class*=elementor-size-]>a{color:inherit;font-size:inherit;line-height:inherit}.elementor-widget-heading .elementor-heading-title.elementor-size-small{font-size:15px}.elementor-widget-heading .elementor-heading-title.elementor-size-medium{font-size:19px}.elementor-widget-heading .elementor-heading-title.elementor-size-large{font-size:29px}.elementor-widget-heading .elementor-heading-title.elementor-size-xl{font-size:39px}.elementor-widget-heading .elementor-heading-title.elementor-size-xxl{font-size:59px}<\/style><h2 class=\"elementor-heading-title elementor-size-default\">Certifica\u00e7\u00e3o do Sistema de Gest\u00e3o de Qualidade<\/h2>\t\t<\/div>\n\t\t\t\t<\/div>\n\t\t\t\t<\/a>\n\t\t<a class=\"elementor-element elementor-element-0651213 e-con-full e-flex e-con e-child\" data-id=\"0651213\" data-element_type=\"container\" href=\"https:\/\/www.alfaterm.com.br\/docs\/certificado-alfaterm-iso-14001.pdf\" target=\"_blank\">\n\t\t\t\t<div class=\"elementor-element elementor-element-377f8d0 elementor-widget elementor-widget-image\" data-id=\"377f8d0\" data-element_type=\"widget\" data-widget_type=\"image.default\">\n\t\t\t\t<div class=\"elementor-widget-container\">\n\t\t\t\t\t\t\t\t\t\t\t\t\t<img fetchpriority=\"high\" decoding=\"async\" width=\"500\" height=\"183\" src=\"https:\/\/www.alfaterm.com.br\/wp-content\/uploads\/2025\/01\/certificados-iso.png\" class=\"attachment-large size-large wp-image-2593\" alt=\"\" srcset=\"https:\/\/www.alfaterm.com.br\/wp-content\/uploads\/2025\/01\/certificados-iso.png 500w, https:\/\/www.alfaterm.com.br\/wp-content\/uploads\/2025\/01\/certificados-iso-300x110.png 300w, https:\/\/www.alfaterm.com.br\/wp-content\/uploads\/2025\/01\/certificados-iso-18x7.png 18w\" sizes=\"(max-width: 500px) 100vw, 500px\" \/>\t\t\t\t\t\t\t\t\t\t\t\t\t<\/div>\n\t\t\t\t<\/div>\n\t\t\t\t<div class=\"elementor-element elementor-element-516c4d0 elementor-widget elementor-widget-heading\" data-id=\"516c4d0\" data-element_type=\"widget\" data-widget_type=\"heading.default\">\n\t\t\t\t<div class=\"elementor-widget-container\">\n\t\t\t<h2 class=\"elementor-heading-title elementor-size-default\">Certifica\u00e7\u00e3o do Sistema de Gest\u00e3o Ambiental<\/h2>\t\t<\/div>\n\t\t\t\t<\/div>\n\t\t\t\t<\/a>\n\t\t<a class=\"elementor-element elementor-element-ff43953 e-con-full e-flex e-con e-child\" data-id=\"ff43953\" data-element_type=\"container\" href=\"https:\/\/www.alfaterm.com.br\/docs\/certificado-alfaterm-iso-45001.pdf\" target=\"_blank\">\n\t\t\t\t<div class=\"elementor-element elementor-element-d1754b4 elementor-widget elementor-widget-image\" data-id=\"d1754b4\" data-element_type=\"widget\" data-widget_type=\"image.default\">\n\t\t\t\t<div class=\"elementor-widget-container\">\n\t\t\t\t\t\t\t\t\t\t\t\t\t<img fetchpriority=\"high\" decoding=\"async\" width=\"500\" height=\"183\" src=\"https:\/\/www.alfaterm.com.br\/wp-content\/uploads\/2025\/01\/certificados-iso.png\" class=\"attachment-large size-large wp-image-2593\" alt=\"\" srcset=\"https:\/\/www.alfaterm.com.br\/wp-content\/uploads\/2025\/01\/certificados-iso.png 500w, https:\/\/www.alfaterm.com.br\/wp-content\/uploads\/2025\/01\/certificados-iso-300x110.png 300w, https:\/\/www.alfaterm.com.br\/wp-content\/uploads\/2025\/01\/certificados-iso-18x7.png 18w\" sizes=\"(max-width: 500px) 100vw, 500px\" \/>\t\t\t\t\t\t\t\t\t\t\t\t\t<\/div>\n\t\t\t\t<\/div>\n\t\t\t\t<div class=\"elementor-element elementor-element-08ca06b elementor-widget elementor-widget-heading\" data-id=\"08ca06b\" data-element_type=\"widget\" data-widget_type=\"heading.default\">\n\t\t\t\t<div class=\"elementor-widget-container\">\n\t\t\t<h2 class=\"elementor-heading-title elementor-size-default\">Certifica\u00e7\u00e3o do Sistema de Gest\u00e3o\n\nde Sa\u00fade e Seguran\u00e7a Ocupacional<\/h2>\t\t<\/div>\n\t\t\t\t<\/div>\n\t\t\t\t<\/a>\n\t\t<a class=\"elementor-element elementor-element-d567641 e-con-full e-flex e-con e-child\" data-id=\"d567641\" data-element_type=\"container\" href=\"https:\/\/www.cialdnb.com\/pt-br\/numero-d-u-n-s\/\" target=\"_blank\">\n\t\t\t\t<div class=\"elementor-element elementor-element-80deba6 elementor-widget elementor-widget-image\" data-id=\"80deba6\" data-element_type=\"widget\" data-widget_type=\"image.default\">\n\t\t\t\t<div class=\"elementor-widget-container\">\n\t\t\t\t\t\t\t\t\t\t\t\t\t<img decoding=\"async\" width=\"118\" height=\"119\" src=\"https:\/\/www.alfaterm.com.br\/wp-content\/uploads\/2024\/08\/duns-number.jpg\" class=\"attachment-large size-large wp-image-439\" alt=\"\" \/>\t\t\t\t\t\t\t\t\t\t\t\t\t<\/div>\n\t\t\t\t<\/div>\n\t\t\t\t<div class=\"elementor-element elementor-element-1e14ec9 elementor-widget elementor-widget-heading\" data-id=\"1e14ec9\" data-element_type=\"widget\" data-widget_type=\"heading.default\">\n\t\t\t\t<div class=\"elementor-widget-container\">\n\t\t\t<h2 class=\"elementor-heading-title elementor-size-default\">Identifica\u00e7\u00e3o Universal de Autentica\u00e7\u00e3o\nde Exist\u00eancia da Companhia no Mercado<\/h2>\t\t<\/div>\n\t\t\t\t<\/div>\n\t\t\t\t<\/a>\n\t\t<a class=\"elementor-element elementor-element-584041b e-con-full e-flex e-con e-child\" data-id=\"584041b\" data-element_type=\"container\" href=\"https:\/\/www.cti.org\/\" target=\"_blank\">\n\t\t\t\t<div class=\"elementor-element elementor-element-9f59e55 elementor-widget elementor-widget-image\" data-id=\"9f59e55\" data-element_type=\"widget\" data-widget_type=\"image.default\">\n\t\t\t\t<div class=\"elementor-widget-container\">\n\t\t\t\t\t\t\t\t\t\t\t\t\t<img decoding=\"async\" width=\"119\" height=\"119\" src=\"https:\/\/www.alfaterm.com.br\/wp-content\/uploads\/2024\/08\/cooling-technology-institute.jpg\" class=\"attachment-large size-large wp-image-440\" alt=\"\" \/>\t\t\t\t\t\t\t\t\t\t\t\t\t<\/div>\n\t\t\t\t<\/div>\n\t\t\t\t<div class=\"elementor-element elementor-element-b820e0f elementor-widget elementor-widget-heading\" data-id=\"b820e0f\" data-element_type=\"widget\" data-widget_type=\"heading.default\">\n\t\t\t\t<div class=\"elementor-widget-container\">\n\t\t\t<h2 class=\"elementor-heading-title elementor-size-default\">Testes de Performance CTI -<br> Norma ATC 105<\/h2>\t\t<\/div>\n\t\t\t\t<\/div>\n\t\t\t\t<\/a>\n\t\t<a class=\"elementor-element elementor-element-55f9a88 e-con-full e-flex e-con e-child\" data-id=\"55f9a88\" data-element_type=\"container\" href=\"https:\/\/www.abnt.org.br\/\" target=\"_blank\">\n\t\t\t\t<div class=\"elementor-element elementor-element-3cd53d7 elementor-widget elementor-widget-image\" data-id=\"3cd53d7\" data-element_type=\"widget\" data-widget_type=\"image.default\">\n\t\t\t\t<div class=\"elementor-widget-container\">\n\t\t\t\t\t\t\t\t\t\t\t\t\t<img decoding=\"async\" src=\"https:\/\/www.alfaterm.com.br\/wp-content\/uploads\/elementor\/thumbs\/associacao-brasileira-de-normas-tecnicas-qzzmx0f8jjfwy23eutxe3nwr3dm3jgadith9xxeb54.jpg\" title=\"associacao-brasileira-de-normas-tecnicas\" alt=\"associacao-brasileira-de-normas-tecnicas\" loading=\"lazy\" \/>\t\t\t\t\t\t\t\t\t\t\t\t\t<\/div>\n\t\t\t\t<\/div>\n\t\t\t\t<div class=\"elementor-element elementor-element-ecb1770 elementor-widget elementor-widget-heading\" data-id=\"ecb1770\" data-element_type=\"widget\" data-widget_type=\"heading.default\">\n\t\t\t\t<div class=\"elementor-widget-container\">\n\t\t\t<h2 class=\"elementor-heading-title elementor-size-default\">Normatiza\u00e7\u00e3o T\u00e9cnica para a\n\nPadroniza\u00e7\u00e3o da Produ\u00e7\u00e3o Industrial<\/h2>\t\t<\/div>\n\t\t\t\t<\/div>\n\t\t\t\t<\/a>\n\t\t<a class=\"elementor-element elementor-element-315997f e-con-full e-flex e-con e-child\" data-id=\"315997f\" data-element_type=\"container\" href=\"https:\/\/www.alfaterm.com.br\/docs\/certificate-braskem-alfaterm.pdf\" target=\"_blank\">\n\t\t\t\t<div class=\"elementor-element elementor-element-2a1c1cf elementor-widget elementor-widget-image\" data-id=\"2a1c1cf\" data-element_type=\"widget\" data-widget_type=\"image.default\">\n\t\t\t\t<div class=\"elementor-widget-container\">\n\t\t\t\t\t\t\t\t\t\t\t\t\t<img loading=\"lazy\" decoding=\"async\" width=\"350\" height=\"165\" src=\"https:\/\/www.alfaterm.com.br\/wp-content\/uploads\/2025\/01\/selo-braskem-alfaterm.png\" class=\"attachment-full size-full wp-image-2597\" alt=\"\" srcset=\"https:\/\/www.alfaterm.com.br\/wp-content\/uploads\/2025\/01\/selo-braskem-alfaterm.png 350w, https:\/\/www.alfaterm.com.br\/wp-content\/uploads\/2025\/01\/selo-braskem-alfaterm-300x141.png 300w, https:\/\/www.alfaterm.com.br\/wp-content\/uploads\/2025\/01\/selo-braskem-alfaterm-18x8.png 18w\" sizes=\"(max-width: 350px) 100vw, 350px\" \/>\t\t\t\t\t\t\t\t\t\t\t\t\t<\/div>\n\t\t\t\t<\/div>\n\t\t\t\t<div class=\"elementor-element elementor-element-0afa3e2 elementor-widget elementor-widget-heading\" data-id=\"0afa3e2\" data-element_type=\"widget\" data-widget_type=\"heading.default\">\n\t\t\t\t<div class=\"elementor-widget-container\">\n\t\t\t<h2 class=\"elementor-heading-title elementor-size-default\">Braskem Suppliers Sustainability Recognition<\/h2>\t\t<\/div>\n\t\t\t\t<\/div>\n\t\t\t\t<\/a>\n\t\t<a class=\"elementor-element elementor-element-d84adc4 e-con-full e-flex e-con e-child\" data-id=\"d84adc4\" data-element_type=\"container\" href=\"https:\/\/www.alfaterm.com.br\/docs\/certificado-abrava-2026-alfaterm.pdf\" target=\"_blank\">\n\t\t\t\t<div class=\"elementor-element elementor-element-0ce0296 elementor-widget elementor-widget-image\" data-id=\"0ce0296\" data-element_type=\"widget\" data-widget_type=\"image.default\">\n\t\t\t\t<div class=\"elementor-widget-container\">\n\t\t\t\t\t\t\t\t\t\t\t\t\t<img loading=\"lazy\" decoding=\"async\" width=\"450\" height=\"212\" src=\"https:\/\/www.alfaterm.com.br\/wp-content\/uploads\/2026\/01\/certificado-abrava.jpg\" class=\"attachment-full size-full wp-image-2698\" alt=\"\" srcset=\"https:\/\/www.alfaterm.com.br\/wp-content\/uploads\/2026\/01\/certificado-abrava.jpg 450w, https:\/\/www.alfaterm.com.br\/wp-content\/uploads\/2026\/01\/certificado-abrava-300x141.jpg 300w, https:\/\/www.alfaterm.com.br\/wp-content\/uploads\/2026\/01\/certificado-abrava-18x8.jpg 18w\" sizes=\"(max-width: 450px) 100vw, 450px\" \/>\t\t\t\t\t\t\t\t\t\t\t\t\t<\/div>\n\t\t\t\t<\/div>\n\t\t\t\t<div class=\"elementor-element elementor-element-4de1d33 elementor-widget elementor-widget-heading\" data-id=\"4de1d33\" data-element_type=\"widget\" data-widget_type=\"heading.default\">\n\t\t\t\t<div class=\"elementor-widget-container\">\n\t\t\t<h2 class=\"elementor-heading-title elementor-size-default\">Certificado ABRAVA<\/h2>\t\t<\/div>\n\t\t\t\t<\/div>\n\t\t\t\t<\/a>\n\t\t\t\t\t<\/div>\n\t\t\t\t<\/div>\n\t\t<div class=\"elementor-element elementor-element-fead8a8 e-flex e-con-boxed e-con e-parent\" data-id=\"fead8a8\" data-element_type=\"container\" data-settings=\"{&quot;background_background&quot;:&quot;gradient&quot;}\">\n\t\t\t\t\t<div class=\"e-con-inner\">\n\t\t<div class=\"elementor-element elementor-element-85ace3c e-con-full e-flex e-con e-child\" data-id=\"85ace3c\" data-element_type=\"container\">\n\t\t\t\t<div class=\"elementor-element elementor-element-bf736b8 elementor-widget elementor-widget-heading\" data-id=\"bf736b8\" data-element_type=\"widget\" data-widget_type=\"heading.default\">\n\t\t\t\t<div class=\"elementor-widget-container\">\n\t\t\t<h2 class=\"elementor-heading-title elementor-size-default\">Contact us<\/h2>\t\t<\/div>\n\t\t\t\t<\/div>\n\t\t\t\t<div class=\"elementor-element elementor-element-ab0a392 elementor-widget elementor-widget-text-editor\" data-id=\"ab0a392\" data-element_type=\"widget\" data-widget_type=\"text-editor.default\">\n\t\t\t\t<div class=\"elementor-widget-container\">\n\t\t\t<style>\/*! elementor - v3.23.0 - 05-08-2024 *\/\n.elementor-widget-text-editor.elementor-drop-cap-view-stacked .elementor-drop-cap{background-color:#69727d;color:#fff}.elementor-widget-text-editor.elementor-drop-cap-view-framed .elementor-drop-cap{color:#69727d;border:3px solid;background-color:transparent}.elementor-widget-text-editor:not(.elementor-drop-cap-view-default) .elementor-drop-cap{margin-top:8px}.elementor-widget-text-editor:not(.elementor-drop-cap-view-default) .elementor-drop-cap-letter{width:1em;height:1em}.elementor-widget-text-editor .elementor-drop-cap{float:left;text-align:center;line-height:1;font-size:50px}.elementor-widget-text-editor .elementor-drop-cap-letter{display:inline-block}<\/style>\t\t\t\t<p>Talk to us about your needs.<\/p>\t\t\t\t\t\t<\/div>\n\t\t\t\t<\/div>\n\t\t\t\t<\/div>\n\t\t<div class=\"elementor-element elementor-element-dbe8e39 e-con-full e-flex e-con e-child\" data-id=\"dbe8e39\" data-element_type=\"container\">\n\t\t\t\t<div class=\"elementor-element elementor-element-d349974 elementor-align-justify elementor-widget elementor-widget-button\" data-id=\"d349974\" data-element_type=\"widget\" data-widget_type=\"button.default\">\n\t\t\t\t<div class=\"elementor-widget-container\">\n\t\t\t\t\t<div class=\"elementor-button-wrapper\">\n\t\t\t<a class=\"elementor-button elementor-button-link elementor-size-sm\" href=\"#\">\n\t\t\t\t\t\t<span class=\"elementor-button-content-wrapper\">\n\t\t\t\t\t\t\t\t\t<span class=\"elementor-button-text\">Contact us<\/span>\n\t\t\t\t\t<\/span>\n\t\t\t\t\t<\/a>\n\t\t<\/div>\n\t\t\t\t<\/div>\n\t\t\t\t<\/div>\n\t\t\t\t<\/div>\n\t\t\t\t\t<\/div>\n\t\t\t\t<\/div>\n\t\t\t\t<\/div>","protected":false},"excerpt":{"rendered":"<p>Certifica\u00e7\u00e3o do Sistema de Gest\u00e3o de Qualidade Certifica\u00e7\u00e3o do Sistema de Gest\u00e3o Ambiental Certifica\u00e7\u00e3o do Sistema de Gest\u00e3o de Sa\u00fade e Seguran\u00e7a Ocupacional Identifica\u00e7\u00e3o Universal de Autentica\u00e7\u00e3o de Exist\u00eancia da Companhia no Mercado Testes de Performance CTI &#8211; Norma ATC 105 Normatiza\u00e7\u00e3o T\u00e9cnica para a Padroniza\u00e7\u00e3o da Produ\u00e7\u00e3o Industrial Braskem Suppliers Sustainability Recognition Certificado ABRAVA [&hellip;]<\/p>","protected":false},"author":1,"featured_media":0,"parent":0,"menu_order":0,"comment_status":"closed","ping_status":"closed","template":"","meta":{"_acf_changed":false,"_joinchat":[],"footnotes":""},"class_list":["post-358","page","type-page","status-publish","hentry"],"acf":[],"yoast_head":"<!-- This site is optimized with the Yoast SEO Premium plugin v23.4 (Yoast SEO v27.1.1) - https:\/\/yoast.com\/product\/yoast-seo-premium-wordpress\/ -->\n<title>Certifica\u00e7\u00f5es - Bem-vindo \u00e0 ALFATERM<\/title>\n<meta name=\"robots\" content=\"index, follow, max-snippet:-1, max-image-preview:large, max-video-preview:-1\" \/>\n<link rel=\"canonical\" href=\"https:\/\/www.alfaterm.com.br\/en\/certifications\/\" \/>\n<meta property=\"og:locale\" content=\"en_US\" \/>\n<meta property=\"og:type\" content=\"article\" \/>\n<meta property=\"og:title\" content=\"Certifica\u00e7\u00f5es\" \/>\n<meta property=\"og:description\" content=\"Certifica\u00e7\u00e3o do Sistema de Gest\u00e3o de Qualidade Certifica\u00e7\u00e3o do Sistema de Gest\u00e3o Ambiental Certifica\u00e7\u00e3o do Sistema de Gest\u00e3o de Sa\u00fade e Seguran\u00e7a Ocupacional Identifica\u00e7\u00e3o Universal de Autentica\u00e7\u00e3o de Exist\u00eancia da Companhia no Mercado Testes de Performance CTI &#8211; Norma ATC 105 Normatiza\u00e7\u00e3o T\u00e9cnica para a Padroniza\u00e7\u00e3o da Produ\u00e7\u00e3o Industrial Braskem Suppliers Sustainability Recognition Certificado ABRAVA [&hellip;]\" \/>\n<meta property=\"og:url\" content=\"https:\/\/www.alfaterm.com.br\/en\/certifications\/\" \/>\n<meta property=\"og:site_name\" content=\"Bem-vindo \u00e0 ALFATERM\" \/>\n<meta property=\"article:modified_time\" content=\"2026-01-09T14:57:40+00:00\" \/>\n<meta property=\"og:image\" content=\"https:\/\/www.alfaterm.com.br\/wp-content\/uploads\/2025\/01\/certificados-iso.png\" \/>\n<meta name=\"twitter:card\" content=\"summary_large_image\" \/>\n<meta name=\"twitter:label1\" content=\"Est. reading time\" \/>\n\t<meta name=\"twitter:data1\" content=\"2 minutes\" \/>\n<script type=\"application\/ld+json\" class=\"yoast-schema-graph\">{\"@context\":\"https:\/\/schema.org\",\"@graph\":[{\"@type\":\"WebPage\",\"@id\":\"https:\/\/www.alfaterm.com.br\/certificacoes\/\",\"url\":\"https:\/\/www.alfaterm.com.br\/certificacoes\/\",\"name\":\"Certifica\u00e7\u00f5es - Bem-vindo \u00e0 ALFATERM\",\"isPartOf\":{\"@id\":\"https:\/\/www.alfaterm.com.br\/#website\"},\"primaryImageOfPage\":{\"@id\":\"https:\/\/www.alfaterm.com.br\/certificacoes\/#primaryimage\"},\"image\":{\"@id\":\"https:\/\/www.alfaterm.com.br\/certificacoes\/#primaryimage\"},\"thumbnailUrl\":\"https:\/\/www.alfaterm.com.br\/wp-content\/uploads\/2025\/01\/certificados-iso.png\",\"datePublished\":\"2024-08-12T23:03:56+00:00\",\"dateModified\":\"2026-01-09T14:57:40+00:00\",\"breadcrumb\":{\"@id\":\"https:\/\/www.alfaterm.com.br\/certificacoes\/#breadcrumb\"},\"inLanguage\":\"en-US\",\"potentialAction\":[{\"@type\":\"ReadAction\",\"target\":[\"https:\/\/www.alfaterm.com.br\/certificacoes\/\"]}]},{\"@type\":\"ImageObject\",\"inLanguage\":\"en-US\",\"@id\":\"https:\/\/www.alfaterm.com.br\/certificacoes\/#primaryimage\",\"url\":\"https:\/\/www.alfaterm.com.br\/wp-content\/uploads\/2025\/01\/certificados-iso.png\",\"contentUrl\":\"https:\/\/www.alfaterm.com.br\/wp-content\/uploads\/2025\/01\/certificados-iso.png\"},{\"@type\":\"BreadcrumbList\",\"@id\":\"https:\/\/www.alfaterm.com.br\/certificacoes\/#breadcrumb\",\"itemListElement\":[{\"@type\":\"ListItem\",\"position\":1,\"name\":\"Home\",\"item\":\"https:\/\/www.alfaterm.com.br\/\"},{\"@type\":\"ListItem\",\"position\":2,\"name\":\"Certifica\u00e7\u00f5es\"}]},{\"@type\":\"WebSite\",\"@id\":\"https:\/\/www.alfaterm.com.br\/#website\",\"url\":\"https:\/\/www.alfaterm.com.br\/\",\"name\":\"Bem-vindo \u00e0 ALFATERM\",\"description\":\"\",\"publisher\":{\"@id\":\"https:\/\/www.alfaterm.com.br\/#organization\"},\"potentialAction\":[{\"@type\":\"SearchAction\",\"target\":{\"@type\":\"EntryPoint\",\"urlTemplate\":\"https:\/\/www.alfaterm.com.br\/?s={search_term_string}\"},\"query-input\":{\"@type\":\"PropertyValueSpecification\",\"valueRequired\":true,\"valueName\":\"search_term_string\"}}],\"inLanguage\":\"en-US\"},{\"@type\":\"Organization\",\"@id\":\"https:\/\/www.alfaterm.com.br\/#organization\",\"name\":\"Bem-vindo \u00e0 ALFATERM\",\"url\":\"https:\/\/www.alfaterm.com.br\/\",\"logo\":{\"@type\":\"ImageObject\",\"inLanguage\":\"en-US\",\"@id\":\"https:\/\/www.alfaterm.com.br\/#\/schema\/logo\/image\/\",\"url\":\"https:\/\/www.alfaterm.com.br\/wp-content\/uploads\/2024\/07\/logo-alfaterm.png\",\"contentUrl\":\"https:\/\/www.alfaterm.com.br\/wp-content\/uploads\/2024\/07\/logo-alfaterm.png\",\"width\":393,\"height\":45,\"caption\":\"Bem-vindo \u00e0 ALFATERM\"},\"image\":{\"@id\":\"https:\/\/www.alfaterm.com.br\/#\/schema\/logo\/image\/\"}}]}<\/script>\n<!-- \/ Yoast SEO Premium plugin. -->","yoast_head_json":{"title":"Certifica\u00e7\u00f5es - Bem-vindo \u00e0 ALFATERM","robots":{"index":"index","follow":"follow","max-snippet":"max-snippet:-1","max-image-preview":"max-image-preview:large","max-video-preview":"max-video-preview:-1"},"canonical":"https:\/\/www.alfaterm.com.br\/en\/certifications\/","og_locale":"en_US","og_type":"article","og_title":"Certifica\u00e7\u00f5es","og_description":"Certifica\u00e7\u00e3o do Sistema de Gest\u00e3o de Qualidade Certifica\u00e7\u00e3o do Sistema de Gest\u00e3o Ambiental Certifica\u00e7\u00e3o do Sistema de Gest\u00e3o de Sa\u00fade e Seguran\u00e7a Ocupacional Identifica\u00e7\u00e3o Universal de Autentica\u00e7\u00e3o de Exist\u00eancia da Companhia no Mercado Testes de Performance CTI &#8211; Norma ATC 105 Normatiza\u00e7\u00e3o T\u00e9cnica para a Padroniza\u00e7\u00e3o da Produ\u00e7\u00e3o Industrial Braskem Suppliers Sustainability Recognition Certificado ABRAVA [&hellip;]","og_url":"https:\/\/www.alfaterm.com.br\/en\/certifications\/","og_site_name":"Bem-vindo \u00e0 ALFATERM","article_modified_time":"2026-01-09T14:57:40+00:00","og_image":[{"url":"https:\/\/www.alfaterm.com.br\/wp-content\/uploads\/2025\/01\/certificados-iso.png","type":"","width":"","height":""}],"twitter_card":"summary_large_image","twitter_misc":{"Est. reading time":"2 minutes"},"schema":{"@context":"https:\/\/schema.org","@graph":[{"@type":"WebPage","@id":"https:\/\/www.alfaterm.com.br\/certificacoes\/","url":"https:\/\/www.alfaterm.com.br\/certificacoes\/","name":"Certifica\u00e7\u00f5es - Bem-vindo \u00e0 ALFATERM","isPartOf":{"@id":"https:\/\/www.alfaterm.com.br\/#website"},"primaryImageOfPage":{"@id":"https:\/\/www.alfaterm.com.br\/certificacoes\/#primaryimage"},"image":{"@id":"https:\/\/www.alfaterm.com.br\/certificacoes\/#primaryimage"},"thumbnailUrl":"https:\/\/www.alfaterm.com.br\/wp-content\/uploads\/2025\/01\/certificados-iso.png","datePublished":"2024-08-12T23:03:56+00:00","dateModified":"2026-01-09T14:57:40+00:00","breadcrumb":{"@id":"https:\/\/www.alfaterm.com.br\/certificacoes\/#breadcrumb"},"inLanguage":"en-US","potentialAction":[{"@type":"ReadAction","target":["https:\/\/www.alfaterm.com.br\/certificacoes\/"]}]},{"@type":"ImageObject","inLanguage":"en-US","@id":"https:\/\/www.alfaterm.com.br\/certificacoes\/#primaryimage","url":"https:\/\/www.alfaterm.com.br\/wp-content\/uploads\/2025\/01\/certificados-iso.png","contentUrl":"https:\/\/www.alfaterm.com.br\/wp-content\/uploads\/2025\/01\/certificados-iso.png"},{"@type":"BreadcrumbList","@id":"https:\/\/www.alfaterm.com.br\/certificacoes\/#breadcrumb","itemListElement":[{"@type":"ListItem","position":1,"name":"Home","item":"https:\/\/www.alfaterm.com.br\/"},{"@type":"ListItem","position":2,"name":"Certifica\u00e7\u00f5es"}]},{"@type":"WebSite","@id":"https:\/\/www.alfaterm.com.br\/#website","url":"https:\/\/www.alfaterm.com.br\/","name":"Bem-vindo \u00e0 ALFATERM","description":"","publisher":{"@id":"https:\/\/www.alfaterm.com.br\/#organization"},"potentialAction":[{"@type":"SearchAction","target":{"@type":"EntryPoint","urlTemplate":"https:\/\/www.alfaterm.com.br\/?s={search_term_string}"},"query-input":{"@type":"PropertyValueSpecification","valueRequired":true,"valueName":"search_term_string"}}],"inLanguage":"en-US"},{"@type":"Organization","@id":"https:\/\/www.alfaterm.com.br\/#organization","name":"Bem-vindo \u00e0 ALFATERM","url":"https:\/\/www.alfaterm.com.br\/","logo":{"@type":"ImageObject","inLanguage":"en-US","@id":"https:\/\/www.alfaterm.com.br\/#\/schema\/logo\/image\/","url":"https:\/\/www.alfaterm.com.br\/wp-content\/uploads\/2024\/07\/logo-alfaterm.png","contentUrl":"https:\/\/www.alfaterm.com.br\/wp-content\/uploads\/2024\/07\/logo-alfaterm.png","width":393,"height":45,"caption":"Bem-vindo \u00e0 ALFATERM"},"image":{"@id":"https:\/\/www.alfaterm.com.br\/#\/schema\/logo\/image\/"}}]}},"_links":{"self":[{"href":"https:\/\/www.alfaterm.com.br\/en\/wp-json\/wp\/v2\/pages\/358","targetHints":{"allow":["GET"]}}],"collection":[{"href":"https:\/\/www.alfaterm.com.br\/en\/wp-json\/wp\/v2\/pages"}],"about":[{"href":"https:\/\/www.alfaterm.com.br\/en\/wp-json\/wp\/v2\/types\/page"}],"author":[{"embeddable":true,"href":"https:\/\/www.alfaterm.com.br\/en\/wp-json\/wp\/v2\/users\/1"}],"replies":[{"embeddable":true,"href":"https:\/\/www.alfaterm.com.br\/en\/wp-json\/wp\/v2\/comments?post=358"}],"version-history":[{"count":15,"href":"https:\/\/www.alfaterm.com.br\/en\/wp-json\/wp\/v2\/pages\/358\/revisions"}],"predecessor-version":[{"id":2702,"href":"https:\/\/www.alfaterm.com.br\/en\/wp-json\/wp\/v2\/pages\/358\/revisions\/2702"}],"wp:attachment":[{"href":"https:\/\/www.alfaterm.com.br\/en\/wp-json\/wp\/v2\/media?parent=358"}],"curies":[{"name":"wp","href":"https:\/\/api.w.org\/{rel}","templated":true}]}}