{"id":356,"date":"2024-08-12T20:03:32","date_gmt":"2024-08-12T23:03:32","guid":{"rendered":"https:\/\/www.alfaterm.com.br\/?page_id=356"},"modified":"2024-08-23T15:30:42","modified_gmt":"2024-08-23T18:30:42","slug":"governanca-socioambiental","status":"publish","type":"page","link":"https:\/\/www.alfaterm.com.br\/en\/socio-environmental-governance\/","title":{"rendered":"SOCIO-ENVIRONMENTAL GOVERNANCE"},"content":{"rendered":"<div data-elementor-type=\"wp-page\" data-elementor-id=\"356\" class=\"elementor elementor-356\" data-elementor-post-type=\"page\">\n\t\t\t\t<div class=\"elementor-element elementor-element-f0f3455 e-flex e-con-boxed e-con e-parent\" data-id=\"f0f3455\" data-element_type=\"container\" data-settings=\"{&quot;background_background&quot;:&quot;classic&quot;}\">\n\t\t\t\t\t<div class=\"e-con-inner\">\n\t\t\t\t\t<\/div>\n\t\t\t\t<\/div>\n\t\t<div class=\"elementor-element elementor-element-4023ba7 e-flex e-con-boxed e-con e-parent\" data-id=\"4023ba7\" data-element_type=\"container\" data-settings=\"{&quot;background_background&quot;:&quot;classic&quot;}\">\n\t\t\t\t\t<div class=\"e-con-inner\">\n\t\t<div class=\"elementor-element elementor-element-3d41965 e-con-full e-flex e-con e-child\" data-id=\"3d41965\" data-element_type=\"container\">\n\t\t\t\t<div class=\"elementor-element elementor-element-7115861 elementor-widget elementor-widget-heading\" data-id=\"7115861\" data-element_type=\"widget\" data-widget_type=\"heading.default\">\n\t\t\t\t<div class=\"elementor-widget-container\">\n\t\t\t<style>\/*! elementor - v3.23.0 - 05-08-2024 *\/\n.elementor-heading-title{padding:0;margin:0;line-height:1}.elementor-widget-heading .elementor-heading-title[class*=elementor-size-]>a{color:inherit;font-size:inherit;line-height:inherit}.elementor-widget-heading .elementor-heading-title.elementor-size-small{font-size:15px}.elementor-widget-heading .elementor-heading-title.elementor-size-medium{font-size:19px}.elementor-widget-heading .elementor-heading-title.elementor-size-large{font-size:29px}.elementor-widget-heading .elementor-heading-title.elementor-size-xl{font-size:39px}.elementor-widget-heading .elementor-heading-title.elementor-size-xxl{font-size:59px}<\/style><h2 class=\"elementor-heading-title elementor-size-default\">ENVIRONMENTAL RESPONSIBILITY\n<\/h2>\t\t<\/div>\n\t\t\t\t<\/div>\n\t\t\t\t<div class=\"elementor-element elementor-element-55a94dc elementor-widget elementor-widget-text-editor\" data-id=\"55a94dc\" data-element_type=\"widget\" data-widget_type=\"text-editor.default\">\n\t\t\t\t<div class=\"elementor-widget-container\">\n\t\t\t<style>\/*! elementor - v3.23.0 - 05-08-2024 *\/\n.elementor-widget-text-editor.elementor-drop-cap-view-stacked .elementor-drop-cap{background-color:#69727d;color:#fff}.elementor-widget-text-editor.elementor-drop-cap-view-framed .elementor-drop-cap{color:#69727d;border:3px solid;background-color:transparent}.elementor-widget-text-editor:not(.elementor-drop-cap-view-default) .elementor-drop-cap{margin-top:8px}.elementor-widget-text-editor:not(.elementor-drop-cap-view-default) .elementor-drop-cap-letter{width:1em;height:1em}.elementor-widget-text-editor .elementor-drop-cap{float:left;text-align:center;line-height:1;font-size:50px}.elementor-widget-text-editor .elementor-drop-cap-letter{display:inline-block}<\/style>\t\t\t\t<p>The ALFATERM perform a variety of actions for the protection of the environment through the activities with low impact on the environment, including the following: the conscious use of natural resources such as water and energy use, use of parts and components with a sustainable raw material, minimize the generation of waste disposed of properly, and the maximum reduction in the emission of greenhouse gases.<\/p>\t\t\t\t\t\t<\/div>\n\t\t\t\t<\/div>\n\t\t\t\t<\/div>\n\t\t\t\t\t<\/div>\n\t\t\t\t<\/div>\n\t\t<div class=\"elementor-element elementor-element-08c1a1f e-flex e-con-boxed e-con e-parent\" data-id=\"08c1a1f\" data-element_type=\"container\" data-settings=\"{&quot;background_background&quot;:&quot;classic&quot;}\">\n\t\t\t\t\t<div class=\"e-con-inner\">\n\t\t<div class=\"elementor-element elementor-element-5130333 e-con-full e-flex e-con e-child\" data-id=\"5130333\" data-element_type=\"container\">\n\t\t\t\t<div class=\"elementor-element elementor-element-bfbdefc elementor-widget elementor-widget-heading\" data-id=\"bfbdefc\" data-element_type=\"widget\" data-widget_type=\"heading.default\">\n\t\t\t\t<div class=\"elementor-widget-container\">\n\t\t\t<h2 class=\"elementor-heading-title elementor-size-default\">SOCIAL RESPONSIBILITY<\/h2>\t\t<\/div>\n\t\t\t\t<\/div>\n\t\t\t\t<div class=\"elementor-element elementor-element-34ccbfb elementor-widget elementor-widget-text-editor\" data-id=\"34ccbfb\" data-element_type=\"widget\" data-widget_type=\"text-editor.default\">\n\t\t\t\t<div class=\"elementor-widget-container\">\n\t\t\t\t\t\t\t<p>The ALFATERM perform a variety of actions for the integration of the company in the local community, and providing a healthy work environment and a safe, secure, and adopting the practice of the valuation of the human being, in its essence, regardless of creed, class or race, providing job opportunities to youth apprentices and low-income, black people, immigrants, and people with disabilities.<\/p>\t\t\t\t\t\t<\/div>\n\t\t\t\t<\/div>\n\t\t\t\t<\/div>\n\t\t\t\t\t<\/div>\n\t\t\t\t<\/div>\n\t\t<div class=\"elementor-element elementor-element-d950fde e-flex e-con-boxed e-con e-parent\" data-id=\"d950fde\" data-element_type=\"container\" data-settings=\"{&quot;background_background&quot;:&quot;classic&quot;}\">\n\t\t\t\t\t<div class=\"e-con-inner\">\n\t\t<div class=\"elementor-element elementor-element-ec61941 e-con-full e-flex e-con e-child\" data-id=\"ec61941\" data-element_type=\"container\">\n\t\t\t\t<div class=\"elementor-element elementor-element-70c4bc8 elementor-widget elementor-widget-heading\" data-id=\"70c4bc8\" data-element_type=\"widget\" data-widget_type=\"heading.default\">\n\t\t\t\t<div class=\"elementor-widget-container\">\n\t\t\t<h2 class=\"elementor-heading-title elementor-size-default\">CORPORATE GOVERNANCE<\/h2>\t\t<\/div>\n\t\t\t\t<\/div>\n\t\t\t\t<div class=\"elementor-element elementor-element-343fb35 elementor-widget elementor-widget-text-editor\" data-id=\"343fb35\" data-element_type=\"widget\" data-widget_type=\"text-editor.default\">\n\t\t\t\t<div class=\"elementor-widget-container\">\n\t\t\t\t\t\t\t<p>The ALFATERM has adopted a set of internal policies, governing and guiding the way in which the business is managed, in order to ensure that the interests of managers are aligned with the interests of the shareholders, by giving the 4 key principles: transparency, fairness, accountability, and responsibility in corporate-governance for sustainable growth.<\/p>\t\t\t\t\t\t<\/div>\n\t\t\t\t<\/div>\n\t\t\t\t<\/div>\n\t\t\t\t\t<\/div>\n\t\t\t\t<\/div>\n\t\t\t\t<\/div>","protected":false},"excerpt":{"rendered":"<p>RESPONSABILIDADE AMBIENTAL A ALFATERM realiza diversas a\u00e7\u00f5es para a preserva\u00e7\u00e3o do meio ambiente, desenvolvendo as suas atividades com baixo impacto ambiental, incluindo: consumo consciente de recursos naturais como \u00e1gua e energia, utiliza\u00e7\u00e3o de partes e pe\u00e7as com mat\u00e9ria-prima sustent\u00e1vel, minimiza\u00e7\u00e3o da gera\u00e7\u00e3o de res\u00edduos, descartados adequadamente, e m\u00e1xima redu\u00e7\u00e3o da emiss\u00e3o de gases poluentes. RESPONSABILIDADE [&hellip;]<\/p>","protected":false},"author":1,"featured_media":0,"parent":0,"menu_order":0,"comment_status":"closed","ping_status":"closed","template":"","meta":{"_acf_changed":false,"_joinchat":[],"footnotes":""},"class_list":["post-356","page","type-page","status-publish","hentry"],"acf":[],"yoast_head":"<!-- This site is optimized with the Yoast SEO Premium plugin v23.4 (Yoast SEO v27.1.1) - https:\/\/yoast.com\/product\/yoast-seo-premium-wordpress\/ -->\n<title>Governan\u00e7a Socioambiental - Bem-vindo \u00e0 ALFATERM<\/title>\n<meta name=\"robots\" content=\"index, follow, max-snippet:-1, max-image-preview:large, max-video-preview:-1\" \/>\n<link rel=\"canonical\" href=\"https:\/\/www.alfaterm.com.br\/en\/socio-environmental-governance\/\" \/>\n<meta property=\"og:locale\" content=\"en_US\" \/>\n<meta property=\"og:type\" content=\"article\" \/>\n<meta property=\"og:title\" content=\"Governan\u00e7a Socioambiental\" \/>\n<meta property=\"og:description\" content=\"RESPONSABILIDADE AMBIENTAL A ALFATERM realiza diversas a\u00e7\u00f5es para a preserva\u00e7\u00e3o do meio ambiente, desenvolvendo as suas atividades com baixo impacto ambiental, incluindo: consumo consciente de recursos naturais como \u00e1gua e energia, utiliza\u00e7\u00e3o de partes e pe\u00e7as com mat\u00e9ria-prima sustent\u00e1vel, minimiza\u00e7\u00e3o da gera\u00e7\u00e3o de res\u00edduos, descartados adequadamente, e m\u00e1xima redu\u00e7\u00e3o da emiss\u00e3o de gases poluentes. RESPONSABILIDADE [&hellip;]\" \/>\n<meta property=\"og:url\" content=\"https:\/\/www.alfaterm.com.br\/en\/socio-environmental-governance\/\" \/>\n<meta property=\"og:site_name\" content=\"Bem-vindo \u00e0 ALFATERM\" \/>\n<meta property=\"article:modified_time\" content=\"2024-08-23T18:30:42+00:00\" \/>\n<meta name=\"twitter:card\" content=\"summary_large_image\" \/>\n<meta name=\"twitter:label1\" content=\"Est. reading time\" \/>\n\t<meta name=\"twitter:data1\" content=\"1 minute\" \/>\n<script type=\"application\/ld+json\" class=\"yoast-schema-graph\">{\"@context\":\"https:\/\/schema.org\",\"@graph\":[{\"@type\":\"WebPage\",\"@id\":\"https:\/\/www.alfaterm.com.br\/governanca-socioambiental\/\",\"url\":\"https:\/\/www.alfaterm.com.br\/governanca-socioambiental\/\",\"name\":\"Governan\u00e7a Socioambiental - Bem-vindo \u00e0 ALFATERM\",\"isPartOf\":{\"@id\":\"https:\/\/www.alfaterm.com.br\/#website\"},\"datePublished\":\"2024-08-12T23:03:32+00:00\",\"dateModified\":\"2024-08-23T18:30:42+00:00\",\"breadcrumb\":{\"@id\":\"https:\/\/www.alfaterm.com.br\/governanca-socioambiental\/#breadcrumb\"},\"inLanguage\":\"en-US\",\"potentialAction\":[{\"@type\":\"ReadAction\",\"target\":[\"https:\/\/www.alfaterm.com.br\/governanca-socioambiental\/\"]}]},{\"@type\":\"BreadcrumbList\",\"@id\":\"https:\/\/www.alfaterm.com.br\/governanca-socioambiental\/#breadcrumb\",\"itemListElement\":[{\"@type\":\"ListItem\",\"position\":1,\"name\":\"Home\",\"item\":\"https:\/\/www.alfaterm.com.br\/\"},{\"@type\":\"ListItem\",\"position\":2,\"name\":\"Governan\u00e7a Socioambiental\"}]},{\"@type\":\"WebSite\",\"@id\":\"https:\/\/www.alfaterm.com.br\/#website\",\"url\":\"https:\/\/www.alfaterm.com.br\/\",\"name\":\"Bem-vindo \u00e0 ALFATERM\",\"description\":\"\",\"publisher\":{\"@id\":\"https:\/\/www.alfaterm.com.br\/#organization\"},\"potentialAction\":[{\"@type\":\"SearchAction\",\"target\":{\"@type\":\"EntryPoint\",\"urlTemplate\":\"https:\/\/www.alfaterm.com.br\/?s={search_term_string}\"},\"query-input\":{\"@type\":\"PropertyValueSpecification\",\"valueRequired\":true,\"valueName\":\"search_term_string\"}}],\"inLanguage\":\"en-US\"},{\"@type\":\"Organization\",\"@id\":\"https:\/\/www.alfaterm.com.br\/#organization\",\"name\":\"Bem-vindo \u00e0 ALFATERM\",\"url\":\"https:\/\/www.alfaterm.com.br\/\",\"logo\":{\"@type\":\"ImageObject\",\"inLanguage\":\"en-US\",\"@id\":\"https:\/\/www.alfaterm.com.br\/#\/schema\/logo\/image\/\",\"url\":\"https:\/\/www.alfaterm.com.br\/wp-content\/uploads\/2024\/07\/logo-alfaterm.png\",\"contentUrl\":\"https:\/\/www.alfaterm.com.br\/wp-content\/uploads\/2024\/07\/logo-alfaterm.png\",\"width\":393,\"height\":45,\"caption\":\"Bem-vindo \u00e0 ALFATERM\"},\"image\":{\"@id\":\"https:\/\/www.alfaterm.com.br\/#\/schema\/logo\/image\/\"}}]}<\/script>\n<!-- \/ Yoast SEO Premium plugin. -->","yoast_head_json":{"title":"Governan\u00e7a Socioambiental - Bem-vindo \u00e0 ALFATERM","robots":{"index":"index","follow":"follow","max-snippet":"max-snippet:-1","max-image-preview":"max-image-preview:large","max-video-preview":"max-video-preview:-1"},"canonical":"https:\/\/www.alfaterm.com.br\/en\/socio-environmental-governance\/","og_locale":"en_US","og_type":"article","og_title":"Governan\u00e7a Socioambiental","og_description":"RESPONSABILIDADE AMBIENTAL A ALFATERM realiza diversas a\u00e7\u00f5es para a preserva\u00e7\u00e3o do meio ambiente, desenvolvendo as suas atividades com baixo impacto ambiental, incluindo: consumo consciente de recursos naturais como \u00e1gua e energia, utiliza\u00e7\u00e3o de partes e pe\u00e7as com mat\u00e9ria-prima sustent\u00e1vel, minimiza\u00e7\u00e3o da gera\u00e7\u00e3o de res\u00edduos, descartados adequadamente, e m\u00e1xima redu\u00e7\u00e3o da emiss\u00e3o de gases poluentes. RESPONSABILIDADE [&hellip;]","og_url":"https:\/\/www.alfaterm.com.br\/en\/socio-environmental-governance\/","og_site_name":"Bem-vindo \u00e0 ALFATERM","article_modified_time":"2024-08-23T18:30:42+00:00","twitter_card":"summary_large_image","twitter_misc":{"Est. reading time":"1 minute"},"schema":{"@context":"https:\/\/schema.org","@graph":[{"@type":"WebPage","@id":"https:\/\/www.alfaterm.com.br\/governanca-socioambiental\/","url":"https:\/\/www.alfaterm.com.br\/governanca-socioambiental\/","name":"Governan\u00e7a Socioambiental - Bem-vindo \u00e0 ALFATERM","isPartOf":{"@id":"https:\/\/www.alfaterm.com.br\/#website"},"datePublished":"2024-08-12T23:03:32+00:00","dateModified":"2024-08-23T18:30:42+00:00","breadcrumb":{"@id":"https:\/\/www.alfaterm.com.br\/governanca-socioambiental\/#breadcrumb"},"inLanguage":"en-US","potentialAction":[{"@type":"ReadAction","target":["https:\/\/www.alfaterm.com.br\/governanca-socioambiental\/"]}]},{"@type":"BreadcrumbList","@id":"https:\/\/www.alfaterm.com.br\/governanca-socioambiental\/#breadcrumb","itemListElement":[{"@type":"ListItem","position":1,"name":"Home","item":"https:\/\/www.alfaterm.com.br\/"},{"@type":"ListItem","position":2,"name":"Governan\u00e7a Socioambiental"}]},{"@type":"WebSite","@id":"https:\/\/www.alfaterm.com.br\/#website","url":"https:\/\/www.alfaterm.com.br\/","name":"Bem-vindo \u00e0 ALFATERM","description":"","publisher":{"@id":"https:\/\/www.alfaterm.com.br\/#organization"},"potentialAction":[{"@type":"SearchAction","target":{"@type":"EntryPoint","urlTemplate":"https:\/\/www.alfaterm.com.br\/?s={search_term_string}"},"query-input":{"@type":"PropertyValueSpecification","valueRequired":true,"valueName":"search_term_string"}}],"inLanguage":"en-US"},{"@type":"Organization","@id":"https:\/\/www.alfaterm.com.br\/#organization","name":"Bem-vindo \u00e0 ALFATERM","url":"https:\/\/www.alfaterm.com.br\/","logo":{"@type":"ImageObject","inLanguage":"en-US","@id":"https:\/\/www.alfaterm.com.br\/#\/schema\/logo\/image\/","url":"https:\/\/www.alfaterm.com.br\/wp-content\/uploads\/2024\/07\/logo-alfaterm.png","contentUrl":"https:\/\/www.alfaterm.com.br\/wp-content\/uploads\/2024\/07\/logo-alfaterm.png","width":393,"height":45,"caption":"Bem-vindo \u00e0 ALFATERM"},"image":{"@id":"https:\/\/www.alfaterm.com.br\/#\/schema\/logo\/image\/"}}]}},"_links":{"self":[{"href":"https:\/\/www.alfaterm.com.br\/en\/wp-json\/wp\/v2\/pages\/356","targetHints":{"allow":["GET"]}}],"collection":[{"href":"https:\/\/www.alfaterm.com.br\/en\/wp-json\/wp\/v2\/pages"}],"about":[{"href":"https:\/\/www.alfaterm.com.br\/en\/wp-json\/wp\/v2\/types\/page"}],"author":[{"embeddable":true,"href":"https:\/\/www.alfaterm.com.br\/en\/wp-json\/wp\/v2\/users\/1"}],"replies":[{"embeddable":true,"href":"https:\/\/www.alfaterm.com.br\/en\/wp-json\/wp\/v2\/comments?post=356"}],"version-history":[{"count":0,"href":"https:\/\/www.alfaterm.com.br\/en\/wp-json\/wp\/v2\/pages\/356\/revisions"}],"wp:attachment":[{"href":"https:\/\/www.alfaterm.com.br\/en\/wp-json\/wp\/v2\/media?parent=356"}],"curies":[{"name":"wp","href":"https:\/\/api.w.org\/{rel}","templated":true}]}}