{"id":347,"date":"2024-08-12T19:52:46","date_gmt":"2024-08-12T22:52:46","guid":{"rendered":"https:\/\/www.alfaterm.com.br\/?page_id=347"},"modified":"2024-08-23T15:15:18","modified_gmt":"2024-08-23T18:15:18","slug":"principios","status":"publish","type":"page","link":"https:\/\/www.alfaterm.com.br\/en\/principles\/","title":{"rendered":"OUR PRINCIPLES"},"content":{"rendered":"<div data-elementor-type=\"wp-page\" data-elementor-id=\"347\" class=\"elementor elementor-347\" data-elementor-post-type=\"page\">\n\t\t\t\t<div class=\"elementor-element elementor-element-3797c7e e-flex e-con-boxed e-con e-parent\" data-id=\"3797c7e\" data-element_type=\"container\" data-settings=\"{&quot;background_background&quot;:&quot;classic&quot;}\">\n\t\t\t\t\t<div class=\"e-con-inner\">\n\t\t\t\t<div class=\"elementor-element elementor-element-d9ca060 elementor-widget elementor-widget-heading\" data-id=\"d9ca060\" data-element_type=\"widget\" data-widget_type=\"heading.default\">\n\t\t\t\t<div class=\"elementor-widget-container\">\n\t\t\t<style>\/*! elementor - v3.23.0 - 05-08-2024 *\/\n.elementor-heading-title{padding:0;margin:0;line-height:1}.elementor-widget-heading .elementor-heading-title[class*=elementor-size-]>a{color:inherit;font-size:inherit;line-height:inherit}.elementor-widget-heading .elementor-heading-title.elementor-size-small{font-size:15px}.elementor-widget-heading .elementor-heading-title.elementor-size-medium{font-size:19px}.elementor-widget-heading .elementor-heading-title.elementor-size-large{font-size:29px}.elementor-widget-heading .elementor-heading-title.elementor-size-xl{font-size:39px}.elementor-widget-heading .elementor-heading-title.elementor-size-xxl{font-size:59px}<\/style><h2 class=\"elementor-heading-title elementor-size-default\">Our principles<\/h2>\t\t<\/div>\n\t\t\t\t<\/div>\n\t\t\t\t\t<\/div>\n\t\t\t\t<\/div>\n\t\t<div class=\"elementor-element elementor-element-ae75650 e-grid e-con-boxed e-con e-parent\" data-id=\"ae75650\" data-element_type=\"container\">\n\t\t\t\t\t<div class=\"e-con-inner\">\n\t\t<div class=\"elementor-element elementor-element-ce44502 e-con-full e-flex e-con e-child\" data-id=\"ce44502\" data-element_type=\"container\">\n\t\t\t\t<div class=\"elementor-element elementor-element-256da0f elementor-widget__width-initial elementor-view-default elementor-widget elementor-widget-icon\" data-id=\"256da0f\" data-element_type=\"widget\" data-widget_type=\"icon.default\">\n\t\t\t\t<div class=\"elementor-widget-container\">\n\t\t\t\t\t<div class=\"elementor-icon-wrapper\">\n\t\t\t<div class=\"elementor-icon\">\n\t\t\t<svg xmlns=\"http:\/\/www.w3.org\/2000\/svg\" id=\"Layer_1\" data-name=\"Layer 1\" viewbox=\"0 0 24 24\"><path d=\"m15,4v-1.5c0-1.378-1.122-2.5-2.5-2.5H0v24h1v-11h10v1.5c0,1.378,1.122,2.5,2.5,2.5h10.5V4h-9ZM1,1h11.5c.827,0,1.5.673,1.5,1.5v9.5H1V1Zm22,15h-9.5c-.827,0-1.5-.673-1.5-1.5v-1.5h3V5h8v11Z\"><\/path><\/svg>\t\t\t<\/div>\n\t\t<\/div>\n\t\t\t\t<\/div>\n\t\t\t\t<\/div>\n\t\t<div class=\"elementor-element elementor-element-5f244c5 e-con-full e-flex e-con e-child\" data-id=\"5f244c5\" data-element_type=\"container\">\n\t\t\t\t<div class=\"elementor-element elementor-element-b245efd elementor-widget elementor-widget-heading\" data-id=\"b245efd\" data-element_type=\"widget\" data-widget_type=\"heading.default\">\n\t\t\t\t<div class=\"elementor-widget-container\">\n\t\t\t<h2 class=\"elementor-heading-title elementor-size-default\">Mission<\/h2>\t\t<\/div>\n\t\t\t\t<\/div>\n\t\t\t\t<div class=\"elementor-element elementor-element-28d8aeb elementor-widget elementor-widget-text-editor\" data-id=\"28d8aeb\" data-element_type=\"widget\" data-widget_type=\"text-editor.default\">\n\t\t\t\t<div class=\"elementor-widget-container\">\n\t\t\t<style>\/*! elementor - v3.23.0 - 05-08-2024 *\/\n.elementor-widget-text-editor.elementor-drop-cap-view-stacked .elementor-drop-cap{background-color:#69727d;color:#fff}.elementor-widget-text-editor.elementor-drop-cap-view-framed .elementor-drop-cap{color:#69727d;border:3px solid;background-color:transparent}.elementor-widget-text-editor:not(.elementor-drop-cap-view-default) .elementor-drop-cap{margin-top:8px}.elementor-widget-text-editor:not(.elementor-drop-cap-view-default) .elementor-drop-cap-letter{width:1em;height:1em}.elementor-widget-text-editor .elementor-drop-cap{float:left;text-align:center;line-height:1;font-size:50px}.elementor-widget-text-editor .elementor-drop-cap-letter{display:inline-block}<\/style>\t\t\t\t<p class=\" translation-block\"><span style=\"color: #3b5c9d\"><strong>ALFATERM<\/strong><\/span>  has as a purpose to the existence of the design and manufacture of cooling towers and water for a number of industrial processes, scaling to different sizes and capacities to suit every need, as well as services, assembly and installation, tests that are approved by CTI and preventive and corrective maintenance, renovation, and retraining, we have the rental equipment, and a full stock of spare parts.<\/p>\t\t\t\t\t\t<\/div>\n\t\t\t\t<\/div>\n\t\t\t\t<\/div>\n\t\t\t\t<\/div>\n\t\t<div class=\"elementor-element elementor-element-7f1ad13 e-con-full e-flex e-con e-child\" data-id=\"7f1ad13\" data-element_type=\"container\">\n\t\t\t\t<div class=\"elementor-element elementor-element-939efd8 elementor-widget__width-initial elementor-view-default elementor-widget elementor-widget-icon\" data-id=\"939efd8\" data-element_type=\"widget\" data-widget_type=\"icon.default\">\n\t\t\t\t<div class=\"elementor-widget-container\">\n\t\t\t\t\t<div class=\"elementor-icon-wrapper\">\n\t\t\t<div class=\"elementor-icon\">\n\t\t\t<svg xmlns=\"http:\/\/www.w3.org\/2000\/svg\" id=\"Layer_1\" data-name=\"Layer 1\" viewbox=\"0 0 24 24\"><path d=\"M5.57,4.755L3.858,1.868l.86-.51,1.712,2.887-.86,.51Zm16.466,7.244c-.116,.377-3.532,6.828-10.036,7.001-6.787-.172-9.905-6.62-10.036-6.997,.115-.378,3.516-6.83,10.036-7.003,6.702,.173,9.911,6.623,10.036,6.999Zm-1.106-.008c-.595-1.042-3.709-5.99-8.93-5.99-5.044,0-8.282,4.929-8.93,6.011,.591,1.05,3.677,5.989,8.93,5.989,5.039,0,8.279-4.925,8.93-6.01Zm-4.93,.01c0,2.206-1.794,4-4,4s-4-1.794-4-4,1.794-4,4-4,4,1.794,4,4Zm-1,0c0-1.654-1.346-3-3-3s-3,1.346-3,3,1.346,3,3,3,3-1.346,3-3ZM12.5,0h-1V3h1V0Zm7.642,1.868l-.86-.51-1.712,2.887,.86,.51,1.712-2.887Zm-2.572,17.887l1.712,2.887,.86-.51-1.712-2.887-.86,.51Zm-6.07,4.245h1v-3h-1v3Zm-7.642-1.868l.86,.51,1.712-2.887-.86-.51-1.712,2.887Z\"><\/path><\/svg>\t\t\t<\/div>\n\t\t<\/div>\n\t\t\t\t<\/div>\n\t\t\t\t<\/div>\n\t\t<div class=\"elementor-element elementor-element-392b35a e-con-full e-flex e-con e-child\" data-id=\"392b35a\" data-element_type=\"container\">\n\t\t\t\t<div class=\"elementor-element elementor-element-a631381 elementor-widget elementor-widget-heading\" data-id=\"a631381\" data-element_type=\"widget\" data-widget_type=\"heading.default\">\n\t\t\t\t<div class=\"elementor-widget-container\">\n\t\t\t<h2 class=\"elementor-heading-title elementor-size-default\">Overview<\/h2>\t\t<\/div>\n\t\t\t\t<\/div>\n\t\t\t\t<div class=\"elementor-element elementor-element-c281aab elementor-widget elementor-widget-text-editor\" data-id=\"c281aab\" data-element_type=\"widget\" data-widget_type=\"text-editor.default\">\n\t\t\t\t<div class=\"elementor-widget-container\">\n\t\t\t\t\t\t\t<p>A <span style=\"color: #3b5c9d;\"><strong>ALFATERM<\/strong><\/span> it has as objective to carry on the tradition that it will always be the first choice on the cooling of the water, constantly investing in research and development and the continuous improvement of its products, especially for the management of corporate responsibility, and transparent, and focused on the outcome, and the growth is sustainable, and able to respond swiftly to the demands of the market and to stay ahead of their competitors.<\/p>\t\t\t\t\t\t<\/div>\n\t\t\t\t<\/div>\n\t\t\t\t<\/div>\n\t\t\t\t<\/div>\n\t\t<div class=\"elementor-element elementor-element-3432d1e e-con-full e-flex e-con e-child\" data-id=\"3432d1e\" data-element_type=\"container\">\n\t\t\t\t<div class=\"elementor-element elementor-element-5224c21 elementor-widget__width-initial elementor-view-default elementor-widget elementor-widget-icon\" data-id=\"5224c21\" data-element_type=\"widget\" data-widget_type=\"icon.default\">\n\t\t\t\t<div class=\"elementor-widget-container\">\n\t\t\t\t\t<div class=\"elementor-icon-wrapper\">\n\t\t\t<div class=\"elementor-icon\">\n\t\t\t<svg xmlns=\"http:\/\/www.w3.org\/2000\/svg\" id=\"Layer_1\" data-name=\"Layer 1\" viewbox=\"0 0 24 24\" width=\"512\" height=\"512\"><path d=\"M17.015,5L12-.015,6.985,5l5.015,5.015,5.015-5.015ZM12,1.399l3.601,3.601-3.601,3.601-3.601-3.601,3.601-3.601Zm12,4.101v13.231c0,.618-.229,1.214-.645,1.676l-3.197,3.593h-1.344l3.799-4.263c.25-.277,.387-.635,.387-1.006V5.5c0-.827-.673-1.5-1.5-1.5s-1.5,.673-1.5,1.5V14.5h-.004c0,.57-.193,1.14-.58,1.601l-3.099,3.206-.719-.695,3.075-3.179c.219-.262,.326-.579,.326-.981s-.139-.682-.382-.953c-.267-.297-.634-.474-1.032-.496-.39-.014-.782,.113-1.08,.38l-3.849,3.541c.222,.38,.343,.815,.343,1.262v5.814h-1v-5.814c0-.418-.177-.821-.484-1.104l-4.026-3.704c-.292-.263-.677-.39-1.075-.375-.398,.022-.766,.198-1.032,.496-.494,.551-.508,1.394-.032,1.96l3.052,3.153-.719,.695-3.075-3.179c-.399-.474-.597-1.052-.6-1.627h-.007V5.5c0-.827-.673-1.5-1.5-1.5s-1.5,.673-1.5,1.5v13.231c0,.371,.137,.729,.387,1.006l3.799,4.263h-1.344l-3.197-3.593c-.416-.462-.645-1.058-.645-1.676V5.5c0-1.378,1.121-2.5,2.5-2.5s2.5,1.122,2.5,2.5v6.998c.931-.699,2.26-.667,3.162,.139l3.838,3.531,3.833-3.527c.502-.45,1.14-.681,1.808-.637,.5,.027,.969,.199,1.359,.493V5.5c0-1.378,1.121-2.5,2.5-2.5s2.5,1.122,2.5,2.5Z\"><\/path><\/svg>\t\t\t<\/div>\n\t\t<\/div>\n\t\t\t\t<\/div>\n\t\t\t\t<\/div>\n\t\t<div class=\"elementor-element elementor-element-a6a8ff8 e-con-full e-flex e-con e-child\" data-id=\"a6a8ff8\" data-element_type=\"container\">\n\t\t\t\t<div class=\"elementor-element elementor-element-61fcc52 elementor-widget elementor-widget-heading\" data-id=\"61fcc52\" data-element_type=\"widget\" data-widget_type=\"heading.default\">\n\t\t\t\t<div class=\"elementor-widget-container\">\n\t\t\t<h2 class=\"elementor-heading-title elementor-size-default\">Values<\/h2>\t\t<\/div>\n\t\t\t\t<\/div>\n\t\t\t\t<div class=\"elementor-element elementor-element-ff75da7 elementor-widget elementor-widget-text-editor\" data-id=\"ff75da7\" data-element_type=\"widget\" data-widget_type=\"text-editor.default\">\n\t\t\t\t<div class=\"elementor-widget-container\">\n\t\t\t\t\t\t\t<p class=\" translation-block\"><span style=\"color: #3b5c9d\"><strong>A<\/strong><\/span>gility in replying demands<br>\n<span style=\"color: #3b5c9d\"><strong>L<\/strong><\/span>egal tax and fiscal legislation<br>\n<span style=\"color: #3b5c9d\"><strong>F<\/strong><\/span>lexibility in the commercial policy<br>\n<span style=\"color: #3b5c9d\"><strong>A<\/strong><\/span>ctive social support and environmental commitment<br>\n<span style=\"color: #3b5c9d\"><strong>T<\/strong><\/span>ransparency and relational integrity<br>\n<span style=\"color: #3b5c9d\"><strong>E<\/strong><\/span>xperience and deep knowledge<br>\n<span style=\"color: #3b5c9d\"><strong>R<\/strong><\/span>esponsibility in the corporate management<br>\n<span style=\"color: #3b5c9d\"><strong>M<\/strong><\/span>aximum excellence in tower manufacturing<br><\/p>\t\t\t\t\t\t<\/div>\n\t\t\t\t<\/div>\n\t\t\t\t<\/div>\n\t\t\t\t<\/div>\n\t\t<div class=\"elementor-element elementor-element-3363821 e-con-full e-flex e-con e-child\" data-id=\"3363821\" data-element_type=\"container\">\n\t\t\t\t<div class=\"elementor-element elementor-element-dbf1bc3 elementor-widget__width-initial elementor-view-default elementor-widget elementor-widget-icon\" data-id=\"dbf1bc3\" data-element_type=\"widget\" data-widget_type=\"icon.default\">\n\t\t\t\t<div class=\"elementor-widget-container\">\n\t\t\t\t\t<div class=\"elementor-icon-wrapper\">\n\t\t\t<div class=\"elementor-icon\">\n\t\t\t<svg xmlns=\"http:\/\/www.w3.org\/2000\/svg\" id=\"Layer_1\" data-name=\"Layer 1\" viewbox=\"0 0 24 24\"><path d=\"m20,18c-1.654,0-3,1.346-3,3s1.346,3,3,3,3-1.346,3-3-1.346-3-3-3Zm0,5c-1.103,0-2-.897-2-2s.897-2,2-2,2,.897,2,2-.897,2-2,2Zm-6-8.707l-5-5V2.293L6.707,0H1v10h7.293l5,5h-2.293v1h3c.551,0,1-.448,1-1v-3h-1v2.293ZM2,9V1h4v2h2v6H2Zm10.586,8.696l-.707.707,1.596,1.597h-4.475v-3.707l-2.293-2.293H1v10h8v-3h4.525l-1.646,1.646.707.707,2.121-2.121c.39-.39.39-1.024,0-1.414l-2.121-2.122Zm-10.586,5.304v-8h4v2h2v6H2Zm18-8.475l-1.646-1.646-.707.707,2.121,2.121c.195.195.451.293.707.293s.513-.098.708-.293l2.121-2.121-.707-.707-1.596,1.596V2.293l-2.293-2.293h-5.707v10h7v4.525ZM14,1h4v2h2v6h-6V1Z\"><\/path><\/svg>\t\t\t<\/div>\n\t\t<\/div>\n\t\t\t\t<\/div>\n\t\t\t\t<\/div>\n\t\t<div class=\"elementor-element elementor-element-14e325f e-con-full e-flex e-con e-child\" data-id=\"14e325f\" data-element_type=\"container\">\n\t\t\t\t<div class=\"elementor-element elementor-element-b9b660e elementor-widget elementor-widget-heading\" data-id=\"b9b660e\" data-element_type=\"widget\" data-widget_type=\"heading.default\">\n\t\t\t\t<div class=\"elementor-widget-container\">\n\t\t\t<h2 class=\"elementor-heading-title elementor-size-default\">THE POLICY OF THE ALFATERM<\/h2>\t\t<\/div>\n\t\t\t\t<\/div>\n\t\t\t\t<div class=\"elementor-element elementor-element-c17e8ad elementor-widget elementor-widget-text-editor\" data-id=\"c17e8ad\" data-element_type=\"widget\" data-widget_type=\"text-editor.default\">\n\t\t\t\t<div class=\"elementor-widget-container\">\n\t\t\t\t\t\t\t<p>A <span style=\"color: #3b5c9d;\"><strong>ALFATERM<\/strong><\/span> it is the first domestic manufacturer of cooling towers, and water to get the certificates of ISO 9001, 14001, 45001, in an Integrated Management System to meet the requirements of the relevant standards of quality, environment and occupational safety, and having received of the id&#039;s global Duns Number, in addition to the approval by the CTI (Cooling Technology Institute) on the testing of the performance of your team.<\/p>\t\t\t\t\t\t<\/div>\n\t\t\t\t<\/div>\n\t\t\t\t<\/div>\n\t\t\t\t<\/div>\n\t\t\t\t\t<\/div>\n\t\t\t\t<\/div>\n\t\t<div class=\"elementor-element elementor-element-f161f5a e-flex e-con-boxed e-con e-parent\" data-id=\"f161f5a\" data-element_type=\"container\" data-settings=\"{&quot;background_background&quot;:&quot;gradient&quot;}\">\n\t\t\t\t\t<div class=\"e-con-inner\">\n\t\t<div class=\"elementor-element elementor-element-9072dcd e-con-full e-flex e-con e-child\" data-id=\"9072dcd\" data-element_type=\"container\">\n\t\t\t\t<div class=\"elementor-element elementor-element-9e966bf elementor-widget elementor-widget-heading\" data-id=\"9e966bf\" data-element_type=\"widget\" data-widget_type=\"heading.default\">\n\t\t\t\t<div class=\"elementor-widget-container\">\n\t\t\t<h2 class=\"elementor-heading-title elementor-size-default\">Contact us<\/h2>\t\t<\/div>\n\t\t\t\t<\/div>\n\t\t\t\t<div class=\"elementor-element elementor-element-98e7272 elementor-widget elementor-widget-text-editor\" data-id=\"98e7272\" data-element_type=\"widget\" data-widget_type=\"text-editor.default\">\n\t\t\t\t<div class=\"elementor-widget-container\">\n\t\t\t\t\t\t\t<p>Talk to us about your needs.<\/p>\t\t\t\t\t\t<\/div>\n\t\t\t\t<\/div>\n\t\t\t\t<\/div>\n\t\t<div class=\"elementor-element elementor-element-9d53fd3 e-con-full e-flex e-con e-child\" data-id=\"9d53fd3\" data-element_type=\"container\">\n\t\t\t\t<div class=\"elementor-element elementor-element-9b6ebb3 elementor-align-justify elementor-widget elementor-widget-button\" data-id=\"9b6ebb3\" data-element_type=\"widget\" data-widget_type=\"button.default\">\n\t\t\t\t<div class=\"elementor-widget-container\">\n\t\t\t\t\t<div class=\"elementor-button-wrapper\">\n\t\t\t<a class=\"elementor-button elementor-button-link elementor-size-sm\" href=\"#\">\n\t\t\t\t\t\t<span class=\"elementor-button-content-wrapper\">\n\t\t\t\t\t\t\t\t\t<span class=\"elementor-button-text\">Contact us<\/span>\n\t\t\t\t\t<\/span>\n\t\t\t\t\t<\/a>\n\t\t<\/div>\n\t\t\t\t<\/div>\n\t\t\t\t<\/div>\n\t\t\t\t<\/div>\n\t\t\t\t\t<\/div>\n\t\t\t\t<\/div>\n\t\t\t\t<\/div>","protected":false},"excerpt":{"rendered":"<p>Nossos princ\u00edpios Miss\u00e3o A ALFATERM tem como prop\u00f3sito de exist\u00eancia projetar e fabricar torres de resfriamento de \u00e1gua para in\u00fameros processos industriais, dimensionando diferentes tamanhos e capacidades de acordo com cada necessidade, al\u00e9m de executar servi\u00e7os de montagem e instala\u00e7\u00e3o, testes de performance aprovados pelo CTI, manuten\u00e7\u00e3o preventiva e corretiva, reforma e recapacita\u00e7\u00e3o, dispondo tamb\u00e9m [&hellip;]<\/p>","protected":false},"author":1,"featured_media":0,"parent":0,"menu_order":0,"comment_status":"closed","ping_status":"closed","template":"","meta":{"_acf_changed":false,"_joinchat":[],"footnotes":""},"class_list":["post-347","page","type-page","status-publish","hentry"],"acf":[],"yoast_head":"<!-- This site is optimized with the Yoast SEO Premium plugin v23.4 (Yoast SEO v27.1.1) - https:\/\/yoast.com\/product\/yoast-seo-premium-wordpress\/ -->\n<title>Pr\u00edncipios - Bem-vindo \u00e0 ALFATERM<\/title>\n<meta name=\"robots\" content=\"index, follow, max-snippet:-1, max-image-preview:large, max-video-preview:-1\" \/>\n<link rel=\"canonical\" href=\"https:\/\/www.alfaterm.com.br\/en\/principles\/\" \/>\n<meta property=\"og:locale\" content=\"en_US\" \/>\n<meta property=\"og:type\" content=\"article\" \/>\n<meta property=\"og:title\" content=\"Pr\u00edncipios\" \/>\n<meta property=\"og:description\" content=\"Nossos princ\u00edpios Miss\u00e3o A ALFATERM tem como prop\u00f3sito de exist\u00eancia projetar e fabricar torres de resfriamento de \u00e1gua para in\u00fameros processos industriais, dimensionando diferentes tamanhos e capacidades de acordo com cada necessidade, al\u00e9m de executar servi\u00e7os de montagem e instala\u00e7\u00e3o, testes de performance aprovados pelo CTI, manuten\u00e7\u00e3o preventiva e corretiva, reforma e recapacita\u00e7\u00e3o, dispondo tamb\u00e9m [&hellip;]\" \/>\n<meta property=\"og:url\" content=\"https:\/\/www.alfaterm.com.br\/en\/principles\/\" \/>\n<meta property=\"og:site_name\" content=\"Bem-vindo \u00e0 ALFATERM\" \/>\n<meta property=\"article:modified_time\" content=\"2024-08-23T18:15:18+00:00\" \/>\n<meta name=\"twitter:card\" content=\"summary_large_image\" \/>\n<meta name=\"twitter:label1\" content=\"Est. reading time\" \/>\n\t<meta name=\"twitter:data1\" content=\"1 minute\" \/>\n<script type=\"application\/ld+json\" class=\"yoast-schema-graph\">{\"@context\":\"https:\/\/schema.org\",\"@graph\":[{\"@type\":\"WebPage\",\"@id\":\"https:\/\/www.alfaterm.com.br\/principios\/\",\"url\":\"https:\/\/www.alfaterm.com.br\/principios\/\",\"name\":\"Pr\u00edncipios - Bem-vindo \u00e0 ALFATERM\",\"isPartOf\":{\"@id\":\"https:\/\/www.alfaterm.com.br\/#website\"},\"datePublished\":\"2024-08-12T22:52:46+00:00\",\"dateModified\":\"2024-08-23T18:15:18+00:00\",\"breadcrumb\":{\"@id\":\"https:\/\/www.alfaterm.com.br\/principios\/#breadcrumb\"},\"inLanguage\":\"en-US\",\"potentialAction\":[{\"@type\":\"ReadAction\",\"target\":[\"https:\/\/www.alfaterm.com.br\/principios\/\"]}]},{\"@type\":\"BreadcrumbList\",\"@id\":\"https:\/\/www.alfaterm.com.br\/principios\/#breadcrumb\",\"itemListElement\":[{\"@type\":\"ListItem\",\"position\":1,\"name\":\"Home\",\"item\":\"https:\/\/www.alfaterm.com.br\/\"},{\"@type\":\"ListItem\",\"position\":2,\"name\":\"Pr\u00edncipios\"}]},{\"@type\":\"WebSite\",\"@id\":\"https:\/\/www.alfaterm.com.br\/#website\",\"url\":\"https:\/\/www.alfaterm.com.br\/\",\"name\":\"Bem-vindo \u00e0 ALFATERM\",\"description\":\"\",\"publisher\":{\"@id\":\"https:\/\/www.alfaterm.com.br\/#organization\"},\"potentialAction\":[{\"@type\":\"SearchAction\",\"target\":{\"@type\":\"EntryPoint\",\"urlTemplate\":\"https:\/\/www.alfaterm.com.br\/?s={search_term_string}\"},\"query-input\":{\"@type\":\"PropertyValueSpecification\",\"valueRequired\":true,\"valueName\":\"search_term_string\"}}],\"inLanguage\":\"en-US\"},{\"@type\":\"Organization\",\"@id\":\"https:\/\/www.alfaterm.com.br\/#organization\",\"name\":\"Bem-vindo \u00e0 ALFATERM\",\"url\":\"https:\/\/www.alfaterm.com.br\/\",\"logo\":{\"@type\":\"ImageObject\",\"inLanguage\":\"en-US\",\"@id\":\"https:\/\/www.alfaterm.com.br\/#\/schema\/logo\/image\/\",\"url\":\"https:\/\/www.alfaterm.com.br\/wp-content\/uploads\/2024\/07\/logo-alfaterm.png\",\"contentUrl\":\"https:\/\/www.alfaterm.com.br\/wp-content\/uploads\/2024\/07\/logo-alfaterm.png\",\"width\":393,\"height\":45,\"caption\":\"Bem-vindo \u00e0 ALFATERM\"},\"image\":{\"@id\":\"https:\/\/www.alfaterm.com.br\/#\/schema\/logo\/image\/\"}}]}<\/script>\n<!-- \/ Yoast SEO Premium plugin. -->","yoast_head_json":{"title":"Pr\u00edncipios - Bem-vindo \u00e0 ALFATERM","robots":{"index":"index","follow":"follow","max-snippet":"max-snippet:-1","max-image-preview":"max-image-preview:large","max-video-preview":"max-video-preview:-1"},"canonical":"https:\/\/www.alfaterm.com.br\/en\/principles\/","og_locale":"en_US","og_type":"article","og_title":"Pr\u00edncipios","og_description":"Nossos princ\u00edpios Miss\u00e3o A ALFATERM tem como prop\u00f3sito de exist\u00eancia projetar e fabricar torres de resfriamento de \u00e1gua para in\u00fameros processos industriais, dimensionando diferentes tamanhos e capacidades de acordo com cada necessidade, al\u00e9m de executar servi\u00e7os de montagem e instala\u00e7\u00e3o, testes de performance aprovados pelo CTI, manuten\u00e7\u00e3o preventiva e corretiva, reforma e recapacita\u00e7\u00e3o, dispondo tamb\u00e9m [&hellip;]","og_url":"https:\/\/www.alfaterm.com.br\/en\/principles\/","og_site_name":"Bem-vindo \u00e0 ALFATERM","article_modified_time":"2024-08-23T18:15:18+00:00","twitter_card":"summary_large_image","twitter_misc":{"Est. reading time":"1 minute"},"schema":{"@context":"https:\/\/schema.org","@graph":[{"@type":"WebPage","@id":"https:\/\/www.alfaterm.com.br\/principios\/","url":"https:\/\/www.alfaterm.com.br\/principios\/","name":"Pr\u00edncipios - Bem-vindo \u00e0 ALFATERM","isPartOf":{"@id":"https:\/\/www.alfaterm.com.br\/#website"},"datePublished":"2024-08-12T22:52:46+00:00","dateModified":"2024-08-23T18:15:18+00:00","breadcrumb":{"@id":"https:\/\/www.alfaterm.com.br\/principios\/#breadcrumb"},"inLanguage":"en-US","potentialAction":[{"@type":"ReadAction","target":["https:\/\/www.alfaterm.com.br\/principios\/"]}]},{"@type":"BreadcrumbList","@id":"https:\/\/www.alfaterm.com.br\/principios\/#breadcrumb","itemListElement":[{"@type":"ListItem","position":1,"name":"Home","item":"https:\/\/www.alfaterm.com.br\/"},{"@type":"ListItem","position":2,"name":"Pr\u00edncipios"}]},{"@type":"WebSite","@id":"https:\/\/www.alfaterm.com.br\/#website","url":"https:\/\/www.alfaterm.com.br\/","name":"Bem-vindo \u00e0 ALFATERM","description":"","publisher":{"@id":"https:\/\/www.alfaterm.com.br\/#organization"},"potentialAction":[{"@type":"SearchAction","target":{"@type":"EntryPoint","urlTemplate":"https:\/\/www.alfaterm.com.br\/?s={search_term_string}"},"query-input":{"@type":"PropertyValueSpecification","valueRequired":true,"valueName":"search_term_string"}}],"inLanguage":"en-US"},{"@type":"Organization","@id":"https:\/\/www.alfaterm.com.br\/#organization","name":"Bem-vindo \u00e0 ALFATERM","url":"https:\/\/www.alfaterm.com.br\/","logo":{"@type":"ImageObject","inLanguage":"en-US","@id":"https:\/\/www.alfaterm.com.br\/#\/schema\/logo\/image\/","url":"https:\/\/www.alfaterm.com.br\/wp-content\/uploads\/2024\/07\/logo-alfaterm.png","contentUrl":"https:\/\/www.alfaterm.com.br\/wp-content\/uploads\/2024\/07\/logo-alfaterm.png","width":393,"height":45,"caption":"Bem-vindo \u00e0 ALFATERM"},"image":{"@id":"https:\/\/www.alfaterm.com.br\/#\/schema\/logo\/image\/"}}]}},"_links":{"self":[{"href":"https:\/\/www.alfaterm.com.br\/en\/wp-json\/wp\/v2\/pages\/347","targetHints":{"allow":["GET"]}}],"collection":[{"href":"https:\/\/www.alfaterm.com.br\/en\/wp-json\/wp\/v2\/pages"}],"about":[{"href":"https:\/\/www.alfaterm.com.br\/en\/wp-json\/wp\/v2\/types\/page"}],"author":[{"embeddable":true,"href":"https:\/\/www.alfaterm.com.br\/en\/wp-json\/wp\/v2\/users\/1"}],"replies":[{"embeddable":true,"href":"https:\/\/www.alfaterm.com.br\/en\/wp-json\/wp\/v2\/comments?post=347"}],"version-history":[{"count":0,"href":"https:\/\/www.alfaterm.com.br\/en\/wp-json\/wp\/v2\/pages\/347\/revisions"}],"wp:attachment":[{"href":"https:\/\/www.alfaterm.com.br\/en\/wp-json\/wp\/v2\/media?parent=347"}],"curies":[{"name":"wp","href":"https:\/\/api.w.org\/{rel}","templated":true}]}}