{"id":2352,"date":"2024-09-02T09:14:44","date_gmt":"2024-09-02T12:14:44","guid":{"rendered":"https:\/\/www.alfaterm.com.br\/?page_id=2352"},"modified":"2024-09-09T05:34:02","modified_gmt":"2024-09-09T08:34:02","slug":"ventilador-torre-resfriamento-2","status":"publish","type":"page","link":"https:\/\/www.alfaterm.com.br\/en\/informacoes\/ventilador-torre-resfriamento-2\/","title":{"rendered":"Ventilador para torre de resfriamento"},"content":{"rendered":"<p>O&nbsp;ventilador para torre de resfriamento&nbsp;tem a fun\u00e7\u00e3o de realizar fluxo de ar externo, para que ocorra a troca e tamb\u00e9m a evapora\u00e7\u00e3o, resultando com que o calor da \u00e1gua seja retirado, apoiando desta forma o resfriamento da \u00e1gua nas torres, as quais recebem a \u00e1gua quente que deve ser resfriada para os processos industriais. Sendo, portanto, o&nbsp;ventilador para torre de resfriamento&nbsp;a principal \u201cferramenta\u201d utilizada na torre para a obten\u00e7\u00e3o da temperatura ideal da \u00e1gua.<\/p>\n\n\n\n<h2 class=\"wp-block-heading\">CARACTER\u00cdSTICAS E TIPOS DE UTILIZA\u00c7\u00c3O DO VENTILADOR PARA TORRE DE RESFRIAMENTO<\/h2>\n\n\n\n<p>A forma e o local onde o&nbsp;ventilador para torre de resfriamento&nbsp;estiver instalado na torre poder\u00e1 tamb\u00e9m determinar como esta ser\u00e1 chamada. Como exemplo \u00e9 poss\u00edvel indicar que:Torre de tiragem for\u00e7ada: ser\u00e1 assim designada quando o&nbsp;ventilador para torre de resfriamento&nbsp;estiver instalado no local de \u201centrada\u201d de ar que ocorre na torre. Torre de tiragem induzida: j\u00e1 para esta forma de indica\u00e7\u00e3o de torre o nome \u00e9 dado devido ao&nbsp;ventilador para torre de resfriamento&nbsp;estar na \u201csa\u00edda\u201d do ar na torre.<\/p>\n\n\n\n<p>O&nbsp;ventilador para torre de resfriamento&nbsp;possui um cilindro com a fun\u00e7\u00e3o b\u00e1sica de que seja formado um fechamento em volta do pr\u00f3prio ventilador, resultando em sua maior efic\u00e1cia. Tal cilindro tamb\u00e9m protege o ventilador por conduzir o ar de descarga para mais longe da torre.<\/p>\n\n\n\n<p>A performance do&nbsp;ventilador para torre de resfriamento&nbsp;possui bastante sensibilidade relacionada \u00e0s condi\u00e7\u00f5es apresentadas do fluxo de ar que entra, bem como do espa\u00e7o livre, o qual fica entre o di\u00e2metro externo (considerando-se as p\u00e1s) e o interno (considerando-se o cilindro). A maior efici\u00eancia do&nbsp;ventilador para torre de resfriamento&nbsp;acontecer\u00e1 tamb\u00e9m quando a entrada do fluxo do ar ocorrer de maneira suave.<\/p>\n\n\n\n<h2 class=\"wp-block-heading\">ALFATERM IND\u00daSTRIA E COM\u00c9RCIO LTDA \u2013 VENTILADOR PARA TORRE DE RESFRIAMENTO<\/h2>\n\n\n\n<p>Atuando no mercado por mais de tr\u00eas d\u00e9cadas, a ALFATERM Ind\u00fastria e Com\u00e9rcio LTDA trabalha com o objetivo macro de projetar, fabricar, instalar e tamb\u00e9m executar as manuten\u00e7\u00f5es de forma preventiva e corretiva em torres de resfriamento de \u00e1gua.<\/p>\n\n\n\n<p>Com sua sede pr\u00f3pria localizada em um pr\u00e9dio de 10.000 m\u00b2 na cidade de Santana de Parna\u00edba \u2013 SP, a ALFATERM Ind\u00fastria e Com\u00e9rcio LTDA \u00e9 uma empresa conceituada no mercado em que atua no Brasil, Am\u00e9rica Latina e Central.<\/p>\n\n\n\n<h2 class=\"wp-block-heading\">Para saber mais sobre Assist\u00eancia t\u00e9cnica em torres de resfriar<\/h2>\n\n\n\n<p>Ligue para&nbsp;<strong>11 4156-8930<\/strong>&nbsp;ou&nbsp;<a href=\"https:\/\/www.alfaterm.com.br\/en\/contact\/\">clique aqui<\/a>&nbsp;e entre em contato por email.<\/p>","protected":false},"excerpt":{"rendered":"<p>O&nbsp;ventilador para torre de resfriamento&nbsp;tem a fun\u00e7\u00e3o de realizar fluxo de ar externo, para que ocorra a troca e tamb\u00e9m a evapora\u00e7\u00e3o, resultando com que o calor da \u00e1gua seja retirado, apoiando desta forma o resfriamento da \u00e1gua nas torres, as quais recebem a \u00e1gua quente que deve ser resfriada para os processos industriais. Sendo, [&hellip;]<\/p>","protected":false},"author":1,"featured_media":2291,"parent":2144,"menu_order":0,"comment_status":"closed","ping_status":"closed","template":"","meta":{"_acf_changed":false,"_joinchat":[],"footnotes":""},"class_list":["post-2352","page","type-page","status-publish","has-post-thumbnail","hentry"],"acf":[],"yoast_head":"<!-- This site is optimized with the Yoast SEO Premium plugin v23.4 (Yoast SEO v27.1.1) - https:\/\/yoast.com\/product\/yoast-seo-premium-wordpress\/ -->\n<title>Ventilador para torre de resfriamento - Bem-vindo \u00e0 ALFATERM<\/title>\n<meta name=\"robots\" content=\"index, follow, max-snippet:-1, max-image-preview:large, max-video-preview:-1\" \/>\n<link rel=\"canonical\" href=\"https:\/\/www.alfaterm.com.br\/en\/informacoes\/ventilador-torre-resfriamento-2\/\" \/>\n<meta property=\"og:locale\" content=\"en_US\" \/>\n<meta property=\"og:type\" content=\"article\" \/>\n<meta property=\"og:title\" content=\"Ventilador para torre de resfriamento\" \/>\n<meta property=\"og:description\" content=\"O&nbsp;ventilador para torre de resfriamento&nbsp;tem a fun\u00e7\u00e3o de realizar fluxo de ar externo, para que ocorra a troca e tamb\u00e9m a evapora\u00e7\u00e3o, resultando com que o calor da \u00e1gua seja retirado, apoiando desta forma o resfriamento da \u00e1gua nas torres, as quais recebem a \u00e1gua quente que deve ser resfriada para os processos industriais. Sendo, [&hellip;]\" \/>\n<meta property=\"og:url\" content=\"https:\/\/www.alfaterm.com.br\/en\/informacoes\/ventilador-torre-resfriamento-2\/\" \/>\n<meta property=\"og:site_name\" content=\"Bem-vindo \u00e0 ALFATERM\" \/>\n<meta property=\"article:modified_time\" content=\"2024-09-09T08:34:02+00:00\" \/>\n<meta property=\"og:image\" content=\"https:\/\/www.alfaterm.com.br\/wp-content\/uploads\/2024\/09\/sistema-resfriamento-industrial.webp\" \/>\n\t<meta property=\"og:image:width\" content=\"800\" \/>\n\t<meta property=\"og:image:height\" content=\"592\" \/>\n\t<meta property=\"og:image:type\" content=\"image\/webp\" \/>\n<meta name=\"twitter:card\" content=\"summary_large_image\" \/>\n<meta name=\"twitter:label1\" content=\"Est. reading time\" \/>\n\t<meta name=\"twitter:data1\" content=\"2 minutes\" \/>\n<script type=\"application\/ld+json\" class=\"yoast-schema-graph\">{\"@context\":\"https:\/\/schema.org\",\"@graph\":[{\"@type\":\"WebPage\",\"@id\":\"https:\/\/www.alfaterm.com.br\/informacoes\/ventilador-torre-resfriamento-2\/\",\"url\":\"https:\/\/www.alfaterm.com.br\/informacoes\/ventilador-torre-resfriamento-2\/\",\"name\":\"Ventilador para torre de resfriamento - Bem-vindo \u00e0 ALFATERM\",\"isPartOf\":{\"@id\":\"https:\/\/www.alfaterm.com.br\/#website\"},\"primaryImageOfPage\":{\"@id\":\"https:\/\/www.alfaterm.com.br\/informacoes\/ventilador-torre-resfriamento-2\/#primaryimage\"},\"image\":{\"@id\":\"https:\/\/www.alfaterm.com.br\/informacoes\/ventilador-torre-resfriamento-2\/#primaryimage\"},\"thumbnailUrl\":\"https:\/\/www.alfaterm.com.br\/wp-content\/uploads\/2024\/09\/sistema-resfriamento-industrial.webp\",\"datePublished\":\"2024-09-02T12:14:44+00:00\",\"dateModified\":\"2024-09-09T08:34:02+00:00\",\"breadcrumb\":{\"@id\":\"https:\/\/www.alfaterm.com.br\/informacoes\/ventilador-torre-resfriamento-2\/#breadcrumb\"},\"inLanguage\":\"en-US\",\"potentialAction\":[{\"@type\":\"ReadAction\",\"target\":[\"https:\/\/www.alfaterm.com.br\/informacoes\/ventilador-torre-resfriamento-2\/\"]}]},{\"@type\":\"ImageObject\",\"inLanguage\":\"en-US\",\"@id\":\"https:\/\/www.alfaterm.com.br\/informacoes\/ventilador-torre-resfriamento-2\/#primaryimage\",\"url\":\"https:\/\/www.alfaterm.com.br\/wp-content\/uploads\/2024\/09\/sistema-resfriamento-industrial.webp\",\"contentUrl\":\"https:\/\/www.alfaterm.com.br\/wp-content\/uploads\/2024\/09\/sistema-resfriamento-industrial.webp\",\"width\":800,\"height\":592},{\"@type\":\"BreadcrumbList\",\"@id\":\"https:\/\/www.alfaterm.com.br\/informacoes\/ventilador-torre-resfriamento-2\/#breadcrumb\",\"itemListElement\":[{\"@type\":\"ListItem\",\"position\":1,\"name\":\"Home\",\"item\":\"https:\/\/www.alfaterm.com.br\/\"},{\"@type\":\"ListItem\",\"position\":2,\"name\":\"Informa\u00e7\u00f5es\",\"item\":\"https:\/\/www.alfaterm.com.br\/informacoes\/\"},{\"@type\":\"ListItem\",\"position\":3,\"name\":\"Ventilador para torre de resfriamento\"}]},{\"@type\":\"WebSite\",\"@id\":\"https:\/\/www.alfaterm.com.br\/#website\",\"url\":\"https:\/\/www.alfaterm.com.br\/\",\"name\":\"Bem-vindo \u00e0 ALFATERM\",\"description\":\"\",\"publisher\":{\"@id\":\"https:\/\/www.alfaterm.com.br\/#organization\"},\"potentialAction\":[{\"@type\":\"SearchAction\",\"target\":{\"@type\":\"EntryPoint\",\"urlTemplate\":\"https:\/\/www.alfaterm.com.br\/?s={search_term_string}\"},\"query-input\":{\"@type\":\"PropertyValueSpecification\",\"valueRequired\":true,\"valueName\":\"search_term_string\"}}],\"inLanguage\":\"en-US\"},{\"@type\":\"Organization\",\"@id\":\"https:\/\/www.alfaterm.com.br\/#organization\",\"name\":\"Bem-vindo \u00e0 ALFATERM\",\"url\":\"https:\/\/www.alfaterm.com.br\/\",\"logo\":{\"@type\":\"ImageObject\",\"inLanguage\":\"en-US\",\"@id\":\"https:\/\/www.alfaterm.com.br\/#\/schema\/logo\/image\/\",\"url\":\"https:\/\/www.alfaterm.com.br\/wp-content\/uploads\/2024\/07\/logo-alfaterm.png\",\"contentUrl\":\"https:\/\/www.alfaterm.com.br\/wp-content\/uploads\/2024\/07\/logo-alfaterm.png\",\"width\":393,\"height\":45,\"caption\":\"Bem-vindo \u00e0 ALFATERM\"},\"image\":{\"@id\":\"https:\/\/www.alfaterm.com.br\/#\/schema\/logo\/image\/\"}}]}<\/script>\n<!-- \/ Yoast SEO Premium plugin. -->","yoast_head_json":{"title":"Ventilador para torre de resfriamento - Bem-vindo \u00e0 ALFATERM","robots":{"index":"index","follow":"follow","max-snippet":"max-snippet:-1","max-image-preview":"max-image-preview:large","max-video-preview":"max-video-preview:-1"},"canonical":"https:\/\/www.alfaterm.com.br\/en\/informacoes\/ventilador-torre-resfriamento-2\/","og_locale":"en_US","og_type":"article","og_title":"Ventilador para torre de resfriamento","og_description":"O&nbsp;ventilador para torre de resfriamento&nbsp;tem a fun\u00e7\u00e3o de realizar fluxo de ar externo, para que ocorra a troca e tamb\u00e9m a evapora\u00e7\u00e3o, resultando com que o calor da \u00e1gua seja retirado, apoiando desta forma o resfriamento da \u00e1gua nas torres, as quais recebem a \u00e1gua quente que deve ser resfriada para os processos industriais. Sendo, [&hellip;]","og_url":"https:\/\/www.alfaterm.com.br\/en\/informacoes\/ventilador-torre-resfriamento-2\/","og_site_name":"Bem-vindo \u00e0 ALFATERM","article_modified_time":"2024-09-09T08:34:02+00:00","og_image":[{"width":800,"height":592,"url":"https:\/\/www.alfaterm.com.br\/wp-content\/uploads\/2024\/09\/sistema-resfriamento-industrial.webp","type":"image\/webp"}],"twitter_card":"summary_large_image","twitter_misc":{"Est. reading time":"2 minutes"},"schema":{"@context":"https:\/\/schema.org","@graph":[{"@type":"WebPage","@id":"https:\/\/www.alfaterm.com.br\/informacoes\/ventilador-torre-resfriamento-2\/","url":"https:\/\/www.alfaterm.com.br\/informacoes\/ventilador-torre-resfriamento-2\/","name":"Ventilador para torre de resfriamento - Bem-vindo \u00e0 ALFATERM","isPartOf":{"@id":"https:\/\/www.alfaterm.com.br\/#website"},"primaryImageOfPage":{"@id":"https:\/\/www.alfaterm.com.br\/informacoes\/ventilador-torre-resfriamento-2\/#primaryimage"},"image":{"@id":"https:\/\/www.alfaterm.com.br\/informacoes\/ventilador-torre-resfriamento-2\/#primaryimage"},"thumbnailUrl":"https:\/\/www.alfaterm.com.br\/wp-content\/uploads\/2024\/09\/sistema-resfriamento-industrial.webp","datePublished":"2024-09-02T12:14:44+00:00","dateModified":"2024-09-09T08:34:02+00:00","breadcrumb":{"@id":"https:\/\/www.alfaterm.com.br\/informacoes\/ventilador-torre-resfriamento-2\/#breadcrumb"},"inLanguage":"en-US","potentialAction":[{"@type":"ReadAction","target":["https:\/\/www.alfaterm.com.br\/informacoes\/ventilador-torre-resfriamento-2\/"]}]},{"@type":"ImageObject","inLanguage":"en-US","@id":"https:\/\/www.alfaterm.com.br\/informacoes\/ventilador-torre-resfriamento-2\/#primaryimage","url":"https:\/\/www.alfaterm.com.br\/wp-content\/uploads\/2024\/09\/sistema-resfriamento-industrial.webp","contentUrl":"https:\/\/www.alfaterm.com.br\/wp-content\/uploads\/2024\/09\/sistema-resfriamento-industrial.webp","width":800,"height":592},{"@type":"BreadcrumbList","@id":"https:\/\/www.alfaterm.com.br\/informacoes\/ventilador-torre-resfriamento-2\/#breadcrumb","itemListElement":[{"@type":"ListItem","position":1,"name":"Home","item":"https:\/\/www.alfaterm.com.br\/"},{"@type":"ListItem","position":2,"name":"Informa\u00e7\u00f5es","item":"https:\/\/www.alfaterm.com.br\/informacoes\/"},{"@type":"ListItem","position":3,"name":"Ventilador para torre de resfriamento"}]},{"@type":"WebSite","@id":"https:\/\/www.alfaterm.com.br\/#website","url":"https:\/\/www.alfaterm.com.br\/","name":"Bem-vindo \u00e0 ALFATERM","description":"","publisher":{"@id":"https:\/\/www.alfaterm.com.br\/#organization"},"potentialAction":[{"@type":"SearchAction","target":{"@type":"EntryPoint","urlTemplate":"https:\/\/www.alfaterm.com.br\/?s={search_term_string}"},"query-input":{"@type":"PropertyValueSpecification","valueRequired":true,"valueName":"search_term_string"}}],"inLanguage":"en-US"},{"@type":"Organization","@id":"https:\/\/www.alfaterm.com.br\/#organization","name":"Bem-vindo \u00e0 ALFATERM","url":"https:\/\/www.alfaterm.com.br\/","logo":{"@type":"ImageObject","inLanguage":"en-US","@id":"https:\/\/www.alfaterm.com.br\/#\/schema\/logo\/image\/","url":"https:\/\/www.alfaterm.com.br\/wp-content\/uploads\/2024\/07\/logo-alfaterm.png","contentUrl":"https:\/\/www.alfaterm.com.br\/wp-content\/uploads\/2024\/07\/logo-alfaterm.png","width":393,"height":45,"caption":"Bem-vindo \u00e0 ALFATERM"},"image":{"@id":"https:\/\/www.alfaterm.com.br\/#\/schema\/logo\/image\/"}}]}},"_links":{"self":[{"href":"https:\/\/www.alfaterm.com.br\/en\/wp-json\/wp\/v2\/pages\/2352","targetHints":{"allow":["GET"]}}],"collection":[{"href":"https:\/\/www.alfaterm.com.br\/en\/wp-json\/wp\/v2\/pages"}],"about":[{"href":"https:\/\/www.alfaterm.com.br\/en\/wp-json\/wp\/v2\/types\/page"}],"author":[{"embeddable":true,"href":"https:\/\/www.alfaterm.com.br\/en\/wp-json\/wp\/v2\/users\/1"}],"replies":[{"embeddable":true,"href":"https:\/\/www.alfaterm.com.br\/en\/wp-json\/wp\/v2\/comments?post=2352"}],"version-history":[{"count":0,"href":"https:\/\/www.alfaterm.com.br\/en\/wp-json\/wp\/v2\/pages\/2352\/revisions"}],"up":[{"embeddable":true,"href":"https:\/\/www.alfaterm.com.br\/en\/wp-json\/wp\/v2\/pages\/2144"}],"wp:featuredmedia":[{"embeddable":true,"href":"https:\/\/www.alfaterm.com.br\/en\/wp-json\/wp\/v2\/media\/2291"}],"wp:attachment":[{"href":"https:\/\/www.alfaterm.com.br\/en\/wp-json\/wp\/v2\/media?parent=2352"}],"curies":[{"name":"wp","href":"https:\/\/api.w.org\/{rel}","templated":true}]}}