{"id":2327,"date":"2024-09-02T09:01:59","date_gmt":"2024-09-02T12:01:59","guid":{"rendered":"https:\/\/www.alfaterm.com.br\/?page_id=2327"},"modified":"2024-09-09T05:28:52","modified_gmt":"2024-09-09T08:28:52","slug":"torres-resfriamento-fabricantes","status":"publish","type":"page","link":"https:\/\/www.alfaterm.com.br\/en\/informacoes\/torres-resfriamento-fabricantes\/","title":{"rendered":"Torres de resfriamento fabricantes"},"content":{"rendered":"<p>A torre de resfriamento \u00e9 um equipamento que utiliza o processo de evapora\u00e7\u00e3o para transferir para o ar, o calor da \u00e1gua quente residual de um processo de produ\u00e7\u00e3o, com o objetivo de reaproveitar a \u00e1gua que sai dos resfriadores. Esse dispositivo de resfriamento de \u00e1gua residual \u00e9 mais utilizado em refinarias de petr\u00f3leo, ind\u00fastrias qu\u00edmicas, usinas de a\u00e7\u00facar e \u00e1lcool, esta\u00e7\u00f5es de energia e refrigera\u00e7\u00e3o de edif\u00edcios. Normalmente, o projeto de constru\u00e7\u00e3o das&nbsp;torres de resfriamento fabricantes&nbsp;possui a responsabilidade de fornecer o projeto completo, com desenhos de formas e arma\u00e7\u00f5es, memorial de c\u00e1lculo e especifica\u00e7\u00f5es indicando os pontos mais importantes para garantir uma boa execu\u00e7\u00e3o.<\/p>\n\n\n\n<h2 class=\"wp-block-heading\">ATIVIDADES ESPEC\u00cdFICAS DO FABRICANTE<\/h2>\n\n\n\n<p>Por ser um equipamento para grandes instala\u00e7\u00f5es, as&nbsp;torres de resfriamento fabricantes&nbsp;devem projetar este equipamento de forma integral, al\u00e9m de utilizar os melhores materiais e t\u00e9cnicas existentes para atingir os resultados esperados.<\/p>\n\n\n\n<p>Quando da elabora\u00e7\u00e3o do projeto, as&nbsp;torres de resfriamento fabricantes&nbsp;devem considerar que estes equipamentos ficam expostos \u00e0s severas condi\u00e7\u00f5es de opera\u00e7\u00e3o durante uma longa vida \u00fatil.<\/p>\n\n\n\n<p>O tamanho da torre tamb\u00e9m interfere na quantidade de pe\u00e7as e especifica\u00e7\u00f5es que as&nbsp;torres de resfriamento fabricantes&nbsp;devem considerar ao indicar os custos e as garantias a serem ofertadas.<\/p>\n\n\n\n<p>As&nbsp;torres de resfriamento fabricantes&nbsp;fornecem tamb\u00e9m o esquema de manuten\u00e7\u00e3o que deve ser elaborado de acordo com as peculiaridades de cada sistema operacional.<\/p>\n\n\n\n<h2 class=\"wp-block-heading\">A IMPORT\u00c2NCIA DE TORRES DE RESFRIAMENTO FABRICANTES<\/h2>\n\n\n\n<p>As empresas fabricantes de torres de resfriamento prestam um grande auxilio na tomada de decis\u00e3o das empresas, orientam sobre o uso da mat\u00e9ria-prima mais adequada e das tecnologias mais avan\u00e7adas.<\/p>\n\n\n\n<p>Os fabricantes de torres de resfriamento t\u00eam profissionais especializados na realiza\u00e7\u00e3o dos servi\u00e7os de execu\u00e7\u00e3o e manuten\u00e7\u00e3o destes equipamentos e devem seguir o sistema integrado de Gest\u00e3o da Qualidade, Gest\u00e3o Ambiental e Gest\u00e3o da Seguran\u00e7a e Sa\u00fade Ocupacional, respectivamente ISO 9001, ISO 14001, OHSAS 18001.<\/p>\n\n\n\n<h2 class=\"wp-block-heading\">ALFATERM IND\u00daSTRIA E COM\u00c9RCIO LTDA. \u2013 UMA DAS QUE ENTRE AS TORRES DE RESFRIAMENTO FABRICANTES<\/h2>\n\n\n\n<p>A ALFATERM Ind\u00fastria E Comercio Ltda. \u00e9 uma empresa especializada na fabrica\u00e7\u00e3o, instala\u00e7\u00e3o, manuten\u00e7\u00e3o preventiva e corretiva de torres de resfriamento de \u00e1gua com atua\u00e7\u00e3o no mercado h\u00e1 mais de 30 anos, apresentando crescimento real.<\/p>\n\n\n\n<p>Para prestar um atendimento de qualidade nos servi\u00e7os de sistema de gest\u00e3o completo para qualquer tipo de empresa a ALFATERM Ind\u00fastria e Com\u00e9rcio Ltda. tem sede pr\u00f3pria no bairro Fazendinha, localizada na cidade de Santana de Parna\u00edba-SP e atende empresas em todo o Brasil e Am\u00e9rica Latina.<\/p>\n\n\n\n<h2 class=\"wp-block-heading\">Para saber mais sobre Assist\u00eancia t\u00e9cnica em torres de resfriar<\/h2>\n\n\n\n<p>Ligue para&nbsp;<strong>11 4156-8930<\/strong>&nbsp;ou&nbsp;<a href=\"https:\/\/www.alfaterm.com.br\/en\/contact\/\">clique aqui<\/a>&nbsp;e entre em contato por email.<\/p>","protected":false},"excerpt":{"rendered":"<p>A torre de resfriamento \u00e9 um equipamento que utiliza o processo de evapora\u00e7\u00e3o para transferir para o ar, o calor da \u00e1gua quente residual de um processo de produ\u00e7\u00e3o, com o objetivo de reaproveitar a \u00e1gua que sai dos resfriadores. Esse dispositivo de resfriamento de \u00e1gua residual \u00e9 mais utilizado em refinarias de petr\u00f3leo, ind\u00fastrias [&hellip;]<\/p>","protected":false},"author":1,"featured_media":2225,"parent":2144,"menu_order":0,"comment_status":"closed","ping_status":"closed","template":"","meta":{"_acf_changed":false,"_joinchat":[],"footnotes":""},"class_list":["post-2327","page","type-page","status-publish","has-post-thumbnail","hentry"],"acf":[],"yoast_head":"<!-- This site is optimized with the Yoast SEO Premium plugin v23.4 (Yoast SEO v27.1.1) - https:\/\/yoast.com\/product\/yoast-seo-premium-wordpress\/ -->\n<title>Torres de resfriamento fabricantes - Bem-vindo \u00e0 ALFATERM<\/title>\n<meta name=\"robots\" content=\"index, follow, max-snippet:-1, max-image-preview:large, max-video-preview:-1\" \/>\n<link rel=\"canonical\" href=\"https:\/\/www.alfaterm.com.br\/en\/informacoes\/torres-resfriamento-fabricantes\/\" \/>\n<meta property=\"og:locale\" content=\"en_US\" \/>\n<meta property=\"og:type\" content=\"article\" \/>\n<meta property=\"og:title\" content=\"Torres de resfriamento fabricantes\" \/>\n<meta property=\"og:description\" content=\"A torre de resfriamento \u00e9 um equipamento que utiliza o processo de evapora\u00e7\u00e3o para transferir para o ar, o calor da \u00e1gua quente residual de um processo de produ\u00e7\u00e3o, com o objetivo de reaproveitar a \u00e1gua que sai dos resfriadores. Esse dispositivo de resfriamento de \u00e1gua residual \u00e9 mais utilizado em refinarias de petr\u00f3leo, ind\u00fastrias [&hellip;]\" \/>\n<meta property=\"og:url\" content=\"https:\/\/www.alfaterm.com.br\/en\/informacoes\/torres-resfriamento-fabricantes\/\" \/>\n<meta property=\"og:site_name\" content=\"Bem-vindo \u00e0 ALFATERM\" \/>\n<meta property=\"article:modified_time\" content=\"2024-09-09T08:28:52+00:00\" \/>\n<meta property=\"og:image\" content=\"https:\/\/www.alfaterm.com.br\/wp-content\/uploads\/2024\/09\/fabrica-torre-resfriamento.webp\" \/>\n\t<meta property=\"og:image:width\" content=\"699\" \/>\n\t<meta property=\"og:image:height\" content=\"625\" \/>\n\t<meta property=\"og:image:type\" content=\"image\/webp\" \/>\n<meta name=\"twitter:card\" content=\"summary_large_image\" \/>\n<meta name=\"twitter:label1\" content=\"Est. reading time\" \/>\n\t<meta name=\"twitter:data1\" content=\"2 minutes\" \/>\n<script type=\"application\/ld+json\" class=\"yoast-schema-graph\">{\"@context\":\"https:\/\/schema.org\",\"@graph\":[{\"@type\":\"WebPage\",\"@id\":\"https:\/\/www.alfaterm.com.br\/informacoes\/torres-resfriamento-fabricantes\/\",\"url\":\"https:\/\/www.alfaterm.com.br\/informacoes\/torres-resfriamento-fabricantes\/\",\"name\":\"Torres de resfriamento fabricantes - Bem-vindo \u00e0 ALFATERM\",\"isPartOf\":{\"@id\":\"https:\/\/www.alfaterm.com.br\/#website\"},\"primaryImageOfPage\":{\"@id\":\"https:\/\/www.alfaterm.com.br\/informacoes\/torres-resfriamento-fabricantes\/#primaryimage\"},\"image\":{\"@id\":\"https:\/\/www.alfaterm.com.br\/informacoes\/torres-resfriamento-fabricantes\/#primaryimage\"},\"thumbnailUrl\":\"https:\/\/www.alfaterm.com.br\/wp-content\/uploads\/2024\/09\/fabrica-torre-resfriamento.webp\",\"datePublished\":\"2024-09-02T12:01:59+00:00\",\"dateModified\":\"2024-09-09T08:28:52+00:00\",\"breadcrumb\":{\"@id\":\"https:\/\/www.alfaterm.com.br\/informacoes\/torres-resfriamento-fabricantes\/#breadcrumb\"},\"inLanguage\":\"en-US\",\"potentialAction\":[{\"@type\":\"ReadAction\",\"target\":[\"https:\/\/www.alfaterm.com.br\/informacoes\/torres-resfriamento-fabricantes\/\"]}]},{\"@type\":\"ImageObject\",\"inLanguage\":\"en-US\",\"@id\":\"https:\/\/www.alfaterm.com.br\/informacoes\/torres-resfriamento-fabricantes\/#primaryimage\",\"url\":\"https:\/\/www.alfaterm.com.br\/wp-content\/uploads\/2024\/09\/fabrica-torre-resfriamento.webp\",\"contentUrl\":\"https:\/\/www.alfaterm.com.br\/wp-content\/uploads\/2024\/09\/fabrica-torre-resfriamento.webp\",\"width\":699,\"height\":625},{\"@type\":\"BreadcrumbList\",\"@id\":\"https:\/\/www.alfaterm.com.br\/informacoes\/torres-resfriamento-fabricantes\/#breadcrumb\",\"itemListElement\":[{\"@type\":\"ListItem\",\"position\":1,\"name\":\"Home\",\"item\":\"https:\/\/www.alfaterm.com.br\/\"},{\"@type\":\"ListItem\",\"position\":2,\"name\":\"Informa\u00e7\u00f5es\",\"item\":\"https:\/\/www.alfaterm.com.br\/informacoes\/\"},{\"@type\":\"ListItem\",\"position\":3,\"name\":\"Torres de resfriamento fabricantes\"}]},{\"@type\":\"WebSite\",\"@id\":\"https:\/\/www.alfaterm.com.br\/#website\",\"url\":\"https:\/\/www.alfaterm.com.br\/\",\"name\":\"Bem-vindo \u00e0 ALFATERM\",\"description\":\"\",\"publisher\":{\"@id\":\"https:\/\/www.alfaterm.com.br\/#organization\"},\"potentialAction\":[{\"@type\":\"SearchAction\",\"target\":{\"@type\":\"EntryPoint\",\"urlTemplate\":\"https:\/\/www.alfaterm.com.br\/?s={search_term_string}\"},\"query-input\":{\"@type\":\"PropertyValueSpecification\",\"valueRequired\":true,\"valueName\":\"search_term_string\"}}],\"inLanguage\":\"en-US\"},{\"@type\":\"Organization\",\"@id\":\"https:\/\/www.alfaterm.com.br\/#organization\",\"name\":\"Bem-vindo \u00e0 ALFATERM\",\"url\":\"https:\/\/www.alfaterm.com.br\/\",\"logo\":{\"@type\":\"ImageObject\",\"inLanguage\":\"en-US\",\"@id\":\"https:\/\/www.alfaterm.com.br\/#\/schema\/logo\/image\/\",\"url\":\"https:\/\/www.alfaterm.com.br\/wp-content\/uploads\/2024\/07\/logo-alfaterm.png\",\"contentUrl\":\"https:\/\/www.alfaterm.com.br\/wp-content\/uploads\/2024\/07\/logo-alfaterm.png\",\"width\":393,\"height\":45,\"caption\":\"Bem-vindo \u00e0 ALFATERM\"},\"image\":{\"@id\":\"https:\/\/www.alfaterm.com.br\/#\/schema\/logo\/image\/\"}}]}<\/script>\n<!-- \/ Yoast SEO Premium plugin. -->","yoast_head_json":{"title":"Torres de resfriamento fabricantes - Bem-vindo \u00e0 ALFATERM","robots":{"index":"index","follow":"follow","max-snippet":"max-snippet:-1","max-image-preview":"max-image-preview:large","max-video-preview":"max-video-preview:-1"},"canonical":"https:\/\/www.alfaterm.com.br\/en\/informacoes\/torres-resfriamento-fabricantes\/","og_locale":"en_US","og_type":"article","og_title":"Torres de resfriamento fabricantes","og_description":"A torre de resfriamento \u00e9 um equipamento que utiliza o processo de evapora\u00e7\u00e3o para transferir para o ar, o calor da \u00e1gua quente residual de um processo de produ\u00e7\u00e3o, com o objetivo de reaproveitar a \u00e1gua que sai dos resfriadores. Esse dispositivo de resfriamento de \u00e1gua residual \u00e9 mais utilizado em refinarias de petr\u00f3leo, ind\u00fastrias [&hellip;]","og_url":"https:\/\/www.alfaterm.com.br\/en\/informacoes\/torres-resfriamento-fabricantes\/","og_site_name":"Bem-vindo \u00e0 ALFATERM","article_modified_time":"2024-09-09T08:28:52+00:00","og_image":[{"width":699,"height":625,"url":"https:\/\/www.alfaterm.com.br\/wp-content\/uploads\/2024\/09\/fabrica-torre-resfriamento.webp","type":"image\/webp"}],"twitter_card":"summary_large_image","twitter_misc":{"Est. reading time":"2 minutes"},"schema":{"@context":"https:\/\/schema.org","@graph":[{"@type":"WebPage","@id":"https:\/\/www.alfaterm.com.br\/informacoes\/torres-resfriamento-fabricantes\/","url":"https:\/\/www.alfaterm.com.br\/informacoes\/torres-resfriamento-fabricantes\/","name":"Torres de resfriamento fabricantes - Bem-vindo \u00e0 ALFATERM","isPartOf":{"@id":"https:\/\/www.alfaterm.com.br\/#website"},"primaryImageOfPage":{"@id":"https:\/\/www.alfaterm.com.br\/informacoes\/torres-resfriamento-fabricantes\/#primaryimage"},"image":{"@id":"https:\/\/www.alfaterm.com.br\/informacoes\/torres-resfriamento-fabricantes\/#primaryimage"},"thumbnailUrl":"https:\/\/www.alfaterm.com.br\/wp-content\/uploads\/2024\/09\/fabrica-torre-resfriamento.webp","datePublished":"2024-09-02T12:01:59+00:00","dateModified":"2024-09-09T08:28:52+00:00","breadcrumb":{"@id":"https:\/\/www.alfaterm.com.br\/informacoes\/torres-resfriamento-fabricantes\/#breadcrumb"},"inLanguage":"en-US","potentialAction":[{"@type":"ReadAction","target":["https:\/\/www.alfaterm.com.br\/informacoes\/torres-resfriamento-fabricantes\/"]}]},{"@type":"ImageObject","inLanguage":"en-US","@id":"https:\/\/www.alfaterm.com.br\/informacoes\/torres-resfriamento-fabricantes\/#primaryimage","url":"https:\/\/www.alfaterm.com.br\/wp-content\/uploads\/2024\/09\/fabrica-torre-resfriamento.webp","contentUrl":"https:\/\/www.alfaterm.com.br\/wp-content\/uploads\/2024\/09\/fabrica-torre-resfriamento.webp","width":699,"height":625},{"@type":"BreadcrumbList","@id":"https:\/\/www.alfaterm.com.br\/informacoes\/torres-resfriamento-fabricantes\/#breadcrumb","itemListElement":[{"@type":"ListItem","position":1,"name":"Home","item":"https:\/\/www.alfaterm.com.br\/"},{"@type":"ListItem","position":2,"name":"Informa\u00e7\u00f5es","item":"https:\/\/www.alfaterm.com.br\/informacoes\/"},{"@type":"ListItem","position":3,"name":"Torres de resfriamento fabricantes"}]},{"@type":"WebSite","@id":"https:\/\/www.alfaterm.com.br\/#website","url":"https:\/\/www.alfaterm.com.br\/","name":"Bem-vindo \u00e0 ALFATERM","description":"","publisher":{"@id":"https:\/\/www.alfaterm.com.br\/#organization"},"potentialAction":[{"@type":"SearchAction","target":{"@type":"EntryPoint","urlTemplate":"https:\/\/www.alfaterm.com.br\/?s={search_term_string}"},"query-input":{"@type":"PropertyValueSpecification","valueRequired":true,"valueName":"search_term_string"}}],"inLanguage":"en-US"},{"@type":"Organization","@id":"https:\/\/www.alfaterm.com.br\/#organization","name":"Bem-vindo \u00e0 ALFATERM","url":"https:\/\/www.alfaterm.com.br\/","logo":{"@type":"ImageObject","inLanguage":"en-US","@id":"https:\/\/www.alfaterm.com.br\/#\/schema\/logo\/image\/","url":"https:\/\/www.alfaterm.com.br\/wp-content\/uploads\/2024\/07\/logo-alfaterm.png","contentUrl":"https:\/\/www.alfaterm.com.br\/wp-content\/uploads\/2024\/07\/logo-alfaterm.png","width":393,"height":45,"caption":"Bem-vindo \u00e0 ALFATERM"},"image":{"@id":"https:\/\/www.alfaterm.com.br\/#\/schema\/logo\/image\/"}}]}},"_links":{"self":[{"href":"https:\/\/www.alfaterm.com.br\/en\/wp-json\/wp\/v2\/pages\/2327","targetHints":{"allow":["GET"]}}],"collection":[{"href":"https:\/\/www.alfaterm.com.br\/en\/wp-json\/wp\/v2\/pages"}],"about":[{"href":"https:\/\/www.alfaterm.com.br\/en\/wp-json\/wp\/v2\/types\/page"}],"author":[{"embeddable":true,"href":"https:\/\/www.alfaterm.com.br\/en\/wp-json\/wp\/v2\/users\/1"}],"replies":[{"embeddable":true,"href":"https:\/\/www.alfaterm.com.br\/en\/wp-json\/wp\/v2\/comments?post=2327"}],"version-history":[{"count":0,"href":"https:\/\/www.alfaterm.com.br\/en\/wp-json\/wp\/v2\/pages\/2327\/revisions"}],"up":[{"embeddable":true,"href":"https:\/\/www.alfaterm.com.br\/en\/wp-json\/wp\/v2\/pages\/2144"}],"wp:featuredmedia":[{"embeddable":true,"href":"https:\/\/www.alfaterm.com.br\/en\/wp-json\/wp\/v2\/media\/2225"}],"wp:attachment":[{"href":"https:\/\/www.alfaterm.com.br\/en\/wp-json\/wp\/v2\/media?parent=2327"}],"curies":[{"name":"wp","href":"https:\/\/api.w.org\/{rel}","templated":true}]}}