{"id":2326,"date":"2024-09-02T09:02:29","date_gmt":"2024-09-02T12:02:29","guid":{"rendered":"https:\/\/www.alfaterm.com.br\/?page_id=2326"},"modified":"2024-09-09T05:29:04","modified_gmt":"2024-09-09T08:29:04","slug":"torres-resfriamento-injetoras","status":"publish","type":"page","link":"https:\/\/www.alfaterm.com.br\/en\/informacoes\/torres-resfriamento-injetoras\/","title":{"rendered":"Torres de resfriamento para injetoras"},"content":{"rendered":"<p>As injetoras s\u00e3o equipamentos que, na maioria das vezes, necessitam que haja a diminui\u00e7\u00e3o da temperatura da pr\u00f3pria m\u00e1quina ou mesmo de um molde por ela utilizado. Por tal fator existe a necessidade da utiliza\u00e7\u00e3o de&nbsp;torres de resfriamento para injetoras, as quais s\u00e3o constitu\u00eddas de estruturas especiais para que possam promover a mudan\u00e7a da temperatura junto \u00e0s injetoras.<\/p>\n\n\n\n<h2 class=\"wp-block-heading\">PRINCIPAIS CARACTER\u00cdSTICAS E VANTAGENS DAS TORRES DE RESFRIAMENTO PARA INJETORAS<\/h2>\n\n\n\n<p>As&nbsp;torres de resfriamento para injetoras&nbsp;possuem caracter\u00edsticas variadas, uma delas \u00e9 a \u201cvaz\u00e3o das torres\u201d que pode conter uma varia\u00e7\u00e3o de 3m3\/h a 1200m\/3h, relacionada \u00e0 c\u00e9lula utilizada junto \u00e0s&nbsp;torres de resfriamento para injetoras.<\/p>\n\n\n\n<p>O material utilizado na constru\u00e7\u00e3o das&nbsp;torres de resfriamento para injetoras&nbsp;pode ser inclusive reciclado, fator que al\u00e9m de garantir que a ind\u00fastria construtora est\u00e1 em conformidade com normas ambientais vigentes tamb\u00e9m possibilita que as&nbsp;torres de resfriamento para injetoras&nbsp;apresentem boa resist\u00eancia e at\u00e9 maior vida \u00fatil.<\/p>\n\n\n\n<p>Entre as demais vantagens apresentadas pelas&nbsp;torres de resfriamento para injetoras&nbsp;a econ\u00f4mica deve ser salientada, pois tais equipamentos possuem um custo menor do que outros que fazem a mesma fun\u00e7\u00e3o, por\u00e9m de custo maior. Por outro lado, ao adquirir&nbsp;torres de resfriamento para injetoras&nbsp;\u00e9 preciso cautela, pois algumas vezes poder\u00e1 existir a necessidade de que seja buscado um equipamento produzido sob medida para a ind\u00fastria.<\/p>\n\n\n\n<p>No momento da procura por&nbsp;torres de resfriamento para injetoras&nbsp;\u00e9 importante que se tenha alguns cuidados com observa\u00e7\u00f5es b\u00e1sicas, como por exemplo a op\u00e7\u00e3o por fabricantes e prestadores de servi\u00e7os que sejam certificados, possuindo quadro profissional adequado, com know-how no mercado desses equipamentos e detentores de alta qualidade comprovada, bem como portf\u00f3lio de produtos e servi\u00e7os.<\/p>\n\n\n\n<h2 class=\"wp-block-heading\">ALFATERM IND\u00daSTRIA E COM\u00c9RCIO LTDA \u2013 TORRES DE RESFRIAMENTO PARA INJETORAS<\/h2>\n\n\n\n<p>Com experi\u00eancia de d\u00e9cadas em projeto, fabrica\u00e7\u00e3o, instala\u00e7\u00e3o e manuten\u00e7\u00f5es preventivas e corretivas em torres de resfriamento de \u00e1gua, a ALFATERM Ind\u00fastria e Com\u00e9rcio LTDA \u00e9 uma empresa certificada pelo Sistema Integrado de Gest\u00e3o SIG, sendo a primeira de seu segmento a possuir tal certifica\u00e7\u00e3o.<\/p>\n\n\n\n<p>Sediada na cidade de Santana de Parna\u00edba \u2013 SP, em uma \u00e1rea de 10.000 m\u00b2, a ALFATERM Ind\u00fastria e Com\u00e9rcio LTDA possui uma base de clientes que abrange Brasil, Am\u00e9rica Latina e Central, bem como fornecedores de excelente qualidade e colaboradores com alta efic\u00e1cia no que fazem. Tudo isso faz com que a empresa possa apresentar produtos e servi\u00e7os de qualidade a pre\u00e7os competitivos.<\/p>\n\n\n\n<h2 class=\"wp-block-heading\">Para saber mais sobre Assist\u00eancia t\u00e9cnica em torres de resfriar<\/h2>\n\n\n\n<p>Ligue para&nbsp;<strong>11 4156-8930<\/strong>&nbsp;ou&nbsp;<a href=\"https:\/\/www.alfaterm.com.br\/en\/contact\/\">clique aqui<\/a>&nbsp;e entre em contato por email.<\/p>","protected":false},"excerpt":{"rendered":"<p>As injetoras s\u00e3o equipamentos que, na maioria das vezes, necessitam que haja a diminui\u00e7\u00e3o da temperatura da pr\u00f3pria m\u00e1quina ou mesmo de um molde por ela utilizado. Por tal fator existe a necessidade da utiliza\u00e7\u00e3o de&nbsp;torres de resfriamento para injetoras, as quais s\u00e3o constitu\u00eddas de estruturas especiais para que possam promover a mudan\u00e7a da temperatura [&hellip;]<\/p>","protected":false},"author":1,"featured_media":2227,"parent":2144,"menu_order":0,"comment_status":"closed","ping_status":"closed","template":"","meta":{"_acf_changed":false,"_joinchat":[],"footnotes":""},"class_list":["post-2326","page","type-page","status-publish","has-post-thumbnail","hentry"],"acf":[],"yoast_head":"<!-- This site is optimized with the Yoast SEO Premium plugin v23.4 (Yoast SEO v27.1.1) - https:\/\/yoast.com\/product\/yoast-seo-premium-wordpress\/ -->\n<title>Torres de resfriamento para injetoras - Bem-vindo \u00e0 ALFATERM<\/title>\n<meta name=\"robots\" content=\"index, follow, max-snippet:-1, max-image-preview:large, max-video-preview:-1\" \/>\n<link rel=\"canonical\" href=\"https:\/\/www.alfaterm.com.br\/en\/informacoes\/torres-resfriamento-injetoras\/\" \/>\n<meta property=\"og:locale\" content=\"en_US\" \/>\n<meta property=\"og:type\" content=\"article\" \/>\n<meta property=\"og:title\" content=\"Torres de resfriamento para injetoras\" \/>\n<meta property=\"og:description\" content=\"As injetoras s\u00e3o equipamentos que, na maioria das vezes, necessitam que haja a diminui\u00e7\u00e3o da temperatura da pr\u00f3pria m\u00e1quina ou mesmo de um molde por ela utilizado. Por tal fator existe a necessidade da utiliza\u00e7\u00e3o de&nbsp;torres de resfriamento para injetoras, as quais s\u00e3o constitu\u00eddas de estruturas especiais para que possam promover a mudan\u00e7a da temperatura [&hellip;]\" \/>\n<meta property=\"og:url\" content=\"https:\/\/www.alfaterm.com.br\/en\/informacoes\/torres-resfriamento-injetoras\/\" \/>\n<meta property=\"og:site_name\" content=\"Bem-vindo \u00e0 ALFATERM\" \/>\n<meta property=\"article:modified_time\" content=\"2024-09-09T08:29:04+00:00\" \/>\n<meta property=\"og:image\" content=\"https:\/\/www.alfaterm.com.br\/wp-content\/uploads\/2024\/09\/comercio-torre-resfriamento.webp\" \/>\n\t<meta property=\"og:image:width\" content=\"446\" \/>\n\t<meta property=\"og:image:height\" content=\"793\" \/>\n\t<meta property=\"og:image:type\" content=\"image\/webp\" \/>\n<meta name=\"twitter:card\" content=\"summary_large_image\" \/>\n<meta name=\"twitter:label1\" content=\"Est. reading time\" \/>\n\t<meta name=\"twitter:data1\" content=\"2 minutes\" \/>\n<script type=\"application\/ld+json\" class=\"yoast-schema-graph\">{\"@context\":\"https:\/\/schema.org\",\"@graph\":[{\"@type\":\"WebPage\",\"@id\":\"https:\/\/www.alfaterm.com.br\/informacoes\/torres-resfriamento-injetoras\/\",\"url\":\"https:\/\/www.alfaterm.com.br\/informacoes\/torres-resfriamento-injetoras\/\",\"name\":\"Torres de resfriamento para injetoras - Bem-vindo \u00e0 ALFATERM\",\"isPartOf\":{\"@id\":\"https:\/\/www.alfaterm.com.br\/#website\"},\"primaryImageOfPage\":{\"@id\":\"https:\/\/www.alfaterm.com.br\/informacoes\/torres-resfriamento-injetoras\/#primaryimage\"},\"image\":{\"@id\":\"https:\/\/www.alfaterm.com.br\/informacoes\/torres-resfriamento-injetoras\/#primaryimage\"},\"thumbnailUrl\":\"https:\/\/www.alfaterm.com.br\/wp-content\/uploads\/2024\/09\/comercio-torre-resfriamento.webp\",\"datePublished\":\"2024-09-02T12:02:29+00:00\",\"dateModified\":\"2024-09-09T08:29:04+00:00\",\"breadcrumb\":{\"@id\":\"https:\/\/www.alfaterm.com.br\/informacoes\/torres-resfriamento-injetoras\/#breadcrumb\"},\"inLanguage\":\"en-US\",\"potentialAction\":[{\"@type\":\"ReadAction\",\"target\":[\"https:\/\/www.alfaterm.com.br\/informacoes\/torres-resfriamento-injetoras\/\"]}]},{\"@type\":\"ImageObject\",\"inLanguage\":\"en-US\",\"@id\":\"https:\/\/www.alfaterm.com.br\/informacoes\/torres-resfriamento-injetoras\/#primaryimage\",\"url\":\"https:\/\/www.alfaterm.com.br\/wp-content\/uploads\/2024\/09\/comercio-torre-resfriamento.webp\",\"contentUrl\":\"https:\/\/www.alfaterm.com.br\/wp-content\/uploads\/2024\/09\/comercio-torre-resfriamento.webp\",\"width\":446,\"height\":793},{\"@type\":\"BreadcrumbList\",\"@id\":\"https:\/\/www.alfaterm.com.br\/informacoes\/torres-resfriamento-injetoras\/#breadcrumb\",\"itemListElement\":[{\"@type\":\"ListItem\",\"position\":1,\"name\":\"Home\",\"item\":\"https:\/\/www.alfaterm.com.br\/\"},{\"@type\":\"ListItem\",\"position\":2,\"name\":\"Informa\u00e7\u00f5es\",\"item\":\"https:\/\/www.alfaterm.com.br\/informacoes\/\"},{\"@type\":\"ListItem\",\"position\":3,\"name\":\"Torres de resfriamento para injetoras\"}]},{\"@type\":\"WebSite\",\"@id\":\"https:\/\/www.alfaterm.com.br\/#website\",\"url\":\"https:\/\/www.alfaterm.com.br\/\",\"name\":\"Bem-vindo \u00e0 ALFATERM\",\"description\":\"\",\"publisher\":{\"@id\":\"https:\/\/www.alfaterm.com.br\/#organization\"},\"potentialAction\":[{\"@type\":\"SearchAction\",\"target\":{\"@type\":\"EntryPoint\",\"urlTemplate\":\"https:\/\/www.alfaterm.com.br\/?s={search_term_string}\"},\"query-input\":{\"@type\":\"PropertyValueSpecification\",\"valueRequired\":true,\"valueName\":\"search_term_string\"}}],\"inLanguage\":\"en-US\"},{\"@type\":\"Organization\",\"@id\":\"https:\/\/www.alfaterm.com.br\/#organization\",\"name\":\"Bem-vindo \u00e0 ALFATERM\",\"url\":\"https:\/\/www.alfaterm.com.br\/\",\"logo\":{\"@type\":\"ImageObject\",\"inLanguage\":\"en-US\",\"@id\":\"https:\/\/www.alfaterm.com.br\/#\/schema\/logo\/image\/\",\"url\":\"https:\/\/www.alfaterm.com.br\/wp-content\/uploads\/2024\/07\/logo-alfaterm.png\",\"contentUrl\":\"https:\/\/www.alfaterm.com.br\/wp-content\/uploads\/2024\/07\/logo-alfaterm.png\",\"width\":393,\"height\":45,\"caption\":\"Bem-vindo \u00e0 ALFATERM\"},\"image\":{\"@id\":\"https:\/\/www.alfaterm.com.br\/#\/schema\/logo\/image\/\"}}]}<\/script>\n<!-- \/ Yoast SEO Premium plugin. -->","yoast_head_json":{"title":"Torres de resfriamento para injetoras - Bem-vindo \u00e0 ALFATERM","robots":{"index":"index","follow":"follow","max-snippet":"max-snippet:-1","max-image-preview":"max-image-preview:large","max-video-preview":"max-video-preview:-1"},"canonical":"https:\/\/www.alfaterm.com.br\/en\/informacoes\/torres-resfriamento-injetoras\/","og_locale":"en_US","og_type":"article","og_title":"Torres de resfriamento para injetoras","og_description":"As injetoras s\u00e3o equipamentos que, na maioria das vezes, necessitam que haja a diminui\u00e7\u00e3o da temperatura da pr\u00f3pria m\u00e1quina ou mesmo de um molde por ela utilizado. Por tal fator existe a necessidade da utiliza\u00e7\u00e3o de&nbsp;torres de resfriamento para injetoras, as quais s\u00e3o constitu\u00eddas de estruturas especiais para que possam promover a mudan\u00e7a da temperatura [&hellip;]","og_url":"https:\/\/www.alfaterm.com.br\/en\/informacoes\/torres-resfriamento-injetoras\/","og_site_name":"Bem-vindo \u00e0 ALFATERM","article_modified_time":"2024-09-09T08:29:04+00:00","og_image":[{"width":446,"height":793,"url":"https:\/\/www.alfaterm.com.br\/wp-content\/uploads\/2024\/09\/comercio-torre-resfriamento.webp","type":"image\/webp"}],"twitter_card":"summary_large_image","twitter_misc":{"Est. reading time":"2 minutes"},"schema":{"@context":"https:\/\/schema.org","@graph":[{"@type":"WebPage","@id":"https:\/\/www.alfaterm.com.br\/informacoes\/torres-resfriamento-injetoras\/","url":"https:\/\/www.alfaterm.com.br\/informacoes\/torres-resfriamento-injetoras\/","name":"Torres de resfriamento para injetoras - Bem-vindo \u00e0 ALFATERM","isPartOf":{"@id":"https:\/\/www.alfaterm.com.br\/#website"},"primaryImageOfPage":{"@id":"https:\/\/www.alfaterm.com.br\/informacoes\/torres-resfriamento-injetoras\/#primaryimage"},"image":{"@id":"https:\/\/www.alfaterm.com.br\/informacoes\/torres-resfriamento-injetoras\/#primaryimage"},"thumbnailUrl":"https:\/\/www.alfaterm.com.br\/wp-content\/uploads\/2024\/09\/comercio-torre-resfriamento.webp","datePublished":"2024-09-02T12:02:29+00:00","dateModified":"2024-09-09T08:29:04+00:00","breadcrumb":{"@id":"https:\/\/www.alfaterm.com.br\/informacoes\/torres-resfriamento-injetoras\/#breadcrumb"},"inLanguage":"en-US","potentialAction":[{"@type":"ReadAction","target":["https:\/\/www.alfaterm.com.br\/informacoes\/torres-resfriamento-injetoras\/"]}]},{"@type":"ImageObject","inLanguage":"en-US","@id":"https:\/\/www.alfaterm.com.br\/informacoes\/torres-resfriamento-injetoras\/#primaryimage","url":"https:\/\/www.alfaterm.com.br\/wp-content\/uploads\/2024\/09\/comercio-torre-resfriamento.webp","contentUrl":"https:\/\/www.alfaterm.com.br\/wp-content\/uploads\/2024\/09\/comercio-torre-resfriamento.webp","width":446,"height":793},{"@type":"BreadcrumbList","@id":"https:\/\/www.alfaterm.com.br\/informacoes\/torres-resfriamento-injetoras\/#breadcrumb","itemListElement":[{"@type":"ListItem","position":1,"name":"Home","item":"https:\/\/www.alfaterm.com.br\/"},{"@type":"ListItem","position":2,"name":"Informa\u00e7\u00f5es","item":"https:\/\/www.alfaterm.com.br\/informacoes\/"},{"@type":"ListItem","position":3,"name":"Torres de resfriamento para injetoras"}]},{"@type":"WebSite","@id":"https:\/\/www.alfaterm.com.br\/#website","url":"https:\/\/www.alfaterm.com.br\/","name":"Bem-vindo \u00e0 ALFATERM","description":"","publisher":{"@id":"https:\/\/www.alfaterm.com.br\/#organization"},"potentialAction":[{"@type":"SearchAction","target":{"@type":"EntryPoint","urlTemplate":"https:\/\/www.alfaterm.com.br\/?s={search_term_string}"},"query-input":{"@type":"PropertyValueSpecification","valueRequired":true,"valueName":"search_term_string"}}],"inLanguage":"en-US"},{"@type":"Organization","@id":"https:\/\/www.alfaterm.com.br\/#organization","name":"Bem-vindo \u00e0 ALFATERM","url":"https:\/\/www.alfaterm.com.br\/","logo":{"@type":"ImageObject","inLanguage":"en-US","@id":"https:\/\/www.alfaterm.com.br\/#\/schema\/logo\/image\/","url":"https:\/\/www.alfaterm.com.br\/wp-content\/uploads\/2024\/07\/logo-alfaterm.png","contentUrl":"https:\/\/www.alfaterm.com.br\/wp-content\/uploads\/2024\/07\/logo-alfaterm.png","width":393,"height":45,"caption":"Bem-vindo \u00e0 ALFATERM"},"image":{"@id":"https:\/\/www.alfaterm.com.br\/#\/schema\/logo\/image\/"}}]}},"_links":{"self":[{"href":"https:\/\/www.alfaterm.com.br\/en\/wp-json\/wp\/v2\/pages\/2326","targetHints":{"allow":["GET"]}}],"collection":[{"href":"https:\/\/www.alfaterm.com.br\/en\/wp-json\/wp\/v2\/pages"}],"about":[{"href":"https:\/\/www.alfaterm.com.br\/en\/wp-json\/wp\/v2\/types\/page"}],"author":[{"embeddable":true,"href":"https:\/\/www.alfaterm.com.br\/en\/wp-json\/wp\/v2\/users\/1"}],"replies":[{"embeddable":true,"href":"https:\/\/www.alfaterm.com.br\/en\/wp-json\/wp\/v2\/comments?post=2326"}],"version-history":[{"count":0,"href":"https:\/\/www.alfaterm.com.br\/en\/wp-json\/wp\/v2\/pages\/2326\/revisions"}],"up":[{"embeddable":true,"href":"https:\/\/www.alfaterm.com.br\/en\/wp-json\/wp\/v2\/pages\/2144"}],"wp:featuredmedia":[{"embeddable":true,"href":"https:\/\/www.alfaterm.com.br\/en\/wp-json\/wp\/v2\/media\/2227"}],"wp:attachment":[{"href":"https:\/\/www.alfaterm.com.br\/en\/wp-json\/wp\/v2\/media?parent=2326"}],"curies":[{"name":"wp","href":"https:\/\/api.w.org\/{rel}","templated":true}]}}