{"id":2325,"date":"2024-09-02T09:03:12","date_gmt":"2024-09-02T12:03:12","guid":{"rendered":"https:\/\/www.alfaterm.com.br\/?page_id=2325"},"modified":"2024-09-09T05:29:18","modified_gmt":"2024-09-09T08:29:18","slug":"torres-resfriamento-maquinas-injetoras","status":"publish","type":"page","link":"https:\/\/www.alfaterm.com.br\/en\/informacoes\/torres-resfriamento-maquinas-injetoras\/","title":{"rendered":"Torres de resfriamento para m\u00e1quinas injetoras"},"content":{"rendered":"<p>Devido \u00e0 fun\u00e7\u00e3o que desempenham, as m\u00e1quinas naturalmente produzem calor, fator que \u00e9 consideravelmente maior quando se trata de injetoras, portanto, para que funcionem da maneira ideal e n\u00e3o apresentem problemas, o cliente deve oper\u00e1-las juntamente \u00e0s&nbsp;torres de resfriamento para m\u00e1quinas injetoras.<\/p>\n\n\n\n<p>Com as&nbsp;torres de resfriamento para m\u00e1quinas injetoras&nbsp;o cliente tem seguran\u00e7a e tranquilidade quanto ao atendimento da demanda, al\u00e9m da seguran\u00e7a que a estrutura ir\u00e1 proporcionar, garantindo assim que a necessidade industrial seja atendida e o cliente fique totalmente satisfeito com o resultado final.<\/p>\n\n\n\n<h2 class=\"wp-block-heading\">AS PRINCIPAIS PARTICULARIDADES DAS TORRES DE RESFRIAMENTO PARA M\u00c1QUINAS INJETORAS<\/h2>\n\n\n\n<p>Apesar de possu\u00edrem a fun\u00e7\u00e3o b\u00e1sica similar, \u00e9 poss\u00edvel encontrar&nbsp;torres de resfriamento para m\u00e1quinas injetoras&nbsp;com particularidades diferentes, como o material em que s\u00e3o constru\u00eddas, por exemplo. Tamb\u00e9m \u00e9 poss\u00edvel encontrar as estruturas com caracter\u00edsticas que podem se adequar e serem ainda mais vantajosas para a aplica\u00e7\u00e3o do cliente.<\/p>\n\n\n\n<p>Algumas&nbsp;torres de resfriamento para m\u00e1quinas injetoras&nbsp;s\u00e3o disponibilizadas com a vaz\u00e3o que pode variar de 3 m3\/h a 1200 m3\/h, isso em decorr\u00eancia da c\u00e9lula que \u00e9 utilizada junto \u00e0 m\u00e1quina.<\/p>\n\n\n\n<p>As&nbsp;torres de resfriamento para m\u00e1quinas injetoras&nbsp;tamb\u00e9m podem ser desenvolvidas em v\u00e1rios materiais, atribuindo assim n\u00e3o s\u00f3 versatilidade, como resist\u00eancia e durabilidade aos clientes.<\/p>\n\n\n\n<h2 class=\"wp-block-heading\">DISPONIBILIDADE PARA O ATENDIMENTO DA DEMANDA<\/h2>\n\n\n\n<p>Ao buscar por&nbsp;torres de resfriamento para m\u00e1quinas injetoras&nbsp;\u00e9 importante que o cliente considere alguns pontos que ir\u00e3o influenciar diretamente no pleno atendimento de sua demanda e, consequentemente em sua satisfa\u00e7\u00e3o.<\/p>\n\n\n\n<p>A qualidade, composi\u00e7\u00e3o e disponibilidade das&nbsp;torres de resfriamento para m\u00e1quinas injetoras&nbsp;s\u00e3o pontos cruciais e devem ser analisados antes do cliente adquiri-las, pois dessa maneira ser\u00e1 muito mais garantido que estar\u00e3o fazendo o investimento correto.<\/p>\n\n\n\n<h2 class=\"wp-block-heading\">GARANTINDO \u00d3TIMAS OP\u00c7\u00d5ES EM TORRES DE RESFRIAMENTO PARA M\u00c1QUINAS INJETORAS<\/h2>\n\n\n\n<p>A ALFATERM Ind\u00fastria e Com\u00e9rcio Ltda. \u00e9 uma qualificada e competente empresa que est\u00e1 atuando no mercado desde 1986, e tendo adquirido muito conhecimento e expertise durante esses anos a empresa continua buscando por melhorias em seus processos para que possam seguir desenvolvendo e oferecendo \u00f3timas op\u00e7\u00f5es aos clientes.<\/p>\n\n\n\n<p>Hoje a ALFATERM Ind\u00fastria e Com\u00e9rcio Ltda. \u00e9 muito bem conceituada no mercado, isso em decorr\u00eancia do \u00f3timo servi\u00e7o e produtos que oferece aos clientes, garantindo o pleno atendimento das suas mais diversas demandas.<\/p>\n\n\n\n<h2 class=\"wp-block-heading\">Para saber mais sobre Assist\u00eancia t\u00e9cnica em torres de resfriar<\/h2>\n\n\n\n<p>Ligue para&nbsp;<strong>11 4156-8930<\/strong>&nbsp;ou&nbsp;<a href=\"https:\/\/www.alfaterm.com.br\/en\/contact\/\">clique aqui<\/a>&nbsp;e entre em contato por email.<\/p>","protected":false},"excerpt":{"rendered":"<p>Devido \u00e0 fun\u00e7\u00e3o que desempenham, as m\u00e1quinas naturalmente produzem calor, fator que \u00e9 consideravelmente maior quando se trata de injetoras, portanto, para que funcionem da maneira ideal e n\u00e3o apresentem problemas, o cliente deve oper\u00e1-las juntamente \u00e0s&nbsp;torres de resfriamento para m\u00e1quinas injetoras. Com as&nbsp;torres de resfriamento para m\u00e1quinas injetoras&nbsp;o cliente tem seguran\u00e7a e tranquilidade quanto [&hellip;]<\/p>","protected":false},"author":1,"featured_media":2227,"parent":2144,"menu_order":0,"comment_status":"closed","ping_status":"closed","template":"","meta":{"_acf_changed":false,"_joinchat":[],"footnotes":""},"class_list":["post-2325","page","type-page","status-publish","has-post-thumbnail","hentry"],"acf":[],"yoast_head":"<!-- This site is optimized with the Yoast SEO Premium plugin v23.4 (Yoast SEO v27.1.1) - https:\/\/yoast.com\/product\/yoast-seo-premium-wordpress\/ -->\n<title>Torres de resfriamento para m\u00e1quinas injetoras - Bem-vindo \u00e0 ALFATERM<\/title>\n<meta name=\"robots\" content=\"index, follow, max-snippet:-1, max-image-preview:large, max-video-preview:-1\" \/>\n<link rel=\"canonical\" href=\"https:\/\/www.alfaterm.com.br\/en\/informacoes\/torres-resfriamento-maquinas-injetoras\/\" \/>\n<meta property=\"og:locale\" content=\"en_US\" \/>\n<meta property=\"og:type\" content=\"article\" \/>\n<meta property=\"og:title\" content=\"Torres de resfriamento para m\u00e1quinas injetoras\" \/>\n<meta property=\"og:description\" content=\"Devido \u00e0 fun\u00e7\u00e3o que desempenham, as m\u00e1quinas naturalmente produzem calor, fator que \u00e9 consideravelmente maior quando se trata de injetoras, portanto, para que funcionem da maneira ideal e n\u00e3o apresentem problemas, o cliente deve oper\u00e1-las juntamente \u00e0s&nbsp;torres de resfriamento para m\u00e1quinas injetoras. Com as&nbsp;torres de resfriamento para m\u00e1quinas injetoras&nbsp;o cliente tem seguran\u00e7a e tranquilidade quanto [&hellip;]\" \/>\n<meta property=\"og:url\" content=\"https:\/\/www.alfaterm.com.br\/en\/informacoes\/torres-resfriamento-maquinas-injetoras\/\" \/>\n<meta property=\"og:site_name\" content=\"Bem-vindo \u00e0 ALFATERM\" \/>\n<meta property=\"article:modified_time\" content=\"2024-09-09T08:29:18+00:00\" \/>\n<meta property=\"og:image\" content=\"https:\/\/www.alfaterm.com.br\/wp-content\/uploads\/2024\/09\/comercio-torre-resfriamento.webp\" \/>\n\t<meta property=\"og:image:width\" content=\"446\" \/>\n\t<meta property=\"og:image:height\" content=\"793\" \/>\n\t<meta property=\"og:image:type\" content=\"image\/webp\" \/>\n<meta name=\"twitter:card\" content=\"summary_large_image\" \/>\n<meta name=\"twitter:label1\" content=\"Est. reading time\" \/>\n\t<meta name=\"twitter:data1\" content=\"2 minutes\" \/>\n<script type=\"application\/ld+json\" class=\"yoast-schema-graph\">{\"@context\":\"https:\/\/schema.org\",\"@graph\":[{\"@type\":\"WebPage\",\"@id\":\"https:\/\/www.alfaterm.com.br\/informacoes\/torres-resfriamento-maquinas-injetoras\/\",\"url\":\"https:\/\/www.alfaterm.com.br\/informacoes\/torres-resfriamento-maquinas-injetoras\/\",\"name\":\"Torres de resfriamento para m\u00e1quinas injetoras - Bem-vindo \u00e0 ALFATERM\",\"isPartOf\":{\"@id\":\"https:\/\/www.alfaterm.com.br\/#website\"},\"primaryImageOfPage\":{\"@id\":\"https:\/\/www.alfaterm.com.br\/informacoes\/torres-resfriamento-maquinas-injetoras\/#primaryimage\"},\"image\":{\"@id\":\"https:\/\/www.alfaterm.com.br\/informacoes\/torres-resfriamento-maquinas-injetoras\/#primaryimage\"},\"thumbnailUrl\":\"https:\/\/www.alfaterm.com.br\/wp-content\/uploads\/2024\/09\/comercio-torre-resfriamento.webp\",\"datePublished\":\"2024-09-02T12:03:12+00:00\",\"dateModified\":\"2024-09-09T08:29:18+00:00\",\"breadcrumb\":{\"@id\":\"https:\/\/www.alfaterm.com.br\/informacoes\/torres-resfriamento-maquinas-injetoras\/#breadcrumb\"},\"inLanguage\":\"en-US\",\"potentialAction\":[{\"@type\":\"ReadAction\",\"target\":[\"https:\/\/www.alfaterm.com.br\/informacoes\/torres-resfriamento-maquinas-injetoras\/\"]}]},{\"@type\":\"ImageObject\",\"inLanguage\":\"en-US\",\"@id\":\"https:\/\/www.alfaterm.com.br\/informacoes\/torres-resfriamento-maquinas-injetoras\/#primaryimage\",\"url\":\"https:\/\/www.alfaterm.com.br\/wp-content\/uploads\/2024\/09\/comercio-torre-resfriamento.webp\",\"contentUrl\":\"https:\/\/www.alfaterm.com.br\/wp-content\/uploads\/2024\/09\/comercio-torre-resfriamento.webp\",\"width\":446,\"height\":793},{\"@type\":\"BreadcrumbList\",\"@id\":\"https:\/\/www.alfaterm.com.br\/informacoes\/torres-resfriamento-maquinas-injetoras\/#breadcrumb\",\"itemListElement\":[{\"@type\":\"ListItem\",\"position\":1,\"name\":\"Home\",\"item\":\"https:\/\/www.alfaterm.com.br\/\"},{\"@type\":\"ListItem\",\"position\":2,\"name\":\"Informa\u00e7\u00f5es\",\"item\":\"https:\/\/www.alfaterm.com.br\/informacoes\/\"},{\"@type\":\"ListItem\",\"position\":3,\"name\":\"Torres de resfriamento para m\u00e1quinas injetoras\"}]},{\"@type\":\"WebSite\",\"@id\":\"https:\/\/www.alfaterm.com.br\/#website\",\"url\":\"https:\/\/www.alfaterm.com.br\/\",\"name\":\"Bem-vindo \u00e0 ALFATERM\",\"description\":\"\",\"publisher\":{\"@id\":\"https:\/\/www.alfaterm.com.br\/#organization\"},\"potentialAction\":[{\"@type\":\"SearchAction\",\"target\":{\"@type\":\"EntryPoint\",\"urlTemplate\":\"https:\/\/www.alfaterm.com.br\/?s={search_term_string}\"},\"query-input\":{\"@type\":\"PropertyValueSpecification\",\"valueRequired\":true,\"valueName\":\"search_term_string\"}}],\"inLanguage\":\"en-US\"},{\"@type\":\"Organization\",\"@id\":\"https:\/\/www.alfaterm.com.br\/#organization\",\"name\":\"Bem-vindo \u00e0 ALFATERM\",\"url\":\"https:\/\/www.alfaterm.com.br\/\",\"logo\":{\"@type\":\"ImageObject\",\"inLanguage\":\"en-US\",\"@id\":\"https:\/\/www.alfaterm.com.br\/#\/schema\/logo\/image\/\",\"url\":\"https:\/\/www.alfaterm.com.br\/wp-content\/uploads\/2024\/07\/logo-alfaterm.png\",\"contentUrl\":\"https:\/\/www.alfaterm.com.br\/wp-content\/uploads\/2024\/07\/logo-alfaterm.png\",\"width\":393,\"height\":45,\"caption\":\"Bem-vindo \u00e0 ALFATERM\"},\"image\":{\"@id\":\"https:\/\/www.alfaterm.com.br\/#\/schema\/logo\/image\/\"}}]}<\/script>\n<!-- \/ Yoast SEO Premium plugin. -->","yoast_head_json":{"title":"Torres de resfriamento para m\u00e1quinas injetoras - Bem-vindo \u00e0 ALFATERM","robots":{"index":"index","follow":"follow","max-snippet":"max-snippet:-1","max-image-preview":"max-image-preview:large","max-video-preview":"max-video-preview:-1"},"canonical":"https:\/\/www.alfaterm.com.br\/en\/informacoes\/torres-resfriamento-maquinas-injetoras\/","og_locale":"en_US","og_type":"article","og_title":"Torres de resfriamento para m\u00e1quinas injetoras","og_description":"Devido \u00e0 fun\u00e7\u00e3o que desempenham, as m\u00e1quinas naturalmente produzem calor, fator que \u00e9 consideravelmente maior quando se trata de injetoras, portanto, para que funcionem da maneira ideal e n\u00e3o apresentem problemas, o cliente deve oper\u00e1-las juntamente \u00e0s&nbsp;torres de resfriamento para m\u00e1quinas injetoras. Com as&nbsp;torres de resfriamento para m\u00e1quinas injetoras&nbsp;o cliente tem seguran\u00e7a e tranquilidade quanto [&hellip;]","og_url":"https:\/\/www.alfaterm.com.br\/en\/informacoes\/torres-resfriamento-maquinas-injetoras\/","og_site_name":"Bem-vindo \u00e0 ALFATERM","article_modified_time":"2024-09-09T08:29:18+00:00","og_image":[{"width":446,"height":793,"url":"https:\/\/www.alfaterm.com.br\/wp-content\/uploads\/2024\/09\/comercio-torre-resfriamento.webp","type":"image\/webp"}],"twitter_card":"summary_large_image","twitter_misc":{"Est. reading time":"2 minutes"},"schema":{"@context":"https:\/\/schema.org","@graph":[{"@type":"WebPage","@id":"https:\/\/www.alfaterm.com.br\/informacoes\/torres-resfriamento-maquinas-injetoras\/","url":"https:\/\/www.alfaterm.com.br\/informacoes\/torres-resfriamento-maquinas-injetoras\/","name":"Torres de resfriamento para m\u00e1quinas injetoras - Bem-vindo \u00e0 ALFATERM","isPartOf":{"@id":"https:\/\/www.alfaterm.com.br\/#website"},"primaryImageOfPage":{"@id":"https:\/\/www.alfaterm.com.br\/informacoes\/torres-resfriamento-maquinas-injetoras\/#primaryimage"},"image":{"@id":"https:\/\/www.alfaterm.com.br\/informacoes\/torres-resfriamento-maquinas-injetoras\/#primaryimage"},"thumbnailUrl":"https:\/\/www.alfaterm.com.br\/wp-content\/uploads\/2024\/09\/comercio-torre-resfriamento.webp","datePublished":"2024-09-02T12:03:12+00:00","dateModified":"2024-09-09T08:29:18+00:00","breadcrumb":{"@id":"https:\/\/www.alfaterm.com.br\/informacoes\/torres-resfriamento-maquinas-injetoras\/#breadcrumb"},"inLanguage":"en-US","potentialAction":[{"@type":"ReadAction","target":["https:\/\/www.alfaterm.com.br\/informacoes\/torres-resfriamento-maquinas-injetoras\/"]}]},{"@type":"ImageObject","inLanguage":"en-US","@id":"https:\/\/www.alfaterm.com.br\/informacoes\/torres-resfriamento-maquinas-injetoras\/#primaryimage","url":"https:\/\/www.alfaterm.com.br\/wp-content\/uploads\/2024\/09\/comercio-torre-resfriamento.webp","contentUrl":"https:\/\/www.alfaterm.com.br\/wp-content\/uploads\/2024\/09\/comercio-torre-resfriamento.webp","width":446,"height":793},{"@type":"BreadcrumbList","@id":"https:\/\/www.alfaterm.com.br\/informacoes\/torres-resfriamento-maquinas-injetoras\/#breadcrumb","itemListElement":[{"@type":"ListItem","position":1,"name":"Home","item":"https:\/\/www.alfaterm.com.br\/"},{"@type":"ListItem","position":2,"name":"Informa\u00e7\u00f5es","item":"https:\/\/www.alfaterm.com.br\/informacoes\/"},{"@type":"ListItem","position":3,"name":"Torres de resfriamento para m\u00e1quinas injetoras"}]},{"@type":"WebSite","@id":"https:\/\/www.alfaterm.com.br\/#website","url":"https:\/\/www.alfaterm.com.br\/","name":"Bem-vindo \u00e0 ALFATERM","description":"","publisher":{"@id":"https:\/\/www.alfaterm.com.br\/#organization"},"potentialAction":[{"@type":"SearchAction","target":{"@type":"EntryPoint","urlTemplate":"https:\/\/www.alfaterm.com.br\/?s={search_term_string}"},"query-input":{"@type":"PropertyValueSpecification","valueRequired":true,"valueName":"search_term_string"}}],"inLanguage":"en-US"},{"@type":"Organization","@id":"https:\/\/www.alfaterm.com.br\/#organization","name":"Bem-vindo \u00e0 ALFATERM","url":"https:\/\/www.alfaterm.com.br\/","logo":{"@type":"ImageObject","inLanguage":"en-US","@id":"https:\/\/www.alfaterm.com.br\/#\/schema\/logo\/image\/","url":"https:\/\/www.alfaterm.com.br\/wp-content\/uploads\/2024\/07\/logo-alfaterm.png","contentUrl":"https:\/\/www.alfaterm.com.br\/wp-content\/uploads\/2024\/07\/logo-alfaterm.png","width":393,"height":45,"caption":"Bem-vindo \u00e0 ALFATERM"},"image":{"@id":"https:\/\/www.alfaterm.com.br\/#\/schema\/logo\/image\/"}}]}},"_links":{"self":[{"href":"https:\/\/www.alfaterm.com.br\/en\/wp-json\/wp\/v2\/pages\/2325","targetHints":{"allow":["GET"]}}],"collection":[{"href":"https:\/\/www.alfaterm.com.br\/en\/wp-json\/wp\/v2\/pages"}],"about":[{"href":"https:\/\/www.alfaterm.com.br\/en\/wp-json\/wp\/v2\/types\/page"}],"author":[{"embeddable":true,"href":"https:\/\/www.alfaterm.com.br\/en\/wp-json\/wp\/v2\/users\/1"}],"replies":[{"embeddable":true,"href":"https:\/\/www.alfaterm.com.br\/en\/wp-json\/wp\/v2\/comments?post=2325"}],"version-history":[{"count":0,"href":"https:\/\/www.alfaterm.com.br\/en\/wp-json\/wp\/v2\/pages\/2325\/revisions"}],"up":[{"embeddable":true,"href":"https:\/\/www.alfaterm.com.br\/en\/wp-json\/wp\/v2\/pages\/2144"}],"wp:featuredmedia":[{"embeddable":true,"href":"https:\/\/www.alfaterm.com.br\/en\/wp-json\/wp\/v2\/media\/2227"}],"wp:attachment":[{"href":"https:\/\/www.alfaterm.com.br\/en\/wp-json\/wp\/v2\/media?parent=2325"}],"curies":[{"name":"wp","href":"https:\/\/api.w.org\/{rel}","templated":true}]}}