{"id":2324,"date":"2024-09-02T08:58:01","date_gmt":"2024-09-02T11:58:01","guid":{"rendered":"https:\/\/www.alfaterm.com.br\/?page_id=2324"},"modified":"2024-09-09T05:27:49","modified_gmt":"2024-09-09T08:27:49","slug":"torre-resfriamento-preco","status":"publish","type":"page","link":"https:\/\/www.alfaterm.com.br\/en\/informacoes\/torre-resfriamento-preco\/","title":{"rendered":"Torre de resfriamento pre\u00e7o"},"content":{"rendered":"<p>O uso de torre de resfriamento \u00e9 bastante comum em diversos setores da economia, pois agrega efici\u00eancia t\u00e9rmica e energ\u00e9tica aos processos. A satisfa\u00e7\u00e3o do cliente ao adquirir uma&nbsp;torre de resfriamento pre\u00e7o&nbsp;justo ocorre porque ela \u00e9 fabricada sob encomenda, para atender plenamente \u00e0s demandas de uso.<\/p>\n\n\n\n<h2 class=\"wp-block-heading\">TORRE DE RESFRIAMENTO PRE\u00c7O BOM PARA DIVERSOS SETORES<\/h2>\n\n\n\n<p>Ind\u00fastrias aliment\u00edcias, de a\u00e7\u00facar e \u00e1lcool, qu\u00edmicas, petroqu\u00edmicas, farmac\u00eauticas, t\u00eaxteis, institui\u00e7\u00f5es banc\u00e1rias e muitos outros segmentos fazem uso das torres de resfriamento em suas atividades. \u00c9 um equipamento de aplica\u00e7\u00e3o vers\u00e1til e por isso, para atender a cada demanda, \u00e9 produzido em modelos personalizados.<\/p>\n\n\n\n<p>Por esse motivo, investir na&nbsp;torre de resfriamento pre\u00e7o&nbsp;baixo pode ser um risco, pois n\u00e3o h\u00e1 garantias de que o produto responder\u00e1 adequadamente \u00e0s demandas. \u00c9 indispens\u00e1vel, portanto, a aquisi\u00e7\u00e3o de&nbsp;torre de resfriamento pre\u00e7o&nbsp;justo e compat\u00edvel com a sua qualidade e com os benef\u00edcios que agrega ao ambiente onde est\u00e1 instalada.<\/p>\n\n\n\n<h2 class=\"wp-block-heading\">TORRE DE RESFRIAMENTO PRE\u00c7O ADEQUADO E M\u00c1XIMA QUALIDADE<\/h2>\n\n\n\n<p>A produ\u00e7\u00e3o da torre de refrigera\u00e7\u00e3o sob medida permite ao cliente obter o melhor desempenho do equipamento em suas instala\u00e7\u00f5es. Por meio de estudos e an\u00e1lises realizadas por uma equipe t\u00e9cnica, \u00e9 poss\u00edvel chegar ao modelo ideal para cada cliente.<\/p>\n\n\n\n<p>Para isso, o fabricante precisa oferecer alguns recursos, tais como a capacita\u00e7\u00e3o cont\u00ednua de sua equipe t\u00e9cnica e o investimento em tecnologia necess\u00e1ria para o desenvolvimento da solu\u00e7\u00e3o justa \u00e0 necessidade do cliente.<\/p>\n\n\n\n<p>Essas caracter\u00edsticas fazem da&nbsp;torre de resfriamento pre\u00e7o&nbsp;ser extremamente adequado, considerando todo o investimento de recursos humanos e financeiros que o fabricante faz no desenvolvimento do melhor produto. Al\u00e9m, \u00e9 claro, do uso de mat\u00e9ria-prima de \u00f3tima proced\u00eancia, que garante uma opera\u00e7\u00e3o tranquila e com maior durabilidade.<\/p>\n\n\n\n<p>Ali\u00e1s, esta \u00e9 uma considera\u00e7\u00e3o importante que deve ser feita ao investir em&nbsp;torre de resfriamento pre\u00e7o&nbsp;bom: a disponibilidade de pe\u00e7as que o fabricante oferece para a reposi\u00e7\u00e3o em uma eventual necessidade.<\/p>\n\n\n\n<h2 class=\"wp-block-heading\">ONDE ADQUIRIR A MELHOR TORRE DE RESFRIAMENTO PRE\u00c7O JUSTO<\/h2>\n\n\n\n<p>A ALFATERM Ind\u00fastria e Com\u00e9rcio Ltda. \u00e9 uma empresa de reconhecimento internacional, por meio de suas torres de refrigera\u00e7\u00e3o de \u00e1gua. Com mais de tr\u00eas d\u00e9cadas de atua\u00e7\u00e3o, seus produtos est\u00e3o em empresas das Am\u00e9ricas Latina e Central.<\/p>\n\n\n\n<p>A equipe t\u00e9cnica ALFATERM Ind\u00fastria e Com\u00e9rcio Ltda. \u00e9 comprometida com o sucesso dos clientes e se dedica ao desenvolvimento de solu\u00e7\u00f5es cada vez mais eficientes e seguras para atender plenamente \u00e0s demandas de mercado.<\/p>\n\n\n\n<h2 class=\"wp-block-heading\">Para saber mais sobre Assist\u00eancia t\u00e9cnica em torres de resfriar<\/h2>\n\n\n\n<p>Ligue para&nbsp;<strong>11 4156-8930<\/strong>&nbsp;ou&nbsp;<a href=\"https:\/\/www.alfaterm.com.br\/en\/contact\/\">clique aqui<\/a>&nbsp;e entre em contato por email.<\/p>","protected":false},"excerpt":{"rendered":"<p>O uso de torre de resfriamento \u00e9 bastante comum em diversos setores da economia, pois agrega efici\u00eancia t\u00e9rmica e energ\u00e9tica aos processos. A satisfa\u00e7\u00e3o do cliente ao adquirir uma&nbsp;torre de resfriamento pre\u00e7o&nbsp;justo ocorre porque ela \u00e9 fabricada sob encomenda, para atender plenamente \u00e0s demandas de uso. TORRE DE RESFRIAMENTO PRE\u00c7O BOM PARA DIVERSOS SETORES Ind\u00fastrias [&hellip;]<\/p>","protected":false},"author":1,"featured_media":2225,"parent":2144,"menu_order":0,"comment_status":"closed","ping_status":"closed","template":"","meta":{"_acf_changed":false,"_joinchat":[],"footnotes":""},"class_list":["post-2324","page","type-page","status-publish","has-post-thumbnail","hentry"],"acf":[],"yoast_head":"<!-- This site is optimized with the Yoast SEO Premium plugin v23.4 (Yoast SEO v27.1.1) - https:\/\/yoast.com\/product\/yoast-seo-premium-wordpress\/ -->\n<title>Torre de resfriamento pre\u00e7o - Bem-vindo \u00e0 ALFATERM<\/title>\n<meta name=\"robots\" content=\"index, follow, max-snippet:-1, max-image-preview:large, max-video-preview:-1\" \/>\n<link rel=\"canonical\" href=\"https:\/\/www.alfaterm.com.br\/en\/informacoes\/torre-resfriamento-preco\/\" \/>\n<meta property=\"og:locale\" content=\"en_US\" \/>\n<meta property=\"og:type\" content=\"article\" \/>\n<meta property=\"og:title\" content=\"Torre de resfriamento pre\u00e7o\" \/>\n<meta property=\"og:description\" content=\"O uso de torre de resfriamento \u00e9 bastante comum em diversos setores da economia, pois agrega efici\u00eancia t\u00e9rmica e energ\u00e9tica aos processos. A satisfa\u00e7\u00e3o do cliente ao adquirir uma&nbsp;torre de resfriamento pre\u00e7o&nbsp;justo ocorre porque ela \u00e9 fabricada sob encomenda, para atender plenamente \u00e0s demandas de uso. TORRE DE RESFRIAMENTO PRE\u00c7O BOM PARA DIVERSOS SETORES Ind\u00fastrias [&hellip;]\" \/>\n<meta property=\"og:url\" content=\"https:\/\/www.alfaterm.com.br\/en\/informacoes\/torre-resfriamento-preco\/\" \/>\n<meta property=\"og:site_name\" content=\"Bem-vindo \u00e0 ALFATERM\" \/>\n<meta property=\"article:modified_time\" content=\"2024-09-09T08:27:49+00:00\" \/>\n<meta property=\"og:image\" content=\"https:\/\/www.alfaterm.com.br\/wp-content\/uploads\/2024\/09\/fabrica-torre-resfriamento.webp\" \/>\n\t<meta property=\"og:image:width\" content=\"699\" \/>\n\t<meta property=\"og:image:height\" content=\"625\" \/>\n\t<meta property=\"og:image:type\" content=\"image\/webp\" \/>\n<meta name=\"twitter:card\" content=\"summary_large_image\" \/>\n<meta name=\"twitter:label1\" content=\"Est. reading time\" \/>\n\t<meta name=\"twitter:data1\" content=\"2 minutes\" \/>\n<script type=\"application\/ld+json\" class=\"yoast-schema-graph\">{\"@context\":\"https:\/\/schema.org\",\"@graph\":[{\"@type\":\"WebPage\",\"@id\":\"https:\/\/www.alfaterm.com.br\/informacoes\/torre-resfriamento-preco\/\",\"url\":\"https:\/\/www.alfaterm.com.br\/informacoes\/torre-resfriamento-preco\/\",\"name\":\"Torre de resfriamento pre\u00e7o - Bem-vindo \u00e0 ALFATERM\",\"isPartOf\":{\"@id\":\"https:\/\/www.alfaterm.com.br\/#website\"},\"primaryImageOfPage\":{\"@id\":\"https:\/\/www.alfaterm.com.br\/informacoes\/torre-resfriamento-preco\/#primaryimage\"},\"image\":{\"@id\":\"https:\/\/www.alfaterm.com.br\/informacoes\/torre-resfriamento-preco\/#primaryimage\"},\"thumbnailUrl\":\"https:\/\/www.alfaterm.com.br\/wp-content\/uploads\/2024\/09\/fabrica-torre-resfriamento.webp\",\"datePublished\":\"2024-09-02T11:58:01+00:00\",\"dateModified\":\"2024-09-09T08:27:49+00:00\",\"breadcrumb\":{\"@id\":\"https:\/\/www.alfaterm.com.br\/informacoes\/torre-resfriamento-preco\/#breadcrumb\"},\"inLanguage\":\"en-US\",\"potentialAction\":[{\"@type\":\"ReadAction\",\"target\":[\"https:\/\/www.alfaterm.com.br\/informacoes\/torre-resfriamento-preco\/\"]}]},{\"@type\":\"ImageObject\",\"inLanguage\":\"en-US\",\"@id\":\"https:\/\/www.alfaterm.com.br\/informacoes\/torre-resfriamento-preco\/#primaryimage\",\"url\":\"https:\/\/www.alfaterm.com.br\/wp-content\/uploads\/2024\/09\/fabrica-torre-resfriamento.webp\",\"contentUrl\":\"https:\/\/www.alfaterm.com.br\/wp-content\/uploads\/2024\/09\/fabrica-torre-resfriamento.webp\",\"width\":699,\"height\":625},{\"@type\":\"BreadcrumbList\",\"@id\":\"https:\/\/www.alfaterm.com.br\/informacoes\/torre-resfriamento-preco\/#breadcrumb\",\"itemListElement\":[{\"@type\":\"ListItem\",\"position\":1,\"name\":\"Home\",\"item\":\"https:\/\/www.alfaterm.com.br\/\"},{\"@type\":\"ListItem\",\"position\":2,\"name\":\"Informa\u00e7\u00f5es\",\"item\":\"https:\/\/www.alfaterm.com.br\/informacoes\/\"},{\"@type\":\"ListItem\",\"position\":3,\"name\":\"Torre de resfriamento pre\u00e7o\"}]},{\"@type\":\"WebSite\",\"@id\":\"https:\/\/www.alfaterm.com.br\/#website\",\"url\":\"https:\/\/www.alfaterm.com.br\/\",\"name\":\"Bem-vindo \u00e0 ALFATERM\",\"description\":\"\",\"publisher\":{\"@id\":\"https:\/\/www.alfaterm.com.br\/#organization\"},\"potentialAction\":[{\"@type\":\"SearchAction\",\"target\":{\"@type\":\"EntryPoint\",\"urlTemplate\":\"https:\/\/www.alfaterm.com.br\/?s={search_term_string}\"},\"query-input\":{\"@type\":\"PropertyValueSpecification\",\"valueRequired\":true,\"valueName\":\"search_term_string\"}}],\"inLanguage\":\"en-US\"},{\"@type\":\"Organization\",\"@id\":\"https:\/\/www.alfaterm.com.br\/#organization\",\"name\":\"Bem-vindo \u00e0 ALFATERM\",\"url\":\"https:\/\/www.alfaterm.com.br\/\",\"logo\":{\"@type\":\"ImageObject\",\"inLanguage\":\"en-US\",\"@id\":\"https:\/\/www.alfaterm.com.br\/#\/schema\/logo\/image\/\",\"url\":\"https:\/\/www.alfaterm.com.br\/wp-content\/uploads\/2024\/07\/logo-alfaterm.png\",\"contentUrl\":\"https:\/\/www.alfaterm.com.br\/wp-content\/uploads\/2024\/07\/logo-alfaterm.png\",\"width\":393,\"height\":45,\"caption\":\"Bem-vindo \u00e0 ALFATERM\"},\"image\":{\"@id\":\"https:\/\/www.alfaterm.com.br\/#\/schema\/logo\/image\/\"}}]}<\/script>\n<!-- \/ Yoast SEO Premium plugin. -->","yoast_head_json":{"title":"Torre de resfriamento pre\u00e7o - Bem-vindo \u00e0 ALFATERM","robots":{"index":"index","follow":"follow","max-snippet":"max-snippet:-1","max-image-preview":"max-image-preview:large","max-video-preview":"max-video-preview:-1"},"canonical":"https:\/\/www.alfaterm.com.br\/en\/informacoes\/torre-resfriamento-preco\/","og_locale":"en_US","og_type":"article","og_title":"Torre de resfriamento pre\u00e7o","og_description":"O uso de torre de resfriamento \u00e9 bastante comum em diversos setores da economia, pois agrega efici\u00eancia t\u00e9rmica e energ\u00e9tica aos processos. A satisfa\u00e7\u00e3o do cliente ao adquirir uma&nbsp;torre de resfriamento pre\u00e7o&nbsp;justo ocorre porque ela \u00e9 fabricada sob encomenda, para atender plenamente \u00e0s demandas de uso. TORRE DE RESFRIAMENTO PRE\u00c7O BOM PARA DIVERSOS SETORES Ind\u00fastrias [&hellip;]","og_url":"https:\/\/www.alfaterm.com.br\/en\/informacoes\/torre-resfriamento-preco\/","og_site_name":"Bem-vindo \u00e0 ALFATERM","article_modified_time":"2024-09-09T08:27:49+00:00","og_image":[{"width":699,"height":625,"url":"https:\/\/www.alfaterm.com.br\/wp-content\/uploads\/2024\/09\/fabrica-torre-resfriamento.webp","type":"image\/webp"}],"twitter_card":"summary_large_image","twitter_misc":{"Est. reading time":"2 minutes"},"schema":{"@context":"https:\/\/schema.org","@graph":[{"@type":"WebPage","@id":"https:\/\/www.alfaterm.com.br\/informacoes\/torre-resfriamento-preco\/","url":"https:\/\/www.alfaterm.com.br\/informacoes\/torre-resfriamento-preco\/","name":"Torre de resfriamento pre\u00e7o - Bem-vindo \u00e0 ALFATERM","isPartOf":{"@id":"https:\/\/www.alfaterm.com.br\/#website"},"primaryImageOfPage":{"@id":"https:\/\/www.alfaterm.com.br\/informacoes\/torre-resfriamento-preco\/#primaryimage"},"image":{"@id":"https:\/\/www.alfaterm.com.br\/informacoes\/torre-resfriamento-preco\/#primaryimage"},"thumbnailUrl":"https:\/\/www.alfaterm.com.br\/wp-content\/uploads\/2024\/09\/fabrica-torre-resfriamento.webp","datePublished":"2024-09-02T11:58:01+00:00","dateModified":"2024-09-09T08:27:49+00:00","breadcrumb":{"@id":"https:\/\/www.alfaterm.com.br\/informacoes\/torre-resfriamento-preco\/#breadcrumb"},"inLanguage":"en-US","potentialAction":[{"@type":"ReadAction","target":["https:\/\/www.alfaterm.com.br\/informacoes\/torre-resfriamento-preco\/"]}]},{"@type":"ImageObject","inLanguage":"en-US","@id":"https:\/\/www.alfaterm.com.br\/informacoes\/torre-resfriamento-preco\/#primaryimage","url":"https:\/\/www.alfaterm.com.br\/wp-content\/uploads\/2024\/09\/fabrica-torre-resfriamento.webp","contentUrl":"https:\/\/www.alfaterm.com.br\/wp-content\/uploads\/2024\/09\/fabrica-torre-resfriamento.webp","width":699,"height":625},{"@type":"BreadcrumbList","@id":"https:\/\/www.alfaterm.com.br\/informacoes\/torre-resfriamento-preco\/#breadcrumb","itemListElement":[{"@type":"ListItem","position":1,"name":"Home","item":"https:\/\/www.alfaterm.com.br\/"},{"@type":"ListItem","position":2,"name":"Informa\u00e7\u00f5es","item":"https:\/\/www.alfaterm.com.br\/informacoes\/"},{"@type":"ListItem","position":3,"name":"Torre de resfriamento pre\u00e7o"}]},{"@type":"WebSite","@id":"https:\/\/www.alfaterm.com.br\/#website","url":"https:\/\/www.alfaterm.com.br\/","name":"Bem-vindo \u00e0 ALFATERM","description":"","publisher":{"@id":"https:\/\/www.alfaterm.com.br\/#organization"},"potentialAction":[{"@type":"SearchAction","target":{"@type":"EntryPoint","urlTemplate":"https:\/\/www.alfaterm.com.br\/?s={search_term_string}"},"query-input":{"@type":"PropertyValueSpecification","valueRequired":true,"valueName":"search_term_string"}}],"inLanguage":"en-US"},{"@type":"Organization","@id":"https:\/\/www.alfaterm.com.br\/#organization","name":"Bem-vindo \u00e0 ALFATERM","url":"https:\/\/www.alfaterm.com.br\/","logo":{"@type":"ImageObject","inLanguage":"en-US","@id":"https:\/\/www.alfaterm.com.br\/#\/schema\/logo\/image\/","url":"https:\/\/www.alfaterm.com.br\/wp-content\/uploads\/2024\/07\/logo-alfaterm.png","contentUrl":"https:\/\/www.alfaterm.com.br\/wp-content\/uploads\/2024\/07\/logo-alfaterm.png","width":393,"height":45,"caption":"Bem-vindo \u00e0 ALFATERM"},"image":{"@id":"https:\/\/www.alfaterm.com.br\/#\/schema\/logo\/image\/"}}]}},"_links":{"self":[{"href":"https:\/\/www.alfaterm.com.br\/en\/wp-json\/wp\/v2\/pages\/2324","targetHints":{"allow":["GET"]}}],"collection":[{"href":"https:\/\/www.alfaterm.com.br\/en\/wp-json\/wp\/v2\/pages"}],"about":[{"href":"https:\/\/www.alfaterm.com.br\/en\/wp-json\/wp\/v2\/types\/page"}],"author":[{"embeddable":true,"href":"https:\/\/www.alfaterm.com.br\/en\/wp-json\/wp\/v2\/users\/1"}],"replies":[{"embeddable":true,"href":"https:\/\/www.alfaterm.com.br\/en\/wp-json\/wp\/v2\/comments?post=2324"}],"version-history":[{"count":0,"href":"https:\/\/www.alfaterm.com.br\/en\/wp-json\/wp\/v2\/pages\/2324\/revisions"}],"up":[{"embeddable":true,"href":"https:\/\/www.alfaterm.com.br\/en\/wp-json\/wp\/v2\/pages\/2144"}],"wp:featuredmedia":[{"embeddable":true,"href":"https:\/\/www.alfaterm.com.br\/en\/wp-json\/wp\/v2\/media\/2225"}],"wp:attachment":[{"href":"https:\/\/www.alfaterm.com.br\/en\/wp-json\/wp\/v2\/media?parent=2324"}],"curies":[{"name":"wp","href":"https:\/\/api.w.org\/{rel}","templated":true}]}}