{"id":2323,"date":"2024-09-02T09:03:57","date_gmt":"2024-09-02T12:03:57","guid":{"rendered":"https:\/\/www.alfaterm.com.br\/?page_id=2323"},"modified":"2024-09-09T05:29:32","modified_gmt":"2024-09-09T08:29:32","slug":"torres-resfriamento-sistema-aberto","status":"publish","type":"page","link":"https:\/\/www.alfaterm.com.br\/en\/informacoes\/torres-resfriamento-sistema-aberto\/","title":{"rendered":"Torres de resfriamento sistema aberto"},"content":{"rendered":"<p>Um dos sistemas pioneiros para reaproveitamento e resfriamento de \u00e1gua nas ind\u00fastrias foi o de&nbsp;torres de resfriamento sistema aberto.<\/p>\n\n\n\n<p>Esse sistema funciona de maneira simples, pois a \u00e1gua \u00e9 bombeada para o interior da torre e despejada pelo sistema de distribui\u00e7\u00e3o para o enchimento de contato, no qual o resfriamento ocorre e o processo enfim se concretiza.<\/p>\n\n\n\n<p>As&nbsp;torres de resfriamento sistema aberto&nbsp;s\u00e3o normalmente utilizadas em processos que n\u00e3o requerem cuidados permanentes. Esse sistema permite, basicamente, o resfriamento pela dissipa\u00e7\u00e3o do calor da \u00e1gua para o ar, atrav\u00e9s da evapora\u00e7\u00e3o.<\/p>\n\n\n\n<h2 class=\"wp-block-heading\">VANTAGENS DAS TORRES DE RESFRIAMENTO SISTEMA ABERTO<\/h2>\n\n\n\n<p>Como estas torres s\u00e3o utilizadas em sistemas mais simples, com produtos que n\u00e3o trazem preju\u00edzos para o meio ambiente ou para a sa\u00fade, existe o contato da \u00e1gua com o meio ambiente, atrav\u00e9s da evapora\u00e7\u00e3o.<\/p>\n\n\n\n<p>Existem alguns modelos compactos das&nbsp;torres de resfriamento sistema aberto&nbsp;o que facilita a instala\u00e7\u00e3o em locais com pouco espa\u00e7o.<\/p>\n\n\n\n<p>Outra vantagem das&nbsp;torres de resfriamento sistema aberto&nbsp;\u00e9 o baixo consumo de energia, o que tamb\u00e9m facilita a utiliza\u00e7\u00e3o por clientes que querem um bom produto com baixo investimento.<\/p>\n\n\n\n<p>Existem alguns modelos das&nbsp;torres de resfriamento sistema aberto. Cada uma delas oferece alguma vantagem diferente.<\/p>\n\n\n\n<p>Uma delas \u00e9 melhor por ser compacta e por isso pode ser instalada em locais com pouco espa\u00e7o. Outra apresenta uma excelente distribui\u00e7\u00e3o de ar, com sistema rotativo e veneziana \u00e0 prova de respingos, o que contribui para ter baixo consumo de energia e um excelente rendimento t\u00e9rmico. Outro modelo possui reservat\u00f3rio PRFV (pol\u00edmero refor\u00e7ado com fibra de vidro) e porta de inspe\u00e7\u00e3o para facilitar sua manuten\u00e7\u00e3o e limpeza interna. Ainda existe um outro modelo que apresenta alta tecnologia, design inovador, estrutura auto-portante, com grande capacidade t\u00e9rmica e hidr\u00e1ulica.<\/p>\n\n\n\n<h2 class=\"wp-block-heading\">ALFATERM IND\u00daSTRIA E COM\u00c9RCIO LTDA. \u2013 A MELHOR FABRICANTE DE TORRES DE RESFRIAMENTO SISTEMA ABERTO<\/h2>\n\n\n\n<p>A ALFATERM Ind\u00fastria e Com\u00e9rcio Ltda. \u00e9 uma empresa com alto conceito no que se refere \u00e0s&nbsp;torres de resfriamento sistema aberto&nbsp;por possuir ampla experi\u00eancia nesse mercado, j\u00e1 s\u00e3o mais de 30 anos projetando, fabricando, instalando e executando manuten\u00e7\u00f5es preventivas e corretivas nas torres.<\/p>\n\n\n\n<p>A empresa atende em todo territ\u00f3rio nacional e, tamb\u00e9m, na Am\u00e9rica Latina, com destaque para a Am\u00e9rica Central.<\/p>\n\n\n\n<h2 class=\"wp-block-heading\">Para saber mais sobre Assist\u00eancia t\u00e9cnica em torres de resfriar<\/h2>\n\n\n\n<p>Ligue para&nbsp;<strong>11 4156-8930<\/strong>&nbsp;ou&nbsp;<a href=\"https:\/\/www.alfaterm.com.br\/en\/contact\/\">clique aqui<\/a>&nbsp;e entre em contato por email.<\/p>","protected":false},"excerpt":{"rendered":"<p>Um dos sistemas pioneiros para reaproveitamento e resfriamento de \u00e1gua nas ind\u00fastrias foi o de&nbsp;torres de resfriamento sistema aberto. Esse sistema funciona de maneira simples, pois a \u00e1gua \u00e9 bombeada para o interior da torre e despejada pelo sistema de distribui\u00e7\u00e3o para o enchimento de contato, no qual o resfriamento ocorre e o processo enfim [&hellip;]<\/p>","protected":false},"author":1,"featured_media":2256,"parent":2144,"menu_order":0,"comment_status":"closed","ping_status":"closed","template":"","meta":{"_acf_changed":false,"_joinchat":[],"footnotes":""},"class_list":["post-2323","page","type-page","status-publish","has-post-thumbnail","hentry"],"acf":[],"yoast_head":"<!-- This site is optimized with the Yoast SEO Premium plugin v23.4 (Yoast SEO v27.1.1) - https:\/\/yoast.com\/product\/yoast-seo-premium-wordpress\/ -->\n<title>Torres de resfriamento sistema aberto - Bem-vindo \u00e0 ALFATERM<\/title>\n<meta name=\"robots\" content=\"index, follow, max-snippet:-1, max-image-preview:large, max-video-preview:-1\" \/>\n<link rel=\"canonical\" href=\"https:\/\/www.alfaterm.com.br\/en\/informacoes\/torres-resfriamento-sistema-aberto\/\" \/>\n<meta property=\"og:locale\" content=\"en_US\" \/>\n<meta property=\"og:type\" content=\"article\" \/>\n<meta property=\"og:title\" content=\"Torres de resfriamento sistema aberto\" \/>\n<meta property=\"og:description\" content=\"Um dos sistemas pioneiros para reaproveitamento e resfriamento de \u00e1gua nas ind\u00fastrias foi o de&nbsp;torres de resfriamento sistema aberto. Esse sistema funciona de maneira simples, pois a \u00e1gua \u00e9 bombeada para o interior da torre e despejada pelo sistema de distribui\u00e7\u00e3o para o enchimento de contato, no qual o resfriamento ocorre e o processo enfim [&hellip;]\" \/>\n<meta property=\"og:url\" content=\"https:\/\/www.alfaterm.com.br\/en\/informacoes\/torres-resfriamento-sistema-aberto\/\" \/>\n<meta property=\"og:site_name\" content=\"Bem-vindo \u00e0 ALFATERM\" \/>\n<meta property=\"article:modified_time\" content=\"2024-09-09T08:29:32+00:00\" \/>\n<meta property=\"og:image\" content=\"https:\/\/www.alfaterm.com.br\/wp-content\/uploads\/2024\/09\/instalacao-torres-resfriamento.webp\" \/>\n\t<meta property=\"og:image:width\" content=\"800\" \/>\n\t<meta property=\"og:image:height\" content=\"524\" \/>\n\t<meta property=\"og:image:type\" content=\"image\/webp\" \/>\n<meta name=\"twitter:card\" content=\"summary_large_image\" \/>\n<meta name=\"twitter:label1\" content=\"Est. reading time\" \/>\n\t<meta name=\"twitter:data1\" content=\"2 minutes\" \/>\n<script type=\"application\/ld+json\" class=\"yoast-schema-graph\">{\"@context\":\"https:\/\/schema.org\",\"@graph\":[{\"@type\":\"WebPage\",\"@id\":\"https:\/\/www.alfaterm.com.br\/informacoes\/torres-resfriamento-sistema-aberto\/\",\"url\":\"https:\/\/www.alfaterm.com.br\/informacoes\/torres-resfriamento-sistema-aberto\/\",\"name\":\"Torres de resfriamento sistema aberto - Bem-vindo \u00e0 ALFATERM\",\"isPartOf\":{\"@id\":\"https:\/\/www.alfaterm.com.br\/#website\"},\"primaryImageOfPage\":{\"@id\":\"https:\/\/www.alfaterm.com.br\/informacoes\/torres-resfriamento-sistema-aberto\/#primaryimage\"},\"image\":{\"@id\":\"https:\/\/www.alfaterm.com.br\/informacoes\/torres-resfriamento-sistema-aberto\/#primaryimage\"},\"thumbnailUrl\":\"https:\/\/www.alfaterm.com.br\/wp-content\/uploads\/2024\/09\/instalacao-torres-resfriamento.webp\",\"datePublished\":\"2024-09-02T12:03:57+00:00\",\"dateModified\":\"2024-09-09T08:29:32+00:00\",\"breadcrumb\":{\"@id\":\"https:\/\/www.alfaterm.com.br\/informacoes\/torres-resfriamento-sistema-aberto\/#breadcrumb\"},\"inLanguage\":\"en-US\",\"potentialAction\":[{\"@type\":\"ReadAction\",\"target\":[\"https:\/\/www.alfaterm.com.br\/informacoes\/torres-resfriamento-sistema-aberto\/\"]}]},{\"@type\":\"ImageObject\",\"inLanguage\":\"en-US\",\"@id\":\"https:\/\/www.alfaterm.com.br\/informacoes\/torres-resfriamento-sistema-aberto\/#primaryimage\",\"url\":\"https:\/\/www.alfaterm.com.br\/wp-content\/uploads\/2024\/09\/instalacao-torres-resfriamento.webp\",\"contentUrl\":\"https:\/\/www.alfaterm.com.br\/wp-content\/uploads\/2024\/09\/instalacao-torres-resfriamento.webp\",\"width\":800,\"height\":524},{\"@type\":\"BreadcrumbList\",\"@id\":\"https:\/\/www.alfaterm.com.br\/informacoes\/torres-resfriamento-sistema-aberto\/#breadcrumb\",\"itemListElement\":[{\"@type\":\"ListItem\",\"position\":1,\"name\":\"Home\",\"item\":\"https:\/\/www.alfaterm.com.br\/\"},{\"@type\":\"ListItem\",\"position\":2,\"name\":\"Informa\u00e7\u00f5es\",\"item\":\"https:\/\/www.alfaterm.com.br\/informacoes\/\"},{\"@type\":\"ListItem\",\"position\":3,\"name\":\"Torres de resfriamento sistema aberto\"}]},{\"@type\":\"WebSite\",\"@id\":\"https:\/\/www.alfaterm.com.br\/#website\",\"url\":\"https:\/\/www.alfaterm.com.br\/\",\"name\":\"Bem-vindo \u00e0 ALFATERM\",\"description\":\"\",\"publisher\":{\"@id\":\"https:\/\/www.alfaterm.com.br\/#organization\"},\"potentialAction\":[{\"@type\":\"SearchAction\",\"target\":{\"@type\":\"EntryPoint\",\"urlTemplate\":\"https:\/\/www.alfaterm.com.br\/?s={search_term_string}\"},\"query-input\":{\"@type\":\"PropertyValueSpecification\",\"valueRequired\":true,\"valueName\":\"search_term_string\"}}],\"inLanguage\":\"en-US\"},{\"@type\":\"Organization\",\"@id\":\"https:\/\/www.alfaterm.com.br\/#organization\",\"name\":\"Bem-vindo \u00e0 ALFATERM\",\"url\":\"https:\/\/www.alfaterm.com.br\/\",\"logo\":{\"@type\":\"ImageObject\",\"inLanguage\":\"en-US\",\"@id\":\"https:\/\/www.alfaterm.com.br\/#\/schema\/logo\/image\/\",\"url\":\"https:\/\/www.alfaterm.com.br\/wp-content\/uploads\/2024\/07\/logo-alfaterm.png\",\"contentUrl\":\"https:\/\/www.alfaterm.com.br\/wp-content\/uploads\/2024\/07\/logo-alfaterm.png\",\"width\":393,\"height\":45,\"caption\":\"Bem-vindo \u00e0 ALFATERM\"},\"image\":{\"@id\":\"https:\/\/www.alfaterm.com.br\/#\/schema\/logo\/image\/\"}}]}<\/script>\n<!-- \/ Yoast SEO Premium plugin. -->","yoast_head_json":{"title":"Torres de resfriamento sistema aberto - Bem-vindo \u00e0 ALFATERM","robots":{"index":"index","follow":"follow","max-snippet":"max-snippet:-1","max-image-preview":"max-image-preview:large","max-video-preview":"max-video-preview:-1"},"canonical":"https:\/\/www.alfaterm.com.br\/en\/informacoes\/torres-resfriamento-sistema-aberto\/","og_locale":"en_US","og_type":"article","og_title":"Torres de resfriamento sistema aberto","og_description":"Um dos sistemas pioneiros para reaproveitamento e resfriamento de \u00e1gua nas ind\u00fastrias foi o de&nbsp;torres de resfriamento sistema aberto. Esse sistema funciona de maneira simples, pois a \u00e1gua \u00e9 bombeada para o interior da torre e despejada pelo sistema de distribui\u00e7\u00e3o para o enchimento de contato, no qual o resfriamento ocorre e o processo enfim [&hellip;]","og_url":"https:\/\/www.alfaterm.com.br\/en\/informacoes\/torres-resfriamento-sistema-aberto\/","og_site_name":"Bem-vindo \u00e0 ALFATERM","article_modified_time":"2024-09-09T08:29:32+00:00","og_image":[{"width":800,"height":524,"url":"https:\/\/www.alfaterm.com.br\/wp-content\/uploads\/2024\/09\/instalacao-torres-resfriamento.webp","type":"image\/webp"}],"twitter_card":"summary_large_image","twitter_misc":{"Est. reading time":"2 minutes"},"schema":{"@context":"https:\/\/schema.org","@graph":[{"@type":"WebPage","@id":"https:\/\/www.alfaterm.com.br\/informacoes\/torres-resfriamento-sistema-aberto\/","url":"https:\/\/www.alfaterm.com.br\/informacoes\/torres-resfriamento-sistema-aberto\/","name":"Torres de resfriamento sistema aberto - Bem-vindo \u00e0 ALFATERM","isPartOf":{"@id":"https:\/\/www.alfaterm.com.br\/#website"},"primaryImageOfPage":{"@id":"https:\/\/www.alfaterm.com.br\/informacoes\/torres-resfriamento-sistema-aberto\/#primaryimage"},"image":{"@id":"https:\/\/www.alfaterm.com.br\/informacoes\/torres-resfriamento-sistema-aberto\/#primaryimage"},"thumbnailUrl":"https:\/\/www.alfaterm.com.br\/wp-content\/uploads\/2024\/09\/instalacao-torres-resfriamento.webp","datePublished":"2024-09-02T12:03:57+00:00","dateModified":"2024-09-09T08:29:32+00:00","breadcrumb":{"@id":"https:\/\/www.alfaterm.com.br\/informacoes\/torres-resfriamento-sistema-aberto\/#breadcrumb"},"inLanguage":"en-US","potentialAction":[{"@type":"ReadAction","target":["https:\/\/www.alfaterm.com.br\/informacoes\/torres-resfriamento-sistema-aberto\/"]}]},{"@type":"ImageObject","inLanguage":"en-US","@id":"https:\/\/www.alfaterm.com.br\/informacoes\/torres-resfriamento-sistema-aberto\/#primaryimage","url":"https:\/\/www.alfaterm.com.br\/wp-content\/uploads\/2024\/09\/instalacao-torres-resfriamento.webp","contentUrl":"https:\/\/www.alfaterm.com.br\/wp-content\/uploads\/2024\/09\/instalacao-torres-resfriamento.webp","width":800,"height":524},{"@type":"BreadcrumbList","@id":"https:\/\/www.alfaterm.com.br\/informacoes\/torres-resfriamento-sistema-aberto\/#breadcrumb","itemListElement":[{"@type":"ListItem","position":1,"name":"Home","item":"https:\/\/www.alfaterm.com.br\/"},{"@type":"ListItem","position":2,"name":"Informa\u00e7\u00f5es","item":"https:\/\/www.alfaterm.com.br\/informacoes\/"},{"@type":"ListItem","position":3,"name":"Torres de resfriamento sistema aberto"}]},{"@type":"WebSite","@id":"https:\/\/www.alfaterm.com.br\/#website","url":"https:\/\/www.alfaterm.com.br\/","name":"Bem-vindo \u00e0 ALFATERM","description":"","publisher":{"@id":"https:\/\/www.alfaterm.com.br\/#organization"},"potentialAction":[{"@type":"SearchAction","target":{"@type":"EntryPoint","urlTemplate":"https:\/\/www.alfaterm.com.br\/?s={search_term_string}"},"query-input":{"@type":"PropertyValueSpecification","valueRequired":true,"valueName":"search_term_string"}}],"inLanguage":"en-US"},{"@type":"Organization","@id":"https:\/\/www.alfaterm.com.br\/#organization","name":"Bem-vindo \u00e0 ALFATERM","url":"https:\/\/www.alfaterm.com.br\/","logo":{"@type":"ImageObject","inLanguage":"en-US","@id":"https:\/\/www.alfaterm.com.br\/#\/schema\/logo\/image\/","url":"https:\/\/www.alfaterm.com.br\/wp-content\/uploads\/2024\/07\/logo-alfaterm.png","contentUrl":"https:\/\/www.alfaterm.com.br\/wp-content\/uploads\/2024\/07\/logo-alfaterm.png","width":393,"height":45,"caption":"Bem-vindo \u00e0 ALFATERM"},"image":{"@id":"https:\/\/www.alfaterm.com.br\/#\/schema\/logo\/image\/"}}]}},"_links":{"self":[{"href":"https:\/\/www.alfaterm.com.br\/en\/wp-json\/wp\/v2\/pages\/2323","targetHints":{"allow":["GET"]}}],"collection":[{"href":"https:\/\/www.alfaterm.com.br\/en\/wp-json\/wp\/v2\/pages"}],"about":[{"href":"https:\/\/www.alfaterm.com.br\/en\/wp-json\/wp\/v2\/types\/page"}],"author":[{"embeddable":true,"href":"https:\/\/www.alfaterm.com.br\/en\/wp-json\/wp\/v2\/users\/1"}],"replies":[{"embeddable":true,"href":"https:\/\/www.alfaterm.com.br\/en\/wp-json\/wp\/v2\/comments?post=2323"}],"version-history":[{"count":0,"href":"https:\/\/www.alfaterm.com.br\/en\/wp-json\/wp\/v2\/pages\/2323\/revisions"}],"up":[{"embeddable":true,"href":"https:\/\/www.alfaterm.com.br\/en\/wp-json\/wp\/v2\/pages\/2144"}],"wp:featuredmedia":[{"embeddable":true,"href":"https:\/\/www.alfaterm.com.br\/en\/wp-json\/wp\/v2\/media\/2256"}],"wp:attachment":[{"href":"https:\/\/www.alfaterm.com.br\/en\/wp-json\/wp\/v2\/media?parent=2323"}],"curies":[{"name":"wp","href":"https:\/\/api.w.org\/{rel}","templated":true}]}}