{"id":2303,"date":"2024-09-02T08:53:14","date_gmt":"2024-09-02T11:53:14","guid":{"rendered":"https:\/\/www.alfaterm.com.br\/?page_id=2303"},"modified":"2024-09-09T05:27:36","modified_gmt":"2024-09-09T08:27:36","slug":"torre-resfriamento-maquina-sorvete","status":"publish","type":"page","link":"https:\/\/www.alfaterm.com.br\/en\/informacoes\/torre-resfriamento-maquina-sorvete\/","title":{"rendered":"Torre de resfriamento para m\u00e1quina de sorvete"},"content":{"rendered":"<p>A&nbsp;torre de resfriamento para m\u00e1quina de sorvete&nbsp;\u00e9 um equipamento utilizado desde a Revolu\u00e7\u00e3o Industrial, devido ao in\u00edcio da automatiza\u00e7\u00e3o dos processos produtivos..<\/p>\n\n\n\n<p>Principalmente no Brasil, um pa\u00eds tropical, a preocupa\u00e7\u00e3o com a qualidade dos sorvetes \u00e9 muito grande. N\u00e3o se pode deixar que ele perca sua consist\u00eancia devido ao calor, para isso, e para manter a qualidade do produto, os fabricantes utilizam a&nbsp;torre de resfriamento para m\u00e1quina de sorvete, que deve estar de acordo com as normas exigidas pelo mercado e possuir desempenho adequado para cada cliente.<\/p>\n\n\n\n<p>Normalmente, \u00e9 produzida em fibra de vidro, possuindo, em a\u00e7o inoxid\u00e1vel o suporte para o motor e a base de sustenta\u00e7\u00e3o.<\/p>\n\n\n\n<h2 class=\"wp-block-heading\">VANTAGENS DA TORRE DE RESFRIAMENTO PARA M\u00c1QUINA DE SORVETE<\/h2>\n\n\n\n<p>A principal vantagem de se ter uma&nbsp;torre de resfriamento para m\u00e1quina de sorvete&nbsp;\u00e9 a de manter suas caracter\u00edsticas e a textura do sorvete produzido para que chegue ao cliente com todas as qualidades utilizadas na fabrica\u00e7\u00e3o.<\/p>\n\n\n\n<p>Al\u00e9m disso, sua manuten\u00e7\u00e3o \u00e9 f\u00e1cil, possui uma vida \u00fatil elevada e seu custo operacional \u00e9 baixo.<\/p>\n\n\n\n<p>Outra vantagem da&nbsp;torre de resfriamento para m\u00e1quina de sorvete&nbsp;\u00e9 o baixo consumo de \u00e1gua e energia el\u00e9trica al\u00e9m de possuir baixo n\u00edvel de ru\u00eddo e vibra\u00e7\u00e3o.<\/p>\n\n\n\n<p>Mais uma vantagem da&nbsp;torre de resfriamento para m\u00e1quina de sorvete&nbsp;\u00e9 a exist\u00eancia de diferentes modelos com especifica\u00e7\u00f5es para cada tipo de ambiente, no qual s\u00e3o considerados a capacidade de produ\u00e7\u00e3o e o espa\u00e7o do estabelecimento. S\u00e3o classificadas em s\u00e9ries, sendo 40, R, Q e B. Assim sendo, cada cliente pode ser contemplado de acordo com a sua necessidade.<\/p>\n\n\n\n<h2 class=\"wp-block-heading\">ALFATERM IND\u00daSTRIA E COM\u00c9RCIO LTDA. \u2013 A MELHOR TORRE DE RESFRIAMENTO PARA M\u00c1QUINA DE SORVETE<\/h2>\n\n\n\n<p>A ALFATERM Ind\u00fastria e Com\u00e9rcio Ltda. \u00e9 uma empresa que j\u00e1 est\u00e1 h\u00e1 mais de 30 anos no mercado, atua em todo territ\u00f3rio nacional, inclusive na Am\u00e9rica Latina.<\/p>\n\n\n\n<p>\u00c9 uma empresa altamente qualificada na fabrica\u00e7\u00e3o e instala\u00e7\u00e3o de&nbsp;torre de resfriamento para m\u00e1quina de sorvete, pois possui a certifica\u00e7\u00e3o do Sistema Integrado Gestec \u2013 ISO 9001 (Gest\u00e3o da Qualidade), ISO&nbsp; 14001 (Gest\u00e3o Ambiental) e OSHAS 18001 (Gest\u00e3o da Seguran\u00e7a e Sa\u00fade Ocupacional) \u2013 o que s\u00e3o poucas empresas no Brasil que possuem.<\/p>\n\n\n\n<h2 class=\"wp-block-heading\">Para saber mais sobre Assist\u00eancia t\u00e9cnica em torres de resfriar<\/h2>\n\n\n\n<p>Ligue para&nbsp;<strong>11 4156-8930<\/strong>&nbsp;ou&nbsp;<a href=\"https:\/\/www.alfaterm.com.br\/en\/contact\/\">clique aqui<\/a>&nbsp;e entre em contato por email.<\/p>","protected":false},"excerpt":{"rendered":"<p>A&nbsp;torre de resfriamento para m\u00e1quina de sorvete&nbsp;\u00e9 um equipamento utilizado desde a Revolu\u00e7\u00e3o Industrial, devido ao in\u00edcio da automatiza\u00e7\u00e3o dos processos produtivos.. Principalmente no Brasil, um pa\u00eds tropical, a preocupa\u00e7\u00e3o com a qualidade dos sorvetes \u00e9 muito grande. N\u00e3o se pode deixar que ele perca sua consist\u00eancia devido ao calor, para isso, e para manter [&hellip;]<\/p>","protected":false},"author":1,"featured_media":2227,"parent":2144,"menu_order":0,"comment_status":"closed","ping_status":"closed","template":"","meta":{"_acf_changed":false,"_joinchat":[],"footnotes":""},"class_list":["post-2303","page","type-page","status-publish","has-post-thumbnail","hentry"],"acf":[],"yoast_head":"<!-- This site is optimized with the Yoast SEO Premium plugin v23.4 (Yoast SEO v27.1.1) - https:\/\/yoast.com\/product\/yoast-seo-premium-wordpress\/ -->\n<title>Torre de resfriamento para m\u00e1quina de sorvete - Bem-vindo \u00e0 ALFATERM<\/title>\n<meta name=\"robots\" content=\"index, follow, max-snippet:-1, max-image-preview:large, max-video-preview:-1\" \/>\n<link rel=\"canonical\" href=\"https:\/\/www.alfaterm.com.br\/en\/informacoes\/torre-resfriamento-maquina-sorvete\/\" \/>\n<meta property=\"og:locale\" content=\"en_US\" \/>\n<meta property=\"og:type\" content=\"article\" \/>\n<meta property=\"og:title\" content=\"Torre de resfriamento para m\u00e1quina de sorvete\" \/>\n<meta property=\"og:description\" content=\"A&nbsp;torre de resfriamento para m\u00e1quina de sorvete&nbsp;\u00e9 um equipamento utilizado desde a Revolu\u00e7\u00e3o Industrial, devido ao in\u00edcio da automatiza\u00e7\u00e3o dos processos produtivos.. Principalmente no Brasil, um pa\u00eds tropical, a preocupa\u00e7\u00e3o com a qualidade dos sorvetes \u00e9 muito grande. N\u00e3o se pode deixar que ele perca sua consist\u00eancia devido ao calor, para isso, e para manter [&hellip;]\" \/>\n<meta property=\"og:url\" content=\"https:\/\/www.alfaterm.com.br\/en\/informacoes\/torre-resfriamento-maquina-sorvete\/\" \/>\n<meta property=\"og:site_name\" content=\"Bem-vindo \u00e0 ALFATERM\" \/>\n<meta property=\"article:modified_time\" content=\"2024-09-09T08:27:36+00:00\" \/>\n<meta property=\"og:image\" content=\"https:\/\/www.alfaterm.com.br\/wp-content\/uploads\/2024\/09\/comercio-torre-resfriamento.webp\" \/>\n\t<meta property=\"og:image:width\" content=\"446\" \/>\n\t<meta property=\"og:image:height\" content=\"793\" \/>\n\t<meta property=\"og:image:type\" content=\"image\/webp\" \/>\n<meta name=\"twitter:card\" content=\"summary_large_image\" \/>\n<meta name=\"twitter:label1\" content=\"Est. reading time\" \/>\n\t<meta name=\"twitter:data1\" content=\"2 minutes\" \/>\n<script type=\"application\/ld+json\" class=\"yoast-schema-graph\">{\"@context\":\"https:\/\/schema.org\",\"@graph\":[{\"@type\":\"WebPage\",\"@id\":\"https:\/\/www.alfaterm.com.br\/informacoes\/torre-resfriamento-maquina-sorvete\/\",\"url\":\"https:\/\/www.alfaterm.com.br\/informacoes\/torre-resfriamento-maquina-sorvete\/\",\"name\":\"Torre de resfriamento para m\u00e1quina de sorvete - Bem-vindo \u00e0 ALFATERM\",\"isPartOf\":{\"@id\":\"https:\/\/www.alfaterm.com.br\/#website\"},\"primaryImageOfPage\":{\"@id\":\"https:\/\/www.alfaterm.com.br\/informacoes\/torre-resfriamento-maquina-sorvete\/#primaryimage\"},\"image\":{\"@id\":\"https:\/\/www.alfaterm.com.br\/informacoes\/torre-resfriamento-maquina-sorvete\/#primaryimage\"},\"thumbnailUrl\":\"https:\/\/www.alfaterm.com.br\/wp-content\/uploads\/2024\/09\/comercio-torre-resfriamento.webp\",\"datePublished\":\"2024-09-02T11:53:14+00:00\",\"dateModified\":\"2024-09-09T08:27:36+00:00\",\"breadcrumb\":{\"@id\":\"https:\/\/www.alfaterm.com.br\/informacoes\/torre-resfriamento-maquina-sorvete\/#breadcrumb\"},\"inLanguage\":\"en-US\",\"potentialAction\":[{\"@type\":\"ReadAction\",\"target\":[\"https:\/\/www.alfaterm.com.br\/informacoes\/torre-resfriamento-maquina-sorvete\/\"]}]},{\"@type\":\"ImageObject\",\"inLanguage\":\"en-US\",\"@id\":\"https:\/\/www.alfaterm.com.br\/informacoes\/torre-resfriamento-maquina-sorvete\/#primaryimage\",\"url\":\"https:\/\/www.alfaterm.com.br\/wp-content\/uploads\/2024\/09\/comercio-torre-resfriamento.webp\",\"contentUrl\":\"https:\/\/www.alfaterm.com.br\/wp-content\/uploads\/2024\/09\/comercio-torre-resfriamento.webp\",\"width\":446,\"height\":793},{\"@type\":\"BreadcrumbList\",\"@id\":\"https:\/\/www.alfaterm.com.br\/informacoes\/torre-resfriamento-maquina-sorvete\/#breadcrumb\",\"itemListElement\":[{\"@type\":\"ListItem\",\"position\":1,\"name\":\"Home\",\"item\":\"https:\/\/www.alfaterm.com.br\/\"},{\"@type\":\"ListItem\",\"position\":2,\"name\":\"Informa\u00e7\u00f5es\",\"item\":\"https:\/\/www.alfaterm.com.br\/informacoes\/\"},{\"@type\":\"ListItem\",\"position\":3,\"name\":\"Torre de resfriamento para m\u00e1quina de sorvete\"}]},{\"@type\":\"WebSite\",\"@id\":\"https:\/\/www.alfaterm.com.br\/#website\",\"url\":\"https:\/\/www.alfaterm.com.br\/\",\"name\":\"Bem-vindo \u00e0 ALFATERM\",\"description\":\"\",\"publisher\":{\"@id\":\"https:\/\/www.alfaterm.com.br\/#organization\"},\"potentialAction\":[{\"@type\":\"SearchAction\",\"target\":{\"@type\":\"EntryPoint\",\"urlTemplate\":\"https:\/\/www.alfaterm.com.br\/?s={search_term_string}\"},\"query-input\":{\"@type\":\"PropertyValueSpecification\",\"valueRequired\":true,\"valueName\":\"search_term_string\"}}],\"inLanguage\":\"en-US\"},{\"@type\":\"Organization\",\"@id\":\"https:\/\/www.alfaterm.com.br\/#organization\",\"name\":\"Bem-vindo \u00e0 ALFATERM\",\"url\":\"https:\/\/www.alfaterm.com.br\/\",\"logo\":{\"@type\":\"ImageObject\",\"inLanguage\":\"en-US\",\"@id\":\"https:\/\/www.alfaterm.com.br\/#\/schema\/logo\/image\/\",\"url\":\"https:\/\/www.alfaterm.com.br\/wp-content\/uploads\/2024\/07\/logo-alfaterm.png\",\"contentUrl\":\"https:\/\/www.alfaterm.com.br\/wp-content\/uploads\/2024\/07\/logo-alfaterm.png\",\"width\":393,\"height\":45,\"caption\":\"Bem-vindo \u00e0 ALFATERM\"},\"image\":{\"@id\":\"https:\/\/www.alfaterm.com.br\/#\/schema\/logo\/image\/\"}}]}<\/script>\n<!-- \/ Yoast SEO Premium plugin. -->","yoast_head_json":{"title":"Torre de resfriamento para m\u00e1quina de sorvete - Bem-vindo \u00e0 ALFATERM","robots":{"index":"index","follow":"follow","max-snippet":"max-snippet:-1","max-image-preview":"max-image-preview:large","max-video-preview":"max-video-preview:-1"},"canonical":"https:\/\/www.alfaterm.com.br\/en\/informacoes\/torre-resfriamento-maquina-sorvete\/","og_locale":"en_US","og_type":"article","og_title":"Torre de resfriamento para m\u00e1quina de sorvete","og_description":"A&nbsp;torre de resfriamento para m\u00e1quina de sorvete&nbsp;\u00e9 um equipamento utilizado desde a Revolu\u00e7\u00e3o Industrial, devido ao in\u00edcio da automatiza\u00e7\u00e3o dos processos produtivos.. Principalmente no Brasil, um pa\u00eds tropical, a preocupa\u00e7\u00e3o com a qualidade dos sorvetes \u00e9 muito grande. N\u00e3o se pode deixar que ele perca sua consist\u00eancia devido ao calor, para isso, e para manter [&hellip;]","og_url":"https:\/\/www.alfaterm.com.br\/en\/informacoes\/torre-resfriamento-maquina-sorvete\/","og_site_name":"Bem-vindo \u00e0 ALFATERM","article_modified_time":"2024-09-09T08:27:36+00:00","og_image":[{"width":446,"height":793,"url":"https:\/\/www.alfaterm.com.br\/wp-content\/uploads\/2024\/09\/comercio-torre-resfriamento.webp","type":"image\/webp"}],"twitter_card":"summary_large_image","twitter_misc":{"Est. reading time":"2 minutes"},"schema":{"@context":"https:\/\/schema.org","@graph":[{"@type":"WebPage","@id":"https:\/\/www.alfaterm.com.br\/informacoes\/torre-resfriamento-maquina-sorvete\/","url":"https:\/\/www.alfaterm.com.br\/informacoes\/torre-resfriamento-maquina-sorvete\/","name":"Torre de resfriamento para m\u00e1quina de sorvete - Bem-vindo \u00e0 ALFATERM","isPartOf":{"@id":"https:\/\/www.alfaterm.com.br\/#website"},"primaryImageOfPage":{"@id":"https:\/\/www.alfaterm.com.br\/informacoes\/torre-resfriamento-maquina-sorvete\/#primaryimage"},"image":{"@id":"https:\/\/www.alfaterm.com.br\/informacoes\/torre-resfriamento-maquina-sorvete\/#primaryimage"},"thumbnailUrl":"https:\/\/www.alfaterm.com.br\/wp-content\/uploads\/2024\/09\/comercio-torre-resfriamento.webp","datePublished":"2024-09-02T11:53:14+00:00","dateModified":"2024-09-09T08:27:36+00:00","breadcrumb":{"@id":"https:\/\/www.alfaterm.com.br\/informacoes\/torre-resfriamento-maquina-sorvete\/#breadcrumb"},"inLanguage":"en-US","potentialAction":[{"@type":"ReadAction","target":["https:\/\/www.alfaterm.com.br\/informacoes\/torre-resfriamento-maquina-sorvete\/"]}]},{"@type":"ImageObject","inLanguage":"en-US","@id":"https:\/\/www.alfaterm.com.br\/informacoes\/torre-resfriamento-maquina-sorvete\/#primaryimage","url":"https:\/\/www.alfaterm.com.br\/wp-content\/uploads\/2024\/09\/comercio-torre-resfriamento.webp","contentUrl":"https:\/\/www.alfaterm.com.br\/wp-content\/uploads\/2024\/09\/comercio-torre-resfriamento.webp","width":446,"height":793},{"@type":"BreadcrumbList","@id":"https:\/\/www.alfaterm.com.br\/informacoes\/torre-resfriamento-maquina-sorvete\/#breadcrumb","itemListElement":[{"@type":"ListItem","position":1,"name":"Home","item":"https:\/\/www.alfaterm.com.br\/"},{"@type":"ListItem","position":2,"name":"Informa\u00e7\u00f5es","item":"https:\/\/www.alfaterm.com.br\/informacoes\/"},{"@type":"ListItem","position":3,"name":"Torre de resfriamento para m\u00e1quina de sorvete"}]},{"@type":"WebSite","@id":"https:\/\/www.alfaterm.com.br\/#website","url":"https:\/\/www.alfaterm.com.br\/","name":"Bem-vindo \u00e0 ALFATERM","description":"","publisher":{"@id":"https:\/\/www.alfaterm.com.br\/#organization"},"potentialAction":[{"@type":"SearchAction","target":{"@type":"EntryPoint","urlTemplate":"https:\/\/www.alfaterm.com.br\/?s={search_term_string}"},"query-input":{"@type":"PropertyValueSpecification","valueRequired":true,"valueName":"search_term_string"}}],"inLanguage":"en-US"},{"@type":"Organization","@id":"https:\/\/www.alfaterm.com.br\/#organization","name":"Bem-vindo \u00e0 ALFATERM","url":"https:\/\/www.alfaterm.com.br\/","logo":{"@type":"ImageObject","inLanguage":"en-US","@id":"https:\/\/www.alfaterm.com.br\/#\/schema\/logo\/image\/","url":"https:\/\/www.alfaterm.com.br\/wp-content\/uploads\/2024\/07\/logo-alfaterm.png","contentUrl":"https:\/\/www.alfaterm.com.br\/wp-content\/uploads\/2024\/07\/logo-alfaterm.png","width":393,"height":45,"caption":"Bem-vindo \u00e0 ALFATERM"},"image":{"@id":"https:\/\/www.alfaterm.com.br\/#\/schema\/logo\/image\/"}}]}},"_links":{"self":[{"href":"https:\/\/www.alfaterm.com.br\/en\/wp-json\/wp\/v2\/pages\/2303","targetHints":{"allow":["GET"]}}],"collection":[{"href":"https:\/\/www.alfaterm.com.br\/en\/wp-json\/wp\/v2\/pages"}],"about":[{"href":"https:\/\/www.alfaterm.com.br\/en\/wp-json\/wp\/v2\/types\/page"}],"author":[{"embeddable":true,"href":"https:\/\/www.alfaterm.com.br\/en\/wp-json\/wp\/v2\/users\/1"}],"replies":[{"embeddable":true,"href":"https:\/\/www.alfaterm.com.br\/en\/wp-json\/wp\/v2\/comments?post=2303"}],"version-history":[{"count":0,"href":"https:\/\/www.alfaterm.com.br\/en\/wp-json\/wp\/v2\/pages\/2303\/revisions"}],"up":[{"embeddable":true,"href":"https:\/\/www.alfaterm.com.br\/en\/wp-json\/wp\/v2\/pages\/2144"}],"wp:featuredmedia":[{"embeddable":true,"href":"https:\/\/www.alfaterm.com.br\/en\/wp-json\/wp\/v2\/media\/2227"}],"wp:attachment":[{"href":"https:\/\/www.alfaterm.com.br\/en\/wp-json\/wp\/v2\/media?parent=2303"}],"curies":[{"name":"wp","href":"https:\/\/api.w.org\/{rel}","templated":true}]}}