{"id":2302,"date":"2024-09-02T08:52:26","date_gmt":"2024-09-02T11:52:26","guid":{"rendered":"https:\/\/www.alfaterm.com.br\/?page_id=2302"},"modified":"2024-09-09T05:19:15","modified_gmt":"2024-09-09T08:19:15","slug":"torre-resfriamento-extrusora","status":"publish","type":"page","link":"https:\/\/www.alfaterm.com.br\/en\/informacoes\/torre-resfriamento-extrusora\/","title":{"rendered":"Torre de resfriamento para extrusora"},"content":{"rendered":"<p>Em diversos segmentos do mercado, o maquin\u00e1rio precisa ser resfriado devido ao calor gerado em seus processos e para fazer o resfriamento da \u00e1gua industrial, \u00e9 necess\u00e1rio a&nbsp;torre de resfriamento para extrusora.<\/p>\n\n\n\n<p>O processo de resfriamento de \u00e1gua feito pela&nbsp;torre de resfriamento para extrusora&nbsp;consiste, sobretudo, no reaproveitamento da \u00e1gua utilizada em processos industriais, evitando assim que a mesma n\u00e3o seja descartada e n\u00e3o haja uma maior contribui\u00e7\u00e3o para o desperd\u00edcio.<\/p>\n\n\n\n<p>O funcionamento de uma&nbsp;torre de resfriamento para extrusora&nbsp;deve levar em conta alguns fatores, como por exemplo a temperatura da \u00e1gua de resfriamento, que influencia diretamente no funcionamento da torre.<\/p>\n\n\n\n<p>Outro fator que influ\u00eancia na escolha da formata\u00e7\u00e3o da&nbsp;torre de resfriamento para extrusora&nbsp;s\u00e3o as caracter\u00edsticas da \u00e1gua a ser tratada e as propriedades dos s\u00f3lidos que se encontram nela, pois o material de uma pe\u00e7a muito importante que comp\u00f5em a torre, o enchimento, \u00e9 escolhido a partir desses aspectos da \u00e1gua.<\/p>\n\n\n\n<h2 class=\"wp-block-heading\">TIPOS DE TORRE DE RESFRIAMENTO PARA EXTRUSORA<\/h2>\n\n\n\n<p>A&nbsp;torre de resfriamento para extrusora&nbsp;tem duas op\u00e7\u00f5es de formata\u00e7\u00e3o: com circuito aberto e com circuito fechado. A mais utilizada para m\u00e1quina do tipo extrusoras s\u00e3o as torres com circuito aberto.<\/p>\n\n\n\n<p>Tendo como caracter\u00edstica a t\u00e9cnica de insuflamento de ar, a&nbsp;torre de resfriamento para extrusora&nbsp;s\u00e3o compactas, de f\u00e1cil manuten\u00e7\u00e3o e instala\u00e7\u00e3o.<\/p>\n\n\n\n<p>Produto fabricado para resfriar \u00e1gua industrial em circuito aberto por meio de passagem de ar em enchimento feito em contracorrente, o sistema da&nbsp;torre de resfriamento para extrusora&nbsp;de circuito aberto reduz a perda de \u00e1gua atrav\u00e9s da evapora\u00e7\u00e3o e do arraste, diminuindo consideravelmente a necessidade de reposi\u00e7\u00e3o. A torre de resfriamento em circuito fechado por outro lado, \u00e9 mais eficiente no combate \u00e0 contamina\u00e7\u00e3o da \u00e1gua por agentes externos.<\/p>\n\n\n\n<h2 class=\"wp-block-heading\">EMPRESA QUE S\u00d3 CRESCE NO RAMO DO RESFRIAMENTO<\/h2>\n\n\n\n<p>A ALFATERM Ind\u00fastria e Com\u00e9rcio LTDA surgiu no mercado h\u00e1 mais de 30 anos, com o objetivo de projetar, fabricar e fazer a manuten\u00e7\u00e3o de torres de resfriamento de \u00e1gua.<\/p>\n\n\n\n<p>A empresa se consolidou sendo eficiente e apta a atender e oferecer solu\u00e7\u00f5es ao cliente, com a maior qualidade a se encontrar na \u00e1rea. Contando com certifica\u00e7\u00e3o em um Sistema Integrado de Gest\u00e3o (SIG), foi inovadora ao ser primeira do ramo a receber esse pr\u00eamio.<\/p>\n\n\n\n<h2 class=\"wp-block-heading\">Para saber mais sobre Assist\u00eancia t\u00e9cnica em torres de resfriar<\/h2>\n\n\n\n<p>Ligue para&nbsp;<strong>11 4156-8930<\/strong>&nbsp;ou&nbsp;<a href=\"https:\/\/www.alfaterm.com.br\/en\/contact\/\">clique aqui<\/a>&nbsp;e entre em contato por email.<\/p>","protected":false},"excerpt":{"rendered":"<p>Em diversos segmentos do mercado, o maquin\u00e1rio precisa ser resfriado devido ao calor gerado em seus processos e para fazer o resfriamento da \u00e1gua industrial, \u00e9 necess\u00e1rio a&nbsp;torre de resfriamento para extrusora. O processo de resfriamento de \u00e1gua feito pela&nbsp;torre de resfriamento para extrusora&nbsp;consiste, sobretudo, no reaproveitamento da \u00e1gua utilizada em processos industriais, evitando assim [&hellip;]<\/p>","protected":false},"author":1,"featured_media":2227,"parent":2144,"menu_order":0,"comment_status":"closed","ping_status":"closed","template":"","meta":{"_acf_changed":false,"_joinchat":[],"footnotes":""},"class_list":["post-2302","page","type-page","status-publish","has-post-thumbnail","hentry"],"acf":[],"yoast_head":"<!-- This site is optimized with the Yoast SEO Premium plugin v23.4 (Yoast SEO v27.1.1) - https:\/\/yoast.com\/product\/yoast-seo-premium-wordpress\/ -->\n<title>Torre de resfriamento para extrusora - Bem-vindo \u00e0 ALFATERM<\/title>\n<meta name=\"robots\" content=\"index, follow, max-snippet:-1, max-image-preview:large, max-video-preview:-1\" \/>\n<link rel=\"canonical\" href=\"https:\/\/www.alfaterm.com.br\/en\/informacoes\/torre-resfriamento-extrusora\/\" \/>\n<meta property=\"og:locale\" content=\"en_US\" \/>\n<meta property=\"og:type\" content=\"article\" \/>\n<meta property=\"og:title\" content=\"Torre de resfriamento para extrusora\" \/>\n<meta property=\"og:description\" content=\"Em diversos segmentos do mercado, o maquin\u00e1rio precisa ser resfriado devido ao calor gerado em seus processos e para fazer o resfriamento da \u00e1gua industrial, \u00e9 necess\u00e1rio a&nbsp;torre de resfriamento para extrusora. O processo de resfriamento de \u00e1gua feito pela&nbsp;torre de resfriamento para extrusora&nbsp;consiste, sobretudo, no reaproveitamento da \u00e1gua utilizada em processos industriais, evitando assim [&hellip;]\" \/>\n<meta property=\"og:url\" content=\"https:\/\/www.alfaterm.com.br\/en\/informacoes\/torre-resfriamento-extrusora\/\" \/>\n<meta property=\"og:site_name\" content=\"Bem-vindo \u00e0 ALFATERM\" \/>\n<meta property=\"article:modified_time\" content=\"2024-09-09T08:19:15+00:00\" \/>\n<meta property=\"og:image\" content=\"https:\/\/www.alfaterm.com.br\/wp-content\/uploads\/2024\/09\/comercio-torre-resfriamento.webp\" \/>\n\t<meta property=\"og:image:width\" content=\"446\" \/>\n\t<meta property=\"og:image:height\" content=\"793\" \/>\n\t<meta property=\"og:image:type\" content=\"image\/webp\" \/>\n<meta name=\"twitter:card\" content=\"summary_large_image\" \/>\n<meta name=\"twitter:label1\" content=\"Est. reading time\" \/>\n\t<meta name=\"twitter:data1\" content=\"2 minutes\" \/>\n<script type=\"application\/ld+json\" class=\"yoast-schema-graph\">{\"@context\":\"https:\/\/schema.org\",\"@graph\":[{\"@type\":\"WebPage\",\"@id\":\"https:\/\/www.alfaterm.com.br\/informacoes\/torre-resfriamento-extrusora\/\",\"url\":\"https:\/\/www.alfaterm.com.br\/informacoes\/torre-resfriamento-extrusora\/\",\"name\":\"Torre de resfriamento para extrusora - Bem-vindo \u00e0 ALFATERM\",\"isPartOf\":{\"@id\":\"https:\/\/www.alfaterm.com.br\/#website\"},\"primaryImageOfPage\":{\"@id\":\"https:\/\/www.alfaterm.com.br\/informacoes\/torre-resfriamento-extrusora\/#primaryimage\"},\"image\":{\"@id\":\"https:\/\/www.alfaterm.com.br\/informacoes\/torre-resfriamento-extrusora\/#primaryimage\"},\"thumbnailUrl\":\"https:\/\/www.alfaterm.com.br\/wp-content\/uploads\/2024\/09\/comercio-torre-resfriamento.webp\",\"datePublished\":\"2024-09-02T11:52:26+00:00\",\"dateModified\":\"2024-09-09T08:19:15+00:00\",\"breadcrumb\":{\"@id\":\"https:\/\/www.alfaterm.com.br\/informacoes\/torre-resfriamento-extrusora\/#breadcrumb\"},\"inLanguage\":\"en-US\",\"potentialAction\":[{\"@type\":\"ReadAction\",\"target\":[\"https:\/\/www.alfaterm.com.br\/informacoes\/torre-resfriamento-extrusora\/\"]}]},{\"@type\":\"ImageObject\",\"inLanguage\":\"en-US\",\"@id\":\"https:\/\/www.alfaterm.com.br\/informacoes\/torre-resfriamento-extrusora\/#primaryimage\",\"url\":\"https:\/\/www.alfaterm.com.br\/wp-content\/uploads\/2024\/09\/comercio-torre-resfriamento.webp\",\"contentUrl\":\"https:\/\/www.alfaterm.com.br\/wp-content\/uploads\/2024\/09\/comercio-torre-resfriamento.webp\",\"width\":446,\"height\":793},{\"@type\":\"BreadcrumbList\",\"@id\":\"https:\/\/www.alfaterm.com.br\/informacoes\/torre-resfriamento-extrusora\/#breadcrumb\",\"itemListElement\":[{\"@type\":\"ListItem\",\"position\":1,\"name\":\"Home\",\"item\":\"https:\/\/www.alfaterm.com.br\/\"},{\"@type\":\"ListItem\",\"position\":2,\"name\":\"Informa\u00e7\u00f5es\",\"item\":\"https:\/\/www.alfaterm.com.br\/informacoes\/\"},{\"@type\":\"ListItem\",\"position\":3,\"name\":\"Torre de resfriamento para extrusora\"}]},{\"@type\":\"WebSite\",\"@id\":\"https:\/\/www.alfaterm.com.br\/#website\",\"url\":\"https:\/\/www.alfaterm.com.br\/\",\"name\":\"Bem-vindo \u00e0 ALFATERM\",\"description\":\"\",\"publisher\":{\"@id\":\"https:\/\/www.alfaterm.com.br\/#organization\"},\"potentialAction\":[{\"@type\":\"SearchAction\",\"target\":{\"@type\":\"EntryPoint\",\"urlTemplate\":\"https:\/\/www.alfaterm.com.br\/?s={search_term_string}\"},\"query-input\":{\"@type\":\"PropertyValueSpecification\",\"valueRequired\":true,\"valueName\":\"search_term_string\"}}],\"inLanguage\":\"en-US\"},{\"@type\":\"Organization\",\"@id\":\"https:\/\/www.alfaterm.com.br\/#organization\",\"name\":\"Bem-vindo \u00e0 ALFATERM\",\"url\":\"https:\/\/www.alfaterm.com.br\/\",\"logo\":{\"@type\":\"ImageObject\",\"inLanguage\":\"en-US\",\"@id\":\"https:\/\/www.alfaterm.com.br\/#\/schema\/logo\/image\/\",\"url\":\"https:\/\/www.alfaterm.com.br\/wp-content\/uploads\/2024\/07\/logo-alfaterm.png\",\"contentUrl\":\"https:\/\/www.alfaterm.com.br\/wp-content\/uploads\/2024\/07\/logo-alfaterm.png\",\"width\":393,\"height\":45,\"caption\":\"Bem-vindo \u00e0 ALFATERM\"},\"image\":{\"@id\":\"https:\/\/www.alfaterm.com.br\/#\/schema\/logo\/image\/\"}}]}<\/script>\n<!-- \/ Yoast SEO Premium plugin. -->","yoast_head_json":{"title":"Torre de resfriamento para extrusora - Bem-vindo \u00e0 ALFATERM","robots":{"index":"index","follow":"follow","max-snippet":"max-snippet:-1","max-image-preview":"max-image-preview:large","max-video-preview":"max-video-preview:-1"},"canonical":"https:\/\/www.alfaterm.com.br\/en\/informacoes\/torre-resfriamento-extrusora\/","og_locale":"en_US","og_type":"article","og_title":"Torre de resfriamento para extrusora","og_description":"Em diversos segmentos do mercado, o maquin\u00e1rio precisa ser resfriado devido ao calor gerado em seus processos e para fazer o resfriamento da \u00e1gua industrial, \u00e9 necess\u00e1rio a&nbsp;torre de resfriamento para extrusora. O processo de resfriamento de \u00e1gua feito pela&nbsp;torre de resfriamento para extrusora&nbsp;consiste, sobretudo, no reaproveitamento da \u00e1gua utilizada em processos industriais, evitando assim [&hellip;]","og_url":"https:\/\/www.alfaterm.com.br\/en\/informacoes\/torre-resfriamento-extrusora\/","og_site_name":"Bem-vindo \u00e0 ALFATERM","article_modified_time":"2024-09-09T08:19:15+00:00","og_image":[{"width":446,"height":793,"url":"https:\/\/www.alfaterm.com.br\/wp-content\/uploads\/2024\/09\/comercio-torre-resfriamento.webp","type":"image\/webp"}],"twitter_card":"summary_large_image","twitter_misc":{"Est. reading time":"2 minutes"},"schema":{"@context":"https:\/\/schema.org","@graph":[{"@type":"WebPage","@id":"https:\/\/www.alfaterm.com.br\/informacoes\/torre-resfriamento-extrusora\/","url":"https:\/\/www.alfaterm.com.br\/informacoes\/torre-resfriamento-extrusora\/","name":"Torre de resfriamento para extrusora - Bem-vindo \u00e0 ALFATERM","isPartOf":{"@id":"https:\/\/www.alfaterm.com.br\/#website"},"primaryImageOfPage":{"@id":"https:\/\/www.alfaterm.com.br\/informacoes\/torre-resfriamento-extrusora\/#primaryimage"},"image":{"@id":"https:\/\/www.alfaterm.com.br\/informacoes\/torre-resfriamento-extrusora\/#primaryimage"},"thumbnailUrl":"https:\/\/www.alfaterm.com.br\/wp-content\/uploads\/2024\/09\/comercio-torre-resfriamento.webp","datePublished":"2024-09-02T11:52:26+00:00","dateModified":"2024-09-09T08:19:15+00:00","breadcrumb":{"@id":"https:\/\/www.alfaterm.com.br\/informacoes\/torre-resfriamento-extrusora\/#breadcrumb"},"inLanguage":"en-US","potentialAction":[{"@type":"ReadAction","target":["https:\/\/www.alfaterm.com.br\/informacoes\/torre-resfriamento-extrusora\/"]}]},{"@type":"ImageObject","inLanguage":"en-US","@id":"https:\/\/www.alfaterm.com.br\/informacoes\/torre-resfriamento-extrusora\/#primaryimage","url":"https:\/\/www.alfaterm.com.br\/wp-content\/uploads\/2024\/09\/comercio-torre-resfriamento.webp","contentUrl":"https:\/\/www.alfaterm.com.br\/wp-content\/uploads\/2024\/09\/comercio-torre-resfriamento.webp","width":446,"height":793},{"@type":"BreadcrumbList","@id":"https:\/\/www.alfaterm.com.br\/informacoes\/torre-resfriamento-extrusora\/#breadcrumb","itemListElement":[{"@type":"ListItem","position":1,"name":"Home","item":"https:\/\/www.alfaterm.com.br\/"},{"@type":"ListItem","position":2,"name":"Informa\u00e7\u00f5es","item":"https:\/\/www.alfaterm.com.br\/informacoes\/"},{"@type":"ListItem","position":3,"name":"Torre de resfriamento para extrusora"}]},{"@type":"WebSite","@id":"https:\/\/www.alfaterm.com.br\/#website","url":"https:\/\/www.alfaterm.com.br\/","name":"Bem-vindo \u00e0 ALFATERM","description":"","publisher":{"@id":"https:\/\/www.alfaterm.com.br\/#organization"},"potentialAction":[{"@type":"SearchAction","target":{"@type":"EntryPoint","urlTemplate":"https:\/\/www.alfaterm.com.br\/?s={search_term_string}"},"query-input":{"@type":"PropertyValueSpecification","valueRequired":true,"valueName":"search_term_string"}}],"inLanguage":"en-US"},{"@type":"Organization","@id":"https:\/\/www.alfaterm.com.br\/#organization","name":"Bem-vindo \u00e0 ALFATERM","url":"https:\/\/www.alfaterm.com.br\/","logo":{"@type":"ImageObject","inLanguage":"en-US","@id":"https:\/\/www.alfaterm.com.br\/#\/schema\/logo\/image\/","url":"https:\/\/www.alfaterm.com.br\/wp-content\/uploads\/2024\/07\/logo-alfaterm.png","contentUrl":"https:\/\/www.alfaterm.com.br\/wp-content\/uploads\/2024\/07\/logo-alfaterm.png","width":393,"height":45,"caption":"Bem-vindo \u00e0 ALFATERM"},"image":{"@id":"https:\/\/www.alfaterm.com.br\/#\/schema\/logo\/image\/"}}]}},"_links":{"self":[{"href":"https:\/\/www.alfaterm.com.br\/en\/wp-json\/wp\/v2\/pages\/2302","targetHints":{"allow":["GET"]}}],"collection":[{"href":"https:\/\/www.alfaterm.com.br\/en\/wp-json\/wp\/v2\/pages"}],"about":[{"href":"https:\/\/www.alfaterm.com.br\/en\/wp-json\/wp\/v2\/types\/page"}],"author":[{"embeddable":true,"href":"https:\/\/www.alfaterm.com.br\/en\/wp-json\/wp\/v2\/users\/1"}],"replies":[{"embeddable":true,"href":"https:\/\/www.alfaterm.com.br\/en\/wp-json\/wp\/v2\/comments?post=2302"}],"version-history":[{"count":0,"href":"https:\/\/www.alfaterm.com.br\/en\/wp-json\/wp\/v2\/pages\/2302\/revisions"}],"up":[{"embeddable":true,"href":"https:\/\/www.alfaterm.com.br\/en\/wp-json\/wp\/v2\/pages\/2144"}],"wp:featuredmedia":[{"embeddable":true,"href":"https:\/\/www.alfaterm.com.br\/en\/wp-json\/wp\/v2\/media\/2227"}],"wp:attachment":[{"href":"https:\/\/www.alfaterm.com.br\/en\/wp-json\/wp\/v2\/media?parent=2302"}],"curies":[{"name":"wp","href":"https:\/\/api.w.org\/{rel}","templated":true}]}}