{"id":2301,"date":"2024-09-02T08:51:57","date_gmt":"2024-09-02T11:51:57","guid":{"rendered":"https:\/\/www.alfaterm.com.br\/?page_id=2301"},"modified":"2024-09-09T05:19:05","modified_gmt":"2024-09-09T08:19:05","slug":"torre-resfriamento-industrial","status":"publish","type":"page","link":"https:\/\/www.alfaterm.com.br\/en\/informacoes\/torre-resfriamento-industrial\/","title":{"rendered":"Torre de resfriamento industrial"},"content":{"rendered":"<p>A&nbsp;torre de resfriamento industrial&nbsp;\u00e9 utilizada para a maioria dos processos que necessitam do resfriamento de equipamentos diversos e outros tipos de maquin\u00e1rios que possam gerar calor em sua opera\u00e7\u00e3o.<\/p>\n\n\n\n<h2 class=\"wp-block-heading\">CARACTER\u00cdSTICAS B\u00c1SICAS DE UMA TORRE DE RESFRIAMENTO INDUSTRIAL<\/h2>\n\n\n\n<p>De forma b\u00e1sica \u00e9 poss\u00edvel indicar que uma&nbsp;torre de resfriamento industrial&nbsp;funciona com a entrada de \u00e1gua pela parte superior por interm\u00e9dio de um \u201cbocal de entrada\u201d. Em seguida a \u00e1gua \u00e9 distribu\u00edda para o enchimento de contato atrav\u00e9s de bicos ou tamb\u00e9m \u201cbocais de distribui\u00e7\u00e3o\u201d. Dando continuidade \u00e0 fun\u00e7\u00e3o da&nbsp;torre de resfriamento industrial&nbsp;e de forma simult\u00e2nea o ventilador, que \u00e9 instalado na parte superior ou lateral da&nbsp;torre de resfriamento industrial&nbsp;passa a aspirar, ou insuflar o ar, conduzindo-o ao interior, passando pelo enchimento onde far\u00e1 o contato com a \u00e1gua e por consequ\u00eancia o resfriamento.<\/p>\n\n\n\n<p>Na&nbsp;torre de resfriamento industrial&nbsp;sem enchimento o resfriamento acontece diretamente atrav\u00e9s do contato da \u00e1gua com o ar. A parte superior da torre libera o ar quente e a \u00e1gua fria tem sua passagem pelo \u201cbocal de sa\u00edda\u201d, instalado na bacia de \u00e1gua fria.<\/p>\n\n\n\n<p>Para um projeto eficaz de&nbsp;torre de resfriamento industrial&nbsp;\u00e9 necess\u00e1rio o conhecimento de v\u00e1rios princ\u00edpios b\u00e1sicos utilizados na engenharia, tal processo requer aplica\u00e7\u00f5es pr\u00e1ticas de tais princ\u00edpios e conceitos. A utiliza\u00e7\u00e3o dos melhores materiais, bem como as t\u00e9cnicas existentes para a produ\u00e7\u00e3o de uma&nbsp;torre de resfriamento industrial&nbsp;tamb\u00e9m devem ser evidenciados para que seja obtido o resultado esperado de fato.<\/p>\n\n\n\n<p>Os componentes mais b\u00e1sicos que constituem: a estrutura, o enchimento, o sistema de distribui\u00e7\u00e3o de \u00e1gua, as venezianas, os eliminadores de gotas e muitos outros, devem ser projetados de forma t\u00e9cnica e minuciosa a fim de formarem a integralidade do projeto.<\/p>\n\n\n\n<h2 class=\"wp-block-heading\">ALFATERM IND\u00daSTRIA E COM\u00c9RCIO LTDA \u2013 TORRE DE RESFRIAMENTO INDUSTRIAL<\/h2>\n\n\n\n<p>Com profunda expertise em torres de resfriamento de \u00e1gua, a ALFATERM Ind\u00fastria e Com\u00e9rcio LTDA possui em seu quadro de colaboradores, profissionais que garantem o melhor produto final e os servi\u00e7os necess\u00e1rios para a demanda de seus clientes.<\/p>\n\n\n\n<p>Empresa certificada pelo Sistema Integrado de Gest\u00e3o, a ALFATERM Ind\u00fastria e Com\u00e9rcio tem sua sede na cidade de Santana de Parna\u00edba \u2013 SP, de onde atende o mercado nacional e a das Am\u00e9ricas Latina e Central, dispondo de um grande portf\u00f3lio de servi\u00e7os prestados.<\/p>\n\n\n\n<h2 class=\"wp-block-heading\">Para saber mais sobre Assist\u00eancia t\u00e9cnica em torres de resfriar<\/h2>\n\n\n\n<p>Ligue para&nbsp;<strong>11 4156-8930<\/strong>&nbsp;ou&nbsp;<a href=\"https:\/\/www.alfaterm.com.br\/en\/contact\/\">clique aqui<\/a>&nbsp;e entre em contato por email.<\/p>","protected":false},"excerpt":{"rendered":"<p>A&nbsp;torre de resfriamento industrial&nbsp;\u00e9 utilizada para a maioria dos processos que necessitam do resfriamento de equipamentos diversos e outros tipos de maquin\u00e1rios que possam gerar calor em sua opera\u00e7\u00e3o. CARACTER\u00cdSTICAS B\u00c1SICAS DE UMA TORRE DE RESFRIAMENTO INDUSTRIAL De forma b\u00e1sica \u00e9 poss\u00edvel indicar que uma&nbsp;torre de resfriamento industrial&nbsp;funciona com a entrada de \u00e1gua pela parte [&hellip;]<\/p>","protected":false},"author":1,"featured_media":2321,"parent":2144,"menu_order":0,"comment_status":"closed","ping_status":"closed","template":"","meta":{"_acf_changed":false,"_joinchat":[],"footnotes":""},"class_list":["post-2301","page","type-page","status-publish","has-post-thumbnail","hentry"],"acf":[],"yoast_head":"<!-- This site is optimized with the Yoast SEO Premium plugin v23.4 (Yoast SEO v27.1.1) - https:\/\/yoast.com\/product\/yoast-seo-premium-wordpress\/ -->\n<title>Torre de resfriamento industrial - Bem-vindo \u00e0 ALFATERM<\/title>\n<meta name=\"robots\" content=\"index, follow, max-snippet:-1, max-image-preview:large, max-video-preview:-1\" \/>\n<link rel=\"canonical\" href=\"https:\/\/www.alfaterm.com.br\/en\/informacoes\/torre-resfriamento-industrial\/\" \/>\n<meta property=\"og:locale\" content=\"en_US\" \/>\n<meta property=\"og:type\" content=\"article\" \/>\n<meta property=\"og:title\" content=\"Torre de resfriamento industrial\" \/>\n<meta property=\"og:description\" content=\"A&nbsp;torre de resfriamento industrial&nbsp;\u00e9 utilizada para a maioria dos processos que necessitam do resfriamento de equipamentos diversos e outros tipos de maquin\u00e1rios que possam gerar calor em sua opera\u00e7\u00e3o. CARACTER\u00cdSTICAS B\u00c1SICAS DE UMA TORRE DE RESFRIAMENTO INDUSTRIAL De forma b\u00e1sica \u00e9 poss\u00edvel indicar que uma&nbsp;torre de resfriamento industrial&nbsp;funciona com a entrada de \u00e1gua pela parte [&hellip;]\" \/>\n<meta property=\"og:url\" content=\"https:\/\/www.alfaterm.com.br\/en\/informacoes\/torre-resfriamento-industrial\/\" \/>\n<meta property=\"og:site_name\" content=\"Bem-vindo \u00e0 ALFATERM\" \/>\n<meta property=\"article:modified_time\" content=\"2024-09-09T08:19:05+00:00\" \/>\n<meta property=\"og:image\" content=\"https:\/\/www.alfaterm.com.br\/wp-content\/uploads\/2024\/09\/torre-resfriamento-industrial.webp\" \/>\n\t<meta property=\"og:image:width\" content=\"800\" \/>\n\t<meta property=\"og:image:height\" content=\"524\" \/>\n\t<meta property=\"og:image:type\" content=\"image\/webp\" \/>\n<meta name=\"twitter:card\" content=\"summary_large_image\" \/>\n<meta name=\"twitter:label1\" content=\"Est. reading time\" \/>\n\t<meta name=\"twitter:data1\" content=\"2 minutes\" \/>\n<script type=\"application\/ld+json\" class=\"yoast-schema-graph\">{\"@context\":\"https:\/\/schema.org\",\"@graph\":[{\"@type\":\"WebPage\",\"@id\":\"https:\/\/www.alfaterm.com.br\/informacoes\/torre-resfriamento-industrial\/\",\"url\":\"https:\/\/www.alfaterm.com.br\/informacoes\/torre-resfriamento-industrial\/\",\"name\":\"Torre de resfriamento industrial - Bem-vindo \u00e0 ALFATERM\",\"isPartOf\":{\"@id\":\"https:\/\/www.alfaterm.com.br\/#website\"},\"primaryImageOfPage\":{\"@id\":\"https:\/\/www.alfaterm.com.br\/informacoes\/torre-resfriamento-industrial\/#primaryimage\"},\"image\":{\"@id\":\"https:\/\/www.alfaterm.com.br\/informacoes\/torre-resfriamento-industrial\/#primaryimage\"},\"thumbnailUrl\":\"https:\/\/www.alfaterm.com.br\/wp-content\/uploads\/2024\/09\/torre-resfriamento-industrial.webp\",\"datePublished\":\"2024-09-02T11:51:57+00:00\",\"dateModified\":\"2024-09-09T08:19:05+00:00\",\"breadcrumb\":{\"@id\":\"https:\/\/www.alfaterm.com.br\/informacoes\/torre-resfriamento-industrial\/#breadcrumb\"},\"inLanguage\":\"en-US\",\"potentialAction\":[{\"@type\":\"ReadAction\",\"target\":[\"https:\/\/www.alfaterm.com.br\/informacoes\/torre-resfriamento-industrial\/\"]}]},{\"@type\":\"ImageObject\",\"inLanguage\":\"en-US\",\"@id\":\"https:\/\/www.alfaterm.com.br\/informacoes\/torre-resfriamento-industrial\/#primaryimage\",\"url\":\"https:\/\/www.alfaterm.com.br\/wp-content\/uploads\/2024\/09\/torre-resfriamento-industrial.webp\",\"contentUrl\":\"https:\/\/www.alfaterm.com.br\/wp-content\/uploads\/2024\/09\/torre-resfriamento-industrial.webp\",\"width\":800,\"height\":524},{\"@type\":\"BreadcrumbList\",\"@id\":\"https:\/\/www.alfaterm.com.br\/informacoes\/torre-resfriamento-industrial\/#breadcrumb\",\"itemListElement\":[{\"@type\":\"ListItem\",\"position\":1,\"name\":\"Home\",\"item\":\"https:\/\/www.alfaterm.com.br\/\"},{\"@type\":\"ListItem\",\"position\":2,\"name\":\"Informa\u00e7\u00f5es\",\"item\":\"https:\/\/www.alfaterm.com.br\/informacoes\/\"},{\"@type\":\"ListItem\",\"position\":3,\"name\":\"Torre de resfriamento industrial\"}]},{\"@type\":\"WebSite\",\"@id\":\"https:\/\/www.alfaterm.com.br\/#website\",\"url\":\"https:\/\/www.alfaterm.com.br\/\",\"name\":\"Bem-vindo \u00e0 ALFATERM\",\"description\":\"\",\"publisher\":{\"@id\":\"https:\/\/www.alfaterm.com.br\/#organization\"},\"potentialAction\":[{\"@type\":\"SearchAction\",\"target\":{\"@type\":\"EntryPoint\",\"urlTemplate\":\"https:\/\/www.alfaterm.com.br\/?s={search_term_string}\"},\"query-input\":{\"@type\":\"PropertyValueSpecification\",\"valueRequired\":true,\"valueName\":\"search_term_string\"}}],\"inLanguage\":\"en-US\"},{\"@type\":\"Organization\",\"@id\":\"https:\/\/www.alfaterm.com.br\/#organization\",\"name\":\"Bem-vindo \u00e0 ALFATERM\",\"url\":\"https:\/\/www.alfaterm.com.br\/\",\"logo\":{\"@type\":\"ImageObject\",\"inLanguage\":\"en-US\",\"@id\":\"https:\/\/www.alfaterm.com.br\/#\/schema\/logo\/image\/\",\"url\":\"https:\/\/www.alfaterm.com.br\/wp-content\/uploads\/2024\/07\/logo-alfaterm.png\",\"contentUrl\":\"https:\/\/www.alfaterm.com.br\/wp-content\/uploads\/2024\/07\/logo-alfaterm.png\",\"width\":393,\"height\":45,\"caption\":\"Bem-vindo \u00e0 ALFATERM\"},\"image\":{\"@id\":\"https:\/\/www.alfaterm.com.br\/#\/schema\/logo\/image\/\"}}]}<\/script>\n<!-- \/ Yoast SEO Premium plugin. -->","yoast_head_json":{"title":"Torre de resfriamento industrial - Bem-vindo \u00e0 ALFATERM","robots":{"index":"index","follow":"follow","max-snippet":"max-snippet:-1","max-image-preview":"max-image-preview:large","max-video-preview":"max-video-preview:-1"},"canonical":"https:\/\/www.alfaterm.com.br\/en\/informacoes\/torre-resfriamento-industrial\/","og_locale":"en_US","og_type":"article","og_title":"Torre de resfriamento industrial","og_description":"A&nbsp;torre de resfriamento industrial&nbsp;\u00e9 utilizada para a maioria dos processos que necessitam do resfriamento de equipamentos diversos e outros tipos de maquin\u00e1rios que possam gerar calor em sua opera\u00e7\u00e3o. CARACTER\u00cdSTICAS B\u00c1SICAS DE UMA TORRE DE RESFRIAMENTO INDUSTRIAL De forma b\u00e1sica \u00e9 poss\u00edvel indicar que uma&nbsp;torre de resfriamento industrial&nbsp;funciona com a entrada de \u00e1gua pela parte [&hellip;]","og_url":"https:\/\/www.alfaterm.com.br\/en\/informacoes\/torre-resfriamento-industrial\/","og_site_name":"Bem-vindo \u00e0 ALFATERM","article_modified_time":"2024-09-09T08:19:05+00:00","og_image":[{"width":800,"height":524,"url":"https:\/\/www.alfaterm.com.br\/wp-content\/uploads\/2024\/09\/torre-resfriamento-industrial.webp","type":"image\/webp"}],"twitter_card":"summary_large_image","twitter_misc":{"Est. reading time":"2 minutes"},"schema":{"@context":"https:\/\/schema.org","@graph":[{"@type":"WebPage","@id":"https:\/\/www.alfaterm.com.br\/informacoes\/torre-resfriamento-industrial\/","url":"https:\/\/www.alfaterm.com.br\/informacoes\/torre-resfriamento-industrial\/","name":"Torre de resfriamento industrial - Bem-vindo \u00e0 ALFATERM","isPartOf":{"@id":"https:\/\/www.alfaterm.com.br\/#website"},"primaryImageOfPage":{"@id":"https:\/\/www.alfaterm.com.br\/informacoes\/torre-resfriamento-industrial\/#primaryimage"},"image":{"@id":"https:\/\/www.alfaterm.com.br\/informacoes\/torre-resfriamento-industrial\/#primaryimage"},"thumbnailUrl":"https:\/\/www.alfaterm.com.br\/wp-content\/uploads\/2024\/09\/torre-resfriamento-industrial.webp","datePublished":"2024-09-02T11:51:57+00:00","dateModified":"2024-09-09T08:19:05+00:00","breadcrumb":{"@id":"https:\/\/www.alfaterm.com.br\/informacoes\/torre-resfriamento-industrial\/#breadcrumb"},"inLanguage":"en-US","potentialAction":[{"@type":"ReadAction","target":["https:\/\/www.alfaterm.com.br\/informacoes\/torre-resfriamento-industrial\/"]}]},{"@type":"ImageObject","inLanguage":"en-US","@id":"https:\/\/www.alfaterm.com.br\/informacoes\/torre-resfriamento-industrial\/#primaryimage","url":"https:\/\/www.alfaterm.com.br\/wp-content\/uploads\/2024\/09\/torre-resfriamento-industrial.webp","contentUrl":"https:\/\/www.alfaterm.com.br\/wp-content\/uploads\/2024\/09\/torre-resfriamento-industrial.webp","width":800,"height":524},{"@type":"BreadcrumbList","@id":"https:\/\/www.alfaterm.com.br\/informacoes\/torre-resfriamento-industrial\/#breadcrumb","itemListElement":[{"@type":"ListItem","position":1,"name":"Home","item":"https:\/\/www.alfaterm.com.br\/"},{"@type":"ListItem","position":2,"name":"Informa\u00e7\u00f5es","item":"https:\/\/www.alfaterm.com.br\/informacoes\/"},{"@type":"ListItem","position":3,"name":"Torre de resfriamento industrial"}]},{"@type":"WebSite","@id":"https:\/\/www.alfaterm.com.br\/#website","url":"https:\/\/www.alfaterm.com.br\/","name":"Bem-vindo \u00e0 ALFATERM","description":"","publisher":{"@id":"https:\/\/www.alfaterm.com.br\/#organization"},"potentialAction":[{"@type":"SearchAction","target":{"@type":"EntryPoint","urlTemplate":"https:\/\/www.alfaterm.com.br\/?s={search_term_string}"},"query-input":{"@type":"PropertyValueSpecification","valueRequired":true,"valueName":"search_term_string"}}],"inLanguage":"en-US"},{"@type":"Organization","@id":"https:\/\/www.alfaterm.com.br\/#organization","name":"Bem-vindo \u00e0 ALFATERM","url":"https:\/\/www.alfaterm.com.br\/","logo":{"@type":"ImageObject","inLanguage":"en-US","@id":"https:\/\/www.alfaterm.com.br\/#\/schema\/logo\/image\/","url":"https:\/\/www.alfaterm.com.br\/wp-content\/uploads\/2024\/07\/logo-alfaterm.png","contentUrl":"https:\/\/www.alfaterm.com.br\/wp-content\/uploads\/2024\/07\/logo-alfaterm.png","width":393,"height":45,"caption":"Bem-vindo \u00e0 ALFATERM"},"image":{"@id":"https:\/\/www.alfaterm.com.br\/#\/schema\/logo\/image\/"}}]}},"_links":{"self":[{"href":"https:\/\/www.alfaterm.com.br\/en\/wp-json\/wp\/v2\/pages\/2301","targetHints":{"allow":["GET"]}}],"collection":[{"href":"https:\/\/www.alfaterm.com.br\/en\/wp-json\/wp\/v2\/pages"}],"about":[{"href":"https:\/\/www.alfaterm.com.br\/en\/wp-json\/wp\/v2\/types\/page"}],"author":[{"embeddable":true,"href":"https:\/\/www.alfaterm.com.br\/en\/wp-json\/wp\/v2\/users\/1"}],"replies":[{"embeddable":true,"href":"https:\/\/www.alfaterm.com.br\/en\/wp-json\/wp\/v2\/comments?post=2301"}],"version-history":[{"count":0,"href":"https:\/\/www.alfaterm.com.br\/en\/wp-json\/wp\/v2\/pages\/2301\/revisions"}],"up":[{"embeddable":true,"href":"https:\/\/www.alfaterm.com.br\/en\/wp-json\/wp\/v2\/pages\/2144"}],"wp:featuredmedia":[{"embeddable":true,"href":"https:\/\/www.alfaterm.com.br\/en\/wp-json\/wp\/v2\/media\/2321"}],"wp:attachment":[{"href":"https:\/\/www.alfaterm.com.br\/en\/wp-json\/wp\/v2\/media?parent=2301"}],"curies":[{"name":"wp","href":"https:\/\/api.w.org\/{rel}","templated":true}]}}