{"id":2300,"date":"2024-09-02T08:51:36","date_gmt":"2024-09-02T11:51:36","guid":{"rendered":"https:\/\/www.alfaterm.com.br\/?page_id=2300"},"modified":"2024-09-09T05:18:56","modified_gmt":"2024-09-09T08:18:56","slug":"torre-resfriamento-fluxo-cruzado","status":"publish","type":"page","link":"https:\/\/www.alfaterm.com.br\/en\/informacoes\/torre-resfriamento-fluxo-cruzado\/","title":{"rendered":"Torre de resfriamento fluxo cruzado"},"content":{"rendered":"<p>A&nbsp;torre de resfriamento fluxo cruzado&nbsp;utiliza esse m\u00e9todo em que o fluxo de ar \u00e9 direcionado perpendicularmente ao fluxo da \u00e1gua, entrando em uma ou mais faces verticais da estrutura, dessa maneira atendendo perfeitamente o material de preenchimento.<\/p>\n\n\n\n<p>O que diferencia a&nbsp;torre de resfriamento fluxo cruzado&nbsp;dos outros tipos de torre \u00e9 a praticidade, sendo que o acesso aos elementos mec\u00e2nicos e ao sistema de distribui\u00e7\u00e3o \u00e9 muito mais f\u00e1cil.<\/p>\n\n\n\n<h2 class=\"wp-block-heading\">CARACTER\u00cdSTICAS E DIFEREN\u00c7AS DA TORRE DE RESFRIAMENTO FLUXO CRUZADO<\/h2>\n\n\n\n<p>Al\u00e9m da praticidade obtida pelos clientes que optam pela&nbsp;torre de resfriamento fluxo cruzado, a estrutura tamb\u00e9m conta com algumas caracter\u00edsticas e diferen\u00e7as que, certamente, podem oferecer algumas vantagens para os processos que necessitam de sua aplica\u00e7\u00e3o.<\/p>\n\n\n\n<p>Uma grande diferen\u00e7a tamb\u00e9m est\u00e1 no fato de que o ar pode abranger toda a altura da&nbsp;torre de resfriamento fluxo cruzado, o que como consequ\u00eancia pode influenciar em torres mais baixas, diminuindo assim a pot\u00eancia de bombeamento.<\/p>\n\n\n\n<p>Outra particularidade da&nbsp;torre de resfriamento fluxo cruzado&nbsp;diz respeito \u00e0 forma com que a \u00e1gua cai, isso em rela\u00e7\u00e3o ao movimento horizontal do ar, o que contribui para um efeito similar ao da contracorrente, isso devido \u00e0s correntes de convec\u00e7\u00e3o que s\u00e3o produzidas pela \u00e1gua quente.<\/p>\n\n\n\n<h2 class=\"wp-block-heading\">CONTANDO COM A MELHOR ESTRUTURA<\/h2>\n\n\n\n<p>A&nbsp;torre de resfriamento fluxo cruzado&nbsp;pode proporcionar aos mecanismos o suporte necess\u00e1rio, al\u00e9m do pleno atendimento de sua demanda, mas para que o cliente tenha a melhor experi\u00eancia, \u00e9 necess\u00e1rio que contem com a melhor estrutura. Estrutura essa que ser\u00e1 proporcionada pela empresa respons\u00e1vel pela&nbsp;torre de resfriamento fluxo cruzado, portanto ao contar com uma empresa especializada no segmento, al\u00e9m de obter um resultado satisfat\u00f3rio, o cliente pode contar com todo o suporte oferecido pela empresa.<\/p>\n\n\n\n<h2 class=\"wp-block-heading\">PROPORCIONANDO AS MELHORES SOLU\u00c7\u00d5ES EM TORRES DE RESFRIAMENTO<\/h2>\n\n\n\n<p>Atuando com muita compet\u00eancia, agilidade e respeito no segmento de torres de resfriamento, a ALFATERM Ind\u00fastria e Com\u00e9rcio Ltda. \u00e9 uma experiente e especializada empresa que tem sido capaz de prover as melhores solu\u00e7\u00f5es na \u00e1rea para os clientes.<\/p>\n\n\n\n<p>Aliando sua \u00f3tima estrutura com a capacita\u00e7\u00e3o e compet\u00eancia de seus profissionais, a ALFATERM Ind\u00fastria e Com\u00e9rcio Ltda. continua investindo em melhorias e em novos processos para o desenvolvimento das melhores estruturas e produtos do mercado, atendendo assim todas as demandas dos clientes.<\/p>\n\n\n\n<h2 class=\"wp-block-heading\">Para saber mais sobre Assist\u00eancia t\u00e9cnica em torres de resfriar<\/h2>\n\n\n\n<p>Ligue para&nbsp;<strong>11 4156-8930<\/strong>&nbsp;ou&nbsp;<a href=\"https:\/\/www.alfaterm.com.br\/en\/contact\/\">clique aqui<\/a>&nbsp;e entre em contato por email.<\/p>","protected":false},"excerpt":{"rendered":"<p>A&nbsp;torre de resfriamento fluxo cruzado&nbsp;utiliza esse m\u00e9todo em que o fluxo de ar \u00e9 direcionado perpendicularmente ao fluxo da \u00e1gua, entrando em uma ou mais faces verticais da estrutura, dessa maneira atendendo perfeitamente o material de preenchimento. O que diferencia a&nbsp;torre de resfriamento fluxo cruzado&nbsp;dos outros tipos de torre \u00e9 a praticidade, sendo que o [&hellip;]<\/p>","protected":false},"author":1,"featured_media":2313,"parent":2144,"menu_order":0,"comment_status":"closed","ping_status":"closed","template":"","meta":{"_acf_changed":false,"_joinchat":[],"footnotes":""},"class_list":["post-2300","page","type-page","status-publish","has-post-thumbnail","hentry"],"acf":[],"yoast_head":"<!-- This site is optimized with the Yoast SEO Premium plugin v23.4 (Yoast SEO v27.1.1) - https:\/\/yoast.com\/product\/yoast-seo-premium-wordpress\/ -->\n<title>Torre de resfriamento fluxo cruzado - Bem-vindo \u00e0 ALFATERM<\/title>\n<meta name=\"robots\" content=\"index, follow, max-snippet:-1, max-image-preview:large, max-video-preview:-1\" \/>\n<link rel=\"canonical\" href=\"https:\/\/www.alfaterm.com.br\/en\/informacoes\/torre-resfriamento-fluxo-cruzado\/\" \/>\n<meta property=\"og:locale\" content=\"en_US\" \/>\n<meta property=\"og:type\" content=\"article\" \/>\n<meta property=\"og:title\" content=\"Torre de resfriamento fluxo cruzado\" \/>\n<meta property=\"og:description\" content=\"A&nbsp;torre de resfriamento fluxo cruzado&nbsp;utiliza esse m\u00e9todo em que o fluxo de ar \u00e9 direcionado perpendicularmente ao fluxo da \u00e1gua, entrando em uma ou mais faces verticais da estrutura, dessa maneira atendendo perfeitamente o material de preenchimento. O que diferencia a&nbsp;torre de resfriamento fluxo cruzado&nbsp;dos outros tipos de torre \u00e9 a praticidade, sendo que o [&hellip;]\" \/>\n<meta property=\"og:url\" content=\"https:\/\/www.alfaterm.com.br\/en\/informacoes\/torre-resfriamento-fluxo-cruzado\/\" \/>\n<meta property=\"og:site_name\" content=\"Bem-vindo \u00e0 ALFATERM\" \/>\n<meta property=\"article:modified_time\" content=\"2024-09-09T08:18:56+00:00\" \/>\n<meta property=\"og:image\" content=\"https:\/\/www.alfaterm.com.br\/wp-content\/uploads\/2024\/09\/torre-resfriamento-fluxo-cruzado.webp\" \/>\n\t<meta property=\"og:image:width\" content=\"800\" \/>\n\t<meta property=\"og:image:height\" content=\"441\" \/>\n\t<meta property=\"og:image:type\" content=\"image\/webp\" \/>\n<meta name=\"twitter:card\" content=\"summary_large_image\" \/>\n<meta name=\"twitter:label1\" content=\"Est. reading time\" \/>\n\t<meta name=\"twitter:data1\" content=\"2 minutes\" \/>\n<script type=\"application\/ld+json\" class=\"yoast-schema-graph\">{\"@context\":\"https:\/\/schema.org\",\"@graph\":[{\"@type\":\"WebPage\",\"@id\":\"https:\/\/www.alfaterm.com.br\/informacoes\/torre-resfriamento-fluxo-cruzado\/\",\"url\":\"https:\/\/www.alfaterm.com.br\/informacoes\/torre-resfriamento-fluxo-cruzado\/\",\"name\":\"Torre de resfriamento fluxo cruzado - Bem-vindo \u00e0 ALFATERM\",\"isPartOf\":{\"@id\":\"https:\/\/www.alfaterm.com.br\/#website\"},\"primaryImageOfPage\":{\"@id\":\"https:\/\/www.alfaterm.com.br\/informacoes\/torre-resfriamento-fluxo-cruzado\/#primaryimage\"},\"image\":{\"@id\":\"https:\/\/www.alfaterm.com.br\/informacoes\/torre-resfriamento-fluxo-cruzado\/#primaryimage\"},\"thumbnailUrl\":\"https:\/\/www.alfaterm.com.br\/wp-content\/uploads\/2024\/09\/torre-resfriamento-fluxo-cruzado.webp\",\"datePublished\":\"2024-09-02T11:51:36+00:00\",\"dateModified\":\"2024-09-09T08:18:56+00:00\",\"breadcrumb\":{\"@id\":\"https:\/\/www.alfaterm.com.br\/informacoes\/torre-resfriamento-fluxo-cruzado\/#breadcrumb\"},\"inLanguage\":\"en-US\",\"potentialAction\":[{\"@type\":\"ReadAction\",\"target\":[\"https:\/\/www.alfaterm.com.br\/informacoes\/torre-resfriamento-fluxo-cruzado\/\"]}]},{\"@type\":\"ImageObject\",\"inLanguage\":\"en-US\",\"@id\":\"https:\/\/www.alfaterm.com.br\/informacoes\/torre-resfriamento-fluxo-cruzado\/#primaryimage\",\"url\":\"https:\/\/www.alfaterm.com.br\/wp-content\/uploads\/2024\/09\/torre-resfriamento-fluxo-cruzado.webp\",\"contentUrl\":\"https:\/\/www.alfaterm.com.br\/wp-content\/uploads\/2024\/09\/torre-resfriamento-fluxo-cruzado.webp\",\"width\":800,\"height\":441},{\"@type\":\"BreadcrumbList\",\"@id\":\"https:\/\/www.alfaterm.com.br\/informacoes\/torre-resfriamento-fluxo-cruzado\/#breadcrumb\",\"itemListElement\":[{\"@type\":\"ListItem\",\"position\":1,\"name\":\"Home\",\"item\":\"https:\/\/www.alfaterm.com.br\/\"},{\"@type\":\"ListItem\",\"position\":2,\"name\":\"Informa\u00e7\u00f5es\",\"item\":\"https:\/\/www.alfaterm.com.br\/informacoes\/\"},{\"@type\":\"ListItem\",\"position\":3,\"name\":\"Torre de resfriamento fluxo cruzado\"}]},{\"@type\":\"WebSite\",\"@id\":\"https:\/\/www.alfaterm.com.br\/#website\",\"url\":\"https:\/\/www.alfaterm.com.br\/\",\"name\":\"Bem-vindo \u00e0 ALFATERM\",\"description\":\"\",\"publisher\":{\"@id\":\"https:\/\/www.alfaterm.com.br\/#organization\"},\"potentialAction\":[{\"@type\":\"SearchAction\",\"target\":{\"@type\":\"EntryPoint\",\"urlTemplate\":\"https:\/\/www.alfaterm.com.br\/?s={search_term_string}\"},\"query-input\":{\"@type\":\"PropertyValueSpecification\",\"valueRequired\":true,\"valueName\":\"search_term_string\"}}],\"inLanguage\":\"en-US\"},{\"@type\":\"Organization\",\"@id\":\"https:\/\/www.alfaterm.com.br\/#organization\",\"name\":\"Bem-vindo \u00e0 ALFATERM\",\"url\":\"https:\/\/www.alfaterm.com.br\/\",\"logo\":{\"@type\":\"ImageObject\",\"inLanguage\":\"en-US\",\"@id\":\"https:\/\/www.alfaterm.com.br\/#\/schema\/logo\/image\/\",\"url\":\"https:\/\/www.alfaterm.com.br\/wp-content\/uploads\/2024\/07\/logo-alfaterm.png\",\"contentUrl\":\"https:\/\/www.alfaterm.com.br\/wp-content\/uploads\/2024\/07\/logo-alfaterm.png\",\"width\":393,\"height\":45,\"caption\":\"Bem-vindo \u00e0 ALFATERM\"},\"image\":{\"@id\":\"https:\/\/www.alfaterm.com.br\/#\/schema\/logo\/image\/\"}}]}<\/script>\n<!-- \/ Yoast SEO Premium plugin. -->","yoast_head_json":{"title":"Torre de resfriamento fluxo cruzado - Bem-vindo \u00e0 ALFATERM","robots":{"index":"index","follow":"follow","max-snippet":"max-snippet:-1","max-image-preview":"max-image-preview:large","max-video-preview":"max-video-preview:-1"},"canonical":"https:\/\/www.alfaterm.com.br\/en\/informacoes\/torre-resfriamento-fluxo-cruzado\/","og_locale":"en_US","og_type":"article","og_title":"Torre de resfriamento fluxo cruzado","og_description":"A&nbsp;torre de resfriamento fluxo cruzado&nbsp;utiliza esse m\u00e9todo em que o fluxo de ar \u00e9 direcionado perpendicularmente ao fluxo da \u00e1gua, entrando em uma ou mais faces verticais da estrutura, dessa maneira atendendo perfeitamente o material de preenchimento. O que diferencia a&nbsp;torre de resfriamento fluxo cruzado&nbsp;dos outros tipos de torre \u00e9 a praticidade, sendo que o [&hellip;]","og_url":"https:\/\/www.alfaterm.com.br\/en\/informacoes\/torre-resfriamento-fluxo-cruzado\/","og_site_name":"Bem-vindo \u00e0 ALFATERM","article_modified_time":"2024-09-09T08:18:56+00:00","og_image":[{"width":800,"height":441,"url":"https:\/\/www.alfaterm.com.br\/wp-content\/uploads\/2024\/09\/torre-resfriamento-fluxo-cruzado.webp","type":"image\/webp"}],"twitter_card":"summary_large_image","twitter_misc":{"Est. reading time":"2 minutes"},"schema":{"@context":"https:\/\/schema.org","@graph":[{"@type":"WebPage","@id":"https:\/\/www.alfaterm.com.br\/informacoes\/torre-resfriamento-fluxo-cruzado\/","url":"https:\/\/www.alfaterm.com.br\/informacoes\/torre-resfriamento-fluxo-cruzado\/","name":"Torre de resfriamento fluxo cruzado - Bem-vindo \u00e0 ALFATERM","isPartOf":{"@id":"https:\/\/www.alfaterm.com.br\/#website"},"primaryImageOfPage":{"@id":"https:\/\/www.alfaterm.com.br\/informacoes\/torre-resfriamento-fluxo-cruzado\/#primaryimage"},"image":{"@id":"https:\/\/www.alfaterm.com.br\/informacoes\/torre-resfriamento-fluxo-cruzado\/#primaryimage"},"thumbnailUrl":"https:\/\/www.alfaterm.com.br\/wp-content\/uploads\/2024\/09\/torre-resfriamento-fluxo-cruzado.webp","datePublished":"2024-09-02T11:51:36+00:00","dateModified":"2024-09-09T08:18:56+00:00","breadcrumb":{"@id":"https:\/\/www.alfaterm.com.br\/informacoes\/torre-resfriamento-fluxo-cruzado\/#breadcrumb"},"inLanguage":"en-US","potentialAction":[{"@type":"ReadAction","target":["https:\/\/www.alfaterm.com.br\/informacoes\/torre-resfriamento-fluxo-cruzado\/"]}]},{"@type":"ImageObject","inLanguage":"en-US","@id":"https:\/\/www.alfaterm.com.br\/informacoes\/torre-resfriamento-fluxo-cruzado\/#primaryimage","url":"https:\/\/www.alfaterm.com.br\/wp-content\/uploads\/2024\/09\/torre-resfriamento-fluxo-cruzado.webp","contentUrl":"https:\/\/www.alfaterm.com.br\/wp-content\/uploads\/2024\/09\/torre-resfriamento-fluxo-cruzado.webp","width":800,"height":441},{"@type":"BreadcrumbList","@id":"https:\/\/www.alfaterm.com.br\/informacoes\/torre-resfriamento-fluxo-cruzado\/#breadcrumb","itemListElement":[{"@type":"ListItem","position":1,"name":"Home","item":"https:\/\/www.alfaterm.com.br\/"},{"@type":"ListItem","position":2,"name":"Informa\u00e7\u00f5es","item":"https:\/\/www.alfaterm.com.br\/informacoes\/"},{"@type":"ListItem","position":3,"name":"Torre de resfriamento fluxo cruzado"}]},{"@type":"WebSite","@id":"https:\/\/www.alfaterm.com.br\/#website","url":"https:\/\/www.alfaterm.com.br\/","name":"Bem-vindo \u00e0 ALFATERM","description":"","publisher":{"@id":"https:\/\/www.alfaterm.com.br\/#organization"},"potentialAction":[{"@type":"SearchAction","target":{"@type":"EntryPoint","urlTemplate":"https:\/\/www.alfaterm.com.br\/?s={search_term_string}"},"query-input":{"@type":"PropertyValueSpecification","valueRequired":true,"valueName":"search_term_string"}}],"inLanguage":"en-US"},{"@type":"Organization","@id":"https:\/\/www.alfaterm.com.br\/#organization","name":"Bem-vindo \u00e0 ALFATERM","url":"https:\/\/www.alfaterm.com.br\/","logo":{"@type":"ImageObject","inLanguage":"en-US","@id":"https:\/\/www.alfaterm.com.br\/#\/schema\/logo\/image\/","url":"https:\/\/www.alfaterm.com.br\/wp-content\/uploads\/2024\/07\/logo-alfaterm.png","contentUrl":"https:\/\/www.alfaterm.com.br\/wp-content\/uploads\/2024\/07\/logo-alfaterm.png","width":393,"height":45,"caption":"Bem-vindo \u00e0 ALFATERM"},"image":{"@id":"https:\/\/www.alfaterm.com.br\/#\/schema\/logo\/image\/"}}]}},"_links":{"self":[{"href":"https:\/\/www.alfaterm.com.br\/en\/wp-json\/wp\/v2\/pages\/2300","targetHints":{"allow":["GET"]}}],"collection":[{"href":"https:\/\/www.alfaterm.com.br\/en\/wp-json\/wp\/v2\/pages"}],"about":[{"href":"https:\/\/www.alfaterm.com.br\/en\/wp-json\/wp\/v2\/types\/page"}],"author":[{"embeddable":true,"href":"https:\/\/www.alfaterm.com.br\/en\/wp-json\/wp\/v2\/users\/1"}],"replies":[{"embeddable":true,"href":"https:\/\/www.alfaterm.com.br\/en\/wp-json\/wp\/v2\/comments?post=2300"}],"version-history":[{"count":0,"href":"https:\/\/www.alfaterm.com.br\/en\/wp-json\/wp\/v2\/pages\/2300\/revisions"}],"up":[{"embeddable":true,"href":"https:\/\/www.alfaterm.com.br\/en\/wp-json\/wp\/v2\/pages\/2144"}],"wp:featuredmedia":[{"embeddable":true,"href":"https:\/\/www.alfaterm.com.br\/en\/wp-json\/wp\/v2\/media\/2313"}],"wp:attachment":[{"href":"https:\/\/www.alfaterm.com.br\/en\/wp-json\/wp\/v2\/media?parent=2300"}],"curies":[{"name":"wp","href":"https:\/\/api.w.org\/{rel}","templated":true}]}}