{"id":2298,"date":"2024-09-02T08:49:32","date_gmt":"2024-09-02T11:49:32","guid":{"rendered":"https:\/\/www.alfaterm.com.br\/?page_id=2298"},"modified":"2024-09-09T05:18:45","modified_gmt":"2024-09-09T08:18:45","slug":"torre-resfriamento-agua-preco","status":"publish","type":"page","link":"https:\/\/www.alfaterm.com.br\/en\/informacoes\/torre-resfriamento-agua-preco\/","title":{"rendered":"Torre de resfriamento de \u00e1gua pre\u00e7o"},"content":{"rendered":"<p>Investir em uma&nbsp;torre de resfriamento de \u00e1gua pre\u00e7o&nbsp;justo \u00e9 uma excelente alternativa para empresas que desejam produtos fabricados sob medida para suas demandas de refrigera\u00e7\u00e3o de \u00e1gua. Este equipamento pode ser utilizado por empresas de diversos segmentos e portes e resolve o problema da remo\u00e7\u00e3o de calor da \u00e1gua utilizada nos processos.<\/p>\n\n\n\n<h2 class=\"wp-block-heading\">TORRE DE RESFRIAMENTO DE \u00c1GUA PRE\u00c7O ACESS\u00cdVEL E PERSONALIZA\u00c7\u00c3O<\/h2>\n\n\n\n<p>As duas mais importantes caracter\u00edsticas das torres de resfriamento s\u00e3o a sua efici\u00eancia t\u00e9rmica e energ\u00e9tica. Investir na personaliza\u00e7\u00e3o da&nbsp;torre de resfriamento de \u00e1gua pre\u00e7o&nbsp;\u00e9 acess\u00edvel, pois suas caracter\u00edsticas s\u00e3o potencializadas, devido ao adequado dimensionamento para atender \u00e0s demandas espec\u00edficas.<\/p>\n\n\n\n<p>Al\u00e9m destes benef\u00edcios, \u00e9 importante destacar que a aquisi\u00e7\u00e3o de uma&nbsp;torre de resfriamento de \u00e1gua pre\u00e7o&nbsp;\u00e9 justo, porque o seu uso causa impacto nos recursos financeiros da empresa, j\u00e1 que h\u00e1 uma consider\u00e1vel economia de energia e, acima de tudo, permite o consumo mais consciente deste recurso natural indispens\u00e1vel \u00e0 vida.<\/p>\n\n\n\n<p>Vale destacar que a fabrica\u00e7\u00e3o de uma torre de refrigera\u00e7\u00e3o sob medida somente \u00e9 poss\u00edvel ser realizada por uma empresa que possui uma equipe t\u00e9cnica altamente capacitada para entender as demandas e coloc\u00e1-las em pr\u00e1tica, com aplica\u00e7\u00e3o da melhor tecnologia.<\/p>\n\n\n\n<h2 class=\"wp-block-heading\">INVESTIR EM TORRE DE RESFRIAMENTO DE \u00c1GUA PRE\u00c7O BOM<\/h2>\n\n\n\n<p>As torres de refrigera\u00e7\u00e3o s\u00e3o equipamentos que trabalham de forma cont\u00ednua e, por isso, todos os elementos que a comp\u00f5em devem ser fabricados com excelente mat\u00e9ria-prima, de forma que possam ter longa vida \u00fatil.<\/p>\n\n\n\n<p>Entretanto, para que as torres de arrefecimento operem de forma eficiente por mais tempo, \u00e9 imprescind\u00edvel programar as manuten\u00e7\u00f5es de suas pe\u00e7as. Esta \u00e9 uma forma inteligente de manter os equipamentos em atividade por mais tempo e fazer&nbsp;torre de resfriamento de \u00e1gua pre\u00e7o&nbsp;valer todo o investimento.<\/p>\n\n\n\n<h2 class=\"wp-block-heading\">ADQUIRIR A MELHOR TORRE DE RESFRIAMENTO DE \u00c1GUA PRE\u00c7O JUSTO<\/h2>\n\n\n\n<p>Com um parque fabril com mais de 10.000 m2 e acumulando mais de tr\u00eas d\u00e9cadas de experi\u00eancia, a ALFATERM Ind\u00fastria e Com\u00e9rcio Ltda. \u00e9 reconhecida como refer\u00eancia em sua \u00e1rea de atua\u00e7\u00e3o, que \u00e9 a fabrica\u00e7\u00e3o de torres de resfriamento de \u00e1gua.<\/p>\n\n\n\n<p>A ALFATERM Ind\u00fastria e Com\u00e9rcio Ltda. atende clientes nas Am\u00e9ricas Latina e Central, por meio de uma equipe t\u00e9cnica especializada e preparada para desenvolver solu\u00e7\u00f5es sob medida para cada cliente.<\/p>\n\n\n\n<h2 class=\"wp-block-heading\">Para saber mais sobre Assist\u00eancia t\u00e9cnica em torres de resfriar<\/h2>\n\n\n\n<p>Ligue para&nbsp;<strong>11 4156-8930<\/strong>&nbsp;ou&nbsp;<a href=\"https:\/\/www.alfaterm.com.br\/en\/contact\/\">clique aqui<\/a>&nbsp;e entre em contato por email.<\/p>","protected":false},"excerpt":{"rendered":"<p>Investir em uma&nbsp;torre de resfriamento de \u00e1gua pre\u00e7o&nbsp;justo \u00e9 uma excelente alternativa para empresas que desejam produtos fabricados sob medida para suas demandas de refrigera\u00e7\u00e3o de \u00e1gua. Este equipamento pode ser utilizado por empresas de diversos segmentos e portes e resolve o problema da remo\u00e7\u00e3o de calor da \u00e1gua utilizada nos processos. TORRE DE RESFRIAMENTO [&hellip;]<\/p>","protected":false},"author":1,"featured_media":2225,"parent":2144,"menu_order":0,"comment_status":"closed","ping_status":"closed","template":"","meta":{"_acf_changed":false,"_joinchat":[],"footnotes":""},"class_list":["post-2298","page","type-page","status-publish","has-post-thumbnail","hentry"],"acf":[],"yoast_head":"<!-- This site is optimized with the Yoast SEO Premium plugin v23.4 (Yoast SEO v27.1.1) - https:\/\/yoast.com\/product\/yoast-seo-premium-wordpress\/ -->\n<title>Torre de resfriamento de \u00e1gua pre\u00e7o - Bem-vindo \u00e0 ALFATERM<\/title>\n<meta name=\"robots\" content=\"index, follow, max-snippet:-1, max-image-preview:large, max-video-preview:-1\" \/>\n<link rel=\"canonical\" href=\"https:\/\/www.alfaterm.com.br\/en\/informacoes\/torre-resfriamento-agua-preco\/\" \/>\n<meta property=\"og:locale\" content=\"en_US\" \/>\n<meta property=\"og:type\" content=\"article\" \/>\n<meta property=\"og:title\" content=\"Torre de resfriamento de \u00e1gua pre\u00e7o\" \/>\n<meta property=\"og:description\" content=\"Investir em uma&nbsp;torre de resfriamento de \u00e1gua pre\u00e7o&nbsp;justo \u00e9 uma excelente alternativa para empresas que desejam produtos fabricados sob medida para suas demandas de refrigera\u00e7\u00e3o de \u00e1gua. Este equipamento pode ser utilizado por empresas de diversos segmentos e portes e resolve o problema da remo\u00e7\u00e3o de calor da \u00e1gua utilizada nos processos. TORRE DE RESFRIAMENTO [&hellip;]\" \/>\n<meta property=\"og:url\" content=\"https:\/\/www.alfaterm.com.br\/en\/informacoes\/torre-resfriamento-agua-preco\/\" \/>\n<meta property=\"og:site_name\" content=\"Bem-vindo \u00e0 ALFATERM\" \/>\n<meta property=\"article:modified_time\" content=\"2024-09-09T08:18:45+00:00\" \/>\n<meta property=\"og:image\" content=\"https:\/\/www.alfaterm.com.br\/wp-content\/uploads\/2024\/09\/fabrica-torre-resfriamento.webp\" \/>\n\t<meta property=\"og:image:width\" content=\"699\" \/>\n\t<meta property=\"og:image:height\" content=\"625\" \/>\n\t<meta property=\"og:image:type\" content=\"image\/webp\" \/>\n<meta name=\"twitter:card\" content=\"summary_large_image\" \/>\n<meta name=\"twitter:label1\" content=\"Est. reading time\" \/>\n\t<meta name=\"twitter:data1\" content=\"2 minutes\" \/>\n<script type=\"application\/ld+json\" class=\"yoast-schema-graph\">{\"@context\":\"https:\/\/schema.org\",\"@graph\":[{\"@type\":\"WebPage\",\"@id\":\"https:\/\/www.alfaterm.com.br\/informacoes\/torre-resfriamento-agua-preco\/\",\"url\":\"https:\/\/www.alfaterm.com.br\/informacoes\/torre-resfriamento-agua-preco\/\",\"name\":\"Torre de resfriamento de \u00e1gua pre\u00e7o - Bem-vindo \u00e0 ALFATERM\",\"isPartOf\":{\"@id\":\"https:\/\/www.alfaterm.com.br\/#website\"},\"primaryImageOfPage\":{\"@id\":\"https:\/\/www.alfaterm.com.br\/informacoes\/torre-resfriamento-agua-preco\/#primaryimage\"},\"image\":{\"@id\":\"https:\/\/www.alfaterm.com.br\/informacoes\/torre-resfriamento-agua-preco\/#primaryimage\"},\"thumbnailUrl\":\"https:\/\/www.alfaterm.com.br\/wp-content\/uploads\/2024\/09\/fabrica-torre-resfriamento.webp\",\"datePublished\":\"2024-09-02T11:49:32+00:00\",\"dateModified\":\"2024-09-09T08:18:45+00:00\",\"breadcrumb\":{\"@id\":\"https:\/\/www.alfaterm.com.br\/informacoes\/torre-resfriamento-agua-preco\/#breadcrumb\"},\"inLanguage\":\"en-US\",\"potentialAction\":[{\"@type\":\"ReadAction\",\"target\":[\"https:\/\/www.alfaterm.com.br\/informacoes\/torre-resfriamento-agua-preco\/\"]}]},{\"@type\":\"ImageObject\",\"inLanguage\":\"en-US\",\"@id\":\"https:\/\/www.alfaterm.com.br\/informacoes\/torre-resfriamento-agua-preco\/#primaryimage\",\"url\":\"https:\/\/www.alfaterm.com.br\/wp-content\/uploads\/2024\/09\/fabrica-torre-resfriamento.webp\",\"contentUrl\":\"https:\/\/www.alfaterm.com.br\/wp-content\/uploads\/2024\/09\/fabrica-torre-resfriamento.webp\",\"width\":699,\"height\":625},{\"@type\":\"BreadcrumbList\",\"@id\":\"https:\/\/www.alfaterm.com.br\/informacoes\/torre-resfriamento-agua-preco\/#breadcrumb\",\"itemListElement\":[{\"@type\":\"ListItem\",\"position\":1,\"name\":\"Home\",\"item\":\"https:\/\/www.alfaterm.com.br\/\"},{\"@type\":\"ListItem\",\"position\":2,\"name\":\"Informa\u00e7\u00f5es\",\"item\":\"https:\/\/www.alfaterm.com.br\/informacoes\/\"},{\"@type\":\"ListItem\",\"position\":3,\"name\":\"Torre de resfriamento de \u00e1gua pre\u00e7o\"}]},{\"@type\":\"WebSite\",\"@id\":\"https:\/\/www.alfaterm.com.br\/#website\",\"url\":\"https:\/\/www.alfaterm.com.br\/\",\"name\":\"Bem-vindo \u00e0 ALFATERM\",\"description\":\"\",\"publisher\":{\"@id\":\"https:\/\/www.alfaterm.com.br\/#organization\"},\"potentialAction\":[{\"@type\":\"SearchAction\",\"target\":{\"@type\":\"EntryPoint\",\"urlTemplate\":\"https:\/\/www.alfaterm.com.br\/?s={search_term_string}\"},\"query-input\":{\"@type\":\"PropertyValueSpecification\",\"valueRequired\":true,\"valueName\":\"search_term_string\"}}],\"inLanguage\":\"en-US\"},{\"@type\":\"Organization\",\"@id\":\"https:\/\/www.alfaterm.com.br\/#organization\",\"name\":\"Bem-vindo \u00e0 ALFATERM\",\"url\":\"https:\/\/www.alfaterm.com.br\/\",\"logo\":{\"@type\":\"ImageObject\",\"inLanguage\":\"en-US\",\"@id\":\"https:\/\/www.alfaterm.com.br\/#\/schema\/logo\/image\/\",\"url\":\"https:\/\/www.alfaterm.com.br\/wp-content\/uploads\/2024\/07\/logo-alfaterm.png\",\"contentUrl\":\"https:\/\/www.alfaterm.com.br\/wp-content\/uploads\/2024\/07\/logo-alfaterm.png\",\"width\":393,\"height\":45,\"caption\":\"Bem-vindo \u00e0 ALFATERM\"},\"image\":{\"@id\":\"https:\/\/www.alfaterm.com.br\/#\/schema\/logo\/image\/\"}}]}<\/script>\n<!-- \/ Yoast SEO Premium plugin. -->","yoast_head_json":{"title":"Torre de resfriamento de \u00e1gua pre\u00e7o - Bem-vindo \u00e0 ALFATERM","robots":{"index":"index","follow":"follow","max-snippet":"max-snippet:-1","max-image-preview":"max-image-preview:large","max-video-preview":"max-video-preview:-1"},"canonical":"https:\/\/www.alfaterm.com.br\/en\/informacoes\/torre-resfriamento-agua-preco\/","og_locale":"en_US","og_type":"article","og_title":"Torre de resfriamento de \u00e1gua pre\u00e7o","og_description":"Investir em uma&nbsp;torre de resfriamento de \u00e1gua pre\u00e7o&nbsp;justo \u00e9 uma excelente alternativa para empresas que desejam produtos fabricados sob medida para suas demandas de refrigera\u00e7\u00e3o de \u00e1gua. Este equipamento pode ser utilizado por empresas de diversos segmentos e portes e resolve o problema da remo\u00e7\u00e3o de calor da \u00e1gua utilizada nos processos. TORRE DE RESFRIAMENTO [&hellip;]","og_url":"https:\/\/www.alfaterm.com.br\/en\/informacoes\/torre-resfriamento-agua-preco\/","og_site_name":"Bem-vindo \u00e0 ALFATERM","article_modified_time":"2024-09-09T08:18:45+00:00","og_image":[{"width":699,"height":625,"url":"https:\/\/www.alfaterm.com.br\/wp-content\/uploads\/2024\/09\/fabrica-torre-resfriamento.webp","type":"image\/webp"}],"twitter_card":"summary_large_image","twitter_misc":{"Est. reading time":"2 minutes"},"schema":{"@context":"https:\/\/schema.org","@graph":[{"@type":"WebPage","@id":"https:\/\/www.alfaterm.com.br\/informacoes\/torre-resfriamento-agua-preco\/","url":"https:\/\/www.alfaterm.com.br\/informacoes\/torre-resfriamento-agua-preco\/","name":"Torre de resfriamento de \u00e1gua pre\u00e7o - Bem-vindo \u00e0 ALFATERM","isPartOf":{"@id":"https:\/\/www.alfaterm.com.br\/#website"},"primaryImageOfPage":{"@id":"https:\/\/www.alfaterm.com.br\/informacoes\/torre-resfriamento-agua-preco\/#primaryimage"},"image":{"@id":"https:\/\/www.alfaterm.com.br\/informacoes\/torre-resfriamento-agua-preco\/#primaryimage"},"thumbnailUrl":"https:\/\/www.alfaterm.com.br\/wp-content\/uploads\/2024\/09\/fabrica-torre-resfriamento.webp","datePublished":"2024-09-02T11:49:32+00:00","dateModified":"2024-09-09T08:18:45+00:00","breadcrumb":{"@id":"https:\/\/www.alfaterm.com.br\/informacoes\/torre-resfriamento-agua-preco\/#breadcrumb"},"inLanguage":"en-US","potentialAction":[{"@type":"ReadAction","target":["https:\/\/www.alfaterm.com.br\/informacoes\/torre-resfriamento-agua-preco\/"]}]},{"@type":"ImageObject","inLanguage":"en-US","@id":"https:\/\/www.alfaterm.com.br\/informacoes\/torre-resfriamento-agua-preco\/#primaryimage","url":"https:\/\/www.alfaterm.com.br\/wp-content\/uploads\/2024\/09\/fabrica-torre-resfriamento.webp","contentUrl":"https:\/\/www.alfaterm.com.br\/wp-content\/uploads\/2024\/09\/fabrica-torre-resfriamento.webp","width":699,"height":625},{"@type":"BreadcrumbList","@id":"https:\/\/www.alfaterm.com.br\/informacoes\/torre-resfriamento-agua-preco\/#breadcrumb","itemListElement":[{"@type":"ListItem","position":1,"name":"Home","item":"https:\/\/www.alfaterm.com.br\/"},{"@type":"ListItem","position":2,"name":"Informa\u00e7\u00f5es","item":"https:\/\/www.alfaterm.com.br\/informacoes\/"},{"@type":"ListItem","position":3,"name":"Torre de resfriamento de \u00e1gua pre\u00e7o"}]},{"@type":"WebSite","@id":"https:\/\/www.alfaterm.com.br\/#website","url":"https:\/\/www.alfaterm.com.br\/","name":"Bem-vindo \u00e0 ALFATERM","description":"","publisher":{"@id":"https:\/\/www.alfaterm.com.br\/#organization"},"potentialAction":[{"@type":"SearchAction","target":{"@type":"EntryPoint","urlTemplate":"https:\/\/www.alfaterm.com.br\/?s={search_term_string}"},"query-input":{"@type":"PropertyValueSpecification","valueRequired":true,"valueName":"search_term_string"}}],"inLanguage":"en-US"},{"@type":"Organization","@id":"https:\/\/www.alfaterm.com.br\/#organization","name":"Bem-vindo \u00e0 ALFATERM","url":"https:\/\/www.alfaterm.com.br\/","logo":{"@type":"ImageObject","inLanguage":"en-US","@id":"https:\/\/www.alfaterm.com.br\/#\/schema\/logo\/image\/","url":"https:\/\/www.alfaterm.com.br\/wp-content\/uploads\/2024\/07\/logo-alfaterm.png","contentUrl":"https:\/\/www.alfaterm.com.br\/wp-content\/uploads\/2024\/07\/logo-alfaterm.png","width":393,"height":45,"caption":"Bem-vindo \u00e0 ALFATERM"},"image":{"@id":"https:\/\/www.alfaterm.com.br\/#\/schema\/logo\/image\/"}}]}},"_links":{"self":[{"href":"https:\/\/www.alfaterm.com.br\/en\/wp-json\/wp\/v2\/pages\/2298","targetHints":{"allow":["GET"]}}],"collection":[{"href":"https:\/\/www.alfaterm.com.br\/en\/wp-json\/wp\/v2\/pages"}],"about":[{"href":"https:\/\/www.alfaterm.com.br\/en\/wp-json\/wp\/v2\/types\/page"}],"author":[{"embeddable":true,"href":"https:\/\/www.alfaterm.com.br\/en\/wp-json\/wp\/v2\/users\/1"}],"replies":[{"embeddable":true,"href":"https:\/\/www.alfaterm.com.br\/en\/wp-json\/wp\/v2\/comments?post=2298"}],"version-history":[{"count":0,"href":"https:\/\/www.alfaterm.com.br\/en\/wp-json\/wp\/v2\/pages\/2298\/revisions"}],"up":[{"embeddable":true,"href":"https:\/\/www.alfaterm.com.br\/en\/wp-json\/wp\/v2\/pages\/2144"}],"wp:featuredmedia":[{"embeddable":true,"href":"https:\/\/www.alfaterm.com.br\/en\/wp-json\/wp\/v2\/media\/2225"}],"wp:attachment":[{"href":"https:\/\/www.alfaterm.com.br\/en\/wp-json\/wp\/v2\/media?parent=2298"}],"curies":[{"name":"wp","href":"https:\/\/api.w.org\/{rel}","templated":true}]}}