{"id":2297,"date":"2024-09-02T08:48:35","date_gmt":"2024-09-02T11:48:35","guid":{"rendered":"https:\/\/www.alfaterm.com.br\/?page_id=2297"},"modified":"2024-09-09T05:17:39","modified_gmt":"2024-09-09T08:17:39","slug":"torre-resfriamento-agua-industrial","status":"publish","type":"page","link":"https:\/\/www.alfaterm.com.br\/en\/informacoes\/torre-resfriamento-agua-industrial\/","title":{"rendered":"Torre de resfriamento de \u00e1gua industrial"},"content":{"rendered":"<p>Ap\u00f3s a realiza\u00e7\u00e3o de muitos dos processos industriais \u00e9 necess\u00e1rio fazer o resfriamento dos equipamentos e das m\u00e1quinas, pois elas produzem uma quantidade excessivamente alta de calor durante a sua opera\u00e7\u00e3o. Para isso \u00e9 necess\u00e1rio haver uma&nbsp;torre de resfriamento de \u00e1gua industrial&nbsp;instalada adequadamente.<\/p>\n\n\n\n<h2 class=\"wp-block-heading\">ESPECIFICA\u00c7\u00d5ES DE FUNCIONAMENTO<\/h2>\n\n\n\n<p>Deve-se verificar a composi\u00e7\u00e3o e as temperaturas de entrada e sa\u00edda da \u00e1gua e a vaz\u00e3o do sistema para que o cliente tome a decis\u00e3o da compra da&nbsp;torre de resfriamento de \u00e1gua industrial. Somente assim ser\u00e1 poss\u00edvel fazer a adequa\u00e7\u00e3o de qual torre utilizar.<\/p>\n\n\n\n<p>Pensando no funcionamento b\u00e1sico da&nbsp;torre de resfriamento de \u00e1gua industrial&nbsp;\u00e9 importante observar que: a \u00e1gua entra pela parte superior da torre pelo bocal de entrada, distribui ao enchimento de contato utilizando bicos ou bocais de distribui\u00e7\u00e3o. Nesse momento \u00e9 acionado o ventilador colocado na parte superior ou na lateral da torre, o qual aspira e insufla o ar para o interior, fazendo com que passe pelo enchimento \u2013 quando a torre n\u00e3o o possui, o resfriamento \u00e9 feito diretamente do contato da \u00e1gua com o ar \u2013 fazendo com que ocorra a transfer\u00eancia de calor. Nesse momento, o ar quente sai pela parte superior da torre liberando a \u00e1gua fria atrav\u00e9s do bocal de sa\u00edda instalada na bacia de \u00e1gua fria.<\/p>\n\n\n\n<h2 class=\"wp-block-heading\">VANTAGENS DA TORRE DE RESFRIAMENTO DE \u00c1GUA INDUSTRIAL<\/h2>\n\n\n\n<p>A principal vantagem da&nbsp;torre de resfriamento de \u00e1gua industrial&nbsp;\u00e9 o resfriamento da \u00e1gua utilizada no maquin\u00e1rio industrial e reutiliz\u00e1-la. Com isso, a perda de \u00e1gua \u00e9 muito pequena, o que ocasiona a economia dos recursos h\u00eddricos.<\/p>\n\n\n\n<p>Al\u00e9m disso, seu consumo de energia \u00e9 muito baixo, economizando tamb\u00e9m na parte el\u00e9trica, j\u00e1 que a maior parte de seu funcionamento \u00e9 mec\u00e2nico e n\u00e3o el\u00e9trico.<\/p>\n\n\n\n<p>E por fim, mas n\u00e3o menos importante, elas podem ser projetadas de acordo com a necessidade de cada cliente, o que tamb\u00e9m traz economia e melhor utiliza\u00e7\u00e3o dos materiais e t\u00e9cnicas existentes com a obten\u00e7\u00e3o de resultados positivos desejados.<\/p>\n\n\n\n<h2 class=\"wp-block-heading\">ALFATERM IND\u00daSTRIA E COM\u00c9RCIO LTDA \u2013 A MELHOR EMPRESA FABRICANTE DE TORRE DE RESFRIAMENTO DE \u00c1GUA INDUSTRIAL<\/h2>\n\n\n\n<p>A ALFATERM Ind\u00fastria e Com\u00e9rcio Ltda. \u00e9 um nome forte na fabrica\u00e7\u00e3o de&nbsp;torre de resfriamento de \u00e1gua industrial&nbsp;por possuir mais de 25 anos de experi\u00eancia na \u00e1rea, e investir em pesquisa e desenvolvimento al\u00e9m de ser flex\u00edvel e \u00e1gil em sua linha de produ\u00e7\u00e3o, atendendo a todos os seus clientes cada vez melhor, mostrando-lhes que s\u00e3o \u00fanicos. Utiliza apenas mat\u00e9ria-prima de muita qualidade e as melhores tecnologias.<\/p>\n\n\n\n<h2 class=\"wp-block-heading\">Para saber mais sobre Assist\u00eancia t\u00e9cnica em torres de resfriar<\/h2>\n\n\n\n<p>Ligue para&nbsp;<strong>11 4156-8930<\/strong>&nbsp;ou&nbsp;<a href=\"https:\/\/www.alfaterm.com.br\/en\/contact\/\">clique aqui<\/a>&nbsp;e entre em contato por email.<\/p>","protected":false},"excerpt":{"rendered":"<p>Ap\u00f3s a realiza\u00e7\u00e3o de muitos dos processos industriais \u00e9 necess\u00e1rio fazer o resfriamento dos equipamentos e das m\u00e1quinas, pois elas produzem uma quantidade excessivamente alta de calor durante a sua opera\u00e7\u00e3o. Para isso \u00e9 necess\u00e1rio haver uma&nbsp;torre de resfriamento de \u00e1gua industrial&nbsp;instalada adequadamente. ESPECIFICA\u00c7\u00d5ES DE FUNCIONAMENTO Deve-se verificar a composi\u00e7\u00e3o e as temperaturas de entrada [&hellip;]<\/p>","protected":false},"author":1,"featured_media":2226,"parent":2144,"menu_order":0,"comment_status":"closed","ping_status":"closed","template":"","meta":{"_acf_changed":false,"_joinchat":[],"footnotes":""},"class_list":["post-2297","page","type-page","status-publish","has-post-thumbnail","hentry"],"acf":[],"yoast_head":"<!-- This site is optimized with the Yoast SEO Premium plugin v23.4 (Yoast SEO v27.1.1) - https:\/\/yoast.com\/product\/yoast-seo-premium-wordpress\/ -->\n<title>Torre de resfriamento de \u00e1gua industrial - Bem-vindo \u00e0 ALFATERM<\/title>\n<meta name=\"robots\" content=\"index, follow, max-snippet:-1, max-image-preview:large, max-video-preview:-1\" \/>\n<link rel=\"canonical\" href=\"https:\/\/www.alfaterm.com.br\/en\/informacoes\/torre-resfriamento-agua-industrial\/\" \/>\n<meta property=\"og:locale\" content=\"en_US\" \/>\n<meta property=\"og:type\" content=\"article\" \/>\n<meta property=\"og:title\" content=\"Torre de resfriamento de \u00e1gua industrial\" \/>\n<meta property=\"og:description\" content=\"Ap\u00f3s a realiza\u00e7\u00e3o de muitos dos processos industriais \u00e9 necess\u00e1rio fazer o resfriamento dos equipamentos e das m\u00e1quinas, pois elas produzem uma quantidade excessivamente alta de calor durante a sua opera\u00e7\u00e3o. Para isso \u00e9 necess\u00e1rio haver uma&nbsp;torre de resfriamento de \u00e1gua industrial&nbsp;instalada adequadamente. ESPECIFICA\u00c7\u00d5ES DE FUNCIONAMENTO Deve-se verificar a composi\u00e7\u00e3o e as temperaturas de entrada [&hellip;]\" \/>\n<meta property=\"og:url\" content=\"https:\/\/www.alfaterm.com.br\/en\/informacoes\/torre-resfriamento-agua-industrial\/\" \/>\n<meta property=\"og:site_name\" content=\"Bem-vindo \u00e0 ALFATERM\" \/>\n<meta property=\"article:modified_time\" content=\"2024-09-09T08:17:39+00:00\" \/>\n<meta property=\"og:image\" content=\"https:\/\/www.alfaterm.com.br\/wp-content\/uploads\/2024\/09\/equipamento-torre-resfriamento.webp\" \/>\n\t<meta property=\"og:image:width\" content=\"269\" \/>\n\t<meta property=\"og:image:height\" content=\"232\" \/>\n\t<meta property=\"og:image:type\" content=\"image\/webp\" \/>\n<meta name=\"twitter:card\" content=\"summary_large_image\" \/>\n<meta name=\"twitter:label1\" content=\"Est. reading time\" \/>\n\t<meta name=\"twitter:data1\" content=\"2 minutes\" \/>\n<script type=\"application\/ld+json\" class=\"yoast-schema-graph\">{\"@context\":\"https:\/\/schema.org\",\"@graph\":[{\"@type\":\"WebPage\",\"@id\":\"https:\/\/www.alfaterm.com.br\/informacoes\/torre-resfriamento-agua-industrial\/\",\"url\":\"https:\/\/www.alfaterm.com.br\/informacoes\/torre-resfriamento-agua-industrial\/\",\"name\":\"Torre de resfriamento de \u00e1gua industrial - Bem-vindo \u00e0 ALFATERM\",\"isPartOf\":{\"@id\":\"https:\/\/www.alfaterm.com.br\/#website\"},\"primaryImageOfPage\":{\"@id\":\"https:\/\/www.alfaterm.com.br\/informacoes\/torre-resfriamento-agua-industrial\/#primaryimage\"},\"image\":{\"@id\":\"https:\/\/www.alfaterm.com.br\/informacoes\/torre-resfriamento-agua-industrial\/#primaryimage\"},\"thumbnailUrl\":\"https:\/\/www.alfaterm.com.br\/wp-content\/uploads\/2024\/09\/equipamento-torre-resfriamento.webp\",\"datePublished\":\"2024-09-02T11:48:35+00:00\",\"dateModified\":\"2024-09-09T08:17:39+00:00\",\"breadcrumb\":{\"@id\":\"https:\/\/www.alfaterm.com.br\/informacoes\/torre-resfriamento-agua-industrial\/#breadcrumb\"},\"inLanguage\":\"en-US\",\"potentialAction\":[{\"@type\":\"ReadAction\",\"target\":[\"https:\/\/www.alfaterm.com.br\/informacoes\/torre-resfriamento-agua-industrial\/\"]}]},{\"@type\":\"ImageObject\",\"inLanguage\":\"en-US\",\"@id\":\"https:\/\/www.alfaterm.com.br\/informacoes\/torre-resfriamento-agua-industrial\/#primaryimage\",\"url\":\"https:\/\/www.alfaterm.com.br\/wp-content\/uploads\/2024\/09\/equipamento-torre-resfriamento.webp\",\"contentUrl\":\"https:\/\/www.alfaterm.com.br\/wp-content\/uploads\/2024\/09\/equipamento-torre-resfriamento.webp\",\"width\":269,\"height\":232},{\"@type\":\"BreadcrumbList\",\"@id\":\"https:\/\/www.alfaterm.com.br\/informacoes\/torre-resfriamento-agua-industrial\/#breadcrumb\",\"itemListElement\":[{\"@type\":\"ListItem\",\"position\":1,\"name\":\"Home\",\"item\":\"https:\/\/www.alfaterm.com.br\/\"},{\"@type\":\"ListItem\",\"position\":2,\"name\":\"Informa\u00e7\u00f5es\",\"item\":\"https:\/\/www.alfaterm.com.br\/informacoes\/\"},{\"@type\":\"ListItem\",\"position\":3,\"name\":\"Torre de resfriamento de \u00e1gua industrial\"}]},{\"@type\":\"WebSite\",\"@id\":\"https:\/\/www.alfaterm.com.br\/#website\",\"url\":\"https:\/\/www.alfaterm.com.br\/\",\"name\":\"Bem-vindo \u00e0 ALFATERM\",\"description\":\"\",\"publisher\":{\"@id\":\"https:\/\/www.alfaterm.com.br\/#organization\"},\"potentialAction\":[{\"@type\":\"SearchAction\",\"target\":{\"@type\":\"EntryPoint\",\"urlTemplate\":\"https:\/\/www.alfaterm.com.br\/?s={search_term_string}\"},\"query-input\":{\"@type\":\"PropertyValueSpecification\",\"valueRequired\":true,\"valueName\":\"search_term_string\"}}],\"inLanguage\":\"en-US\"},{\"@type\":\"Organization\",\"@id\":\"https:\/\/www.alfaterm.com.br\/#organization\",\"name\":\"Bem-vindo \u00e0 ALFATERM\",\"url\":\"https:\/\/www.alfaterm.com.br\/\",\"logo\":{\"@type\":\"ImageObject\",\"inLanguage\":\"en-US\",\"@id\":\"https:\/\/www.alfaterm.com.br\/#\/schema\/logo\/image\/\",\"url\":\"https:\/\/www.alfaterm.com.br\/wp-content\/uploads\/2024\/07\/logo-alfaterm.png\",\"contentUrl\":\"https:\/\/www.alfaterm.com.br\/wp-content\/uploads\/2024\/07\/logo-alfaterm.png\",\"width\":393,\"height\":45,\"caption\":\"Bem-vindo \u00e0 ALFATERM\"},\"image\":{\"@id\":\"https:\/\/www.alfaterm.com.br\/#\/schema\/logo\/image\/\"}}]}<\/script>\n<!-- \/ Yoast SEO Premium plugin. -->","yoast_head_json":{"title":"Torre de resfriamento de \u00e1gua industrial - Bem-vindo \u00e0 ALFATERM","robots":{"index":"index","follow":"follow","max-snippet":"max-snippet:-1","max-image-preview":"max-image-preview:large","max-video-preview":"max-video-preview:-1"},"canonical":"https:\/\/www.alfaterm.com.br\/en\/informacoes\/torre-resfriamento-agua-industrial\/","og_locale":"en_US","og_type":"article","og_title":"Torre de resfriamento de \u00e1gua industrial","og_description":"Ap\u00f3s a realiza\u00e7\u00e3o de muitos dos processos industriais \u00e9 necess\u00e1rio fazer o resfriamento dos equipamentos e das m\u00e1quinas, pois elas produzem uma quantidade excessivamente alta de calor durante a sua opera\u00e7\u00e3o. Para isso \u00e9 necess\u00e1rio haver uma&nbsp;torre de resfriamento de \u00e1gua industrial&nbsp;instalada adequadamente. ESPECIFICA\u00c7\u00d5ES DE FUNCIONAMENTO Deve-se verificar a composi\u00e7\u00e3o e as temperaturas de entrada [&hellip;]","og_url":"https:\/\/www.alfaterm.com.br\/en\/informacoes\/torre-resfriamento-agua-industrial\/","og_site_name":"Bem-vindo \u00e0 ALFATERM","article_modified_time":"2024-09-09T08:17:39+00:00","og_image":[{"width":269,"height":232,"url":"https:\/\/www.alfaterm.com.br\/wp-content\/uploads\/2024\/09\/equipamento-torre-resfriamento.webp","type":"image\/webp"}],"twitter_card":"summary_large_image","twitter_misc":{"Est. reading time":"2 minutes"},"schema":{"@context":"https:\/\/schema.org","@graph":[{"@type":"WebPage","@id":"https:\/\/www.alfaterm.com.br\/informacoes\/torre-resfriamento-agua-industrial\/","url":"https:\/\/www.alfaterm.com.br\/informacoes\/torre-resfriamento-agua-industrial\/","name":"Torre de resfriamento de \u00e1gua industrial - Bem-vindo \u00e0 ALFATERM","isPartOf":{"@id":"https:\/\/www.alfaterm.com.br\/#website"},"primaryImageOfPage":{"@id":"https:\/\/www.alfaterm.com.br\/informacoes\/torre-resfriamento-agua-industrial\/#primaryimage"},"image":{"@id":"https:\/\/www.alfaterm.com.br\/informacoes\/torre-resfriamento-agua-industrial\/#primaryimage"},"thumbnailUrl":"https:\/\/www.alfaterm.com.br\/wp-content\/uploads\/2024\/09\/equipamento-torre-resfriamento.webp","datePublished":"2024-09-02T11:48:35+00:00","dateModified":"2024-09-09T08:17:39+00:00","breadcrumb":{"@id":"https:\/\/www.alfaterm.com.br\/informacoes\/torre-resfriamento-agua-industrial\/#breadcrumb"},"inLanguage":"en-US","potentialAction":[{"@type":"ReadAction","target":["https:\/\/www.alfaterm.com.br\/informacoes\/torre-resfriamento-agua-industrial\/"]}]},{"@type":"ImageObject","inLanguage":"en-US","@id":"https:\/\/www.alfaterm.com.br\/informacoes\/torre-resfriamento-agua-industrial\/#primaryimage","url":"https:\/\/www.alfaterm.com.br\/wp-content\/uploads\/2024\/09\/equipamento-torre-resfriamento.webp","contentUrl":"https:\/\/www.alfaterm.com.br\/wp-content\/uploads\/2024\/09\/equipamento-torre-resfriamento.webp","width":269,"height":232},{"@type":"BreadcrumbList","@id":"https:\/\/www.alfaterm.com.br\/informacoes\/torre-resfriamento-agua-industrial\/#breadcrumb","itemListElement":[{"@type":"ListItem","position":1,"name":"Home","item":"https:\/\/www.alfaterm.com.br\/"},{"@type":"ListItem","position":2,"name":"Informa\u00e7\u00f5es","item":"https:\/\/www.alfaterm.com.br\/informacoes\/"},{"@type":"ListItem","position":3,"name":"Torre de resfriamento de \u00e1gua industrial"}]},{"@type":"WebSite","@id":"https:\/\/www.alfaterm.com.br\/#website","url":"https:\/\/www.alfaterm.com.br\/","name":"Bem-vindo \u00e0 ALFATERM","description":"","publisher":{"@id":"https:\/\/www.alfaterm.com.br\/#organization"},"potentialAction":[{"@type":"SearchAction","target":{"@type":"EntryPoint","urlTemplate":"https:\/\/www.alfaterm.com.br\/?s={search_term_string}"},"query-input":{"@type":"PropertyValueSpecification","valueRequired":true,"valueName":"search_term_string"}}],"inLanguage":"en-US"},{"@type":"Organization","@id":"https:\/\/www.alfaterm.com.br\/#organization","name":"Bem-vindo \u00e0 ALFATERM","url":"https:\/\/www.alfaterm.com.br\/","logo":{"@type":"ImageObject","inLanguage":"en-US","@id":"https:\/\/www.alfaterm.com.br\/#\/schema\/logo\/image\/","url":"https:\/\/www.alfaterm.com.br\/wp-content\/uploads\/2024\/07\/logo-alfaterm.png","contentUrl":"https:\/\/www.alfaterm.com.br\/wp-content\/uploads\/2024\/07\/logo-alfaterm.png","width":393,"height":45,"caption":"Bem-vindo \u00e0 ALFATERM"},"image":{"@id":"https:\/\/www.alfaterm.com.br\/#\/schema\/logo\/image\/"}}]}},"_links":{"self":[{"href":"https:\/\/www.alfaterm.com.br\/en\/wp-json\/wp\/v2\/pages\/2297","targetHints":{"allow":["GET"]}}],"collection":[{"href":"https:\/\/www.alfaterm.com.br\/en\/wp-json\/wp\/v2\/pages"}],"about":[{"href":"https:\/\/www.alfaterm.com.br\/en\/wp-json\/wp\/v2\/types\/page"}],"author":[{"embeddable":true,"href":"https:\/\/www.alfaterm.com.br\/en\/wp-json\/wp\/v2\/users\/1"}],"replies":[{"embeddable":true,"href":"https:\/\/www.alfaterm.com.br\/en\/wp-json\/wp\/v2\/comments?post=2297"}],"version-history":[{"count":0,"href":"https:\/\/www.alfaterm.com.br\/en\/wp-json\/wp\/v2\/pages\/2297\/revisions"}],"up":[{"embeddable":true,"href":"https:\/\/www.alfaterm.com.br\/en\/wp-json\/wp\/v2\/pages\/2144"}],"wp:featuredmedia":[{"embeddable":true,"href":"https:\/\/www.alfaterm.com.br\/en\/wp-json\/wp\/v2\/media\/2226"}],"wp:attachment":[{"href":"https:\/\/www.alfaterm.com.br\/en\/wp-json\/wp\/v2\/media?parent=2297"}],"curies":[{"name":"wp","href":"https:\/\/api.w.org\/{rel}","templated":true}]}}