{"id":2296,"date":"2024-09-02T08:48:05","date_gmt":"2024-09-02T11:48:05","guid":{"rendered":"https:\/\/www.alfaterm.com.br\/?page_id=2296"},"modified":"2024-09-09T05:17:15","modified_gmt":"2024-09-09T08:17:15","slug":"torre-resfriamento-agua","status":"publish","type":"page","link":"https:\/\/www.alfaterm.com.br\/en\/informacoes\/torre-resfriamento-agua\/","title":{"rendered":"Torre de resfriamento de \u00e1gua"},"content":{"rendered":"<p>Na maioria dos procedimentos industriais, os equipamentos e m\u00e1quinas precisam ser resfriados por gerarem grande quantidade de calor em suas opera\u00e7\u00f5es e a&nbsp;torre de resfriamento de \u00e1gua&nbsp;entra para fazer o resfriamento da \u00e1gua industrial.<\/p>\n\n\n\n<p>A \u00e1gua quente retirada desses processos passa pela&nbsp;torre de resfriamento de \u00e1gua, retornando ao circuito dos resfriadores, sendo assim reaproveitada de maneira sustent\u00e1vel e gerando economia \u00e0s empresas que utilizam a torre.<\/p>\n\n\n\n<p>O funcionamento da&nbsp;torre de resfriamento de \u00e1gua&nbsp;se d\u00e1 com a entrada de \u00e1gua na parte superior da torre, atrav\u00e9s do bocal onde a \u00e1gua \u00e9 distribu\u00edda ao enchimento de contato por meio de bicos de distribui\u00e7\u00e3o.<\/p>\n\n\n\n<p>Tamb\u00e9m pelo enchimento o ar \u00e9 insuflado ou aspirado, em contracorrente ou corrente cruzada com a \u00e1gua que desce pela&nbsp;torre de resfriamento de \u00e1gua&nbsp;e atrav\u00e9s do contato do liquido com o g\u00e1s, parte da \u00e1gua evapora ocasionando o resfriamento.<\/p>\n\n\n\n<h2 class=\"wp-block-heading\">COMPONENTES DA TORRE DE RESFRIAMENTO DE \u00c1GUA<\/h2>\n\n\n\n<p>A&nbsp;torre de resfriamento de \u00e1gua&nbsp;\u00e9 feita com tiragem de ar aspirada (ASP), insulflamento (INS), com corrente cruzada ou contracorrente, como j\u00e1 citado e s\u00e3o projetadas para as mais variadas aplica\u00e7\u00f5es.<\/p>\n\n\n\n<p>Um dos componentes da&nbsp;torre de resfriamento de \u00e1gua&nbsp;s\u00e3o os ventiladores ou h\u00e9lices, feitos em polipropileno e cubo em a\u00e7o galvanizado ou alum\u00ednio.<\/p>\n\n\n\n<p>Outro componente da&nbsp;torre de resfriamento de \u00e1gua&nbsp;s\u00e3o os eliminadores, feitos tamb\u00e9m em polipropileno, que oferecem \u00e0 torre alta resist\u00eancia mec\u00e2nica, t\u00e9rmica e qu\u00edmica.<\/p>\n\n\n\n<p>Os sistemas de distribui\u00e7\u00e3o de \u00e1gua s\u00e3o bicos feitos em PRFV ou a\u00e7o e os enchimentos de contato s\u00e3o fabricados em polipropileno. A carca\u00e7a, tamb\u00e9m chamada de difusor ou bacia de \u00e1gua fria \u00e9 feita em PRFV e suas especifica\u00e7\u00f5es podem ser formatadas a partir de prefer\u00eancias do negociador.<\/p>\n\n\n\n<h2 class=\"wp-block-heading\">COMPROMISSO COM A QUALIDADE<\/h2>\n\n\n\n<p>A ALFATERM Ind\u00fastria e Com\u00e9rcio LTDA \u00e9 a primeira empresa do setor de torres de resfriamento a ser certificada em um Sistema Integrado de Gest\u00e3o (SIG), o que prova que tem s\u00e9rio compromisso com a qualidade de todos os servi\u00e7os, produtos e processos que se prop\u00f5e a fazer.<\/p>\n\n\n\n<p>O objetivo da ALFATERM Ind\u00fastria e Com\u00e9rcio LTDA \u00e9 oferecer os melhores servi\u00e7os visando a total satisfa\u00e7\u00e3o dos clientes, al\u00e9m do compromisso \u00e9tico com o meio ambiente.<\/p>\n\n\n\n<h2 class=\"wp-block-heading\">Para saber mais sobre Assist\u00eancia t\u00e9cnica em torres de resfriar<\/h2>\n\n\n\n<p>Ligue para&nbsp;<strong>11 4156-8930<\/strong>&nbsp;ou&nbsp;<a href=\"https:\/\/www.alfaterm.com.br\/en\/contact\/\">clique aqui<\/a>&nbsp;e entre em contato por email.<\/p>","protected":false},"excerpt":{"rendered":"<p>Na maioria dos procedimentos industriais, os equipamentos e m\u00e1quinas precisam ser resfriados por gerarem grande quantidade de calor em suas opera\u00e7\u00f5es e a&nbsp;torre de resfriamento de \u00e1gua&nbsp;entra para fazer o resfriamento da \u00e1gua industrial. A \u00e1gua quente retirada desses processos passa pela&nbsp;torre de resfriamento de \u00e1gua, retornando ao circuito dos resfriadores, sendo assim reaproveitada de [&hellip;]<\/p>","protected":false},"author":1,"featured_media":2226,"parent":2144,"menu_order":0,"comment_status":"closed","ping_status":"closed","template":"","meta":{"_acf_changed":false,"_joinchat":[],"footnotes":""},"class_list":["post-2296","page","type-page","status-publish","has-post-thumbnail","hentry"],"acf":[],"yoast_head":"<!-- This site is optimized with the Yoast SEO Premium plugin v23.4 (Yoast SEO v27.1.1) - https:\/\/yoast.com\/product\/yoast-seo-premium-wordpress\/ -->\n<title>Torre de resfriamento de \u00e1gua - Bem-vindo \u00e0 ALFATERM<\/title>\n<meta name=\"robots\" content=\"index, follow, max-snippet:-1, max-image-preview:large, max-video-preview:-1\" \/>\n<link rel=\"canonical\" href=\"https:\/\/www.alfaterm.com.br\/en\/informacoes\/torre-resfriamento-agua\/\" \/>\n<meta property=\"og:locale\" content=\"en_US\" \/>\n<meta property=\"og:type\" content=\"article\" \/>\n<meta property=\"og:title\" content=\"Torre de resfriamento de \u00e1gua\" \/>\n<meta property=\"og:description\" content=\"Na maioria dos procedimentos industriais, os equipamentos e m\u00e1quinas precisam ser resfriados por gerarem grande quantidade de calor em suas opera\u00e7\u00f5es e a&nbsp;torre de resfriamento de \u00e1gua&nbsp;entra para fazer o resfriamento da \u00e1gua industrial. A \u00e1gua quente retirada desses processos passa pela&nbsp;torre de resfriamento de \u00e1gua, retornando ao circuito dos resfriadores, sendo assim reaproveitada de [&hellip;]\" \/>\n<meta property=\"og:url\" content=\"https:\/\/www.alfaterm.com.br\/en\/informacoes\/torre-resfriamento-agua\/\" \/>\n<meta property=\"og:site_name\" content=\"Bem-vindo \u00e0 ALFATERM\" \/>\n<meta property=\"article:modified_time\" content=\"2024-09-09T08:17:15+00:00\" \/>\n<meta property=\"og:image\" content=\"https:\/\/www.alfaterm.com.br\/wp-content\/uploads\/2024\/09\/equipamento-torre-resfriamento.webp\" \/>\n\t<meta property=\"og:image:width\" content=\"269\" \/>\n\t<meta property=\"og:image:height\" content=\"232\" \/>\n\t<meta property=\"og:image:type\" content=\"image\/webp\" \/>\n<meta name=\"twitter:card\" content=\"summary_large_image\" \/>\n<meta name=\"twitter:label1\" content=\"Est. reading time\" \/>\n\t<meta name=\"twitter:data1\" content=\"2 minutes\" \/>\n<script type=\"application\/ld+json\" class=\"yoast-schema-graph\">{\"@context\":\"https:\/\/schema.org\",\"@graph\":[{\"@type\":\"WebPage\",\"@id\":\"https:\/\/www.alfaterm.com.br\/informacoes\/torre-resfriamento-agua\/\",\"url\":\"https:\/\/www.alfaterm.com.br\/informacoes\/torre-resfriamento-agua\/\",\"name\":\"Torre de resfriamento de \u00e1gua - Bem-vindo \u00e0 ALFATERM\",\"isPartOf\":{\"@id\":\"https:\/\/www.alfaterm.com.br\/#website\"},\"primaryImageOfPage\":{\"@id\":\"https:\/\/www.alfaterm.com.br\/informacoes\/torre-resfriamento-agua\/#primaryimage\"},\"image\":{\"@id\":\"https:\/\/www.alfaterm.com.br\/informacoes\/torre-resfriamento-agua\/#primaryimage\"},\"thumbnailUrl\":\"https:\/\/www.alfaterm.com.br\/wp-content\/uploads\/2024\/09\/equipamento-torre-resfriamento.webp\",\"datePublished\":\"2024-09-02T11:48:05+00:00\",\"dateModified\":\"2024-09-09T08:17:15+00:00\",\"breadcrumb\":{\"@id\":\"https:\/\/www.alfaterm.com.br\/informacoes\/torre-resfriamento-agua\/#breadcrumb\"},\"inLanguage\":\"en-US\",\"potentialAction\":[{\"@type\":\"ReadAction\",\"target\":[\"https:\/\/www.alfaterm.com.br\/informacoes\/torre-resfriamento-agua\/\"]}]},{\"@type\":\"ImageObject\",\"inLanguage\":\"en-US\",\"@id\":\"https:\/\/www.alfaterm.com.br\/informacoes\/torre-resfriamento-agua\/#primaryimage\",\"url\":\"https:\/\/www.alfaterm.com.br\/wp-content\/uploads\/2024\/09\/equipamento-torre-resfriamento.webp\",\"contentUrl\":\"https:\/\/www.alfaterm.com.br\/wp-content\/uploads\/2024\/09\/equipamento-torre-resfriamento.webp\",\"width\":269,\"height\":232},{\"@type\":\"BreadcrumbList\",\"@id\":\"https:\/\/www.alfaterm.com.br\/informacoes\/torre-resfriamento-agua\/#breadcrumb\",\"itemListElement\":[{\"@type\":\"ListItem\",\"position\":1,\"name\":\"Home\",\"item\":\"https:\/\/www.alfaterm.com.br\/\"},{\"@type\":\"ListItem\",\"position\":2,\"name\":\"Informa\u00e7\u00f5es\",\"item\":\"https:\/\/www.alfaterm.com.br\/informacoes\/\"},{\"@type\":\"ListItem\",\"position\":3,\"name\":\"Torre de resfriamento de \u00e1gua\"}]},{\"@type\":\"WebSite\",\"@id\":\"https:\/\/www.alfaterm.com.br\/#website\",\"url\":\"https:\/\/www.alfaterm.com.br\/\",\"name\":\"Bem-vindo \u00e0 ALFATERM\",\"description\":\"\",\"publisher\":{\"@id\":\"https:\/\/www.alfaterm.com.br\/#organization\"},\"potentialAction\":[{\"@type\":\"SearchAction\",\"target\":{\"@type\":\"EntryPoint\",\"urlTemplate\":\"https:\/\/www.alfaterm.com.br\/?s={search_term_string}\"},\"query-input\":{\"@type\":\"PropertyValueSpecification\",\"valueRequired\":true,\"valueName\":\"search_term_string\"}}],\"inLanguage\":\"en-US\"},{\"@type\":\"Organization\",\"@id\":\"https:\/\/www.alfaterm.com.br\/#organization\",\"name\":\"Bem-vindo \u00e0 ALFATERM\",\"url\":\"https:\/\/www.alfaterm.com.br\/\",\"logo\":{\"@type\":\"ImageObject\",\"inLanguage\":\"en-US\",\"@id\":\"https:\/\/www.alfaterm.com.br\/#\/schema\/logo\/image\/\",\"url\":\"https:\/\/www.alfaterm.com.br\/wp-content\/uploads\/2024\/07\/logo-alfaterm.png\",\"contentUrl\":\"https:\/\/www.alfaterm.com.br\/wp-content\/uploads\/2024\/07\/logo-alfaterm.png\",\"width\":393,\"height\":45,\"caption\":\"Bem-vindo \u00e0 ALFATERM\"},\"image\":{\"@id\":\"https:\/\/www.alfaterm.com.br\/#\/schema\/logo\/image\/\"}}]}<\/script>\n<!-- \/ Yoast SEO Premium plugin. -->","yoast_head_json":{"title":"Torre de resfriamento de \u00e1gua - Bem-vindo \u00e0 ALFATERM","robots":{"index":"index","follow":"follow","max-snippet":"max-snippet:-1","max-image-preview":"max-image-preview:large","max-video-preview":"max-video-preview:-1"},"canonical":"https:\/\/www.alfaterm.com.br\/en\/informacoes\/torre-resfriamento-agua\/","og_locale":"en_US","og_type":"article","og_title":"Torre de resfriamento de \u00e1gua","og_description":"Na maioria dos procedimentos industriais, os equipamentos e m\u00e1quinas precisam ser resfriados por gerarem grande quantidade de calor em suas opera\u00e7\u00f5es e a&nbsp;torre de resfriamento de \u00e1gua&nbsp;entra para fazer o resfriamento da \u00e1gua industrial. A \u00e1gua quente retirada desses processos passa pela&nbsp;torre de resfriamento de \u00e1gua, retornando ao circuito dos resfriadores, sendo assim reaproveitada de [&hellip;]","og_url":"https:\/\/www.alfaterm.com.br\/en\/informacoes\/torre-resfriamento-agua\/","og_site_name":"Bem-vindo \u00e0 ALFATERM","article_modified_time":"2024-09-09T08:17:15+00:00","og_image":[{"width":269,"height":232,"url":"https:\/\/www.alfaterm.com.br\/wp-content\/uploads\/2024\/09\/equipamento-torre-resfriamento.webp","type":"image\/webp"}],"twitter_card":"summary_large_image","twitter_misc":{"Est. reading time":"2 minutes"},"schema":{"@context":"https:\/\/schema.org","@graph":[{"@type":"WebPage","@id":"https:\/\/www.alfaterm.com.br\/informacoes\/torre-resfriamento-agua\/","url":"https:\/\/www.alfaterm.com.br\/informacoes\/torre-resfriamento-agua\/","name":"Torre de resfriamento de \u00e1gua - Bem-vindo \u00e0 ALFATERM","isPartOf":{"@id":"https:\/\/www.alfaterm.com.br\/#website"},"primaryImageOfPage":{"@id":"https:\/\/www.alfaterm.com.br\/informacoes\/torre-resfriamento-agua\/#primaryimage"},"image":{"@id":"https:\/\/www.alfaterm.com.br\/informacoes\/torre-resfriamento-agua\/#primaryimage"},"thumbnailUrl":"https:\/\/www.alfaterm.com.br\/wp-content\/uploads\/2024\/09\/equipamento-torre-resfriamento.webp","datePublished":"2024-09-02T11:48:05+00:00","dateModified":"2024-09-09T08:17:15+00:00","breadcrumb":{"@id":"https:\/\/www.alfaterm.com.br\/informacoes\/torre-resfriamento-agua\/#breadcrumb"},"inLanguage":"en-US","potentialAction":[{"@type":"ReadAction","target":["https:\/\/www.alfaterm.com.br\/informacoes\/torre-resfriamento-agua\/"]}]},{"@type":"ImageObject","inLanguage":"en-US","@id":"https:\/\/www.alfaterm.com.br\/informacoes\/torre-resfriamento-agua\/#primaryimage","url":"https:\/\/www.alfaterm.com.br\/wp-content\/uploads\/2024\/09\/equipamento-torre-resfriamento.webp","contentUrl":"https:\/\/www.alfaterm.com.br\/wp-content\/uploads\/2024\/09\/equipamento-torre-resfriamento.webp","width":269,"height":232},{"@type":"BreadcrumbList","@id":"https:\/\/www.alfaterm.com.br\/informacoes\/torre-resfriamento-agua\/#breadcrumb","itemListElement":[{"@type":"ListItem","position":1,"name":"Home","item":"https:\/\/www.alfaterm.com.br\/"},{"@type":"ListItem","position":2,"name":"Informa\u00e7\u00f5es","item":"https:\/\/www.alfaterm.com.br\/informacoes\/"},{"@type":"ListItem","position":3,"name":"Torre de resfriamento de \u00e1gua"}]},{"@type":"WebSite","@id":"https:\/\/www.alfaterm.com.br\/#website","url":"https:\/\/www.alfaterm.com.br\/","name":"Bem-vindo \u00e0 ALFATERM","description":"","publisher":{"@id":"https:\/\/www.alfaterm.com.br\/#organization"},"potentialAction":[{"@type":"SearchAction","target":{"@type":"EntryPoint","urlTemplate":"https:\/\/www.alfaterm.com.br\/?s={search_term_string}"},"query-input":{"@type":"PropertyValueSpecification","valueRequired":true,"valueName":"search_term_string"}}],"inLanguage":"en-US"},{"@type":"Organization","@id":"https:\/\/www.alfaterm.com.br\/#organization","name":"Bem-vindo \u00e0 ALFATERM","url":"https:\/\/www.alfaterm.com.br\/","logo":{"@type":"ImageObject","inLanguage":"en-US","@id":"https:\/\/www.alfaterm.com.br\/#\/schema\/logo\/image\/","url":"https:\/\/www.alfaterm.com.br\/wp-content\/uploads\/2024\/07\/logo-alfaterm.png","contentUrl":"https:\/\/www.alfaterm.com.br\/wp-content\/uploads\/2024\/07\/logo-alfaterm.png","width":393,"height":45,"caption":"Bem-vindo \u00e0 ALFATERM"},"image":{"@id":"https:\/\/www.alfaterm.com.br\/#\/schema\/logo\/image\/"}}]}},"_links":{"self":[{"href":"https:\/\/www.alfaterm.com.br\/en\/wp-json\/wp\/v2\/pages\/2296","targetHints":{"allow":["GET"]}}],"collection":[{"href":"https:\/\/www.alfaterm.com.br\/en\/wp-json\/wp\/v2\/pages"}],"about":[{"href":"https:\/\/www.alfaterm.com.br\/en\/wp-json\/wp\/v2\/types\/page"}],"author":[{"embeddable":true,"href":"https:\/\/www.alfaterm.com.br\/en\/wp-json\/wp\/v2\/users\/1"}],"replies":[{"embeddable":true,"href":"https:\/\/www.alfaterm.com.br\/en\/wp-json\/wp\/v2\/comments?post=2296"}],"version-history":[{"count":0,"href":"https:\/\/www.alfaterm.com.br\/en\/wp-json\/wp\/v2\/pages\/2296\/revisions"}],"up":[{"embeddable":true,"href":"https:\/\/www.alfaterm.com.br\/en\/wp-json\/wp\/v2\/pages\/2144"}],"wp:featuredmedia":[{"embeddable":true,"href":"https:\/\/www.alfaterm.com.br\/en\/wp-json\/wp\/v2\/media\/2226"}],"wp:attachment":[{"href":"https:\/\/www.alfaterm.com.br\/en\/wp-json\/wp\/v2\/media?parent=2296"}],"curies":[{"name":"wp","href":"https:\/\/api.w.org\/{rel}","templated":true}]}}