{"id":2270,"date":"2024-09-02T08:22:36","date_gmt":"2024-09-02T11:22:36","guid":{"rendered":"https:\/\/www.alfaterm.com.br\/?page_id=2270"},"modified":"2024-09-09T05:20:47","modified_gmt":"2024-09-09T08:20:47","slug":"sistema-resfriamento-industrial","status":"publish","type":"page","link":"https:\/\/www.alfaterm.com.br\/en\/informacoes\/sistema-resfriamento-industrial\/","title":{"rendered":"Sistema de resfriamento industrial"},"content":{"rendered":"<p>O&nbsp;sistema de resfriamento industrial&nbsp;\u00e9 utilizado em v\u00e1rios ramos, como, por exemplo, ind\u00fastrias pl\u00e1sticas, de fundi\u00e7\u00e3o, sider\u00fargicas, aliment\u00edcias, papel e celulose, qu\u00edmicas, entre outras. Como o controle da temperatura \u00e9 essencial para as ind\u00fastrias, nesse caso \u00e9 necess\u00e1rio gerir o calor causado por todos os processos industriais. Esse controle, n\u00e3o s\u00f3 evita danos aos processos como tamb\u00e9m reduz custos. Para retirar o calor \u00e9 necess\u00e1rio um&nbsp;sistema de resfriamento industrial, que vai al\u00e9m de uma etapa dos processos industriais. Esse sistema tamb\u00e9m oferece benef\u00edcios importantes para o correto funcionamento das ind\u00fastrias.<\/p>\n\n\n\n<h2 class=\"wp-block-heading\">EQUIPAMENTOS COM SISTEMA DE RESFRIAMENTO INDUSTRIAL<\/h2>\n\n\n\n<p>A \u00e1gua \u00e9 o principal componente utilizado no&nbsp;sistema de resfriamento industrial. A temperatura da \u00e1gua deve ser reduzida o tempo todo at\u00e9 que fique ideal para uso desse sistema. Ela evita o superaquecimento e contribui para maior produtividade. Al\u00e9m disso, para evitar desperd\u00edcios, o&nbsp;sistema de resfriamento industrial&nbsp;reaproveita esse recurso.<\/p>\n\n\n\n<p>S\u00e3o muito utilizadas h\u00e1 anos as torres de resfriamento para a execu\u00e7\u00e3o do resfriamento industrial. Elas s\u00e3o consideradas a solu\u00e7\u00e3o mais antiga, mais eficiente e a mais barata j\u00e1 utilizada.<\/p>\n\n\n\n<p>Os resfriadores s\u00e3o utilizados em&nbsp;sistema de resfriamento industrial&nbsp;nos quais n\u00e3o seja permitida a contamina\u00e7\u00e3o dos flu\u00eddos resfriados. A serpentina de a\u00e7o contida no interior desses equipamentos mant\u00e9m a \u00e1gua isenta de contamina\u00e7\u00f5es que possam causar-lhes danos.<\/p>\n\n\n\n<p>Os chamados resfriadores secos ou drycoolers do&nbsp;sistema de resfriamento industrial&nbsp;operam com circuitos fechados e oferecem economia de at\u00e9 97% de \u00e1gua se comparados ao circuito aberto.<\/p>\n\n\n\n<p>Unidades de \u00e1gua gelada e chillers s\u00e3o indicados em processos nos quais a \u00e1gua necessita alcan\u00e7ar temperaturas inferiores a 25\u00baC ou at\u00e9 mesmo negativas.<\/p>\n\n\n\n<p>Um&nbsp;sistema de resfriamento industrial&nbsp;bem controlado \u00e9 capaz de aproveitar ao m\u00e1ximo a transforma\u00e7\u00e3o da energia t\u00e9rmica. Diante da necessidade de economizar recursos como a \u00e1gua e a energia, o&nbsp;sistema de resfriamento industrial&nbsp;tornou-se mais evidente em processos produtivos.<\/p>\n\n\n\n<h2 class=\"wp-block-heading\">ALFATERM \u2013 SERVI\u00c7OS DE MANUTEN\u00c7\u00c3O PREVENTIVA E CORRETIVA<\/h2>\n\n\n\n<p>A empresa ALFATERM Ind\u00fastria e Com\u00e9rcio Ltda. atua no segmento de produtos, fabrica\u00e7\u00e3o, presta\u00e7\u00e3o de servi\u00e7os e manuten\u00e7\u00e3o e montagem de torres de resfriamento para ind\u00fastrias.<\/p>\n\n\n\n<p>Com vasta experi\u00eancia no mercado, a ALFATERM Ind\u00fastria e Com\u00e9rcio Ltda. oferece servi\u00e7os de manuten\u00e7\u00e3o preventiva e corretiva para torres de resfriamento de \u00e1gua industrial. A empresa opera a manuten\u00e7\u00e3o em componentes diversos. Como prova de sua compet\u00eancia e qualidade, a ALFATERM Ind\u00fastria e Com\u00e9rcio Ltda. possui o certificado do Sistema Integrado de Gest\u00e3o (ISO 9001 \/ ISO 14001 \/ OHSAS 18001).<\/p>\n\n\n\n<h2 class=\"wp-block-heading\">Para saber mais sobre Assist\u00eancia t\u00e9cnica em torres de resfriar<\/h2>\n\n\n\n<p>Ligue para&nbsp;<strong>11 4156-8930<\/strong>&nbsp;ou&nbsp;<a href=\"https:\/\/www.alfaterm.com.br\/en\/contact\/\">clique aqui<\/a>&nbsp;e entre em contato por email.<\/p>","protected":false},"excerpt":{"rendered":"<p>O&nbsp;sistema de resfriamento industrial&nbsp;\u00e9 utilizado em v\u00e1rios ramos, como, por exemplo, ind\u00fastrias pl\u00e1sticas, de fundi\u00e7\u00e3o, sider\u00fargicas, aliment\u00edcias, papel e celulose, qu\u00edmicas, entre outras. Como o controle da temperatura \u00e9 essencial para as ind\u00fastrias, nesse caso \u00e9 necess\u00e1rio gerir o calor causado por todos os processos industriais. Esse controle, n\u00e3o s\u00f3 evita danos aos processos como [&hellip;]<\/p>","protected":false},"author":1,"featured_media":2291,"parent":2144,"menu_order":0,"comment_status":"closed","ping_status":"closed","template":"","meta":{"_acf_changed":false,"_joinchat":[],"footnotes":""},"class_list":["post-2270","page","type-page","status-publish","has-post-thumbnail","hentry"],"acf":[],"yoast_head":"<!-- This site is optimized with the Yoast SEO Premium plugin v23.4 (Yoast SEO v27.1.1) - https:\/\/yoast.com\/product\/yoast-seo-premium-wordpress\/ -->\n<title>Sistema de resfriamento industrial - Bem-vindo \u00e0 ALFATERM<\/title>\n<meta name=\"robots\" content=\"index, follow, max-snippet:-1, max-image-preview:large, max-video-preview:-1\" \/>\n<link rel=\"canonical\" href=\"https:\/\/www.alfaterm.com.br\/en\/informacoes\/sistema-resfriamento-industrial\/\" \/>\n<meta property=\"og:locale\" content=\"en_US\" \/>\n<meta property=\"og:type\" content=\"article\" \/>\n<meta property=\"og:title\" content=\"Sistema de resfriamento industrial\" \/>\n<meta property=\"og:description\" content=\"O&nbsp;sistema de resfriamento industrial&nbsp;\u00e9 utilizado em v\u00e1rios ramos, como, por exemplo, ind\u00fastrias pl\u00e1sticas, de fundi\u00e7\u00e3o, sider\u00fargicas, aliment\u00edcias, papel e celulose, qu\u00edmicas, entre outras. Como o controle da temperatura \u00e9 essencial para as ind\u00fastrias, nesse caso \u00e9 necess\u00e1rio gerir o calor causado por todos os processos industriais. Esse controle, n\u00e3o s\u00f3 evita danos aos processos como [&hellip;]\" \/>\n<meta property=\"og:url\" content=\"https:\/\/www.alfaterm.com.br\/en\/informacoes\/sistema-resfriamento-industrial\/\" \/>\n<meta property=\"og:site_name\" content=\"Bem-vindo \u00e0 ALFATERM\" \/>\n<meta property=\"article:modified_time\" content=\"2024-09-09T08:20:47+00:00\" \/>\n<meta property=\"og:image\" content=\"https:\/\/www.alfaterm.com.br\/wp-content\/uploads\/2024\/09\/sistema-resfriamento-industrial.webp\" \/>\n\t<meta property=\"og:image:width\" content=\"800\" \/>\n\t<meta property=\"og:image:height\" content=\"592\" \/>\n\t<meta property=\"og:image:type\" content=\"image\/webp\" \/>\n<meta name=\"twitter:card\" content=\"summary_large_image\" \/>\n<meta name=\"twitter:label1\" content=\"Est. reading time\" \/>\n\t<meta name=\"twitter:data1\" content=\"2 minutes\" \/>\n<script type=\"application\/ld+json\" class=\"yoast-schema-graph\">{\"@context\":\"https:\/\/schema.org\",\"@graph\":[{\"@type\":\"WebPage\",\"@id\":\"https:\/\/www.alfaterm.com.br\/informacoes\/sistema-resfriamento-industrial\/\",\"url\":\"https:\/\/www.alfaterm.com.br\/informacoes\/sistema-resfriamento-industrial\/\",\"name\":\"Sistema de resfriamento industrial - Bem-vindo \u00e0 ALFATERM\",\"isPartOf\":{\"@id\":\"https:\/\/www.alfaterm.com.br\/#website\"},\"primaryImageOfPage\":{\"@id\":\"https:\/\/www.alfaterm.com.br\/informacoes\/sistema-resfriamento-industrial\/#primaryimage\"},\"image\":{\"@id\":\"https:\/\/www.alfaterm.com.br\/informacoes\/sistema-resfriamento-industrial\/#primaryimage\"},\"thumbnailUrl\":\"https:\/\/www.alfaterm.com.br\/wp-content\/uploads\/2024\/09\/sistema-resfriamento-industrial.webp\",\"datePublished\":\"2024-09-02T11:22:36+00:00\",\"dateModified\":\"2024-09-09T08:20:47+00:00\",\"breadcrumb\":{\"@id\":\"https:\/\/www.alfaterm.com.br\/informacoes\/sistema-resfriamento-industrial\/#breadcrumb\"},\"inLanguage\":\"en-US\",\"potentialAction\":[{\"@type\":\"ReadAction\",\"target\":[\"https:\/\/www.alfaterm.com.br\/informacoes\/sistema-resfriamento-industrial\/\"]}]},{\"@type\":\"ImageObject\",\"inLanguage\":\"en-US\",\"@id\":\"https:\/\/www.alfaterm.com.br\/informacoes\/sistema-resfriamento-industrial\/#primaryimage\",\"url\":\"https:\/\/www.alfaterm.com.br\/wp-content\/uploads\/2024\/09\/sistema-resfriamento-industrial.webp\",\"contentUrl\":\"https:\/\/www.alfaterm.com.br\/wp-content\/uploads\/2024\/09\/sistema-resfriamento-industrial.webp\",\"width\":800,\"height\":592},{\"@type\":\"BreadcrumbList\",\"@id\":\"https:\/\/www.alfaterm.com.br\/informacoes\/sistema-resfriamento-industrial\/#breadcrumb\",\"itemListElement\":[{\"@type\":\"ListItem\",\"position\":1,\"name\":\"Home\",\"item\":\"https:\/\/www.alfaterm.com.br\/\"},{\"@type\":\"ListItem\",\"position\":2,\"name\":\"Informa\u00e7\u00f5es\",\"item\":\"https:\/\/www.alfaterm.com.br\/informacoes\/\"},{\"@type\":\"ListItem\",\"position\":3,\"name\":\"Sistema de resfriamento industrial\"}]},{\"@type\":\"WebSite\",\"@id\":\"https:\/\/www.alfaterm.com.br\/#website\",\"url\":\"https:\/\/www.alfaterm.com.br\/\",\"name\":\"Bem-vindo \u00e0 ALFATERM\",\"description\":\"\",\"publisher\":{\"@id\":\"https:\/\/www.alfaterm.com.br\/#organization\"},\"potentialAction\":[{\"@type\":\"SearchAction\",\"target\":{\"@type\":\"EntryPoint\",\"urlTemplate\":\"https:\/\/www.alfaterm.com.br\/?s={search_term_string}\"},\"query-input\":{\"@type\":\"PropertyValueSpecification\",\"valueRequired\":true,\"valueName\":\"search_term_string\"}}],\"inLanguage\":\"en-US\"},{\"@type\":\"Organization\",\"@id\":\"https:\/\/www.alfaterm.com.br\/#organization\",\"name\":\"Bem-vindo \u00e0 ALFATERM\",\"url\":\"https:\/\/www.alfaterm.com.br\/\",\"logo\":{\"@type\":\"ImageObject\",\"inLanguage\":\"en-US\",\"@id\":\"https:\/\/www.alfaterm.com.br\/#\/schema\/logo\/image\/\",\"url\":\"https:\/\/www.alfaterm.com.br\/wp-content\/uploads\/2024\/07\/logo-alfaterm.png\",\"contentUrl\":\"https:\/\/www.alfaterm.com.br\/wp-content\/uploads\/2024\/07\/logo-alfaterm.png\",\"width\":393,\"height\":45,\"caption\":\"Bem-vindo \u00e0 ALFATERM\"},\"image\":{\"@id\":\"https:\/\/www.alfaterm.com.br\/#\/schema\/logo\/image\/\"}}]}<\/script>\n<!-- \/ Yoast SEO Premium plugin. -->","yoast_head_json":{"title":"Sistema de resfriamento industrial - Bem-vindo \u00e0 ALFATERM","robots":{"index":"index","follow":"follow","max-snippet":"max-snippet:-1","max-image-preview":"max-image-preview:large","max-video-preview":"max-video-preview:-1"},"canonical":"https:\/\/www.alfaterm.com.br\/en\/informacoes\/sistema-resfriamento-industrial\/","og_locale":"en_US","og_type":"article","og_title":"Sistema de resfriamento industrial","og_description":"O&nbsp;sistema de resfriamento industrial&nbsp;\u00e9 utilizado em v\u00e1rios ramos, como, por exemplo, ind\u00fastrias pl\u00e1sticas, de fundi\u00e7\u00e3o, sider\u00fargicas, aliment\u00edcias, papel e celulose, qu\u00edmicas, entre outras. Como o controle da temperatura \u00e9 essencial para as ind\u00fastrias, nesse caso \u00e9 necess\u00e1rio gerir o calor causado por todos os processos industriais. Esse controle, n\u00e3o s\u00f3 evita danos aos processos como [&hellip;]","og_url":"https:\/\/www.alfaterm.com.br\/en\/informacoes\/sistema-resfriamento-industrial\/","og_site_name":"Bem-vindo \u00e0 ALFATERM","article_modified_time":"2024-09-09T08:20:47+00:00","og_image":[{"width":800,"height":592,"url":"https:\/\/www.alfaterm.com.br\/wp-content\/uploads\/2024\/09\/sistema-resfriamento-industrial.webp","type":"image\/webp"}],"twitter_card":"summary_large_image","twitter_misc":{"Est. reading time":"2 minutes"},"schema":{"@context":"https:\/\/schema.org","@graph":[{"@type":"WebPage","@id":"https:\/\/www.alfaterm.com.br\/informacoes\/sistema-resfriamento-industrial\/","url":"https:\/\/www.alfaterm.com.br\/informacoes\/sistema-resfriamento-industrial\/","name":"Sistema de resfriamento industrial - Bem-vindo \u00e0 ALFATERM","isPartOf":{"@id":"https:\/\/www.alfaterm.com.br\/#website"},"primaryImageOfPage":{"@id":"https:\/\/www.alfaterm.com.br\/informacoes\/sistema-resfriamento-industrial\/#primaryimage"},"image":{"@id":"https:\/\/www.alfaterm.com.br\/informacoes\/sistema-resfriamento-industrial\/#primaryimage"},"thumbnailUrl":"https:\/\/www.alfaterm.com.br\/wp-content\/uploads\/2024\/09\/sistema-resfriamento-industrial.webp","datePublished":"2024-09-02T11:22:36+00:00","dateModified":"2024-09-09T08:20:47+00:00","breadcrumb":{"@id":"https:\/\/www.alfaterm.com.br\/informacoes\/sistema-resfriamento-industrial\/#breadcrumb"},"inLanguage":"en-US","potentialAction":[{"@type":"ReadAction","target":["https:\/\/www.alfaterm.com.br\/informacoes\/sistema-resfriamento-industrial\/"]}]},{"@type":"ImageObject","inLanguage":"en-US","@id":"https:\/\/www.alfaterm.com.br\/informacoes\/sistema-resfriamento-industrial\/#primaryimage","url":"https:\/\/www.alfaterm.com.br\/wp-content\/uploads\/2024\/09\/sistema-resfriamento-industrial.webp","contentUrl":"https:\/\/www.alfaterm.com.br\/wp-content\/uploads\/2024\/09\/sistema-resfriamento-industrial.webp","width":800,"height":592},{"@type":"BreadcrumbList","@id":"https:\/\/www.alfaterm.com.br\/informacoes\/sistema-resfriamento-industrial\/#breadcrumb","itemListElement":[{"@type":"ListItem","position":1,"name":"Home","item":"https:\/\/www.alfaterm.com.br\/"},{"@type":"ListItem","position":2,"name":"Informa\u00e7\u00f5es","item":"https:\/\/www.alfaterm.com.br\/informacoes\/"},{"@type":"ListItem","position":3,"name":"Sistema de resfriamento industrial"}]},{"@type":"WebSite","@id":"https:\/\/www.alfaterm.com.br\/#website","url":"https:\/\/www.alfaterm.com.br\/","name":"Bem-vindo \u00e0 ALFATERM","description":"","publisher":{"@id":"https:\/\/www.alfaterm.com.br\/#organization"},"potentialAction":[{"@type":"SearchAction","target":{"@type":"EntryPoint","urlTemplate":"https:\/\/www.alfaterm.com.br\/?s={search_term_string}"},"query-input":{"@type":"PropertyValueSpecification","valueRequired":true,"valueName":"search_term_string"}}],"inLanguage":"en-US"},{"@type":"Organization","@id":"https:\/\/www.alfaterm.com.br\/#organization","name":"Bem-vindo \u00e0 ALFATERM","url":"https:\/\/www.alfaterm.com.br\/","logo":{"@type":"ImageObject","inLanguage":"en-US","@id":"https:\/\/www.alfaterm.com.br\/#\/schema\/logo\/image\/","url":"https:\/\/www.alfaterm.com.br\/wp-content\/uploads\/2024\/07\/logo-alfaterm.png","contentUrl":"https:\/\/www.alfaterm.com.br\/wp-content\/uploads\/2024\/07\/logo-alfaterm.png","width":393,"height":45,"caption":"Bem-vindo \u00e0 ALFATERM"},"image":{"@id":"https:\/\/www.alfaterm.com.br\/#\/schema\/logo\/image\/"}}]}},"_links":{"self":[{"href":"https:\/\/www.alfaterm.com.br\/en\/wp-json\/wp\/v2\/pages\/2270","targetHints":{"allow":["GET"]}}],"collection":[{"href":"https:\/\/www.alfaterm.com.br\/en\/wp-json\/wp\/v2\/pages"}],"about":[{"href":"https:\/\/www.alfaterm.com.br\/en\/wp-json\/wp\/v2\/types\/page"}],"author":[{"embeddable":true,"href":"https:\/\/www.alfaterm.com.br\/en\/wp-json\/wp\/v2\/users\/1"}],"replies":[{"embeddable":true,"href":"https:\/\/www.alfaterm.com.br\/en\/wp-json\/wp\/v2\/comments?post=2270"}],"version-history":[{"count":0,"href":"https:\/\/www.alfaterm.com.br\/en\/wp-json\/wp\/v2\/pages\/2270\/revisions"}],"up":[{"embeddable":true,"href":"https:\/\/www.alfaterm.com.br\/en\/wp-json\/wp\/v2\/pages\/2144"}],"wp:featuredmedia":[{"embeddable":true,"href":"https:\/\/www.alfaterm.com.br\/en\/wp-json\/wp\/v2\/media\/2291"}],"wp:attachment":[{"href":"https:\/\/www.alfaterm.com.br\/en\/wp-json\/wp\/v2\/media?parent=2270"}],"curies":[{"name":"wp","href":"https:\/\/api.w.org\/{rel}","templated":true}]}}