{"id":2269,"date":"2024-09-02T08:22:51","date_gmt":"2024-09-02T11:22:51","guid":{"rendered":"https:\/\/www.alfaterm.com.br\/?page_id=2269"},"modified":"2024-09-09T05:12:17","modified_gmt":"2024-09-09T08:12:17","slug":"torre-arrefecimento","status":"publish","type":"page","link":"https:\/\/www.alfaterm.com.br\/en\/informacoes\/torre-arrefecimento\/","title":{"rendered":"Torre de arrefecimento"},"content":{"rendered":"<p>Arrefecimento \u00e9 o mesmo que esfriar ou resfriar. Uma&nbsp;torre de arrefecimento&nbsp;cumpre o papel de resfriar processos industriais que operam com temperaturas muito elevadas. Essas torres criam o resfriamento por meio da circula\u00e7\u00e3o de \u00e1gua, a qual \u00e9 resfriada pelo ar e reaproveitada.<\/p>\n\n\n\n<p>A&nbsp;torre de arrefecimento&nbsp;possui uma entrada de \u00e1gua quente em sua parte mais elevada. Essa \u00e1gua \u00e9 ent\u00e3o espalhada para que caia na forma de gotas em telas de enchimento, tendo contato com ar frio e escorrendo para a parte baixa da&nbsp;torre de arrefecimento, por onde a \u00e1gua \u00e9 encaminhada para reaproveitamento no processo produtivo de uma ind\u00fastria.<\/p>\n\n\n\n<h2 class=\"wp-block-heading\">A TORRE DE ARREFECIMENTO \u00c9 COMPONENTE IMPORTANTE EM V\u00c1RIOS PROCESSOS PRODUTIVOS DA IND\u00daSTRIA<\/h2>\n\n\n\n<p>Uma&nbsp;torre de arrefecimento&nbsp;proporciona o resfriamento de processos industriais para a produ\u00e7\u00e3o de pe\u00e7as, dispositivos, equipamentos e mat\u00e9ria-prima, que requerem temperaturas muito altas para acontecer.<\/p>\n\n\n\n<p>As ind\u00fastrias podem escolher o modelo mais adequado de&nbsp;torre de arrefecimento, de acordo com as necessidades de seu segmento de atua\u00e7\u00e3o. H\u00e1 modelos de tamanhos variados; os grandes, que s\u00e3o capazes de processar o arrefecimento de grandes quantidades de \u00e1gua; ou os menores, para lidar com pequenas demandas de resfriamento.<\/p>\n\n\n\n<p>A&nbsp;torre de arrefecimento&nbsp;deve proporcionar o arrefecimento adequado para cada processo produtivo da ind\u00fastria e deve receber cuidados de manuten\u00e7\u00e3o para que continue a operar de maneira eficiente, sem que cause qualquer tipo de preju\u00edzo \u00e0 produ\u00e7\u00e3o das empresas.<\/p>\n\n\n\n<p>Empresas que comercializam a&nbsp;torre de arrefecimento&nbsp;devem trabalhar com materiais de primeira linha, possuir tecnologia de ponta para a sua produ\u00e7\u00e3o, e dispor de profissionais capacitados tanto para a fabrica\u00e7\u00e3o das torres quanto para assessorar seus clientes de modo a permitir que fa\u00e7am a escolha mais inteligente para atender suas necessidades.<\/p>\n\n\n\n<h2 class=\"wp-block-heading\">EMPRESA ESPECIALIZADA EM TORRE DE ARREFECIMENTO<\/h2>\n\n\n\n<p>Presente no mercado h\u00e1 mais de 30 anos, a ALFATERM Ind\u00fastria e Com\u00e9rcio Ltda. aproveita toda a sua experi\u00eancia para produzir, instalar e realizar a manuten\u00e7\u00e3o de torres de resfriamento de \u00e1gua em toda a Am\u00e9rica Latina com a m\u00e1xima excel\u00eancia. A empresa possui os certificados ISSO 9001:2008 e ISSO 14001:2004. A ALFATERM Ind\u00fastria e Com\u00e9rcio Ltda. atende a toda a Am\u00e9rica Latina, com seus produtos e servi\u00e7os, a partir de sua sede em Santana do Parna\u00edba (SP).<\/p>\n\n\n\n<h2 class=\"wp-block-heading\">Para saber mais sobre Assist\u00eancia t\u00e9cnica em torres de resfriar<\/h2>\n\n\n\n<p>Ligue para&nbsp;<strong>11 4156-8930<\/strong>&nbsp;ou&nbsp;<a href=\"https:\/\/www.alfaterm.com.br\/en\/contact\/\">clique aqui<\/a>&nbsp;e entre em contato por email.<\/p>\n\n\n\n<p><\/p>","protected":false},"excerpt":{"rendered":"<p>Arrefecimento \u00e9 o mesmo que esfriar ou resfriar. Uma&nbsp;torre de arrefecimento&nbsp;cumpre o papel de resfriar processos industriais que operam com temperaturas muito elevadas. Essas torres criam o resfriamento por meio da circula\u00e7\u00e3o de \u00e1gua, a qual \u00e9 resfriada pelo ar e reaproveitada. A&nbsp;torre de arrefecimento&nbsp;possui uma entrada de \u00e1gua quente em sua parte mais elevada. [&hellip;]<\/p>","protected":false},"author":1,"featured_media":2228,"parent":2144,"menu_order":0,"comment_status":"closed","ping_status":"closed","template":"","meta":{"_acf_changed":false,"_joinchat":[],"footnotes":""},"class_list":["post-2269","page","type-page","status-publish","has-post-thumbnail","hentry"],"acf":[],"yoast_head":"<!-- This site is optimized with the Yoast SEO Premium plugin v23.4 (Yoast SEO v27.1.1) - https:\/\/yoast.com\/product\/yoast-seo-premium-wordpress\/ -->\n<title>Torre de arrefecimento - Bem-vindo \u00e0 ALFATERM<\/title>\n<meta name=\"robots\" content=\"index, follow, max-snippet:-1, max-image-preview:large, max-video-preview:-1\" \/>\n<link rel=\"canonical\" href=\"https:\/\/www.alfaterm.com.br\/en\/informacoes\/torre-arrefecimento\/\" \/>\n<meta property=\"og:locale\" content=\"en_US\" \/>\n<meta property=\"og:type\" content=\"article\" \/>\n<meta property=\"og:title\" content=\"Torre de arrefecimento\" \/>\n<meta property=\"og:description\" content=\"Arrefecimento \u00e9 o mesmo que esfriar ou resfriar. Uma&nbsp;torre de arrefecimento&nbsp;cumpre o papel de resfriar processos industriais que operam com temperaturas muito elevadas. Essas torres criam o resfriamento por meio da circula\u00e7\u00e3o de \u00e1gua, a qual \u00e9 resfriada pelo ar e reaproveitada. A&nbsp;torre de arrefecimento&nbsp;possui uma entrada de \u00e1gua quente em sua parte mais elevada. [&hellip;]\" \/>\n<meta property=\"og:url\" content=\"https:\/\/www.alfaterm.com.br\/en\/informacoes\/torre-arrefecimento\/\" \/>\n<meta property=\"og:site_name\" content=\"Bem-vindo \u00e0 ALFATERM\" \/>\n<meta property=\"article:modified_time\" content=\"2024-09-09T08:12:17+00:00\" \/>\n<meta property=\"og:image\" content=\"https:\/\/www.alfaterm.com.br\/wp-content\/uploads\/2024\/09\/conserto-torre-resfriamento.webp\" \/>\n\t<meta property=\"og:image:width\" content=\"800\" \/>\n\t<meta property=\"og:image:height\" content=\"1200\" \/>\n\t<meta property=\"og:image:type\" content=\"image\/webp\" \/>\n<meta name=\"twitter:card\" content=\"summary_large_image\" \/>\n<meta name=\"twitter:label1\" content=\"Est. reading time\" \/>\n\t<meta name=\"twitter:data1\" content=\"2 minutes\" \/>\n<script type=\"application\/ld+json\" class=\"yoast-schema-graph\">{\"@context\":\"https:\/\/schema.org\",\"@graph\":[{\"@type\":\"WebPage\",\"@id\":\"https:\/\/www.alfaterm.com.br\/informacoes\/torre-arrefecimento\/\",\"url\":\"https:\/\/www.alfaterm.com.br\/informacoes\/torre-arrefecimento\/\",\"name\":\"Torre de arrefecimento - Bem-vindo \u00e0 ALFATERM\",\"isPartOf\":{\"@id\":\"https:\/\/www.alfaterm.com.br\/#website\"},\"primaryImageOfPage\":{\"@id\":\"https:\/\/www.alfaterm.com.br\/informacoes\/torre-arrefecimento\/#primaryimage\"},\"image\":{\"@id\":\"https:\/\/www.alfaterm.com.br\/informacoes\/torre-arrefecimento\/#primaryimage\"},\"thumbnailUrl\":\"https:\/\/www.alfaterm.com.br\/wp-content\/uploads\/2024\/09\/conserto-torre-resfriamento.webp\",\"datePublished\":\"2024-09-02T11:22:51+00:00\",\"dateModified\":\"2024-09-09T08:12:17+00:00\",\"breadcrumb\":{\"@id\":\"https:\/\/www.alfaterm.com.br\/informacoes\/torre-arrefecimento\/#breadcrumb\"},\"inLanguage\":\"en-US\",\"potentialAction\":[{\"@type\":\"ReadAction\",\"target\":[\"https:\/\/www.alfaterm.com.br\/informacoes\/torre-arrefecimento\/\"]}]},{\"@type\":\"ImageObject\",\"inLanguage\":\"en-US\",\"@id\":\"https:\/\/www.alfaterm.com.br\/informacoes\/torre-arrefecimento\/#primaryimage\",\"url\":\"https:\/\/www.alfaterm.com.br\/wp-content\/uploads\/2024\/09\/conserto-torre-resfriamento.webp\",\"contentUrl\":\"https:\/\/www.alfaterm.com.br\/wp-content\/uploads\/2024\/09\/conserto-torre-resfriamento.webp\",\"width\":800,\"height\":1200},{\"@type\":\"BreadcrumbList\",\"@id\":\"https:\/\/www.alfaterm.com.br\/informacoes\/torre-arrefecimento\/#breadcrumb\",\"itemListElement\":[{\"@type\":\"ListItem\",\"position\":1,\"name\":\"Home\",\"item\":\"https:\/\/www.alfaterm.com.br\/\"},{\"@type\":\"ListItem\",\"position\":2,\"name\":\"Informa\u00e7\u00f5es\",\"item\":\"https:\/\/www.alfaterm.com.br\/informacoes\/\"},{\"@type\":\"ListItem\",\"position\":3,\"name\":\"Torre de arrefecimento\"}]},{\"@type\":\"WebSite\",\"@id\":\"https:\/\/www.alfaterm.com.br\/#website\",\"url\":\"https:\/\/www.alfaterm.com.br\/\",\"name\":\"Bem-vindo \u00e0 ALFATERM\",\"description\":\"\",\"publisher\":{\"@id\":\"https:\/\/www.alfaterm.com.br\/#organization\"},\"potentialAction\":[{\"@type\":\"SearchAction\",\"target\":{\"@type\":\"EntryPoint\",\"urlTemplate\":\"https:\/\/www.alfaterm.com.br\/?s={search_term_string}\"},\"query-input\":{\"@type\":\"PropertyValueSpecification\",\"valueRequired\":true,\"valueName\":\"search_term_string\"}}],\"inLanguage\":\"en-US\"},{\"@type\":\"Organization\",\"@id\":\"https:\/\/www.alfaterm.com.br\/#organization\",\"name\":\"Bem-vindo \u00e0 ALFATERM\",\"url\":\"https:\/\/www.alfaterm.com.br\/\",\"logo\":{\"@type\":\"ImageObject\",\"inLanguage\":\"en-US\",\"@id\":\"https:\/\/www.alfaterm.com.br\/#\/schema\/logo\/image\/\",\"url\":\"https:\/\/www.alfaterm.com.br\/wp-content\/uploads\/2024\/07\/logo-alfaterm.png\",\"contentUrl\":\"https:\/\/www.alfaterm.com.br\/wp-content\/uploads\/2024\/07\/logo-alfaterm.png\",\"width\":393,\"height\":45,\"caption\":\"Bem-vindo \u00e0 ALFATERM\"},\"image\":{\"@id\":\"https:\/\/www.alfaterm.com.br\/#\/schema\/logo\/image\/\"}}]}<\/script>\n<!-- \/ Yoast SEO Premium plugin. -->","yoast_head_json":{"title":"Torre de arrefecimento - Bem-vindo \u00e0 ALFATERM","robots":{"index":"index","follow":"follow","max-snippet":"max-snippet:-1","max-image-preview":"max-image-preview:large","max-video-preview":"max-video-preview:-1"},"canonical":"https:\/\/www.alfaterm.com.br\/en\/informacoes\/torre-arrefecimento\/","og_locale":"en_US","og_type":"article","og_title":"Torre de arrefecimento","og_description":"Arrefecimento \u00e9 o mesmo que esfriar ou resfriar. Uma&nbsp;torre de arrefecimento&nbsp;cumpre o papel de resfriar processos industriais que operam com temperaturas muito elevadas. Essas torres criam o resfriamento por meio da circula\u00e7\u00e3o de \u00e1gua, a qual \u00e9 resfriada pelo ar e reaproveitada. A&nbsp;torre de arrefecimento&nbsp;possui uma entrada de \u00e1gua quente em sua parte mais elevada. [&hellip;]","og_url":"https:\/\/www.alfaterm.com.br\/en\/informacoes\/torre-arrefecimento\/","og_site_name":"Bem-vindo \u00e0 ALFATERM","article_modified_time":"2024-09-09T08:12:17+00:00","og_image":[{"width":800,"height":1200,"url":"https:\/\/www.alfaterm.com.br\/wp-content\/uploads\/2024\/09\/conserto-torre-resfriamento.webp","type":"image\/webp"}],"twitter_card":"summary_large_image","twitter_misc":{"Est. reading time":"2 minutes"},"schema":{"@context":"https:\/\/schema.org","@graph":[{"@type":"WebPage","@id":"https:\/\/www.alfaterm.com.br\/informacoes\/torre-arrefecimento\/","url":"https:\/\/www.alfaterm.com.br\/informacoes\/torre-arrefecimento\/","name":"Torre de arrefecimento - Bem-vindo \u00e0 ALFATERM","isPartOf":{"@id":"https:\/\/www.alfaterm.com.br\/#website"},"primaryImageOfPage":{"@id":"https:\/\/www.alfaterm.com.br\/informacoes\/torre-arrefecimento\/#primaryimage"},"image":{"@id":"https:\/\/www.alfaterm.com.br\/informacoes\/torre-arrefecimento\/#primaryimage"},"thumbnailUrl":"https:\/\/www.alfaterm.com.br\/wp-content\/uploads\/2024\/09\/conserto-torre-resfriamento.webp","datePublished":"2024-09-02T11:22:51+00:00","dateModified":"2024-09-09T08:12:17+00:00","breadcrumb":{"@id":"https:\/\/www.alfaterm.com.br\/informacoes\/torre-arrefecimento\/#breadcrumb"},"inLanguage":"en-US","potentialAction":[{"@type":"ReadAction","target":["https:\/\/www.alfaterm.com.br\/informacoes\/torre-arrefecimento\/"]}]},{"@type":"ImageObject","inLanguage":"en-US","@id":"https:\/\/www.alfaterm.com.br\/informacoes\/torre-arrefecimento\/#primaryimage","url":"https:\/\/www.alfaterm.com.br\/wp-content\/uploads\/2024\/09\/conserto-torre-resfriamento.webp","contentUrl":"https:\/\/www.alfaterm.com.br\/wp-content\/uploads\/2024\/09\/conserto-torre-resfriamento.webp","width":800,"height":1200},{"@type":"BreadcrumbList","@id":"https:\/\/www.alfaterm.com.br\/informacoes\/torre-arrefecimento\/#breadcrumb","itemListElement":[{"@type":"ListItem","position":1,"name":"Home","item":"https:\/\/www.alfaterm.com.br\/"},{"@type":"ListItem","position":2,"name":"Informa\u00e7\u00f5es","item":"https:\/\/www.alfaterm.com.br\/informacoes\/"},{"@type":"ListItem","position":3,"name":"Torre de arrefecimento"}]},{"@type":"WebSite","@id":"https:\/\/www.alfaterm.com.br\/#website","url":"https:\/\/www.alfaterm.com.br\/","name":"Bem-vindo \u00e0 ALFATERM","description":"","publisher":{"@id":"https:\/\/www.alfaterm.com.br\/#organization"},"potentialAction":[{"@type":"SearchAction","target":{"@type":"EntryPoint","urlTemplate":"https:\/\/www.alfaterm.com.br\/?s={search_term_string}"},"query-input":{"@type":"PropertyValueSpecification","valueRequired":true,"valueName":"search_term_string"}}],"inLanguage":"en-US"},{"@type":"Organization","@id":"https:\/\/www.alfaterm.com.br\/#organization","name":"Bem-vindo \u00e0 ALFATERM","url":"https:\/\/www.alfaterm.com.br\/","logo":{"@type":"ImageObject","inLanguage":"en-US","@id":"https:\/\/www.alfaterm.com.br\/#\/schema\/logo\/image\/","url":"https:\/\/www.alfaterm.com.br\/wp-content\/uploads\/2024\/07\/logo-alfaterm.png","contentUrl":"https:\/\/www.alfaterm.com.br\/wp-content\/uploads\/2024\/07\/logo-alfaterm.png","width":393,"height":45,"caption":"Bem-vindo \u00e0 ALFATERM"},"image":{"@id":"https:\/\/www.alfaterm.com.br\/#\/schema\/logo\/image\/"}}]}},"_links":{"self":[{"href":"https:\/\/www.alfaterm.com.br\/en\/wp-json\/wp\/v2\/pages\/2269","targetHints":{"allow":["GET"]}}],"collection":[{"href":"https:\/\/www.alfaterm.com.br\/en\/wp-json\/wp\/v2\/pages"}],"about":[{"href":"https:\/\/www.alfaterm.com.br\/en\/wp-json\/wp\/v2\/types\/page"}],"author":[{"embeddable":true,"href":"https:\/\/www.alfaterm.com.br\/en\/wp-json\/wp\/v2\/users\/1"}],"replies":[{"embeddable":true,"href":"https:\/\/www.alfaterm.com.br\/en\/wp-json\/wp\/v2\/comments?post=2269"}],"version-history":[{"count":0,"href":"https:\/\/www.alfaterm.com.br\/en\/wp-json\/wp\/v2\/pages\/2269\/revisions"}],"up":[{"embeddable":true,"href":"https:\/\/www.alfaterm.com.br\/en\/wp-json\/wp\/v2\/pages\/2144"}],"wp:featuredmedia":[{"embeddable":true,"href":"https:\/\/www.alfaterm.com.br\/en\/wp-json\/wp\/v2\/media\/2228"}],"wp:attachment":[{"href":"https:\/\/www.alfaterm.com.br\/en\/wp-json\/wp\/v2\/media?parent=2269"}],"curies":[{"name":"wp","href":"https:\/\/api.w.org\/{rel}","templated":true}]}}