{"id":2268,"date":"2024-09-02T08:23:03","date_gmt":"2024-09-02T11:23:03","guid":{"rendered":"https:\/\/www.alfaterm.com.br\/?page_id=2268"},"modified":"2024-09-09T05:12:26","modified_gmt":"2024-09-09T08:12:26","slug":"torre-refrigeracao","status":"publish","type":"page","link":"https:\/\/www.alfaterm.com.br\/en\/informacoes\/torre-refrigeracao\/","title":{"rendered":"Torre de refrigera\u00e7\u00e3o"},"content":{"rendered":"<p>Uma&nbsp;torre de refrigera\u00e7\u00e3o&nbsp;\u00e9 um equipamento utilizado para realizar a remo\u00e7\u00e3o de calor e para a transfer\u00eancia de calor residual de processos para a atmosfera. A&nbsp;torre de refrigera\u00e7\u00e3o&nbsp;tamb\u00e9m pode utilizar o processo de evapora\u00e7\u00e3o da \u00e1gua para que o calor de processo seja removido e o fluido de trabalho seja resfriado para uma temperatura pr\u00f3xima \u00e0 temperatura de bulbo \u00famido, al\u00e9m de poder utilizar apenas o ar para que o fluido de trabalho seja resfriado para uma temperatura pr\u00f3xima \u00e0 temperatura de bulbo seco.<\/p>\n\n\n\n<p>Uma das aplica\u00e7\u00f5es mais comuns de uma&nbsp;torre de refrigera\u00e7\u00e3o&nbsp;\u00e9 o resfriamento da \u00e1gua que circula em refinarias de petr\u00f3leo, assim como em outras ind\u00fastrias, como as ind\u00fastrias qu\u00edmicas, al\u00e9m de esta\u00e7\u00f5es de energia e refrigera\u00e7\u00e3o de edif\u00edcios. A&nbsp;torre de refrigera\u00e7\u00e3o&nbsp;pode ser fabricada em diversos tamanhos, que variam de acordo com o local de sua aplica\u00e7\u00e3o.<\/p>\n\n\n\n<h2 class=\"wp-block-heading\">MAIORES INFORMA\u00c7\u00d5ES ACERCA DA TORRE DE REFRIGERA\u00c7\u00c3O<\/h2>\n\n\n\n<p>A defini\u00e7\u00e3o do tipo de&nbsp;torre de refrigera\u00e7\u00e3o&nbsp;pode ser determinada atrav\u00e9s da dire\u00e7\u00e3o do fluxo de ar e de \u00e1gua. A&nbsp;torre de refrigera\u00e7\u00e3o&nbsp;pode ter seu fluxo cruzado, que consiste em um design onde o fluxo de ar \u00e9 direcionado de maneira perpendicular ao fluxo de \u00e1gua.<\/p>\n\n\n\n<p>O fluxo de ar entra em uma ou mais faces verticais da&nbsp;torre de refrigera\u00e7\u00e3o&nbsp;para que o material de preenchimento seja atendido. J\u00e1 o fluxo de \u00e1gua, que se mant\u00e9m perpendicular ao fluxo de ar, atravessa o preenchimento atrav\u00e9s da gravidade. Tamb\u00e9m existe o tipo de&nbsp;torre de refrigera\u00e7\u00e3o&nbsp;que trabalha com a contracorrente, que consiste no processo onde o fluxo de ar \u00e9 totalmente oposto ao fluxo de \u00e1gua. O fluxo de ar entra em um espa\u00e7o abaixo do ponto de preenchimento e segue verticalmente, enquanto o fluxo de \u00e1gua entra atrav\u00e9s de bicos pressurizados e flui para baixo, ao contr\u00e1rio do fluxo de ar.<\/p>\n\n\n\n<h2 class=\"wp-block-heading\">ALFATERM IND\u00daSTRIA E COM\u00c9RCIO LTDA \u2013 ALTA QUALIDADE EM RESFRIAMENTO DE \u00c1GUA<\/h2>\n\n\n\n<p>A ALFATERM Ind\u00fastria e Com\u00e9rcio LTDA trabalha h\u00e1 mais de 20 anos com fabrica\u00e7\u00e3o e manuten\u00e7\u00e3o de torres de resfriamento de \u00e1gua, tal experi\u00eancia permite que seus produtos e servi\u00e7os sejam desenvolvidos com uma qualidade impar no mercado, capaz de atingir total satisfa\u00e7\u00e3o de seus clientes.<\/p>\n\n\n\n<h2 class=\"wp-block-heading\">Para saber mais sobre Assist\u00eancia t\u00e9cnica em torres de resfriar<\/h2>\n\n\n\n<p>Ligue para&nbsp;<strong>11 4156-8930<\/strong>&nbsp;ou&nbsp;<a href=\"https:\/\/www.alfaterm.com.br\/en\/contact\/\">clique aqui<\/a>&nbsp;e entre em contato por email.<\/p>","protected":false},"excerpt":{"rendered":"<p>Uma&nbsp;torre de refrigera\u00e7\u00e3o&nbsp;\u00e9 um equipamento utilizado para realizar a remo\u00e7\u00e3o de calor e para a transfer\u00eancia de calor residual de processos para a atmosfera. A&nbsp;torre de refrigera\u00e7\u00e3o&nbsp;tamb\u00e9m pode utilizar o processo de evapora\u00e7\u00e3o da \u00e1gua para que o calor de processo seja removido e o fluido de trabalho seja resfriado para uma temperatura pr\u00f3xima \u00e0 [&hellip;]<\/p>","protected":false},"author":1,"featured_media":2226,"parent":2144,"menu_order":0,"comment_status":"closed","ping_status":"closed","template":"","meta":{"_acf_changed":false,"_joinchat":[],"footnotes":""},"class_list":["post-2268","page","type-page","status-publish","has-post-thumbnail","hentry"],"acf":[],"yoast_head":"<!-- This site is optimized with the Yoast SEO Premium plugin v23.4 (Yoast SEO v27.1.1) - https:\/\/yoast.com\/product\/yoast-seo-premium-wordpress\/ -->\n<title>Torre de refrigera\u00e7\u00e3o - Bem-vindo \u00e0 ALFATERM<\/title>\n<meta name=\"robots\" content=\"index, follow, max-snippet:-1, max-image-preview:large, max-video-preview:-1\" \/>\n<link rel=\"canonical\" href=\"https:\/\/www.alfaterm.com.br\/en\/informacoes\/torre-refrigeracao\/\" \/>\n<meta property=\"og:locale\" content=\"en_US\" \/>\n<meta property=\"og:type\" content=\"article\" \/>\n<meta property=\"og:title\" content=\"Torre de refrigera\u00e7\u00e3o\" \/>\n<meta property=\"og:description\" content=\"Uma&nbsp;torre de refrigera\u00e7\u00e3o&nbsp;\u00e9 um equipamento utilizado para realizar a remo\u00e7\u00e3o de calor e para a transfer\u00eancia de calor residual de processos para a atmosfera. A&nbsp;torre de refrigera\u00e7\u00e3o&nbsp;tamb\u00e9m pode utilizar o processo de evapora\u00e7\u00e3o da \u00e1gua para que o calor de processo seja removido e o fluido de trabalho seja resfriado para uma temperatura pr\u00f3xima \u00e0 [&hellip;]\" \/>\n<meta property=\"og:url\" content=\"https:\/\/www.alfaterm.com.br\/en\/informacoes\/torre-refrigeracao\/\" \/>\n<meta property=\"og:site_name\" content=\"Bem-vindo \u00e0 ALFATERM\" \/>\n<meta property=\"article:modified_time\" content=\"2024-09-09T08:12:26+00:00\" \/>\n<meta property=\"og:image\" content=\"https:\/\/www.alfaterm.com.br\/wp-content\/uploads\/2024\/09\/equipamento-torre-resfriamento.webp\" \/>\n\t<meta property=\"og:image:width\" content=\"269\" \/>\n\t<meta property=\"og:image:height\" content=\"232\" \/>\n\t<meta property=\"og:image:type\" content=\"image\/webp\" \/>\n<meta name=\"twitter:card\" content=\"summary_large_image\" \/>\n<meta name=\"twitter:label1\" content=\"Est. reading time\" \/>\n\t<meta name=\"twitter:data1\" content=\"2 minutes\" \/>\n<script type=\"application\/ld+json\" class=\"yoast-schema-graph\">{\"@context\":\"https:\/\/schema.org\",\"@graph\":[{\"@type\":\"WebPage\",\"@id\":\"https:\/\/www.alfaterm.com.br\/informacoes\/torre-refrigeracao\/\",\"url\":\"https:\/\/www.alfaterm.com.br\/informacoes\/torre-refrigeracao\/\",\"name\":\"Torre de refrigera\u00e7\u00e3o - Bem-vindo \u00e0 ALFATERM\",\"isPartOf\":{\"@id\":\"https:\/\/www.alfaterm.com.br\/#website\"},\"primaryImageOfPage\":{\"@id\":\"https:\/\/www.alfaterm.com.br\/informacoes\/torre-refrigeracao\/#primaryimage\"},\"image\":{\"@id\":\"https:\/\/www.alfaterm.com.br\/informacoes\/torre-refrigeracao\/#primaryimage\"},\"thumbnailUrl\":\"https:\/\/www.alfaterm.com.br\/wp-content\/uploads\/2024\/09\/equipamento-torre-resfriamento.webp\",\"datePublished\":\"2024-09-02T11:23:03+00:00\",\"dateModified\":\"2024-09-09T08:12:26+00:00\",\"breadcrumb\":{\"@id\":\"https:\/\/www.alfaterm.com.br\/informacoes\/torre-refrigeracao\/#breadcrumb\"},\"inLanguage\":\"en-US\",\"potentialAction\":[{\"@type\":\"ReadAction\",\"target\":[\"https:\/\/www.alfaterm.com.br\/informacoes\/torre-refrigeracao\/\"]}]},{\"@type\":\"ImageObject\",\"inLanguage\":\"en-US\",\"@id\":\"https:\/\/www.alfaterm.com.br\/informacoes\/torre-refrigeracao\/#primaryimage\",\"url\":\"https:\/\/www.alfaterm.com.br\/wp-content\/uploads\/2024\/09\/equipamento-torre-resfriamento.webp\",\"contentUrl\":\"https:\/\/www.alfaterm.com.br\/wp-content\/uploads\/2024\/09\/equipamento-torre-resfriamento.webp\",\"width\":269,\"height\":232},{\"@type\":\"BreadcrumbList\",\"@id\":\"https:\/\/www.alfaterm.com.br\/informacoes\/torre-refrigeracao\/#breadcrumb\",\"itemListElement\":[{\"@type\":\"ListItem\",\"position\":1,\"name\":\"Home\",\"item\":\"https:\/\/www.alfaterm.com.br\/\"},{\"@type\":\"ListItem\",\"position\":2,\"name\":\"Informa\u00e7\u00f5es\",\"item\":\"https:\/\/www.alfaterm.com.br\/informacoes\/\"},{\"@type\":\"ListItem\",\"position\":3,\"name\":\"Torre de refrigera\u00e7\u00e3o\"}]},{\"@type\":\"WebSite\",\"@id\":\"https:\/\/www.alfaterm.com.br\/#website\",\"url\":\"https:\/\/www.alfaterm.com.br\/\",\"name\":\"Bem-vindo \u00e0 ALFATERM\",\"description\":\"\",\"publisher\":{\"@id\":\"https:\/\/www.alfaterm.com.br\/#organization\"},\"potentialAction\":[{\"@type\":\"SearchAction\",\"target\":{\"@type\":\"EntryPoint\",\"urlTemplate\":\"https:\/\/www.alfaterm.com.br\/?s={search_term_string}\"},\"query-input\":{\"@type\":\"PropertyValueSpecification\",\"valueRequired\":true,\"valueName\":\"search_term_string\"}}],\"inLanguage\":\"en-US\"},{\"@type\":\"Organization\",\"@id\":\"https:\/\/www.alfaterm.com.br\/#organization\",\"name\":\"Bem-vindo \u00e0 ALFATERM\",\"url\":\"https:\/\/www.alfaterm.com.br\/\",\"logo\":{\"@type\":\"ImageObject\",\"inLanguage\":\"en-US\",\"@id\":\"https:\/\/www.alfaterm.com.br\/#\/schema\/logo\/image\/\",\"url\":\"https:\/\/www.alfaterm.com.br\/wp-content\/uploads\/2024\/07\/logo-alfaterm.png\",\"contentUrl\":\"https:\/\/www.alfaterm.com.br\/wp-content\/uploads\/2024\/07\/logo-alfaterm.png\",\"width\":393,\"height\":45,\"caption\":\"Bem-vindo \u00e0 ALFATERM\"},\"image\":{\"@id\":\"https:\/\/www.alfaterm.com.br\/#\/schema\/logo\/image\/\"}}]}<\/script>\n<!-- \/ Yoast SEO Premium plugin. -->","yoast_head_json":{"title":"Torre de refrigera\u00e7\u00e3o - Bem-vindo \u00e0 ALFATERM","robots":{"index":"index","follow":"follow","max-snippet":"max-snippet:-1","max-image-preview":"max-image-preview:large","max-video-preview":"max-video-preview:-1"},"canonical":"https:\/\/www.alfaterm.com.br\/en\/informacoes\/torre-refrigeracao\/","og_locale":"en_US","og_type":"article","og_title":"Torre de refrigera\u00e7\u00e3o","og_description":"Uma&nbsp;torre de refrigera\u00e7\u00e3o&nbsp;\u00e9 um equipamento utilizado para realizar a remo\u00e7\u00e3o de calor e para a transfer\u00eancia de calor residual de processos para a atmosfera. A&nbsp;torre de refrigera\u00e7\u00e3o&nbsp;tamb\u00e9m pode utilizar o processo de evapora\u00e7\u00e3o da \u00e1gua para que o calor de processo seja removido e o fluido de trabalho seja resfriado para uma temperatura pr\u00f3xima \u00e0 [&hellip;]","og_url":"https:\/\/www.alfaterm.com.br\/en\/informacoes\/torre-refrigeracao\/","og_site_name":"Bem-vindo \u00e0 ALFATERM","article_modified_time":"2024-09-09T08:12:26+00:00","og_image":[{"width":269,"height":232,"url":"https:\/\/www.alfaterm.com.br\/wp-content\/uploads\/2024\/09\/equipamento-torre-resfriamento.webp","type":"image\/webp"}],"twitter_card":"summary_large_image","twitter_misc":{"Est. reading time":"2 minutes"},"schema":{"@context":"https:\/\/schema.org","@graph":[{"@type":"WebPage","@id":"https:\/\/www.alfaterm.com.br\/informacoes\/torre-refrigeracao\/","url":"https:\/\/www.alfaterm.com.br\/informacoes\/torre-refrigeracao\/","name":"Torre de refrigera\u00e7\u00e3o - Bem-vindo \u00e0 ALFATERM","isPartOf":{"@id":"https:\/\/www.alfaterm.com.br\/#website"},"primaryImageOfPage":{"@id":"https:\/\/www.alfaterm.com.br\/informacoes\/torre-refrigeracao\/#primaryimage"},"image":{"@id":"https:\/\/www.alfaterm.com.br\/informacoes\/torre-refrigeracao\/#primaryimage"},"thumbnailUrl":"https:\/\/www.alfaterm.com.br\/wp-content\/uploads\/2024\/09\/equipamento-torre-resfriamento.webp","datePublished":"2024-09-02T11:23:03+00:00","dateModified":"2024-09-09T08:12:26+00:00","breadcrumb":{"@id":"https:\/\/www.alfaterm.com.br\/informacoes\/torre-refrigeracao\/#breadcrumb"},"inLanguage":"en-US","potentialAction":[{"@type":"ReadAction","target":["https:\/\/www.alfaterm.com.br\/informacoes\/torre-refrigeracao\/"]}]},{"@type":"ImageObject","inLanguage":"en-US","@id":"https:\/\/www.alfaterm.com.br\/informacoes\/torre-refrigeracao\/#primaryimage","url":"https:\/\/www.alfaterm.com.br\/wp-content\/uploads\/2024\/09\/equipamento-torre-resfriamento.webp","contentUrl":"https:\/\/www.alfaterm.com.br\/wp-content\/uploads\/2024\/09\/equipamento-torre-resfriamento.webp","width":269,"height":232},{"@type":"BreadcrumbList","@id":"https:\/\/www.alfaterm.com.br\/informacoes\/torre-refrigeracao\/#breadcrumb","itemListElement":[{"@type":"ListItem","position":1,"name":"Home","item":"https:\/\/www.alfaterm.com.br\/"},{"@type":"ListItem","position":2,"name":"Informa\u00e7\u00f5es","item":"https:\/\/www.alfaterm.com.br\/informacoes\/"},{"@type":"ListItem","position":3,"name":"Torre de refrigera\u00e7\u00e3o"}]},{"@type":"WebSite","@id":"https:\/\/www.alfaterm.com.br\/#website","url":"https:\/\/www.alfaterm.com.br\/","name":"Bem-vindo \u00e0 ALFATERM","description":"","publisher":{"@id":"https:\/\/www.alfaterm.com.br\/#organization"},"potentialAction":[{"@type":"SearchAction","target":{"@type":"EntryPoint","urlTemplate":"https:\/\/www.alfaterm.com.br\/?s={search_term_string}"},"query-input":{"@type":"PropertyValueSpecification","valueRequired":true,"valueName":"search_term_string"}}],"inLanguage":"en-US"},{"@type":"Organization","@id":"https:\/\/www.alfaterm.com.br\/#organization","name":"Bem-vindo \u00e0 ALFATERM","url":"https:\/\/www.alfaterm.com.br\/","logo":{"@type":"ImageObject","inLanguage":"en-US","@id":"https:\/\/www.alfaterm.com.br\/#\/schema\/logo\/image\/","url":"https:\/\/www.alfaterm.com.br\/wp-content\/uploads\/2024\/07\/logo-alfaterm.png","contentUrl":"https:\/\/www.alfaterm.com.br\/wp-content\/uploads\/2024\/07\/logo-alfaterm.png","width":393,"height":45,"caption":"Bem-vindo \u00e0 ALFATERM"},"image":{"@id":"https:\/\/www.alfaterm.com.br\/#\/schema\/logo\/image\/"}}]}},"_links":{"self":[{"href":"https:\/\/www.alfaterm.com.br\/en\/wp-json\/wp\/v2\/pages\/2268","targetHints":{"allow":["GET"]}}],"collection":[{"href":"https:\/\/www.alfaterm.com.br\/en\/wp-json\/wp\/v2\/pages"}],"about":[{"href":"https:\/\/www.alfaterm.com.br\/en\/wp-json\/wp\/v2\/types\/page"}],"author":[{"embeddable":true,"href":"https:\/\/www.alfaterm.com.br\/en\/wp-json\/wp\/v2\/users\/1"}],"replies":[{"embeddable":true,"href":"https:\/\/www.alfaterm.com.br\/en\/wp-json\/wp\/v2\/comments?post=2268"}],"version-history":[{"count":0,"href":"https:\/\/www.alfaterm.com.br\/en\/wp-json\/wp\/v2\/pages\/2268\/revisions"}],"up":[{"embeddable":true,"href":"https:\/\/www.alfaterm.com.br\/en\/wp-json\/wp\/v2\/pages\/2144"}],"wp:featuredmedia":[{"embeddable":true,"href":"https:\/\/www.alfaterm.com.br\/en\/wp-json\/wp\/v2\/media\/2226"}],"wp:attachment":[{"href":"https:\/\/www.alfaterm.com.br\/en\/wp-json\/wp\/v2\/media?parent=2268"}],"curies":[{"name":"wp","href":"https:\/\/api.w.org\/{rel}","templated":true}]}}