{"id":2265,"date":"2024-09-02T08:24:48","date_gmt":"2024-09-02T11:24:48","guid":{"rendered":"https:\/\/www.alfaterm.com.br\/?page_id=2265"},"modified":"2024-09-09T05:13:38","modified_gmt":"2024-09-09T08:13:38","slug":"torre-resfriamento","status":"publish","type":"page","link":"https:\/\/www.alfaterm.com.br\/en\/informacoes\/torre-resfriamento\/","title":{"rendered":"Torre de resfriamento"},"content":{"rendered":"<p>A&nbsp;torre de resfriamento&nbsp;de \u00e1gua \u00e9 um utens\u00edlio empregado para, como o pr\u00f3prio nome sugere, esfriar determinado ambiente ou maquin\u00e1rio, especialmente no segmento industrial. Seu funcionamento b\u00e1sico inclui a troca de calor na qual a por\u00e7\u00e3o de subst\u00e2ncia l\u00edquida cede energia \u00e0 por\u00e7\u00e3o em estado gasoso, e com isso h\u00e1 redu\u00e7\u00e3o da temperatura como um todo. Por este motivo, \u00e9 permitido dizer que as torres de refrigera\u00e7\u00e3o funcionam a vapor.<\/p>\n\n\n\n<h2 class=\"wp-block-heading\">MODELOS E M\u00c9TODOS DE FUNCIONAMENTO DO PRODUTO<\/h2>\n\n\n\n<p>A&nbsp;torre de resfriamento&nbsp;pode admitir v\u00e1rios m\u00e9todos de funcionamento &#8211; cada qual com especificidades que lhes s\u00e3o caracter\u00edsticas. H\u00e1, por exemplo, um modelo com torre de insuflamento em corrente cruzada (CZ), cujos dutos possibilitam a entrada e sa\u00edda do ar na horizontal. O processamento de ar em corrente cruzada em&nbsp;torre de resfriamento&nbsp;pode ser silenciado por meio de ventilador axial ou centr\u00edfugo.<\/p>\n\n\n\n<p>A torre de insuflamento contra corrente (INS) admite entrada de ar na horizontal e retirada na vertical. J\u00e1 a torre de aspira\u00e7\u00e3o contra corrente (ASP) do produto recebe ar nos dutos, na horizontal, e os descarrega na vertical (ascendente). Tamb\u00e9m se trata de um modelo de&nbsp;torre de resfriamento&nbsp;que pode ser silenciado por meio de ventilador axial.<\/p>\n\n\n\n<p>Quanto \u00e0 torre de aspira\u00e7\u00e3o contra corrente (EMC), o funcionamento \u00e9 deveras semelhante \u00e0 do tipo ASP, com a diferen\u00e7a de que \u00e9 indicado para ado\u00e7\u00e3o por projetos massivos &#8211; ou seja, com grande porte. Nesse modelo de&nbsp;torre de resfriamento, h\u00e1 diversas sa\u00eddas para dar vaz\u00e3o ao ar, dado que a capacidade de aumento t\u00e9rmico \u00e9 consideravelmente maior do que nos demais modelos.<\/p>\n\n\n\n<p>Como informa\u00e7\u00e3o adicional, vale mencionar que o modelo de&nbsp;torre de resfriamento&nbsp;contra corrente pode contar com duas variantes: uma com ventila\u00e7\u00e3o for\u00e7ada e outra com ventila\u00e7\u00e3o induzida.<\/p>\n\n\n\n<h2 class=\"wp-block-heading\">ALFATERM IND\u00daSTRIA E COM\u00c9RCIO LTDA. &#8211; INFLU\u00caNCIA EM TORRE DE RESFRIAMENTO<\/h2>\n\n\n\n<p>Fundada em 1986, a empresa ALFATERM Ind\u00fastria e Com\u00e9rcio Ltda. desenvolveu t\u00e9cnicas renomadas na elabora\u00e7\u00e3o e confec\u00e7\u00e3o de torres de resfriamento e outros produtos pertinentes ao segmento de dissipa\u00e7\u00e3o t\u00e9rmica atrav\u00e9s da evapora\u00e7\u00e3o. Por meio de um conjunto de fatores que fazem da ALFATERM Ind\u00fastria e Com\u00e9rcio Ltda. uma excelente op\u00e7\u00e3o para compra de&nbsp;<strong>torre de resfriamento<\/strong>&nbsp;e presta\u00e7\u00e3o de servi\u00e7os de manuten\u00e7\u00e3o, como atendimento personalizado, solu\u00e7\u00f5es on demand e pioneirismo na obten\u00e7\u00e3o do certificado SIG (Sistema Integrado de Gest\u00e3o). A empresa atua na regi\u00e3o da Am\u00e9rica do Sul e Am\u00e9rica Central.<\/p>\n\n\n\n<h2 class=\"wp-block-heading\">Para saber mais sobre Assist\u00eancia t\u00e9cnica em torres de resfriar<\/h2>\n\n\n\n<p>Ligue para&nbsp;<strong>11 4156-8930<\/strong>&nbsp;ou&nbsp;<a href=\"https:\/\/www.alfaterm.com.br\/en\/contact\/\">clique aqui<\/a>&nbsp;e entre em contato por email.<\/p>","protected":false},"excerpt":{"rendered":"<p>A&nbsp;torre de resfriamento&nbsp;de \u00e1gua \u00e9 um utens\u00edlio empregado para, como o pr\u00f3prio nome sugere, esfriar determinado ambiente ou maquin\u00e1rio, especialmente no segmento industrial. Seu funcionamento b\u00e1sico inclui a troca de calor na qual a por\u00e7\u00e3o de subst\u00e2ncia l\u00edquida cede energia \u00e0 por\u00e7\u00e3o em estado gasoso, e com isso h\u00e1 redu\u00e7\u00e3o da temperatura como um todo. [&hellip;]<\/p>","protected":false},"author":1,"featured_media":2226,"parent":2144,"menu_order":0,"comment_status":"closed","ping_status":"closed","template":"","meta":{"_acf_changed":false,"_joinchat":[],"footnotes":""},"class_list":["post-2265","page","type-page","status-publish","has-post-thumbnail","hentry"],"acf":[],"yoast_head":"<!-- This site is optimized with the Yoast SEO Premium plugin v23.4 (Yoast SEO v27.1.1) - https:\/\/yoast.com\/product\/yoast-seo-premium-wordpress\/ -->\n<title>Torre de resfriamento - Bem-vindo \u00e0 ALFATERM<\/title>\n<meta name=\"robots\" content=\"index, follow, max-snippet:-1, max-image-preview:large, max-video-preview:-1\" \/>\n<link rel=\"canonical\" href=\"https:\/\/www.alfaterm.com.br\/en\/informacoes\/torre-resfriamento\/\" \/>\n<meta property=\"og:locale\" content=\"en_US\" \/>\n<meta property=\"og:type\" content=\"article\" \/>\n<meta property=\"og:title\" content=\"Torre de resfriamento\" \/>\n<meta property=\"og:description\" content=\"A&nbsp;torre de resfriamento&nbsp;de \u00e1gua \u00e9 um utens\u00edlio empregado para, como o pr\u00f3prio nome sugere, esfriar determinado ambiente ou maquin\u00e1rio, especialmente no segmento industrial. Seu funcionamento b\u00e1sico inclui a troca de calor na qual a por\u00e7\u00e3o de subst\u00e2ncia l\u00edquida cede energia \u00e0 por\u00e7\u00e3o em estado gasoso, e com isso h\u00e1 redu\u00e7\u00e3o da temperatura como um todo. [&hellip;]\" \/>\n<meta property=\"og:url\" content=\"https:\/\/www.alfaterm.com.br\/en\/informacoes\/torre-resfriamento\/\" \/>\n<meta property=\"og:site_name\" content=\"Bem-vindo \u00e0 ALFATERM\" \/>\n<meta property=\"article:modified_time\" content=\"2024-09-09T08:13:38+00:00\" \/>\n<meta property=\"og:image\" content=\"https:\/\/www.alfaterm.com.br\/wp-content\/uploads\/2024\/09\/equipamento-torre-resfriamento.webp\" \/>\n\t<meta property=\"og:image:width\" content=\"269\" \/>\n\t<meta property=\"og:image:height\" content=\"232\" \/>\n\t<meta property=\"og:image:type\" content=\"image\/webp\" \/>\n<meta name=\"twitter:card\" content=\"summary_large_image\" \/>\n<meta name=\"twitter:label1\" content=\"Est. reading time\" \/>\n\t<meta name=\"twitter:data1\" content=\"2 minutes\" \/>\n<script type=\"application\/ld+json\" class=\"yoast-schema-graph\">{\"@context\":\"https:\/\/schema.org\",\"@graph\":[{\"@type\":\"WebPage\",\"@id\":\"https:\/\/www.alfaterm.com.br\/informacoes\/torre-resfriamento\/\",\"url\":\"https:\/\/www.alfaterm.com.br\/informacoes\/torre-resfriamento\/\",\"name\":\"Torre de resfriamento - Bem-vindo \u00e0 ALFATERM\",\"isPartOf\":{\"@id\":\"https:\/\/www.alfaterm.com.br\/#website\"},\"primaryImageOfPage\":{\"@id\":\"https:\/\/www.alfaterm.com.br\/informacoes\/torre-resfriamento\/#primaryimage\"},\"image\":{\"@id\":\"https:\/\/www.alfaterm.com.br\/informacoes\/torre-resfriamento\/#primaryimage\"},\"thumbnailUrl\":\"https:\/\/www.alfaterm.com.br\/wp-content\/uploads\/2024\/09\/equipamento-torre-resfriamento.webp\",\"datePublished\":\"2024-09-02T11:24:48+00:00\",\"dateModified\":\"2024-09-09T08:13:38+00:00\",\"breadcrumb\":{\"@id\":\"https:\/\/www.alfaterm.com.br\/informacoes\/torre-resfriamento\/#breadcrumb\"},\"inLanguage\":\"en-US\",\"potentialAction\":[{\"@type\":\"ReadAction\",\"target\":[\"https:\/\/www.alfaterm.com.br\/informacoes\/torre-resfriamento\/\"]}]},{\"@type\":\"ImageObject\",\"inLanguage\":\"en-US\",\"@id\":\"https:\/\/www.alfaterm.com.br\/informacoes\/torre-resfriamento\/#primaryimage\",\"url\":\"https:\/\/www.alfaterm.com.br\/wp-content\/uploads\/2024\/09\/equipamento-torre-resfriamento.webp\",\"contentUrl\":\"https:\/\/www.alfaterm.com.br\/wp-content\/uploads\/2024\/09\/equipamento-torre-resfriamento.webp\",\"width\":269,\"height\":232},{\"@type\":\"BreadcrumbList\",\"@id\":\"https:\/\/www.alfaterm.com.br\/informacoes\/torre-resfriamento\/#breadcrumb\",\"itemListElement\":[{\"@type\":\"ListItem\",\"position\":1,\"name\":\"Home\",\"item\":\"https:\/\/www.alfaterm.com.br\/\"},{\"@type\":\"ListItem\",\"position\":2,\"name\":\"Informa\u00e7\u00f5es\",\"item\":\"https:\/\/www.alfaterm.com.br\/informacoes\/\"},{\"@type\":\"ListItem\",\"position\":3,\"name\":\"Torre de resfriamento\"}]},{\"@type\":\"WebSite\",\"@id\":\"https:\/\/www.alfaterm.com.br\/#website\",\"url\":\"https:\/\/www.alfaterm.com.br\/\",\"name\":\"Bem-vindo \u00e0 ALFATERM\",\"description\":\"\",\"publisher\":{\"@id\":\"https:\/\/www.alfaterm.com.br\/#organization\"},\"potentialAction\":[{\"@type\":\"SearchAction\",\"target\":{\"@type\":\"EntryPoint\",\"urlTemplate\":\"https:\/\/www.alfaterm.com.br\/?s={search_term_string}\"},\"query-input\":{\"@type\":\"PropertyValueSpecification\",\"valueRequired\":true,\"valueName\":\"search_term_string\"}}],\"inLanguage\":\"en-US\"},{\"@type\":\"Organization\",\"@id\":\"https:\/\/www.alfaterm.com.br\/#organization\",\"name\":\"Bem-vindo \u00e0 ALFATERM\",\"url\":\"https:\/\/www.alfaterm.com.br\/\",\"logo\":{\"@type\":\"ImageObject\",\"inLanguage\":\"en-US\",\"@id\":\"https:\/\/www.alfaterm.com.br\/#\/schema\/logo\/image\/\",\"url\":\"https:\/\/www.alfaterm.com.br\/wp-content\/uploads\/2024\/07\/logo-alfaterm.png\",\"contentUrl\":\"https:\/\/www.alfaterm.com.br\/wp-content\/uploads\/2024\/07\/logo-alfaterm.png\",\"width\":393,\"height\":45,\"caption\":\"Bem-vindo \u00e0 ALFATERM\"},\"image\":{\"@id\":\"https:\/\/www.alfaterm.com.br\/#\/schema\/logo\/image\/\"}}]}<\/script>\n<!-- \/ Yoast SEO Premium plugin. -->","yoast_head_json":{"title":"Torre de resfriamento - Bem-vindo \u00e0 ALFATERM","robots":{"index":"index","follow":"follow","max-snippet":"max-snippet:-1","max-image-preview":"max-image-preview:large","max-video-preview":"max-video-preview:-1"},"canonical":"https:\/\/www.alfaterm.com.br\/en\/informacoes\/torre-resfriamento\/","og_locale":"en_US","og_type":"article","og_title":"Torre de resfriamento","og_description":"A&nbsp;torre de resfriamento&nbsp;de \u00e1gua \u00e9 um utens\u00edlio empregado para, como o pr\u00f3prio nome sugere, esfriar determinado ambiente ou maquin\u00e1rio, especialmente no segmento industrial. Seu funcionamento b\u00e1sico inclui a troca de calor na qual a por\u00e7\u00e3o de subst\u00e2ncia l\u00edquida cede energia \u00e0 por\u00e7\u00e3o em estado gasoso, e com isso h\u00e1 redu\u00e7\u00e3o da temperatura como um todo. [&hellip;]","og_url":"https:\/\/www.alfaterm.com.br\/en\/informacoes\/torre-resfriamento\/","og_site_name":"Bem-vindo \u00e0 ALFATERM","article_modified_time":"2024-09-09T08:13:38+00:00","og_image":[{"width":269,"height":232,"url":"https:\/\/www.alfaterm.com.br\/wp-content\/uploads\/2024\/09\/equipamento-torre-resfriamento.webp","type":"image\/webp"}],"twitter_card":"summary_large_image","twitter_misc":{"Est. reading time":"2 minutes"},"schema":{"@context":"https:\/\/schema.org","@graph":[{"@type":"WebPage","@id":"https:\/\/www.alfaterm.com.br\/informacoes\/torre-resfriamento\/","url":"https:\/\/www.alfaterm.com.br\/informacoes\/torre-resfriamento\/","name":"Torre de resfriamento - Bem-vindo \u00e0 ALFATERM","isPartOf":{"@id":"https:\/\/www.alfaterm.com.br\/#website"},"primaryImageOfPage":{"@id":"https:\/\/www.alfaterm.com.br\/informacoes\/torre-resfriamento\/#primaryimage"},"image":{"@id":"https:\/\/www.alfaterm.com.br\/informacoes\/torre-resfriamento\/#primaryimage"},"thumbnailUrl":"https:\/\/www.alfaterm.com.br\/wp-content\/uploads\/2024\/09\/equipamento-torre-resfriamento.webp","datePublished":"2024-09-02T11:24:48+00:00","dateModified":"2024-09-09T08:13:38+00:00","breadcrumb":{"@id":"https:\/\/www.alfaterm.com.br\/informacoes\/torre-resfriamento\/#breadcrumb"},"inLanguage":"en-US","potentialAction":[{"@type":"ReadAction","target":["https:\/\/www.alfaterm.com.br\/informacoes\/torre-resfriamento\/"]}]},{"@type":"ImageObject","inLanguage":"en-US","@id":"https:\/\/www.alfaterm.com.br\/informacoes\/torre-resfriamento\/#primaryimage","url":"https:\/\/www.alfaterm.com.br\/wp-content\/uploads\/2024\/09\/equipamento-torre-resfriamento.webp","contentUrl":"https:\/\/www.alfaterm.com.br\/wp-content\/uploads\/2024\/09\/equipamento-torre-resfriamento.webp","width":269,"height":232},{"@type":"BreadcrumbList","@id":"https:\/\/www.alfaterm.com.br\/informacoes\/torre-resfriamento\/#breadcrumb","itemListElement":[{"@type":"ListItem","position":1,"name":"Home","item":"https:\/\/www.alfaterm.com.br\/"},{"@type":"ListItem","position":2,"name":"Informa\u00e7\u00f5es","item":"https:\/\/www.alfaterm.com.br\/informacoes\/"},{"@type":"ListItem","position":3,"name":"Torre de resfriamento"}]},{"@type":"WebSite","@id":"https:\/\/www.alfaterm.com.br\/#website","url":"https:\/\/www.alfaterm.com.br\/","name":"Bem-vindo \u00e0 ALFATERM","description":"","publisher":{"@id":"https:\/\/www.alfaterm.com.br\/#organization"},"potentialAction":[{"@type":"SearchAction","target":{"@type":"EntryPoint","urlTemplate":"https:\/\/www.alfaterm.com.br\/?s={search_term_string}"},"query-input":{"@type":"PropertyValueSpecification","valueRequired":true,"valueName":"search_term_string"}}],"inLanguage":"en-US"},{"@type":"Organization","@id":"https:\/\/www.alfaterm.com.br\/#organization","name":"Bem-vindo \u00e0 ALFATERM","url":"https:\/\/www.alfaterm.com.br\/","logo":{"@type":"ImageObject","inLanguage":"en-US","@id":"https:\/\/www.alfaterm.com.br\/#\/schema\/logo\/image\/","url":"https:\/\/www.alfaterm.com.br\/wp-content\/uploads\/2024\/07\/logo-alfaterm.png","contentUrl":"https:\/\/www.alfaterm.com.br\/wp-content\/uploads\/2024\/07\/logo-alfaterm.png","width":393,"height":45,"caption":"Bem-vindo \u00e0 ALFATERM"},"image":{"@id":"https:\/\/www.alfaterm.com.br\/#\/schema\/logo\/image\/"}}]}},"_links":{"self":[{"href":"https:\/\/www.alfaterm.com.br\/en\/wp-json\/wp\/v2\/pages\/2265","targetHints":{"allow":["GET"]}}],"collection":[{"href":"https:\/\/www.alfaterm.com.br\/en\/wp-json\/wp\/v2\/pages"}],"about":[{"href":"https:\/\/www.alfaterm.com.br\/en\/wp-json\/wp\/v2\/types\/page"}],"author":[{"embeddable":true,"href":"https:\/\/www.alfaterm.com.br\/en\/wp-json\/wp\/v2\/users\/1"}],"replies":[{"embeddable":true,"href":"https:\/\/www.alfaterm.com.br\/en\/wp-json\/wp\/v2\/comments?post=2265"}],"version-history":[{"count":0,"href":"https:\/\/www.alfaterm.com.br\/en\/wp-json\/wp\/v2\/pages\/2265\/revisions"}],"up":[{"embeddable":true,"href":"https:\/\/www.alfaterm.com.br\/en\/wp-json\/wp\/v2\/pages\/2144"}],"wp:featuredmedia":[{"embeddable":true,"href":"https:\/\/www.alfaterm.com.br\/en\/wp-json\/wp\/v2\/media\/2226"}],"wp:attachment":[{"href":"https:\/\/www.alfaterm.com.br\/en\/wp-json\/wp\/v2\/media?parent=2265"}],"curies":[{"name":"wp","href":"https:\/\/api.w.org\/{rel}","templated":true}]}}