{"id":2262,"date":"2024-09-02T08:20:42","date_gmt":"2024-09-02T11:20:42","guid":{"rendered":"https:\/\/www.alfaterm.com.br\/?page_id=2262"},"modified":"2024-09-09T05:08:40","modified_gmt":"2024-09-09T08:08:40","slug":"reforma-torres-resfriamento","status":"publish","type":"page","link":"https:\/\/www.alfaterm.com.br\/en\/informacoes\/reforma-torres-resfriamento\/","title":{"rendered":"Reforma de torres de resfriamento"},"content":{"rendered":"<p>Conhecidos como equipamentos altamente dur\u00e1veis e funcionais, as torres de resfriamento desempenham suas fun\u00e7\u00f5es em diversas \u00e1reas industriais oferecendo versatilidade.<\/p>\n\n\n\n<p>Para que os processos de produ\u00e7\u00e3o sejam otimizados, a&nbsp;reforma de torres de resfriamento&nbsp;\u00e9 frequentemente solicitada em diversos setores, oferecendo economia de custos \u00e0s empresas.<\/p>\n\n\n\n<p>Capaz de garantir uma melhor performance aos diversos tipos de torres dispon\u00edveis no mercado, a&nbsp;reforma de torres de resfriamento&nbsp;\u00e9 feita por empresas especializadas que garantem um servi\u00e7o com excel\u00eancia.<\/p>\n\n\n\n<p>A empresa contratada para o servi\u00e7o de&nbsp;reforma de torres de resfriamento&nbsp;deve ser autorizada a realizar o servi\u00e7o e seguir normas e padr\u00f5es espec\u00edficos \u00e0 atividade realizada.<\/p>\n\n\n\n<p>A respons\u00e1vel pela&nbsp;reforma de torres de resfriamento&nbsp;deve oferecer uma grande variedade de pe\u00e7as de reposi\u00e7\u00e3o, a fim de atender a todas as formata\u00e7\u00f5es de torres. A&nbsp;reforma de torres de resfriamento&nbsp;se faz necess\u00e1ria devido \u00e0s severas condi\u00e7\u00f5es de trabalho que algumas torres s\u00e3o submetidas.<\/p>\n\n\n\n<h2 class=\"wp-block-heading\">MAIS INFORMA\u00c7\u00d5ES SOBRE A REFORMA DE TORRES DE RESFRIAMENTO<\/h2>\n\n\n\n<p>A&nbsp;reforma de torres de resfriamento&nbsp;consiste na manuten\u00e7\u00e3o do projeto original da torre, com a troca de algumas pe\u00e7as que eventualmente n\u00e3o estejam mais funcionando corretamente.<\/p>\n\n\n\n<p>Para que a&nbsp;reforma de torres de resfriamento&nbsp;seja feita com sucesso \u00e9 necess\u00e1rio que essa manuten\u00e7\u00e3o peri\u00f3dica seja feita por uma equipe com t\u00e9cnicos especializados no assunto, devidamente qualificados, que cumpram com todas os padr\u00f5es e normas de seguran\u00e7a impostas pelos \u00f3rg\u00e3os competentes.<\/p>\n\n\n\n<p>A partir da troca de pe\u00e7as e partes do produto, a&nbsp;reforma de torres de resfriamento&nbsp;\u00e9 capaz de consertar danos e falhas que prejudiquem o seu funcionamento, promovendo uma moderniza\u00e7\u00e3o e oferecendo ao equipamento a pot\u00eancia de um novo.<\/p>\n\n\n\n<p>Como fator alternativo, a&nbsp;reforma de torres de resfriamento&nbsp;executa o teste de performance para determinar a exata efici\u00eancia de trabalho do produto.<\/p>\n\n\n\n<h2 class=\"wp-block-heading\">ALFATERM IND\u00daSTRIA E COM\u00c9RCIO LTDA &#8211; REFER\u00caNCIA NO MERCADO DE TORRES DE RESFRIAMENTO<\/h2>\n\n\n\n<p>Atuante no mercado de torres de resfriamento desde 1986, a ALFATERM Ind\u00fastria e Com\u00e9rcio LTDA se tornou s\u00edmbolo de excel\u00eancia na fabrica\u00e7\u00e3o desses produtos.<\/p>\n\n\n\n<p>Atrav\u00e9s de grandes investimentos em tecnologia e na moderniza\u00e7\u00e3o de seus aparelhos, a ALFATERM Ind\u00fastria e Com\u00e9rcio LTDA se caracterizou como uma empresa modelo, eficiente nos servi\u00e7os oferecidos e lucrativa.<\/p>\n\n\n\n<h2 class=\"wp-block-heading\">Para saber mais sobre Assist\u00eancia t\u00e9cnica em torres de resfriar<\/h2>\n\n\n\n<p>Ligue para&nbsp;<strong>11 4156-8930<\/strong>&nbsp;ou&nbsp;<a href=\"https:\/\/www.alfaterm.com.br\/en\/contact\/\">clique aqui<\/a>&nbsp;e entre em contato por email.<\/p>","protected":false},"excerpt":{"rendered":"<p>Conhecidos como equipamentos altamente dur\u00e1veis e funcionais, as torres de resfriamento desempenham suas fun\u00e7\u00f5es em diversas \u00e1reas industriais oferecendo versatilidade. Para que os processos de produ\u00e7\u00e3o sejam otimizados, a&nbsp;reforma de torres de resfriamento&nbsp;\u00e9 frequentemente solicitada em diversos setores, oferecendo economia de custos \u00e0s empresas. Capaz de garantir uma melhor performance aos diversos tipos de torres [&hellip;]<\/p>","protected":false},"author":1,"featured_media":2181,"parent":2144,"menu_order":0,"comment_status":"closed","ping_status":"closed","template":"","meta":{"_acf_changed":false,"_joinchat":[],"footnotes":""},"class_list":["post-2262","page","type-page","status-publish","has-post-thumbnail","hentry"],"acf":[],"yoast_head":"<!-- This site is optimized with the Yoast SEO Premium plugin v23.4 (Yoast SEO v27.1.1) - https:\/\/yoast.com\/product\/yoast-seo-premium-wordpress\/ -->\n<title>Reforma de torres de resfriamento - Bem-vindo \u00e0 ALFATERM<\/title>\n<meta name=\"robots\" content=\"index, follow, max-snippet:-1, max-image-preview:large, max-video-preview:-1\" \/>\n<link rel=\"canonical\" href=\"https:\/\/www.alfaterm.com.br\/en\/informacoes\/reforma-torres-resfriamento\/\" \/>\n<meta property=\"og:locale\" content=\"en_US\" \/>\n<meta property=\"og:type\" content=\"article\" \/>\n<meta property=\"og:title\" content=\"Reforma de torres de resfriamento\" \/>\n<meta property=\"og:description\" content=\"Conhecidos como equipamentos altamente dur\u00e1veis e funcionais, as torres de resfriamento desempenham suas fun\u00e7\u00f5es em diversas \u00e1reas industriais oferecendo versatilidade. Para que os processos de produ\u00e7\u00e3o sejam otimizados, a&nbsp;reforma de torres de resfriamento&nbsp;\u00e9 frequentemente solicitada em diversos setores, oferecendo economia de custos \u00e0s empresas. Capaz de garantir uma melhor performance aos diversos tipos de torres [&hellip;]\" \/>\n<meta property=\"og:url\" content=\"https:\/\/www.alfaterm.com.br\/en\/informacoes\/reforma-torres-resfriamento\/\" \/>\n<meta property=\"og:site_name\" content=\"Bem-vindo \u00e0 ALFATERM\" \/>\n<meta property=\"article:modified_time\" content=\"2024-09-09T08:08:40+00:00\" \/>\n<meta property=\"og:image\" content=\"https:\/\/www.alfaterm.com.br\/wp-content\/uploads\/2024\/09\/assistencia-tecnica-torres-resfriar.webp\" \/>\n\t<meta property=\"og:image:width\" content=\"1500\" \/>\n\t<meta property=\"og:image:height\" content=\"1294\" \/>\n\t<meta property=\"og:image:type\" content=\"image\/webp\" \/>\n<meta name=\"twitter:card\" content=\"summary_large_image\" \/>\n<meta name=\"twitter:label1\" content=\"Est. reading time\" \/>\n\t<meta name=\"twitter:data1\" content=\"2 minutes\" \/>\n<script type=\"application\/ld+json\" class=\"yoast-schema-graph\">{\"@context\":\"https:\/\/schema.org\",\"@graph\":[{\"@type\":\"WebPage\",\"@id\":\"https:\/\/www.alfaterm.com.br\/informacoes\/reforma-torres-resfriamento\/\",\"url\":\"https:\/\/www.alfaterm.com.br\/informacoes\/reforma-torres-resfriamento\/\",\"name\":\"Reforma de torres de resfriamento - Bem-vindo \u00e0 ALFATERM\",\"isPartOf\":{\"@id\":\"https:\/\/www.alfaterm.com.br\/#website\"},\"primaryImageOfPage\":{\"@id\":\"https:\/\/www.alfaterm.com.br\/informacoes\/reforma-torres-resfriamento\/#primaryimage\"},\"image\":{\"@id\":\"https:\/\/www.alfaterm.com.br\/informacoes\/reforma-torres-resfriamento\/#primaryimage\"},\"thumbnailUrl\":\"https:\/\/www.alfaterm.com.br\/wp-content\/uploads\/2024\/09\/assistencia-tecnica-torres-resfriar.webp\",\"datePublished\":\"2024-09-02T11:20:42+00:00\",\"dateModified\":\"2024-09-09T08:08:40+00:00\",\"breadcrumb\":{\"@id\":\"https:\/\/www.alfaterm.com.br\/informacoes\/reforma-torres-resfriamento\/#breadcrumb\"},\"inLanguage\":\"en-US\",\"potentialAction\":[{\"@type\":\"ReadAction\",\"target\":[\"https:\/\/www.alfaterm.com.br\/informacoes\/reforma-torres-resfriamento\/\"]}]},{\"@type\":\"ImageObject\",\"inLanguage\":\"en-US\",\"@id\":\"https:\/\/www.alfaterm.com.br\/informacoes\/reforma-torres-resfriamento\/#primaryimage\",\"url\":\"https:\/\/www.alfaterm.com.br\/wp-content\/uploads\/2024\/09\/assistencia-tecnica-torres-resfriar.webp\",\"contentUrl\":\"https:\/\/www.alfaterm.com.br\/wp-content\/uploads\/2024\/09\/assistencia-tecnica-torres-resfriar.webp\",\"width\":1500,\"height\":1294},{\"@type\":\"BreadcrumbList\",\"@id\":\"https:\/\/www.alfaterm.com.br\/informacoes\/reforma-torres-resfriamento\/#breadcrumb\",\"itemListElement\":[{\"@type\":\"ListItem\",\"position\":1,\"name\":\"Home\",\"item\":\"https:\/\/www.alfaterm.com.br\/\"},{\"@type\":\"ListItem\",\"position\":2,\"name\":\"Informa\u00e7\u00f5es\",\"item\":\"https:\/\/www.alfaterm.com.br\/informacoes\/\"},{\"@type\":\"ListItem\",\"position\":3,\"name\":\"Reforma de torres de resfriamento\"}]},{\"@type\":\"WebSite\",\"@id\":\"https:\/\/www.alfaterm.com.br\/#website\",\"url\":\"https:\/\/www.alfaterm.com.br\/\",\"name\":\"Bem-vindo \u00e0 ALFATERM\",\"description\":\"\",\"publisher\":{\"@id\":\"https:\/\/www.alfaterm.com.br\/#organization\"},\"potentialAction\":[{\"@type\":\"SearchAction\",\"target\":{\"@type\":\"EntryPoint\",\"urlTemplate\":\"https:\/\/www.alfaterm.com.br\/?s={search_term_string}\"},\"query-input\":{\"@type\":\"PropertyValueSpecification\",\"valueRequired\":true,\"valueName\":\"search_term_string\"}}],\"inLanguage\":\"en-US\"},{\"@type\":\"Organization\",\"@id\":\"https:\/\/www.alfaterm.com.br\/#organization\",\"name\":\"Bem-vindo \u00e0 ALFATERM\",\"url\":\"https:\/\/www.alfaterm.com.br\/\",\"logo\":{\"@type\":\"ImageObject\",\"inLanguage\":\"en-US\",\"@id\":\"https:\/\/www.alfaterm.com.br\/#\/schema\/logo\/image\/\",\"url\":\"https:\/\/www.alfaterm.com.br\/wp-content\/uploads\/2024\/07\/logo-alfaterm.png\",\"contentUrl\":\"https:\/\/www.alfaterm.com.br\/wp-content\/uploads\/2024\/07\/logo-alfaterm.png\",\"width\":393,\"height\":45,\"caption\":\"Bem-vindo \u00e0 ALFATERM\"},\"image\":{\"@id\":\"https:\/\/www.alfaterm.com.br\/#\/schema\/logo\/image\/\"}}]}<\/script>\n<!-- \/ Yoast SEO Premium plugin. -->","yoast_head_json":{"title":"Reforma de torres de resfriamento - Bem-vindo \u00e0 ALFATERM","robots":{"index":"index","follow":"follow","max-snippet":"max-snippet:-1","max-image-preview":"max-image-preview:large","max-video-preview":"max-video-preview:-1"},"canonical":"https:\/\/www.alfaterm.com.br\/en\/informacoes\/reforma-torres-resfriamento\/","og_locale":"en_US","og_type":"article","og_title":"Reforma de torres de resfriamento","og_description":"Conhecidos como equipamentos altamente dur\u00e1veis e funcionais, as torres de resfriamento desempenham suas fun\u00e7\u00f5es em diversas \u00e1reas industriais oferecendo versatilidade. Para que os processos de produ\u00e7\u00e3o sejam otimizados, a&nbsp;reforma de torres de resfriamento&nbsp;\u00e9 frequentemente solicitada em diversos setores, oferecendo economia de custos \u00e0s empresas. Capaz de garantir uma melhor performance aos diversos tipos de torres [&hellip;]","og_url":"https:\/\/www.alfaterm.com.br\/en\/informacoes\/reforma-torres-resfriamento\/","og_site_name":"Bem-vindo \u00e0 ALFATERM","article_modified_time":"2024-09-09T08:08:40+00:00","og_image":[{"width":1500,"height":1294,"url":"https:\/\/www.alfaterm.com.br\/wp-content\/uploads\/2024\/09\/assistencia-tecnica-torres-resfriar.webp","type":"image\/webp"}],"twitter_card":"summary_large_image","twitter_misc":{"Est. reading time":"2 minutes"},"schema":{"@context":"https:\/\/schema.org","@graph":[{"@type":"WebPage","@id":"https:\/\/www.alfaterm.com.br\/informacoes\/reforma-torres-resfriamento\/","url":"https:\/\/www.alfaterm.com.br\/informacoes\/reforma-torres-resfriamento\/","name":"Reforma de torres de resfriamento - Bem-vindo \u00e0 ALFATERM","isPartOf":{"@id":"https:\/\/www.alfaterm.com.br\/#website"},"primaryImageOfPage":{"@id":"https:\/\/www.alfaterm.com.br\/informacoes\/reforma-torres-resfriamento\/#primaryimage"},"image":{"@id":"https:\/\/www.alfaterm.com.br\/informacoes\/reforma-torres-resfriamento\/#primaryimage"},"thumbnailUrl":"https:\/\/www.alfaterm.com.br\/wp-content\/uploads\/2024\/09\/assistencia-tecnica-torres-resfriar.webp","datePublished":"2024-09-02T11:20:42+00:00","dateModified":"2024-09-09T08:08:40+00:00","breadcrumb":{"@id":"https:\/\/www.alfaterm.com.br\/informacoes\/reforma-torres-resfriamento\/#breadcrumb"},"inLanguage":"en-US","potentialAction":[{"@type":"ReadAction","target":["https:\/\/www.alfaterm.com.br\/informacoes\/reforma-torres-resfriamento\/"]}]},{"@type":"ImageObject","inLanguage":"en-US","@id":"https:\/\/www.alfaterm.com.br\/informacoes\/reforma-torres-resfriamento\/#primaryimage","url":"https:\/\/www.alfaterm.com.br\/wp-content\/uploads\/2024\/09\/assistencia-tecnica-torres-resfriar.webp","contentUrl":"https:\/\/www.alfaterm.com.br\/wp-content\/uploads\/2024\/09\/assistencia-tecnica-torres-resfriar.webp","width":1500,"height":1294},{"@type":"BreadcrumbList","@id":"https:\/\/www.alfaterm.com.br\/informacoes\/reforma-torres-resfriamento\/#breadcrumb","itemListElement":[{"@type":"ListItem","position":1,"name":"Home","item":"https:\/\/www.alfaterm.com.br\/"},{"@type":"ListItem","position":2,"name":"Informa\u00e7\u00f5es","item":"https:\/\/www.alfaterm.com.br\/informacoes\/"},{"@type":"ListItem","position":3,"name":"Reforma de torres de resfriamento"}]},{"@type":"WebSite","@id":"https:\/\/www.alfaterm.com.br\/#website","url":"https:\/\/www.alfaterm.com.br\/","name":"Bem-vindo \u00e0 ALFATERM","description":"","publisher":{"@id":"https:\/\/www.alfaterm.com.br\/#organization"},"potentialAction":[{"@type":"SearchAction","target":{"@type":"EntryPoint","urlTemplate":"https:\/\/www.alfaterm.com.br\/?s={search_term_string}"},"query-input":{"@type":"PropertyValueSpecification","valueRequired":true,"valueName":"search_term_string"}}],"inLanguage":"en-US"},{"@type":"Organization","@id":"https:\/\/www.alfaterm.com.br\/#organization","name":"Bem-vindo \u00e0 ALFATERM","url":"https:\/\/www.alfaterm.com.br\/","logo":{"@type":"ImageObject","inLanguage":"en-US","@id":"https:\/\/www.alfaterm.com.br\/#\/schema\/logo\/image\/","url":"https:\/\/www.alfaterm.com.br\/wp-content\/uploads\/2024\/07\/logo-alfaterm.png","contentUrl":"https:\/\/www.alfaterm.com.br\/wp-content\/uploads\/2024\/07\/logo-alfaterm.png","width":393,"height":45,"caption":"Bem-vindo \u00e0 ALFATERM"},"image":{"@id":"https:\/\/www.alfaterm.com.br\/#\/schema\/logo\/image\/"}}]}},"_links":{"self":[{"href":"https:\/\/www.alfaterm.com.br\/en\/wp-json\/wp\/v2\/pages\/2262","targetHints":{"allow":["GET"]}}],"collection":[{"href":"https:\/\/www.alfaterm.com.br\/en\/wp-json\/wp\/v2\/pages"}],"about":[{"href":"https:\/\/www.alfaterm.com.br\/en\/wp-json\/wp\/v2\/types\/page"}],"author":[{"embeddable":true,"href":"https:\/\/www.alfaterm.com.br\/en\/wp-json\/wp\/v2\/users\/1"}],"replies":[{"embeddable":true,"href":"https:\/\/www.alfaterm.com.br\/en\/wp-json\/wp\/v2\/comments?post=2262"}],"version-history":[{"count":0,"href":"https:\/\/www.alfaterm.com.br\/en\/wp-json\/wp\/v2\/pages\/2262\/revisions"}],"up":[{"embeddable":true,"href":"https:\/\/www.alfaterm.com.br\/en\/wp-json\/wp\/v2\/pages\/2144"}],"wp:featuredmedia":[{"embeddable":true,"href":"https:\/\/www.alfaterm.com.br\/en\/wp-json\/wp\/v2\/media\/2181"}],"wp:attachment":[{"href":"https:\/\/www.alfaterm.com.br\/en\/wp-json\/wp\/v2\/media?parent=2262"}],"curies":[{"name":"wp","href":"https:\/\/api.w.org\/{rel}","templated":true}]}}