{"id":2260,"date":"2024-09-02T08:27:21","date_gmt":"2024-09-02T11:27:21","guid":{"rendered":"https:\/\/www.alfaterm.com.br\/?page_id=2260"},"modified":"2024-09-09T05:16:00","modified_gmt":"2024-09-09T08:16:00","slug":"torre-resfriamento-circuito-fechado","status":"publish","type":"page","link":"https:\/\/www.alfaterm.com.br\/en\/informacoes\/torre-resfriamento-circuito-fechado\/","title":{"rendered":"Torre de resfriamento circuito fechado"},"content":{"rendered":"<p>A&nbsp;torre de resfriamento circuito fechado&nbsp;\u00e9 indicada em procedimentos industriais nos quais n\u00e3o \u00e9 permitido ocorrer a mistura da \u00e1gua com o ambiente externo, devido \u00e0 necessidade de conserva\u00e7\u00e3o de suas caracter\u00edsticas. Al\u00e9m de ter sido projetada para resfriar flu\u00eddos que n\u00e3o podem ter contato com o ambiente externo, a&nbsp;torre de resfriamento circuito fechado&nbsp;possui pequenas passagens de \u00e1gua dif\u00edceis de limpar, as quais incrustariam se recebessem \u00e1gua de uma torre de resfriamento tradicional. Esse tipo de torre oferece vantagens como, por exemplo, menor consumo de \u00e1gua e conserva\u00e7\u00e3o da qualidade do fluxo, isentando-o de incrusta\u00e7\u00f5es e qualquer tipo de contamina\u00e7\u00e3o externa.<\/p>\n\n\n\n<h2 class=\"wp-block-heading\">MODELOS DE TORRE DE RESFRIAMENTO CIRCUITO FECHADO<\/h2>\n\n\n\n<p>No mercado pode ser encontrada a&nbsp;torre de resfriamento circuito fechado&nbsp;em dois tipos diferentes. Al\u00e9m da economia de energia gerada por este tipo de equipamento, ele pode tamb\u00e9m operar com \u00e1gua proveniente de diversas origens, como: po\u00e7o, chuva, rio ou reuso. Ademais, todas s\u00e3o equipadas com bomba hidr\u00e1ulica de \u00e1gua industrial. Esses dois equipamentos s\u00e3o capazes de operar com at\u00e9 9 bar de press\u00e3o, al\u00e9m de movimenta\u00e7\u00e3o direta ou feita por polias e correias. O n\u00edvel de ru\u00eddo industrial \u00e9 reduzido.<\/p>\n\n\n\n<p>O primeiro tipo de&nbsp;torre de resfriamento circuito fechado&nbsp;apresenta formato arredondado e \u00e9 amplamente aceito no mercado. Para mais, \u00e9 equipado com um exclusivo distribuidor rotativo e possui capacidade para atender vaz\u00f5es de at\u00e9 200m3\/h.<\/p>\n\n\n\n<p>Constitu\u00edda em formato diferente, o segundo tipo de&nbsp;torre de resfriamento circuito fechado&nbsp;\u00e9 quadrada e apresenta capacidade de vaz\u00e3o de at\u00e9 500m3\/h. Esse tipo de torre \u00e9 apto para operar com qualquer tipo de \u00e1gua, sem comprometer o sistema de distribui\u00e7\u00e3o. Esse sistema \u00e9 formado por uma estrutura de distribui\u00e7\u00e3o com bicos borrifadores de alta press\u00e3o e \u00e0 prova de entupimento.<\/p>\n\n\n\n<p>Existem linhas de&nbsp;torre de resfriamento circuito fechado&nbsp;no mercado que apresentam uma v\u00e1lvula diferenciada de expans\u00e3o eletr\u00f4nica para refrigera\u00e7\u00e3o. Al\u00e9m de economia de energia, esta v\u00e1lvula oferece maior durabilidade e qualidade ao equipamento.<\/p>\n\n\n\n<h2 class=\"wp-block-heading\">ALFATERM \u2013 EFICI\u00caNCIA EM SERVI\u00c7OS E PRODUTOS<\/h2>\n\n\n\n<p>A empresa ALFATERM Ind\u00fastria e Com\u00e9rcio Ltda. possui vasta experi\u00eancia no mercado em servi\u00e7os e produtos para ind\u00fastrias. A empresa atua com produtos com projetos para ind\u00fastrias, servi\u00e7os de manuten\u00e7\u00e3o e montagem de torres de resfriamento de \u00e1gua.<\/p>\n\n\n\n<p>Entre seus produtos de alta qualidade, a empresa se destaca em torres de resfriamento de \u00e1gua com especialidade em fibra de vidro. Gra\u00e7as \u00e0 agilidade e criatividade da ALFATERM Ind\u00fastria e Com\u00e9rcio Ltda. o desenvolvimento de produtos altamente qualificados e inovadores foi poss\u00edvel. A ALFATERM Ind\u00fastria e Com\u00e9rcio Ltda. vem se destacando em seu segmento cada vez mais, tanto pela inova\u00e7\u00e3o em produtos quanto pela qualidade e durabilidade dos materiais.<\/p>\n\n\n\n<h2 class=\"wp-block-heading\">Para saber mais sobre Assist\u00eancia t\u00e9cnica em torres de resfriar<\/h2>\n\n\n\n<p>Ligue para&nbsp;<strong>11 4156-8930<\/strong>&nbsp;ou&nbsp;<a href=\"https:\/\/www.alfaterm.com.br\/en\/contact\/\">clique aqui<\/a>&nbsp;e entre em contato por email.<\/p>","protected":false},"excerpt":{"rendered":"<p>A&nbsp;torre de resfriamento circuito fechado&nbsp;\u00e9 indicada em procedimentos industriais nos quais n\u00e3o \u00e9 permitido ocorrer a mistura da \u00e1gua com o ambiente externo, devido \u00e0 necessidade de conserva\u00e7\u00e3o de suas caracter\u00edsticas. Al\u00e9m de ter sido projetada para resfriar flu\u00eddos que n\u00e3o podem ter contato com o ambiente externo, a&nbsp;torre de resfriamento circuito fechado&nbsp;possui pequenas passagens [&hellip;]<\/p>","protected":false},"author":1,"featured_media":2228,"parent":2144,"menu_order":0,"comment_status":"closed","ping_status":"closed","template":"","meta":{"_acf_changed":false,"_joinchat":[],"footnotes":""},"class_list":["post-2260","page","type-page","status-publish","has-post-thumbnail","hentry"],"acf":[],"yoast_head":"<!-- This site is optimized with the Yoast SEO Premium plugin v23.4 (Yoast SEO v27.1.1) - https:\/\/yoast.com\/product\/yoast-seo-premium-wordpress\/ -->\n<title>Torre de resfriamento circuito fechado - Bem-vindo \u00e0 ALFATERM<\/title>\n<meta name=\"robots\" content=\"index, follow, max-snippet:-1, max-image-preview:large, max-video-preview:-1\" \/>\n<link rel=\"canonical\" href=\"https:\/\/www.alfaterm.com.br\/en\/informacoes\/torre-resfriamento-circuito-fechado\/\" \/>\n<meta property=\"og:locale\" content=\"en_US\" \/>\n<meta property=\"og:type\" content=\"article\" \/>\n<meta property=\"og:title\" content=\"Torre de resfriamento circuito fechado\" \/>\n<meta property=\"og:description\" content=\"A&nbsp;torre de resfriamento circuito fechado&nbsp;\u00e9 indicada em procedimentos industriais nos quais n\u00e3o \u00e9 permitido ocorrer a mistura da \u00e1gua com o ambiente externo, devido \u00e0 necessidade de conserva\u00e7\u00e3o de suas caracter\u00edsticas. Al\u00e9m de ter sido projetada para resfriar flu\u00eddos que n\u00e3o podem ter contato com o ambiente externo, a&nbsp;torre de resfriamento circuito fechado&nbsp;possui pequenas passagens [&hellip;]\" \/>\n<meta property=\"og:url\" content=\"https:\/\/www.alfaterm.com.br\/en\/informacoes\/torre-resfriamento-circuito-fechado\/\" \/>\n<meta property=\"og:site_name\" content=\"Bem-vindo \u00e0 ALFATERM\" \/>\n<meta property=\"article:modified_time\" content=\"2024-09-09T08:16:00+00:00\" \/>\n<meta property=\"og:image\" content=\"https:\/\/www.alfaterm.com.br\/wp-content\/uploads\/2024\/09\/conserto-torre-resfriamento.webp\" \/>\n\t<meta property=\"og:image:width\" content=\"800\" \/>\n\t<meta property=\"og:image:height\" content=\"1200\" \/>\n\t<meta property=\"og:image:type\" content=\"image\/webp\" \/>\n<meta name=\"twitter:card\" content=\"summary_large_image\" \/>\n<meta name=\"twitter:label1\" content=\"Est. reading time\" \/>\n\t<meta name=\"twitter:data1\" content=\"3 minutes\" \/>\n<script type=\"application\/ld+json\" class=\"yoast-schema-graph\">{\"@context\":\"https:\/\/schema.org\",\"@graph\":[{\"@type\":\"WebPage\",\"@id\":\"https:\/\/www.alfaterm.com.br\/informacoes\/torre-resfriamento-circuito-fechado\/\",\"url\":\"https:\/\/www.alfaterm.com.br\/informacoes\/torre-resfriamento-circuito-fechado\/\",\"name\":\"Torre de resfriamento circuito fechado - Bem-vindo \u00e0 ALFATERM\",\"isPartOf\":{\"@id\":\"https:\/\/www.alfaterm.com.br\/#website\"},\"primaryImageOfPage\":{\"@id\":\"https:\/\/www.alfaterm.com.br\/informacoes\/torre-resfriamento-circuito-fechado\/#primaryimage\"},\"image\":{\"@id\":\"https:\/\/www.alfaterm.com.br\/informacoes\/torre-resfriamento-circuito-fechado\/#primaryimage\"},\"thumbnailUrl\":\"https:\/\/www.alfaterm.com.br\/wp-content\/uploads\/2024\/09\/conserto-torre-resfriamento.webp\",\"datePublished\":\"2024-09-02T11:27:21+00:00\",\"dateModified\":\"2024-09-09T08:16:00+00:00\",\"breadcrumb\":{\"@id\":\"https:\/\/www.alfaterm.com.br\/informacoes\/torre-resfriamento-circuito-fechado\/#breadcrumb\"},\"inLanguage\":\"en-US\",\"potentialAction\":[{\"@type\":\"ReadAction\",\"target\":[\"https:\/\/www.alfaterm.com.br\/informacoes\/torre-resfriamento-circuito-fechado\/\"]}]},{\"@type\":\"ImageObject\",\"inLanguage\":\"en-US\",\"@id\":\"https:\/\/www.alfaterm.com.br\/informacoes\/torre-resfriamento-circuito-fechado\/#primaryimage\",\"url\":\"https:\/\/www.alfaterm.com.br\/wp-content\/uploads\/2024\/09\/conserto-torre-resfriamento.webp\",\"contentUrl\":\"https:\/\/www.alfaterm.com.br\/wp-content\/uploads\/2024\/09\/conserto-torre-resfriamento.webp\",\"width\":800,\"height\":1200},{\"@type\":\"BreadcrumbList\",\"@id\":\"https:\/\/www.alfaterm.com.br\/informacoes\/torre-resfriamento-circuito-fechado\/#breadcrumb\",\"itemListElement\":[{\"@type\":\"ListItem\",\"position\":1,\"name\":\"Home\",\"item\":\"https:\/\/www.alfaterm.com.br\/\"},{\"@type\":\"ListItem\",\"position\":2,\"name\":\"Informa\u00e7\u00f5es\",\"item\":\"https:\/\/www.alfaterm.com.br\/informacoes\/\"},{\"@type\":\"ListItem\",\"position\":3,\"name\":\"Torre de resfriamento circuito fechado\"}]},{\"@type\":\"WebSite\",\"@id\":\"https:\/\/www.alfaterm.com.br\/#website\",\"url\":\"https:\/\/www.alfaterm.com.br\/\",\"name\":\"Bem-vindo \u00e0 ALFATERM\",\"description\":\"\",\"publisher\":{\"@id\":\"https:\/\/www.alfaterm.com.br\/#organization\"},\"potentialAction\":[{\"@type\":\"SearchAction\",\"target\":{\"@type\":\"EntryPoint\",\"urlTemplate\":\"https:\/\/www.alfaterm.com.br\/?s={search_term_string}\"},\"query-input\":{\"@type\":\"PropertyValueSpecification\",\"valueRequired\":true,\"valueName\":\"search_term_string\"}}],\"inLanguage\":\"en-US\"},{\"@type\":\"Organization\",\"@id\":\"https:\/\/www.alfaterm.com.br\/#organization\",\"name\":\"Bem-vindo \u00e0 ALFATERM\",\"url\":\"https:\/\/www.alfaterm.com.br\/\",\"logo\":{\"@type\":\"ImageObject\",\"inLanguage\":\"en-US\",\"@id\":\"https:\/\/www.alfaterm.com.br\/#\/schema\/logo\/image\/\",\"url\":\"https:\/\/www.alfaterm.com.br\/wp-content\/uploads\/2024\/07\/logo-alfaterm.png\",\"contentUrl\":\"https:\/\/www.alfaterm.com.br\/wp-content\/uploads\/2024\/07\/logo-alfaterm.png\",\"width\":393,\"height\":45,\"caption\":\"Bem-vindo \u00e0 ALFATERM\"},\"image\":{\"@id\":\"https:\/\/www.alfaterm.com.br\/#\/schema\/logo\/image\/\"}}]}<\/script>\n<!-- \/ Yoast SEO Premium plugin. -->","yoast_head_json":{"title":"Torre de resfriamento circuito fechado - Bem-vindo \u00e0 ALFATERM","robots":{"index":"index","follow":"follow","max-snippet":"max-snippet:-1","max-image-preview":"max-image-preview:large","max-video-preview":"max-video-preview:-1"},"canonical":"https:\/\/www.alfaterm.com.br\/en\/informacoes\/torre-resfriamento-circuito-fechado\/","og_locale":"en_US","og_type":"article","og_title":"Torre de resfriamento circuito fechado","og_description":"A&nbsp;torre de resfriamento circuito fechado&nbsp;\u00e9 indicada em procedimentos industriais nos quais n\u00e3o \u00e9 permitido ocorrer a mistura da \u00e1gua com o ambiente externo, devido \u00e0 necessidade de conserva\u00e7\u00e3o de suas caracter\u00edsticas. Al\u00e9m de ter sido projetada para resfriar flu\u00eddos que n\u00e3o podem ter contato com o ambiente externo, a&nbsp;torre de resfriamento circuito fechado&nbsp;possui pequenas passagens [&hellip;]","og_url":"https:\/\/www.alfaterm.com.br\/en\/informacoes\/torre-resfriamento-circuito-fechado\/","og_site_name":"Bem-vindo \u00e0 ALFATERM","article_modified_time":"2024-09-09T08:16:00+00:00","og_image":[{"width":800,"height":1200,"url":"https:\/\/www.alfaterm.com.br\/wp-content\/uploads\/2024\/09\/conserto-torre-resfriamento.webp","type":"image\/webp"}],"twitter_card":"summary_large_image","twitter_misc":{"Est. reading time":"3 minutes"},"schema":{"@context":"https:\/\/schema.org","@graph":[{"@type":"WebPage","@id":"https:\/\/www.alfaterm.com.br\/informacoes\/torre-resfriamento-circuito-fechado\/","url":"https:\/\/www.alfaterm.com.br\/informacoes\/torre-resfriamento-circuito-fechado\/","name":"Torre de resfriamento circuito fechado - Bem-vindo \u00e0 ALFATERM","isPartOf":{"@id":"https:\/\/www.alfaterm.com.br\/#website"},"primaryImageOfPage":{"@id":"https:\/\/www.alfaterm.com.br\/informacoes\/torre-resfriamento-circuito-fechado\/#primaryimage"},"image":{"@id":"https:\/\/www.alfaterm.com.br\/informacoes\/torre-resfriamento-circuito-fechado\/#primaryimage"},"thumbnailUrl":"https:\/\/www.alfaterm.com.br\/wp-content\/uploads\/2024\/09\/conserto-torre-resfriamento.webp","datePublished":"2024-09-02T11:27:21+00:00","dateModified":"2024-09-09T08:16:00+00:00","breadcrumb":{"@id":"https:\/\/www.alfaterm.com.br\/informacoes\/torre-resfriamento-circuito-fechado\/#breadcrumb"},"inLanguage":"en-US","potentialAction":[{"@type":"ReadAction","target":["https:\/\/www.alfaterm.com.br\/informacoes\/torre-resfriamento-circuito-fechado\/"]}]},{"@type":"ImageObject","inLanguage":"en-US","@id":"https:\/\/www.alfaterm.com.br\/informacoes\/torre-resfriamento-circuito-fechado\/#primaryimage","url":"https:\/\/www.alfaterm.com.br\/wp-content\/uploads\/2024\/09\/conserto-torre-resfriamento.webp","contentUrl":"https:\/\/www.alfaterm.com.br\/wp-content\/uploads\/2024\/09\/conserto-torre-resfriamento.webp","width":800,"height":1200},{"@type":"BreadcrumbList","@id":"https:\/\/www.alfaterm.com.br\/informacoes\/torre-resfriamento-circuito-fechado\/#breadcrumb","itemListElement":[{"@type":"ListItem","position":1,"name":"Home","item":"https:\/\/www.alfaterm.com.br\/"},{"@type":"ListItem","position":2,"name":"Informa\u00e7\u00f5es","item":"https:\/\/www.alfaterm.com.br\/informacoes\/"},{"@type":"ListItem","position":3,"name":"Torre de resfriamento circuito fechado"}]},{"@type":"WebSite","@id":"https:\/\/www.alfaterm.com.br\/#website","url":"https:\/\/www.alfaterm.com.br\/","name":"Bem-vindo \u00e0 ALFATERM","description":"","publisher":{"@id":"https:\/\/www.alfaterm.com.br\/#organization"},"potentialAction":[{"@type":"SearchAction","target":{"@type":"EntryPoint","urlTemplate":"https:\/\/www.alfaterm.com.br\/?s={search_term_string}"},"query-input":{"@type":"PropertyValueSpecification","valueRequired":true,"valueName":"search_term_string"}}],"inLanguage":"en-US"},{"@type":"Organization","@id":"https:\/\/www.alfaterm.com.br\/#organization","name":"Bem-vindo \u00e0 ALFATERM","url":"https:\/\/www.alfaterm.com.br\/","logo":{"@type":"ImageObject","inLanguage":"en-US","@id":"https:\/\/www.alfaterm.com.br\/#\/schema\/logo\/image\/","url":"https:\/\/www.alfaterm.com.br\/wp-content\/uploads\/2024\/07\/logo-alfaterm.png","contentUrl":"https:\/\/www.alfaterm.com.br\/wp-content\/uploads\/2024\/07\/logo-alfaterm.png","width":393,"height":45,"caption":"Bem-vindo \u00e0 ALFATERM"},"image":{"@id":"https:\/\/www.alfaterm.com.br\/#\/schema\/logo\/image\/"}}]}},"_links":{"self":[{"href":"https:\/\/www.alfaterm.com.br\/en\/wp-json\/wp\/v2\/pages\/2260","targetHints":{"allow":["GET"]}}],"collection":[{"href":"https:\/\/www.alfaterm.com.br\/en\/wp-json\/wp\/v2\/pages"}],"about":[{"href":"https:\/\/www.alfaterm.com.br\/en\/wp-json\/wp\/v2\/types\/page"}],"author":[{"embeddable":true,"href":"https:\/\/www.alfaterm.com.br\/en\/wp-json\/wp\/v2\/users\/1"}],"replies":[{"embeddable":true,"href":"https:\/\/www.alfaterm.com.br\/en\/wp-json\/wp\/v2\/comments?post=2260"}],"version-history":[{"count":0,"href":"https:\/\/www.alfaterm.com.br\/en\/wp-json\/wp\/v2\/pages\/2260\/revisions"}],"up":[{"embeddable":true,"href":"https:\/\/www.alfaterm.com.br\/en\/wp-json\/wp\/v2\/pages\/2144"}],"wp:featuredmedia":[{"embeddable":true,"href":"https:\/\/www.alfaterm.com.br\/en\/wp-json\/wp\/v2\/media\/2228"}],"wp:attachment":[{"href":"https:\/\/www.alfaterm.com.br\/en\/wp-json\/wp\/v2\/media?parent=2260"}],"curies":[{"name":"wp","href":"https:\/\/api.w.org\/{rel}","templated":true}]}}