{"id":2246,"date":"2024-09-02T08:13:25","date_gmt":"2024-09-02T11:13:25","guid":{"rendered":"https:\/\/www.alfaterm.com.br\/?page_id=2246"},"modified":"2024-09-09T05:08:28","modified_gmt":"2024-09-09T08:08:28","slug":"preco-torre-resfriamento","status":"publish","type":"page","link":"https:\/\/www.alfaterm.com.br\/en\/informacoes\/preco-torre-resfriamento\/","title":{"rendered":"Pre\u00e7o de torre de resfriamento"},"content":{"rendered":"<p>O&nbsp;pre\u00e7o de torre de resfriamento&nbsp;surpreende em virtude dos benef\u00edcios que este equipamento agrega aos processos nos quais \u00e9 utilizado. Por meio da qualidade, mat\u00e9ria-prima, tecnologia e equipe t\u00e9cnica envolvida em sua pesquisa e desenvolvimento, s\u00e3o fabricados os melhores e mais eficientes produtos para refrigera\u00e7\u00e3o de \u00e1gua.<\/p>\n\n\n\n<h2 class=\"wp-block-heading\">PRE\u00c7O DE TORRE DE RESFRIAMENTO CONDIZ COM SEUS BENEF\u00cdCIOS<\/h2>\n\n\n\n<p>A torre de resfriamento \u00e9 um produto com aplica\u00e7\u00e3o em diversos segmentos de mercado, como ind\u00fastrias qu\u00edmicas, aliment\u00edcias, sucroalcooleiras, automotivas, t\u00eaxteis e muitas outras. Sua atua\u00e7\u00e3o \u00e9 fundamental na redu\u00e7\u00e3o r\u00e1pida, eficaz e econ\u00f4mica da temperatura da \u00e1gua utilizada em v\u00e1rios processos.<\/p>\n\n\n\n<p>Ao pesquisar pelo&nbsp;pre\u00e7o de torre de resfriamento, \u00e9 indispens\u00e1vel considerar outros elementos nesta an\u00e1lise, tais como: a qualidade do produto ofertado, a garantia, a especificidade para atender plenamente \u00e0s demandas, a disponibilidade de pe\u00e7as para uma eventual reposi\u00e7\u00e3o, o percentual de retorno previsto, entre outros.<\/p>\n\n\n\n<p>O&nbsp;pre\u00e7o de torre de resfriamento&nbsp;deve condizer com todos os seus atributos, e \u00e9 importante destacar que a aquisi\u00e7\u00e3o de um produto com pre\u00e7o muito baixo pode at\u00e9 parecer uma vantagem no in\u00edcio, mas representa um grande risco em curto prazo de tempo.<\/p>\n\n\n\n<h2 class=\"wp-block-heading\">PRE\u00c7O DE TORRE DE RESFRIAMENTO QUE APRESENTA MELHOR CUSTO-BENEF\u00cdCIO<\/h2>\n\n\n\n<p>Para analisar o&nbsp;pre\u00e7o de torre de resfriamento, \u00e9 indispens\u00e1vel considerar o seu custo-benef\u00edcio. Conforme j\u00e1 foi apresentado, muitos elementos comp\u00f5em a decis\u00e3o de compra deste produto.<\/p>\n\n\n\n<p>Um dos mais importantes elementos nesta an\u00e1lise \u00e9 a capacidade de o fabricante entender e desenvolver sob medida uma torre de resfriamento com foco na necessidade do cliente. Isso somente \u00e9 poss\u00edvel quando o fornecedor possui uma equipe t\u00e9cnica especializada e realiza um contato personalizado com o cliente, de forma a gerar o produto desejado.<\/p>\n\n\n\n<p>Diante disso, o&nbsp;pre\u00e7o de torre de resfriamento&nbsp;apresenta o melhor custo-benef\u00edcio do mercado, pois \u00e9 uma solu\u00e7\u00e3o sob encomenda, com o investimento merecedor de um produto personalizado.<\/p>\n\n\n\n<h2 class=\"wp-block-heading\">ONDE ENCONTRAR O MELHOR PRE\u00c7O DE TORRE DE RESFRIAMENTO<\/h2>\n\n\n\n<p>A ALFATERM Ind\u00fastria e Com\u00e9rcio Ltda. foi fundada na d\u00e9cada de 80 e, desde ent\u00e3o, vem investindo em tecnologia para desenvolver as melhores solu\u00e7\u00f5es em torres de resfriamento, com atua\u00e7\u00e3o em empresas de todos os portes, nas Am\u00e9ricas Latina e Central.<\/p>\n\n\n\n<p>Com uma equipe t\u00e9cnica especializada, a ALFATERM Ind\u00fastria e Com\u00e9rcio Ltda. tamb\u00e9m presta servi\u00e7os de manuten\u00e7\u00e3o de torres de resfriamento, trabalhando sempre com foco na satisfa\u00e7\u00e3o de seus clientes.<\/p>\n\n\n\n<h2 class=\"wp-block-heading\">Para saber mais sobre Assist\u00eancia t\u00e9cnica em torres de resfriar<\/h2>\n\n\n\n<p>Ligue para&nbsp;<strong>11 4156-8930<\/strong>&nbsp;ou&nbsp;<a href=\"https:\/\/www.alfaterm.com.br\/en\/contact\/\">clique aqui<\/a>&nbsp;e entre em contato por email.<\/p>","protected":false},"excerpt":{"rendered":"<p>O&nbsp;pre\u00e7o de torre de resfriamento&nbsp;surpreende em virtude dos benef\u00edcios que este equipamento agrega aos processos nos quais \u00e9 utilizado. Por meio da qualidade, mat\u00e9ria-prima, tecnologia e equipe t\u00e9cnica envolvida em sua pesquisa e desenvolvimento, s\u00e3o fabricados os melhores e mais eficientes produtos para refrigera\u00e7\u00e3o de \u00e1gua. PRE\u00c7O DE TORRE DE RESFRIAMENTO CONDIZ COM SEUS BENEF\u00cdCIOS [&hellip;]<\/p>","protected":false},"author":1,"featured_media":2225,"parent":2144,"menu_order":0,"comment_status":"closed","ping_status":"closed","template":"","meta":{"_acf_changed":false,"_joinchat":[],"footnotes":""},"class_list":["post-2246","page","type-page","status-publish","has-post-thumbnail","hentry"],"acf":[],"yoast_head":"<!-- This site is optimized with the Yoast SEO Premium plugin v23.4 (Yoast SEO v27.1.1) - https:\/\/yoast.com\/product\/yoast-seo-premium-wordpress\/ -->\n<title>Pre\u00e7o de torre de resfriamento - Bem-vindo \u00e0 ALFATERM<\/title>\n<meta name=\"robots\" content=\"index, follow, max-snippet:-1, max-image-preview:large, max-video-preview:-1\" \/>\n<link rel=\"canonical\" href=\"https:\/\/www.alfaterm.com.br\/en\/informacoes\/preco-torre-resfriamento\/\" \/>\n<meta property=\"og:locale\" content=\"en_US\" \/>\n<meta property=\"og:type\" content=\"article\" \/>\n<meta property=\"og:title\" content=\"Pre\u00e7o de torre de resfriamento\" \/>\n<meta property=\"og:description\" content=\"O&nbsp;pre\u00e7o de torre de resfriamento&nbsp;surpreende em virtude dos benef\u00edcios que este equipamento agrega aos processos nos quais \u00e9 utilizado. Por meio da qualidade, mat\u00e9ria-prima, tecnologia e equipe t\u00e9cnica envolvida em sua pesquisa e desenvolvimento, s\u00e3o fabricados os melhores e mais eficientes produtos para refrigera\u00e7\u00e3o de \u00e1gua. PRE\u00c7O DE TORRE DE RESFRIAMENTO CONDIZ COM SEUS BENEF\u00cdCIOS [&hellip;]\" \/>\n<meta property=\"og:url\" content=\"https:\/\/www.alfaterm.com.br\/en\/informacoes\/preco-torre-resfriamento\/\" \/>\n<meta property=\"og:site_name\" content=\"Bem-vindo \u00e0 ALFATERM\" \/>\n<meta property=\"article:modified_time\" content=\"2024-09-09T08:08:28+00:00\" \/>\n<meta property=\"og:image\" content=\"https:\/\/www.alfaterm.com.br\/wp-content\/uploads\/2024\/09\/fabrica-torre-resfriamento.webp\" \/>\n\t<meta property=\"og:image:width\" content=\"699\" \/>\n\t<meta property=\"og:image:height\" content=\"625\" \/>\n\t<meta property=\"og:image:type\" content=\"image\/webp\" \/>\n<meta name=\"twitter:card\" content=\"summary_large_image\" \/>\n<meta name=\"twitter:label1\" content=\"Est. reading time\" \/>\n\t<meta name=\"twitter:data1\" content=\"2 minutes\" \/>\n<script type=\"application\/ld+json\" class=\"yoast-schema-graph\">{\"@context\":\"https:\/\/schema.org\",\"@graph\":[{\"@type\":\"WebPage\",\"@id\":\"https:\/\/www.alfaterm.com.br\/informacoes\/preco-torre-resfriamento\/\",\"url\":\"https:\/\/www.alfaterm.com.br\/informacoes\/preco-torre-resfriamento\/\",\"name\":\"Pre\u00e7o de torre de resfriamento - Bem-vindo \u00e0 ALFATERM\",\"isPartOf\":{\"@id\":\"https:\/\/www.alfaterm.com.br\/#website\"},\"primaryImageOfPage\":{\"@id\":\"https:\/\/www.alfaterm.com.br\/informacoes\/preco-torre-resfriamento\/#primaryimage\"},\"image\":{\"@id\":\"https:\/\/www.alfaterm.com.br\/informacoes\/preco-torre-resfriamento\/#primaryimage\"},\"thumbnailUrl\":\"https:\/\/www.alfaterm.com.br\/wp-content\/uploads\/2024\/09\/fabrica-torre-resfriamento.webp\",\"datePublished\":\"2024-09-02T11:13:25+00:00\",\"dateModified\":\"2024-09-09T08:08:28+00:00\",\"breadcrumb\":{\"@id\":\"https:\/\/www.alfaterm.com.br\/informacoes\/preco-torre-resfriamento\/#breadcrumb\"},\"inLanguage\":\"en-US\",\"potentialAction\":[{\"@type\":\"ReadAction\",\"target\":[\"https:\/\/www.alfaterm.com.br\/informacoes\/preco-torre-resfriamento\/\"]}]},{\"@type\":\"ImageObject\",\"inLanguage\":\"en-US\",\"@id\":\"https:\/\/www.alfaterm.com.br\/informacoes\/preco-torre-resfriamento\/#primaryimage\",\"url\":\"https:\/\/www.alfaterm.com.br\/wp-content\/uploads\/2024\/09\/fabrica-torre-resfriamento.webp\",\"contentUrl\":\"https:\/\/www.alfaterm.com.br\/wp-content\/uploads\/2024\/09\/fabrica-torre-resfriamento.webp\",\"width\":699,\"height\":625},{\"@type\":\"BreadcrumbList\",\"@id\":\"https:\/\/www.alfaterm.com.br\/informacoes\/preco-torre-resfriamento\/#breadcrumb\",\"itemListElement\":[{\"@type\":\"ListItem\",\"position\":1,\"name\":\"Home\",\"item\":\"https:\/\/www.alfaterm.com.br\/\"},{\"@type\":\"ListItem\",\"position\":2,\"name\":\"Informa\u00e7\u00f5es\",\"item\":\"https:\/\/www.alfaterm.com.br\/informacoes\/\"},{\"@type\":\"ListItem\",\"position\":3,\"name\":\"Pre\u00e7o de torre de resfriamento\"}]},{\"@type\":\"WebSite\",\"@id\":\"https:\/\/www.alfaterm.com.br\/#website\",\"url\":\"https:\/\/www.alfaterm.com.br\/\",\"name\":\"Bem-vindo \u00e0 ALFATERM\",\"description\":\"\",\"publisher\":{\"@id\":\"https:\/\/www.alfaterm.com.br\/#organization\"},\"potentialAction\":[{\"@type\":\"SearchAction\",\"target\":{\"@type\":\"EntryPoint\",\"urlTemplate\":\"https:\/\/www.alfaterm.com.br\/?s={search_term_string}\"},\"query-input\":{\"@type\":\"PropertyValueSpecification\",\"valueRequired\":true,\"valueName\":\"search_term_string\"}}],\"inLanguage\":\"en-US\"},{\"@type\":\"Organization\",\"@id\":\"https:\/\/www.alfaterm.com.br\/#organization\",\"name\":\"Bem-vindo \u00e0 ALFATERM\",\"url\":\"https:\/\/www.alfaterm.com.br\/\",\"logo\":{\"@type\":\"ImageObject\",\"inLanguage\":\"en-US\",\"@id\":\"https:\/\/www.alfaterm.com.br\/#\/schema\/logo\/image\/\",\"url\":\"https:\/\/www.alfaterm.com.br\/wp-content\/uploads\/2024\/07\/logo-alfaterm.png\",\"contentUrl\":\"https:\/\/www.alfaterm.com.br\/wp-content\/uploads\/2024\/07\/logo-alfaterm.png\",\"width\":393,\"height\":45,\"caption\":\"Bem-vindo \u00e0 ALFATERM\"},\"image\":{\"@id\":\"https:\/\/www.alfaterm.com.br\/#\/schema\/logo\/image\/\"}}]}<\/script>\n<!-- \/ Yoast SEO Premium plugin. -->","yoast_head_json":{"title":"Pre\u00e7o de torre de resfriamento - Bem-vindo \u00e0 ALFATERM","robots":{"index":"index","follow":"follow","max-snippet":"max-snippet:-1","max-image-preview":"max-image-preview:large","max-video-preview":"max-video-preview:-1"},"canonical":"https:\/\/www.alfaterm.com.br\/en\/informacoes\/preco-torre-resfriamento\/","og_locale":"en_US","og_type":"article","og_title":"Pre\u00e7o de torre de resfriamento","og_description":"O&nbsp;pre\u00e7o de torre de resfriamento&nbsp;surpreende em virtude dos benef\u00edcios que este equipamento agrega aos processos nos quais \u00e9 utilizado. Por meio da qualidade, mat\u00e9ria-prima, tecnologia e equipe t\u00e9cnica envolvida em sua pesquisa e desenvolvimento, s\u00e3o fabricados os melhores e mais eficientes produtos para refrigera\u00e7\u00e3o de \u00e1gua. PRE\u00c7O DE TORRE DE RESFRIAMENTO CONDIZ COM SEUS BENEF\u00cdCIOS [&hellip;]","og_url":"https:\/\/www.alfaterm.com.br\/en\/informacoes\/preco-torre-resfriamento\/","og_site_name":"Bem-vindo \u00e0 ALFATERM","article_modified_time":"2024-09-09T08:08:28+00:00","og_image":[{"width":699,"height":625,"url":"https:\/\/www.alfaterm.com.br\/wp-content\/uploads\/2024\/09\/fabrica-torre-resfriamento.webp","type":"image\/webp"}],"twitter_card":"summary_large_image","twitter_misc":{"Est. reading time":"2 minutes"},"schema":{"@context":"https:\/\/schema.org","@graph":[{"@type":"WebPage","@id":"https:\/\/www.alfaterm.com.br\/informacoes\/preco-torre-resfriamento\/","url":"https:\/\/www.alfaterm.com.br\/informacoes\/preco-torre-resfriamento\/","name":"Pre\u00e7o de torre de resfriamento - Bem-vindo \u00e0 ALFATERM","isPartOf":{"@id":"https:\/\/www.alfaterm.com.br\/#website"},"primaryImageOfPage":{"@id":"https:\/\/www.alfaterm.com.br\/informacoes\/preco-torre-resfriamento\/#primaryimage"},"image":{"@id":"https:\/\/www.alfaterm.com.br\/informacoes\/preco-torre-resfriamento\/#primaryimage"},"thumbnailUrl":"https:\/\/www.alfaterm.com.br\/wp-content\/uploads\/2024\/09\/fabrica-torre-resfriamento.webp","datePublished":"2024-09-02T11:13:25+00:00","dateModified":"2024-09-09T08:08:28+00:00","breadcrumb":{"@id":"https:\/\/www.alfaterm.com.br\/informacoes\/preco-torre-resfriamento\/#breadcrumb"},"inLanguage":"en-US","potentialAction":[{"@type":"ReadAction","target":["https:\/\/www.alfaterm.com.br\/informacoes\/preco-torre-resfriamento\/"]}]},{"@type":"ImageObject","inLanguage":"en-US","@id":"https:\/\/www.alfaterm.com.br\/informacoes\/preco-torre-resfriamento\/#primaryimage","url":"https:\/\/www.alfaterm.com.br\/wp-content\/uploads\/2024\/09\/fabrica-torre-resfriamento.webp","contentUrl":"https:\/\/www.alfaterm.com.br\/wp-content\/uploads\/2024\/09\/fabrica-torre-resfriamento.webp","width":699,"height":625},{"@type":"BreadcrumbList","@id":"https:\/\/www.alfaterm.com.br\/informacoes\/preco-torre-resfriamento\/#breadcrumb","itemListElement":[{"@type":"ListItem","position":1,"name":"Home","item":"https:\/\/www.alfaterm.com.br\/"},{"@type":"ListItem","position":2,"name":"Informa\u00e7\u00f5es","item":"https:\/\/www.alfaterm.com.br\/informacoes\/"},{"@type":"ListItem","position":3,"name":"Pre\u00e7o de torre de resfriamento"}]},{"@type":"WebSite","@id":"https:\/\/www.alfaterm.com.br\/#website","url":"https:\/\/www.alfaterm.com.br\/","name":"Bem-vindo \u00e0 ALFATERM","description":"","publisher":{"@id":"https:\/\/www.alfaterm.com.br\/#organization"},"potentialAction":[{"@type":"SearchAction","target":{"@type":"EntryPoint","urlTemplate":"https:\/\/www.alfaterm.com.br\/?s={search_term_string}"},"query-input":{"@type":"PropertyValueSpecification","valueRequired":true,"valueName":"search_term_string"}}],"inLanguage":"en-US"},{"@type":"Organization","@id":"https:\/\/www.alfaterm.com.br\/#organization","name":"Bem-vindo \u00e0 ALFATERM","url":"https:\/\/www.alfaterm.com.br\/","logo":{"@type":"ImageObject","inLanguage":"en-US","@id":"https:\/\/www.alfaterm.com.br\/#\/schema\/logo\/image\/","url":"https:\/\/www.alfaterm.com.br\/wp-content\/uploads\/2024\/07\/logo-alfaterm.png","contentUrl":"https:\/\/www.alfaterm.com.br\/wp-content\/uploads\/2024\/07\/logo-alfaterm.png","width":393,"height":45,"caption":"Bem-vindo \u00e0 ALFATERM"},"image":{"@id":"https:\/\/www.alfaterm.com.br\/#\/schema\/logo\/image\/"}}]}},"_links":{"self":[{"href":"https:\/\/www.alfaterm.com.br\/en\/wp-json\/wp\/v2\/pages\/2246","targetHints":{"allow":["GET"]}}],"collection":[{"href":"https:\/\/www.alfaterm.com.br\/en\/wp-json\/wp\/v2\/pages"}],"about":[{"href":"https:\/\/www.alfaterm.com.br\/en\/wp-json\/wp\/v2\/types\/page"}],"author":[{"embeddable":true,"href":"https:\/\/www.alfaterm.com.br\/en\/wp-json\/wp\/v2\/users\/1"}],"replies":[{"embeddable":true,"href":"https:\/\/www.alfaterm.com.br\/en\/wp-json\/wp\/v2\/comments?post=2246"}],"version-history":[{"count":0,"href":"https:\/\/www.alfaterm.com.br\/en\/wp-json\/wp\/v2\/pages\/2246\/revisions"}],"up":[{"embeddable":true,"href":"https:\/\/www.alfaterm.com.br\/en\/wp-json\/wp\/v2\/pages\/2144"}],"wp:featuredmedia":[{"embeddable":true,"href":"https:\/\/www.alfaterm.com.br\/en\/wp-json\/wp\/v2\/media\/2225"}],"wp:attachment":[{"href":"https:\/\/www.alfaterm.com.br\/en\/wp-json\/wp\/v2\/media?parent=2246"}],"curies":[{"name":"wp","href":"https:\/\/api.w.org\/{rel}","templated":true}]}}