{"id":2243,"date":"2024-09-02T08:11:18","date_gmt":"2024-09-02T11:11:18","guid":{"rendered":"https:\/\/www.alfaterm.com.br\/?page_id=2243"},"modified":"2024-09-09T05:06:22","modified_gmt":"2024-09-09T08:06:22","slug":"manutencao-preventiva-torres-resfriamento","status":"publish","type":"page","link":"https:\/\/www.alfaterm.com.br\/en\/informacoes\/manutencao-preventiva-torres-resfriamento\/","title":{"rendered":"Manuten\u00e7\u00e3o preventiva de torres de resfriamento"},"content":{"rendered":"<p>A&nbsp;manuten\u00e7\u00e3o preventiva de torres de resfriamento&nbsp;\u00e9 uma etapa extremamente importante na rotina de ind\u00fastrias, f\u00e1bricas e outras empresas que necessitam desse tipo de servi\u00e7o. No procedimento de&nbsp;manuten\u00e7\u00e3o preventiva de torres de resfriamento, os equipamentos passam por uma revis\u00e3o especializada e que \u00e9 realizada dentro da ind\u00fastria onde o maquin\u00e1rio est\u00e1 instalado.<\/p>\n\n\n\n<h2 class=\"wp-block-heading\">Manuten\u00e7\u00e3o preventiva de torres de resfriamento \u2013 INFORMA\u00c7\u00d5ES IMPORTANTES<\/h2>\n\n\n\n<p>Destinada a empresas que trabalham com sistemas de refrigera\u00e7\u00e3o, a&nbsp;manuten\u00e7\u00e3o preventiva de torres de resfriamento&nbsp;\u00e9 muito requisitada em ind\u00fastrias aliment\u00edcias, farmac\u00eauticas, qu\u00edmicas, latic\u00ednios, refinarias de petr\u00f3leo, esta\u00e7\u00f5es de energia e outros segmentos. Dessa forma, ela promove o funcionamento adequado de dispositivos respons\u00e1veis pela adequa\u00e7\u00e3o e equil\u00edbrio das temperaturas no segmento fabril.<\/p>\n\n\n\n<p>A&nbsp;manuten\u00e7\u00e3o preventiva de torres de resfriamento&nbsp;\u00e9 feita antes do maquin\u00e1rio apresentar sinais de problemas t\u00e9cnicos ou de mau funcionamento de dispositivos. Assim, feita de forma peri\u00f3dica, a&nbsp;manuten\u00e7\u00e3o preventiva de torres de resfriamento&nbsp;impede qualquer tipo de problema futuro que cause, por exemplo, paralisa\u00e7\u00f5es ou preju\u00edzos na produ\u00e7\u00e3o.<\/p>\n\n\n\n<p>A&nbsp;manuten\u00e7\u00e3o preventiva de torres de resfriamento&nbsp;realizada por uma empresa especializada e preparada para lidar com quest\u00f5es t\u00e9cnicas complexas, garante um servi\u00e7o que seja capaz de atender todos os modelos de marcas de equipamentos e, al\u00e9m disso, ela tamb\u00e9m oferece reparos adequados e substitui\u00e7\u00e3o segura de pe\u00e7as.<\/p>\n\n\n\n<p>Muitas vezes, a&nbsp;manuten\u00e7\u00e3o preventiva de torres de resfriamento&nbsp;tamb\u00e9m engloba a etapas como: a limpeza das estruturas de refrigera\u00e7\u00e3o, desobstru\u00e7\u00e3o de distribuidores, bicos e canaletas e higieniza\u00e7\u00e3o geral, assegurando o m\u00e1ximo desempenho do maquin\u00e1rio, assim como, o total controle de suas fun\u00e7\u00f5es de maneira planejada, uma forma de otimizar o tempo de produ\u00e7\u00e3o.<\/p>\n\n\n\n<h2 class=\"wp-block-heading\">DESDE 1986 OTIMIZANDO OS PROCESSOS INDUSTRIAIS<\/h2>\n\n\n\n<p>Com amplo reconhecimento no mercado de fabrica\u00e7\u00e3o, presta\u00e7\u00e3o de servi\u00e7os e manuten\u00e7\u00e3o e montagem de torres de resfriamento na Am\u00e9rica Latina e Central, a ALFATERM Ind\u00fastria e Com\u00e9rcio Ltda. consolidou-se como uma empresa s\u00e9ria e que se utiliza da tecnologia de forma respons\u00e1vel e consciente.<\/p>\n\n\n\n<p>Certificada pelo ISO 9000 \u2013 que determina um modelo de gest\u00e3o de qualidade \u2013 a ALFATERM Ind\u00fastria e Com\u00e9rcio Ltda. conta com uma sede em Santana de Parna\u00edba \u2013 SP de aproximadamente 10.000 m2, respons\u00e1vel por oferecer produtos de qualidade e servi\u00e7os personalizados com total responsabilidade e consci\u00eancia ambiental.<\/p>\n\n\n\n<h2 class=\"wp-block-heading\">Para saber mais sobre Assist\u00eancia t\u00e9cnica em torres de resfriar<\/h2>\n\n\n\n<p>Ligue para&nbsp;<strong>11 4156-8930<\/strong>&nbsp;ou&nbsp;<a href=\"https:\/\/www.alfaterm.com.br\/en\/contact\/\">clique aqui<\/a>&nbsp;e entre em contato por email.<\/p>","protected":false},"excerpt":{"rendered":"<p>A&nbsp;manuten\u00e7\u00e3o preventiva de torres de resfriamento&nbsp;\u00e9 uma etapa extremamente importante na rotina de ind\u00fastrias, f\u00e1bricas e outras empresas que necessitam desse tipo de servi\u00e7o. No procedimento de&nbsp;manuten\u00e7\u00e3o preventiva de torres de resfriamento, os equipamentos passam por uma revis\u00e3o especializada e que \u00e9 realizada dentro da ind\u00fastria onde o maquin\u00e1rio est\u00e1 instalado. Manuten\u00e7\u00e3o preventiva de torres [&hellip;]<\/p>","protected":false},"author":1,"featured_media":2181,"parent":2144,"menu_order":0,"comment_status":"closed","ping_status":"closed","template":"","meta":{"_acf_changed":false,"_joinchat":[],"footnotes":""},"class_list":["post-2243","page","type-page","status-publish","has-post-thumbnail","hentry"],"acf":[],"yoast_head":"<!-- This site is optimized with the Yoast SEO Premium plugin v23.4 (Yoast SEO v27.1.1) - https:\/\/yoast.com\/product\/yoast-seo-premium-wordpress\/ -->\n<title>Manuten\u00e7\u00e3o preventiva de torres de resfriamento - Bem-vindo \u00e0 ALFATERM<\/title>\n<meta name=\"robots\" content=\"index, follow, max-snippet:-1, max-image-preview:large, max-video-preview:-1\" \/>\n<link rel=\"canonical\" href=\"https:\/\/www.alfaterm.com.br\/en\/informacoes\/manutencao-preventiva-torres-resfriamento\/\" \/>\n<meta property=\"og:locale\" content=\"en_US\" \/>\n<meta property=\"og:type\" content=\"article\" \/>\n<meta property=\"og:title\" content=\"Manuten\u00e7\u00e3o preventiva de torres de resfriamento\" \/>\n<meta property=\"og:description\" content=\"A&nbsp;manuten\u00e7\u00e3o preventiva de torres de resfriamento&nbsp;\u00e9 uma etapa extremamente importante na rotina de ind\u00fastrias, f\u00e1bricas e outras empresas que necessitam desse tipo de servi\u00e7o. No procedimento de&nbsp;manuten\u00e7\u00e3o preventiva de torres de resfriamento, os equipamentos passam por uma revis\u00e3o especializada e que \u00e9 realizada dentro da ind\u00fastria onde o maquin\u00e1rio est\u00e1 instalado. Manuten\u00e7\u00e3o preventiva de torres [&hellip;]\" \/>\n<meta property=\"og:url\" content=\"https:\/\/www.alfaterm.com.br\/en\/informacoes\/manutencao-preventiva-torres-resfriamento\/\" \/>\n<meta property=\"og:site_name\" content=\"Bem-vindo \u00e0 ALFATERM\" \/>\n<meta property=\"article:modified_time\" content=\"2024-09-09T08:06:22+00:00\" \/>\n<meta property=\"og:image\" content=\"https:\/\/www.alfaterm.com.br\/wp-content\/uploads\/2024\/09\/assistencia-tecnica-torres-resfriar.webp\" \/>\n\t<meta property=\"og:image:width\" content=\"1500\" \/>\n\t<meta property=\"og:image:height\" content=\"1294\" \/>\n\t<meta property=\"og:image:type\" content=\"image\/webp\" \/>\n<meta name=\"twitter:card\" content=\"summary_large_image\" \/>\n<meta name=\"twitter:label1\" content=\"Est. reading time\" \/>\n\t<meta name=\"twitter:data1\" content=\"2 minutes\" \/>\n<script type=\"application\/ld+json\" class=\"yoast-schema-graph\">{\"@context\":\"https:\/\/schema.org\",\"@graph\":[{\"@type\":\"WebPage\",\"@id\":\"https:\/\/www.alfaterm.com.br\/informacoes\/manutencao-preventiva-torres-resfriamento\/\",\"url\":\"https:\/\/www.alfaterm.com.br\/informacoes\/manutencao-preventiva-torres-resfriamento\/\",\"name\":\"Manuten\u00e7\u00e3o preventiva de torres de resfriamento - Bem-vindo \u00e0 ALFATERM\",\"isPartOf\":{\"@id\":\"https:\/\/www.alfaterm.com.br\/#website\"},\"primaryImageOfPage\":{\"@id\":\"https:\/\/www.alfaterm.com.br\/informacoes\/manutencao-preventiva-torres-resfriamento\/#primaryimage\"},\"image\":{\"@id\":\"https:\/\/www.alfaterm.com.br\/informacoes\/manutencao-preventiva-torres-resfriamento\/#primaryimage\"},\"thumbnailUrl\":\"https:\/\/www.alfaterm.com.br\/wp-content\/uploads\/2024\/09\/assistencia-tecnica-torres-resfriar.webp\",\"datePublished\":\"2024-09-02T11:11:18+00:00\",\"dateModified\":\"2024-09-09T08:06:22+00:00\",\"breadcrumb\":{\"@id\":\"https:\/\/www.alfaterm.com.br\/informacoes\/manutencao-preventiva-torres-resfriamento\/#breadcrumb\"},\"inLanguage\":\"en-US\",\"potentialAction\":[{\"@type\":\"ReadAction\",\"target\":[\"https:\/\/www.alfaterm.com.br\/informacoes\/manutencao-preventiva-torres-resfriamento\/\"]}]},{\"@type\":\"ImageObject\",\"inLanguage\":\"en-US\",\"@id\":\"https:\/\/www.alfaterm.com.br\/informacoes\/manutencao-preventiva-torres-resfriamento\/#primaryimage\",\"url\":\"https:\/\/www.alfaterm.com.br\/wp-content\/uploads\/2024\/09\/assistencia-tecnica-torres-resfriar.webp\",\"contentUrl\":\"https:\/\/www.alfaterm.com.br\/wp-content\/uploads\/2024\/09\/assistencia-tecnica-torres-resfriar.webp\",\"width\":1500,\"height\":1294},{\"@type\":\"BreadcrumbList\",\"@id\":\"https:\/\/www.alfaterm.com.br\/informacoes\/manutencao-preventiva-torres-resfriamento\/#breadcrumb\",\"itemListElement\":[{\"@type\":\"ListItem\",\"position\":1,\"name\":\"Home\",\"item\":\"https:\/\/www.alfaterm.com.br\/\"},{\"@type\":\"ListItem\",\"position\":2,\"name\":\"Informa\u00e7\u00f5es\",\"item\":\"https:\/\/www.alfaterm.com.br\/informacoes\/\"},{\"@type\":\"ListItem\",\"position\":3,\"name\":\"Manuten\u00e7\u00e3o preventiva de torres de resfriamento\"}]},{\"@type\":\"WebSite\",\"@id\":\"https:\/\/www.alfaterm.com.br\/#website\",\"url\":\"https:\/\/www.alfaterm.com.br\/\",\"name\":\"Bem-vindo \u00e0 ALFATERM\",\"description\":\"\",\"publisher\":{\"@id\":\"https:\/\/www.alfaterm.com.br\/#organization\"},\"potentialAction\":[{\"@type\":\"SearchAction\",\"target\":{\"@type\":\"EntryPoint\",\"urlTemplate\":\"https:\/\/www.alfaterm.com.br\/?s={search_term_string}\"},\"query-input\":{\"@type\":\"PropertyValueSpecification\",\"valueRequired\":true,\"valueName\":\"search_term_string\"}}],\"inLanguage\":\"en-US\"},{\"@type\":\"Organization\",\"@id\":\"https:\/\/www.alfaterm.com.br\/#organization\",\"name\":\"Bem-vindo \u00e0 ALFATERM\",\"url\":\"https:\/\/www.alfaterm.com.br\/\",\"logo\":{\"@type\":\"ImageObject\",\"inLanguage\":\"en-US\",\"@id\":\"https:\/\/www.alfaterm.com.br\/#\/schema\/logo\/image\/\",\"url\":\"https:\/\/www.alfaterm.com.br\/wp-content\/uploads\/2024\/07\/logo-alfaterm.png\",\"contentUrl\":\"https:\/\/www.alfaterm.com.br\/wp-content\/uploads\/2024\/07\/logo-alfaterm.png\",\"width\":393,\"height\":45,\"caption\":\"Bem-vindo \u00e0 ALFATERM\"},\"image\":{\"@id\":\"https:\/\/www.alfaterm.com.br\/#\/schema\/logo\/image\/\"}}]}<\/script>\n<!-- \/ Yoast SEO Premium plugin. -->","yoast_head_json":{"title":"Manuten\u00e7\u00e3o preventiva de torres de resfriamento - Bem-vindo \u00e0 ALFATERM","robots":{"index":"index","follow":"follow","max-snippet":"max-snippet:-1","max-image-preview":"max-image-preview:large","max-video-preview":"max-video-preview:-1"},"canonical":"https:\/\/www.alfaterm.com.br\/en\/informacoes\/manutencao-preventiva-torres-resfriamento\/","og_locale":"en_US","og_type":"article","og_title":"Manuten\u00e7\u00e3o preventiva de torres de resfriamento","og_description":"A&nbsp;manuten\u00e7\u00e3o preventiva de torres de resfriamento&nbsp;\u00e9 uma etapa extremamente importante na rotina de ind\u00fastrias, f\u00e1bricas e outras empresas que necessitam desse tipo de servi\u00e7o. No procedimento de&nbsp;manuten\u00e7\u00e3o preventiva de torres de resfriamento, os equipamentos passam por uma revis\u00e3o especializada e que \u00e9 realizada dentro da ind\u00fastria onde o maquin\u00e1rio est\u00e1 instalado. Manuten\u00e7\u00e3o preventiva de torres [&hellip;]","og_url":"https:\/\/www.alfaterm.com.br\/en\/informacoes\/manutencao-preventiva-torres-resfriamento\/","og_site_name":"Bem-vindo \u00e0 ALFATERM","article_modified_time":"2024-09-09T08:06:22+00:00","og_image":[{"width":1500,"height":1294,"url":"https:\/\/www.alfaterm.com.br\/wp-content\/uploads\/2024\/09\/assistencia-tecnica-torres-resfriar.webp","type":"image\/webp"}],"twitter_card":"summary_large_image","twitter_misc":{"Est. reading time":"2 minutes"},"schema":{"@context":"https:\/\/schema.org","@graph":[{"@type":"WebPage","@id":"https:\/\/www.alfaterm.com.br\/informacoes\/manutencao-preventiva-torres-resfriamento\/","url":"https:\/\/www.alfaterm.com.br\/informacoes\/manutencao-preventiva-torres-resfriamento\/","name":"Manuten\u00e7\u00e3o preventiva de torres de resfriamento - Bem-vindo \u00e0 ALFATERM","isPartOf":{"@id":"https:\/\/www.alfaterm.com.br\/#website"},"primaryImageOfPage":{"@id":"https:\/\/www.alfaterm.com.br\/informacoes\/manutencao-preventiva-torres-resfriamento\/#primaryimage"},"image":{"@id":"https:\/\/www.alfaterm.com.br\/informacoes\/manutencao-preventiva-torres-resfriamento\/#primaryimage"},"thumbnailUrl":"https:\/\/www.alfaterm.com.br\/wp-content\/uploads\/2024\/09\/assistencia-tecnica-torres-resfriar.webp","datePublished":"2024-09-02T11:11:18+00:00","dateModified":"2024-09-09T08:06:22+00:00","breadcrumb":{"@id":"https:\/\/www.alfaterm.com.br\/informacoes\/manutencao-preventiva-torres-resfriamento\/#breadcrumb"},"inLanguage":"en-US","potentialAction":[{"@type":"ReadAction","target":["https:\/\/www.alfaterm.com.br\/informacoes\/manutencao-preventiva-torres-resfriamento\/"]}]},{"@type":"ImageObject","inLanguage":"en-US","@id":"https:\/\/www.alfaterm.com.br\/informacoes\/manutencao-preventiva-torres-resfriamento\/#primaryimage","url":"https:\/\/www.alfaterm.com.br\/wp-content\/uploads\/2024\/09\/assistencia-tecnica-torres-resfriar.webp","contentUrl":"https:\/\/www.alfaterm.com.br\/wp-content\/uploads\/2024\/09\/assistencia-tecnica-torres-resfriar.webp","width":1500,"height":1294},{"@type":"BreadcrumbList","@id":"https:\/\/www.alfaterm.com.br\/informacoes\/manutencao-preventiva-torres-resfriamento\/#breadcrumb","itemListElement":[{"@type":"ListItem","position":1,"name":"Home","item":"https:\/\/www.alfaterm.com.br\/"},{"@type":"ListItem","position":2,"name":"Informa\u00e7\u00f5es","item":"https:\/\/www.alfaterm.com.br\/informacoes\/"},{"@type":"ListItem","position":3,"name":"Manuten\u00e7\u00e3o preventiva de torres de resfriamento"}]},{"@type":"WebSite","@id":"https:\/\/www.alfaterm.com.br\/#website","url":"https:\/\/www.alfaterm.com.br\/","name":"Bem-vindo \u00e0 ALFATERM","description":"","publisher":{"@id":"https:\/\/www.alfaterm.com.br\/#organization"},"potentialAction":[{"@type":"SearchAction","target":{"@type":"EntryPoint","urlTemplate":"https:\/\/www.alfaterm.com.br\/?s={search_term_string}"},"query-input":{"@type":"PropertyValueSpecification","valueRequired":true,"valueName":"search_term_string"}}],"inLanguage":"en-US"},{"@type":"Organization","@id":"https:\/\/www.alfaterm.com.br\/#organization","name":"Bem-vindo \u00e0 ALFATERM","url":"https:\/\/www.alfaterm.com.br\/","logo":{"@type":"ImageObject","inLanguage":"en-US","@id":"https:\/\/www.alfaterm.com.br\/#\/schema\/logo\/image\/","url":"https:\/\/www.alfaterm.com.br\/wp-content\/uploads\/2024\/07\/logo-alfaterm.png","contentUrl":"https:\/\/www.alfaterm.com.br\/wp-content\/uploads\/2024\/07\/logo-alfaterm.png","width":393,"height":45,"caption":"Bem-vindo \u00e0 ALFATERM"},"image":{"@id":"https:\/\/www.alfaterm.com.br\/#\/schema\/logo\/image\/"}}]}},"_links":{"self":[{"href":"https:\/\/www.alfaterm.com.br\/en\/wp-json\/wp\/v2\/pages\/2243","targetHints":{"allow":["GET"]}}],"collection":[{"href":"https:\/\/www.alfaterm.com.br\/en\/wp-json\/wp\/v2\/pages"}],"about":[{"href":"https:\/\/www.alfaterm.com.br\/en\/wp-json\/wp\/v2\/types\/page"}],"author":[{"embeddable":true,"href":"https:\/\/www.alfaterm.com.br\/en\/wp-json\/wp\/v2\/users\/1"}],"replies":[{"embeddable":true,"href":"https:\/\/www.alfaterm.com.br\/en\/wp-json\/wp\/v2\/comments?post=2243"}],"version-history":[{"count":0,"href":"https:\/\/www.alfaterm.com.br\/en\/wp-json\/wp\/v2\/pages\/2243\/revisions"}],"up":[{"embeddable":true,"href":"https:\/\/www.alfaterm.com.br\/en\/wp-json\/wp\/v2\/pages\/2144"}],"wp:featuredmedia":[{"embeddable":true,"href":"https:\/\/www.alfaterm.com.br\/en\/wp-json\/wp\/v2\/media\/2181"}],"wp:attachment":[{"href":"https:\/\/www.alfaterm.com.br\/en\/wp-json\/wp\/v2\/media?parent=2243"}],"curies":[{"name":"wp","href":"https:\/\/api.w.org\/{rel}","templated":true}]}}