{"id":2242,"date":"2024-09-02T08:10:40","date_gmt":"2024-09-02T11:10:40","guid":{"rendered":"https:\/\/www.alfaterm.com.br\/?page_id=2242"},"modified":"2024-09-09T05:06:00","modified_gmt":"2024-09-09T08:06:00","slug":"manutencao-torre-resfriamento","status":"publish","type":"page","link":"https:\/\/www.alfaterm.com.br\/en\/informacoes\/manutencao-torre-resfriamento\/","title":{"rendered":"Manuten\u00e7\u00e3o em torre de resfriamento"},"content":{"rendered":"<p>A&nbsp;manuten\u00e7\u00e3o em torre de resfriamento&nbsp;\u00e9 feita nos equipamentos que possuem circuito fechado, os quais foram criados para resfriar uma parcela da \u00e1gua que j\u00e1 esteve em uso como m\u00e9todo de remo\u00e7\u00e3o de energia t\u00e9rmica em sistemas industriais, que s\u00e3o as Torres de Resfriamento.<\/p>\n\n\n\n<p>A&nbsp;manuten\u00e7\u00e3o em torre de resfriamento, \u00e9 realizada onde as torres funcionam basicamente pelo fluido que \u00e9 resfriado atrav\u00e9s da troca t\u00e9rmica entre o l\u00edquido e o ar que circula internamente pela torres de resfriamento.<\/p>\n\n\n\n<h2 class=\"wp-block-heading\">ATRIBUI\u00c7\u00d5ES DA MANUTEN\u00c7\u00c3O EM TORRE DE RESFRIAMENTO<\/h2>\n\n\n\n<p>A&nbsp;manuten\u00e7\u00e3o em torre de resfriamento&nbsp;\u00e9 necess\u00e1ria a qualquer tipo de empresa que utilize um sistema de refrigera\u00e7\u00e3o de torre, o ideal \u00e9 que o prestador do servi\u00e7o trabalhe com todos os modelos e marcas, que a&nbsp;manuten\u00e7\u00e3o em torre de resfriamento&nbsp;tenha suporte t\u00e9cnico e reparos de qualidade seguindo todas as normas de seguran\u00e7a definidas pelos \u00f3rg\u00e3os regulamentadores competentes.<\/p>\n\n\n\n<p>Na&nbsp;manuten\u00e7\u00e3o em torre de resfriamento&nbsp;deve-se efetuar regularmente uma limpeza nas estruturas de refrigera\u00e7\u00e3o, procedimento de&nbsp;manuten\u00e7\u00e3o em torre de resfriamento&nbsp;que promove o seu funcionamento e aumento de sua vida \u00fatil. Na limpeza s\u00e3o efetuadas a&nbsp; desobstru\u00e7\u00e3o dos distribuidores, bicos aspersores e canaletas, higieniza\u00e7\u00e3o da bacia de \u00e1gua fria, do enchimento que fica em contato com a m\u00e1quina de lavar de alta press\u00e3o, com a remo\u00e7\u00e3o dos res\u00edduos particulados e lodo, auxiliando na prote\u00e7\u00e3o dos condensadores, bombas, trocadores de calor e tubula\u00e7\u00f5es.<\/p>\n\n\n\n<p>Existem dois tipos de&nbsp;manuten\u00e7\u00e3o em torre de resfriamento, a manuten\u00e7\u00e3o preventiva que \u00e9 feita antes das torres de resfriamento apresentarem algum tipo de problema. Esse servi\u00e7o de&nbsp;manuten\u00e7\u00e3o em torre de resfriamento&nbsp;\u00e9 feito periodicamente para que n\u00e3o haja no futuro algum problema que afete o processo produtivo.<\/p>\n\n\n\n<p>A&nbsp;manuten\u00e7\u00e3o em torre de resfriamento&nbsp;corretiva acontece com algum problema j\u00e1 em andamento que possa prejudicar ou paralisar um processo produtivo.<\/p>\n\n\n\n<h2 class=\"wp-block-heading\">ALFATERM IND\u00daSTRIA E COM\u00c9RCIO LTDA. &#8211; SOLU\u00c7\u00d5ES PARA O MERCADO INDUSTRIAL<\/h2>\n\n\n\n<p>A ALFATERM Ind\u00fastria e Com\u00e9rcio Ltda. \u00e9 uma empresa de Santana do Parna\u00edba que atua desde 1986 com a fun\u00e7\u00e3o de projetar, fabricar, instalar e implementar a manuten\u00e7\u00e3o preventiva e corretiva em torres de resfriamento de \u00e1gua. Com uma estrutura s\u00f3lida, capaz de atender e criar solu\u00e7\u00f5es para o mercado, a ALFATERM Ind\u00fastria e Com\u00e9rcio Ltda. conta com um sistema integrado de gest\u00e3o, obedecendo \u00e0s normas ISO 9000, ISO 14001 e OHSAS 18001, e atende Brasil, Am\u00e9rica Latina e Central.<\/p>\n\n\n\n<h2 class=\"wp-block-heading\">Para saber mais sobre Assist\u00eancia t\u00e9cnica em torres de resfriar<\/h2>\n\n\n\n<p>Ligue para&nbsp;<strong>11 4156-8930<\/strong>&nbsp;ou&nbsp;<a href=\"https:\/\/www.alfaterm.com.br\/en\/contact\/\">clique aqui<\/a>&nbsp;e entre em contato por email.<\/p>","protected":false},"excerpt":{"rendered":"<p>A&nbsp;manuten\u00e7\u00e3o em torre de resfriamento&nbsp;\u00e9 feita nos equipamentos que possuem circuito fechado, os quais foram criados para resfriar uma parcela da \u00e1gua que j\u00e1 esteve em uso como m\u00e9todo de remo\u00e7\u00e3o de energia t\u00e9rmica em sistemas industriais, que s\u00e3o as Torres de Resfriamento. A&nbsp;manuten\u00e7\u00e3o em torre de resfriamento, \u00e9 realizada onde as torres funcionam basicamente [&hellip;]<\/p>","protected":false},"author":1,"featured_media":2181,"parent":2144,"menu_order":0,"comment_status":"closed","ping_status":"closed","template":"","meta":{"_acf_changed":false,"_joinchat":[],"footnotes":""},"class_list":["post-2242","page","type-page","status-publish","has-post-thumbnail","hentry"],"acf":[],"yoast_head":"<!-- This site is optimized with the Yoast SEO Premium plugin v23.4 (Yoast SEO v27.1.1) - https:\/\/yoast.com\/product\/yoast-seo-premium-wordpress\/ -->\n<title>Manuten\u00e7\u00e3o em torre de resfriamento - Bem-vindo \u00e0 ALFATERM<\/title>\n<meta name=\"robots\" content=\"index, follow, max-snippet:-1, max-image-preview:large, max-video-preview:-1\" \/>\n<link rel=\"canonical\" href=\"https:\/\/www.alfaterm.com.br\/en\/informacoes\/manutencao-torre-resfriamento\/\" \/>\n<meta property=\"og:locale\" content=\"en_US\" \/>\n<meta property=\"og:type\" content=\"article\" \/>\n<meta property=\"og:title\" content=\"Manuten\u00e7\u00e3o em torre de resfriamento\" \/>\n<meta property=\"og:description\" content=\"A&nbsp;manuten\u00e7\u00e3o em torre de resfriamento&nbsp;\u00e9 feita nos equipamentos que possuem circuito fechado, os quais foram criados para resfriar uma parcela da \u00e1gua que j\u00e1 esteve em uso como m\u00e9todo de remo\u00e7\u00e3o de energia t\u00e9rmica em sistemas industriais, que s\u00e3o as Torres de Resfriamento. A&nbsp;manuten\u00e7\u00e3o em torre de resfriamento, \u00e9 realizada onde as torres funcionam basicamente [&hellip;]\" \/>\n<meta property=\"og:url\" content=\"https:\/\/www.alfaterm.com.br\/en\/informacoes\/manutencao-torre-resfriamento\/\" \/>\n<meta property=\"og:site_name\" content=\"Bem-vindo \u00e0 ALFATERM\" \/>\n<meta property=\"article:modified_time\" content=\"2024-09-09T08:06:00+00:00\" \/>\n<meta property=\"og:image\" content=\"https:\/\/www.alfaterm.com.br\/wp-content\/uploads\/2024\/09\/assistencia-tecnica-torres-resfriar.webp\" \/>\n\t<meta property=\"og:image:width\" content=\"1500\" \/>\n\t<meta property=\"og:image:height\" content=\"1294\" \/>\n\t<meta property=\"og:image:type\" content=\"image\/webp\" \/>\n<meta name=\"twitter:card\" content=\"summary_large_image\" \/>\n<meta name=\"twitter:label1\" content=\"Est. reading time\" \/>\n\t<meta name=\"twitter:data1\" content=\"2 minutes\" \/>\n<script type=\"application\/ld+json\" class=\"yoast-schema-graph\">{\"@context\":\"https:\/\/schema.org\",\"@graph\":[{\"@type\":\"WebPage\",\"@id\":\"https:\/\/www.alfaterm.com.br\/informacoes\/manutencao-torre-resfriamento\/\",\"url\":\"https:\/\/www.alfaterm.com.br\/informacoes\/manutencao-torre-resfriamento\/\",\"name\":\"Manuten\u00e7\u00e3o em torre de resfriamento - Bem-vindo \u00e0 ALFATERM\",\"isPartOf\":{\"@id\":\"https:\/\/www.alfaterm.com.br\/#website\"},\"primaryImageOfPage\":{\"@id\":\"https:\/\/www.alfaterm.com.br\/informacoes\/manutencao-torre-resfriamento\/#primaryimage\"},\"image\":{\"@id\":\"https:\/\/www.alfaterm.com.br\/informacoes\/manutencao-torre-resfriamento\/#primaryimage\"},\"thumbnailUrl\":\"https:\/\/www.alfaterm.com.br\/wp-content\/uploads\/2024\/09\/assistencia-tecnica-torres-resfriar.webp\",\"datePublished\":\"2024-09-02T11:10:40+00:00\",\"dateModified\":\"2024-09-09T08:06:00+00:00\",\"breadcrumb\":{\"@id\":\"https:\/\/www.alfaterm.com.br\/informacoes\/manutencao-torre-resfriamento\/#breadcrumb\"},\"inLanguage\":\"en-US\",\"potentialAction\":[{\"@type\":\"ReadAction\",\"target\":[\"https:\/\/www.alfaterm.com.br\/informacoes\/manutencao-torre-resfriamento\/\"]}]},{\"@type\":\"ImageObject\",\"inLanguage\":\"en-US\",\"@id\":\"https:\/\/www.alfaterm.com.br\/informacoes\/manutencao-torre-resfriamento\/#primaryimage\",\"url\":\"https:\/\/www.alfaterm.com.br\/wp-content\/uploads\/2024\/09\/assistencia-tecnica-torres-resfriar.webp\",\"contentUrl\":\"https:\/\/www.alfaterm.com.br\/wp-content\/uploads\/2024\/09\/assistencia-tecnica-torres-resfriar.webp\",\"width\":1500,\"height\":1294},{\"@type\":\"BreadcrumbList\",\"@id\":\"https:\/\/www.alfaterm.com.br\/informacoes\/manutencao-torre-resfriamento\/#breadcrumb\",\"itemListElement\":[{\"@type\":\"ListItem\",\"position\":1,\"name\":\"Home\",\"item\":\"https:\/\/www.alfaterm.com.br\/\"},{\"@type\":\"ListItem\",\"position\":2,\"name\":\"Informa\u00e7\u00f5es\",\"item\":\"https:\/\/www.alfaterm.com.br\/informacoes\/\"},{\"@type\":\"ListItem\",\"position\":3,\"name\":\"Manuten\u00e7\u00e3o em torre de resfriamento\"}]},{\"@type\":\"WebSite\",\"@id\":\"https:\/\/www.alfaterm.com.br\/#website\",\"url\":\"https:\/\/www.alfaterm.com.br\/\",\"name\":\"Bem-vindo \u00e0 ALFATERM\",\"description\":\"\",\"publisher\":{\"@id\":\"https:\/\/www.alfaterm.com.br\/#organization\"},\"potentialAction\":[{\"@type\":\"SearchAction\",\"target\":{\"@type\":\"EntryPoint\",\"urlTemplate\":\"https:\/\/www.alfaterm.com.br\/?s={search_term_string}\"},\"query-input\":{\"@type\":\"PropertyValueSpecification\",\"valueRequired\":true,\"valueName\":\"search_term_string\"}}],\"inLanguage\":\"en-US\"},{\"@type\":\"Organization\",\"@id\":\"https:\/\/www.alfaterm.com.br\/#organization\",\"name\":\"Bem-vindo \u00e0 ALFATERM\",\"url\":\"https:\/\/www.alfaterm.com.br\/\",\"logo\":{\"@type\":\"ImageObject\",\"inLanguage\":\"en-US\",\"@id\":\"https:\/\/www.alfaterm.com.br\/#\/schema\/logo\/image\/\",\"url\":\"https:\/\/www.alfaterm.com.br\/wp-content\/uploads\/2024\/07\/logo-alfaterm.png\",\"contentUrl\":\"https:\/\/www.alfaterm.com.br\/wp-content\/uploads\/2024\/07\/logo-alfaterm.png\",\"width\":393,\"height\":45,\"caption\":\"Bem-vindo \u00e0 ALFATERM\"},\"image\":{\"@id\":\"https:\/\/www.alfaterm.com.br\/#\/schema\/logo\/image\/\"}}]}<\/script>\n<!-- \/ Yoast SEO Premium plugin. -->","yoast_head_json":{"title":"Manuten\u00e7\u00e3o em torre de resfriamento - Bem-vindo \u00e0 ALFATERM","robots":{"index":"index","follow":"follow","max-snippet":"max-snippet:-1","max-image-preview":"max-image-preview:large","max-video-preview":"max-video-preview:-1"},"canonical":"https:\/\/www.alfaterm.com.br\/en\/informacoes\/manutencao-torre-resfriamento\/","og_locale":"en_US","og_type":"article","og_title":"Manuten\u00e7\u00e3o em torre de resfriamento","og_description":"A&nbsp;manuten\u00e7\u00e3o em torre de resfriamento&nbsp;\u00e9 feita nos equipamentos que possuem circuito fechado, os quais foram criados para resfriar uma parcela da \u00e1gua que j\u00e1 esteve em uso como m\u00e9todo de remo\u00e7\u00e3o de energia t\u00e9rmica em sistemas industriais, que s\u00e3o as Torres de Resfriamento. A&nbsp;manuten\u00e7\u00e3o em torre de resfriamento, \u00e9 realizada onde as torres funcionam basicamente [&hellip;]","og_url":"https:\/\/www.alfaterm.com.br\/en\/informacoes\/manutencao-torre-resfriamento\/","og_site_name":"Bem-vindo \u00e0 ALFATERM","article_modified_time":"2024-09-09T08:06:00+00:00","og_image":[{"width":1500,"height":1294,"url":"https:\/\/www.alfaterm.com.br\/wp-content\/uploads\/2024\/09\/assistencia-tecnica-torres-resfriar.webp","type":"image\/webp"}],"twitter_card":"summary_large_image","twitter_misc":{"Est. reading time":"2 minutes"},"schema":{"@context":"https:\/\/schema.org","@graph":[{"@type":"WebPage","@id":"https:\/\/www.alfaterm.com.br\/informacoes\/manutencao-torre-resfriamento\/","url":"https:\/\/www.alfaterm.com.br\/informacoes\/manutencao-torre-resfriamento\/","name":"Manuten\u00e7\u00e3o em torre de resfriamento - Bem-vindo \u00e0 ALFATERM","isPartOf":{"@id":"https:\/\/www.alfaterm.com.br\/#website"},"primaryImageOfPage":{"@id":"https:\/\/www.alfaterm.com.br\/informacoes\/manutencao-torre-resfriamento\/#primaryimage"},"image":{"@id":"https:\/\/www.alfaterm.com.br\/informacoes\/manutencao-torre-resfriamento\/#primaryimage"},"thumbnailUrl":"https:\/\/www.alfaterm.com.br\/wp-content\/uploads\/2024\/09\/assistencia-tecnica-torres-resfriar.webp","datePublished":"2024-09-02T11:10:40+00:00","dateModified":"2024-09-09T08:06:00+00:00","breadcrumb":{"@id":"https:\/\/www.alfaterm.com.br\/informacoes\/manutencao-torre-resfriamento\/#breadcrumb"},"inLanguage":"en-US","potentialAction":[{"@type":"ReadAction","target":["https:\/\/www.alfaterm.com.br\/informacoes\/manutencao-torre-resfriamento\/"]}]},{"@type":"ImageObject","inLanguage":"en-US","@id":"https:\/\/www.alfaterm.com.br\/informacoes\/manutencao-torre-resfriamento\/#primaryimage","url":"https:\/\/www.alfaterm.com.br\/wp-content\/uploads\/2024\/09\/assistencia-tecnica-torres-resfriar.webp","contentUrl":"https:\/\/www.alfaterm.com.br\/wp-content\/uploads\/2024\/09\/assistencia-tecnica-torres-resfriar.webp","width":1500,"height":1294},{"@type":"BreadcrumbList","@id":"https:\/\/www.alfaterm.com.br\/informacoes\/manutencao-torre-resfriamento\/#breadcrumb","itemListElement":[{"@type":"ListItem","position":1,"name":"Home","item":"https:\/\/www.alfaterm.com.br\/"},{"@type":"ListItem","position":2,"name":"Informa\u00e7\u00f5es","item":"https:\/\/www.alfaterm.com.br\/informacoes\/"},{"@type":"ListItem","position":3,"name":"Manuten\u00e7\u00e3o em torre de resfriamento"}]},{"@type":"WebSite","@id":"https:\/\/www.alfaterm.com.br\/#website","url":"https:\/\/www.alfaterm.com.br\/","name":"Bem-vindo \u00e0 ALFATERM","description":"","publisher":{"@id":"https:\/\/www.alfaterm.com.br\/#organization"},"potentialAction":[{"@type":"SearchAction","target":{"@type":"EntryPoint","urlTemplate":"https:\/\/www.alfaterm.com.br\/?s={search_term_string}"},"query-input":{"@type":"PropertyValueSpecification","valueRequired":true,"valueName":"search_term_string"}}],"inLanguage":"en-US"},{"@type":"Organization","@id":"https:\/\/www.alfaterm.com.br\/#organization","name":"Bem-vindo \u00e0 ALFATERM","url":"https:\/\/www.alfaterm.com.br\/","logo":{"@type":"ImageObject","inLanguage":"en-US","@id":"https:\/\/www.alfaterm.com.br\/#\/schema\/logo\/image\/","url":"https:\/\/www.alfaterm.com.br\/wp-content\/uploads\/2024\/07\/logo-alfaterm.png","contentUrl":"https:\/\/www.alfaterm.com.br\/wp-content\/uploads\/2024\/07\/logo-alfaterm.png","width":393,"height":45,"caption":"Bem-vindo \u00e0 ALFATERM"},"image":{"@id":"https:\/\/www.alfaterm.com.br\/#\/schema\/logo\/image\/"}}]}},"_links":{"self":[{"href":"https:\/\/www.alfaterm.com.br\/en\/wp-json\/wp\/v2\/pages\/2242","targetHints":{"allow":["GET"]}}],"collection":[{"href":"https:\/\/www.alfaterm.com.br\/en\/wp-json\/wp\/v2\/pages"}],"about":[{"href":"https:\/\/www.alfaterm.com.br\/en\/wp-json\/wp\/v2\/types\/page"}],"author":[{"embeddable":true,"href":"https:\/\/www.alfaterm.com.br\/en\/wp-json\/wp\/v2\/users\/1"}],"replies":[{"embeddable":true,"href":"https:\/\/www.alfaterm.com.br\/en\/wp-json\/wp\/v2\/comments?post=2242"}],"version-history":[{"count":0,"href":"https:\/\/www.alfaterm.com.br\/en\/wp-json\/wp\/v2\/pages\/2242\/revisions"}],"up":[{"embeddable":true,"href":"https:\/\/www.alfaterm.com.br\/en\/wp-json\/wp\/v2\/pages\/2144"}],"wp:featuredmedia":[{"embeddable":true,"href":"https:\/\/www.alfaterm.com.br\/en\/wp-json\/wp\/v2\/media\/2181"}],"wp:attachment":[{"href":"https:\/\/www.alfaterm.com.br\/en\/wp-json\/wp\/v2\/media?parent=2242"}],"curies":[{"name":"wp","href":"https:\/\/api.w.org\/{rel}","templated":true}]}}